{"id":3424,"date":"2023-10-27T16:38:30","date_gmt":"2023-10-27T16:38:30","guid":{"rendered":"https:\/\/exceladvisor.org\/de\/piktogramm\/"},"modified":"2023-12-03T11:19:32","modified_gmt":"2023-12-03T11:19:32","slug":"piktogramm","status":"publish","type":"page","link":"https:\/\/exceladvisor.org\/de\/piktogramm\/","title":{"rendered":"Wie erstelle ich ein piktogramm in excel?"},"content":{"rendered":"<div class=\"excel-vor-dem-inhalt\" id=\"excel-2531155419\"><script type=\"text\/javascript\">\r\n\tatOptions = {\r\n\t\t'key' : 'c1158f160081d6540a8409e6925dab94',\r\n\t\t'format' : 'iframe',\r\n\t\t'height' : 250,\r\n\t\t'width' : 300,\r\n\t\t'params' : {}\r\n\t};\r\n<\/script>\r\n<script type=\"text\/javascript\" src=\"\/\/www.highperformanceformat.com\/c1158f160081d6540a8409e6925dab94\/invoke.js\"><\/script><\/div> <p>Wenn Sie wissen, wie Sie Daten verst\u00e4ndlich und effektiv pr\u00e4sentieren, k\u00f6nnen Sie Ihre Botschaft wirkungsvoll vermitteln. Eines meiner liebsten Dinge zu diesem Zweck ist ein PICTOGRAPHER. Und in Excel ist das Erstellen eines Piktogramms ganz einfach und unkompliziert. <\/p><div class=\"wp-block-image\"><figure class=\"aligncenter\"><img decoding=\"async\" src=\"https:\/\/exceladvisor.org\/wp-content\/uploads\/2023\/08\/comment-faire-un-pictogramme-dans-excel-en-utilisant-un-graphique-a-barres-1.png\" sizes=\"\" srcset=\"\" alt=\"So erstellen Sie ein Piktogramm in Excel mithilfe eines Balkendiagramms\"><\/figure><\/div><p> Heute m\u00f6chte ich Ihnen in diesem Artikel einen einfachen Schritt-f\u00fcr-Schritt-Prozess zum Erstellen eines Piktogramms in Excel vorstellen. Hier ist meine Idee, die Anzahl der Mitarbeiter unterschiedlicher Altersgruppen in einem Unternehmen darzustellen.<\/p><p> Lassen Sie uns nun ohne weitere Umschweife beginnen.<\/p><h2 class=\"wp-block-heading\"> Einfache Schritte zum Erstellen eines Piktogramms in Excel<\/h2><p> F\u00fcr dieses Diagramm m\u00fcssen wir die folgenden Daten verwenden. Sie k\u00f6nnen <a style=\"outline: none;\" href=\"https:\/\/exceladvisor.org\/wp-content\/uploads\/2023\/08\/pictogramme-de-fichiers.zip\" rel=\"nofollow\"><span style=\"color: #0000ee;\">sie hier herunterladen<\/span><\/a> <span style=\"color: #0000ee;\">&nbsp;<\/span> fortgesetzt werden. Wie gesagt, hier handelt es sich um die Gesamtzahl der Mitarbeiter eines Unternehmens nach Alter und wir brauchen diese Gruppen nicht anhand dieser Tabelle darzustellen. <\/p><div class=\"wp-block-image\"><figure class=\"aligncenter\"><img decoding=\"async\" src=\"https:\/\/exceladvisor.org\/wp-content\/uploads\/2023\/08\/donnees-pour-creer-un-pictogramme-simple-dans-excel.png\" sizes=\"\" srcset=\"\" alt=\"Daten, um ein einfaches Piktogramm in Excel zu erstellen\"><\/figure><\/div><p> Aber bevor wir beginnen, ben\u00f6tigen wir ein Symbol zur Verwendung in diesem Board. Sie k\u00f6nnen <a href=\"https:\/\/www.iconfinder.com\/icons\/2530821\/business_man_employee_general_human_member_office_tie_icon#size=256\" target=\"_blank\" rel=\"noreferrer noopener nofollow\">es von einer kostenlosen Symbolseite herunterladen<\/a> .<\/p><ul><li> W\u00e4hlen Sie zun\u00e4chst einfach Ihre Daten aus, um ein Balkendiagramm zu erstellen. Gehen Sie dazu zu Einf\u00fcgen \u279c Diagramme \u279c 2-D-Cluster-Balkendiagramm. <br><img decoding=\"async\" title=\"F\u00fcgen Sie ein gruppiertes Balkendiagramm ein, um ein Piktogramm in Excel zu erstellen\" src=\"https:\/\/exceladvisor.org\/wp-content\/uploads\/2023\/08\/inserer-un-graphique-a-barres-groupees-pour-creer-un-pictogramme-dans-Excel.png\" sizes=\"\" srcset=\"\" alt=\"insert a clustered bar chart to create a pictograph in excel\"><\/li><li> W\u00e4hlen Sie anschlie\u00dfend die Datenbalken im Diagramm aus und gehen Sie zur Option \u201eRechtsklick \u279c Datenreihe formatieren\u201c. <br><img decoding=\"async\" title=\"Gehe-zu-Datenserien-Option-zum-Erstellen-eines-Piktogrammsgh-in-Excel\" src=\"https:\/\/exceladvisor.org\/wp-content\/uploads\/2023\/08\/aller-a-loption-de-serie-de-donnees-pour-creer-un-pictogramme-dans-Excel.png\" sizes=\"\" srcset=\"\" alt=\"go to data series option to create a pictograph in excel\"><\/li><li> Gehen Sie von dort zum Abschnitt \u201eF\u00fcllen\u201c und w\u00e4hlen Sie die Option \u201eBild- oder Texturf\u00fcllung\u201c. Sobald Sie dies getan haben, erhalten Sie eine Option zum Einf\u00fcgen eines Bildes. <br><img decoding=\"async\" title=\"Gehen Sie zum Ausf\u00fcllen des Abschnitts, um in Excel ein Bild zu einem Piktogramm hinzuzuf\u00fcgen\" src=\"https:\/\/exceladvisor.org\/wp-content\/uploads\/2023\/08\/aller-remplir-la-section-pour-ajouter-une-image-a-un-pictogramme-dans-Excel.png\" sizes=\"\" srcset=\"\" alt=\"go fill section to add picture to a pictograph in excel\"><\/li><li> Jetzt ist es an der Zeit, das Bild einzuf\u00fcgen und daf\u00fcr haben wir drei M\u00f6glichkeiten. Klicken Sie auf die Option \u201eDatei\u201c und laden Sie das <a href=\"https:\/\/www.iconfinder.com\/icons\/2530821\/business_man_employee_general_human_member_office_tie_icon#size=256\" target=\"_blank\" rel=\"noopener noreferrer\">heruntergeladene Bild<\/a> hoch.<\/li><li> Nachdem Sie das Bild eingef\u00fcgt haben, haben Sie drei weitere M\u00f6glichkeiten, dieses Bild im Diagramm anzuzeigen. [ <strong>W\u00e4hlen Sie die dritte Option<\/strong> ]<\/li><\/ul><ol><li> Strecken \u2013 Ein einzelnes Bild wird in die Datenleiste gestreckt.<\/li><li> Stapeln \u2013 Sie erhalten Bilder gestapelt in der Datenleiste.<\/li><li> Stapeln und skalieren mit \u2013 Bilder werden entsprechend den Daten angezeigt.<\/li><\/ol><p> <strong><span style=\"color: #000000; background-color: #ffff00;\">Boom!<\/span><\/strong> Unser Tisch ist bereit zum Rocken. <\/p><div class=\"wp-block-image\"><figure class=\"aligncenter\"><img decoding=\"async\" src=\"https:\/\/exceladvisor.org\/wp-content\/uploads\/2023\/08\/pictogramme-simple-pret-a-lemploi-dans-excel.png\" sizes=\"\" srcset=\"\" alt=\"Einfaches Piktogramm, bereit zur Verwendung in Excel\"><\/figure><\/div><p class=\"qt-tip\"> <strong>Hinweis:<\/strong> Es besteht die M\u00f6glichkeit, eine Einheit\/einen Rahmen f\u00fcr das Diagramm anzugeben. Sie k\u00f6nnen es verwenden, wenn die Werte pro Balken in Ihrem Diagramm gro\u00df sind (mehr als 20). Die Sache ist, dass Bildsymbole mit mehr Zahlen kleiner werden und diese Option in diesem Fall hilft. <\/p><div class=\"wp-block-image\"><figure class=\"aligncenter\"><img decoding=\"async\" src=\"https:\/\/exceladvisor.org\/wp-content\/uploads\/2023\/08\/utiliser-lunite-par-image-pour-diffuser-limage-de-la-ligne-dans-le-pictogramme-Excel-1.png\" sizes=\"\" srcset=\"\" alt=\"Verwenden Sie die Einheit pro Bild, um das Linienbild im Excel-Piktogramm auszubreiten\"><\/figure><\/div><p> Sie k\u00f6nnen auch ein anderes Bild f\u00fcr verschiedene Balken verwenden, wie ich es in der Tabelle unten verwendet habe. <\/p><div class=\"wp-block-image\"><figure class=\"aligncenter\"><img decoding=\"async\" src=\"https:\/\/exceladvisor.org\/wp-content\/uploads\/2023\/08\/utiliser-differentes-images-en-pictogramme-dans-excel-1.png\" sizes=\"\" srcset=\"\" alt=\"Verwenden Sie verschiedene Bilder als Piktogramme in Excel\"><\/figure><\/div><p> W\u00e4hlen Sie jeden Datenbalken einzeln aus und f\u00fcgen Sie nacheinander ein Bild f\u00fcr alle Balken ein.<\/p><h2 id=\"tab-con-1\" class=\"wp-block-heading\"> Dynamisches Piktogramm in Excel<\/h2><p> Ich <a href=\"https:\/\/exceladvisor.org\/de\/interaktive-grafiken\/\">erstelle immer gerne interaktive Diagramme<\/a> und dieses Mal m\u00f6chte ich diesen PICTOGRAPHER in ein Diagramm umwandeln, in dem wir die Daten dynamisch verwenden k\u00f6nnen. Genau wie unten. <\/p><div class=\"wp-block-image\"><figure class=\"aligncenter\"><img decoding=\"async\" src=\"https:\/\/exceladvisor.org\/wp-content\/uploads\/2023\/08\/notre-pictogramme-dynamique-pret-a-lemploi-dans-excel-1.gif\" sizes=\"\" srcset=\"\" alt=\"Unser dynamisches Piktogramm ist sofort einsatzbereit in Excel\"><\/figure><\/div><p> Schauen Sie sich die Daten unten an, in denen wir die Daten von Mitarbeitern desselben Unternehmens haben, jedoch nach Abteilung, und wir m\u00fcssen hier ein dynamisches Diagramm erstellen, das wir mit der Optionsschaltfl\u00e4che verwenden k\u00f6nnen. <\/p><div class=\"wp-block-image\"><figure class=\"aligncenter\"><img decoding=\"async\" src=\"https:\/\/exceladvisor.org\/wp-content\/uploads\/2023\/08\/donnees-pour-creer-un-pictogramme-dynamique-dans-excel-1.png\" sizes=\"\" srcset=\"\" alt=\"Daten, um ein dynamisches Piktogramm in Excel zu erstellen\"><\/figure><\/div><p> Sie k\u00f6nnen <a href=\"https:\/\/exceladvisor.org\/wp-content\/uploads\/2023\/08\/pictogramme-de-fichiers.zip\" rel=\"nofollow\"><span style=\"color: #0000ee;\">diese Datei hier herunterladen<\/span><\/a> <span style=\"color: #0000ee;\">&nbsp;<\/span> Befolgen Sie nun die folgenden Schritte und erstellen Sie ein dynamisches Piktogramm.<\/p><ul><li> Erstellen Sie <strong>zun\u00e4chst<\/strong> eine andere Tabelle mit zwei Spalten, wie ich es unten getan habe. <br><img decoding=\"async\" title=\"Erstellen Sie eine neue kleine Tabelle, um ein dynamisches Piktogramm in Excel zu erstellen\" src=\"https:\/\/exceladvisor.org\/wp-content\/uploads\/2023\/08\/creer-un-nouveau-petit-tableau-pour-creer-un-pictogramme-dynamique-dans-excel-1.png\" sizes=\"\" srcset=\"\" alt=\"create a new small table to create a dynamic pictograph in excel\"><\/li><li> F\u00fcgen Sie nun vier Optionsfelder in Ihre Tabelle ein. Gehen Sie dazu zur <a href=\"https:\/\/exceladvisor.org\/de\/fugen-sie-eine-entwicklerregisterkarte-hinzu\/\">Registerkarte \u201eEntwickler\u201c<\/a> \u279c Steuerelemente \u279c Einf\u00fcgen \u279c Optionsfeld.<\/li><li> Anschlie\u00dfend verbinden Sie diese Optionsfelder mit einer Zelle. In meinem Fall verbinde ich sie mit Zelle A8. <br><img decoding=\"async\" title=\"Optionsschaltfl\u00e4chen mit einer Zelle verbinden, um ein dynamisches Piktogramm zu steuern\" src=\"https:\/\/exceladvisor.org\/wp-content\/uploads\/2023\/08\/connectez-les-boutons-doption-avec-une-cellule-pour-controler-le-pictogramme-dynamique-1.png\" sizes=\"\" srcset=\"\" alt=\"connect option buttons with a cell to control dynamic pictograph\"><\/li><li> Da wir die Daten (nach Abteilung) mit Optionsfeldern steuern m\u00fcssen, achten Sie darauf, alle Schaltfl\u00e4chen entsprechend dem Abteilungsnamen zu benennen.<\/li><li> Von dort aus f\u00fcgen Sie die Formel unten in die erste Zelle (Kopfzeile) bis zur letzten Zelle der zweiten Spalte der neuen Tabelle ein.<\/li><\/ul><p style=\"padding-left: 40px;\"> = <a href=\"https:\/\/exceladvisor.org\/de\/excel-suchfunktionen\/\" target=\"_blank\" rel=\"noopener noreferrer\">VLOOKUP<\/a> (A9,A1:E6,$A$8+1.0) <\/p><p style=\"padding-left: 80px;\"><br><img decoding=\"async\" style=\"display: block; margin-left: auto; margin-right: auto;\" title=\"F\u00fcgen Sie eine Formel ein, um eine dynamische Tabelle f\u00fcr ein Piktogramm zu erstellen\" src=\"https:\/\/exceladvisor.org\/wp-content\/uploads\/2023\/08\/inserer-une-formule-pour-creer-un-tableau-dynamique-pour-le-pictogramme-1.png\" sizes=\"\" srcset=\"\" alt=\"insert formula to create a dynamic table for pictograph\"><\/p><ul><li> An diesem Punkt haben wir eine dynamische Tabelle, in der wir \u00fcber Optionsfelder Daten abrufen k\u00f6nnen. <br><img decoding=\"async\" title=\"Jetzt ist die dynamische Tabelle bereit, ein Piktogramm in Excel zu erstellen.gif\" src=\"https:\/\/exceladvisor.org\/wp-content\/uploads\/2023\/08\/le-tableau-dynamique-est-maintenant-pret-a-creer-un-pictogramme-dans-Excel-1.gif\" sizes=\"\" srcset=\"\" alt=\"now dynamic table is ready to create a pictograph in excel\"><\/li><li> W\u00e4hlen Sie am Ende diese Tabelle aus, f\u00fcgen Sie ein Balkendiagramm ein und konvertieren Sie es in ein Piktogramm, indem Sie die gelernten Schritte befolgen.<\/li><\/ul><p> <span style=\"color: #000000; background-color: #ffff00;\"><strong>Eile!<\/strong><\/span> Unser dynamisches Piktogramm ist da. <\/p><div class=\"wp-block-image\"><figure class=\"aligncenter\"><img decoding=\"async\" src=\"https:\/\/exceladvisor.org\/wp-content\/uploads\/2023\/08\/notre-pictogramme-dynamique-pret-a-lemploi-dans-excel-1.gif\" sizes=\"\" srcset=\"\" alt=\"Unser dynamisches Piktogramm ist sofort einsatzbereit in Excel\"><\/figure><\/div><p> <a href=\"https:\/\/exceladvisor.org\/wp-content\/uploads\/2023\/08\/pictogramme-de-fichiers.zip\" rel=\"nofollow\"><span style=\"color: #0000ee;\"><strong>Beispieldatei<\/strong><\/span><\/a><\/p><div class=\"gb-container gb-container-a61970aa gb-container-mt\"> <a class=\"gb-button gb-button-b4293c6c gb-button-text gb-button-mt-button\" href=\"https:\/\/exceladvisor.org\/de\/excel-diagramme\/\">Arten von Excel-Diagrammen<\/a><h2 class=\"gb-headline gb-headline-5bf2e581 gb-headline-text gb-headline-mt-heading\"> Verwandte Tutorials <\/h2><div class=\"gb-grid-wrapper gb-grid-wrapper-9b70abf1 gb-grid-wrapper-mt-grid\"><div class=\"gb-grid-column gb-grid-column-97a95c29\"><div class=\"gb-container gb-container-97a95c29\"><ul><li> <a href=\"https:\/\/exceladvisor.org\/de\/waffelgrafik\/\">GEPR\u00c4GTES BOARD<\/a><\/li><li> <a href=\"https:\/\/exceladvisor.org\/de\/trichterdiagramm\/\">Trichterdiagramm<\/a><\/li><li> <a href=\"https:\/\/exceladvisor.org\/de\/gantt-diagramm\/\">Gantt-Diagramm<\/a><\/li><li> <a href=\"https:\/\/exceladvisor.org\/de\/schwarzes-brett\/\">Bullet-Diagramm<\/a><\/li><li> <a href=\"https:\/\/exceladvisor.org\/de\/warmekarte\/\">W\u00e4rmekarte<\/a><\/li><\/ul><\/div><\/div><\/div><\/div>","protected":false},"excerpt":{"rendered":"","protected":false},"author":1,"featured_media":0,"parent":0,"menu_order":0,"comment_status":"open","ping_status":"closed","template":"","meta":{"ub_ctt_via":"","footnotes":""},"class_list":["post-3424","page","type-page","status-publish","hentry"],"featured_image_src":null,"yoast_head":"<!-- This site is optimized with the Yoast SEO plugin v25.4 - https:\/\/yoast.com\/wordpress\/plugins\/seo\/ -->\n<title>Wie erstelle ich ein Piktogramm in Excel? (5 einfache Schritte)<\/title>\n<meta name=\"description\" content=\"In diesem Tutorial erfahren Sie, wie Sie in 5 einfachen Schritten ein Piktogramm in Excel erstellen.\" \/>\n<meta name=\"robots\" content=\"index, follow, max-snippet:-1, max-image-preview:large, max-video-preview:-1\" \/>\n<link rel=\"canonical\" href=\"https:\/\/exceladvisor.org\/de\/piktogramm\/\" \/>\n<meta property=\"og:locale\" content=\"de_DE\" \/>\n<meta property=\"og:type\" content=\"article\" \/>\n<meta property=\"og:title\" content=\"Wie erstelle ich ein Piktogramm in Excel? (5 einfache Schritte)\" \/>\n<meta property=\"og:description\" content=\"In diesem Tutorial erfahren Sie, wie Sie in 5 einfachen Schritten ein Piktogramm in Excel erstellen.\" \/>\n<meta property=\"og:url\" content=\"https:\/\/exceladvisor.org\/de\/piktogramm\/\" \/>\n<meta property=\"og:site_name\" content=\"Excel Advisor\" \/>\n<meta property=\"article:modified_time\" content=\"2023-12-03T11:19:32+00:00\" \/>\n<meta property=\"og:image\" content=\"https:\/\/exceladvisor.org\/wp-content\/uploads\/2023\/08\/comment-faire-un-pictogramme-dans-excel-en-utilisant-un-graphique-a-barres-1.png\" \/>\n<meta name=\"twitter:card\" content=\"summary_large_image\" \/>\n<meta name=\"twitter:label1\" content=\"Gesch\u00e4tzte Lesezeit\" \/>\n\t<meta name=\"twitter:data1\" content=\"3\u00a0Minuten\" \/>\n<script type=\"application\/ld+json\" class=\"yoast-schema-graph\">{\"@context\":\"https:\/\/schema.org\",\"@graph\":[{\"@type\":\"WebPage\",\"@id\":\"https:\/\/exceladvisor.org\/de\/piktogramm\/\",\"url\":\"https:\/\/exceladvisor.org\/de\/piktogramm\/\",\"name\":\"Wie erstelle ich ein Piktogramm in Excel? (5 einfache Schritte)\",\"isPartOf\":{\"@id\":\"https:\/\/exceladvisor.org\/de\/#website\"},\"primaryImageOfPage\":{\"@id\":\"https:\/\/exceladvisor.org\/de\/piktogramm\/#primaryimage\"},\"image\":{\"@id\":\"https:\/\/exceladvisor.org\/de\/piktogramm\/#primaryimage\"},\"thumbnailUrl\":\"https:\/\/exceladvisor.org\/wp-content\/uploads\/2023\/08\/comment-faire-un-pictogramme-dans-excel-en-utilisant-un-graphique-a-barres-1.png\",\"datePublished\":\"2023-10-27T16:38:30+00:00\",\"dateModified\":\"2023-12-03T11:19:32+00:00\",\"description\":\"In diesem Tutorial erfahren Sie, wie Sie in 5 einfachen Schritten ein Piktogramm in Excel erstellen.\",\"breadcrumb\":{\"@id\":\"https:\/\/exceladvisor.org\/de\/piktogramm\/#breadcrumb\"},\"inLanguage\":\"de\",\"potentialAction\":[{\"@type\":\"ReadAction\",\"target\":[\"https:\/\/exceladvisor.org\/de\/piktogramm\/\"]}]},{\"@type\":\"ImageObject\",\"inLanguage\":\"de\",\"@id\":\"https:\/\/exceladvisor.org\/de\/piktogramm\/#primaryimage\",\"url\":\"https:\/\/exceladvisor.org\/wp-content\/uploads\/2023\/08\/comment-faire-un-pictogramme-dans-excel-en-utilisant-un-graphique-a-barres-1.png\",\"contentUrl\":\"https:\/\/exceladvisor.org\/wp-content\/uploads\/2023\/08\/comment-faire-un-pictogramme-dans-excel-en-utilisant-un-graphique-a-barres-1.png\"},{\"@type\":\"BreadcrumbList\",\"@id\":\"https:\/\/exceladvisor.org\/de\/piktogramm\/#breadcrumb\",\"itemListElement\":[{\"@type\":\"ListItem\",\"position\":1,\"name\":\"Accueil\",\"item\":\"https:\/\/exceladvisor.org\/de\/\"},{\"@type\":\"ListItem\",\"position\":2,\"name\":\"Wie erstelle ich ein piktogramm in excel?\"}]},{\"@type\":\"WebSite\",\"@id\":\"https:\/\/exceladvisor.org\/de\/#website\",\"url\":\"https:\/\/exceladvisor.org\/de\/\",\"name\":\"Excel Advisor\",\"description\":\"Ihr Leitfaden zur Datendominanz\",\"publisher\":{\"@id\":\"https:\/\/exceladvisor.org\/de\/#organization\"},\"potentialAction\":[{\"@type\":\"SearchAction\",\"target\":{\"@type\":\"EntryPoint\",\"urlTemplate\":\"https:\/\/exceladvisor.org\/de\/?s={search_term_string}\"},\"query-input\":{\"@type\":\"PropertyValueSpecification\",\"valueRequired\":true,\"valueName\":\"search_term_string\"}}],\"inLanguage\":\"de\"},{\"@type\":\"Organization\",\"@id\":\"https:\/\/exceladvisor.org\/de\/#organization\",\"name\":\"Excel Advisor\",\"url\":\"https:\/\/exceladvisor.org\/de\/\",\"logo\":{\"@type\":\"ImageObject\",\"inLanguage\":\"de\",\"@id\":\"https:\/\/exceladvisor.org\/de\/#\/schema\/logo\/image\/\",\"url\":\"https:\/\/exceladvisor.org\/de\/wp-content\/uploads\/2023\/11\/exceladvisor.org_.png\",\"contentUrl\":\"https:\/\/exceladvisor.org\/de\/wp-content\/uploads\/2023\/11\/exceladvisor.org_.png\",\"width\":105,\"height\":36,\"caption\":\"Excel Advisor\"},\"image\":{\"@id\":\"https:\/\/exceladvisor.org\/de\/#\/schema\/logo\/image\/\"}}]}<\/script>\n<!-- \/ Yoast SEO plugin. -->","yoast_head_json":{"title":"Wie erstelle ich ein Piktogramm in Excel? (5 einfache Schritte)","description":"In diesem Tutorial erfahren Sie, wie Sie in 5 einfachen Schritten ein Piktogramm in Excel erstellen.","robots":{"index":"index","follow":"follow","max-snippet":"max-snippet:-1","max-image-preview":"max-image-preview:large","max-video-preview":"max-video-preview:-1"},"canonical":"https:\/\/exceladvisor.org\/de\/piktogramm\/","og_locale":"de_DE","og_type":"article","og_title":"Wie erstelle ich ein Piktogramm in Excel? (5 einfache Schritte)","og_description":"In diesem Tutorial erfahren Sie, wie Sie in 5 einfachen Schritten ein Piktogramm in Excel erstellen.","og_url":"https:\/\/exceladvisor.org\/de\/piktogramm\/","og_site_name":"Excel Advisor","article_modified_time":"2023-12-03T11:19:32+00:00","og_image":[{"url":"https:\/\/exceladvisor.org\/wp-content\/uploads\/2023\/08\/comment-faire-un-pictogramme-dans-excel-en-utilisant-un-graphique-a-barres-1.png","type":"","width":"","height":""}],"twitter_card":"summary_large_image","twitter_misc":{"Gesch\u00e4tzte Lesezeit":"3\u00a0Minuten"},"schema":{"@context":"https:\/\/schema.org","@graph":[{"@type":"WebPage","@id":"https:\/\/exceladvisor.org\/de\/piktogramm\/","url":"https:\/\/exceladvisor.org\/de\/piktogramm\/","name":"Wie erstelle ich ein Piktogramm in Excel? (5 einfache Schritte)","isPartOf":{"@id":"https:\/\/exceladvisor.org\/de\/#website"},"primaryImageOfPage":{"@id":"https:\/\/exceladvisor.org\/de\/piktogramm\/#primaryimage"},"image":{"@id":"https:\/\/exceladvisor.org\/de\/piktogramm\/#primaryimage"},"thumbnailUrl":"https:\/\/exceladvisor.org\/wp-content\/uploads\/2023\/08\/comment-faire-un-pictogramme-dans-excel-en-utilisant-un-graphique-a-barres-1.png","datePublished":"2023-10-27T16:38:30+00:00","dateModified":"2023-12-03T11:19:32+00:00","description":"In diesem Tutorial erfahren Sie, wie Sie in 5 einfachen Schritten ein Piktogramm in Excel erstellen.","breadcrumb":{"@id":"https:\/\/exceladvisor.org\/de\/piktogramm\/#breadcrumb"},"inLanguage":"de","potentialAction":[{"@type":"ReadAction","target":["https:\/\/exceladvisor.org\/de\/piktogramm\/"]}]},{"@type":"ImageObject","inLanguage":"de","@id":"https:\/\/exceladvisor.org\/de\/piktogramm\/#primaryimage","url":"https:\/\/exceladvisor.org\/wp-content\/uploads\/2023\/08\/comment-faire-un-pictogramme-dans-excel-en-utilisant-un-graphique-a-barres-1.png","contentUrl":"https:\/\/exceladvisor.org\/wp-content\/uploads\/2023\/08\/comment-faire-un-pictogramme-dans-excel-en-utilisant-un-graphique-a-barres-1.png"},{"@type":"BreadcrumbList","@id":"https:\/\/exceladvisor.org\/de\/piktogramm\/#breadcrumb","itemListElement":[{"@type":"ListItem","position":1,"name":"Accueil","item":"https:\/\/exceladvisor.org\/de\/"},{"@type":"ListItem","position":2,"name":"Wie erstelle ich ein piktogramm in excel?"}]},{"@type":"WebSite","@id":"https:\/\/exceladvisor.org\/de\/#website","url":"https:\/\/exceladvisor.org\/de\/","name":"Excel Advisor","description":"Ihr Leitfaden zur Datendominanz","publisher":{"@id":"https:\/\/exceladvisor.org\/de\/#organization"},"potentialAction":[{"@type":"SearchAction","target":{"@type":"EntryPoint","urlTemplate":"https:\/\/exceladvisor.org\/de\/?s={search_term_string}"},"query-input":{"@type":"PropertyValueSpecification","valueRequired":true,"valueName":"search_term_string"}}],"inLanguage":"de"},{"@type":"Organization","@id":"https:\/\/exceladvisor.org\/de\/#organization","name":"Excel Advisor","url":"https:\/\/exceladvisor.org\/de\/","logo":{"@type":"ImageObject","inLanguage":"de","@id":"https:\/\/exceladvisor.org\/de\/#\/schema\/logo\/image\/","url":"https:\/\/exceladvisor.org\/de\/wp-content\/uploads\/2023\/11\/exceladvisor.org_.png","contentUrl":"https:\/\/exceladvisor.org\/de\/wp-content\/uploads\/2023\/11\/exceladvisor.org_.png","width":105,"height":36,"caption":"Excel Advisor"},"image":{"@id":"https:\/\/exceladvisor.org\/de\/#\/schema\/logo\/image\/"}}]}},"yoast_meta":{"yoast_wpseo_title":"","yoast_wpseo_metadesc":"","yoast_wpseo_canonical":""},"_links":{"self":[{"href":"https:\/\/exceladvisor.org\/de\/wp-json\/wp\/v2\/pages\/3424","targetHints":{"allow":["GET"]}}],"collection":[{"href":"https:\/\/exceladvisor.org\/de\/wp-json\/wp\/v2\/pages"}],"about":[{"href":"https:\/\/exceladvisor.org\/de\/wp-json\/wp\/v2\/types\/page"}],"author":[{"embeddable":true,"href":"https:\/\/exceladvisor.org\/de\/wp-json\/wp\/v2\/users\/1"}],"replies":[{"embeddable":true,"href":"https:\/\/exceladvisor.org\/de\/wp-json\/wp\/v2\/comments?post=3424"}],"version-history":[{"count":1,"href":"https:\/\/exceladvisor.org\/de\/wp-json\/wp\/v2\/pages\/3424\/revisions"}],"predecessor-version":[{"id":3943,"href":"https:\/\/exceladvisor.org\/de\/wp-json\/wp\/v2\/pages\/3424\/revisions\/3943"}],"wp:attachment":[{"href":"https:\/\/exceladvisor.org\/de\/wp-json\/wp\/v2\/media?parent=3424"}],"curies":[{"name":"wp","href":"https:\/\/api.w.org\/{rel}","templated":true}]}}