{"id":3425,"date":"2023-10-27T15:36:20","date_gmt":"2023-10-27T15:36:20","guid":{"rendered":"https:\/\/exceladvisor.org\/de\/diagrammformat-kopieren\/"},"modified":"2023-12-03T13:04:00","modified_gmt":"2023-12-03T13:04:00","slug":"diagrammformat-kopieren","status":"publish","type":"page","link":"https:\/\/exceladvisor.org\/de\/diagrammformat-kopieren\/","title":{"rendered":"Wie kopiere und f\u00fcge ich diagrammformate ein?"},"content":{"rendered":"<div class=\"excel-vor-dem-inhalt\" id=\"excel-1069442702\"><script type=\"text\/javascript\">\r\n\tatOptions = {\r\n\t\t'key' : 'c1158f160081d6540a8409e6925dab94',\r\n\t\t'format' : 'iframe',\r\n\t\t'height' : 250,\r\n\t\t'width' : 300,\r\n\t\t'params' : {}\r\n\t};\r\n<\/script>\r\n<script type=\"text\/javascript\" src=\"\/\/www.highperformanceformat.com\/c1158f160081d6540a8409e6925dab94\/invoke.js\"><\/script><\/div> <p>Nehmen wir an, Sie haben mit \u00e4u\u00dferster Anstrengung ein Diagramm formatiert und stellen dann fest, dass Sie noch mehr Diagramme formatieren m\u00fcssen. Die gleiche Formatierung auf alle Diagramme anzuwenden ist eine m\u00fchsame Aufgabe, immer wieder das Gleiche. Es ist nervig.<\/p><p> Die gute Nachricht ist, dass es eine superschnelle L\u00f6sung f\u00fcr Ihre Schmerzen gibt. Alles, was Sie brauchen, sind ein paar Mausklicks. Ja, es ist wahr. Mit der Spezialoption \u201eEinf\u00fcgen\u201c k\u00f6nnen Sie Formatierungen von einem Diagramm in ein anderes kopieren, genau wie mit einem einfachen Kopieren und Einf\u00fcgen. Lasst uns diesen Trick lernen und alle WOW begeistern.<\/p><h2 class=\"wp-block-heading\"> Schritte zum Kopieren der Formatierung von einem Diagramm in ein anderes <\/h2><div class=\"wp-block-image\"><figure class=\"aligncenter\"><img decoding=\"async\" src=\"https:\/\/exceladvisor.org\/wp-content\/uploads\/2023\/08\/copier-la-mise-en-forme-du-graphique-dun-graphique-a-un-autre-en-utilisant-le-collage-special.gif\" sizes=\"\" srcset=\"\" alt=\"Kopieren Sie die Diagrammformatierung von einem Diagramm in ein anderes, indem Sie Spezial einf\u00fcgen verwenden.\"><\/figure><\/div><ol><li> Klicken Sie zun\u00e4chst mit der rechten Maustaste auf das Diagramm, aus dem Sie die Diagrammformatierung kopieren m\u00f6chten.<\/li><li> Und dann klicken Sie auf Kopieren.<\/li><li> Klicken Sie anschlie\u00dfend mit der rechten Maustaste auf das andere Diagramm, auf das Sie die Formatierung anwenden\/einf\u00fcgen m\u00f6chten.<\/li><li> Gehen Sie nun zur Registerkarte \u201eStartseite\u201c -&gt; \u201eZwischenablage\u201c -&gt; \u201eEinf\u00fcgen\u201c -&gt; \u201eInhalte einf\u00fcgen\u201c.<\/li><li> Hier haben Sie ein Popup-Fenster.<\/li><li> W\u00e4hlen Sie die Formate aus und klicken Sie auf OK.<\/li><\/ol><h2 class=\"wp-block-heading\"> Verkn\u00fcpfung zum Kopieren der Diagrammformatierung<\/h2><p> Ja, Sie k\u00f6nnen dazu eine Tastenkombination verwenden. Klicken Sie einfach auf das Diagramm, das Sie kopieren m\u00f6chten, kopieren Sie es mit Strg + C und w\u00e4hlen Sie dann das andere Diagramm aus. Verwenden Sie am Ende die Tastenkombination Alt + E + S, um die Formatierung einzuf\u00fcgen\/anzuwenden.<\/p><h2 class=\"wp-block-heading\"> Dinge, an die man sich erinnern sollte<\/h2><ol><li> Sie k\u00f6nnen die Gr\u00f6\u00dfe eines Diagramms nicht auf ein anderes Diagramm \u00fcbertragen.<\/li><li><u><\/u> Sie m\u00fcssen jedes Diagramm einzeln formatieren. Sie k\u00f6nnen die Formatierung nicht gleichzeitig auf mehrere Diagramme anwenden.<\/li><li> Wenn Sie versuchen, die Formatierung eines Diagramms (z. B. eines Balkendiagramms) auf einen anderen Diagrammtyp (z. B. ein Liniendiagramm) anzuwenden, \u00e4ndert sich dadurch auch der Zieldiagrammtyp.<\/li><\/ol><p> Jetzt m\u00fcssen Sie sich nicht mehr um die Formatierung mehrerer Diagramme k\u00fcmmern. Sie haben eine sehr schnelle M\u00f6glichkeit, Diagrammformatierungen in ein anderes Excel-Diagramm zu kopieren. Ich hoffe, dass Sie diesen Tipp hilfreich fanden. <strong>Was denken Sie?<\/strong> Bitte teilen Sie mir Ihre Gedanken im Kommentarbereich mit, ich w\u00fcrde mich freuen, von Ihnen zu h\u00f6ren.<\/p><p> <strong>Grafik-Tutorials m\u00fcssen unbedingt gelesen werden<\/strong><\/p><ol><li> <a href=\"https:\/\/exceladvisor.org\/de\/fugen-sie-eine-horizontale-linie-hinzu\/\">So f\u00fcgen Sie einem Diagramm eine horizontale Linie hinzu<\/a><\/li><li> <a href=\"https:\/\/exceladvisor.org\/de\/fugen-sie-eine-vertikale-linie-hinzu\/\">So f\u00fcgen Sie einem Diagramm eine vertikale Linie hinzu<\/a><\/li><li> <a href=\"https:\/\/exceladvisor.org\/de\/dynamischer-diagrammbereich\/\">So erstellen Sie einen dynamischen Diagrammbereich in Excel<\/a><\/li><li> <a href=\"https:\/\/exceladvisor.org\/de\/dynamischer-diagrammtitel\/\">So erstellen Sie einen dynamischen Diagrammtitel in Excel<\/a><\/li><li> <a href=\"https:\/\/exceladvisor.org\/de\/erweiterte-grafik\/\">Die 10 wichtigsten Excel-Diagramme f\u00fcr Fortgeschrittene, die Sie lernen sollten<\/a><\/li><\/ol>","protected":false},"excerpt":{"rendered":"","protected":false},"author":1,"featured_media":0,"parent":0,"menu_order":0,"comment_status":"open","ping_status":"closed","template":"","meta":{"ub_ctt_via":"","footnotes":""},"class_list":["post-3425","page","type-page","status-publish","hentry"],"featured_image_src":null,"yoast_head":"<!-- This site is optimized with the Yoast SEO plugin v25.4 - https:\/\/yoast.com\/wordpress\/plugins\/seo\/ -->\n<title>Wie kopiere und f\u00fcge ich Diagrammformate in Excel ein?<\/title>\n<meta name=\"description\" content=\"M\u00fcssen Sie viele Grafiken formatieren? Checkout-Tipp zum Kopieren der Diagrammformatierung in ein anderes Excel-Diagramm.\" \/>\n<meta name=\"robots\" content=\"index, follow, max-snippet:-1, max-image-preview:large, max-video-preview:-1\" \/>\n<link rel=\"canonical\" href=\"https:\/\/exceladvisor.org\/de\/diagrammformat-kopieren\/\" \/>\n<meta property=\"og:locale\" content=\"de_DE\" \/>\n<meta property=\"og:type\" content=\"article\" \/>\n<meta property=\"og:title\" content=\"Wie kopiere und f\u00fcge ich Diagrammformate in Excel ein?\" \/>\n<meta property=\"og:description\" content=\"M\u00fcssen Sie viele Grafiken formatieren? Checkout-Tipp zum Kopieren der Diagrammformatierung in ein anderes Excel-Diagramm.\" \/>\n<meta property=\"og:url\" content=\"https:\/\/exceladvisor.org\/de\/diagrammformat-kopieren\/\" \/>\n<meta property=\"og:site_name\" content=\"Excel Advisor\" \/>\n<meta property=\"article:modified_time\" content=\"2023-12-03T13:04:00+00:00\" \/>\n<meta property=\"og:image\" content=\"https:\/\/exceladvisor.org\/wp-content\/uploads\/2023\/08\/copier-la-mise-en-forme-du-graphique-dun-graphique-a-un-autre-en-utilisant-le-collage-special.gif\" \/>\n<meta name=\"twitter:card\" content=\"summary_large_image\" \/>\n<meta name=\"twitter:label1\" content=\"Gesch\u00e4tzte Lesezeit\" \/>\n\t<meta name=\"twitter:data1\" content=\"2\u00a0Minuten\" \/>\n<script type=\"application\/ld+json\" class=\"yoast-schema-graph\">{\"@context\":\"https:\/\/schema.org\",\"@graph\":[{\"@type\":\"WebPage\",\"@id\":\"https:\/\/exceladvisor.org\/de\/diagrammformat-kopieren\/\",\"url\":\"https:\/\/exceladvisor.org\/de\/diagrammformat-kopieren\/\",\"name\":\"Wie kopiere und f\u00fcge ich Diagrammformate in Excel ein?\",\"isPartOf\":{\"@id\":\"https:\/\/exceladvisor.org\/de\/#website\"},\"primaryImageOfPage\":{\"@id\":\"https:\/\/exceladvisor.org\/de\/diagrammformat-kopieren\/#primaryimage\"},\"image\":{\"@id\":\"https:\/\/exceladvisor.org\/de\/diagrammformat-kopieren\/#primaryimage\"},\"thumbnailUrl\":\"https:\/\/exceladvisor.org\/wp-content\/uploads\/2023\/08\/copier-la-mise-en-forme-du-graphique-dun-graphique-a-un-autre-en-utilisant-le-collage-special.gif\",\"datePublished\":\"2023-10-27T15:36:20+00:00\",\"dateModified\":\"2023-12-03T13:04:00+00:00\",\"description\":\"M\u00fcssen Sie viele Grafiken formatieren? Checkout-Tipp zum Kopieren der Diagrammformatierung in ein anderes Excel-Diagramm.\",\"breadcrumb\":{\"@id\":\"https:\/\/exceladvisor.org\/de\/diagrammformat-kopieren\/#breadcrumb\"},\"inLanguage\":\"de\",\"potentialAction\":[{\"@type\":\"ReadAction\",\"target\":[\"https:\/\/exceladvisor.org\/de\/diagrammformat-kopieren\/\"]}]},{\"@type\":\"ImageObject\",\"inLanguage\":\"de\",\"@id\":\"https:\/\/exceladvisor.org\/de\/diagrammformat-kopieren\/#primaryimage\",\"url\":\"https:\/\/exceladvisor.org\/wp-content\/uploads\/2023\/08\/copier-la-mise-en-forme-du-graphique-dun-graphique-a-un-autre-en-utilisant-le-collage-special.gif\",\"contentUrl\":\"https:\/\/exceladvisor.org\/wp-content\/uploads\/2023\/08\/copier-la-mise-en-forme-du-graphique-dun-graphique-a-un-autre-en-utilisant-le-collage-special.gif\"},{\"@type\":\"BreadcrumbList\",\"@id\":\"https:\/\/exceladvisor.org\/de\/diagrammformat-kopieren\/#breadcrumb\",\"itemListElement\":[{\"@type\":\"ListItem\",\"position\":1,\"name\":\"Accueil\",\"item\":\"https:\/\/exceladvisor.org\/de\/\"},{\"@type\":\"ListItem\",\"position\":2,\"name\":\"Wie kopiere und f\u00fcge ich diagrammformate ein?\"}]},{\"@type\":\"WebSite\",\"@id\":\"https:\/\/exceladvisor.org\/de\/#website\",\"url\":\"https:\/\/exceladvisor.org\/de\/\",\"name\":\"Excel Advisor\",\"description\":\"Ihr Leitfaden zur Datendominanz\",\"publisher\":{\"@id\":\"https:\/\/exceladvisor.org\/de\/#organization\"},\"potentialAction\":[{\"@type\":\"SearchAction\",\"target\":{\"@type\":\"EntryPoint\",\"urlTemplate\":\"https:\/\/exceladvisor.org\/de\/?s={search_term_string}\"},\"query-input\":{\"@type\":\"PropertyValueSpecification\",\"valueRequired\":true,\"valueName\":\"search_term_string\"}}],\"inLanguage\":\"de\"},{\"@type\":\"Organization\",\"@id\":\"https:\/\/exceladvisor.org\/de\/#organization\",\"name\":\"Excel Advisor\",\"url\":\"https:\/\/exceladvisor.org\/de\/\",\"logo\":{\"@type\":\"ImageObject\",\"inLanguage\":\"de\",\"@id\":\"https:\/\/exceladvisor.org\/de\/#\/schema\/logo\/image\/\",\"url\":\"https:\/\/exceladvisor.org\/de\/wp-content\/uploads\/2023\/11\/exceladvisor.org_.png\",\"contentUrl\":\"https:\/\/exceladvisor.org\/de\/wp-content\/uploads\/2023\/11\/exceladvisor.org_.png\",\"width\":105,\"height\":36,\"caption\":\"Excel Advisor\"},\"image\":{\"@id\":\"https:\/\/exceladvisor.org\/de\/#\/schema\/logo\/image\/\"}}]}<\/script>\n<!-- \/ Yoast SEO plugin. -->","yoast_head_json":{"title":"Wie kopiere und f\u00fcge ich Diagrammformate in Excel ein?","description":"M\u00fcssen Sie viele Grafiken formatieren? Checkout-Tipp zum Kopieren der Diagrammformatierung in ein anderes Excel-Diagramm.","robots":{"index":"index","follow":"follow","max-snippet":"max-snippet:-1","max-image-preview":"max-image-preview:large","max-video-preview":"max-video-preview:-1"},"canonical":"https:\/\/exceladvisor.org\/de\/diagrammformat-kopieren\/","og_locale":"de_DE","og_type":"article","og_title":"Wie kopiere und f\u00fcge ich Diagrammformate in Excel ein?","og_description":"M\u00fcssen Sie viele Grafiken formatieren? Checkout-Tipp zum Kopieren der Diagrammformatierung in ein anderes Excel-Diagramm.","og_url":"https:\/\/exceladvisor.org\/de\/diagrammformat-kopieren\/","og_site_name":"Excel Advisor","article_modified_time":"2023-12-03T13:04:00+00:00","og_image":[{"url":"https:\/\/exceladvisor.org\/wp-content\/uploads\/2023\/08\/copier-la-mise-en-forme-du-graphique-dun-graphique-a-un-autre-en-utilisant-le-collage-special.gif","type":"","width":"","height":""}],"twitter_card":"summary_large_image","twitter_misc":{"Gesch\u00e4tzte Lesezeit":"2\u00a0Minuten"},"schema":{"@context":"https:\/\/schema.org","@graph":[{"@type":"WebPage","@id":"https:\/\/exceladvisor.org\/de\/diagrammformat-kopieren\/","url":"https:\/\/exceladvisor.org\/de\/diagrammformat-kopieren\/","name":"Wie kopiere und f\u00fcge ich Diagrammformate in Excel ein?","isPartOf":{"@id":"https:\/\/exceladvisor.org\/de\/#website"},"primaryImageOfPage":{"@id":"https:\/\/exceladvisor.org\/de\/diagrammformat-kopieren\/#primaryimage"},"image":{"@id":"https:\/\/exceladvisor.org\/de\/diagrammformat-kopieren\/#primaryimage"},"thumbnailUrl":"https:\/\/exceladvisor.org\/wp-content\/uploads\/2023\/08\/copier-la-mise-en-forme-du-graphique-dun-graphique-a-un-autre-en-utilisant-le-collage-special.gif","datePublished":"2023-10-27T15:36:20+00:00","dateModified":"2023-12-03T13:04:00+00:00","description":"M\u00fcssen Sie viele Grafiken formatieren? Checkout-Tipp zum Kopieren der Diagrammformatierung in ein anderes Excel-Diagramm.","breadcrumb":{"@id":"https:\/\/exceladvisor.org\/de\/diagrammformat-kopieren\/#breadcrumb"},"inLanguage":"de","potentialAction":[{"@type":"ReadAction","target":["https:\/\/exceladvisor.org\/de\/diagrammformat-kopieren\/"]}]},{"@type":"ImageObject","inLanguage":"de","@id":"https:\/\/exceladvisor.org\/de\/diagrammformat-kopieren\/#primaryimage","url":"https:\/\/exceladvisor.org\/wp-content\/uploads\/2023\/08\/copier-la-mise-en-forme-du-graphique-dun-graphique-a-un-autre-en-utilisant-le-collage-special.gif","contentUrl":"https:\/\/exceladvisor.org\/wp-content\/uploads\/2023\/08\/copier-la-mise-en-forme-du-graphique-dun-graphique-a-un-autre-en-utilisant-le-collage-special.gif"},{"@type":"BreadcrumbList","@id":"https:\/\/exceladvisor.org\/de\/diagrammformat-kopieren\/#breadcrumb","itemListElement":[{"@type":"ListItem","position":1,"name":"Accueil","item":"https:\/\/exceladvisor.org\/de\/"},{"@type":"ListItem","position":2,"name":"Wie kopiere und f\u00fcge ich diagrammformate ein?"}]},{"@type":"WebSite","@id":"https:\/\/exceladvisor.org\/de\/#website","url":"https:\/\/exceladvisor.org\/de\/","name":"Excel Advisor","description":"Ihr Leitfaden zur Datendominanz","publisher":{"@id":"https:\/\/exceladvisor.org\/de\/#organization"},"potentialAction":[{"@type":"SearchAction","target":{"@type":"EntryPoint","urlTemplate":"https:\/\/exceladvisor.org\/de\/?s={search_term_string}"},"query-input":{"@type":"PropertyValueSpecification","valueRequired":true,"valueName":"search_term_string"}}],"inLanguage":"de"},{"@type":"Organization","@id":"https:\/\/exceladvisor.org\/de\/#organization","name":"Excel Advisor","url":"https:\/\/exceladvisor.org\/de\/","logo":{"@type":"ImageObject","inLanguage":"de","@id":"https:\/\/exceladvisor.org\/de\/#\/schema\/logo\/image\/","url":"https:\/\/exceladvisor.org\/de\/wp-content\/uploads\/2023\/11\/exceladvisor.org_.png","contentUrl":"https:\/\/exceladvisor.org\/de\/wp-content\/uploads\/2023\/11\/exceladvisor.org_.png","width":105,"height":36,"caption":"Excel Advisor"},"image":{"@id":"https:\/\/exceladvisor.org\/de\/#\/schema\/logo\/image\/"}}]}},"yoast_meta":{"yoast_wpseo_title":"","yoast_wpseo_metadesc":"","yoast_wpseo_canonical":""},"_links":{"self":[{"href":"https:\/\/exceladvisor.org\/de\/wp-json\/wp\/v2\/pages\/3425","targetHints":{"allow":["GET"]}}],"collection":[{"href":"https:\/\/exceladvisor.org\/de\/wp-json\/wp\/v2\/pages"}],"about":[{"href":"https:\/\/exceladvisor.org\/de\/wp-json\/wp\/v2\/types\/page"}],"author":[{"embeddable":true,"href":"https:\/\/exceladvisor.org\/de\/wp-json\/wp\/v2\/users\/1"}],"replies":[{"embeddable":true,"href":"https:\/\/exceladvisor.org\/de\/wp-json\/wp\/v2\/comments?post=3425"}],"version-history":[{"count":1,"href":"https:\/\/exceladvisor.org\/de\/wp-json\/wp\/v2\/pages\/3425\/revisions"}],"predecessor-version":[{"id":4131,"href":"https:\/\/exceladvisor.org\/de\/wp-json\/wp\/v2\/pages\/3425\/revisions\/4131"}],"wp:attachment":[{"href":"https:\/\/exceladvisor.org\/de\/wp-json\/wp\/v2\/media?parent=3425"}],"curies":[{"name":"wp","href":"https:\/\/api.w.org\/{rel}","templated":true}]}}