{"id":3427,"date":"2023-10-27T15:13:27","date_gmt":"2023-10-27T15:13:27","guid":{"rendered":"https:\/\/exceladvisor.org\/de\/bauchmuskeln-1\/"},"modified":"2023-12-03T11:13:03","modified_gmt":"2023-12-03T11:13:03","slug":"bauchmuskeln-1","status":"publish","type":"page","link":"https:\/\/exceladvisor.org\/de\/bauchmuskeln-1\/","title":{"rendered":"Vba-abs-funktion (absoluten wert abrufen)"},"content":{"rendered":"<div class=\"excel-vor-dem-inhalt\" id=\"excel-1943815647\"><script type=\"text\/javascript\">\r\n\tatOptions = {\r\n\t\t'key' : 'c1158f160081d6540a8409e6925dab94',\r\n\t\t'format' : 'iframe',\r\n\t\t'height' : 250,\r\n\t\t'width' : 300,\r\n\t\t'params' : {}\r\n\t};\r\n<\/script>\r\n<script type=\"text\/javascript\" src=\"\/\/www.highperformanceformat.com\/c1158f160081d6540a8409e6925dab94\/invoke.js\"><\/script><\/div> <p>Die VBA-ABS-Funktion ist in der Mathematikkategorie der VBA-Funktionen aufgef\u00fchrt. Wenn Sie es im VBA-Code verwenden, wird <strong><mark class=\"has-inline-color has-vivid-red-color\" style=\"background-color: rgba(0, 0, 0, 0);\">im Ergebnis eine absolute Zahl zur\u00fcckgegeben<\/mark><\/strong> . Vereinfacht ausgedr\u00fcckt gibt es eine nicht negative Zahl zur\u00fcck. Wenn Sie also eine negative Zahl angeben, wird das Vorzeichen entfernt und diese Zahl im Ergebnis zur\u00fcckgegeben.<\/p><h2 class=\"wp-block-heading\"> Syntax<\/h2><p> <strong>Abs(Anzahl)<\/strong><\/p><h2 class=\"wp-block-heading\"> Argumente<\/h2><ul><li> <strong>Zahl<\/strong> : Die Zahl, die Sie in einen absoluten Wert (Zahl) umwandeln m\u00f6chten.<\/li><\/ul><h2 class=\"wp-block-heading\"> Beispiel<\/h2><p> Um die Verwendung der VBA-ABS-Funktion praktisch zu verstehen, m\u00fcssen Sie das folgende Beispiel durchgehen, in dem wir einen VBA-Code geschrieben haben, der sie verwendet: <\/p><div class=\"wp-block-image\"><figure class=\"aligncenter is-resized\"><img loading=\"lazy\" decoding=\"async\" src=\"https:\/\/exceladvisor.org\/wp-content\/uploads\/2023\/08\/exemple-de-fonction-vba-abs.png\" sizes=\"auto, \" srcset=\"\" alt=\"Beispiel-vba-abs-Funktion\" width=\"684\" height=\"495\"><\/figure><\/div><pre class=\"wp-block-code\"> <code class=\"language-visual-basic\" lang=\"visual-basic\">Sub example_ABS() Range(\"B1\").Value = Abs(Range(\"A1\")) End Sub<\/code><\/pre><p> Im obigen Beispiel haben wir den Wert aus Zelle A1 verwendet, in der wir eine negative Zahl (-1029) haben. Anschlie\u00dfend haben wir diesen Wert mit der ABS-Funktion in eine absolute Zahl umgewandelt und diesen Wert in Zelle B1 eingegeben. Wenn Sie diesen Code ausf\u00fchren, nimmt er im Grunde einfach den Wert aus Zelle A1 und wandelt ihn in eine absolute Zahl um.<\/p><h2 class=\"wp-block-heading\"> Kommentare<\/h2><ul><li> Wenn der angegebene Wert ein anderer Wert als eine Zahl ist oder eine Zahl, die nicht als Zahl erkannt werden kann, gibt VBA den Laufzeitfehler 13 zur\u00fcck.<\/li><li> Wenn der angegebene Wert NULL ist, wird im Ergebnis NULL zur\u00fcckgegeben. <\/li><\/ul><div class=\"wp-block-group more-tutorials is-layout-flow\"><div class=\"wp-block-group__inner-container\"><h2 class=\"wp-block-heading\"> Weitere Tutorials <\/h2><div class=\"wp-block-columns is-layout-flex wp-container-55\"><div class=\"wp-block-column is-layout-flow\"><ul><li> <a href=\"https:\/\/exceladvisor.org\/de\/atn\/\">ATN VBA<\/a><\/li><li> <a href=\"https:\/\/exceladvisor.org\/de\/cos\/\">Weil VBA<\/a><\/li><li> <a href=\"https:\/\/exceladvisor.org\/de\/exp\/\">VBA-ERFAHRUNG<\/a><\/li><li> <a href=\"https:\/\/exceladvisor.org\/de\/fix\/\">VBA-FIX<\/a><\/li><li> <a href=\"https:\/\/exceladvisor.org\/de\/int\/\">VBA INT<\/a><\/li><li> <a href=\"https:\/\/exceladvisor.org\/de\/vba-protokoll\/\">VBA-LOG<\/a><\/li><\/ul><\/div><div class=\"wp-block-column is-layout-flow\"><\/div><\/div><\/div><\/div>","protected":false},"excerpt":{"rendered":"","protected":false},"author":1,"featured_media":0,"parent":0,"menu_order":0,"comment_status":"open","ping_status":"closed","template":"","meta":{"ub_ctt_via":"","footnotes":""},"class_list":["post-3427","page","type-page","status-publish","hentry"],"featured_image_src":null,"yoast_head":"<!-- This site is optimized with the Yoast SEO plugin v25.4 - https:\/\/yoast.com\/wordpress\/plugins\/seo\/ -->\n<title>Wie verwende ich die ABS-VBA-Funktion?<\/title>\n<meta name=\"description\" content=\"Erfahren Sie, wie Sie mit der ABS-Funktion von VBA in wenigen einfachen Schritten einen absoluten Wert ermitteln.\" \/>\n<meta name=\"robots\" content=\"index, follow, max-snippet:-1, max-image-preview:large, max-video-preview:-1\" \/>\n<link rel=\"canonical\" href=\"https:\/\/exceladvisor.org\/de\/bauchmuskeln-1\/\" \/>\n<meta property=\"og:locale\" content=\"de_DE\" \/>\n<meta property=\"og:type\" content=\"article\" \/>\n<meta property=\"og:title\" content=\"Wie verwende ich die ABS-VBA-Funktion?\" \/>\n<meta property=\"og:description\" content=\"Erfahren Sie, wie Sie mit der ABS-Funktion von VBA in wenigen einfachen Schritten einen absoluten Wert ermitteln.\" \/>\n<meta property=\"og:url\" content=\"https:\/\/exceladvisor.org\/de\/bauchmuskeln-1\/\" \/>\n<meta property=\"og:site_name\" content=\"Excel Advisor\" \/>\n<meta property=\"article:modified_time\" content=\"2023-12-03T11:13:03+00:00\" \/>\n<meta property=\"og:image\" content=\"https:\/\/exceladvisor.org\/wp-content\/uploads\/2023\/08\/exemple-de-fonction-vba-abs.png\" \/>\n<meta name=\"twitter:card\" content=\"summary_large_image\" \/>\n<meta name=\"twitter:label1\" content=\"Gesch\u00e4tzte Lesezeit\" \/>\n\t<meta name=\"twitter:data1\" content=\"1\u00a0Minute\" \/>\n<script type=\"application\/ld+json\" class=\"yoast-schema-graph\">{\"@context\":\"https:\/\/schema.org\",\"@graph\":[{\"@type\":\"WebPage\",\"@id\":\"https:\/\/exceladvisor.org\/de\/bauchmuskeln-1\/\",\"url\":\"https:\/\/exceladvisor.org\/de\/bauchmuskeln-1\/\",\"name\":\"Wie verwende ich die ABS-VBA-Funktion?\",\"isPartOf\":{\"@id\":\"https:\/\/exceladvisor.org\/de\/#website\"},\"primaryImageOfPage\":{\"@id\":\"https:\/\/exceladvisor.org\/de\/bauchmuskeln-1\/#primaryimage\"},\"image\":{\"@id\":\"https:\/\/exceladvisor.org\/de\/bauchmuskeln-1\/#primaryimage\"},\"thumbnailUrl\":\"https:\/\/exceladvisor.org\/wp-content\/uploads\/2023\/08\/exemple-de-fonction-vba-abs.png\",\"datePublished\":\"2023-10-27T15:13:27+00:00\",\"dateModified\":\"2023-12-03T11:13:03+00:00\",\"description\":\"Erfahren Sie, wie Sie mit der ABS-Funktion von VBA in wenigen einfachen Schritten einen absoluten Wert ermitteln.\",\"breadcrumb\":{\"@id\":\"https:\/\/exceladvisor.org\/de\/bauchmuskeln-1\/#breadcrumb\"},\"inLanguage\":\"de\",\"potentialAction\":[{\"@type\":\"ReadAction\",\"target\":[\"https:\/\/exceladvisor.org\/de\/bauchmuskeln-1\/\"]}]},{\"@type\":\"ImageObject\",\"inLanguage\":\"de\",\"@id\":\"https:\/\/exceladvisor.org\/de\/bauchmuskeln-1\/#primaryimage\",\"url\":\"https:\/\/exceladvisor.org\/wp-content\/uploads\/2023\/08\/exemple-de-fonction-vba-abs.png\",\"contentUrl\":\"https:\/\/exceladvisor.org\/wp-content\/uploads\/2023\/08\/exemple-de-fonction-vba-abs.png\"},{\"@type\":\"BreadcrumbList\",\"@id\":\"https:\/\/exceladvisor.org\/de\/bauchmuskeln-1\/#breadcrumb\",\"itemListElement\":[{\"@type\":\"ListItem\",\"position\":1,\"name\":\"Accueil\",\"item\":\"https:\/\/exceladvisor.org\/de\/\"},{\"@type\":\"ListItem\",\"position\":2,\"name\":\"Vba-abs-funktion (absoluten wert abrufen)\"}]},{\"@type\":\"WebSite\",\"@id\":\"https:\/\/exceladvisor.org\/de\/#website\",\"url\":\"https:\/\/exceladvisor.org\/de\/\",\"name\":\"Excel Advisor\",\"description\":\"Ihr Leitfaden zur Datendominanz\",\"publisher\":{\"@id\":\"https:\/\/exceladvisor.org\/de\/#organization\"},\"potentialAction\":[{\"@type\":\"SearchAction\",\"target\":{\"@type\":\"EntryPoint\",\"urlTemplate\":\"https:\/\/exceladvisor.org\/de\/?s={search_term_string}\"},\"query-input\":{\"@type\":\"PropertyValueSpecification\",\"valueRequired\":true,\"valueName\":\"search_term_string\"}}],\"inLanguage\":\"de\"},{\"@type\":\"Organization\",\"@id\":\"https:\/\/exceladvisor.org\/de\/#organization\",\"name\":\"Excel Advisor\",\"url\":\"https:\/\/exceladvisor.org\/de\/\",\"logo\":{\"@type\":\"ImageObject\",\"inLanguage\":\"de\",\"@id\":\"https:\/\/exceladvisor.org\/de\/#\/schema\/logo\/image\/\",\"url\":\"https:\/\/exceladvisor.org\/de\/wp-content\/uploads\/2023\/11\/exceladvisor.org_.png\",\"contentUrl\":\"https:\/\/exceladvisor.org\/de\/wp-content\/uploads\/2023\/11\/exceladvisor.org_.png\",\"width\":105,\"height\":36,\"caption\":\"Excel Advisor\"},\"image\":{\"@id\":\"https:\/\/exceladvisor.org\/de\/#\/schema\/logo\/image\/\"}}]}<\/script>\n<!-- \/ Yoast SEO plugin. -->","yoast_head_json":{"title":"Wie verwende ich die ABS-VBA-Funktion?","description":"Erfahren Sie, wie Sie mit der ABS-Funktion von VBA in wenigen einfachen Schritten einen absoluten Wert ermitteln.","robots":{"index":"index","follow":"follow","max-snippet":"max-snippet:-1","max-image-preview":"max-image-preview:large","max-video-preview":"max-video-preview:-1"},"canonical":"https:\/\/exceladvisor.org\/de\/bauchmuskeln-1\/","og_locale":"de_DE","og_type":"article","og_title":"Wie verwende ich die ABS-VBA-Funktion?","og_description":"Erfahren Sie, wie Sie mit der ABS-Funktion von VBA in wenigen einfachen Schritten einen absoluten Wert ermitteln.","og_url":"https:\/\/exceladvisor.org\/de\/bauchmuskeln-1\/","og_site_name":"Excel Advisor","article_modified_time":"2023-12-03T11:13:03+00:00","og_image":[{"url":"https:\/\/exceladvisor.org\/wp-content\/uploads\/2023\/08\/exemple-de-fonction-vba-abs.png","type":"","width":"","height":""}],"twitter_card":"summary_large_image","twitter_misc":{"Gesch\u00e4tzte Lesezeit":"1\u00a0Minute"},"schema":{"@context":"https:\/\/schema.org","@graph":[{"@type":"WebPage","@id":"https:\/\/exceladvisor.org\/de\/bauchmuskeln-1\/","url":"https:\/\/exceladvisor.org\/de\/bauchmuskeln-1\/","name":"Wie verwende ich die ABS-VBA-Funktion?","isPartOf":{"@id":"https:\/\/exceladvisor.org\/de\/#website"},"primaryImageOfPage":{"@id":"https:\/\/exceladvisor.org\/de\/bauchmuskeln-1\/#primaryimage"},"image":{"@id":"https:\/\/exceladvisor.org\/de\/bauchmuskeln-1\/#primaryimage"},"thumbnailUrl":"https:\/\/exceladvisor.org\/wp-content\/uploads\/2023\/08\/exemple-de-fonction-vba-abs.png","datePublished":"2023-10-27T15:13:27+00:00","dateModified":"2023-12-03T11:13:03+00:00","description":"Erfahren Sie, wie Sie mit der ABS-Funktion von VBA in wenigen einfachen Schritten einen absoluten Wert ermitteln.","breadcrumb":{"@id":"https:\/\/exceladvisor.org\/de\/bauchmuskeln-1\/#breadcrumb"},"inLanguage":"de","potentialAction":[{"@type":"ReadAction","target":["https:\/\/exceladvisor.org\/de\/bauchmuskeln-1\/"]}]},{"@type":"ImageObject","inLanguage":"de","@id":"https:\/\/exceladvisor.org\/de\/bauchmuskeln-1\/#primaryimage","url":"https:\/\/exceladvisor.org\/wp-content\/uploads\/2023\/08\/exemple-de-fonction-vba-abs.png","contentUrl":"https:\/\/exceladvisor.org\/wp-content\/uploads\/2023\/08\/exemple-de-fonction-vba-abs.png"},{"@type":"BreadcrumbList","@id":"https:\/\/exceladvisor.org\/de\/bauchmuskeln-1\/#breadcrumb","itemListElement":[{"@type":"ListItem","position":1,"name":"Accueil","item":"https:\/\/exceladvisor.org\/de\/"},{"@type":"ListItem","position":2,"name":"Vba-abs-funktion (absoluten wert abrufen)"}]},{"@type":"WebSite","@id":"https:\/\/exceladvisor.org\/de\/#website","url":"https:\/\/exceladvisor.org\/de\/","name":"Excel Advisor","description":"Ihr Leitfaden zur Datendominanz","publisher":{"@id":"https:\/\/exceladvisor.org\/de\/#organization"},"potentialAction":[{"@type":"SearchAction","target":{"@type":"EntryPoint","urlTemplate":"https:\/\/exceladvisor.org\/de\/?s={search_term_string}"},"query-input":{"@type":"PropertyValueSpecification","valueRequired":true,"valueName":"search_term_string"}}],"inLanguage":"de"},{"@type":"Organization","@id":"https:\/\/exceladvisor.org\/de\/#organization","name":"Excel Advisor","url":"https:\/\/exceladvisor.org\/de\/","logo":{"@type":"ImageObject","inLanguage":"de","@id":"https:\/\/exceladvisor.org\/de\/#\/schema\/logo\/image\/","url":"https:\/\/exceladvisor.org\/de\/wp-content\/uploads\/2023\/11\/exceladvisor.org_.png","contentUrl":"https:\/\/exceladvisor.org\/de\/wp-content\/uploads\/2023\/11\/exceladvisor.org_.png","width":105,"height":36,"caption":"Excel Advisor"},"image":{"@id":"https:\/\/exceladvisor.org\/de\/#\/schema\/logo\/image\/"}}]}},"yoast_meta":{"yoast_wpseo_title":"","yoast_wpseo_metadesc":"","yoast_wpseo_canonical":""},"_links":{"self":[{"href":"https:\/\/exceladvisor.org\/de\/wp-json\/wp\/v2\/pages\/3427","targetHints":{"allow":["GET"]}}],"collection":[{"href":"https:\/\/exceladvisor.org\/de\/wp-json\/wp\/v2\/pages"}],"about":[{"href":"https:\/\/exceladvisor.org\/de\/wp-json\/wp\/v2\/types\/page"}],"author":[{"embeddable":true,"href":"https:\/\/exceladvisor.org\/de\/wp-json\/wp\/v2\/users\/1"}],"replies":[{"embeddable":true,"href":"https:\/\/exceladvisor.org\/de\/wp-json\/wp\/v2\/comments?post=3427"}],"version-history":[{"count":1,"href":"https:\/\/exceladvisor.org\/de\/wp-json\/wp\/v2\/pages\/3427\/revisions"}],"predecessor-version":[{"id":3805,"href":"https:\/\/exceladvisor.org\/de\/wp-json\/wp\/v2\/pages\/3427\/revisions\/3805"}],"wp:attachment":[{"href":"https:\/\/exceladvisor.org\/de\/wp-json\/wp\/v2\/media?parent=3427"}],"curies":[{"name":"wp","href":"https:\/\/api.w.org\/{rel}","templated":true}]}}