{"id":3435,"date":"2023-10-27T00:49:48","date_gmt":"2023-10-27T00:49:48","guid":{"rendered":"https:\/\/exceladvisor.org\/de\/zellen-sperren-1\/"},"modified":"2023-12-03T13:05:07","modified_gmt":"2023-12-03T13:05:07","slug":"zellen-sperren-1","status":"publish","type":"page","link":"https:\/\/exceladvisor.org\/de\/zellen-sperren-1\/","title":{"rendered":"Wie sperre ich zellen in excel?"},"content":{"rendered":"<div class=\"excel-vor-dem-inhalt\" id=\"excel-2963366238\"><script type=\"text\/javascript\">\r\n\tatOptions = {\r\n\t\t'key' : 'c1158f160081d6540a8409e6925dab94',\r\n\t\t'format' : 'iframe',\r\n\t\t'height' : 250,\r\n\t\t'width' : 300,\r\n\t\t'params' : {}\r\n\t};\r\n<\/script>\r\n<script type=\"text\/javascript\" src=\"\/\/www.highperformanceformat.com\/c1158f160081d6540a8409e6925dab94\/invoke.js\"><\/script><\/div> <p>Das Sperren von Zellen ist eine Funktion von Excel, um zu verhindern, dass Zelldaten von irgendeinem Benutzer bearbeitet, ge\u00e4ndert oder gel\u00f6scht werden.<\/p><p> In Excel k\u00f6nnen Benutzer alle Zellen eines bestimmten Arbeitsblatts sperren, um die gesamten Arbeitsblattzellen zu sch\u00fctzen, oder nur bestimmte Arbeitsblattzellen sperren, um nur diese bestimmten Zellen vor der Bearbeitung zu sch\u00fctzen.<\/p><p> In diesem Tutorial haben wir erkl\u00e4rt, wie Sie alle Zellen, bestimmte Zellen und Zellen mit Formeln sperren und entsperren.<\/p><h2 id=\"h-steps-to-lock-all-cells-in-excel\" class=\"wp-block-heading\"> Schritte zum Sperren aller Zellen in Excel<\/h2><p> In Excel sind alle Zellen standardm\u00e4\u00dfig gesperrt, aber jeder kann die Zellen bearbeiten, bis wir <a href=\"https:\/\/exceladvisor.org\/de\/das-blatt-schutzen\/\">das Arbeitsblatt sch\u00fctzen<\/a> . Um die Zellensperrfunktion zu aktivieren, muss das Blatt gesch\u00fctzt werden. Sobald das Blatt gesch\u00fctzt ist, werden alle Zellen gesperrt und k\u00f6nnen nicht mehr bearbeitet werden.<\/p><p> Damit alle Funktionen f\u00fcr gesperrte Zellen wirksam sind, f\u00fchren Sie die folgenden Schritte aus:<\/p><ol><li> W\u00e4hlen Sie zun\u00e4chst alle Zellen aus, indem Sie die Tastenkombination \u201eStrg + A\u201c verwenden oder auf das Dreieck oben links in der Spaltenkopfleiste klicken. <br><img loading=\"lazy\" decoding=\"async\" title=\"1-W\u00e4hlen Sie alle Zellen aus\" src=\"https:\/\/exceladvisor.org\/wp-content\/uploads\/2023\/08\/1-selectionner-toutes-les-cellules.png\" sizes=\"auto, \" srcset=\"\" alt=\"select-all-cells\" width=\"746\" height=\"262\"><\/li><li> Klicken Sie anschlie\u00dfend mit der rechten Maustaste und w\u00e4hlen Sie die Option \u201eZellen formatieren\u201c oder klicken Sie auf den Pfeil in der Gruppe \u201eAusrichtung\u201c, um das Dialogfeld \u201eZellen formatieren\u201c zu \u00f6ffnen. <br><img loading=\"lazy\" decoding=\"async\" title=\"2-Zellen-Open-Format-Option\" src=\"https:\/\/exceladvisor.org\/wp-content\/uploads\/2023\/08\/Option-2-cellules-de-format-ouvert.png\" sizes=\"auto, \" srcset=\"\" alt=\"open-format-cells-option\" width=\"713\" height=\"499\"><\/li><li> Klicken Sie hier auf die Registerkarte \u201eSchutz\u201c und pr\u00fcfen Sie, ob die Option \u201eGesperrt\u201c ausgew\u00e4hlt ist oder nicht. Andernfalls w\u00e4hlen Sie die Option \u201eGesperrt\u201c und klicken Sie auf \u201eOK\u201c. <br><img loading=\"lazy\" decoding=\"async\" title=\"3-Select-Locked-Option\" src=\"https:\/\/exceladvisor.org\/wp-content\/uploads\/2023\/08\/3-selectionnez-loption-verrouillee.png\" sizes=\"auto, \" srcset=\"\" alt=\"select-locked-option\" width=\"705\" height=\"365\"><\/li><li> Gehen Sie nun zur Registerkarte \u201e\u00dcberpr\u00fcfen\u201c und klicken Sie auf \u201eBlatt sch\u00fctzen\u201c, geben Sie dann das Passwort und andere Berechtigungen ein, die Sie den Benutzern m\u00f6glicherweise erteilen m\u00f6chten, und klicken Sie dann auf \u201eOK\u201c. <br><img loading=\"lazy\" decoding=\"async\" title=\"4-Blatt-Schutz-Symbol\" src=\"https:\/\/exceladvisor.org\/wp-content\/uploads\/2023\/08\/4-proteger-licone-de-la-feuille.png\" sizes=\"auto, \" srcset=\"\" alt=\"protect-sheet-icon\" width=\"863\" height=\"534\"><\/li><li> Geben Sie am Ende das Passwort erneut ein und Ihre Funktion zum Sperren aller Zellen wird wirksam. Jetzt kann niemand eine Zelle bearbeiten, es sei denn, das Blatt ist ungesch\u00fctzt. <br><img loading=\"lazy\" decoding=\"async\" title=\"5-Geben Sie das Passwort erneut ein\" src=\"https:\/\/exceladvisor.org\/wp-content\/uploads\/2023\/08\/5-re-entrer-le-mot-de-passe.png\" sizes=\"auto, \" srcset=\"\" alt=\"re-enter-password\" width=\"353\" height=\"197\"><\/li><\/ol><h2 id=\"h-lock-specific-cells-in-excel\" class=\"wp-block-heading\"> Sperren Sie bestimmte Zellen in Excel<\/h2><ol><li> W\u00e4hlen Sie zun\u00e4chst alle Zellen mit \u201eStrg + A\u201c oder durch Klicken auf das Dreieck oben links in der Spaltenkopfleiste aus.<\/li><li> Klicken Sie anschlie\u00dfend mit der rechten Maustaste und w\u00e4hlen Sie die Option \u201eZellen formatieren\u201c oder klicken Sie auf den Pfeil in der Gruppe \u201eAusrichtung\u201c, um das Dialogfeld \u201eZellen formatieren\u201c zu \u00f6ffnen. <br><img loading=\"lazy\" decoding=\"async\" title=\"6-lock-spezifische-Zellen-nur\" src=\"https:\/\/exceladvisor.org\/wp-content\/uploads\/2023\/08\/6-verrouiller-des-cellules-specifiques-uniquement.png\" sizes=\"auto, \" srcset=\"\" alt=\"lock-specific-cells-only\" width=\"680\" height=\"476\"><\/li><li> Klicken Sie hier auf die Registerkarte \u201eSchutz\u201c und stellen Sie sicher, dass Sie die Option \u201eGesperrt\u201c deaktivieren, um die gesperrten Zellen standardm\u00e4\u00dfig zu entsperren, und klicken Sie auf \u201eOK\u201c. <br><img loading=\"lazy\" decoding=\"async\" title=\"7-Deselect-Option-gesperrt\" src=\"https:\/\/exceladvisor.org\/wp-content\/uploads\/2023\/08\/7-deselectionnez-loption-verrouillee.png\" sizes=\"auto, \" srcset=\"\" alt=\"un-select-locked-option\" width=\"541\" height=\"311\"><\/li><li> W\u00e4hlen Sie nun nur die Zellen oder Zellbereiche aus, die Sie sperren m\u00f6chten, und \u00f6ffnen Sie das Dialogfeld \u201eZellen formatieren\u201c. <br><img loading=\"lazy\" decoding=\"async\" title=\"8 Bereiche zum Sperren\" src=\"https:\/\/exceladvisor.org\/wp-content\/uploads\/2023\/08\/8-plages-a-verrouiller.png\" sizes=\"auto, \" srcset=\"\" alt=\"range-to-be-locked\" width=\"684\" height=\"203\"><\/li><li> Gehen Sie im Dialogfeld \u201eZellen formatieren\u201c zur Registerkarte \u201eSchutz\u201c und w\u00e4hlen Sie die Option \u201eGesperrt\u201c, sodass diesmal nur die ausgew\u00e4hlten Zellen gesperrt sind. <br><img loading=\"lazy\" decoding=\"async\" title=\"9-stufige Sperrm\u00f6glichkeit\" src=\"https:\/\/exceladvisor.org\/wp-content\/uploads\/2023\/08\/9-option-verrouillee-par-une-coche.png\" sizes=\"auto, \" srcset=\"\" alt=\"tickmark-locked-option\" width=\"619\" height=\"395\"><\/li><li> Gehen Sie nun zur Registerkarte \u201e\u00dcberpr\u00fcfen\u201c und klicken Sie auf das Symbol \u201eBlatt sch\u00fctzen\u201c, geben Sie dann das Passwort und andere Berechtigungen ein, die Sie den Benutzern erteilen m\u00f6chten, und klicken Sie dann auf \u201eOK\u201c. <br><img loading=\"lazy\" decoding=\"async\" title=\"10-Geben Sie ein Passwort ein, um das Blatt zu sch\u00fctzen\" src=\"https:\/\/exceladvisor.org\/wp-content\/uploads\/2023\/08\/10-entrez-le-mot-de-passe-pour-proteger-la-feuille.png\" sizes=\"auto, \" srcset=\"\" alt=\"enter-password-to-protect-sheet\" width=\"805\" height=\"499\"><\/li><li> Geben Sie am Ende das Passwort erneut ein. Diesmal werden nur Ihre ausgew\u00e4hlten Zellen gesperrt, und Benutzer k\u00f6nnen jetzt nur noch andere als die ausgew\u00e4hlten Sperrzellen bearbeiten. <br><img loading=\"lazy\" decoding=\"async\" title=\"11-Passwort-erneut eingeben\" src=\"https:\/\/exceladvisor.org\/wp-content\/uploads\/2023\/08\/11-saisir-a-nouveau-le-mot-de-passe.png\" sizes=\"auto, \" srcset=\"\" alt=\"enter-password-again\" width=\"351\" height=\"196\"><\/li><\/ol><h2 id=\"h-shortcut-to-lock-specific-cells-in-excel\" class=\"wp-block-heading\"> Verkn\u00fcpfung zum Sperren bestimmter Zellen in Excel<\/h2><p> Es gibt keine direkte Tastenkombination zum Sperren von Zellen, Sie k\u00f6nnen jedoch eine Kombination aus zwei Tastenkombinationen zum Sperren von Zellen verwenden, wie unten gezeigt:<\/p><ol><li> W\u00e4hlen Sie zun\u00e4chst das gesamte Blatt mit der Tastenkombination \u201eStrg + A\u201c aus.<\/li><li> Dr\u00fccken Sie anschlie\u00dfend die Tasten \u201eStrg+1\u201c, um <a href=\"https:\/\/exceladvisor.org\/de\/optionen-zum-offnen-von-zellenformaten\/\" target=\"_blank\" rel=\"noopener\">das Dialogfeld \u201eZellen formatieren\u201c zu \u00f6ffnen<\/a> .<\/li><li> Geben Sie die Taste \u201eP\u201c ein, um zur Registerkarte \u201eSchutz\u201c zu navigieren, dr\u00fccken Sie dann gleichzeitig die Tasten \u201eTab + Leertaste\u201c, um die Option \u201eGesperrt\u201c zu deaktivieren, und dr\u00fccken Sie die Eingabetaste. <br><img loading=\"lazy\" decoding=\"async\" title=\"Option 12 \u2013 H\u00e4kchen entfernen \u2013 gesperrt\" src=\"https:\/\/exceladvisor.org\/wp-content\/uploads\/2023\/08\/12-decochez-loption-verrouillee.png\" sizes=\"auto, \" srcset=\"\" alt=\"untick-locked-option\" width=\"529\" height=\"304\"><\/li><li> W\u00e4hlen Sie nun die Zellen oder Zellbereiche aus, die Sie nur sperren m\u00f6chten.<\/li><li> Dr\u00fccken Sie erneut die Tasten \u201eStrg+1\u201c und das Dialogfeld \u201eZellen formatieren\u201c wird ge\u00f6ffnet.<\/li><li> Geben Sie die Taste \u201eP\u201c ein, um zur Registerkarte \u201eSchutz\u201c zu gelangen, dr\u00fccken Sie dann die Taste \u201eTab\u201c und dann die Taste \u201eLeertaste\u201c, um die Option \u201eGesperrt\u201c auszuw\u00e4hlen, und dr\u00fccken Sie die Eingabetaste. <br><img loading=\"lazy\" decoding=\"async\" title=\"13 gesperrte Optionen ausgew\u00e4hlt\" src=\"https:\/\/exceladvisor.org\/wp-content\/uploads\/2023\/08\/13-option-verrouillee-selectionnee.png\" sizes=\"auto, \" srcset=\"\" alt=\"locked-option-selected\" width=\"543\" height=\"252\"><\/li><li> Dr\u00fccken Sie am Ende \u201eAlt \u2192 T \u2192 P \u2192 P\u201c, um das Dialogfeld \u201eBlatt sch\u00fctzen\u201c zu \u00f6ffnen, geben Sie das Passwort ein und dr\u00fccken Sie dann die Eingabetaste. <br><img loading=\"lazy\" decoding=\"async\" title=\"14 Tastenkombinationen zur Passworteingabe\" src=\"https:\/\/exceladvisor.org\/wp-content\/uploads\/2023\/08\/14-raccourci-pour-entrer-le-mot-de-passe.png\" sizes=\"auto, \" srcset=\"\" alt=\"shortcut-to-enter-password\" width=\"259\" height=\"434\"><\/li><\/ol><h2 id=\"h-lock-only-the-formula-cells-in-excel\" class=\"wp-block-heading\"> Sperren Sie nur Formelzellen in Excel<\/h2><ol><li> W\u00e4hlen Sie zun\u00e4chst alle Zellen aus und \u00f6ffnen Sie das Dialogfeld \u201eZellen formatieren\u201c, um die Option \u201eGesperrt\u201c zu deaktivieren. <br><img loading=\"lazy\" decoding=\"async\" title=\"15-Lock-Cell-Formel\" src=\"https:\/\/exceladvisor.org\/wp-content\/uploads\/2023\/08\/15-cellules-de-formule-de-verrouillage.png\" sizes=\"auto, \" srcset=\"\" alt=\"lock-formula-cells\" width=\"517\" height=\"297\"><\/li><li> Gehen Sie danach zur Registerkarte \u201eStartseite\u201c, klicken Sie auf das Symbol \u201eSuchen und Ersetzen\u201c und dann auf die Option \u201eGehe zu Spezial\u201c. <br><img loading=\"lazy\" decoding=\"async\" title=\"16-Go-to-Special-Option\" src=\"https:\/\/exceladvisor.org\/wp-content\/uploads\/2023\/08\/16-aller-a-loption-speciale.png\" sizes=\"auto, \" srcset=\"\" alt=\"go-to-special-option\" width=\"949\" height=\"374\"><\/li><li> W\u00e4hlen Sie nun die Option \u201eFormeln\u201c und klicken Sie dann auf OK. <br><img loading=\"lazy\" decoding=\"async\" title=\"Nur Auswahlformeln f\u00fcr Option 17\" src=\"https:\/\/exceladvisor.org\/wp-content\/uploads\/2023\/08\/17-selectionner-uniquement-loption-de-formules.png\" sizes=\"auto, \" srcset=\"\" alt=\"select-only-formulas-option\" width=\"305\" height=\"358\"><\/li><li> Sobald Sie auf \u201eOK\u201c klicken, werden alle Zellen mit Formeln ausgew\u00e4hlt. <br><img loading=\"lazy\" decoding=\"async\" title=\"18-Ausgew\u00e4hlte-Zellen-mit-Formeln\" src=\"https:\/\/exceladvisor.org\/wp-content\/uploads\/2023\/08\/18-cellules-selectionnees-avec-des-formules.png\" sizes=\"auto, \" srcset=\"\" alt=\"selected-cells-with-formulas\" width=\"611\" height=\"240\"><\/li><li> \u00d6ffnen Sie an dieser Stelle erneut das Dialogfeld \u201eZellen formatieren\u201c und w\u00e4hlen Sie die Option \u201eGesperrt\u201c, um nur die oben ausgew\u00e4hlten Zellen zu sperren. <br><img loading=\"lazy\" decoding=\"async\" title=\"19-Zellen-Format-\u00d6ffnen-Dialogfeld\" src=\"https:\/\/exceladvisor.org\/wp-content\/uploads\/2023\/08\/Boite-de-dialogue-de-format-19-cellules-ouverte.png\" sizes=\"auto, \" srcset=\"\" alt=\"format-cells-dialog-box-opened\" width=\"847\" height=\"231\"><\/li><li> Gehen Sie zu diesem Zweck zur Registerkarte \u201e\u00dcberpr\u00fcfen\u201c und klicken Sie auf das Symbol \u201eBlatt sch\u00fctzen\u201c, geben Sie dann das Passwort und andere Berechtigungen ein, die Sie den Benutzern erteilen m\u00f6chten, und klicken Sie dann auf \u201eOK\u201c. <br><img loading=\"lazy\" decoding=\"async\" title=\"20 Passw\u00f6rter zum Schutz des Blattes\" src=\"https:\/\/exceladvisor.org\/wp-content\/uploads\/2023\/08\/20-mot-de-passe-pour-proteger-la-feuille.png\" sizes=\"auto, \" srcset=\"\" alt=\"password-to-protect-sheet\" width=\"809\" height=\"501\"><\/li><\/ol><p> Jetzt sind nur ausgew\u00e4hlte Zellen mit Formeln f\u00fcr die Bearbeitung gesperrt.<\/p><h2 id=\"h-unlock-the-locked-cells-in-excel\" class=\"wp-block-heading\"> Entsperren Sie gesperrte Zellen in Excel<\/h2><p> Um die Zellen zu entsperren, heben Sie den Schutz des Blatts auf und die Zellen werden entsperrt.<\/p><div class=\"gb-container gb-container-4db6181c gb-container-mt\"> <a class=\"gb-button gb-button-c5897111 gb-button-text gb-button-mt-button\" href=\"https:\/\/exceladvisor.org\/de\/excel-fortschritt\/\">Erweiterte Excel-Tutorials<\/a><h2 class=\"gb-headline gb-headline-665e5f6b gb-headline-text gb-headline-mt-heading\"> Verwandte Tutorials <\/h2><div class=\"gb-grid-wrapper gb-grid-wrapper-a20baf7c gb-grid-wrapper-mt-grid\"><div class=\"gb-grid-column gb-grid-column-65ddf67e\"><div class=\"gb-container gb-container-65ddf67e\"><ul><li> <a href=\"https:\/\/exceladvisor.org\/de\/zellen-zusammenfuhren-ohne-daten-zu-verlieren\/\">F\u00fchren Sie Zellen zusammen, ohne Daten in Excel zu verlieren<\/a><\/li><li> <a href=\"https:\/\/exceladvisor.org\/de\/spezielles-multiplizieren-einfugen\/\">Multiplizieren Sie in Excel mit \u201eInhalte einf\u00fcgen\u201c.<\/a><\/li><li> <a href=\"https:\/\/exceladvisor.org\/de\/fugen-sie-einen-barcode-hinzu\/\" data-wpil=\"url\">F\u00fcgen Sie einen Barcode in Excel hinzu<\/a><\/li><li> <a href=\"https:\/\/exceladvisor.org\/de\/standardschriftart\/\">\u00c4ndern Sie die Standardschriftart in Excel<\/a><\/li><li> <a href=\"https:\/\/exceladvisor.org\/de\/nach-farbe-filtern\/\">Filtern Sie nach Farbe in Excel<\/a><\/li><\/ul><\/div><\/div><\/div><\/div>","protected":false},"excerpt":{"rendered":"","protected":false},"author":1,"featured_media":0,"parent":0,"menu_order":0,"comment_status":"open","ping_status":"closed","template":"","meta":{"ub_ctt_via":"","footnotes":""},"class_list":["post-3435","page","type-page","status-publish","hentry"],"featured_image_src":null,"yoast_head":"<!-- This site is optimized with the Yoast SEO plugin v25.4 - https:\/\/yoast.com\/wordpress\/plugins\/seo\/ -->\n<title>Wie sperre ich Zellen in Excel? (Leitfaden 2023)<\/title>\n<meta name=\"description\" content=\"Diese Kurzanleitung hilft Ihnen beim Sperren einer oder mehrerer Zellen. Wir werden es in leicht verst\u00e4ndlichen Schritten besprechen.\" \/>\n<meta name=\"robots\" content=\"index, follow, max-snippet:-1, max-image-preview:large, max-video-preview:-1\" \/>\n<link rel=\"canonical\" href=\"https:\/\/exceladvisor.org\/de\/zellen-sperren-1\/\" \/>\n<meta property=\"og:locale\" content=\"de_DE\" \/>\n<meta property=\"og:type\" content=\"article\" \/>\n<meta property=\"og:title\" content=\"Wie sperre ich Zellen in Excel? (Leitfaden 2023)\" \/>\n<meta property=\"og:description\" content=\"Diese Kurzanleitung hilft Ihnen beim Sperren einer oder mehrerer Zellen. Wir werden es in leicht verst\u00e4ndlichen Schritten besprechen.\" \/>\n<meta property=\"og:url\" content=\"https:\/\/exceladvisor.org\/de\/zellen-sperren-1\/\" \/>\n<meta property=\"og:site_name\" content=\"Excel Advisor\" \/>\n<meta property=\"article:modified_time\" content=\"2023-12-03T13:05:07+00:00\" \/>\n<meta property=\"og:image\" content=\"https:\/\/exceladvisor.org\/wp-content\/uploads\/2023\/08\/1-selectionner-toutes-les-cellules.png\" \/>\n<meta name=\"twitter:card\" content=\"summary_large_image\" \/>\n<meta name=\"twitter:label1\" content=\"Gesch\u00e4tzte Lesezeit\" \/>\n\t<meta name=\"twitter:data1\" content=\"5\u00a0Minuten\" \/>\n<script type=\"application\/ld+json\" class=\"yoast-schema-graph\">{\"@context\":\"https:\/\/schema.org\",\"@graph\":[{\"@type\":\"WebPage\",\"@id\":\"https:\/\/exceladvisor.org\/de\/zellen-sperren-1\/\",\"url\":\"https:\/\/exceladvisor.org\/de\/zellen-sperren-1\/\",\"name\":\"Wie sperre ich Zellen in Excel? (Leitfaden 2023)\",\"isPartOf\":{\"@id\":\"https:\/\/exceladvisor.org\/de\/#website\"},\"primaryImageOfPage\":{\"@id\":\"https:\/\/exceladvisor.org\/de\/zellen-sperren-1\/#primaryimage\"},\"image\":{\"@id\":\"https:\/\/exceladvisor.org\/de\/zellen-sperren-1\/#primaryimage\"},\"thumbnailUrl\":\"https:\/\/exceladvisor.org\/wp-content\/uploads\/2023\/08\/1-selectionner-toutes-les-cellules.png\",\"datePublished\":\"2023-10-27T00:49:48+00:00\",\"dateModified\":\"2023-12-03T13:05:07+00:00\",\"description\":\"Diese Kurzanleitung hilft Ihnen beim Sperren einer oder mehrerer Zellen. Wir werden es in leicht verst\u00e4ndlichen Schritten besprechen.\",\"breadcrumb\":{\"@id\":\"https:\/\/exceladvisor.org\/de\/zellen-sperren-1\/#breadcrumb\"},\"inLanguage\":\"de\",\"potentialAction\":[{\"@type\":\"ReadAction\",\"target\":[\"https:\/\/exceladvisor.org\/de\/zellen-sperren-1\/\"]}]},{\"@type\":\"ImageObject\",\"inLanguage\":\"de\",\"@id\":\"https:\/\/exceladvisor.org\/de\/zellen-sperren-1\/#primaryimage\",\"url\":\"https:\/\/exceladvisor.org\/wp-content\/uploads\/2023\/08\/1-selectionner-toutes-les-cellules.png\",\"contentUrl\":\"https:\/\/exceladvisor.org\/wp-content\/uploads\/2023\/08\/1-selectionner-toutes-les-cellules.png\"},{\"@type\":\"BreadcrumbList\",\"@id\":\"https:\/\/exceladvisor.org\/de\/zellen-sperren-1\/#breadcrumb\",\"itemListElement\":[{\"@type\":\"ListItem\",\"position\":1,\"name\":\"Accueil\",\"item\":\"https:\/\/exceladvisor.org\/de\/\"},{\"@type\":\"ListItem\",\"position\":2,\"name\":\"Wie sperre ich zellen in excel?\"}]},{\"@type\":\"WebSite\",\"@id\":\"https:\/\/exceladvisor.org\/de\/#website\",\"url\":\"https:\/\/exceladvisor.org\/de\/\",\"name\":\"Excel Advisor\",\"description\":\"Ihr Leitfaden zur Datendominanz\",\"publisher\":{\"@id\":\"https:\/\/exceladvisor.org\/de\/#organization\"},\"potentialAction\":[{\"@type\":\"SearchAction\",\"target\":{\"@type\":\"EntryPoint\",\"urlTemplate\":\"https:\/\/exceladvisor.org\/de\/?s={search_term_string}\"},\"query-input\":{\"@type\":\"PropertyValueSpecification\",\"valueRequired\":true,\"valueName\":\"search_term_string\"}}],\"inLanguage\":\"de\"},{\"@type\":\"Organization\",\"@id\":\"https:\/\/exceladvisor.org\/de\/#organization\",\"name\":\"Excel Advisor\",\"url\":\"https:\/\/exceladvisor.org\/de\/\",\"logo\":{\"@type\":\"ImageObject\",\"inLanguage\":\"de\",\"@id\":\"https:\/\/exceladvisor.org\/de\/#\/schema\/logo\/image\/\",\"url\":\"https:\/\/exceladvisor.org\/de\/wp-content\/uploads\/2023\/11\/exceladvisor.org_.png\",\"contentUrl\":\"https:\/\/exceladvisor.org\/de\/wp-content\/uploads\/2023\/11\/exceladvisor.org_.png\",\"width\":105,\"height\":36,\"caption\":\"Excel Advisor\"},\"image\":{\"@id\":\"https:\/\/exceladvisor.org\/de\/#\/schema\/logo\/image\/\"}}]}<\/script>\n<!-- \/ Yoast SEO plugin. -->","yoast_head_json":{"title":"Wie sperre ich Zellen in Excel? (Leitfaden 2023)","description":"Diese Kurzanleitung hilft Ihnen beim Sperren einer oder mehrerer Zellen. Wir werden es in leicht verst\u00e4ndlichen Schritten besprechen.","robots":{"index":"index","follow":"follow","max-snippet":"max-snippet:-1","max-image-preview":"max-image-preview:large","max-video-preview":"max-video-preview:-1"},"canonical":"https:\/\/exceladvisor.org\/de\/zellen-sperren-1\/","og_locale":"de_DE","og_type":"article","og_title":"Wie sperre ich Zellen in Excel? (Leitfaden 2023)","og_description":"Diese Kurzanleitung hilft Ihnen beim Sperren einer oder mehrerer Zellen. Wir werden es in leicht verst\u00e4ndlichen Schritten besprechen.","og_url":"https:\/\/exceladvisor.org\/de\/zellen-sperren-1\/","og_site_name":"Excel Advisor","article_modified_time":"2023-12-03T13:05:07+00:00","og_image":[{"url":"https:\/\/exceladvisor.org\/wp-content\/uploads\/2023\/08\/1-selectionner-toutes-les-cellules.png","type":"","width":"","height":""}],"twitter_card":"summary_large_image","twitter_misc":{"Gesch\u00e4tzte Lesezeit":"5\u00a0Minuten"},"schema":{"@context":"https:\/\/schema.org","@graph":[{"@type":"WebPage","@id":"https:\/\/exceladvisor.org\/de\/zellen-sperren-1\/","url":"https:\/\/exceladvisor.org\/de\/zellen-sperren-1\/","name":"Wie sperre ich Zellen in Excel? (Leitfaden 2023)","isPartOf":{"@id":"https:\/\/exceladvisor.org\/de\/#website"},"primaryImageOfPage":{"@id":"https:\/\/exceladvisor.org\/de\/zellen-sperren-1\/#primaryimage"},"image":{"@id":"https:\/\/exceladvisor.org\/de\/zellen-sperren-1\/#primaryimage"},"thumbnailUrl":"https:\/\/exceladvisor.org\/wp-content\/uploads\/2023\/08\/1-selectionner-toutes-les-cellules.png","datePublished":"2023-10-27T00:49:48+00:00","dateModified":"2023-12-03T13:05:07+00:00","description":"Diese Kurzanleitung hilft Ihnen beim Sperren einer oder mehrerer Zellen. Wir werden es in leicht verst\u00e4ndlichen Schritten besprechen.","breadcrumb":{"@id":"https:\/\/exceladvisor.org\/de\/zellen-sperren-1\/#breadcrumb"},"inLanguage":"de","potentialAction":[{"@type":"ReadAction","target":["https:\/\/exceladvisor.org\/de\/zellen-sperren-1\/"]}]},{"@type":"ImageObject","inLanguage":"de","@id":"https:\/\/exceladvisor.org\/de\/zellen-sperren-1\/#primaryimage","url":"https:\/\/exceladvisor.org\/wp-content\/uploads\/2023\/08\/1-selectionner-toutes-les-cellules.png","contentUrl":"https:\/\/exceladvisor.org\/wp-content\/uploads\/2023\/08\/1-selectionner-toutes-les-cellules.png"},{"@type":"BreadcrumbList","@id":"https:\/\/exceladvisor.org\/de\/zellen-sperren-1\/#breadcrumb","itemListElement":[{"@type":"ListItem","position":1,"name":"Accueil","item":"https:\/\/exceladvisor.org\/de\/"},{"@type":"ListItem","position":2,"name":"Wie sperre ich zellen in excel?"}]},{"@type":"WebSite","@id":"https:\/\/exceladvisor.org\/de\/#website","url":"https:\/\/exceladvisor.org\/de\/","name":"Excel Advisor","description":"Ihr Leitfaden zur Datendominanz","publisher":{"@id":"https:\/\/exceladvisor.org\/de\/#organization"},"potentialAction":[{"@type":"SearchAction","target":{"@type":"EntryPoint","urlTemplate":"https:\/\/exceladvisor.org\/de\/?s={search_term_string}"},"query-input":{"@type":"PropertyValueSpecification","valueRequired":true,"valueName":"search_term_string"}}],"inLanguage":"de"},{"@type":"Organization","@id":"https:\/\/exceladvisor.org\/de\/#organization","name":"Excel Advisor","url":"https:\/\/exceladvisor.org\/de\/","logo":{"@type":"ImageObject","inLanguage":"de","@id":"https:\/\/exceladvisor.org\/de\/#\/schema\/logo\/image\/","url":"https:\/\/exceladvisor.org\/de\/wp-content\/uploads\/2023\/11\/exceladvisor.org_.png","contentUrl":"https:\/\/exceladvisor.org\/de\/wp-content\/uploads\/2023\/11\/exceladvisor.org_.png","width":105,"height":36,"caption":"Excel Advisor"},"image":{"@id":"https:\/\/exceladvisor.org\/de\/#\/schema\/logo\/image\/"}}]}},"yoast_meta":{"yoast_wpseo_title":"","yoast_wpseo_metadesc":"","yoast_wpseo_canonical":""},"_links":{"self":[{"href":"https:\/\/exceladvisor.org\/de\/wp-json\/wp\/v2\/pages\/3435","targetHints":{"allow":["GET"]}}],"collection":[{"href":"https:\/\/exceladvisor.org\/de\/wp-json\/wp\/v2\/pages"}],"about":[{"href":"https:\/\/exceladvisor.org\/de\/wp-json\/wp\/v2\/types\/page"}],"author":[{"embeddable":true,"href":"https:\/\/exceladvisor.org\/de\/wp-json\/wp\/v2\/users\/1"}],"replies":[{"embeddable":true,"href":"https:\/\/exceladvisor.org\/de\/wp-json\/wp\/v2\/comments?post=3435"}],"version-history":[{"count":1,"href":"https:\/\/exceladvisor.org\/de\/wp-json\/wp\/v2\/pages\/3435\/revisions"}],"predecessor-version":[{"id":4197,"href":"https:\/\/exceladvisor.org\/de\/wp-json\/wp\/v2\/pages\/3435\/revisions\/4197"}],"wp:attachment":[{"href":"https:\/\/exceladvisor.org\/de\/wp-json\/wp\/v2\/media?parent=3435"}],"curies":[{"name":"wp","href":"https:\/\/api.w.org\/{rel}","templated":true}]}}