{"id":3436,"date":"2023-10-27T00:16:49","date_gmt":"2023-10-27T00:16:49","guid":{"rendered":"https:\/\/exceladvisor.org\/de\/autokorrektur\/"},"modified":"2023-12-03T13:05:37","modified_gmt":"2023-12-03T13:05:37","slug":"autokorrektur","status":"publish","type":"page","link":"https:\/\/exceladvisor.org\/de\/autokorrektur\/","title":{"rendered":"Wie verwende ich autokorrektur in excel?"},"content":{"rendered":"<div class=\"excel-vor-dem-inhalt\" id=\"excel-2684903509\"><script type=\"text\/javascript\">\r\n\tatOptions = {\r\n\t\t'key' : 'c1158f160081d6540a8409e6925dab94',\r\n\t\t'format' : 'iframe',\r\n\t\t'height' : 250,\r\n\t\t'width' : 300,\r\n\t\t'params' : {}\r\n\t};\r\n<\/script>\r\n<script type=\"text\/javascript\" src=\"\/\/www.highperformanceformat.com\/c1158f160081d6540a8409e6925dab94\/invoke.js\"><\/script><\/div> <p>Wie der Name schon sagt, ist AutoKorrektur eine Excel-Funktion, die falsch geschriebene W\u00f6rter automatisch korrigiert. Aber es beschr\u00e4nkt sich nicht nur auf die Korrektur falsch geschriebener W\u00f6rter. Es verf\u00fcgt \u00fcber viele zus\u00e4tzliche Funktionen, mit denen es verwendet werden kann:<\/p><ul><li> Richtige Tippfehler,<\/li><li> Fehler bei der Gro\u00dfschreibung,<\/li><li> Abk\u00fcrzungen in Volltext umwandeln,<\/li><li> H\u00e4kchen hinzuf\u00fcgen,<\/li><li> Symbole,<\/li><li> Usw.<\/li><\/ul><p> In diesem Tutorial erfahren Sie mehr \u00fcber die verschiedenen Optionen, die f\u00fcr die Verwendung der AutoKorrektur-Funktion verf\u00fcgbar sind.<\/p><h2 class=\"wp-block-heading\"> W\u00e4hlen Sie in Excel nur die erforderlichen Autokorrekturoptionen aus<\/h2><p> Autokorrektur ist die in Excel standardm\u00e4\u00dfig aktivierte Funktion mit allen verf\u00fcgbaren Optionen. Sie k\u00f6nnen jedoch eine oder mehrere Optionen ausw\u00e4hlen und deaktivieren, die Sie nicht als Teil der Autokorrekturfunktion verwenden m\u00f6chten. Dazu m\u00fcssen Sie die folgenden Schritte ausf\u00fchren:<\/p><ol><li> Gehen Sie zun\u00e4chst im Men\u00fcband auf die Registerkarte \u201eDatei\u201c, klicken Sie dann auf \u201eOptionen\u201c und das Dialogfeld \u201eExcel-Optionen\u201c wird ge\u00f6ffnet. <br><img loading=\"lazy\" decoding=\"async\" title=\"1-Optionen-Excel\" src=\"https:\/\/exceladvisor.org\/wp-content\/uploads\/2023\/08\/1-option-excel.png\" sizes=\"auto, \" srcset=\"\" alt=\"excel-options\" width=\"517\" height=\"480\"><\/li><li> Klicken Sie anschlie\u00dfend im linken Bereich auf \u201eProofing\u201c und dann auf \u201eAutoCorrect-Optionen\u201c. <br><img loading=\"lazy\" decoding=\"async\" title=\"2-Autokorrektur-Option\" src=\"https:\/\/exceladvisor.org\/wp-content\/uploads\/2023\/08\/2-options-de-correction-automatique.png\" sizes=\"auto, \" srcset=\"\" alt=\"autocorrect-option\" width=\"552\" height=\"418\"><\/li><li> An diesem Punkt wird das Dialogfeld \u201eAutoKorrektur\u201c ge\u00f6ffnet, in dem alle Standardoptionen bereits ausgew\u00e4hlt sind.<\/li><li> Deaktivieren Sie auf der Registerkarte \u201eAutoKorrektur\u201c die Option, die Sie nicht als Teil der AutoKorrektur-Funktion verwenden m\u00f6chten, und klicken Sie dann auf \u201eOK\u201c. Durch Ausschlie\u00dfen dieser Option wird die Autokorrekturfunktion aktiviert. <br><img loading=\"lazy\" decoding=\"async\" title=\"3-Autokorrektur-Dialog\" src=\"https:\/\/exceladvisor.org\/wp-content\/uploads\/2023\/08\/3-boite-de-dialogue-de-correction-automatique.png\" sizes=\"auto, \" srcset=\"\" alt=\"autocorrect-dialog-box\" width=\"359\" height=\"428\"><\/li><\/ol><h2 class=\"wp-block-heading\"> Optionen auf der Registerkarte \u201eAutoKorrektur\u201c.<\/h2><p> In AutoCorrect stehen viele Optionen zur Verf\u00fcgung, die standardm\u00e4\u00dfig f\u00fcr die Verwendung mit der AutoCorrect-Funktion ausgew\u00e4hlt sind. Hier haben wir die Definitionen dieser Optionen erl\u00e4utert, damit Sie sie verstehen.<\/p><ol><li> <strong>Korrigieren Sie beide Anfangsbuchstaben:<\/strong> Wenn diese Option aktiviert ist, werden die ersten beiden Anfangsbuchstaben von W\u00f6rtern automatisch korrigiert. Wenn Sie beispielsweise \u201eMESsage\u201c schreiben, wird dies automatisch als \u201eNachricht\u201c korrigiert. Wenn Sie diese Option jedoch deaktivieren, korrigiert die Autokorrektur die ersten beiden Gro\u00dfbuchstaben nicht.<\/li><li> <strong>Den ersten Buchstaben von S\u00e4tzen gro\u00df schreiben:<\/strong> Wenn diese Option aktiviert ist, wird der erste Buchstabe jedes neuen Satzes automatisch gro\u00df geschrieben. Wenn Sie zum Beispiel schreiben: \u201eWie geht es euch? Uns geht es gut\u201c, wird automatisch der Buchstabe \u201ew\u201c in uns gro\u00df geschrieben und der Satz \u201eWie geht es euch?\u201c gebildet. Uns geht es gut.<\/li><li> <strong>Tagesnamen gro\u00df schreiben:<\/strong> Wie der Name schon sagt, schreibt diese Option, wenn sie aktiviert ist, automatisch die Namen der Tage, die Sie in Excel eingeben, gro\u00df. Wenn Sie beispielsweise \u201eSonntag\u201c schreiben, wird der Buchstabe \u201es\u201c gro\u00df geschrieben und daraus \u201eSonntag\u201c gemacht.<\/li><li> <strong>Versehentliche Verwendung der Feststelltaste beheben:<\/strong> Wenn diese Option aktiviert ist, werden W\u00f6rter, die versehentlich mit der Feststelltaste geschrieben wurden, automatisch korrigiert. Wenn Sie beispielsweise \u201eSonntag\u201c schreiben, wird dieses Wort automatisch zu \u201eSonntag\u201c korrigiert.<\/li><li> <strong>Text w\u00e4hrend der Eingabe ersetzen:<\/strong> Diese Option wird verwendet, um einige Shortcodes, Volltexttext oder Abk\u00fcrzungen, Text durch Symbole und einige falsch geschriebene W\u00f6rter durch die richtigen W\u00f6rter zu ersetzen. Autokorrektur verf\u00fcgt bereits \u00fcber die vordefinierte Liste von Texten und W\u00f6rtern, die bei der Eingabe in die Tabelle automatisch durch die vordefinierten Ergebnisse ersetzt werden. Sie k\u00f6nnen bestimmte vordefinierte W\u00f6rter aus der Liste entfernen und die Liste erweitern, indem Sie weitere W\u00f6rter zu dieser Liste hinzuf\u00fcgen.<\/li><\/ol><h2 class=\"wp-block-heading\"> Autokorrektur-Ausnahmen<\/h2><p> Die Autokorrekturfunktion bietet auch die M\u00f6glichkeit, bestimmte Ausnahmen festzulegen. Unter den Ausnahmen finden Sie die vordefinierte Liste, die Sie erweitern k\u00f6nnen, indem Sie weitere Ausnahmen hinzuf\u00fcgen, oder l\u00f6schen, indem Sie nicht erforderliche Ausnahmen aus der Liste entfernen.<\/p><ol><li> Klicken Sie auf der Registerkarte \u201eAutoKorrektur\u201c auf die Schaltfl\u00e4che \u201eAusnahmen\u201c. <br><img loading=\"lazy\" decoding=\"async\" title=\"4-Autokorrektur-Ausnahmen\" src=\"https:\/\/exceladvisor.org\/wp-content\/uploads\/2023\/08\/4-exceptions-de-correction-automatique.png\" sizes=\"auto, \" srcset=\"\" alt=\"autocorrect-exceptions\" width=\"364\" height=\"433\"><\/li><li> Sobald Sie auf die Schaltfl\u00e4che \u201eAusnahmen\u201c klicken, wird das Dialogfeld \u201eAutoCorrect-Ausnahmen\u201c ge\u00f6ffnet.<\/li><li> Unter der Registerkarte \u201eErster Buchstabe\u201c finden Sie die vordefinierte Liste der Ausnahmen, bei denen die Autokorrektur nach dem Punkt (.)\/Punkt bestimmter Buchstaben oder W\u00f6rter den ersten Buchstaben nicht gro\u00df schreibt. Sie k\u00f6nnen diese Liste je nach Bedarf erweitern oder l\u00f6schen. <br><img loading=\"lazy\" decoding=\"async\" title=\"Tab 5 \u2013 erster Buchstabe\" src=\"https:\/\/exceladvisor.org\/wp-content\/uploads\/2023\/08\/5-onglet-premiere-lettre.png\" sizes=\"auto, \" srcset=\"\" alt=\"first-letter-tab\" width=\"337\" height=\"265\"><\/li><li> Auf der Registerkarte \u201eAnfangsgro\u00dfbuchstaben\u201c k\u00f6nnen Sie die Liste der W\u00f6rter hinzuf\u00fcgen, bei denen die Autokorrektur die ersten beiden Gro\u00dfbuchstaben von W\u00f6rtern nicht \u00fcberpr\u00fcfen soll, wie dies der Fall ist, wenn Sie in den Autokorrekturoptionen die Option \u201eZwei Anfangsbuchstaben gro\u00dfgeschrieben\u201c ausw\u00e4hlen, z oben erw\u00e4hnt. <br><img loading=\"lazy\" decoding=\"async\" title=\"Tab. 6 Anfangsbuchstaben in Gro\u00dfbuchstaben\" src=\"https:\/\/exceladvisor.org\/wp-content\/uploads\/2023\/08\/Onglet-6-majuscules-initiales.png\" sizes=\"auto, \" srcset=\"\" alt=\"initial-caps-tab\" width=\"333\" height=\"261\"><\/li><\/ol><p> Wie Sie im Screenshot oben sehen k\u00f6nnen, haben wir \u201eExceladvisor\u201c und \u201eIDs\u201c zur Liste hinzugef\u00fcgt, was bedeutet, dass die Autokorrektur von nun an bei jeder Eingabe dieser beiden W\u00f6rter in die Arbeitsblattberechnung den zweiten Buchstaben des Wortes nicht mehr \u00e4ndert bis endet, weil wir die Ausnahme f\u00fcr diese beiden W\u00f6rter definiert haben.<\/p><h2 class=\"wp-block-heading\"> Automatische Formatierungsoptionen w\u00e4hrend der Eingabe<\/h2><p> Die Registerkarte \u201eAutomatisches Format\u201c besteht aus drei standardm\u00e4\u00dfig ausgew\u00e4hlten Optionen f\u00fcr das automatische Format, die beim Arbeiten in Excel sehr n\u00fctzlich sind, was im Folgenden erl\u00e4utert wird: <\/p><div class=\"wp-block-image\"><figure class=\"aligncenter size-full is-resized\"><img loading=\"lazy\" decoding=\"async\" class=\"wp-image-79157\" src=\"https:\/\/exceladvisor.org\/wp-content\/uploads\/2023\/08\/7-mise-en-forme-automatique-au-fur-et-a-mesure-de-la-frappe.png\" sizes=\"auto, \" srcset=\"\" alt=\"Automatische Formatierung w\u00e4hrend der Eingabe\" width=\"391\" height=\"461\"><\/figure><\/div><ol><li> <strong>Internet- und Netzwerkpfad mit Hyperlinks:<\/strong> Sie haben immer gesehen, dass, wenn Sie einen Hyperlink oder eine Webadresse in die Tabelle eingeben, diese in einen Hyperlink umgewandelt wird, indem Sie auf den Hyperlink klicken, der zu dieser Linkadresse weiterleiten kann. All dies geschieht dank dieser Option. Wenn Sie diese Links nicht in Hyperlinks umwandeln m\u00f6chten, deaktivieren Sie diese Option.<\/li><li> <strong>Neue Zeilen und Spalten in der Tabelle:<\/strong> Sie haben immer gesehen, dass, wenn Sie einen Wert in die angrenzende Spalte oder Zeile der Excel-Tabelle eingeben, die Tabelle um diese Zeile oder Spalte erweitert wird, einschlie\u00dflich dieser Werte in der Tabelle. All dies geschieht dank dieser Option. Wenn Sie es deaktivieren, wird die Excel-Tabelle nicht mehr automatisch erweitert.<\/li><li> <strong>Formeln in Tabelle f\u00fcllen:<\/strong> Diese Option kopiert automatisch die von Ihnen eingegebene Formel in alle Zellen in derselben Spalte der Excel-Tabelle, indem die Zellbez\u00fcge der Formel angepasst werden.<\/li><\/ol><h2 class=\"wp-block-heading\"> Tab-Aktionen<\/h2><p> Auf der Registerkarte \u201eAktion\u201c k\u00f6nnen zus\u00e4tzliche Aktionen basierend auf bestimmten W\u00f6rtern, Texten oder Werten erstellt werden. Standardm\u00e4\u00dfig sind zus\u00e4tzliche Aktionen deaktiviert. Um sie zu aktivieren, w\u00e4hlen Sie die Option \u201eZus\u00e4tzliche Aktionen aus dem Kontextmen\u00fc aktivieren\u201c.<\/p><p> Excel verf\u00fcgt nur \u00fcber Datum (XML) als zus\u00e4tzliche vordefinierte Aktion in der Liste, Sie k\u00f6nnen jedoch bei Bedarf weitere erstellen. <\/p><div class=\"wp-block-image\"><figure class=\"aligncenter size-full is-resized\"><img loading=\"lazy\" decoding=\"async\" class=\"wp-image-79158\" src=\"https:\/\/exceladvisor.org\/wp-content\/uploads\/2023\/08\/onglet-8-actions.png\" sizes=\"auto, \" srcset=\"\" alt=\"Tab-Aktionen\" width=\"379\" height=\"446\"><\/figure><\/div><p> Sobald Sie diese Option aktivieren, wird die Datumsaktion aktiviert, da sie von Excel vordefiniert ist, d. h. erst dann, wenn Sie das Datum in die Zelle eingeben.<\/p><p> Wenn Sie mit der rechten Maustaste darauf klicken, zeigt Ihnen Excel die Outlook-Kalenderoptionen an. Wenn Sie darauf klicken, gelangen Sie zu Ihrem Kalender.<\/p><p> Outlook muss mit der E-Mail-ID konfiguriert sein, um diese zus\u00e4tzliche Kalenderoption anzuzeigen.<\/p><h2 class=\"wp-block-heading\"> Registerkarte \u201eMathematik-Autokorrektur\u201c.<\/h2><p> Die Registerkarte \u201eMath AutoCorrect\u201c wird zum Einf\u00fcgen mathematischer Symbole in Gleichungen verwendet. <\/p><div class=\"wp-block-image\"><figure class=\"aligncenter size-full is-resized\"><img loading=\"lazy\" decoding=\"async\" class=\"wp-image-79159\" src=\"https:\/\/exceladvisor.org\/wp-content\/uploads\/2023\/08\/9-onglet-de-correction-automatique-des-mathematiques.png\" sizes=\"auto, \" srcset=\"\" alt=\"Mathe-Tab-Autokorrektur\" width=\"379\" height=\"445\"><\/figure><\/div><p class=\"grey-note\"> Diese mathematische AutoKorrekturfunktion funktioniert in der Zelle nicht. Dies funktioniert nur in Gleichungen (Registerkarte \u201eEinf\u00fcgen\u201c unter \u201eSymbole zu Gleichungen\u201c).<\/p><h2 class=\"wp-block-heading\"> Deaktivieren Sie die Autokorrektur<\/h2><p> Excel bietet keine M\u00f6glichkeit, die AutoKorrekturfunktion direkt zu deaktivieren. Um die AutoKorrektur-Funktion vollst\u00e4ndig zu stoppen, m\u00fcssen Benutzer alle \u201eAutoKorrektur\u201c- und anderen Registerkartenoptionen deaktivieren. <\/p><div class=\"wp-block-image\"><figure class=\"aligncenter size-full is-resized\"><img loading=\"lazy\" decoding=\"async\" class=\"wp-image-79160\" src=\"https:\/\/exceladvisor.org\/wp-content\/uploads\/2023\/08\/10-options-de-correction-automatique.png\" sizes=\"auto, \" srcset=\"\" alt=\"Deaktivieren Sie die Autokorrekturoptionen\" width=\"382\" height=\"449\"><\/figure><\/div><div class=\"gb-container gb-container-4db6181c gb-container-mt\"> <a class=\"gb-button gb-button-c5897111 gb-button-text gb-button-mt-button\" href=\"https:\/\/exceladvisor.org\/de\/excel-fortschritt\/\">Erweiterte Excel-Tutorials<\/a><h2 class=\"gb-headline gb-headline-665e5f6b gb-headline-text gb-headline-mt-heading\"> Verwandte Tutorials <\/h2><div class=\"gb-grid-wrapper gb-grid-wrapper-a20baf7c gb-grid-wrapper-mt-grid\"><div class=\"gb-grid-column gb-grid-column-50067b57\"><div class=\"gb-container gb-container-50067b57\"><ul><li> <a href=\"https:\/\/exceladvisor.org\/de\/personalisierte-listen\/\">Benutzerdefinierte Liste in Excel<\/a><\/li><li> <a href=\"https:\/\/exceladvisor.org\/de\/pdf-in-excel\/\">F\u00fcgen Sie ein PDF in Excel ein<\/a><\/li><li> <a href=\"https:\/\/exceladvisor.org\/de\/ein-bild-einfugen\/\">F\u00fcgen Sie ein Bild in eine Zelle in Excel ein<\/a><\/li><li> <a href=\"https:\/\/exceladvisor.org\/de\/datei-einbetten\/\">Betten Sie eine Datei in Excel ein<\/a><\/li><li> Konvertieren Sie PDF in Excel<\/li><\/ul><\/div><\/div><\/div><\/div>","protected":false},"excerpt":{"rendered":"","protected":false},"author":1,"featured_media":0,"parent":0,"menu_order":0,"comment_status":"open","ping_status":"closed","template":"","meta":{"ub_ctt_via":"","footnotes":""},"class_list":["post-3436","page","type-page","status-publish","hentry"],"featured_image_src":null,"yoast_head":"<!-- This site is optimized with the Yoast SEO plugin v25.4 - https:\/\/yoast.com\/wordpress\/plugins\/seo\/ -->\n<title>Wie verwende ich AutoKorrektur in Excel?<\/title>\n<meta name=\"description\" content=\"In dieser Kurzanleitung erfahren Sie mehr \u00fcber die AutoKorrektur-Option in Excel.\" \/>\n<meta name=\"robots\" content=\"index, follow, max-snippet:-1, max-image-preview:large, max-video-preview:-1\" \/>\n<link rel=\"canonical\" href=\"https:\/\/exceladvisor.org\/de\/autokorrektur\/\" \/>\n<meta property=\"og:locale\" content=\"de_DE\" \/>\n<meta property=\"og:type\" content=\"article\" \/>\n<meta property=\"og:title\" content=\"Wie verwende ich AutoKorrektur in Excel?\" \/>\n<meta property=\"og:description\" content=\"In dieser Kurzanleitung erfahren Sie mehr \u00fcber die AutoKorrektur-Option in Excel.\" \/>\n<meta property=\"og:url\" content=\"https:\/\/exceladvisor.org\/de\/autokorrektur\/\" \/>\n<meta property=\"og:site_name\" content=\"Excel Advisor\" \/>\n<meta property=\"article:modified_time\" content=\"2023-12-03T13:05:37+00:00\" \/>\n<meta property=\"og:image\" content=\"https:\/\/exceladvisor.org\/wp-content\/uploads\/2023\/08\/1-option-excel.png\" \/>\n<meta name=\"twitter:card\" content=\"summary_large_image\" \/>\n<meta name=\"twitter:label1\" content=\"Gesch\u00e4tzte Lesezeit\" \/>\n\t<meta name=\"twitter:data1\" content=\"6\u00a0Minuten\" \/>\n<script type=\"application\/ld+json\" class=\"yoast-schema-graph\">{\"@context\":\"https:\/\/schema.org\",\"@graph\":[{\"@type\":\"WebPage\",\"@id\":\"https:\/\/exceladvisor.org\/de\/autokorrektur\/\",\"url\":\"https:\/\/exceladvisor.org\/de\/autokorrektur\/\",\"name\":\"Wie verwende ich AutoKorrektur in Excel?\",\"isPartOf\":{\"@id\":\"https:\/\/exceladvisor.org\/de\/#website\"},\"primaryImageOfPage\":{\"@id\":\"https:\/\/exceladvisor.org\/de\/autokorrektur\/#primaryimage\"},\"image\":{\"@id\":\"https:\/\/exceladvisor.org\/de\/autokorrektur\/#primaryimage\"},\"thumbnailUrl\":\"https:\/\/exceladvisor.org\/wp-content\/uploads\/2023\/08\/1-option-excel.png\",\"datePublished\":\"2023-10-27T00:16:49+00:00\",\"dateModified\":\"2023-12-03T13:05:37+00:00\",\"description\":\"In dieser Kurzanleitung erfahren Sie mehr \u00fcber die AutoKorrektur-Option in Excel.\",\"breadcrumb\":{\"@id\":\"https:\/\/exceladvisor.org\/de\/autokorrektur\/#breadcrumb\"},\"inLanguage\":\"de\",\"potentialAction\":[{\"@type\":\"ReadAction\",\"target\":[\"https:\/\/exceladvisor.org\/de\/autokorrektur\/\"]}]},{\"@type\":\"ImageObject\",\"inLanguage\":\"de\",\"@id\":\"https:\/\/exceladvisor.org\/de\/autokorrektur\/#primaryimage\",\"url\":\"https:\/\/exceladvisor.org\/wp-content\/uploads\/2023\/08\/1-option-excel.png\",\"contentUrl\":\"https:\/\/exceladvisor.org\/wp-content\/uploads\/2023\/08\/1-option-excel.png\"},{\"@type\":\"BreadcrumbList\",\"@id\":\"https:\/\/exceladvisor.org\/de\/autokorrektur\/#breadcrumb\",\"itemListElement\":[{\"@type\":\"ListItem\",\"position\":1,\"name\":\"Accueil\",\"item\":\"https:\/\/exceladvisor.org\/de\/\"},{\"@type\":\"ListItem\",\"position\":2,\"name\":\"Wie verwende ich autokorrektur in excel?\"}]},{\"@type\":\"WebSite\",\"@id\":\"https:\/\/exceladvisor.org\/de\/#website\",\"url\":\"https:\/\/exceladvisor.org\/de\/\",\"name\":\"Excel Advisor\",\"description\":\"Ihr Leitfaden zur Datendominanz\",\"publisher\":{\"@id\":\"https:\/\/exceladvisor.org\/de\/#organization\"},\"potentialAction\":[{\"@type\":\"SearchAction\",\"target\":{\"@type\":\"EntryPoint\",\"urlTemplate\":\"https:\/\/exceladvisor.org\/de\/?s={search_term_string}\"},\"query-input\":{\"@type\":\"PropertyValueSpecification\",\"valueRequired\":true,\"valueName\":\"search_term_string\"}}],\"inLanguage\":\"de\"},{\"@type\":\"Organization\",\"@id\":\"https:\/\/exceladvisor.org\/de\/#organization\",\"name\":\"Excel Advisor\",\"url\":\"https:\/\/exceladvisor.org\/de\/\",\"logo\":{\"@type\":\"ImageObject\",\"inLanguage\":\"de\",\"@id\":\"https:\/\/exceladvisor.org\/de\/#\/schema\/logo\/image\/\",\"url\":\"https:\/\/exceladvisor.org\/de\/wp-content\/uploads\/2023\/11\/exceladvisor.org_.png\",\"contentUrl\":\"https:\/\/exceladvisor.org\/de\/wp-content\/uploads\/2023\/11\/exceladvisor.org_.png\",\"width\":105,\"height\":36,\"caption\":\"Excel Advisor\"},\"image\":{\"@id\":\"https:\/\/exceladvisor.org\/de\/#\/schema\/logo\/image\/\"}}]}<\/script>\n<!-- \/ Yoast SEO plugin. -->","yoast_head_json":{"title":"Wie verwende ich AutoKorrektur in Excel?","description":"In dieser Kurzanleitung erfahren Sie mehr \u00fcber die AutoKorrektur-Option in Excel.","robots":{"index":"index","follow":"follow","max-snippet":"max-snippet:-1","max-image-preview":"max-image-preview:large","max-video-preview":"max-video-preview:-1"},"canonical":"https:\/\/exceladvisor.org\/de\/autokorrektur\/","og_locale":"de_DE","og_type":"article","og_title":"Wie verwende ich AutoKorrektur in Excel?","og_description":"In dieser Kurzanleitung erfahren Sie mehr \u00fcber die AutoKorrektur-Option in Excel.","og_url":"https:\/\/exceladvisor.org\/de\/autokorrektur\/","og_site_name":"Excel Advisor","article_modified_time":"2023-12-03T13:05:37+00:00","og_image":[{"url":"https:\/\/exceladvisor.org\/wp-content\/uploads\/2023\/08\/1-option-excel.png","type":"","width":"","height":""}],"twitter_card":"summary_large_image","twitter_misc":{"Gesch\u00e4tzte Lesezeit":"6\u00a0Minuten"},"schema":{"@context":"https:\/\/schema.org","@graph":[{"@type":"WebPage","@id":"https:\/\/exceladvisor.org\/de\/autokorrektur\/","url":"https:\/\/exceladvisor.org\/de\/autokorrektur\/","name":"Wie verwende ich AutoKorrektur in Excel?","isPartOf":{"@id":"https:\/\/exceladvisor.org\/de\/#website"},"primaryImageOfPage":{"@id":"https:\/\/exceladvisor.org\/de\/autokorrektur\/#primaryimage"},"image":{"@id":"https:\/\/exceladvisor.org\/de\/autokorrektur\/#primaryimage"},"thumbnailUrl":"https:\/\/exceladvisor.org\/wp-content\/uploads\/2023\/08\/1-option-excel.png","datePublished":"2023-10-27T00:16:49+00:00","dateModified":"2023-12-03T13:05:37+00:00","description":"In dieser Kurzanleitung erfahren Sie mehr \u00fcber die AutoKorrektur-Option in Excel.","breadcrumb":{"@id":"https:\/\/exceladvisor.org\/de\/autokorrektur\/#breadcrumb"},"inLanguage":"de","potentialAction":[{"@type":"ReadAction","target":["https:\/\/exceladvisor.org\/de\/autokorrektur\/"]}]},{"@type":"ImageObject","inLanguage":"de","@id":"https:\/\/exceladvisor.org\/de\/autokorrektur\/#primaryimage","url":"https:\/\/exceladvisor.org\/wp-content\/uploads\/2023\/08\/1-option-excel.png","contentUrl":"https:\/\/exceladvisor.org\/wp-content\/uploads\/2023\/08\/1-option-excel.png"},{"@type":"BreadcrumbList","@id":"https:\/\/exceladvisor.org\/de\/autokorrektur\/#breadcrumb","itemListElement":[{"@type":"ListItem","position":1,"name":"Accueil","item":"https:\/\/exceladvisor.org\/de\/"},{"@type":"ListItem","position":2,"name":"Wie verwende ich autokorrektur in excel?"}]},{"@type":"WebSite","@id":"https:\/\/exceladvisor.org\/de\/#website","url":"https:\/\/exceladvisor.org\/de\/","name":"Excel Advisor","description":"Ihr Leitfaden zur Datendominanz","publisher":{"@id":"https:\/\/exceladvisor.org\/de\/#organization"},"potentialAction":[{"@type":"SearchAction","target":{"@type":"EntryPoint","urlTemplate":"https:\/\/exceladvisor.org\/de\/?s={search_term_string}"},"query-input":{"@type":"PropertyValueSpecification","valueRequired":true,"valueName":"search_term_string"}}],"inLanguage":"de"},{"@type":"Organization","@id":"https:\/\/exceladvisor.org\/de\/#organization","name":"Excel Advisor","url":"https:\/\/exceladvisor.org\/de\/","logo":{"@type":"ImageObject","inLanguage":"de","@id":"https:\/\/exceladvisor.org\/de\/#\/schema\/logo\/image\/","url":"https:\/\/exceladvisor.org\/de\/wp-content\/uploads\/2023\/11\/exceladvisor.org_.png","contentUrl":"https:\/\/exceladvisor.org\/de\/wp-content\/uploads\/2023\/11\/exceladvisor.org_.png","width":105,"height":36,"caption":"Excel Advisor"},"image":{"@id":"https:\/\/exceladvisor.org\/de\/#\/schema\/logo\/image\/"}}]}},"yoast_meta":{"yoast_wpseo_title":"","yoast_wpseo_metadesc":"","yoast_wpseo_canonical":""},"_links":{"self":[{"href":"https:\/\/exceladvisor.org\/de\/wp-json\/wp\/v2\/pages\/3436","targetHints":{"allow":["GET"]}}],"collection":[{"href":"https:\/\/exceladvisor.org\/de\/wp-json\/wp\/v2\/pages"}],"about":[{"href":"https:\/\/exceladvisor.org\/de\/wp-json\/wp\/v2\/types\/page"}],"author":[{"embeddable":true,"href":"https:\/\/exceladvisor.org\/de\/wp-json\/wp\/v2\/users\/1"}],"replies":[{"embeddable":true,"href":"https:\/\/exceladvisor.org\/de\/wp-json\/wp\/v2\/comments?post=3436"}],"version-history":[{"count":1,"href":"https:\/\/exceladvisor.org\/de\/wp-json\/wp\/v2\/pages\/3436\/revisions"}],"predecessor-version":[{"id":4226,"href":"https:\/\/exceladvisor.org\/de\/wp-json\/wp\/v2\/pages\/3436\/revisions\/4226"}],"wp:attachment":[{"href":"https:\/\/exceladvisor.org\/de\/wp-json\/wp\/v2\/media?parent=3436"}],"curies":[{"name":"wp","href":"https:\/\/api.w.org\/{rel}","templated":true}]}}