{"id":3437,"date":"2023-10-27T00:10:45","date_gmt":"2023-10-27T00:10:45","guid":{"rendered":"https:\/\/exceladvisor.org\/de\/pdf-in-excel\/"},"modified":"2023-12-03T11:20:28","modified_gmt":"2023-12-03T11:20:28","slug":"pdf-in-excel","status":"publish","type":"page","link":"https:\/\/exceladvisor.org\/de\/pdf-in-excel\/","title":{"rendered":"Wie f\u00fcge ich ein pdf in excel ein?"},"content":{"rendered":"<div class=\"excel-vor-dem-inhalt\" id=\"excel-2145851189\"><script type=\"text\/javascript\">\r\n\tatOptions = {\r\n\t\t'key' : 'c1158f160081d6540a8409e6925dab94',\r\n\t\t'format' : 'iframe',\r\n\t\t'height' : 250,\r\n\t\t'width' : 300,\r\n\t\t'params' : {}\r\n\t};\r\n<\/script>\r\n<script type=\"text\/javascript\" src=\"\/\/www.highperformanceformat.com\/c1158f160081d6540a8409e6925dab94\/invoke.js\"><\/script><\/div> <p>Microsoft Excel kann PDF-Dokumente in die Tabellenkalkulation einf\u00fcgen, ohne dass sich dies auf den Datensatz auswirkt. Benutzer k\u00f6nnen PDF-Dokumente in die Tabellenkalkulation einf\u00fcgen oder einbetten, wenn sie das PDF-Dokument mit der Tabellenkalkulation teilen und darauf verweisen m\u00f6chten.<\/p><p> Dieses Tutorial zeigt Ihnen, wie Sie PDF-Dateien schnell in eine beliebige Tabellenkalkulation einf\u00fcgen.<\/p><h2 class=\"wp-block-heading\"> PDF als Objekt in Excel einf\u00fcgen<\/h2><p> Sie k\u00f6nnen das PDF-Dokument als Objekt in die Tabelle einf\u00fcgen.<\/p><p> Und wenn Sie diese Excel-Datei nach dem Hinzuf\u00fcgen an einen beliebigen Benutzer weitergeben oder senden, erh\u00e4lt dieser Benutzer diese eingebettete PDF- und Excel-Datei und kann diese PDF \u00f6ffnen und speichern.<\/p><ol><li> <span data-preserver-spaces=\"true\">\u00d6ffnen Sie zun\u00e4chst eine Arbeitsmappe, in die Sie das PDF-Dokument als Anhang einf\u00fcgen m\u00f6chten.<\/span><\/li><li> Gehen Sie anschlie\u00dfend zur Registerkarte \u201eEinf\u00fcgen\u201c, klicken Sie auf das Symbol \u201eText\u201c und dann auf die Option \u201eObjekt\u201c. <br><img loading=\"lazy\" decoding=\"async\" title=\"1-Text-Symbol im Men\u00fcband\" src=\"https:\/\/exceladvisor.org\/wp-content\/uploads\/2023\/08\/1-icone-de-texte-dans-le-ruban.png\" sizes=\"auto, \" srcset=\"\" alt=\"text-icon-in-ribbon\" width=\"652\" height=\"354\"><\/li><li> Klicken Sie hier im Dialogfeld \u201eObjekt\u201c auf die Registerkarte \u201eAus Datei erstellen\u201c und dann auf die Schaltfl\u00e4che \u201eDurchsuchen\u201c, um die PDF-Datei aus Ihrem System auszuw\u00e4hlen. <br><img loading=\"lazy\" decoding=\"async\" title=\"Tab 2-aus-Datei erstellen\" src=\"https:\/\/exceladvisor.org\/wp-content\/uploads\/2023\/08\/2-creer-a-partir-de-longlet-fichier.png\" sizes=\"auto, \" srcset=\"\" alt=\"create-from-file-tab\" width=\"506\" height=\"439\"><\/li><li> W\u00e4hlen Sie nach Auswahl der Datei die Option \u201eAls Symbol anzeigen\u201c, damit die Datei als Objekt eingebettet wird, und klicken Sie auf \u201eOK\u201c.<\/li><li> Wenn Sie die \u00c4nderungen im eingebetteten PDF synchronisieren m\u00f6chten, was Sie im Original-PDF-Dokument tun werden, w\u00e4hlen Sie bitte gleichzeitig auch \u201eMit Datei verkn\u00fcpfen\u201c. <br><img loading=\"lazy\" decoding=\"async\" title=\"3-W\u00e4hlen Sie \u201eAls Symbol anzeigen\u201c.\" src=\"https:\/\/exceladvisor.org\/wp-content\/uploads\/2023\/08\/3-selectionner-laffichage-sous-forme-dicone.png\" sizes=\"auto, \" srcset=\"\" alt=\"select-display-as-icon\" width=\"507\" height=\"443\"><\/li><li> Nach dem Einbetten der PDF-Datei k\u00f6nnen Sie ihre Gr\u00f6\u00dfe auf die Zellengr\u00f6\u00dfe anpassen, indem Sie den Mauszeiger \u00fcber einen runden Rand bewegen und ihn dann ziehen und verkleinern, um ihn an eine Zelle anzupassen. <br><img loading=\"lazy\" decoding=\"async\" title=\"4-Dokument-PDF-eingebettet\" src=\"https:\/\/exceladvisor.org\/wp-content\/uploads\/2023\/08\/4-documents-pdf-integres.png\" sizes=\"auto, \" srcset=\"\" alt=\"embedded-pdf-document\" width=\"373\" height=\"188\"><\/li><li> Um nun das eingebettete PDF-Dokumentsymbol in der Zelle zu sperren, klicken Sie mit der rechten Maustaste darauf und klicken Sie auf die Option \u201eObjekt formatieren\u201c. <br><img loading=\"lazy\" decoding=\"async\" title=\"5-lock-the-pdf-embeds\" src=\"https:\/\/exceladvisor.org\/wp-content\/uploads\/2023\/08\/5-verrouiller-le-pdf-integre.png\" sizes=\"auto, \" srcset=\"\" alt=\"lock-the-embedded-pdf\" width=\"505\" height=\"308\"><\/li><li> Gehen Sie am Ende im Dialogfeld \u201eObjekt formatieren\u201c zur Registerkarte \u201eEigenschaften\u201c, w\u00e4hlen Sie dann die Option \u201eVerschieben und Gr\u00f6\u00dfe mit Zellen anpassen\u201c, damit das Symbol gesperrt ist und sich nur innerhalb der Zelle bewegt, und klicken Sie dann auf \u201eOK\u201c. <br><img loading=\"lazy\" decoding=\"async\" title=\"6-W\u00e4hlen Sie \u201eVerschieben und Gr\u00f6\u00dfe mit Zellen\u201c.\" src=\"https:\/\/exceladvisor.org\/wp-content\/uploads\/2023\/08\/6-selectionner-le-deplacement-et-la-taille-avec-les-cellules.png\" sizes=\"auto, \" srcset=\"\" alt=\"select-move-and-size-with-cells\" width=\"479\" height=\"459\"><\/li><\/ol><h2 class=\"wp-block-heading\"> Andere M\u00f6glichkeiten, ein PDF in Excel einzuf\u00fcgen.<\/h2><ol><li> Wenn Sie nur \u00fcber ein einseitiges PDF-Dokument verf\u00fcgen, k\u00f6nnen Sie es in ein Bild (jpg, png) konvertieren und dieses <strong>Bild zu Excel<\/strong> hinzuf\u00fcgen.<\/li><li> Wenn Sie eine Datentabelle im PDF-Dokument haben und diese Datentabelle in Excel einf\u00fcgen m\u00f6chten, konvertieren Sie das PDF mit dem Konverter in das Excel-Format.<\/li><\/ol><div class=\"gb-container gb-container-4db6181c gb-container-mt\"> <a class=\"gb-button gb-button-c5897111 gb-button-text gb-button-mt-button\" href=\"https:\/\/exceladvisor.org\/de\/excel-fortschritt\/\">Erweiterte Excel-Tutorials<\/a><h2 class=\"gb-headline gb-headline-665e5f6b gb-headline-text gb-headline-mt-heading\"> Verwandte Tutorials <\/h2><div class=\"gb-grid-wrapper gb-grid-wrapper-a20baf7c gb-grid-wrapper-mt-grid\"><div class=\"gb-grid-column gb-grid-column-65ddf67e\"><div class=\"gb-container gb-container-65ddf67e\"><ul><li> <a href=\"https:\/\/exceladvisor.org\/de\/kamera-tool\/\">Excel-Kamera-Tool<\/a><\/li><li> <a href=\"https:\/\/exceladvisor.org\/de\/ziel-suchen\/\">Zielfinder in Excel<\/a><\/li><li> <a href=\"https:\/\/exceladvisor.org\/de\/uhrfenster\/\">Beobachtungsfenster in Excel<\/a><\/li><li> <a href=\"https:\/\/exceladvisor.org\/de\/excel-slicer\/\">Excel Slicer (vollst\u00e4ndige Anleitung)<\/a><\/li><li> <a href=\"https:\/\/exceladvisor.org\/de\/excel-standardmassig-auf-dem-mac\/\">Machen Sie Excel auf dem Mac zum Standard<\/a><\/li><\/ul><\/div><\/div><\/div><\/div>","protected":false},"excerpt":{"rendered":"","protected":false},"author":1,"featured_media":0,"parent":0,"menu_order":0,"comment_status":"open","ping_status":"closed","template":"","meta":{"ub_ctt_via":"","footnotes":""},"class_list":["post-3437","page","type-page","status-publish","hentry"],"featured_image_src":null,"yoast_head":"<!-- This site is optimized with the Yoast SEO plugin v25.4 - https:\/\/yoast.com\/wordpress\/plugins\/seo\/ -->\n<title>Wie f\u00fcge ich ein PDF in Excel ein? (Tutorial 2023)<\/title>\n<meta name=\"description\" content=\"Diese Kurzanleitung hilft Ihnen beim Einf\u00fcgen einer PDF-Datei in Excel. Wir werden es in leicht verst\u00e4ndlichen Schritten besprechen.\" \/>\n<meta name=\"robots\" content=\"index, follow, max-snippet:-1, max-image-preview:large, max-video-preview:-1\" \/>\n<link rel=\"canonical\" href=\"https:\/\/exceladvisor.org\/de\/pdf-in-excel\/\" \/>\n<meta property=\"og:locale\" content=\"de_DE\" \/>\n<meta property=\"og:type\" content=\"article\" \/>\n<meta property=\"og:title\" content=\"Wie f\u00fcge ich ein PDF in Excel ein? (Tutorial 2023)\" \/>\n<meta property=\"og:description\" content=\"Diese Kurzanleitung hilft Ihnen beim Einf\u00fcgen einer PDF-Datei in Excel. Wir werden es in leicht verst\u00e4ndlichen Schritten besprechen.\" \/>\n<meta property=\"og:url\" content=\"https:\/\/exceladvisor.org\/de\/pdf-in-excel\/\" \/>\n<meta property=\"og:site_name\" content=\"Excel Advisor\" \/>\n<meta property=\"article:modified_time\" content=\"2023-12-03T11:20:28+00:00\" \/>\n<meta property=\"og:image\" content=\"https:\/\/exceladvisor.org\/wp-content\/uploads\/2023\/08\/1-icone-de-texte-dans-le-ruban.png\" \/>\n<meta name=\"twitter:card\" content=\"summary_large_image\" \/>\n<meta name=\"twitter:label1\" content=\"Gesch\u00e4tzte Lesezeit\" \/>\n\t<meta name=\"twitter:data1\" content=\"2\u00a0Minuten\" \/>\n<script type=\"application\/ld+json\" class=\"yoast-schema-graph\">{\"@context\":\"https:\/\/schema.org\",\"@graph\":[{\"@type\":\"WebPage\",\"@id\":\"https:\/\/exceladvisor.org\/de\/pdf-in-excel\/\",\"url\":\"https:\/\/exceladvisor.org\/de\/pdf-in-excel\/\",\"name\":\"Wie f\u00fcge ich ein PDF in Excel ein? (Tutorial 2023)\",\"isPartOf\":{\"@id\":\"https:\/\/exceladvisor.org\/de\/#website\"},\"primaryImageOfPage\":{\"@id\":\"https:\/\/exceladvisor.org\/de\/pdf-in-excel\/#primaryimage\"},\"image\":{\"@id\":\"https:\/\/exceladvisor.org\/de\/pdf-in-excel\/#primaryimage\"},\"thumbnailUrl\":\"https:\/\/exceladvisor.org\/wp-content\/uploads\/2023\/08\/1-icone-de-texte-dans-le-ruban.png\",\"datePublished\":\"2023-10-27T00:10:45+00:00\",\"dateModified\":\"2023-12-03T11:20:28+00:00\",\"description\":\"Diese Kurzanleitung hilft Ihnen beim Einf\u00fcgen einer PDF-Datei in Excel. Wir werden es in leicht verst\u00e4ndlichen Schritten besprechen.\",\"breadcrumb\":{\"@id\":\"https:\/\/exceladvisor.org\/de\/pdf-in-excel\/#breadcrumb\"},\"inLanguage\":\"de\",\"potentialAction\":[{\"@type\":\"ReadAction\",\"target\":[\"https:\/\/exceladvisor.org\/de\/pdf-in-excel\/\"]}]},{\"@type\":\"ImageObject\",\"inLanguage\":\"de\",\"@id\":\"https:\/\/exceladvisor.org\/de\/pdf-in-excel\/#primaryimage\",\"url\":\"https:\/\/exceladvisor.org\/wp-content\/uploads\/2023\/08\/1-icone-de-texte-dans-le-ruban.png\",\"contentUrl\":\"https:\/\/exceladvisor.org\/wp-content\/uploads\/2023\/08\/1-icone-de-texte-dans-le-ruban.png\"},{\"@type\":\"BreadcrumbList\",\"@id\":\"https:\/\/exceladvisor.org\/de\/pdf-in-excel\/#breadcrumb\",\"itemListElement\":[{\"@type\":\"ListItem\",\"position\":1,\"name\":\"Accueil\",\"item\":\"https:\/\/exceladvisor.org\/de\/\"},{\"@type\":\"ListItem\",\"position\":2,\"name\":\"Wie f\u00fcge ich ein pdf in excel ein?\"}]},{\"@type\":\"WebSite\",\"@id\":\"https:\/\/exceladvisor.org\/de\/#website\",\"url\":\"https:\/\/exceladvisor.org\/de\/\",\"name\":\"Excel Advisor\",\"description\":\"Ihr Leitfaden zur Datendominanz\",\"publisher\":{\"@id\":\"https:\/\/exceladvisor.org\/de\/#organization\"},\"potentialAction\":[{\"@type\":\"SearchAction\",\"target\":{\"@type\":\"EntryPoint\",\"urlTemplate\":\"https:\/\/exceladvisor.org\/de\/?s={search_term_string}\"},\"query-input\":{\"@type\":\"PropertyValueSpecification\",\"valueRequired\":true,\"valueName\":\"search_term_string\"}}],\"inLanguage\":\"de\"},{\"@type\":\"Organization\",\"@id\":\"https:\/\/exceladvisor.org\/de\/#organization\",\"name\":\"Excel Advisor\",\"url\":\"https:\/\/exceladvisor.org\/de\/\",\"logo\":{\"@type\":\"ImageObject\",\"inLanguage\":\"de\",\"@id\":\"https:\/\/exceladvisor.org\/de\/#\/schema\/logo\/image\/\",\"url\":\"https:\/\/exceladvisor.org\/de\/wp-content\/uploads\/2023\/11\/exceladvisor.org_.png\",\"contentUrl\":\"https:\/\/exceladvisor.org\/de\/wp-content\/uploads\/2023\/11\/exceladvisor.org_.png\",\"width\":105,\"height\":36,\"caption\":\"Excel Advisor\"},\"image\":{\"@id\":\"https:\/\/exceladvisor.org\/de\/#\/schema\/logo\/image\/\"}}]}<\/script>\n<!-- \/ Yoast SEO plugin. -->","yoast_head_json":{"title":"Wie f\u00fcge ich ein PDF in Excel ein? (Tutorial 2023)","description":"Diese Kurzanleitung hilft Ihnen beim Einf\u00fcgen einer PDF-Datei in Excel. Wir werden es in leicht verst\u00e4ndlichen Schritten besprechen.","robots":{"index":"index","follow":"follow","max-snippet":"max-snippet:-1","max-image-preview":"max-image-preview:large","max-video-preview":"max-video-preview:-1"},"canonical":"https:\/\/exceladvisor.org\/de\/pdf-in-excel\/","og_locale":"de_DE","og_type":"article","og_title":"Wie f\u00fcge ich ein PDF in Excel ein? (Tutorial 2023)","og_description":"Diese Kurzanleitung hilft Ihnen beim Einf\u00fcgen einer PDF-Datei in Excel. Wir werden es in leicht verst\u00e4ndlichen Schritten besprechen.","og_url":"https:\/\/exceladvisor.org\/de\/pdf-in-excel\/","og_site_name":"Excel Advisor","article_modified_time":"2023-12-03T11:20:28+00:00","og_image":[{"url":"https:\/\/exceladvisor.org\/wp-content\/uploads\/2023\/08\/1-icone-de-texte-dans-le-ruban.png","type":"","width":"","height":""}],"twitter_card":"summary_large_image","twitter_misc":{"Gesch\u00e4tzte Lesezeit":"2\u00a0Minuten"},"schema":{"@context":"https:\/\/schema.org","@graph":[{"@type":"WebPage","@id":"https:\/\/exceladvisor.org\/de\/pdf-in-excel\/","url":"https:\/\/exceladvisor.org\/de\/pdf-in-excel\/","name":"Wie f\u00fcge ich ein PDF in Excel ein? (Tutorial 2023)","isPartOf":{"@id":"https:\/\/exceladvisor.org\/de\/#website"},"primaryImageOfPage":{"@id":"https:\/\/exceladvisor.org\/de\/pdf-in-excel\/#primaryimage"},"image":{"@id":"https:\/\/exceladvisor.org\/de\/pdf-in-excel\/#primaryimage"},"thumbnailUrl":"https:\/\/exceladvisor.org\/wp-content\/uploads\/2023\/08\/1-icone-de-texte-dans-le-ruban.png","datePublished":"2023-10-27T00:10:45+00:00","dateModified":"2023-12-03T11:20:28+00:00","description":"Diese Kurzanleitung hilft Ihnen beim Einf\u00fcgen einer PDF-Datei in Excel. Wir werden es in leicht verst\u00e4ndlichen Schritten besprechen.","breadcrumb":{"@id":"https:\/\/exceladvisor.org\/de\/pdf-in-excel\/#breadcrumb"},"inLanguage":"de","potentialAction":[{"@type":"ReadAction","target":["https:\/\/exceladvisor.org\/de\/pdf-in-excel\/"]}]},{"@type":"ImageObject","inLanguage":"de","@id":"https:\/\/exceladvisor.org\/de\/pdf-in-excel\/#primaryimage","url":"https:\/\/exceladvisor.org\/wp-content\/uploads\/2023\/08\/1-icone-de-texte-dans-le-ruban.png","contentUrl":"https:\/\/exceladvisor.org\/wp-content\/uploads\/2023\/08\/1-icone-de-texte-dans-le-ruban.png"},{"@type":"BreadcrumbList","@id":"https:\/\/exceladvisor.org\/de\/pdf-in-excel\/#breadcrumb","itemListElement":[{"@type":"ListItem","position":1,"name":"Accueil","item":"https:\/\/exceladvisor.org\/de\/"},{"@type":"ListItem","position":2,"name":"Wie f\u00fcge ich ein pdf in excel ein?"}]},{"@type":"WebSite","@id":"https:\/\/exceladvisor.org\/de\/#website","url":"https:\/\/exceladvisor.org\/de\/","name":"Excel Advisor","description":"Ihr Leitfaden zur Datendominanz","publisher":{"@id":"https:\/\/exceladvisor.org\/de\/#organization"},"potentialAction":[{"@type":"SearchAction","target":{"@type":"EntryPoint","urlTemplate":"https:\/\/exceladvisor.org\/de\/?s={search_term_string}"},"query-input":{"@type":"PropertyValueSpecification","valueRequired":true,"valueName":"search_term_string"}}],"inLanguage":"de"},{"@type":"Organization","@id":"https:\/\/exceladvisor.org\/de\/#organization","name":"Excel Advisor","url":"https:\/\/exceladvisor.org\/de\/","logo":{"@type":"ImageObject","inLanguage":"de","@id":"https:\/\/exceladvisor.org\/de\/#\/schema\/logo\/image\/","url":"https:\/\/exceladvisor.org\/de\/wp-content\/uploads\/2023\/11\/exceladvisor.org_.png","contentUrl":"https:\/\/exceladvisor.org\/de\/wp-content\/uploads\/2023\/11\/exceladvisor.org_.png","width":105,"height":36,"caption":"Excel Advisor"},"image":{"@id":"https:\/\/exceladvisor.org\/de\/#\/schema\/logo\/image\/"}}]}},"yoast_meta":{"yoast_wpseo_title":"","yoast_wpseo_metadesc":"","yoast_wpseo_canonical":""},"_links":{"self":[{"href":"https:\/\/exceladvisor.org\/de\/wp-json\/wp\/v2\/pages\/3437","targetHints":{"allow":["GET"]}}],"collection":[{"href":"https:\/\/exceladvisor.org\/de\/wp-json\/wp\/v2\/pages"}],"about":[{"href":"https:\/\/exceladvisor.org\/de\/wp-json\/wp\/v2\/types\/page"}],"author":[{"embeddable":true,"href":"https:\/\/exceladvisor.org\/de\/wp-json\/wp\/v2\/users\/1"}],"replies":[{"embeddable":true,"href":"https:\/\/exceladvisor.org\/de\/wp-json\/wp\/v2\/comments?post=3437"}],"version-history":[{"count":1,"href":"https:\/\/exceladvisor.org\/de\/wp-json\/wp\/v2\/pages\/3437\/revisions"}],"predecessor-version":[{"id":4009,"href":"https:\/\/exceladvisor.org\/de\/wp-json\/wp\/v2\/pages\/3437\/revisions\/4009"}],"wp:attachment":[{"href":"https:\/\/exceladvisor.org\/de\/wp-json\/wp\/v2\/media?parent=3437"}],"curies":[{"name":"wp","href":"https:\/\/api.w.org\/{rel}","templated":true}]}}