{"id":3438,"date":"2023-10-26T16:23:45","date_gmt":"2023-10-26T16:23:45","guid":{"rendered":"https:\/\/exceladvisor.org\/de\/pyramidendiagramm\/"},"modified":"2023-12-03T11:19:27","modified_gmt":"2023-12-03T11:19:27","slug":"pyramidendiagramm","status":"publish","type":"page","link":"https:\/\/exceladvisor.org\/de\/pyramidendiagramm\/","title":{"rendered":"Wie erstelle ich ein bev\u00f6lkerungspyramidendiagramm in excel?"},"content":{"rendered":"<div class=\"excel-vor-dem-inhalt\" id=\"excel-3271541061\"><script type=\"text\/javascript\">\r\n\tatOptions = {\r\n\t\t'key' : 'c1158f160081d6540a8409e6925dab94',\r\n\t\t'format' : 'iframe',\r\n\t\t'height' : 250,\r\n\t\t'width' : 300,\r\n\t\t'params' : {}\r\n\t};\r\n<\/script>\r\n<script type=\"text\/javascript\" src=\"\/\/www.highperformanceformat.com\/c1158f160081d6540a8409e6925dab94\/invoke.js\"><\/script><\/div> <p>Ein Bev\u00f6lkerungspyramidendiagramm ist ein spezielles Diagramm, das uns hilft, die Bev\u00f6lkerung beider Geschlechter anhand von Altersgruppen darzustellen und zu analysieren.<\/p><blockquote class=\"wp-block-quote\"><p> Eine Bev\u00f6lkerungspyramide, auch Bev\u00f6lkerungspyramide oder Altersbild genannt, ist eine grafische Darstellung, die die Verteilung verschiedener Altersgruppen in einer Bev\u00f6lkerung zeigt, die mit zunehmender Bev\u00f6lkerungszahl die Form einer Pyramide bildet. In Excel k\u00f6nnen wir mithilfe eines Balkendiagramms wie unten ein Bev\u00f6lkerungspyramidendiagramm erstellen.<\/p> <cite>Wikipedia<\/cite> <\/blockquote><div class=\"wp-block-image\"><figure class=\"aligncenter\"><img decoding=\"async\" src=\"https:\/\/exceladvisor.org\/wp-content\/uploads\/2023\/08\/creer-un-graphique-pyramidal-des-ages-dans-Excel-de-differentes-manieres-1.gif\" sizes=\"\" srcset=\"\" alt=\"Es gibt verschiedene M\u00f6glichkeiten, in Excel ein Alterspyramidendiagramm zu erstellen\"><\/figure><\/div><p> F\u00fcgen Sie ein Balkendiagramm ein, nehmen Sie dann eine kleine Anpassung vor, fertig.<\/p><p> Aber hier ist die Wendung. Ich habe festgestellt, dass wir neben dieser traditionellen Methode auch zwei verschiedene Methoden anwenden k\u00f6nnen. Und heute m\u00f6chte ich in diesem Artikel diese drei Methoden [genaue Schritte] mit Ihnen teilen. Also lasst uns anfangen.<\/p><h2 class=\"wp-block-heading\"> Einfache Schritte zum Erstellen eines Bev\u00f6lkerungspyramidendiagramms mithilfe eines Balkendiagramms<\/h2><p> Bevor wir dieses Diagramm erstellen, m\u00fcssen wir die Daten vorbereiten. In der Tabelle mit der Gesamtbev\u00f6lkerung ist die weibliche Bev\u00f6lkerung mit negativen Werten und die m\u00e4nnliche Bev\u00f6lkerung mit positiven Werten dargestellt. <\/p><div class=\"wp-block-image\"><figure class=\"aligncenter\"><img decoding=\"async\" src=\"https:\/\/exceladvisor.org\/wp-content\/uploads\/2023\/08\/tableau-de-donnees-pour-creer-un-diagramme-de-pyramide-des-ages-dans-excel-min-1.png\" sizes=\"\" srcset=\"\" alt=\"Datentabelle zum Erstellen eines Bev\u00f6lkerungspyramidendiagramms in Excel\"><\/figure><\/div><p class=\"qt-tip\"> <strong><span style=\"color: #000000; background-color: #ffff00;\">Hinweis:<\/span><\/strong> Eine Spalte f\u00fcr die Gesamtbev\u00f6lkerung ist nicht obligatorisch, stellen Sie jedoch sicher, dass Sie eine negative weibliche Bev\u00f6lkerung haben.<\/p><ol><li> <strong>Zuerst<\/strong> m\u00fcssen wir ein Balkendiagramm einf\u00fcgen. W\u00e4hlen Sie dazu die Datenspalten Altersgruppe, Frauen und M\u00e4nner aus und f\u00fcgen Sie \u00fcber die Registerkarte Einf\u00fcgen \u279c Diagramme \u279c 2D-Balken \u279c Gruppierter Balken ein Balkendiagramm ein.<\/li><li> Jetzt haben wir ein Diagramm wie unten und m\u00fcssen es noch weiter anpassen, um eine Bev\u00f6lkerungspyramide zu erstellen. <br><img decoding=\"async\" title=\"F\u00fcgen Sie ein Balkendiagramm ein, um ein Bev\u00f6lkerungspyramidendiagramm in Excel-min zu erstellen\" src=\"https:\/\/exceladvisor.org\/wp-content\/uploads\/2023\/08\/inserer-un-graphique-a-barres-pour-creer-un-graphique-en-pyramide-des-ages-dans-Excel-min-1.png\" sizes=\"\" srcset=\"\" alt=\"insert a bar chart to create a population pyramid chart in excel\"><\/li><li> Von hier aus m\u00fcssen wir eine vertikale Achse in umgekehrter Reihenfolge erstellen und von dort zu Achse formatieren \u279c Achsenoptionen \u279c Achsenposition gehen \u279c \u201eKategorie in umgekehrter Reihenfolge\u201c aktivieren. <br><img decoding=\"async\" title=\"Wenden Sie die umgekehrte Reihenfolge an, um ein Bev\u00f6lkerungspyramidendiagramm in Excel zu erstellen\" src=\"https:\/\/exceladvisor.org\/wp-content\/uploads\/2023\/08\/appliquer-lordre-inverse-pour-creer-un-graphique-de-pyramide-des-ages-dans-Excel-min-1.png\" sizes=\"\" srcset=\"\" alt=\"apply reverse order to create a population pyramid chart in excel\"><\/li><li> Gehen Sie danach zu Achse formatieren \u279c Achsenoptionen \u279c Beschriftungen \u279c \u00e4ndern Sie die Beschriftungsposition auf \u201eNiedrig\u201c. <br><img decoding=\"async\" title=\"\u00c4ndern Sie die Tabelle, um in Excel ein Bev\u00f6lkerungspyramidendiagramm zu erstellen\" src=\"https:\/\/exceladvisor.org\/wp-content\/uploads\/2023\/08\/changer-letiquette-pour-creer-un-graphique-pyramidal-des-ages-dans-Excel-1.png\" sizes=\"\" srcset=\"\" alt=\"change label to create a population pyramid chart in excel\"><\/li><li> Als n\u00e4chstes m\u00fcssen wir die Serien\u00fcberlappung auf 100 % und die L\u00fcckenbreite auf 0 % \u00e4ndern. Gehen Sie dazu zu Achse formatieren \u279c Serienoption. <br><img decoding=\"async\" title=\"\u00c4ndern Sie die Breite, um in Excel ein Bev\u00f6lkerungspyramidendiagramm zu erstellen\" src=\"https:\/\/exceladvisor.org\/wp-content\/uploads\/2023\/08\/modifier-la-largeur-pour-creer-un-graphique-pyramidal-des-ages-dans-Excel-min-1.png\" sizes=\"\" srcset=\"\" alt=\"change width to create a population pyramid chart in excel\"><\/li><li> Letztendlich m\u00fcssen wir die negativen Datenbeschriftungen f\u00fcr die weibliche Datenleiste in positive umwandeln. W\u00e4hlen Sie dazu die Datenbeschriftungen aus und gehen Sie zu Datenbeschriftungen formatieren \u279c Beschriftungsoptionen \u279c Benutzerdefinierte Zahl aus der Kategorie ausw\u00e4hlen und im Format \u201e#,##0,00;#,##0,00\u201c hinzuf\u00fcgen. <br><img decoding=\"async\" title=\"Datenbeschriftung als positive Zahlen im Excel-Bev\u00f6lkerungspyramidendiagramm formatieren\" src=\"https:\/\/exceladvisor.org\/wp-content\/uploads\/2023\/08\/formater-letiquette-de-donnees-sous-forme-de-nombres-positifs-dans-le-graphique-de-la-pyramide-des-ages-Excel-1.png\" sizes=\"\" srcset=\"\" alt=\"format data label as positive numbers in excel population pyramid chart\"><\/li><\/ol><p> <strong><span style=\"color: #000000; background-color: #ffff00;\">Gl\u00fcckwunsch!<\/span><\/strong> Unser Pyramidendiagramm ist bereit zum Rocken. <\/p><div class=\"wp-block-image\"><figure class=\"aligncenter\"><img decoding=\"async\" src=\"https:\/\/exceladvisor.org\/wp-content\/uploads\/2023\/08\/diagramme-de-pyramide-des-ages-pret-a-lemploi-dans-excel-min-1.png\" sizes=\"\" srcset=\"\" alt=\"Gebrauchsfertiges Alterspyramidendiagramm in Excel\"><\/figure><\/div><h2 class=\"wp-block-heading\"> Verwenden Sie die bedingte Formatierung, um einfach ein Pyramidendiagramm in Excel zu erstellen<\/h2><p> Wir k\u00f6nnen auch ein Pyramidendiagramm mithilfe der bedingten Formatierung erstellen. Hier sind die folgenden Schritte.<\/p><ol><li> Erstellen Sie zun\u00e4chst eine Tabelle mit Daten zur m\u00e4nnlichen und weiblichen Bev\u00f6lkerung mit Altersgruppen. <br><img decoding=\"async\" title=\"Datentabelle zum Erstellen eines Bev\u00f6lkerungspyramidendiagramms in Excel mit bedingter Formatierung\" src=\"https:\/\/exceladvisor.org\/wp-content\/uploads\/2023\/08\/tableau-de-donnees-pour-creer-un-graphique-en-pyramide-des-ages-dans-Excel-avec-mise-en-forme-conditionnelle.png\" sizes=\"\" srcset=\"\" alt=\"data table to create a population pyramid chart in excel with conditional formatting\"><\/li><li> W\u00e4hlen Sie als N\u00e4chstes eine einzelne m\u00e4nnliche oder weibliche Spalte aus und wenden Sie Datenleisten f\u00fcr bedingte Formatierung \u00fcber die Registerkarte \u201eStartseite\u201c \u279c Stile \u279c Datenleisten \u279c Weitere Regeln an.<\/li><li> Aktivieren Sie anschlie\u00dfend im neuen Formatierungsdialog das Kontrollk\u00e4stchen \u201eNur Balken anzeigen\u201c, f\u00fcgen Sie einen durchgezogenen Rahmen hinzu und \u00e4ndern Sie die Richtung des Balkens (weibliche und m\u00e4nnliche Balken sollten in die entgegengesetzte Richtung weisen). <br><img decoding=\"async\" title=\"Zeigen Sie nur Balken an, um in Excel ein Bev\u00f6lkerungspyramidendiagramm mit bedingter Formatierung zu erstellen\" src=\"https:\/\/exceladvisor.org\/wp-content\/uploads\/2023\/08\/afficher-les-barres-uniquement-pour-creer-un-graphique-en-pyramide-des-ages-dans-Excel-avec-une-mise-en-forme-conditionnelle.png\" sizes=\"\" srcset=\"\" alt=\"show bars only to create a population pyramid chart in excel with conditional formatting\"><\/li><li> W\u00e4hlen Sie nun die zweite Datenspalte aus und f\u00fcgen Sie auf die gleiche Weise Datenbalken hinzu. Sie erhalten ein Pyramidendiagramm wie unten. <br><img decoding=\"async\" title=\"Einfache Bev\u00f6lkerungspyramidentabelle in Excel mit bedingter Formatierung\" src=\"https:\/\/exceladvisor.org\/wp-content\/uploads\/2023\/08\/graphique-de-pyramide-des-ages-simple-dans-excel-avec-mise-en-forme-conditionnelle-1.png\" sizes=\"\" srcset=\"\" alt=\"simple population pyramid chart in excel with conditional formatting\"><\/li><li> F\u00fcgen Sie am Ende f\u00fcr den letzten Schliff zwei Spalten auf beiden Seiten des Diagramms hinzu, um Datenbeschriftungen hinzuzuf\u00fcgen.<\/li><\/ol><p> <strong><span style=\"color: #000000; background-color: #ffff00;\">Boom!<\/span><\/strong> Unser Tisch ist fertig. <\/p><div class=\"wp-block-image\"><figure class=\"aligncenter\"><img decoding=\"async\" src=\"https:\/\/exceladvisor.org\/wp-content\/uploads\/2023\/08\/graphique-pyramidal-des-ages-final-dans-excel-avec-mise-en-forme-conditionnelle-1.png\" sizes=\"\" srcset=\"\" alt=\"Endg\u00fcltiges Alterspyramidendiagramm in Excel mit bedingter Formatierung\"><\/figure><\/div><h2 class=\"wp-block-heading\"> Erstellen Sie in Excel ein Bev\u00f6lkerungspyramidendiagramm in einer Zelle<\/h2><p> Ich bin ein gro\u00dfer Fan von REPT und das Beste ist, dass man damit eine einfache Bev\u00f6lkerungspyramide erstellen kann.<\/p><ol><li> Erstellen Sie zun\u00e4chst eine Tabelle wie unten. <br><img decoding=\"async\" title=\"Datentabelle zur Erstellung eines Bev\u00f6lkerungspyramidendiagramms in Excel mithilfe der Rept-Funktion\" src=\"https:\/\/exceladvisor.org\/wp-content\/uploads\/2023\/08\/table-de-donnees-a-utiliser-pour-creer-un-graphique-pyramidal-des-ages-dans-Excel-a-laide-de-la-fonction-rept-1.png\" sizes=\"\" srcset=\"\" alt=\"data table to use to create population pyramid chart in excel using rept function\"><\/li><li> F\u00fcgen Sie nun die Formel unten in die weibliche und m\u00e4nnliche Spalte ein und ziehen Sie sie nach unten.<pre> Female Column: =IFERROR(REPT(\u201c|\u201d,C5*4),\u201d\u201d)<\/pre><pre> Male Column: =IFERROR(REPT(\u201c|\u201d,F5*4),\u201d\u201d)<\/pre><\/li><li> Danach \u00e4ndern Sie den Schriftstil auf Playbill (Schriftgr\u00f6\u00dfe \u2013 10) oder Sie k\u00f6nnen auch Schablone (Schriftgr\u00f6\u00dfe \u2013 10) verwenden.<\/li><li> \u00c4ndern Sie am Ende die Schriftfarbe f\u00fcr beide Spalten und richten Sie die weibliche Spalte rechts und die m\u00e4nnliche Spalte links aus.<\/li><\/ol><p> Das Brett ist fertig. <\/p><div class=\"wp-block-image\"><figure class=\"aligncenter\"><img decoding=\"async\" src=\"https:\/\/exceladvisor.org\/wp-content\/uploads\/2023\/08\/diagramme-de-pyramide-des-ages-simple-dans-excel-utilisant-la-fonction-rept-1.png\" sizes=\"\" srcset=\"\" alt=\"einfaches-Bev\u00f6lkerungspyramidendiagramm-in-Excel-mit-Rept-Funktion\"><\/figure><\/div><h2 class=\"wp-block-heading\"> Beispieldatei<\/h2><p> <a href=\"https:\/\/exceladvisor.org\/wp-content\/uploads\/2023\/08\/diagramme-pyramidal-2.zip\" rel=\"nofollow\">Laden Sie diese Beispieldatei hier herunter<\/a><\/p><h2 class=\"wp-block-heading\"> Abschluss<\/h2><p> Sie fragen sich vielleicht, dass ein Pyramidendiagramm nur f\u00fcr demografische Daten gedacht ist, aber die Wahrheit ist, dass Sie es f\u00fcr alle Arten von Daten verwenden k\u00f6nnen.<\/p><p> Wann immer Sie verschiedene Datenpunkte f\u00fcr zwei verschiedene Zeitr\u00e4ume vergleichen m\u00fcssen, verwenden Sie am besten ein Pyramidendiagramm, beispielsweise Verkaufsdaten verschiedener Produkte f\u00fcr zwei Jahre.<\/p><p> Dies ist eine meiner Listen mit <a style=\"outline: none;\" href=\"https:\/\/exceladvisor.org\/de\/erweiterte-grafik\/\">erweiterten Excel-Tabellen und -Diagrammen<\/a> . Ich hoffe, Sie fanden diesen Tipp hilfreich, aber sagen Sie mir eines.<\/p><p> <strong>Haben Sie schon einmal ein Pyramidendiagramm verwendet?<\/strong> Oder haben Sie eine andere M\u00f6glichkeit, es zu erstellen?<\/p><p> Teilen Sie mir Ihre Gedanken im Kommentarbereich mit, ich w\u00fcrde mich freuen, von Ihnen zu h\u00f6ren. Und vergessen Sie nicht, diesen Tipp mit Ihren Freunden zu teilen.<\/p><div class=\"gb-container gb-container-a61970aa gb-container-mt\"> <a class=\"gb-button gb-button-b4293c6c gb-button-text gb-button-mt-button\" href=\"https:\/\/exceladvisor.org\/de\/excel-diagramme\/\">Arten von Excel-Diagrammen<\/a><h2 class=\"gb-headline gb-headline-5bf2e581 gb-headline-text gb-headline-mt-heading\"> Verwandte Tutorials <\/h2><div class=\"gb-grid-wrapper gb-grid-wrapper-9b70abf1 gb-grid-wrapper-mt-grid\"><div class=\"gb-grid-column gb-grid-column-97a95c29\"><div class=\"gb-container gb-container-97a95c29\"><ul><li> <a href=\"https:\/\/exceladvisor.org\/de\/waffelgrafik\/\">GEPR\u00c4GTES BOARD<\/a><\/li><li> <a href=\"https:\/\/exceladvisor.org\/de\/trichterdiagramm\/\">Trichterdiagramm<\/a><\/li><li> <a href=\"https:\/\/exceladvisor.org\/de\/gantt-diagramm\/\">Gantt-Diagramm<\/a><\/li><li> <a href=\"https:\/\/exceladvisor.org\/de\/schwarzes-brett\/\">Bullet-Diagramm<\/a><\/li><li> <a href=\"https:\/\/exceladvisor.org\/de\/warmekarte\/\">W\u00e4rmekarte<\/a><\/li><\/ul><\/div><\/div><\/div><\/div>","protected":false},"excerpt":{"rendered":"","protected":false},"author":1,"featured_media":0,"parent":0,"menu_order":0,"comment_status":"open","ping_status":"closed","template":"","meta":{"ub_ctt_via":"","footnotes":""},"class_list":["post-3438","page","type-page","status-publish","hentry"],"featured_image_src":null,"yoast_head":"<!-- This site is optimized with the Yoast SEO plugin v25.4 - https:\/\/yoast.com\/wordpress\/plugins\/seo\/ -->\n<title>Wie erstelle ich ein Bev\u00f6lkerungspyramidendiagramm in Excel?<\/title>\n<meta name=\"description\" content=\"In diesem Tutorial erfahren Sie, wie Sie in 8 einfachen Schritten ein Bev\u00f6lkerungspyramidendiagramm in Excel erstellen.\" \/>\n<meta name=\"robots\" content=\"index, follow, max-snippet:-1, max-image-preview:large, max-video-preview:-1\" \/>\n<link rel=\"canonical\" href=\"https:\/\/exceladvisor.org\/de\/pyramidendiagramm\/\" \/>\n<meta property=\"og:locale\" content=\"de_DE\" \/>\n<meta property=\"og:type\" content=\"article\" \/>\n<meta property=\"og:title\" content=\"Wie erstelle ich ein Bev\u00f6lkerungspyramidendiagramm in Excel?\" \/>\n<meta property=\"og:description\" content=\"In diesem Tutorial erfahren Sie, wie Sie in 8 einfachen Schritten ein Bev\u00f6lkerungspyramidendiagramm in Excel erstellen.\" \/>\n<meta property=\"og:url\" content=\"https:\/\/exceladvisor.org\/de\/pyramidendiagramm\/\" \/>\n<meta property=\"og:site_name\" content=\"Excel Advisor\" \/>\n<meta property=\"article:modified_time\" content=\"2023-12-03T11:19:27+00:00\" \/>\n<meta property=\"og:image\" content=\"https:\/\/exceladvisor.org\/wp-content\/uploads\/2023\/08\/creer-un-graphique-pyramidal-des-ages-dans-Excel-de-differentes-manieres-1.gif\" \/>\n<meta name=\"twitter:card\" content=\"summary_large_image\" \/>\n<meta name=\"twitter:label1\" content=\"Gesch\u00e4tzte Lesezeit\" \/>\n\t<meta name=\"twitter:data1\" content=\"4\u00a0Minuten\" \/>\n<script type=\"application\/ld+json\" class=\"yoast-schema-graph\">{\"@context\":\"https:\/\/schema.org\",\"@graph\":[{\"@type\":\"WebPage\",\"@id\":\"https:\/\/exceladvisor.org\/de\/pyramidendiagramm\/\",\"url\":\"https:\/\/exceladvisor.org\/de\/pyramidendiagramm\/\",\"name\":\"Wie erstelle ich ein Bev\u00f6lkerungspyramidendiagramm in Excel?\",\"isPartOf\":{\"@id\":\"https:\/\/exceladvisor.org\/de\/#website\"},\"primaryImageOfPage\":{\"@id\":\"https:\/\/exceladvisor.org\/de\/pyramidendiagramm\/#primaryimage\"},\"image\":{\"@id\":\"https:\/\/exceladvisor.org\/de\/pyramidendiagramm\/#primaryimage\"},\"thumbnailUrl\":\"https:\/\/exceladvisor.org\/wp-content\/uploads\/2023\/08\/creer-un-graphique-pyramidal-des-ages-dans-Excel-de-differentes-manieres-1.gif\",\"datePublished\":\"2023-10-26T16:23:45+00:00\",\"dateModified\":\"2023-12-03T11:19:27+00:00\",\"description\":\"In diesem Tutorial erfahren Sie, wie Sie in 8 einfachen Schritten ein Bev\u00f6lkerungspyramidendiagramm in Excel erstellen.\",\"breadcrumb\":{\"@id\":\"https:\/\/exceladvisor.org\/de\/pyramidendiagramm\/#breadcrumb\"},\"inLanguage\":\"de\",\"potentialAction\":[{\"@type\":\"ReadAction\",\"target\":[\"https:\/\/exceladvisor.org\/de\/pyramidendiagramm\/\"]}]},{\"@type\":\"ImageObject\",\"inLanguage\":\"de\",\"@id\":\"https:\/\/exceladvisor.org\/de\/pyramidendiagramm\/#primaryimage\",\"url\":\"https:\/\/exceladvisor.org\/wp-content\/uploads\/2023\/08\/creer-un-graphique-pyramidal-des-ages-dans-Excel-de-differentes-manieres-1.gif\",\"contentUrl\":\"https:\/\/exceladvisor.org\/wp-content\/uploads\/2023\/08\/creer-un-graphique-pyramidal-des-ages-dans-Excel-de-differentes-manieres-1.gif\"},{\"@type\":\"BreadcrumbList\",\"@id\":\"https:\/\/exceladvisor.org\/de\/pyramidendiagramm\/#breadcrumb\",\"itemListElement\":[{\"@type\":\"ListItem\",\"position\":1,\"name\":\"Accueil\",\"item\":\"https:\/\/exceladvisor.org\/de\/\"},{\"@type\":\"ListItem\",\"position\":2,\"name\":\"Wie erstelle ich ein bev\u00f6lkerungspyramidendiagramm in excel?\"}]},{\"@type\":\"WebSite\",\"@id\":\"https:\/\/exceladvisor.org\/de\/#website\",\"url\":\"https:\/\/exceladvisor.org\/de\/\",\"name\":\"Excel Advisor\",\"description\":\"Ihr Leitfaden zur Datendominanz\",\"publisher\":{\"@id\":\"https:\/\/exceladvisor.org\/de\/#organization\"},\"potentialAction\":[{\"@type\":\"SearchAction\",\"target\":{\"@type\":\"EntryPoint\",\"urlTemplate\":\"https:\/\/exceladvisor.org\/de\/?s={search_term_string}\"},\"query-input\":{\"@type\":\"PropertyValueSpecification\",\"valueRequired\":true,\"valueName\":\"search_term_string\"}}],\"inLanguage\":\"de\"},{\"@type\":\"Organization\",\"@id\":\"https:\/\/exceladvisor.org\/de\/#organization\",\"name\":\"Excel Advisor\",\"url\":\"https:\/\/exceladvisor.org\/de\/\",\"logo\":{\"@type\":\"ImageObject\",\"inLanguage\":\"de\",\"@id\":\"https:\/\/exceladvisor.org\/de\/#\/schema\/logo\/image\/\",\"url\":\"https:\/\/exceladvisor.org\/de\/wp-content\/uploads\/2023\/11\/exceladvisor.org_.png\",\"contentUrl\":\"https:\/\/exceladvisor.org\/de\/wp-content\/uploads\/2023\/11\/exceladvisor.org_.png\",\"width\":105,\"height\":36,\"caption\":\"Excel Advisor\"},\"image\":{\"@id\":\"https:\/\/exceladvisor.org\/de\/#\/schema\/logo\/image\/\"}}]}<\/script>\n<!-- \/ Yoast SEO plugin. -->","yoast_head_json":{"title":"Wie erstelle ich ein Bev\u00f6lkerungspyramidendiagramm in Excel?","description":"In diesem Tutorial erfahren Sie, wie Sie in 8 einfachen Schritten ein Bev\u00f6lkerungspyramidendiagramm in Excel erstellen.","robots":{"index":"index","follow":"follow","max-snippet":"max-snippet:-1","max-image-preview":"max-image-preview:large","max-video-preview":"max-video-preview:-1"},"canonical":"https:\/\/exceladvisor.org\/de\/pyramidendiagramm\/","og_locale":"de_DE","og_type":"article","og_title":"Wie erstelle ich ein Bev\u00f6lkerungspyramidendiagramm in Excel?","og_description":"In diesem Tutorial erfahren Sie, wie Sie in 8 einfachen Schritten ein Bev\u00f6lkerungspyramidendiagramm in Excel erstellen.","og_url":"https:\/\/exceladvisor.org\/de\/pyramidendiagramm\/","og_site_name":"Excel Advisor","article_modified_time":"2023-12-03T11:19:27+00:00","og_image":[{"url":"https:\/\/exceladvisor.org\/wp-content\/uploads\/2023\/08\/creer-un-graphique-pyramidal-des-ages-dans-Excel-de-differentes-manieres-1.gif","type":"","width":"","height":""}],"twitter_card":"summary_large_image","twitter_misc":{"Gesch\u00e4tzte Lesezeit":"4\u00a0Minuten"},"schema":{"@context":"https:\/\/schema.org","@graph":[{"@type":"WebPage","@id":"https:\/\/exceladvisor.org\/de\/pyramidendiagramm\/","url":"https:\/\/exceladvisor.org\/de\/pyramidendiagramm\/","name":"Wie erstelle ich ein Bev\u00f6lkerungspyramidendiagramm in Excel?","isPartOf":{"@id":"https:\/\/exceladvisor.org\/de\/#website"},"primaryImageOfPage":{"@id":"https:\/\/exceladvisor.org\/de\/pyramidendiagramm\/#primaryimage"},"image":{"@id":"https:\/\/exceladvisor.org\/de\/pyramidendiagramm\/#primaryimage"},"thumbnailUrl":"https:\/\/exceladvisor.org\/wp-content\/uploads\/2023\/08\/creer-un-graphique-pyramidal-des-ages-dans-Excel-de-differentes-manieres-1.gif","datePublished":"2023-10-26T16:23:45+00:00","dateModified":"2023-12-03T11:19:27+00:00","description":"In diesem Tutorial erfahren Sie, wie Sie in 8 einfachen Schritten ein Bev\u00f6lkerungspyramidendiagramm in Excel erstellen.","breadcrumb":{"@id":"https:\/\/exceladvisor.org\/de\/pyramidendiagramm\/#breadcrumb"},"inLanguage":"de","potentialAction":[{"@type":"ReadAction","target":["https:\/\/exceladvisor.org\/de\/pyramidendiagramm\/"]}]},{"@type":"ImageObject","inLanguage":"de","@id":"https:\/\/exceladvisor.org\/de\/pyramidendiagramm\/#primaryimage","url":"https:\/\/exceladvisor.org\/wp-content\/uploads\/2023\/08\/creer-un-graphique-pyramidal-des-ages-dans-Excel-de-differentes-manieres-1.gif","contentUrl":"https:\/\/exceladvisor.org\/wp-content\/uploads\/2023\/08\/creer-un-graphique-pyramidal-des-ages-dans-Excel-de-differentes-manieres-1.gif"},{"@type":"BreadcrumbList","@id":"https:\/\/exceladvisor.org\/de\/pyramidendiagramm\/#breadcrumb","itemListElement":[{"@type":"ListItem","position":1,"name":"Accueil","item":"https:\/\/exceladvisor.org\/de\/"},{"@type":"ListItem","position":2,"name":"Wie erstelle ich ein bev\u00f6lkerungspyramidendiagramm in excel?"}]},{"@type":"WebSite","@id":"https:\/\/exceladvisor.org\/de\/#website","url":"https:\/\/exceladvisor.org\/de\/","name":"Excel Advisor","description":"Ihr Leitfaden zur Datendominanz","publisher":{"@id":"https:\/\/exceladvisor.org\/de\/#organization"},"potentialAction":[{"@type":"SearchAction","target":{"@type":"EntryPoint","urlTemplate":"https:\/\/exceladvisor.org\/de\/?s={search_term_string}"},"query-input":{"@type":"PropertyValueSpecification","valueRequired":true,"valueName":"search_term_string"}}],"inLanguage":"de"},{"@type":"Organization","@id":"https:\/\/exceladvisor.org\/de\/#organization","name":"Excel Advisor","url":"https:\/\/exceladvisor.org\/de\/","logo":{"@type":"ImageObject","inLanguage":"de","@id":"https:\/\/exceladvisor.org\/de\/#\/schema\/logo\/image\/","url":"https:\/\/exceladvisor.org\/de\/wp-content\/uploads\/2023\/11\/exceladvisor.org_.png","contentUrl":"https:\/\/exceladvisor.org\/de\/wp-content\/uploads\/2023\/11\/exceladvisor.org_.png","width":105,"height":36,"caption":"Excel Advisor"},"image":{"@id":"https:\/\/exceladvisor.org\/de\/#\/schema\/logo\/image\/"}}]}},"yoast_meta":{"yoast_wpseo_title":"","yoast_wpseo_metadesc":"","yoast_wpseo_canonical":""},"_links":{"self":[{"href":"https:\/\/exceladvisor.org\/de\/wp-json\/wp\/v2\/pages\/3438","targetHints":{"allow":["GET"]}}],"collection":[{"href":"https:\/\/exceladvisor.org\/de\/wp-json\/wp\/v2\/pages"}],"about":[{"href":"https:\/\/exceladvisor.org\/de\/wp-json\/wp\/v2\/types\/page"}],"author":[{"embeddable":true,"href":"https:\/\/exceladvisor.org\/de\/wp-json\/wp\/v2\/users\/1"}],"replies":[{"embeddable":true,"href":"https:\/\/exceladvisor.org\/de\/wp-json\/wp\/v2\/comments?post=3438"}],"version-history":[{"count":1,"href":"https:\/\/exceladvisor.org\/de\/wp-json\/wp\/v2\/pages\/3438\/revisions"}],"predecessor-version":[{"id":3936,"href":"https:\/\/exceladvisor.org\/de\/wp-json\/wp\/v2\/pages\/3438\/revisions\/3936"}],"wp:attachment":[{"href":"https:\/\/exceladvisor.org\/de\/wp-json\/wp\/v2\/media?parent=3438"}],"curies":[{"name":"wp","href":"https:\/\/api.w.org\/{rel}","templated":true}]}}