{"id":3449,"date":"2023-10-26T11:46:37","date_gmt":"2023-10-26T11:46:37","guid":{"rendered":"https:\/\/exceladvisor.org\/de\/datum-hinzufugen\/"},"modified":"2023-12-03T13:06:09","modified_gmt":"2023-12-03T13:06:09","slug":"datum-hinzufugen","status":"publish","type":"page","link":"https:\/\/exceladvisor.org\/de\/datum-hinzufugen\/","title":{"rendered":"Wie verwende ich die vba dateadd-funktion?"},"content":{"rendered":"<div class=\"excel-vor-dem-inhalt\" id=\"excel-1412865520\"><script type=\"text\/javascript\">\r\n\tatOptions = {\r\n\t\t'key' : 'c1158f160081d6540a8409e6925dab94',\r\n\t\t'format' : 'iframe',\r\n\t\t'height' : 250,\r\n\t\t'width' : 300,\r\n\t\t'params' : {}\r\n\t};\r\n<\/script>\r\n<script type=\"text\/javascript\" src=\"\/\/www.highperformanceformat.com\/c1158f160081d6540a8409e6925dab94\/invoke.js\"><\/script><\/div> <p>Die VBA-Funktion DATEADD ist in der Kategorie \u201eDatum und Uhrzeit\u201c der VBA-Funktionen aufgef\u00fchrt. Wenn Sie es im VBA-Code verwenden, <strong><mark class=\"has-inline-color\" style=\"background-color: #fdde6c;\">wird ein Datum oder eine Uhrzeit mit einem hinzugef\u00fcgten Intervall zur\u00fcckgegeben<\/mark><\/strong> . Einfach ausgedr\u00fcckt kann es Sekunden, Minuten, Stunden, Tage, Monate oder Jahre zum Datums- oder Uhrzeitwert hinzuf\u00fcgen und dieses neue Datum und diese neue Uhrzeit im Ergebnis zur\u00fcckgeben.<\/p><h2 class=\"wp-block-heading\"> Syntax<\/h2><p> <strong>Dateadd(Intervall, Zahl, Datum)<\/strong><\/p><h2 class=\"wp-block-heading\"> Argumente<\/h2><ul><li> <strong>Intervall<\/strong> : Eine Zeichenfolge zur Angabe des Intervalls.<ul><li> \u201eD\u201c \u2013 Tage<\/li><li> \u201eH\u201c \u2013 Stunden<\/li><li> \u201eN\u201c \u2013 Minuten<\/li><li> \u201eM\u201c \u2013 Monat<\/li><li> \u201eQ\u201c \u2013 Viertel (eines Jahres)<\/li><li> \u201eS\u201c \u2013 Sekunden<\/li><li> \u201eww\u201c \u2013 Wochen<\/li><li> \u201eaaaa\u201c \u2013 Jahre<\/li><\/ul><\/li><li> <strong>Zahl<\/strong> : Die Anzahl der Intervalle, die zum Datum hinzugef\u00fcgt werden sollen.<\/li><li> <strong>Datum<\/strong> : Das Datum, an dem Sie die spezifische Anzahl von Intervallen hinzuf\u00fcgen m\u00f6chten.<\/li><\/ul><h2 class=\"wp-block-heading\"> Beispiel<\/h2><p> Um praktisch zu verstehen, wie die VBA-Funktion DATEADD verwendet wird, m\u00fcssen Sie das folgende Beispiel durchgehen, in dem wir einen VBA-Code geschrieben haben, der sie verwendet: <\/p><div class=\"wp-block-image\"><figure class=\"aligncenter is-resized\"><img loading=\"lazy\" decoding=\"async\" title=\"Beispiel-vba-dateadd-Funktion\" src=\"https:\/\/exceladvisor.org\/wp-content\/uploads\/2023\/08\/exemple-de-fonction-vba-dateadd.png\" sizes=\"auto, \" srcset=\"\" alt=\"example-vba-dateadd-function\" width=\"831\" height=\"487\"><\/figure><\/div><pre class=\"wp-block-code\"> <code class=\"language-visual-basic\" lang=\"visual-basic\">Sub example_DATE() Range(\"B1\") = DateAdd(\"YYYY\", 2, Range(\"A1\")) End Sub<\/code><\/pre><p> Im obigen Beispiel haben wir die Funktion DATEADD verwendet, um dem Datum in Zelle A1 drei Jahre hinzuzuf\u00fcgen.<\/p><p> Nun, das Datum, das wir in Zelle A1 haben, ist der 13. November 2017, und in der Funktion haben wir das Intervall \u201eJJJJ\u201c verwendet, um zu erw\u00e4hnen, dass wir ein Jahr hinzuf\u00fcgen m\u00f6chten, und dann haben wir die beiden als Jahre angegeben.<\/p><p> Infolgedessen kehrte er am 13. November 2019 zur\u00fcck, dem genauen Datum nach den drei Jahren.<\/p><h2 class=\"wp-block-heading\"> Kommentare<\/h2><ul><li> Handelt es sich bei dem angegebenen Wert um einen anderen Wert als ein Datum oder um ein Datum, das nicht als Datum erkannt werden kann, gibt VBA den Laufzeitfehler 13 zur\u00fcck. <\/li><\/ul><div class=\"wp-block-group more-tutorials is-layout-flow\"><div class=\"wp-block-group__inner-container\"><h2 class=\"wp-block-heading\"> Weitere Tutorials <\/h2><div class=\"wp-block-columns is-layout-flex wp-container-304\"><div class=\"wp-block-column is-layout-flow\"><ul><li> <a href=\"https:\/\/exceladvisor.org\/de\/datum-2\/\">DATUM VBA<\/a><\/li><li> <a href=\"https:\/\/exceladvisor.org\/de\/datumsteil\/\">VBA DATEPARTS<\/a><\/li><li> <a href=\"https:\/\/exceladvisor.org\/de\/datumsserie\/\">VBA-DATESERIAL<\/a><\/li><li> <a href=\"https:\/\/exceladvisor.org\/de\/datumswert\/\">VBA-DATEWERT<\/a><\/li><li> <a href=\"https:\/\/exceladvisor.org\/de\/tag\/\">VBA-TAG<\/a><\/li><\/ul><\/div><\/div><\/div><\/div>","protected":false},"excerpt":{"rendered":"","protected":false},"author":1,"featured_media":0,"parent":0,"menu_order":0,"comment_status":"open","ping_status":"closed","template":"","meta":{"ub_ctt_via":"","footnotes":""},"class_list":["post-3449","page","type-page","status-publish","hentry"],"featured_image_src":null,"yoast_head":"<!-- This site is optimized with the Yoast SEO plugin v25.4 - https:\/\/yoast.com\/wordpress\/plugins\/seo\/ -->\n<title>Wie verwende ich die VBA DATEADD-Funktion? (Syntax + Beispiel)<\/title>\n<meta name=\"description\" content=\"Erfahren Sie, wie Sie die VBA-Funktion DATEADD mit Syntax, Argumenten und Beispielen mit Beispielcode verwenden.\" \/>\n<meta name=\"robots\" content=\"index, follow, max-snippet:-1, max-image-preview:large, max-video-preview:-1\" \/>\n<link rel=\"canonical\" href=\"https:\/\/exceladvisor.org\/de\/datum-hinzufugen\/\" \/>\n<meta property=\"og:locale\" content=\"de_DE\" \/>\n<meta property=\"og:type\" content=\"article\" \/>\n<meta property=\"og:title\" content=\"Wie verwende ich die VBA DATEADD-Funktion? (Syntax + Beispiel)\" \/>\n<meta property=\"og:description\" content=\"Erfahren Sie, wie Sie die VBA-Funktion DATEADD mit Syntax, Argumenten und Beispielen mit Beispielcode verwenden.\" \/>\n<meta property=\"og:url\" content=\"https:\/\/exceladvisor.org\/de\/datum-hinzufugen\/\" \/>\n<meta property=\"og:site_name\" content=\"Excel Advisor\" \/>\n<meta property=\"article:modified_time\" content=\"2023-12-03T13:06:09+00:00\" \/>\n<meta property=\"og:image\" content=\"https:\/\/exceladvisor.org\/wp-content\/uploads\/2023\/08\/exemple-de-fonction-vba-dateadd.png\" \/>\n<meta name=\"twitter:card\" content=\"summary_large_image\" \/>\n<meta name=\"twitter:label1\" content=\"Gesch\u00e4tzte Lesezeit\" \/>\n\t<meta name=\"twitter:data1\" content=\"1\u00a0Minute\" \/>\n<script type=\"application\/ld+json\" class=\"yoast-schema-graph\">{\"@context\":\"https:\/\/schema.org\",\"@graph\":[{\"@type\":\"WebPage\",\"@id\":\"https:\/\/exceladvisor.org\/de\/datum-hinzufugen\/\",\"url\":\"https:\/\/exceladvisor.org\/de\/datum-hinzufugen\/\",\"name\":\"Wie verwende ich die VBA DATEADD-Funktion? (Syntax + Beispiel)\",\"isPartOf\":{\"@id\":\"https:\/\/exceladvisor.org\/de\/#website\"},\"primaryImageOfPage\":{\"@id\":\"https:\/\/exceladvisor.org\/de\/datum-hinzufugen\/#primaryimage\"},\"image\":{\"@id\":\"https:\/\/exceladvisor.org\/de\/datum-hinzufugen\/#primaryimage\"},\"thumbnailUrl\":\"https:\/\/exceladvisor.org\/wp-content\/uploads\/2023\/08\/exemple-de-fonction-vba-dateadd.png\",\"datePublished\":\"2023-10-26T11:46:37+00:00\",\"dateModified\":\"2023-12-03T13:06:09+00:00\",\"description\":\"Erfahren Sie, wie Sie die VBA-Funktion DATEADD mit Syntax, Argumenten und Beispielen mit Beispielcode verwenden.\",\"breadcrumb\":{\"@id\":\"https:\/\/exceladvisor.org\/de\/datum-hinzufugen\/#breadcrumb\"},\"inLanguage\":\"de\",\"potentialAction\":[{\"@type\":\"ReadAction\",\"target\":[\"https:\/\/exceladvisor.org\/de\/datum-hinzufugen\/\"]}]},{\"@type\":\"ImageObject\",\"inLanguage\":\"de\",\"@id\":\"https:\/\/exceladvisor.org\/de\/datum-hinzufugen\/#primaryimage\",\"url\":\"https:\/\/exceladvisor.org\/wp-content\/uploads\/2023\/08\/exemple-de-fonction-vba-dateadd.png\",\"contentUrl\":\"https:\/\/exceladvisor.org\/wp-content\/uploads\/2023\/08\/exemple-de-fonction-vba-dateadd.png\"},{\"@type\":\"BreadcrumbList\",\"@id\":\"https:\/\/exceladvisor.org\/de\/datum-hinzufugen\/#breadcrumb\",\"itemListElement\":[{\"@type\":\"ListItem\",\"position\":1,\"name\":\"Accueil\",\"item\":\"https:\/\/exceladvisor.org\/de\/\"},{\"@type\":\"ListItem\",\"position\":2,\"name\":\"Wie verwende ich die vba dateadd-funktion?\"}]},{\"@type\":\"WebSite\",\"@id\":\"https:\/\/exceladvisor.org\/de\/#website\",\"url\":\"https:\/\/exceladvisor.org\/de\/\",\"name\":\"Excel Advisor\",\"description\":\"Ihr Leitfaden zur Datendominanz\",\"publisher\":{\"@id\":\"https:\/\/exceladvisor.org\/de\/#organization\"},\"potentialAction\":[{\"@type\":\"SearchAction\",\"target\":{\"@type\":\"EntryPoint\",\"urlTemplate\":\"https:\/\/exceladvisor.org\/de\/?s={search_term_string}\"},\"query-input\":{\"@type\":\"PropertyValueSpecification\",\"valueRequired\":true,\"valueName\":\"search_term_string\"}}],\"inLanguage\":\"de\"},{\"@type\":\"Organization\",\"@id\":\"https:\/\/exceladvisor.org\/de\/#organization\",\"name\":\"Excel Advisor\",\"url\":\"https:\/\/exceladvisor.org\/de\/\",\"logo\":{\"@type\":\"ImageObject\",\"inLanguage\":\"de\",\"@id\":\"https:\/\/exceladvisor.org\/de\/#\/schema\/logo\/image\/\",\"url\":\"https:\/\/exceladvisor.org\/de\/wp-content\/uploads\/2023\/11\/exceladvisor.org_.png\",\"contentUrl\":\"https:\/\/exceladvisor.org\/de\/wp-content\/uploads\/2023\/11\/exceladvisor.org_.png\",\"width\":105,\"height\":36,\"caption\":\"Excel Advisor\"},\"image\":{\"@id\":\"https:\/\/exceladvisor.org\/de\/#\/schema\/logo\/image\/\"}}]}<\/script>\n<!-- \/ Yoast SEO plugin. -->","yoast_head_json":{"title":"Wie verwende ich die VBA DATEADD-Funktion? (Syntax + Beispiel)","description":"Erfahren Sie, wie Sie die VBA-Funktion DATEADD mit Syntax, Argumenten und Beispielen mit Beispielcode verwenden.","robots":{"index":"index","follow":"follow","max-snippet":"max-snippet:-1","max-image-preview":"max-image-preview:large","max-video-preview":"max-video-preview:-1"},"canonical":"https:\/\/exceladvisor.org\/de\/datum-hinzufugen\/","og_locale":"de_DE","og_type":"article","og_title":"Wie verwende ich die VBA DATEADD-Funktion? (Syntax + Beispiel)","og_description":"Erfahren Sie, wie Sie die VBA-Funktion DATEADD mit Syntax, Argumenten und Beispielen mit Beispielcode verwenden.","og_url":"https:\/\/exceladvisor.org\/de\/datum-hinzufugen\/","og_site_name":"Excel Advisor","article_modified_time":"2023-12-03T13:06:09+00:00","og_image":[{"url":"https:\/\/exceladvisor.org\/wp-content\/uploads\/2023\/08\/exemple-de-fonction-vba-dateadd.png","type":"","width":"","height":""}],"twitter_card":"summary_large_image","twitter_misc":{"Gesch\u00e4tzte Lesezeit":"1\u00a0Minute"},"schema":{"@context":"https:\/\/schema.org","@graph":[{"@type":"WebPage","@id":"https:\/\/exceladvisor.org\/de\/datum-hinzufugen\/","url":"https:\/\/exceladvisor.org\/de\/datum-hinzufugen\/","name":"Wie verwende ich die VBA DATEADD-Funktion? (Syntax + Beispiel)","isPartOf":{"@id":"https:\/\/exceladvisor.org\/de\/#website"},"primaryImageOfPage":{"@id":"https:\/\/exceladvisor.org\/de\/datum-hinzufugen\/#primaryimage"},"image":{"@id":"https:\/\/exceladvisor.org\/de\/datum-hinzufugen\/#primaryimage"},"thumbnailUrl":"https:\/\/exceladvisor.org\/wp-content\/uploads\/2023\/08\/exemple-de-fonction-vba-dateadd.png","datePublished":"2023-10-26T11:46:37+00:00","dateModified":"2023-12-03T13:06:09+00:00","description":"Erfahren Sie, wie Sie die VBA-Funktion DATEADD mit Syntax, Argumenten und Beispielen mit Beispielcode verwenden.","breadcrumb":{"@id":"https:\/\/exceladvisor.org\/de\/datum-hinzufugen\/#breadcrumb"},"inLanguage":"de","potentialAction":[{"@type":"ReadAction","target":["https:\/\/exceladvisor.org\/de\/datum-hinzufugen\/"]}]},{"@type":"ImageObject","inLanguage":"de","@id":"https:\/\/exceladvisor.org\/de\/datum-hinzufugen\/#primaryimage","url":"https:\/\/exceladvisor.org\/wp-content\/uploads\/2023\/08\/exemple-de-fonction-vba-dateadd.png","contentUrl":"https:\/\/exceladvisor.org\/wp-content\/uploads\/2023\/08\/exemple-de-fonction-vba-dateadd.png"},{"@type":"BreadcrumbList","@id":"https:\/\/exceladvisor.org\/de\/datum-hinzufugen\/#breadcrumb","itemListElement":[{"@type":"ListItem","position":1,"name":"Accueil","item":"https:\/\/exceladvisor.org\/de\/"},{"@type":"ListItem","position":2,"name":"Wie verwende ich die vba dateadd-funktion?"}]},{"@type":"WebSite","@id":"https:\/\/exceladvisor.org\/de\/#website","url":"https:\/\/exceladvisor.org\/de\/","name":"Excel Advisor","description":"Ihr Leitfaden zur Datendominanz","publisher":{"@id":"https:\/\/exceladvisor.org\/de\/#organization"},"potentialAction":[{"@type":"SearchAction","target":{"@type":"EntryPoint","urlTemplate":"https:\/\/exceladvisor.org\/de\/?s={search_term_string}"},"query-input":{"@type":"PropertyValueSpecification","valueRequired":true,"valueName":"search_term_string"}}],"inLanguage":"de"},{"@type":"Organization","@id":"https:\/\/exceladvisor.org\/de\/#organization","name":"Excel Advisor","url":"https:\/\/exceladvisor.org\/de\/","logo":{"@type":"ImageObject","inLanguage":"de","@id":"https:\/\/exceladvisor.org\/de\/#\/schema\/logo\/image\/","url":"https:\/\/exceladvisor.org\/de\/wp-content\/uploads\/2023\/11\/exceladvisor.org_.png","contentUrl":"https:\/\/exceladvisor.org\/de\/wp-content\/uploads\/2023\/11\/exceladvisor.org_.png","width":105,"height":36,"caption":"Excel Advisor"},"image":{"@id":"https:\/\/exceladvisor.org\/de\/#\/schema\/logo\/image\/"}}]}},"yoast_meta":{"yoast_wpseo_title":"","yoast_wpseo_metadesc":"","yoast_wpseo_canonical":""},"_links":{"self":[{"href":"https:\/\/exceladvisor.org\/de\/wp-json\/wp\/v2\/pages\/3449","targetHints":{"allow":["GET"]}}],"collection":[{"href":"https:\/\/exceladvisor.org\/de\/wp-json\/wp\/v2\/pages"}],"about":[{"href":"https:\/\/exceladvisor.org\/de\/wp-json\/wp\/v2\/types\/page"}],"author":[{"embeddable":true,"href":"https:\/\/exceladvisor.org\/de\/wp-json\/wp\/v2\/users\/1"}],"replies":[{"embeddable":true,"href":"https:\/\/exceladvisor.org\/de\/wp-json\/wp\/v2\/comments?post=3449"}],"version-history":[{"count":1,"href":"https:\/\/exceladvisor.org\/de\/wp-json\/wp\/v2\/pages\/3449\/revisions"}],"predecessor-version":[{"id":4259,"href":"https:\/\/exceladvisor.org\/de\/wp-json\/wp\/v2\/pages\/3449\/revisions\/4259"}],"wp:attachment":[{"href":"https:\/\/exceladvisor.org\/de\/wp-json\/wp\/v2\/media?parent=3449"}],"curies":[{"name":"wp","href":"https:\/\/api.w.org\/{rel}","templated":true}]}}