{"id":3486,"date":"2023-10-25T04:14:40","date_gmt":"2023-10-25T04:14:40","guid":{"rendered":"https:\/\/exceladvisor.org\/de\/ltrim\/"},"modified":"2023-12-03T13:04:06","modified_gmt":"2023-12-03T13:04:06","slug":"ltrim","status":"publish","type":"page","link":"https:\/\/exceladvisor.org\/de\/ltrim\/","title":{"rendered":"Wie verwende ich die vba-ltrim-funktion?"},"content":{"rendered":"<div class=\"excel-vor-dem-inhalt\" id=\"excel-1188699076\"><script type=\"text\/javascript\">\r\n\tatOptions = {\r\n\t\t'key' : 'c1158f160081d6540a8409e6925dab94',\r\n\t\t'format' : 'iframe',\r\n\t\t'height' : 250,\r\n\t\t'width' : 300,\r\n\t\t'params' : {}\r\n\t};\r\n<\/script>\r\n<script type=\"text\/javascript\" src=\"\/\/www.highperformanceformat.com\/c1158f160081d6540a8409e6925dab94\/invoke.js\"><\/script><\/div> <p>Die VBA-LTRIM-Funktion ist in der Textkategorie der VBA-Funktionen aufgef\u00fchrt. Wenn Sie es im VBA-Code verwenden, <strong>k\u00f6nnen f\u00fchrende Leerzeichen aus der bereitgestellten Zeichenfolge entfernt werden<\/strong> . Mit einfachen Worten: Es kann alle unerw\u00fcnschten f\u00fchrenden Leerzeichen aus einer Zeichenfolge entfernen.<\/p><h2 class=\"wp-block-heading\"> Syntax<\/h2><p> <strong>LTrim(String)<\/strong><\/p><h2 class=\"wp-block-heading\"> Argumente<\/h2><ul><li> <strong>String<\/strong> : Die Textzeichenfolge, aus der Sie f\u00fchrende Leerzeichen entfernen m\u00f6chten.<\/li><\/ul><h2 class=\"wp-block-heading\"> Beispiel<\/h2><p> Um die Verwendung der VBA-LTRIM-Funktion praktisch zu verstehen, m\u00fcssen Sie das folgende Beispiel durchgehen, in dem wir damit einen VBA-Code geschrieben haben: <\/p><div class=\"wp-block-image\"><figure class=\"aligncenter is-resized\"><img loading=\"lazy\" decoding=\"async\" title=\"Beispiel-vba-ltrim-Funktion\" src=\"https:\/\/exceladvisor.org\/wp-content\/uploads\/2023\/08\/exemple-de-fonction-vba-ltrim.png\" sizes=\"auto, \" srcset=\"\" alt=\"example-vba-ltrim-function\" width=\"839\" height=\"427\"><\/figure><\/div><pre class=\"wp-block-code\"> <code class=\"language-visual-basic\" lang=\"visual-basic\">Sub example_LTRIM() Range(\"B1\").Value = LTrim(Range(\"A1\")) End Sub<\/code><\/pre><p> Im obigen Code haben wir die LTRIM-Funktion verwendet, um <a href=\"https:\/\/exceladvisor.org\/de\/entfernen-sie-zusatzliche-leerzeichen\/\">unerw\u00fcnschte Leerzeichen auf der linken Seite von Zelle A1 zu entfernen<\/a> .<\/p><h2 class=\"wp-block-heading\"> Kommentare<\/h2><ul><li> Wenn die angegebene Zeichenfolge NULL ist, wird im Ergebnis NULL zur\u00fcckgegeben. <\/li><\/ul><div class=\"wp-block-group more-tutorials is-layout-flow\"><div class=\"wp-block-group__inner-container\"><h2 class=\"wp-block-heading\"> Weitere Tutorials <\/h2><div class=\"wp-block-columns is-layout-flex wp-container-172\"><div class=\"wp-block-column is-layout-flow\"><\/div><div class=\"wp-block-column is-layout-flow\"><ul><li> <a href=\"https:\/\/exceladvisor.org\/de\/strconv\/\">VBA STRCONV<\/a><\/li><li> <a href=\"https:\/\/exceladvisor.org\/de\/zeichenfolge\/\">VBA-STRING<\/a><\/li><li> <a href=\"https:\/\/exceladvisor.org\/de\/streverse\/\">VBA STRE INVERSE<\/a><\/li><li> <a href=\"https:\/\/exceladvisor.org\/de\/trimmen\/\">VBA-TRIM<\/a><\/li><li> <a href=\"https:\/\/exceladvisor.org\/de\/ucase\/\">VBA UCASE<\/a><\/li><\/ul><\/div><\/div><\/div><\/div>","protected":false},"excerpt":{"rendered":"","protected":false},"author":1,"featured_media":0,"parent":0,"menu_order":0,"comment_status":"open","ping_status":"closed","template":"","meta":{"ub_ctt_via":"","footnotes":""},"class_list":["post-3486","page","type-page","status-publish","hentry"],"featured_image_src":null,"yoast_head":"<!-- This site is optimized with the Yoast SEO plugin v25.4 - https:\/\/yoast.com\/wordpress\/plugins\/seo\/ -->\n<title>Wie verwende ich die VBA-LTRIM-Funktion? (Syntax + Beispiel)<\/title>\n<meta name=\"description\" content=\"Erfahren Sie, wie Sie die VBA-LTRIM-Funktion mit Syntax, Argumenten und Beispielen mit Beispielcode verwenden.\" \/>\n<meta name=\"robots\" content=\"index, follow, max-snippet:-1, max-image-preview:large, max-video-preview:-1\" \/>\n<link rel=\"canonical\" href=\"https:\/\/exceladvisor.org\/de\/ltrim\/\" \/>\n<meta property=\"og:locale\" content=\"de_DE\" \/>\n<meta property=\"og:type\" content=\"article\" \/>\n<meta property=\"og:title\" content=\"Wie verwende ich die VBA-LTRIM-Funktion? (Syntax + Beispiel)\" \/>\n<meta property=\"og:description\" content=\"Erfahren Sie, wie Sie die VBA-LTRIM-Funktion mit Syntax, Argumenten und Beispielen mit Beispielcode verwenden.\" \/>\n<meta property=\"og:url\" content=\"https:\/\/exceladvisor.org\/de\/ltrim\/\" \/>\n<meta property=\"og:site_name\" content=\"Excel Advisor\" \/>\n<meta property=\"article:modified_time\" content=\"2023-12-03T13:04:06+00:00\" \/>\n<meta property=\"og:image\" content=\"https:\/\/exceladvisor.org\/wp-content\/uploads\/2023\/08\/exemple-de-fonction-vba-ltrim.png\" \/>\n<meta name=\"twitter:card\" content=\"summary_large_image\" \/>\n<meta name=\"twitter:label1\" content=\"Gesch\u00e4tzte Lesezeit\" \/>\n\t<meta name=\"twitter:data1\" content=\"1\u00a0Minute\" \/>\n<script type=\"application\/ld+json\" class=\"yoast-schema-graph\">{\"@context\":\"https:\/\/schema.org\",\"@graph\":[{\"@type\":\"WebPage\",\"@id\":\"https:\/\/exceladvisor.org\/de\/ltrim\/\",\"url\":\"https:\/\/exceladvisor.org\/de\/ltrim\/\",\"name\":\"Wie verwende ich die VBA-LTRIM-Funktion? (Syntax + Beispiel)\",\"isPartOf\":{\"@id\":\"https:\/\/exceladvisor.org\/de\/#website\"},\"primaryImageOfPage\":{\"@id\":\"https:\/\/exceladvisor.org\/de\/ltrim\/#primaryimage\"},\"image\":{\"@id\":\"https:\/\/exceladvisor.org\/de\/ltrim\/#primaryimage\"},\"thumbnailUrl\":\"https:\/\/exceladvisor.org\/wp-content\/uploads\/2023\/08\/exemple-de-fonction-vba-ltrim.png\",\"datePublished\":\"2023-10-25T04:14:40+00:00\",\"dateModified\":\"2023-12-03T13:04:06+00:00\",\"description\":\"Erfahren Sie, wie Sie die VBA-LTRIM-Funktion mit Syntax, Argumenten und Beispielen mit Beispielcode verwenden.\",\"breadcrumb\":{\"@id\":\"https:\/\/exceladvisor.org\/de\/ltrim\/#breadcrumb\"},\"inLanguage\":\"de\",\"potentialAction\":[{\"@type\":\"ReadAction\",\"target\":[\"https:\/\/exceladvisor.org\/de\/ltrim\/\"]}]},{\"@type\":\"ImageObject\",\"inLanguage\":\"de\",\"@id\":\"https:\/\/exceladvisor.org\/de\/ltrim\/#primaryimage\",\"url\":\"https:\/\/exceladvisor.org\/wp-content\/uploads\/2023\/08\/exemple-de-fonction-vba-ltrim.png\",\"contentUrl\":\"https:\/\/exceladvisor.org\/wp-content\/uploads\/2023\/08\/exemple-de-fonction-vba-ltrim.png\"},{\"@type\":\"BreadcrumbList\",\"@id\":\"https:\/\/exceladvisor.org\/de\/ltrim\/#breadcrumb\",\"itemListElement\":[{\"@type\":\"ListItem\",\"position\":1,\"name\":\"Accueil\",\"item\":\"https:\/\/exceladvisor.org\/de\/\"},{\"@type\":\"ListItem\",\"position\":2,\"name\":\"Wie verwende ich die vba-ltrim-funktion?\"}]},{\"@type\":\"WebSite\",\"@id\":\"https:\/\/exceladvisor.org\/de\/#website\",\"url\":\"https:\/\/exceladvisor.org\/de\/\",\"name\":\"Excel Advisor\",\"description\":\"Ihr Leitfaden zur Datendominanz\",\"publisher\":{\"@id\":\"https:\/\/exceladvisor.org\/de\/#organization\"},\"potentialAction\":[{\"@type\":\"SearchAction\",\"target\":{\"@type\":\"EntryPoint\",\"urlTemplate\":\"https:\/\/exceladvisor.org\/de\/?s={search_term_string}\"},\"query-input\":{\"@type\":\"PropertyValueSpecification\",\"valueRequired\":true,\"valueName\":\"search_term_string\"}}],\"inLanguage\":\"de\"},{\"@type\":\"Organization\",\"@id\":\"https:\/\/exceladvisor.org\/de\/#organization\",\"name\":\"Excel Advisor\",\"url\":\"https:\/\/exceladvisor.org\/de\/\",\"logo\":{\"@type\":\"ImageObject\",\"inLanguage\":\"de\",\"@id\":\"https:\/\/exceladvisor.org\/de\/#\/schema\/logo\/image\/\",\"url\":\"https:\/\/exceladvisor.org\/de\/wp-content\/uploads\/2023\/11\/exceladvisor.org_.png\",\"contentUrl\":\"https:\/\/exceladvisor.org\/de\/wp-content\/uploads\/2023\/11\/exceladvisor.org_.png\",\"width\":105,\"height\":36,\"caption\":\"Excel Advisor\"},\"image\":{\"@id\":\"https:\/\/exceladvisor.org\/de\/#\/schema\/logo\/image\/\"}}]}<\/script>\n<!-- \/ Yoast SEO plugin. -->","yoast_head_json":{"title":"Wie verwende ich die VBA-LTRIM-Funktion? (Syntax + Beispiel)","description":"Erfahren Sie, wie Sie die VBA-LTRIM-Funktion mit Syntax, Argumenten und Beispielen mit Beispielcode verwenden.","robots":{"index":"index","follow":"follow","max-snippet":"max-snippet:-1","max-image-preview":"max-image-preview:large","max-video-preview":"max-video-preview:-1"},"canonical":"https:\/\/exceladvisor.org\/de\/ltrim\/","og_locale":"de_DE","og_type":"article","og_title":"Wie verwende ich die VBA-LTRIM-Funktion? (Syntax + Beispiel)","og_description":"Erfahren Sie, wie Sie die VBA-LTRIM-Funktion mit Syntax, Argumenten und Beispielen mit Beispielcode verwenden.","og_url":"https:\/\/exceladvisor.org\/de\/ltrim\/","og_site_name":"Excel Advisor","article_modified_time":"2023-12-03T13:04:06+00:00","og_image":[{"url":"https:\/\/exceladvisor.org\/wp-content\/uploads\/2023\/08\/exemple-de-fonction-vba-ltrim.png","type":"","width":"","height":""}],"twitter_card":"summary_large_image","twitter_misc":{"Gesch\u00e4tzte Lesezeit":"1\u00a0Minute"},"schema":{"@context":"https:\/\/schema.org","@graph":[{"@type":"WebPage","@id":"https:\/\/exceladvisor.org\/de\/ltrim\/","url":"https:\/\/exceladvisor.org\/de\/ltrim\/","name":"Wie verwende ich die VBA-LTRIM-Funktion? (Syntax + Beispiel)","isPartOf":{"@id":"https:\/\/exceladvisor.org\/de\/#website"},"primaryImageOfPage":{"@id":"https:\/\/exceladvisor.org\/de\/ltrim\/#primaryimage"},"image":{"@id":"https:\/\/exceladvisor.org\/de\/ltrim\/#primaryimage"},"thumbnailUrl":"https:\/\/exceladvisor.org\/wp-content\/uploads\/2023\/08\/exemple-de-fonction-vba-ltrim.png","datePublished":"2023-10-25T04:14:40+00:00","dateModified":"2023-12-03T13:04:06+00:00","description":"Erfahren Sie, wie Sie die VBA-LTRIM-Funktion mit Syntax, Argumenten und Beispielen mit Beispielcode verwenden.","breadcrumb":{"@id":"https:\/\/exceladvisor.org\/de\/ltrim\/#breadcrumb"},"inLanguage":"de","potentialAction":[{"@type":"ReadAction","target":["https:\/\/exceladvisor.org\/de\/ltrim\/"]}]},{"@type":"ImageObject","inLanguage":"de","@id":"https:\/\/exceladvisor.org\/de\/ltrim\/#primaryimage","url":"https:\/\/exceladvisor.org\/wp-content\/uploads\/2023\/08\/exemple-de-fonction-vba-ltrim.png","contentUrl":"https:\/\/exceladvisor.org\/wp-content\/uploads\/2023\/08\/exemple-de-fonction-vba-ltrim.png"},{"@type":"BreadcrumbList","@id":"https:\/\/exceladvisor.org\/de\/ltrim\/#breadcrumb","itemListElement":[{"@type":"ListItem","position":1,"name":"Accueil","item":"https:\/\/exceladvisor.org\/de\/"},{"@type":"ListItem","position":2,"name":"Wie verwende ich die vba-ltrim-funktion?"}]},{"@type":"WebSite","@id":"https:\/\/exceladvisor.org\/de\/#website","url":"https:\/\/exceladvisor.org\/de\/","name":"Excel Advisor","description":"Ihr Leitfaden zur Datendominanz","publisher":{"@id":"https:\/\/exceladvisor.org\/de\/#organization"},"potentialAction":[{"@type":"SearchAction","target":{"@type":"EntryPoint","urlTemplate":"https:\/\/exceladvisor.org\/de\/?s={search_term_string}"},"query-input":{"@type":"PropertyValueSpecification","valueRequired":true,"valueName":"search_term_string"}}],"inLanguage":"de"},{"@type":"Organization","@id":"https:\/\/exceladvisor.org\/de\/#organization","name":"Excel Advisor","url":"https:\/\/exceladvisor.org\/de\/","logo":{"@type":"ImageObject","inLanguage":"de","@id":"https:\/\/exceladvisor.org\/de\/#\/schema\/logo\/image\/","url":"https:\/\/exceladvisor.org\/de\/wp-content\/uploads\/2023\/11\/exceladvisor.org_.png","contentUrl":"https:\/\/exceladvisor.org\/de\/wp-content\/uploads\/2023\/11\/exceladvisor.org_.png","width":105,"height":36,"caption":"Excel Advisor"},"image":{"@id":"https:\/\/exceladvisor.org\/de\/#\/schema\/logo\/image\/"}}]}},"yoast_meta":{"yoast_wpseo_title":"","yoast_wpseo_metadesc":"","yoast_wpseo_canonical":""},"_links":{"self":[{"href":"https:\/\/exceladvisor.org\/de\/wp-json\/wp\/v2\/pages\/3486","targetHints":{"allow":["GET"]}}],"collection":[{"href":"https:\/\/exceladvisor.org\/de\/wp-json\/wp\/v2\/pages"}],"about":[{"href":"https:\/\/exceladvisor.org\/de\/wp-json\/wp\/v2\/types\/page"}],"author":[{"embeddable":true,"href":"https:\/\/exceladvisor.org\/de\/wp-json\/wp\/v2\/users\/1"}],"replies":[{"embeddable":true,"href":"https:\/\/exceladvisor.org\/de\/wp-json\/wp\/v2\/comments?post=3486"}],"version-history":[{"count":1,"href":"https:\/\/exceladvisor.org\/de\/wp-json\/wp\/v2\/pages\/3486\/revisions"}],"predecessor-version":[{"id":4317,"href":"https:\/\/exceladvisor.org\/de\/wp-json\/wp\/v2\/pages\/3486\/revisions\/4317"}],"wp:attachment":[{"href":"https:\/\/exceladvisor.org\/de\/wp-json\/wp\/v2\/media?parent=3486"}],"curies":[{"name":"wp","href":"https:\/\/api.w.org\/{rel}","templated":true}]}}