{"id":3491,"date":"2023-10-25T03:23:36","date_gmt":"2023-10-25T03:23:36","guid":{"rendered":"https:\/\/exceladvisor.org\/de\/monatsname\/"},"modified":"2023-12-03T13:04:12","modified_gmt":"2023-12-03T13:04:12","slug":"monatsname","status":"publish","type":"page","link":"https:\/\/exceladvisor.org\/de\/monatsname\/","title":{"rendered":"Wie verwende ich die vba-monthname-funktion?"},"content":{"rendered":"<div class=\"excel-vor-dem-inhalt\" id=\"excel-2331788095\"><script type=\"text\/javascript\">\r\n\tatOptions = {\r\n\t\t'key' : 'c1158f160081d6540a8409e6925dab94',\r\n\t\t'format' : 'iframe',\r\n\t\t'height' : 250,\r\n\t\t'width' : 300,\r\n\t\t'params' : {}\r\n\t};\r\n<\/script>\r\n<script type=\"text\/javascript\" src=\"\/\/www.highperformanceformat.com\/c1158f160081d6540a8409e6925dab94\/invoke.js\"><\/script><\/div> <p>Die VBA-Funktion MONTHNAME ist in der Kategorie \u201eDatum und Uhrzeit\u201c der VBA-Funktionen aufgef\u00fchrt. Wenn Sie es im VBA-Code verwenden, <strong>wird der Monatsname als Zeichenfolge zur\u00fcckgegeben, beginnend mit einem g\u00fcltigen Datum gem\u00e4\u00df VBA<\/strong> . Vereinfacht ausgedr\u00fcckt k\u00f6nnen Sie den Monatswert eines Namens aus einem angegebenen Datum extrahieren.<\/p><h2 class=\"wp-block-heading\"> Syntax<\/h2><p> <strong>MonthName(Monat, [Abk\u00fcrzung])<\/strong><\/p><h2 class=\"wp-block-heading\"> Argumente<\/h2><ul><li> <strong>Monat<\/strong> : eine Ganzzahl (im Bereich von 1 bis 12), die den Monat darstellt.<\/li><li> <strong>[Abk\u00fcrzen]<\/strong> : Ein boolescher Wert, der angibt, ob Sie einen vollst\u00e4ndigen Monatsnamen oder einen abgek\u00fcrzten Namen ben\u00f6tigen [Dies ist ein optionales Argument und wenn es weggelassen wird, verwendet VBA standardm\u00e4\u00dfig FALSE].<ul><li> Verwenden Sie TRUE f\u00fcr den Kurznamen (z. B. \u201eJan\u201c, \u201eFeb\u201c, \u201eMar\u201c usw.) oder FALSE f\u00fcr den vollst\u00e4ndigen Namen (z. B. \u201eJanuar\u201c, \u201eFebruar\u201c, \u201eM\u00e4rz\u201c usw.).<\/li><\/ul><\/li><\/ul><h2 class=\"wp-block-heading\"> Beispiel<\/h2><p> Um praktisch zu verstehen, wie die VBA-Funktion MONTHNAME verwendet wird, m\u00fcssen Sie das folgende Beispiel durchgehen, in dem wir damit einen VBA-Code geschrieben haben: <\/p><div class=\"wp-block-image\"><figure class=\"aligncenter is-resized\"><img loading=\"lazy\" decoding=\"async\" title=\"Beispiel-vba-namemois-Funktion\" src=\"https:\/\/exceladvisor.org\/wp-content\/uploads\/2023\/08\/exemple-vba-fonction-monthname-2.png\" sizes=\"auto, \" srcset=\"\" alt=\"example-vba-monthname-function\" width=\"832\" height=\"419\"><\/figure><\/div><pre class=\"wp-block-code\"> <code class=\"language-visual-basic\" lang=\"visual-basic\">Sub example_MONTHNAME() Range(\"B1\").Value = MonthName(Range(\"A1\"), False) End Sub<\/code><\/pre><p> Im obigen Code haben wir MONTHNAME verwendet, um den Monatsnamen entsprechend dem Wert von Zelle A1 abzurufen, und wir haben eine 1 in Zelle A1, sodass \u201eJanuar\u201c zur\u00fcckgegeben wurde.<\/p><h2 class=\"wp-block-heading\"> Kommentare<\/h2><ul><li> Wenn der als Monat angegebene Wert kein Integer oder String ist, der nicht als Zahl erkannt werden kann, gibt VBA den Laufzeitfehler 13 zur\u00fcck. <\/li><\/ul><div class=\"wp-block-group more-tutorials is-layout-flow\"><div class=\"wp-block-group__inner-container\"><h2 class=\"wp-block-heading\"> Weitere Tutorials <\/h2><div class=\"wp-block-columns is-layout-flex wp-container-152\"><div class=\"wp-block-column is-layout-flow\"><ul><li> <a href=\"https:\/\/exceladvisor.org\/de\/datum-2\/\">DATUM VBA<\/a><\/li><li> <a href=\"https:\/\/exceladvisor.org\/de\/datum-hinzufugen\/\">VBA DATEADD<\/a><\/li><li> <a href=\"https:\/\/exceladvisor.org\/de\/datumsteil\/\">VBA DATEPARTS<\/a><\/li><li> <a href=\"https:\/\/exceladvisor.org\/de\/datumsserie\/\">VBA-DATESERIAL<\/a><\/li><li> <a href=\"https:\/\/exceladvisor.org\/de\/datumswert\/\">VBA-DATEWERT<\/a><\/li><\/ul><\/div><\/div><\/div><\/div>","protected":false},"excerpt":{"rendered":"","protected":false},"author":1,"featured_media":0,"parent":0,"menu_order":0,"comment_status":"open","ping_status":"closed","template":"","meta":{"ub_ctt_via":"","footnotes":""},"class_list":["post-3491","page","type-page","status-publish","hentry"],"featured_image_src":null,"yoast_head":"<!-- This site is optimized with the Yoast SEO plugin v25.4 - https:\/\/yoast.com\/wordpress\/plugins\/seo\/ -->\n<title>Wie verwende ich die VBA-MONTHNAME-Funktion? (Mit Beispiel)<\/title>\n<meta name=\"description\" content=\"Erfahren Sie, wie Sie die VBA-Funktion MONTHNAME mit Syntax, Argumenten und einem Beispiel mit Beispielcode verwenden.\" \/>\n<meta name=\"robots\" content=\"index, follow, max-snippet:-1, max-image-preview:large, max-video-preview:-1\" \/>\n<link rel=\"canonical\" href=\"https:\/\/exceladvisor.org\/de\/monatsname\/\" \/>\n<meta property=\"og:locale\" content=\"de_DE\" \/>\n<meta property=\"og:type\" content=\"article\" \/>\n<meta property=\"og:title\" content=\"Wie verwende ich die VBA-MONTHNAME-Funktion? (Mit Beispiel)\" \/>\n<meta property=\"og:description\" content=\"Erfahren Sie, wie Sie die VBA-Funktion MONTHNAME mit Syntax, Argumenten und einem Beispiel mit Beispielcode verwenden.\" \/>\n<meta property=\"og:url\" content=\"https:\/\/exceladvisor.org\/de\/monatsname\/\" \/>\n<meta property=\"og:site_name\" content=\"Excel Advisor\" \/>\n<meta property=\"article:modified_time\" content=\"2023-12-03T13:04:12+00:00\" \/>\n<meta property=\"og:image\" content=\"https:\/\/exceladvisor.org\/wp-content\/uploads\/2023\/08\/exemple-vba-fonction-monthname-2.png\" \/>\n<meta name=\"twitter:card\" content=\"summary_large_image\" \/>\n<meta name=\"twitter:label1\" content=\"Gesch\u00e4tzte Lesezeit\" \/>\n\t<meta name=\"twitter:data1\" content=\"1\u00a0Minute\" \/>\n<script type=\"application\/ld+json\" class=\"yoast-schema-graph\">{\"@context\":\"https:\/\/schema.org\",\"@graph\":[{\"@type\":\"WebPage\",\"@id\":\"https:\/\/exceladvisor.org\/de\/monatsname\/\",\"url\":\"https:\/\/exceladvisor.org\/de\/monatsname\/\",\"name\":\"Wie verwende ich die VBA-MONTHNAME-Funktion? (Mit Beispiel)\",\"isPartOf\":{\"@id\":\"https:\/\/exceladvisor.org\/de\/#website\"},\"primaryImageOfPage\":{\"@id\":\"https:\/\/exceladvisor.org\/de\/monatsname\/#primaryimage\"},\"image\":{\"@id\":\"https:\/\/exceladvisor.org\/de\/monatsname\/#primaryimage\"},\"thumbnailUrl\":\"https:\/\/exceladvisor.org\/wp-content\/uploads\/2023\/08\/exemple-vba-fonction-monthname-2.png\",\"datePublished\":\"2023-10-25T03:23:36+00:00\",\"dateModified\":\"2023-12-03T13:04:12+00:00\",\"description\":\"Erfahren Sie, wie Sie die VBA-Funktion MONTHNAME mit Syntax, Argumenten und einem Beispiel mit Beispielcode verwenden.\",\"breadcrumb\":{\"@id\":\"https:\/\/exceladvisor.org\/de\/monatsname\/#breadcrumb\"},\"inLanguage\":\"de\",\"potentialAction\":[{\"@type\":\"ReadAction\",\"target\":[\"https:\/\/exceladvisor.org\/de\/monatsname\/\"]}]},{\"@type\":\"ImageObject\",\"inLanguage\":\"de\",\"@id\":\"https:\/\/exceladvisor.org\/de\/monatsname\/#primaryimage\",\"url\":\"https:\/\/exceladvisor.org\/wp-content\/uploads\/2023\/08\/exemple-vba-fonction-monthname-2.png\",\"contentUrl\":\"https:\/\/exceladvisor.org\/wp-content\/uploads\/2023\/08\/exemple-vba-fonction-monthname-2.png\"},{\"@type\":\"BreadcrumbList\",\"@id\":\"https:\/\/exceladvisor.org\/de\/monatsname\/#breadcrumb\",\"itemListElement\":[{\"@type\":\"ListItem\",\"position\":1,\"name\":\"Accueil\",\"item\":\"https:\/\/exceladvisor.org\/de\/\"},{\"@type\":\"ListItem\",\"position\":2,\"name\":\"Wie verwende ich die vba-monthname-funktion?\"}]},{\"@type\":\"WebSite\",\"@id\":\"https:\/\/exceladvisor.org\/de\/#website\",\"url\":\"https:\/\/exceladvisor.org\/de\/\",\"name\":\"Excel Advisor\",\"description\":\"Ihr Leitfaden zur Datendominanz\",\"publisher\":{\"@id\":\"https:\/\/exceladvisor.org\/de\/#organization\"},\"potentialAction\":[{\"@type\":\"SearchAction\",\"target\":{\"@type\":\"EntryPoint\",\"urlTemplate\":\"https:\/\/exceladvisor.org\/de\/?s={search_term_string}\"},\"query-input\":{\"@type\":\"PropertyValueSpecification\",\"valueRequired\":true,\"valueName\":\"search_term_string\"}}],\"inLanguage\":\"de\"},{\"@type\":\"Organization\",\"@id\":\"https:\/\/exceladvisor.org\/de\/#organization\",\"name\":\"Excel Advisor\",\"url\":\"https:\/\/exceladvisor.org\/de\/\",\"logo\":{\"@type\":\"ImageObject\",\"inLanguage\":\"de\",\"@id\":\"https:\/\/exceladvisor.org\/de\/#\/schema\/logo\/image\/\",\"url\":\"https:\/\/exceladvisor.org\/de\/wp-content\/uploads\/2023\/11\/exceladvisor.org_.png\",\"contentUrl\":\"https:\/\/exceladvisor.org\/de\/wp-content\/uploads\/2023\/11\/exceladvisor.org_.png\",\"width\":105,\"height\":36,\"caption\":\"Excel Advisor\"},\"image\":{\"@id\":\"https:\/\/exceladvisor.org\/de\/#\/schema\/logo\/image\/\"}}]}<\/script>\n<!-- \/ Yoast SEO plugin. -->","yoast_head_json":{"title":"Wie verwende ich die VBA-MONTHNAME-Funktion? (Mit Beispiel)","description":"Erfahren Sie, wie Sie die VBA-Funktion MONTHNAME mit Syntax, Argumenten und einem Beispiel mit Beispielcode verwenden.","robots":{"index":"index","follow":"follow","max-snippet":"max-snippet:-1","max-image-preview":"max-image-preview:large","max-video-preview":"max-video-preview:-1"},"canonical":"https:\/\/exceladvisor.org\/de\/monatsname\/","og_locale":"de_DE","og_type":"article","og_title":"Wie verwende ich die VBA-MONTHNAME-Funktion? (Mit Beispiel)","og_description":"Erfahren Sie, wie Sie die VBA-Funktion MONTHNAME mit Syntax, Argumenten und einem Beispiel mit Beispielcode verwenden.","og_url":"https:\/\/exceladvisor.org\/de\/monatsname\/","og_site_name":"Excel Advisor","article_modified_time":"2023-12-03T13:04:12+00:00","og_image":[{"url":"https:\/\/exceladvisor.org\/wp-content\/uploads\/2023\/08\/exemple-vba-fonction-monthname-2.png","type":"","width":"","height":""}],"twitter_card":"summary_large_image","twitter_misc":{"Gesch\u00e4tzte Lesezeit":"1\u00a0Minute"},"schema":{"@context":"https:\/\/schema.org","@graph":[{"@type":"WebPage","@id":"https:\/\/exceladvisor.org\/de\/monatsname\/","url":"https:\/\/exceladvisor.org\/de\/monatsname\/","name":"Wie verwende ich die VBA-MONTHNAME-Funktion? (Mit Beispiel)","isPartOf":{"@id":"https:\/\/exceladvisor.org\/de\/#website"},"primaryImageOfPage":{"@id":"https:\/\/exceladvisor.org\/de\/monatsname\/#primaryimage"},"image":{"@id":"https:\/\/exceladvisor.org\/de\/monatsname\/#primaryimage"},"thumbnailUrl":"https:\/\/exceladvisor.org\/wp-content\/uploads\/2023\/08\/exemple-vba-fonction-monthname-2.png","datePublished":"2023-10-25T03:23:36+00:00","dateModified":"2023-12-03T13:04:12+00:00","description":"Erfahren Sie, wie Sie die VBA-Funktion MONTHNAME mit Syntax, Argumenten und einem Beispiel mit Beispielcode verwenden.","breadcrumb":{"@id":"https:\/\/exceladvisor.org\/de\/monatsname\/#breadcrumb"},"inLanguage":"de","potentialAction":[{"@type":"ReadAction","target":["https:\/\/exceladvisor.org\/de\/monatsname\/"]}]},{"@type":"ImageObject","inLanguage":"de","@id":"https:\/\/exceladvisor.org\/de\/monatsname\/#primaryimage","url":"https:\/\/exceladvisor.org\/wp-content\/uploads\/2023\/08\/exemple-vba-fonction-monthname-2.png","contentUrl":"https:\/\/exceladvisor.org\/wp-content\/uploads\/2023\/08\/exemple-vba-fonction-monthname-2.png"},{"@type":"BreadcrumbList","@id":"https:\/\/exceladvisor.org\/de\/monatsname\/#breadcrumb","itemListElement":[{"@type":"ListItem","position":1,"name":"Accueil","item":"https:\/\/exceladvisor.org\/de\/"},{"@type":"ListItem","position":2,"name":"Wie verwende ich die vba-monthname-funktion?"}]},{"@type":"WebSite","@id":"https:\/\/exceladvisor.org\/de\/#website","url":"https:\/\/exceladvisor.org\/de\/","name":"Excel Advisor","description":"Ihr Leitfaden zur Datendominanz","publisher":{"@id":"https:\/\/exceladvisor.org\/de\/#organization"},"potentialAction":[{"@type":"SearchAction","target":{"@type":"EntryPoint","urlTemplate":"https:\/\/exceladvisor.org\/de\/?s={search_term_string}"},"query-input":{"@type":"PropertyValueSpecification","valueRequired":true,"valueName":"search_term_string"}}],"inLanguage":"de"},{"@type":"Organization","@id":"https:\/\/exceladvisor.org\/de\/#organization","name":"Excel Advisor","url":"https:\/\/exceladvisor.org\/de\/","logo":{"@type":"ImageObject","inLanguage":"de","@id":"https:\/\/exceladvisor.org\/de\/#\/schema\/logo\/image\/","url":"https:\/\/exceladvisor.org\/de\/wp-content\/uploads\/2023\/11\/exceladvisor.org_.png","contentUrl":"https:\/\/exceladvisor.org\/de\/wp-content\/uploads\/2023\/11\/exceladvisor.org_.png","width":105,"height":36,"caption":"Excel Advisor"},"image":{"@id":"https:\/\/exceladvisor.org\/de\/#\/schema\/logo\/image\/"}}]}},"yoast_meta":{"yoast_wpseo_title":"","yoast_wpseo_metadesc":"","yoast_wpseo_canonical":""},"_links":{"self":[{"href":"https:\/\/exceladvisor.org\/de\/wp-json\/wp\/v2\/pages\/3491","targetHints":{"allow":["GET"]}}],"collection":[{"href":"https:\/\/exceladvisor.org\/de\/wp-json\/wp\/v2\/pages"}],"about":[{"href":"https:\/\/exceladvisor.org\/de\/wp-json\/wp\/v2\/types\/page"}],"author":[{"embeddable":true,"href":"https:\/\/exceladvisor.org\/de\/wp-json\/wp\/v2\/users\/1"}],"replies":[{"embeddable":true,"href":"https:\/\/exceladvisor.org\/de\/wp-json\/wp\/v2\/comments?post=3491"}],"version-history":[{"count":1,"href":"https:\/\/exceladvisor.org\/de\/wp-json\/wp\/v2\/pages\/3491\/revisions"}],"predecessor-version":[{"id":4322,"href":"https:\/\/exceladvisor.org\/de\/wp-json\/wp\/v2\/pages\/3491\/revisions\/4322"}],"wp:attachment":[{"href":"https:\/\/exceladvisor.org\/de\/wp-json\/wp\/v2\/media?parent=3491"}],"curies":[{"name":"wp","href":"https:\/\/api.w.org\/{rel}","templated":true}]}}