{"id":3494,"date":"2023-10-24T23:39:01","date_gmt":"2023-10-24T23:39:01","guid":{"rendered":"https:\/\/exceladvisor.org\/de\/teilt\/"},"modified":"2023-12-03T13:04:25","modified_gmt":"2023-12-03T13:04:25","slug":"teilt","status":"publish","type":"page","link":"https:\/\/exceladvisor.org\/de\/teilt\/","title":{"rendered":"Wie verwende ich die vba-split-funktion?"},"content":{"rendered":"<div class=\"excel-vor-dem-inhalt\" id=\"excel-2869787375\"><script type=\"text\/javascript\">\r\n\tatOptions = {\r\n\t\t'key' : 'c1158f160081d6540a8409e6925dab94',\r\n\t\t'format' : 'iframe',\r\n\t\t'height' : 250,\r\n\t\t'width' : 300,\r\n\t\t'params' : {}\r\n\t};\r\n<\/script>\r\n<script type=\"text\/javascript\" src=\"\/\/www.highperformanceformat.com\/c1158f160081d6540a8409e6925dab94\/invoke.js\"><\/script><\/div> <p>Die VBA-SPLIT-Funktion ist in der Kategorie VBA-Funktionstabelle aufgef\u00fchrt. Wenn Sie es im VBA-Code verwenden, <strong>wird die angegebene Zeichenfolge mithilfe eines Trennzeichens in mehrere Teilzeichenfolgen aufgeteilt<\/strong> . Mit einfachen Worten: Sie k\u00f6nnen einen Text mithilfe eines Trennzeichens in mehrere Werte aufteilen.<\/p><h2 class=\"wp-block-heading\"> Syntax<\/h2><p> <strong>Split(Ausdruck, [Trennzeichen], [Begrenzung], [Vergleichen])<\/strong><\/p><h2 class=\"wp-block-heading\"> Argumente<\/h2><ul><li> <strong>Ausdruck<\/strong> : Die urspr\u00fcngliche Textzeichenfolge, die Sie teilen m\u00f6chten.<\/li><li> <strong>[Trennzeichen]<\/strong> : Das Trennzeichen, das Sie beim Teilen des Ausdrucks verwenden m\u00f6chten [Dies ist ein optionales Argument und wenn es weggelassen wird, verwendet VBA standardm\u00e4\u00dfig \u201e\u201c].<\/li><li> <strong>[Limit]<\/strong> : Eine Ganzzahl, um die maximale Anzahl der zur\u00fcckzugebenden Teilzeichenfolgen anzugeben. [Dies ist ein optionales Argument. Wenn es weggelassen wird, verwendet VBA standardm\u00e4\u00dfig -1, um alle Teilzeichenfolgen zur\u00fcckzugeben].<\/li><li> <strong>[Vergleichen]<\/strong> : Ein Zeichenfolgenwert zum Definieren des beim Filtern des Arrays durchzuf\u00fchrenden Vergleichs. [Dies ist ein optionales Argument. Wenn es weggelassen wird, verwendet VBA standardm\u00e4\u00dfig vbBinaryCompare].<ul><li> vbBinaryCompare: f\u00fcr bin\u00e4ren Vergleich.<\/li><li> vbTextCompare: zum Textvergleich.<\/li><li> vbDatabaseCompare: f\u00fcr Datenbankvergleich.<\/li><\/ul><\/li><\/ul><h2 class=\"wp-block-heading\"> Beispiel<\/h2><p> Um die Verwendung der VBA-SPLIT-Funktion praktisch zu verstehen, m\u00fcssen Sie das folgende Beispiel durchgehen, in dem wir damit einen VBA-Code geschrieben haben: <\/p><figure class=\"wp-block-image is-resized\"><img loading=\"lazy\" decoding=\"async\" title=\"Beispiel-VBA-Split-Funktion\" src=\"https:\/\/exceladvisor.org\/wp-content\/uploads\/2023\/08\/exemple-de-fonction-de-fractionnement-vba.png\" sizes=\"auto, \" srcset=\"\" alt=\"example-vba-split-function\" width=\"838\" height=\"508\"><\/figure><pre class=\"wp-block-code\"> <code class=\"language-visual-basic\" lang=\"visual-basic\">Sub example_SPLIT() Range(\"B1\").Value = Split(Range(\"A1\"), \"-\") End Sub<\/code><\/pre><p> Im obigen Code haben wir SPLIT verwendet, um die Zeichenfolge in Zelle A1 mithilfe des Trennzeichens \u201e\u2013\u201c zu teilen, und das Ergebnis wurde in Zelle B1 zur\u00fcckgegeben.<\/p><div class=\"gb-container gb-container-078e99df gb-container-mt\"> <a class=\"gb-button gb-button-b61bc159 gb-button-text gb-button-mt-button\" href=\"https:\/\/exceladvisor.org\/de\/vba\/\">Was ist VBA<\/a><h2 class=\"gb-headline gb-headline-eb94b2aa gb-headline-text gb-headline-mt-heading\"> Verwandte <a href=\"https:\/\/exceladvisor.org\/de\/funktionen\/\">VBA-Funktionen<\/a> <\/h2><div class=\"gb-grid-wrapper gb-grid-wrapper-bea82d60 gb-grid-wrapper-mt-grid\"><div class=\"gb-grid-column gb-grid-column-98a91fbb\"><div class=\"gb-container gb-container-98a91fbb\"><ul><li> <a href=\"https:\/\/exceladvisor.org\/de\/einsetzen\/\">VBA-TABELLE<\/a><\/li><li> <a href=\"https:\/\/exceladvisor.org\/de\/filter\/\">VBA-FILTER<\/a><\/li><li> <a href=\"https:\/\/exceladvisor.org\/de\/verbinden\/\">Treten Sie VBA bei<\/a><\/li><li> <a href=\"https:\/\/exceladvisor.org\/de\/gebunden\/\">VBA LBOUND<\/a><\/li><\/ul><\/div><\/div><\/div><\/div>","protected":false},"excerpt":{"rendered":"","protected":false},"author":1,"featured_media":0,"parent":0,"menu_order":0,"comment_status":"open","ping_status":"closed","template":"","meta":{"ub_ctt_via":"","footnotes":""},"class_list":["post-3494","page","type-page","status-publish","hentry"],"featured_image_src":null,"yoast_head":"<!-- This site is optimized with the Yoast SEO plugin v25.4 - https:\/\/yoast.com\/wordpress\/plugins\/seo\/ -->\n<title>Wie verwende ich die VBA-SPLIT-Funktion? (Syntax + Beispiel)<\/title>\n<meta name=\"description\" content=\"Erfahren Sie, wie Sie die VBA-SPLIT-Funktion mit Syntax, Argumenten und Beispielen mit Beispielcode verwenden.\" \/>\n<meta name=\"robots\" content=\"index, follow, max-snippet:-1, max-image-preview:large, max-video-preview:-1\" \/>\n<link rel=\"canonical\" href=\"https:\/\/exceladvisor.org\/de\/teilt\/\" \/>\n<meta property=\"og:locale\" content=\"de_DE\" \/>\n<meta property=\"og:type\" content=\"article\" \/>\n<meta property=\"og:title\" content=\"Wie verwende ich die VBA-SPLIT-Funktion? (Syntax + Beispiel)\" \/>\n<meta property=\"og:description\" content=\"Erfahren Sie, wie Sie die VBA-SPLIT-Funktion mit Syntax, Argumenten und Beispielen mit Beispielcode verwenden.\" \/>\n<meta property=\"og:url\" content=\"https:\/\/exceladvisor.org\/de\/teilt\/\" \/>\n<meta property=\"og:site_name\" content=\"Excel Advisor\" \/>\n<meta property=\"article:modified_time\" content=\"2023-12-03T13:04:25+00:00\" \/>\n<meta property=\"og:image\" content=\"https:\/\/exceladvisor.org\/wp-content\/uploads\/2023\/08\/exemple-de-fonction-de-fractionnement-vba.png\" \/>\n<meta name=\"twitter:card\" content=\"summary_large_image\" \/>\n<meta name=\"twitter:label1\" content=\"Gesch\u00e4tzte Lesezeit\" \/>\n\t<meta name=\"twitter:data1\" content=\"1\u00a0Minute\" \/>\n<script type=\"application\/ld+json\" class=\"yoast-schema-graph\">{\"@context\":\"https:\/\/schema.org\",\"@graph\":[{\"@type\":\"WebPage\",\"@id\":\"https:\/\/exceladvisor.org\/de\/teilt\/\",\"url\":\"https:\/\/exceladvisor.org\/de\/teilt\/\",\"name\":\"Wie verwende ich die VBA-SPLIT-Funktion? (Syntax + Beispiel)\",\"isPartOf\":{\"@id\":\"https:\/\/exceladvisor.org\/de\/#website\"},\"primaryImageOfPage\":{\"@id\":\"https:\/\/exceladvisor.org\/de\/teilt\/#primaryimage\"},\"image\":{\"@id\":\"https:\/\/exceladvisor.org\/de\/teilt\/#primaryimage\"},\"thumbnailUrl\":\"https:\/\/exceladvisor.org\/wp-content\/uploads\/2023\/08\/exemple-de-fonction-de-fractionnement-vba.png\",\"datePublished\":\"2023-10-24T23:39:01+00:00\",\"dateModified\":\"2023-12-03T13:04:25+00:00\",\"description\":\"Erfahren Sie, wie Sie die VBA-SPLIT-Funktion mit Syntax, Argumenten und Beispielen mit Beispielcode verwenden.\",\"breadcrumb\":{\"@id\":\"https:\/\/exceladvisor.org\/de\/teilt\/#breadcrumb\"},\"inLanguage\":\"de\",\"potentialAction\":[{\"@type\":\"ReadAction\",\"target\":[\"https:\/\/exceladvisor.org\/de\/teilt\/\"]}]},{\"@type\":\"ImageObject\",\"inLanguage\":\"de\",\"@id\":\"https:\/\/exceladvisor.org\/de\/teilt\/#primaryimage\",\"url\":\"https:\/\/exceladvisor.org\/wp-content\/uploads\/2023\/08\/exemple-de-fonction-de-fractionnement-vba.png\",\"contentUrl\":\"https:\/\/exceladvisor.org\/wp-content\/uploads\/2023\/08\/exemple-de-fonction-de-fractionnement-vba.png\"},{\"@type\":\"BreadcrumbList\",\"@id\":\"https:\/\/exceladvisor.org\/de\/teilt\/#breadcrumb\",\"itemListElement\":[{\"@type\":\"ListItem\",\"position\":1,\"name\":\"Accueil\",\"item\":\"https:\/\/exceladvisor.org\/de\/\"},{\"@type\":\"ListItem\",\"position\":2,\"name\":\"Wie verwende ich die vba-split-funktion?\"}]},{\"@type\":\"WebSite\",\"@id\":\"https:\/\/exceladvisor.org\/de\/#website\",\"url\":\"https:\/\/exceladvisor.org\/de\/\",\"name\":\"Excel Advisor\",\"description\":\"Ihr Leitfaden zur Datendominanz\",\"publisher\":{\"@id\":\"https:\/\/exceladvisor.org\/de\/#organization\"},\"potentialAction\":[{\"@type\":\"SearchAction\",\"target\":{\"@type\":\"EntryPoint\",\"urlTemplate\":\"https:\/\/exceladvisor.org\/de\/?s={search_term_string}\"},\"query-input\":{\"@type\":\"PropertyValueSpecification\",\"valueRequired\":true,\"valueName\":\"search_term_string\"}}],\"inLanguage\":\"de\"},{\"@type\":\"Organization\",\"@id\":\"https:\/\/exceladvisor.org\/de\/#organization\",\"name\":\"Excel Advisor\",\"url\":\"https:\/\/exceladvisor.org\/de\/\",\"logo\":{\"@type\":\"ImageObject\",\"inLanguage\":\"de\",\"@id\":\"https:\/\/exceladvisor.org\/de\/#\/schema\/logo\/image\/\",\"url\":\"https:\/\/exceladvisor.org\/de\/wp-content\/uploads\/2023\/11\/exceladvisor.org_.png\",\"contentUrl\":\"https:\/\/exceladvisor.org\/de\/wp-content\/uploads\/2023\/11\/exceladvisor.org_.png\",\"width\":105,\"height\":36,\"caption\":\"Excel Advisor\"},\"image\":{\"@id\":\"https:\/\/exceladvisor.org\/de\/#\/schema\/logo\/image\/\"}}]}<\/script>\n<!-- \/ Yoast SEO plugin. -->","yoast_head_json":{"title":"Wie verwende ich die VBA-SPLIT-Funktion? (Syntax + Beispiel)","description":"Erfahren Sie, wie Sie die VBA-SPLIT-Funktion mit Syntax, Argumenten und Beispielen mit Beispielcode verwenden.","robots":{"index":"index","follow":"follow","max-snippet":"max-snippet:-1","max-image-preview":"max-image-preview:large","max-video-preview":"max-video-preview:-1"},"canonical":"https:\/\/exceladvisor.org\/de\/teilt\/","og_locale":"de_DE","og_type":"article","og_title":"Wie verwende ich die VBA-SPLIT-Funktion? (Syntax + Beispiel)","og_description":"Erfahren Sie, wie Sie die VBA-SPLIT-Funktion mit Syntax, Argumenten und Beispielen mit Beispielcode verwenden.","og_url":"https:\/\/exceladvisor.org\/de\/teilt\/","og_site_name":"Excel Advisor","article_modified_time":"2023-12-03T13:04:25+00:00","og_image":[{"url":"https:\/\/exceladvisor.org\/wp-content\/uploads\/2023\/08\/exemple-de-fonction-de-fractionnement-vba.png","type":"","width":"","height":""}],"twitter_card":"summary_large_image","twitter_misc":{"Gesch\u00e4tzte Lesezeit":"1\u00a0Minute"},"schema":{"@context":"https:\/\/schema.org","@graph":[{"@type":"WebPage","@id":"https:\/\/exceladvisor.org\/de\/teilt\/","url":"https:\/\/exceladvisor.org\/de\/teilt\/","name":"Wie verwende ich die VBA-SPLIT-Funktion? (Syntax + Beispiel)","isPartOf":{"@id":"https:\/\/exceladvisor.org\/de\/#website"},"primaryImageOfPage":{"@id":"https:\/\/exceladvisor.org\/de\/teilt\/#primaryimage"},"image":{"@id":"https:\/\/exceladvisor.org\/de\/teilt\/#primaryimage"},"thumbnailUrl":"https:\/\/exceladvisor.org\/wp-content\/uploads\/2023\/08\/exemple-de-fonction-de-fractionnement-vba.png","datePublished":"2023-10-24T23:39:01+00:00","dateModified":"2023-12-03T13:04:25+00:00","description":"Erfahren Sie, wie Sie die VBA-SPLIT-Funktion mit Syntax, Argumenten und Beispielen mit Beispielcode verwenden.","breadcrumb":{"@id":"https:\/\/exceladvisor.org\/de\/teilt\/#breadcrumb"},"inLanguage":"de","potentialAction":[{"@type":"ReadAction","target":["https:\/\/exceladvisor.org\/de\/teilt\/"]}]},{"@type":"ImageObject","inLanguage":"de","@id":"https:\/\/exceladvisor.org\/de\/teilt\/#primaryimage","url":"https:\/\/exceladvisor.org\/wp-content\/uploads\/2023\/08\/exemple-de-fonction-de-fractionnement-vba.png","contentUrl":"https:\/\/exceladvisor.org\/wp-content\/uploads\/2023\/08\/exemple-de-fonction-de-fractionnement-vba.png"},{"@type":"BreadcrumbList","@id":"https:\/\/exceladvisor.org\/de\/teilt\/#breadcrumb","itemListElement":[{"@type":"ListItem","position":1,"name":"Accueil","item":"https:\/\/exceladvisor.org\/de\/"},{"@type":"ListItem","position":2,"name":"Wie verwende ich die vba-split-funktion?"}]},{"@type":"WebSite","@id":"https:\/\/exceladvisor.org\/de\/#website","url":"https:\/\/exceladvisor.org\/de\/","name":"Excel Advisor","description":"Ihr Leitfaden zur Datendominanz","publisher":{"@id":"https:\/\/exceladvisor.org\/de\/#organization"},"potentialAction":[{"@type":"SearchAction","target":{"@type":"EntryPoint","urlTemplate":"https:\/\/exceladvisor.org\/de\/?s={search_term_string}"},"query-input":{"@type":"PropertyValueSpecification","valueRequired":true,"valueName":"search_term_string"}}],"inLanguage":"de"},{"@type":"Organization","@id":"https:\/\/exceladvisor.org\/de\/#organization","name":"Excel Advisor","url":"https:\/\/exceladvisor.org\/de\/","logo":{"@type":"ImageObject","inLanguage":"de","@id":"https:\/\/exceladvisor.org\/de\/#\/schema\/logo\/image\/","url":"https:\/\/exceladvisor.org\/de\/wp-content\/uploads\/2023\/11\/exceladvisor.org_.png","contentUrl":"https:\/\/exceladvisor.org\/de\/wp-content\/uploads\/2023\/11\/exceladvisor.org_.png","width":105,"height":36,"caption":"Excel Advisor"},"image":{"@id":"https:\/\/exceladvisor.org\/de\/#\/schema\/logo\/image\/"}}]}},"yoast_meta":{"yoast_wpseo_title":"","yoast_wpseo_metadesc":"","yoast_wpseo_canonical":""},"_links":{"self":[{"href":"https:\/\/exceladvisor.org\/de\/wp-json\/wp\/v2\/pages\/3494","targetHints":{"allow":["GET"]}}],"collection":[{"href":"https:\/\/exceladvisor.org\/de\/wp-json\/wp\/v2\/pages"}],"about":[{"href":"https:\/\/exceladvisor.org\/de\/wp-json\/wp\/v2\/types\/page"}],"author":[{"embeddable":true,"href":"https:\/\/exceladvisor.org\/de\/wp-json\/wp\/v2\/users\/1"}],"replies":[{"embeddable":true,"href":"https:\/\/exceladvisor.org\/de\/wp-json\/wp\/v2\/comments?post=3494"}],"version-history":[{"count":1,"href":"https:\/\/exceladvisor.org\/de\/wp-json\/wp\/v2\/pages\/3494\/revisions"}],"predecessor-version":[{"id":4335,"href":"https:\/\/exceladvisor.org\/de\/wp-json\/wp\/v2\/pages\/3494\/revisions\/4335"}],"wp:attachment":[{"href":"https:\/\/exceladvisor.org\/de\/wp-json\/wp\/v2\/media?parent=3494"}],"curies":[{"name":"wp","href":"https:\/\/api.w.org\/{rel}","templated":true}]}}