{"id":3501,"date":"2023-10-24T22:08:56","date_gmt":"2023-10-24T22:08:56","guid":{"rendered":"https:\/\/exceladvisor.org\/de\/syd\/"},"modified":"2023-12-03T13:04:32","modified_gmt":"2023-12-03T13:04:32","slug":"syd","status":"publish","type":"page","link":"https:\/\/exceladvisor.org\/de\/syd\/","title":{"rendered":"Wie verwende ich die vba-syd-funktion?"},"content":{"rendered":"<div class=\"excel-vor-dem-inhalt\" id=\"excel-3841277087\"><script type=\"text\/javascript\">\r\n\tatOptions = {\r\n\t\t'key' : 'c1158f160081d6540a8409e6925dab94',\r\n\t\t'format' : 'iframe',\r\n\t\t'height' : 250,\r\n\t\t'width' : 300,\r\n\t\t'params' : {}\r\n\t};\r\n<\/script>\r\n<script type=\"text\/javascript\" src=\"\/\/www.highperformanceformat.com\/c1158f160081d6540a8409e6925dab94\/invoke.js\"><\/script><\/div> <p>Die VBA-SYD-Funktion ist in der Finanzkategorie der VBA-Funktionen aufgef\u00fchrt. Wenn Sie es im VBA-Code verwenden, <strong>berechnet es die Summe der Abschreibungsjahre in Zahlen f\u00fcr einen bestimmten Zeitraum in der Lebensdauer eines Verm\u00f6genswerts<\/strong> .<\/p><h2 class=\"wp-block-heading\"> Syntax<\/h2><p> <strong>SYD (Kosten, Wiederherstellung, Lebensdauer, Zeitraum)<\/strong><\/p><h2 class=\"wp-block-heading\"> Argumente<\/h2><ul><li> <strong>Kosten<\/strong> : Die Anschaffungskosten des Verm\u00f6genswerts.<\/li><li> <strong>Restwert<\/strong> : Der Wert des Verm\u00f6genswerts bei Fertigstellung.<\/li><li> <strong>Lebensdauer<\/strong> : Die Anzahl der Zeitr\u00e4ume, \u00fcber die der Verm\u00f6genswert abgeschrieben werden muss.<\/li><li> <strong>Zeitraum<\/strong> : Der Zeitraum, f\u00fcr den Sie die Abschreibung berechnen m\u00f6chten.<\/li><\/ul><h2 class=\"wp-block-heading\"> Beispiel<\/h2><p> Um die Verwendung der VBA-SYD-Funktion praktisch zu verstehen, m\u00fcssen Sie das folgende Beispiel durchgehen, in dem wir damit einen VBA-Code geschrieben haben: <\/p><figure class=\"wp-block-image\"><img decoding=\"async\" title=\"Beispiel-vba-syd-Funktion\" src=\"https:\/\/exceladvisor.org\/wp-content\/uploads\/2023\/08\/exemple-de-fonction-vba-syd.png\" sizes=\"\" srcset=\"\" alt=\"example-vba-syd-function\"><\/figure><p> Im obigen Code haben wir SYD verwendet, um die <a style=\"outline: none;\" href=\"https:\/\/en.wikipedia.org\/wiki\/Depreciation#Sum-of-years-digits_method\" target=\"_blank\" rel=\"nofollow noopener noreferrer\">Methode der Summe der Ziffernjahre<\/a> f\u00fcr das erste Jahr \u00fcber die 5 Jahre der Lebensdauer des Verm\u00f6genswerts zu berechnen, und als Ergebnis wurde 29333 zur\u00fcckgegeben.<\/p><h2 class=\"wp-block-heading\"> Kommentare<\/h2><ul><li> Wenn der Wiederherstellungswert &lt; 0 ist, die Lebensdauer oder Periode \u2264 0 oder die Periode &gt; Lebensdauer ist, gibt VBA einen Laufzeitfehler 5 zur\u00fcck. <\/li><\/ul><div class=\"wp-block-group more-tutorials is-layout-flow\"><div class=\"wp-block-group__inner-container\"><h2 class=\"wp-block-heading\"> Weitere Tutorials <\/h2><div class=\"wp-block-columns is-layout-flex wp-container-56\"><div class=\"wp-block-column is-layout-flow\"><ul><li> <a href=\"https:\/\/exceladvisor.org\/de\/uhr-2\/\">PMT VBA<\/a><\/li><li> <a href=\"https:\/\/exceladvisor.org\/de\/ppmt\/\">PPMT VBA<\/a><\/li><li> <a href=\"https:\/\/exceladvisor.org\/de\/ps-2\/\">PV VBA<\/a><\/li><li> <a href=\"https:\/\/exceladvisor.org\/de\/verpasst\/\">VBA-RATE<\/a><\/li><li> <a href=\"https:\/\/exceladvisor.org\/de\/sln\/\">VBA SLN<\/a><\/li><\/ul><\/div><\/div><\/div><\/div>","protected":false},"excerpt":{"rendered":"","protected":false},"author":1,"featured_media":0,"parent":0,"menu_order":0,"comment_status":"open","ping_status":"closed","template":"","meta":{"ub_ctt_via":"","footnotes":""},"class_list":["post-3501","page","type-page","status-publish","hentry"],"featured_image_src":null,"yoast_head":"<!-- This site is optimized with the Yoast SEO plugin v25.4 - https:\/\/yoast.com\/wordpress\/plugins\/seo\/ -->\n<title>Wie verwende ich die VBA-SYD-Funktion? (Syntax + Beispiel)<\/title>\n<meta name=\"description\" content=\"Erfahren Sie, wie Sie die VBA-SYD-Funktion mit Syntax, Argumenten und Beispielen mit Beispielcode verwenden.\" \/>\n<meta name=\"robots\" content=\"index, follow, max-snippet:-1, max-image-preview:large, max-video-preview:-1\" \/>\n<link rel=\"canonical\" href=\"https:\/\/exceladvisor.org\/de\/syd\/\" \/>\n<meta property=\"og:locale\" content=\"de_DE\" \/>\n<meta property=\"og:type\" content=\"article\" \/>\n<meta property=\"og:title\" content=\"Wie verwende ich die VBA-SYD-Funktion? (Syntax + Beispiel)\" \/>\n<meta property=\"og:description\" content=\"Erfahren Sie, wie Sie die VBA-SYD-Funktion mit Syntax, Argumenten und Beispielen mit Beispielcode verwenden.\" \/>\n<meta property=\"og:url\" content=\"https:\/\/exceladvisor.org\/de\/syd\/\" \/>\n<meta property=\"og:site_name\" content=\"Excel Advisor\" \/>\n<meta property=\"article:modified_time\" content=\"2023-12-03T13:04:32+00:00\" \/>\n<meta property=\"og:image\" content=\"https:\/\/exceladvisor.org\/wp-content\/uploads\/2023\/08\/exemple-de-fonction-vba-syd.png\" \/>\n<meta name=\"twitter:card\" content=\"summary_large_image\" \/>\n<meta name=\"twitter:label1\" content=\"Gesch\u00e4tzte Lesezeit\" \/>\n\t<meta name=\"twitter:data1\" content=\"1\u00a0Minute\" \/>\n<script type=\"application\/ld+json\" class=\"yoast-schema-graph\">{\"@context\":\"https:\/\/schema.org\",\"@graph\":[{\"@type\":\"WebPage\",\"@id\":\"https:\/\/exceladvisor.org\/de\/syd\/\",\"url\":\"https:\/\/exceladvisor.org\/de\/syd\/\",\"name\":\"Wie verwende ich die VBA-SYD-Funktion? (Syntax + Beispiel)\",\"isPartOf\":{\"@id\":\"https:\/\/exceladvisor.org\/de\/#website\"},\"primaryImageOfPage\":{\"@id\":\"https:\/\/exceladvisor.org\/de\/syd\/#primaryimage\"},\"image\":{\"@id\":\"https:\/\/exceladvisor.org\/de\/syd\/#primaryimage\"},\"thumbnailUrl\":\"https:\/\/exceladvisor.org\/wp-content\/uploads\/2023\/08\/exemple-de-fonction-vba-syd.png\",\"datePublished\":\"2023-10-24T22:08:56+00:00\",\"dateModified\":\"2023-12-03T13:04:32+00:00\",\"description\":\"Erfahren Sie, wie Sie die VBA-SYD-Funktion mit Syntax, Argumenten und Beispielen mit Beispielcode verwenden.\",\"breadcrumb\":{\"@id\":\"https:\/\/exceladvisor.org\/de\/syd\/#breadcrumb\"},\"inLanguage\":\"de\",\"potentialAction\":[{\"@type\":\"ReadAction\",\"target\":[\"https:\/\/exceladvisor.org\/de\/syd\/\"]}]},{\"@type\":\"ImageObject\",\"inLanguage\":\"de\",\"@id\":\"https:\/\/exceladvisor.org\/de\/syd\/#primaryimage\",\"url\":\"https:\/\/exceladvisor.org\/wp-content\/uploads\/2023\/08\/exemple-de-fonction-vba-syd.png\",\"contentUrl\":\"https:\/\/exceladvisor.org\/wp-content\/uploads\/2023\/08\/exemple-de-fonction-vba-syd.png\"},{\"@type\":\"BreadcrumbList\",\"@id\":\"https:\/\/exceladvisor.org\/de\/syd\/#breadcrumb\",\"itemListElement\":[{\"@type\":\"ListItem\",\"position\":1,\"name\":\"Accueil\",\"item\":\"https:\/\/exceladvisor.org\/de\/\"},{\"@type\":\"ListItem\",\"position\":2,\"name\":\"Wie verwende ich die vba-syd-funktion?\"}]},{\"@type\":\"WebSite\",\"@id\":\"https:\/\/exceladvisor.org\/de\/#website\",\"url\":\"https:\/\/exceladvisor.org\/de\/\",\"name\":\"Excel Advisor\",\"description\":\"Ihr Leitfaden zur Datendominanz\",\"publisher\":{\"@id\":\"https:\/\/exceladvisor.org\/de\/#organization\"},\"potentialAction\":[{\"@type\":\"SearchAction\",\"target\":{\"@type\":\"EntryPoint\",\"urlTemplate\":\"https:\/\/exceladvisor.org\/de\/?s={search_term_string}\"},\"query-input\":{\"@type\":\"PropertyValueSpecification\",\"valueRequired\":true,\"valueName\":\"search_term_string\"}}],\"inLanguage\":\"de\"},{\"@type\":\"Organization\",\"@id\":\"https:\/\/exceladvisor.org\/de\/#organization\",\"name\":\"Excel Advisor\",\"url\":\"https:\/\/exceladvisor.org\/de\/\",\"logo\":{\"@type\":\"ImageObject\",\"inLanguage\":\"de\",\"@id\":\"https:\/\/exceladvisor.org\/de\/#\/schema\/logo\/image\/\",\"url\":\"https:\/\/exceladvisor.org\/de\/wp-content\/uploads\/2023\/11\/exceladvisor.org_.png\",\"contentUrl\":\"https:\/\/exceladvisor.org\/de\/wp-content\/uploads\/2023\/11\/exceladvisor.org_.png\",\"width\":105,\"height\":36,\"caption\":\"Excel Advisor\"},\"image\":{\"@id\":\"https:\/\/exceladvisor.org\/de\/#\/schema\/logo\/image\/\"}}]}<\/script>\n<!-- \/ Yoast SEO plugin. -->","yoast_head_json":{"title":"Wie verwende ich die VBA-SYD-Funktion? (Syntax + Beispiel)","description":"Erfahren Sie, wie Sie die VBA-SYD-Funktion mit Syntax, Argumenten und Beispielen mit Beispielcode verwenden.","robots":{"index":"index","follow":"follow","max-snippet":"max-snippet:-1","max-image-preview":"max-image-preview:large","max-video-preview":"max-video-preview:-1"},"canonical":"https:\/\/exceladvisor.org\/de\/syd\/","og_locale":"de_DE","og_type":"article","og_title":"Wie verwende ich die VBA-SYD-Funktion? (Syntax + Beispiel)","og_description":"Erfahren Sie, wie Sie die VBA-SYD-Funktion mit Syntax, Argumenten und Beispielen mit Beispielcode verwenden.","og_url":"https:\/\/exceladvisor.org\/de\/syd\/","og_site_name":"Excel Advisor","article_modified_time":"2023-12-03T13:04:32+00:00","og_image":[{"url":"https:\/\/exceladvisor.org\/wp-content\/uploads\/2023\/08\/exemple-de-fonction-vba-syd.png","type":"","width":"","height":""}],"twitter_card":"summary_large_image","twitter_misc":{"Gesch\u00e4tzte Lesezeit":"1\u00a0Minute"},"schema":{"@context":"https:\/\/schema.org","@graph":[{"@type":"WebPage","@id":"https:\/\/exceladvisor.org\/de\/syd\/","url":"https:\/\/exceladvisor.org\/de\/syd\/","name":"Wie verwende ich die VBA-SYD-Funktion? (Syntax + Beispiel)","isPartOf":{"@id":"https:\/\/exceladvisor.org\/de\/#website"},"primaryImageOfPage":{"@id":"https:\/\/exceladvisor.org\/de\/syd\/#primaryimage"},"image":{"@id":"https:\/\/exceladvisor.org\/de\/syd\/#primaryimage"},"thumbnailUrl":"https:\/\/exceladvisor.org\/wp-content\/uploads\/2023\/08\/exemple-de-fonction-vba-syd.png","datePublished":"2023-10-24T22:08:56+00:00","dateModified":"2023-12-03T13:04:32+00:00","description":"Erfahren Sie, wie Sie die VBA-SYD-Funktion mit Syntax, Argumenten und Beispielen mit Beispielcode verwenden.","breadcrumb":{"@id":"https:\/\/exceladvisor.org\/de\/syd\/#breadcrumb"},"inLanguage":"de","potentialAction":[{"@type":"ReadAction","target":["https:\/\/exceladvisor.org\/de\/syd\/"]}]},{"@type":"ImageObject","inLanguage":"de","@id":"https:\/\/exceladvisor.org\/de\/syd\/#primaryimage","url":"https:\/\/exceladvisor.org\/wp-content\/uploads\/2023\/08\/exemple-de-fonction-vba-syd.png","contentUrl":"https:\/\/exceladvisor.org\/wp-content\/uploads\/2023\/08\/exemple-de-fonction-vba-syd.png"},{"@type":"BreadcrumbList","@id":"https:\/\/exceladvisor.org\/de\/syd\/#breadcrumb","itemListElement":[{"@type":"ListItem","position":1,"name":"Accueil","item":"https:\/\/exceladvisor.org\/de\/"},{"@type":"ListItem","position":2,"name":"Wie verwende ich die vba-syd-funktion?"}]},{"@type":"WebSite","@id":"https:\/\/exceladvisor.org\/de\/#website","url":"https:\/\/exceladvisor.org\/de\/","name":"Excel Advisor","description":"Ihr Leitfaden zur Datendominanz","publisher":{"@id":"https:\/\/exceladvisor.org\/de\/#organization"},"potentialAction":[{"@type":"SearchAction","target":{"@type":"EntryPoint","urlTemplate":"https:\/\/exceladvisor.org\/de\/?s={search_term_string}"},"query-input":{"@type":"PropertyValueSpecification","valueRequired":true,"valueName":"search_term_string"}}],"inLanguage":"de"},{"@type":"Organization","@id":"https:\/\/exceladvisor.org\/de\/#organization","name":"Excel Advisor","url":"https:\/\/exceladvisor.org\/de\/","logo":{"@type":"ImageObject","inLanguage":"de","@id":"https:\/\/exceladvisor.org\/de\/#\/schema\/logo\/image\/","url":"https:\/\/exceladvisor.org\/de\/wp-content\/uploads\/2023\/11\/exceladvisor.org_.png","contentUrl":"https:\/\/exceladvisor.org\/de\/wp-content\/uploads\/2023\/11\/exceladvisor.org_.png","width":105,"height":36,"caption":"Excel Advisor"},"image":{"@id":"https:\/\/exceladvisor.org\/de\/#\/schema\/logo\/image\/"}}]}},"yoast_meta":{"yoast_wpseo_title":"","yoast_wpseo_metadesc":"","yoast_wpseo_canonical":""},"_links":{"self":[{"href":"https:\/\/exceladvisor.org\/de\/wp-json\/wp\/v2\/pages\/3501","targetHints":{"allow":["GET"]}}],"collection":[{"href":"https:\/\/exceladvisor.org\/de\/wp-json\/wp\/v2\/pages"}],"about":[{"href":"https:\/\/exceladvisor.org\/de\/wp-json\/wp\/v2\/types\/page"}],"author":[{"embeddable":true,"href":"https:\/\/exceladvisor.org\/de\/wp-json\/wp\/v2\/users\/1"}],"replies":[{"embeddable":true,"href":"https:\/\/exceladvisor.org\/de\/wp-json\/wp\/v2\/comments?post=3501"}],"version-history":[{"count":1,"href":"https:\/\/exceladvisor.org\/de\/wp-json\/wp\/v2\/pages\/3501\/revisions"}],"predecessor-version":[{"id":4342,"href":"https:\/\/exceladvisor.org\/de\/wp-json\/wp\/v2\/pages\/3501\/revisions\/4342"}],"wp:attachment":[{"href":"https:\/\/exceladvisor.org\/de\/wp-json\/wp\/v2\/media?parent=3501"}],"curies":[{"name":"wp","href":"https:\/\/api.w.org\/{rel}","templated":true}]}}