{"id":3512,"date":"2023-10-24T02:05:29","date_gmt":"2023-10-24T02:05:29","guid":{"rendered":"https:\/\/exceladvisor.org\/de\/ps-2\/"},"modified":"2023-12-03T13:06:01","modified_gmt":"2023-12-03T13:06:01","slug":"ps-2","status":"publish","type":"page","link":"https:\/\/exceladvisor.org\/de\/ps-2\/","title":{"rendered":"Wie verwende ich die pv-funktion in vba?"},"content":{"rendered":"<div class=\"excel-vor-dem-inhalt\" id=\"excel-3095205075\"><script type=\"text\/javascript\">\r\n\tatOptions = {\r\n\t\t'key' : 'c1158f160081d6540a8409e6925dab94',\r\n\t\t'format' : 'iframe',\r\n\t\t'height' : 250,\r\n\t\t'width' : 300,\r\n\t\t'params' : {}\r\n\t};\r\n<\/script>\r\n<script type=\"text\/javascript\" src=\"\/\/www.highperformanceformat.com\/c1158f160081d6540a8409e6925dab94\/invoke.js\"><\/script><\/div> <p>Die VBA-PV-Funktion ist in der Finanzkategorie der VBA-Funktionen aufgef\u00fchrt. Wenn Sie es im VBA-Code verwenden, <strong>kann es den Barwert eines Darlehens oder einer Investition berechnen<\/strong> , die \u00fcber den gesamten Zeitraum einen konstanten Zinssatz und gleiche Zahlungen aufweist. Es hilft Ihnen herauszufinden, ob ein Kredit oder eine Investition im Moment rentabel ist.<\/p><p> Dies funktioniert wie die PV-Funktion in der <a href=\"https:\/\/exceladvisor.org\/de\/hervorragende-finanzfunktionen\/\">Tabellenkalkulation<\/a> .<\/p><h2 class=\"wp-block-heading\"> Syntax<\/h2><p> <strong>PV (Rate, Nper, Pmt, [Fv], [F\u00e4llig])<\/strong><\/p><h2 class=\"wp-block-heading\"> Argumente<\/h2><ul><li> <strong>Zinssatz<\/strong> : Der Zinssatz f\u00fcr den Zeitraum.<\/li><li> <strong>Nper<\/strong> : Die Anzahl der Zeitr\u00e4ume zur R\u00fcckzahlung des Darlehens oder der Investition.<\/li><li> <strong>Pmt<\/strong> : Der feste Zahlungsbetrag pro Periode.<\/li><li> <strong>[FV]<\/strong> : Der zuk\u00fcnftige Wert des Darlehens\/der Investition [Dies ist ein optionales Argument und wenn es weggelassen wird, ist VBA standardm\u00e4\u00dfig 0].<\/li><li> <strong>[F\u00e4llig]<\/strong> : Definiert, ob die Zahlung zu Beginn oder am Ende des Zeitraums f\u00e4llig ist. [Dies ist ein optionales Argument. Wenn es weggelassen wird, verwendet VBA standardm\u00e4\u00dfig das Ende des Zeitraums].<ul><li> Verwenden Sie 0 f\u00fcr das Ende des Zeitraums und 1 f\u00fcr den Beginn des Zeitraums<\/li><\/ul><\/li><\/ul><h2 class=\"wp-block-heading\"> Beispiel<\/h2><p> Um die Verwendung der VBA-PV-Funktion praktisch zu verstehen, m\u00fcssen Sie das folgende Beispiel durchgehen, in dem wir damit einen VBA-Code geschrieben haben: <\/p><figure class=\"wp-block-image is-resized\"><img loading=\"lazy\" decoding=\"async\" title=\"Beispiel-vba-pv-Funktion\" src=\"https:\/\/exceladvisor.org\/wp-content\/uploads\/2023\/08\/exemple-de-fonction-vba-pv.png\" sizes=\"auto, \" srcset=\"\" alt=\"example-vba-pv-function\" width=\"840\" height=\"419\"><\/figure><pre class=\"wp-block-code\"> <code class=\"language-visual-basic\" lang=\"visual-basic\">Sub example_PV() Range(\"A9\").Value = PV(0.08 \/ 12, 5 * 12, -1500) End Sub<\/code><\/pre><p> Im obigen Code haben wir den PV verwendet, um den Barwert einer Investition unter Verwendung eines j\u00e4hrlichen Zinssatzes von 8 % und eines 5-Jahres-Zeitraums mit einer monatlichen Zahlung von 1500 zu ermitteln. Das Ergebnis ergab 73977,65.<\/p><h2 class=\"wp-block-heading\"> Kommentare<\/h2><ul><li> Die Argumente \u201eRate\u201c und \u201eNper\u201c m\u00fcssen unter Verwendung von Zahlungszeitr\u00e4umen berechnet werden, die in denselben Einheiten ausgedr\u00fcckt werden.<\/li><li> Bei Verwendung von PV wird jedes gezahlte Geld durch eine negative Zahl und jedes erhaltene Geld durch eine positive Zahl dargestellt. <\/li><\/ul><div class=\"wp-block-group more-tutorials is-layout-flow\"><div class=\"wp-block-group__inner-container\"><h2 class=\"wp-block-heading\"> Weitere Tutorials <\/h2><div class=\"wp-block-columns is-layout-flex wp-container-128\"><div class=\"wp-block-column is-layout-flow\"><ul><li> <a href=\"https:\/\/exceladvisor.org\/de\/uhr-2\/\">PMT VBA<\/a><\/li><li> <a href=\"https:\/\/exceladvisor.org\/de\/ppmt\/\">PPMT VBA<\/a><\/li><li> <a href=\"https:\/\/exceladvisor.org\/de\/verpasst\/\">VBA-RATE<\/a><\/li><li> <a href=\"https:\/\/exceladvisor.org\/de\/sln\/\">VBA SLN<\/a><\/li><li> <a href=\"https:\/\/exceladvisor.org\/de\/syd\/\">VBA SYD<\/a><\/li><\/ul><\/div><\/div><\/div><\/div>","protected":false},"excerpt":{"rendered":"","protected":false},"author":1,"featured_media":0,"parent":0,"menu_order":0,"comment_status":"open","ping_status":"closed","template":"","meta":{"ub_ctt_via":"","footnotes":""},"class_list":["post-3512","page","type-page","status-publish","hentry"],"featured_image_src":null,"yoast_head":"<!-- This site is optimized with the Yoast SEO plugin v25.4 - https:\/\/yoast.com\/wordpress\/plugins\/seo\/ -->\n<title>Wie verwende ich die PV-Funktion in VBA? (Syntax + Beispiel)<\/title>\n<meta name=\"description\" content=\"Erfahren Sie, wie Sie die VBA-PV-Funktion mit Syntax, Argumenten und Beispielen mit Beispielcode verwenden.\" \/>\n<meta name=\"robots\" content=\"index, follow, max-snippet:-1, max-image-preview:large, max-video-preview:-1\" \/>\n<link rel=\"canonical\" href=\"https:\/\/exceladvisor.org\/de\/ps-2\/\" \/>\n<meta property=\"og:locale\" content=\"de_DE\" \/>\n<meta property=\"og:type\" content=\"article\" \/>\n<meta property=\"og:title\" content=\"Wie verwende ich die PV-Funktion in VBA? (Syntax + Beispiel)\" \/>\n<meta property=\"og:description\" content=\"Erfahren Sie, wie Sie die VBA-PV-Funktion mit Syntax, Argumenten und Beispielen mit Beispielcode verwenden.\" \/>\n<meta property=\"og:url\" content=\"https:\/\/exceladvisor.org\/de\/ps-2\/\" \/>\n<meta property=\"og:site_name\" content=\"Excel Advisor\" \/>\n<meta property=\"article:modified_time\" content=\"2023-12-03T13:06:01+00:00\" \/>\n<meta property=\"og:image\" content=\"https:\/\/exceladvisor.org\/wp-content\/uploads\/2023\/08\/exemple-de-fonction-vba-pv.png\" \/>\n<meta name=\"twitter:card\" content=\"summary_large_image\" \/>\n<meta name=\"twitter:label1\" content=\"Gesch\u00e4tzte Lesezeit\" \/>\n\t<meta name=\"twitter:data1\" content=\"1\u00a0Minute\" \/>\n<script type=\"application\/ld+json\" class=\"yoast-schema-graph\">{\"@context\":\"https:\/\/schema.org\",\"@graph\":[{\"@type\":\"WebPage\",\"@id\":\"https:\/\/exceladvisor.org\/de\/ps-2\/\",\"url\":\"https:\/\/exceladvisor.org\/de\/ps-2\/\",\"name\":\"Wie verwende ich die PV-Funktion in VBA? (Syntax + Beispiel)\",\"isPartOf\":{\"@id\":\"https:\/\/exceladvisor.org\/de\/#website\"},\"primaryImageOfPage\":{\"@id\":\"https:\/\/exceladvisor.org\/de\/ps-2\/#primaryimage\"},\"image\":{\"@id\":\"https:\/\/exceladvisor.org\/de\/ps-2\/#primaryimage\"},\"thumbnailUrl\":\"https:\/\/exceladvisor.org\/wp-content\/uploads\/2023\/08\/exemple-de-fonction-vba-pv.png\",\"datePublished\":\"2023-10-24T02:05:29+00:00\",\"dateModified\":\"2023-12-03T13:06:01+00:00\",\"description\":\"Erfahren Sie, wie Sie die VBA-PV-Funktion mit Syntax, Argumenten und Beispielen mit Beispielcode verwenden.\",\"breadcrumb\":{\"@id\":\"https:\/\/exceladvisor.org\/de\/ps-2\/#breadcrumb\"},\"inLanguage\":\"de\",\"potentialAction\":[{\"@type\":\"ReadAction\",\"target\":[\"https:\/\/exceladvisor.org\/de\/ps-2\/\"]}]},{\"@type\":\"ImageObject\",\"inLanguage\":\"de\",\"@id\":\"https:\/\/exceladvisor.org\/de\/ps-2\/#primaryimage\",\"url\":\"https:\/\/exceladvisor.org\/wp-content\/uploads\/2023\/08\/exemple-de-fonction-vba-pv.png\",\"contentUrl\":\"https:\/\/exceladvisor.org\/wp-content\/uploads\/2023\/08\/exemple-de-fonction-vba-pv.png\"},{\"@type\":\"BreadcrumbList\",\"@id\":\"https:\/\/exceladvisor.org\/de\/ps-2\/#breadcrumb\",\"itemListElement\":[{\"@type\":\"ListItem\",\"position\":1,\"name\":\"Accueil\",\"item\":\"https:\/\/exceladvisor.org\/de\/\"},{\"@type\":\"ListItem\",\"position\":2,\"name\":\"Wie verwende ich die pv-funktion in vba?\"}]},{\"@type\":\"WebSite\",\"@id\":\"https:\/\/exceladvisor.org\/de\/#website\",\"url\":\"https:\/\/exceladvisor.org\/de\/\",\"name\":\"Excel Advisor\",\"description\":\"Ihr Leitfaden zur Datendominanz\",\"publisher\":{\"@id\":\"https:\/\/exceladvisor.org\/de\/#organization\"},\"potentialAction\":[{\"@type\":\"SearchAction\",\"target\":{\"@type\":\"EntryPoint\",\"urlTemplate\":\"https:\/\/exceladvisor.org\/de\/?s={search_term_string}\"},\"query-input\":{\"@type\":\"PropertyValueSpecification\",\"valueRequired\":true,\"valueName\":\"search_term_string\"}}],\"inLanguage\":\"de\"},{\"@type\":\"Organization\",\"@id\":\"https:\/\/exceladvisor.org\/de\/#organization\",\"name\":\"Excel Advisor\",\"url\":\"https:\/\/exceladvisor.org\/de\/\",\"logo\":{\"@type\":\"ImageObject\",\"inLanguage\":\"de\",\"@id\":\"https:\/\/exceladvisor.org\/de\/#\/schema\/logo\/image\/\",\"url\":\"https:\/\/exceladvisor.org\/de\/wp-content\/uploads\/2023\/11\/exceladvisor.org_.png\",\"contentUrl\":\"https:\/\/exceladvisor.org\/de\/wp-content\/uploads\/2023\/11\/exceladvisor.org_.png\",\"width\":105,\"height\":36,\"caption\":\"Excel Advisor\"},\"image\":{\"@id\":\"https:\/\/exceladvisor.org\/de\/#\/schema\/logo\/image\/\"}}]}<\/script>\n<!-- \/ Yoast SEO plugin. -->","yoast_head_json":{"title":"Wie verwende ich die PV-Funktion in VBA? (Syntax + Beispiel)","description":"Erfahren Sie, wie Sie die VBA-PV-Funktion mit Syntax, Argumenten und Beispielen mit Beispielcode verwenden.","robots":{"index":"index","follow":"follow","max-snippet":"max-snippet:-1","max-image-preview":"max-image-preview:large","max-video-preview":"max-video-preview:-1"},"canonical":"https:\/\/exceladvisor.org\/de\/ps-2\/","og_locale":"de_DE","og_type":"article","og_title":"Wie verwende ich die PV-Funktion in VBA? (Syntax + Beispiel)","og_description":"Erfahren Sie, wie Sie die VBA-PV-Funktion mit Syntax, Argumenten und Beispielen mit Beispielcode verwenden.","og_url":"https:\/\/exceladvisor.org\/de\/ps-2\/","og_site_name":"Excel Advisor","article_modified_time":"2023-12-03T13:06:01+00:00","og_image":[{"url":"https:\/\/exceladvisor.org\/wp-content\/uploads\/2023\/08\/exemple-de-fonction-vba-pv.png","type":"","width":"","height":""}],"twitter_card":"summary_large_image","twitter_misc":{"Gesch\u00e4tzte Lesezeit":"1\u00a0Minute"},"schema":{"@context":"https:\/\/schema.org","@graph":[{"@type":"WebPage","@id":"https:\/\/exceladvisor.org\/de\/ps-2\/","url":"https:\/\/exceladvisor.org\/de\/ps-2\/","name":"Wie verwende ich die PV-Funktion in VBA? (Syntax + Beispiel)","isPartOf":{"@id":"https:\/\/exceladvisor.org\/de\/#website"},"primaryImageOfPage":{"@id":"https:\/\/exceladvisor.org\/de\/ps-2\/#primaryimage"},"image":{"@id":"https:\/\/exceladvisor.org\/de\/ps-2\/#primaryimage"},"thumbnailUrl":"https:\/\/exceladvisor.org\/wp-content\/uploads\/2023\/08\/exemple-de-fonction-vba-pv.png","datePublished":"2023-10-24T02:05:29+00:00","dateModified":"2023-12-03T13:06:01+00:00","description":"Erfahren Sie, wie Sie die VBA-PV-Funktion mit Syntax, Argumenten und Beispielen mit Beispielcode verwenden.","breadcrumb":{"@id":"https:\/\/exceladvisor.org\/de\/ps-2\/#breadcrumb"},"inLanguage":"de","potentialAction":[{"@type":"ReadAction","target":["https:\/\/exceladvisor.org\/de\/ps-2\/"]}]},{"@type":"ImageObject","inLanguage":"de","@id":"https:\/\/exceladvisor.org\/de\/ps-2\/#primaryimage","url":"https:\/\/exceladvisor.org\/wp-content\/uploads\/2023\/08\/exemple-de-fonction-vba-pv.png","contentUrl":"https:\/\/exceladvisor.org\/wp-content\/uploads\/2023\/08\/exemple-de-fonction-vba-pv.png"},{"@type":"BreadcrumbList","@id":"https:\/\/exceladvisor.org\/de\/ps-2\/#breadcrumb","itemListElement":[{"@type":"ListItem","position":1,"name":"Accueil","item":"https:\/\/exceladvisor.org\/de\/"},{"@type":"ListItem","position":2,"name":"Wie verwende ich die pv-funktion in vba?"}]},{"@type":"WebSite","@id":"https:\/\/exceladvisor.org\/de\/#website","url":"https:\/\/exceladvisor.org\/de\/","name":"Excel Advisor","description":"Ihr Leitfaden zur Datendominanz","publisher":{"@id":"https:\/\/exceladvisor.org\/de\/#organization"},"potentialAction":[{"@type":"SearchAction","target":{"@type":"EntryPoint","urlTemplate":"https:\/\/exceladvisor.org\/de\/?s={search_term_string}"},"query-input":{"@type":"PropertyValueSpecification","valueRequired":true,"valueName":"search_term_string"}}],"inLanguage":"de"},{"@type":"Organization","@id":"https:\/\/exceladvisor.org\/de\/#organization","name":"Excel Advisor","url":"https:\/\/exceladvisor.org\/de\/","logo":{"@type":"ImageObject","inLanguage":"de","@id":"https:\/\/exceladvisor.org\/de\/#\/schema\/logo\/image\/","url":"https:\/\/exceladvisor.org\/de\/wp-content\/uploads\/2023\/11\/exceladvisor.org_.png","contentUrl":"https:\/\/exceladvisor.org\/de\/wp-content\/uploads\/2023\/11\/exceladvisor.org_.png","width":105,"height":36,"caption":"Excel Advisor"},"image":{"@id":"https:\/\/exceladvisor.org\/de\/#\/schema\/logo\/image\/"}}]}},"yoast_meta":{"yoast_wpseo_title":"","yoast_wpseo_metadesc":"","yoast_wpseo_canonical":""},"_links":{"self":[{"href":"https:\/\/exceladvisor.org\/de\/wp-json\/wp\/v2\/pages\/3512","targetHints":{"allow":["GET"]}}],"collection":[{"href":"https:\/\/exceladvisor.org\/de\/wp-json\/wp\/v2\/pages"}],"about":[{"href":"https:\/\/exceladvisor.org\/de\/wp-json\/wp\/v2\/types\/page"}],"author":[{"embeddable":true,"href":"https:\/\/exceladvisor.org\/de\/wp-json\/wp\/v2\/users\/1"}],"replies":[{"embeddable":true,"href":"https:\/\/exceladvisor.org\/de\/wp-json\/wp\/v2\/comments?post=3512"}],"version-history":[{"count":1,"href":"https:\/\/exceladvisor.org\/de\/wp-json\/wp\/v2\/pages\/3512\/revisions"}],"predecessor-version":[{"id":4251,"href":"https:\/\/exceladvisor.org\/de\/wp-json\/wp\/v2\/pages\/3512\/revisions\/4251"}],"wp:attachment":[{"href":"https:\/\/exceladvisor.org\/de\/wp-json\/wp\/v2\/media?parent=3512"}],"curies":[{"name":"wp","href":"https:\/\/api.w.org\/{rel}","templated":true}]}}