{"id":3513,"date":"2023-10-24T01:59:08","date_gmt":"2023-10-24T01:59:08","guid":{"rendered":"https:\/\/exceladvisor.org\/de\/verpasst\/"},"modified":"2023-12-03T13:06:17","modified_gmt":"2023-12-03T13:06:17","slug":"verpasst","status":"publish","type":"page","link":"https:\/\/exceladvisor.org\/de\/verpasst\/","title":{"rendered":"Wie verwende ich die vba rate-funktion?"},"content":{"rendered":"<div class=\"excel-vor-dem-inhalt\" id=\"excel-2629079231\"><script type=\"text\/javascript\">\r\n\tatOptions = {\r\n\t\t'key' : 'c1158f160081d6540a8409e6925dab94',\r\n\t\t'format' : 'iframe',\r\n\t\t'height' : 250,\r\n\t\t'width' : 300,\r\n\t\t'params' : {}\r\n\t};\r\n<\/script>\r\n<script type=\"text\/javascript\" src=\"\/\/www.highperformanceformat.com\/c1158f160081d6540a8409e6925dab94\/invoke.js\"><\/script><\/div> <p>Die VBA-RATE-Funktion ist in der Finanzkategorie der VBA-Funktionen aufgef\u00fchrt. Wenn Sie es im VBA-Code verwenden, <strong>wird der Zinssatz pro Periode (bei gleichem Cashflow) f\u00fcr einen Kredit oder eine Investition zur\u00fcckgegeben.<\/strong><\/p><h2 class=\"wp-block-heading\"> Syntax<\/h2><p> <strong>RATE(Nper, Pmt, Pv, [Fv], [f\u00e4llig], [Sch\u00e4tzung])<\/strong><\/p><h2 class=\"wp-block-heading\"> Argumente<\/h2><ul><li> <strong>Nper<\/strong> : Die Anzahl der Zeitr\u00e4ume zur R\u00fcckzahlung des Darlehens oder der Investition.<\/li><li> <strong>Pmt<\/strong> : Der feste Zahlungsbetrag pro Periode.<\/li><li> <strong>PV<\/strong> : Der aktuelle Wert der Investition oder des Darlehens.<\/li><li> <strong>[FV]<\/strong> : Der zuk\u00fcnftige Wert des Darlehens\/der Investition (Dies ist ein optionales Argument und wenn es weggelassen wird, nimmt VBA standardm\u00e4\u00dfig 0 an).<\/li><li> <strong>[F\u00e4llig]<\/strong> : Definiert, ob die Zahlung am Anfang oder am Ende des Zeitraums f\u00e4llig ist. Verwenden Sie 0 f\u00fcr das Ende des Zeitraums und 1 f\u00fcr den Beginn des Zeitraums. [Dies ist ein optionales Argument. Wenn es weggelassen wird, nimmt VBA standardm\u00e4\u00dfig das Ende des Zeitraums.] .<\/li><li> <strong>[Sch\u00e4tzung]<\/strong> : Eine erste Sch\u00e4tzung (Sch\u00e4tzung) des IRR [Dies ist ein optionales Argument und wenn es weggelassen wird, nimmt VBA standardm\u00e4\u00dfig 10 % (=0,1) an].<\/li><\/ul><h2 class=\"wp-block-heading\"> Beispiel<\/h2><p> Um praktisch zu verstehen, wie die VBA-RATE-Funktion verwendet wird, m\u00fcssen Sie das folgende Beispiel durchgehen, in dem wir einen VBA-Code geschrieben haben, der sie verwendet: <\/p><figure class=\"wp-block-image is-resized\"><img loading=\"lazy\" decoding=\"async\" title=\"Beispiel-VBA-Rate-Funktion\" src=\"https:\/\/exceladvisor.org\/wp-content\/uploads\/2023\/08\/exemple-de-fonction-de-taux-vba.png\" sizes=\"auto, \" srcset=\"\" alt=\"example-vba-rate-function\" width=\"838\" height=\"438\"><\/figure><pre class=\"wp-block-code\"> <code class=\"language-visual-basic\" lang=\"visual-basic\">Sub example_RATE() Range(\"A8\") = Rate(60, -1200, 0, 98000, 1) * 12 End Sub<\/code><\/pre><p> Im obigen Code haben wir RATE verwendet, um den Zinssatz der Investition zu berechnen, wobei wir 60 Monate, 1200 der monatlichen Zahlung und 98000 des zuk\u00fcnftigen Werts der Investition haben, und am Ende multiplizieren wir ihn mit 12, um den zu erhalten Jahreszinssatz.<\/p><h2 class=\"wp-block-heading\"> Kommentare<\/h2><ul><li> Bei Verwendung von RATE wird jedes gezahlte Geld durch eine negative Zahl und jedes erhaltene Geld durch eine positive Zahl dargestellt.<\/li><li> Es berechnet die Iterationsrate. Es kann das Ergebnis in 20 Versuchen nicht finden, es gibt eine Laufzeit von 5 zur\u00fcck. <\/li><\/ul><div class=\"wp-block-group more-tutorials is-layout-flow\"><div class=\"wp-block-group__inner-container\"><h2 class=\"wp-block-heading\"> Weitere Tutorials <\/h2><div class=\"wp-block-columns is-layout-flex wp-container-124\"><div class=\"wp-block-column is-layout-flow\"><ul><li> <a href=\"https:\/\/exceladvisor.org\/de\/uhr-2\/\">PMT VBA<\/a><\/li><li> <a href=\"https:\/\/exceladvisor.org\/de\/ppmt\/\">PPMT VBA<\/a><\/li><li> <a href=\"https:\/\/exceladvisor.org\/de\/ps-2\/\">PV VBA<\/a><\/li><li> <a href=\"https:\/\/exceladvisor.org\/de\/sln\/\">VBA SLN<\/a><\/li><li> <a href=\"https:\/\/exceladvisor.org\/de\/syd\/\">VBA SYD<\/a><\/li><\/ul><\/div><\/div><\/div><\/div>","protected":false},"excerpt":{"rendered":"","protected":false},"author":1,"featured_media":0,"parent":0,"menu_order":0,"comment_status":"open","ping_status":"closed","template":"","meta":{"ub_ctt_via":"","footnotes":""},"class_list":["post-3513","page","type-page","status-publish","hentry"],"featured_image_src":null,"yoast_head":"<!-- This site is optimized with the Yoast SEO plugin v25.4 - https:\/\/yoast.com\/wordpress\/plugins\/seo\/ -->\n<title>Wie verwende ich die VBA RATE-Funktion? (Syntax + Beispiel)<\/title>\n<meta name=\"description\" content=\"Erfahren Sie, wie Sie die VBA-RATE-Funktion mit Syntax, Argumenten und Beispielen mit Beispielcode verwenden.\" \/>\n<meta name=\"robots\" content=\"index, follow, max-snippet:-1, max-image-preview:large, max-video-preview:-1\" \/>\n<link rel=\"canonical\" href=\"https:\/\/exceladvisor.org\/de\/verpasst\/\" \/>\n<meta property=\"og:locale\" content=\"de_DE\" \/>\n<meta property=\"og:type\" content=\"article\" \/>\n<meta property=\"og:title\" content=\"Wie verwende ich die VBA RATE-Funktion? (Syntax + Beispiel)\" \/>\n<meta property=\"og:description\" content=\"Erfahren Sie, wie Sie die VBA-RATE-Funktion mit Syntax, Argumenten und Beispielen mit Beispielcode verwenden.\" \/>\n<meta property=\"og:url\" content=\"https:\/\/exceladvisor.org\/de\/verpasst\/\" \/>\n<meta property=\"og:site_name\" content=\"Excel Advisor\" \/>\n<meta property=\"article:modified_time\" content=\"2023-12-03T13:06:17+00:00\" \/>\n<meta property=\"og:image\" content=\"https:\/\/exceladvisor.org\/wp-content\/uploads\/2023\/08\/exemple-de-fonction-de-taux-vba.png\" \/>\n<meta name=\"twitter:card\" content=\"summary_large_image\" \/>\n<meta name=\"twitter:label1\" content=\"Gesch\u00e4tzte Lesezeit\" \/>\n\t<meta name=\"twitter:data1\" content=\"1\u00a0Minute\" \/>\n<script type=\"application\/ld+json\" class=\"yoast-schema-graph\">{\"@context\":\"https:\/\/schema.org\",\"@graph\":[{\"@type\":\"WebPage\",\"@id\":\"https:\/\/exceladvisor.org\/de\/verpasst\/\",\"url\":\"https:\/\/exceladvisor.org\/de\/verpasst\/\",\"name\":\"Wie verwende ich die VBA RATE-Funktion? (Syntax + Beispiel)\",\"isPartOf\":{\"@id\":\"https:\/\/exceladvisor.org\/de\/#website\"},\"primaryImageOfPage\":{\"@id\":\"https:\/\/exceladvisor.org\/de\/verpasst\/#primaryimage\"},\"image\":{\"@id\":\"https:\/\/exceladvisor.org\/de\/verpasst\/#primaryimage\"},\"thumbnailUrl\":\"https:\/\/exceladvisor.org\/wp-content\/uploads\/2023\/08\/exemple-de-fonction-de-taux-vba.png\",\"datePublished\":\"2023-10-24T01:59:08+00:00\",\"dateModified\":\"2023-12-03T13:06:17+00:00\",\"description\":\"Erfahren Sie, wie Sie die VBA-RATE-Funktion mit Syntax, Argumenten und Beispielen mit Beispielcode verwenden.\",\"breadcrumb\":{\"@id\":\"https:\/\/exceladvisor.org\/de\/verpasst\/#breadcrumb\"},\"inLanguage\":\"de\",\"potentialAction\":[{\"@type\":\"ReadAction\",\"target\":[\"https:\/\/exceladvisor.org\/de\/verpasst\/\"]}]},{\"@type\":\"ImageObject\",\"inLanguage\":\"de\",\"@id\":\"https:\/\/exceladvisor.org\/de\/verpasst\/#primaryimage\",\"url\":\"https:\/\/exceladvisor.org\/wp-content\/uploads\/2023\/08\/exemple-de-fonction-de-taux-vba.png\",\"contentUrl\":\"https:\/\/exceladvisor.org\/wp-content\/uploads\/2023\/08\/exemple-de-fonction-de-taux-vba.png\"},{\"@type\":\"BreadcrumbList\",\"@id\":\"https:\/\/exceladvisor.org\/de\/verpasst\/#breadcrumb\",\"itemListElement\":[{\"@type\":\"ListItem\",\"position\":1,\"name\":\"Accueil\",\"item\":\"https:\/\/exceladvisor.org\/de\/\"},{\"@type\":\"ListItem\",\"position\":2,\"name\":\"Wie verwende ich die vba rate-funktion?\"}]},{\"@type\":\"WebSite\",\"@id\":\"https:\/\/exceladvisor.org\/de\/#website\",\"url\":\"https:\/\/exceladvisor.org\/de\/\",\"name\":\"Excel Advisor\",\"description\":\"Ihr Leitfaden zur Datendominanz\",\"publisher\":{\"@id\":\"https:\/\/exceladvisor.org\/de\/#organization\"},\"potentialAction\":[{\"@type\":\"SearchAction\",\"target\":{\"@type\":\"EntryPoint\",\"urlTemplate\":\"https:\/\/exceladvisor.org\/de\/?s={search_term_string}\"},\"query-input\":{\"@type\":\"PropertyValueSpecification\",\"valueRequired\":true,\"valueName\":\"search_term_string\"}}],\"inLanguage\":\"de\"},{\"@type\":\"Organization\",\"@id\":\"https:\/\/exceladvisor.org\/de\/#organization\",\"name\":\"Excel Advisor\",\"url\":\"https:\/\/exceladvisor.org\/de\/\",\"logo\":{\"@type\":\"ImageObject\",\"inLanguage\":\"de\",\"@id\":\"https:\/\/exceladvisor.org\/de\/#\/schema\/logo\/image\/\",\"url\":\"https:\/\/exceladvisor.org\/de\/wp-content\/uploads\/2023\/11\/exceladvisor.org_.png\",\"contentUrl\":\"https:\/\/exceladvisor.org\/de\/wp-content\/uploads\/2023\/11\/exceladvisor.org_.png\",\"width\":105,\"height\":36,\"caption\":\"Excel Advisor\"},\"image\":{\"@id\":\"https:\/\/exceladvisor.org\/de\/#\/schema\/logo\/image\/\"}}]}<\/script>\n<!-- \/ Yoast SEO plugin. -->","yoast_head_json":{"title":"Wie verwende ich die VBA RATE-Funktion? (Syntax + Beispiel)","description":"Erfahren Sie, wie Sie die VBA-RATE-Funktion mit Syntax, Argumenten und Beispielen mit Beispielcode verwenden.","robots":{"index":"index","follow":"follow","max-snippet":"max-snippet:-1","max-image-preview":"max-image-preview:large","max-video-preview":"max-video-preview:-1"},"canonical":"https:\/\/exceladvisor.org\/de\/verpasst\/","og_locale":"de_DE","og_type":"article","og_title":"Wie verwende ich die VBA RATE-Funktion? (Syntax + Beispiel)","og_description":"Erfahren Sie, wie Sie die VBA-RATE-Funktion mit Syntax, Argumenten und Beispielen mit Beispielcode verwenden.","og_url":"https:\/\/exceladvisor.org\/de\/verpasst\/","og_site_name":"Excel Advisor","article_modified_time":"2023-12-03T13:06:17+00:00","og_image":[{"url":"https:\/\/exceladvisor.org\/wp-content\/uploads\/2023\/08\/exemple-de-fonction-de-taux-vba.png","type":"","width":"","height":""}],"twitter_card":"summary_large_image","twitter_misc":{"Gesch\u00e4tzte Lesezeit":"1\u00a0Minute"},"schema":{"@context":"https:\/\/schema.org","@graph":[{"@type":"WebPage","@id":"https:\/\/exceladvisor.org\/de\/verpasst\/","url":"https:\/\/exceladvisor.org\/de\/verpasst\/","name":"Wie verwende ich die VBA RATE-Funktion? (Syntax + Beispiel)","isPartOf":{"@id":"https:\/\/exceladvisor.org\/de\/#website"},"primaryImageOfPage":{"@id":"https:\/\/exceladvisor.org\/de\/verpasst\/#primaryimage"},"image":{"@id":"https:\/\/exceladvisor.org\/de\/verpasst\/#primaryimage"},"thumbnailUrl":"https:\/\/exceladvisor.org\/wp-content\/uploads\/2023\/08\/exemple-de-fonction-de-taux-vba.png","datePublished":"2023-10-24T01:59:08+00:00","dateModified":"2023-12-03T13:06:17+00:00","description":"Erfahren Sie, wie Sie die VBA-RATE-Funktion mit Syntax, Argumenten und Beispielen mit Beispielcode verwenden.","breadcrumb":{"@id":"https:\/\/exceladvisor.org\/de\/verpasst\/#breadcrumb"},"inLanguage":"de","potentialAction":[{"@type":"ReadAction","target":["https:\/\/exceladvisor.org\/de\/verpasst\/"]}]},{"@type":"ImageObject","inLanguage":"de","@id":"https:\/\/exceladvisor.org\/de\/verpasst\/#primaryimage","url":"https:\/\/exceladvisor.org\/wp-content\/uploads\/2023\/08\/exemple-de-fonction-de-taux-vba.png","contentUrl":"https:\/\/exceladvisor.org\/wp-content\/uploads\/2023\/08\/exemple-de-fonction-de-taux-vba.png"},{"@type":"BreadcrumbList","@id":"https:\/\/exceladvisor.org\/de\/verpasst\/#breadcrumb","itemListElement":[{"@type":"ListItem","position":1,"name":"Accueil","item":"https:\/\/exceladvisor.org\/de\/"},{"@type":"ListItem","position":2,"name":"Wie verwende ich die vba rate-funktion?"}]},{"@type":"WebSite","@id":"https:\/\/exceladvisor.org\/de\/#website","url":"https:\/\/exceladvisor.org\/de\/","name":"Excel Advisor","description":"Ihr Leitfaden zur Datendominanz","publisher":{"@id":"https:\/\/exceladvisor.org\/de\/#organization"},"potentialAction":[{"@type":"SearchAction","target":{"@type":"EntryPoint","urlTemplate":"https:\/\/exceladvisor.org\/de\/?s={search_term_string}"},"query-input":{"@type":"PropertyValueSpecification","valueRequired":true,"valueName":"search_term_string"}}],"inLanguage":"de"},{"@type":"Organization","@id":"https:\/\/exceladvisor.org\/de\/#organization","name":"Excel Advisor","url":"https:\/\/exceladvisor.org\/de\/","logo":{"@type":"ImageObject","inLanguage":"de","@id":"https:\/\/exceladvisor.org\/de\/#\/schema\/logo\/image\/","url":"https:\/\/exceladvisor.org\/de\/wp-content\/uploads\/2023\/11\/exceladvisor.org_.png","contentUrl":"https:\/\/exceladvisor.org\/de\/wp-content\/uploads\/2023\/11\/exceladvisor.org_.png","width":105,"height":36,"caption":"Excel Advisor"},"image":{"@id":"https:\/\/exceladvisor.org\/de\/#\/schema\/logo\/image\/"}}]}},"yoast_meta":{"yoast_wpseo_title":"","yoast_wpseo_metadesc":"","yoast_wpseo_canonical":""},"_links":{"self":[{"href":"https:\/\/exceladvisor.org\/de\/wp-json\/wp\/v2\/pages\/3513","targetHints":{"allow":["GET"]}}],"collection":[{"href":"https:\/\/exceladvisor.org\/de\/wp-json\/wp\/v2\/pages"}],"about":[{"href":"https:\/\/exceladvisor.org\/de\/wp-json\/wp\/v2\/types\/page"}],"author":[{"embeddable":true,"href":"https:\/\/exceladvisor.org\/de\/wp-json\/wp\/v2\/users\/1"}],"replies":[{"embeddable":true,"href":"https:\/\/exceladvisor.org\/de\/wp-json\/wp\/v2\/comments?post=3513"}],"version-history":[{"count":1,"href":"https:\/\/exceladvisor.org\/de\/wp-json\/wp\/v2\/pages\/3513\/revisions"}],"predecessor-version":[{"id":4267,"href":"https:\/\/exceladvisor.org\/de\/wp-json\/wp\/v2\/pages\/3513\/revisions\/4267"}],"wp:attachment":[{"href":"https:\/\/exceladvisor.org\/de\/wp-json\/wp\/v2\/media?parent=3513"}],"curies":[{"name":"wp","href":"https:\/\/api.w.org\/{rel}","templated":true}]}}