{"id":3526,"date":"2023-10-23T19:54:53","date_gmt":"2023-10-23T19:54:53","guid":{"rendered":"https:\/\/exceladvisor.org\/de\/wochenende\/"},"modified":"2023-12-03T13:04:44","modified_gmt":"2023-12-03T13:04:44","slug":"wochenende","status":"publish","type":"page","link":"https:\/\/exceladvisor.org\/de\/wochenende\/","title":{"rendered":"Wie verwende ich die vba-weekday-funktion?"},"content":{"rendered":"<div class=\"excel-vor-dem-inhalt\" id=\"excel-2885223384\"><script type=\"text\/javascript\">\r\n\tatOptions = {\r\n\t\t'key' : 'c1158f160081d6540a8409e6925dab94',\r\n\t\t'format' : 'iframe',\r\n\t\t'height' : 250,\r\n\t\t'width' : 300,\r\n\t\t'params' : {}\r\n\t};\r\n<\/script>\r\n<script type=\"text\/javascript\" src=\"\/\/www.highperformanceformat.com\/c1158f160081d6540a8409e6925dab94\/invoke.js\"><\/script><\/div> <p>Die VBA-Funktion WEEKDAY ist in der Datumskategorie der VBA-Funktionen aufgef\u00fchrt. Wenn Sie es im VBA-Code verwenden, <strong>wird die Tagesnummer (im Bereich von 1 bis 7) unter Verwendung der Tagesnummer des angegebenen Datums zur\u00fcckgegeben<\/strong> . Vereinfacht ausgedr\u00fcckt gibt es die Anzahl der Tage in der Woche zur\u00fcck.<\/p><h2 class=\"wp-block-heading\"> Syntax<\/h2><p> <strong>Wochentag(Datum, [FirstDayOfWeek])<\/strong><\/p><h2 class=\"wp-block-heading\"> Argumente<\/h2><ul><li> <strong>Datum<\/strong> : Ein g\u00fcltiges Datum, f\u00fcr das Sie den Wochentag erhalten m\u00f6chten.<\/li><li> <strong>[FirstDayOfWeek]<\/strong> : Eine Zeichenfolge zum Festlegen des ersten Wochentags [Dies ist ein optionales Argument und wenn es weggelassen wird, verwendet VBA standardm\u00e4\u00dfig vbSunday].<ul><li> <strong>vbUseSystemDayOfWeek<\/strong> \u2013 Abh\u00e4ngig von den Systemeinstellungen.<\/li><li> vbSonntag \u2013 Sonntag<\/li><li> vblunday \u2013 Montag<\/li><li> vbDienstag \u2013 Dienstag<\/li><li> vbMittwoch \u2013 Mittwoch<\/li><li> vbDonnerstag \u2013 Donnerstag<\/li><li> vbFreitag \u2013 Freitag<\/li><\/ul><\/li><\/ul><h2 class=\"wp-block-heading\"> Beispiel<\/h2><p> Um die Verwendung der VBA-WEEKDAY-Funktion praktisch zu verstehen, m\u00fcssen Sie das folgende Beispiel durchgehen, in dem wir damit einen VBA-Code geschrieben haben: <\/p><figure class=\"wp-block-image is-resized\"><img loading=\"lazy\" decoding=\"async\" title=\"Beispiel-VBA-Wochentagsfunktion\" src=\"https:\/\/exceladvisor.org\/wp-content\/uploads\/2023\/08\/exemple-de-fonction-jour-de-la-semaine-vba.png\" sizes=\"auto, \" srcset=\"\" alt=\"example-vba-weekday-function\" width=\"837\" height=\"435\"><\/figure><pre class=\"wp-block-code\"> <code class=\"language-visual-basic\" lang=\"visual-basic\">Sub example_WEEKDAY() Range(\"B1\").Value = Weekday(Range(\"A1\")) End Sub<\/code><\/pre><p> Im obigen Code haben wir WEEKDAY verwendet, um den Wochentag f\u00fcr (Mittwoch, 15. Mai 2019) des Datums zu ermitteln, das wir in Zelle A1 haben, und im Ergebnis haben wir 4 in Zelle B1.<\/p><p> Der Tag ist Mittwoch, der vierte Tag der Woche (der Sonntag war der erste Tag der Woche), daher wurde im Ergebnis 4 zur\u00fcckgegeben.<\/p><h2 class=\"wp-block-heading\"> Kommentare<\/h2><ul><li> Wenn das angegebene Datum ein anderer Wert als ein Datum oder eine Zeichenfolge ist, die nicht als Datum erkannt werden kann, gibt VBA den Laufzeitfehler 13 zur\u00fcck. <\/li><\/ul><div class=\"wp-block-group more-tutorials is-layout-flow\"><div class=\"wp-block-group__inner-container\"><h2 class=\"wp-block-heading\"> Weitere Tutorials <\/h2><div class=\"wp-block-columns is-layout-flex wp-container-20\"><div class=\"wp-block-column is-layout-flow\"><ul><li> <a href=\"https:\/\/exceladvisor.org\/de\/datum-2\/\">DATUM VBA<\/a><\/li><li> <a href=\"https:\/\/exceladvisor.org\/de\/datum-hinzufugen\/\">VBA DATEADD<\/a><\/li><li> <a href=\"https:\/\/exceladvisor.org\/de\/datumsteil\/\">VBA DATEPARTS<\/a><\/li><li> <a href=\"https:\/\/exceladvisor.org\/de\/datumsserie\/\">VBA-DATESERIAL<\/a><\/li><li> <a href=\"https:\/\/exceladvisor.org\/de\/datumswert\/\">VBA-DATEWERT<\/a><\/li><\/ul><\/div><\/div><\/div><\/div>","protected":false},"excerpt":{"rendered":"","protected":false},"author":1,"featured_media":0,"parent":0,"menu_order":0,"comment_status":"open","ping_status":"closed","template":"","meta":{"ub_ctt_via":"","footnotes":""},"class_list":["post-3526","page","type-page","status-publish","hentry"],"featured_image_src":null,"yoast_head":"<!-- This site is optimized with the Yoast SEO plugin v25.4 - https:\/\/yoast.com\/wordpress\/plugins\/seo\/ -->\n<title>Wie verwende ich die VBA-WEEKDAY-Funktion? (Syntax + Beispiel)<\/title>\n<meta name=\"description\" content=\"Erfahren Sie, wie Sie die VBA-WEEKDAY-Funktion mit Syntax, Argumenten und Beispielen mit Beispielcode verwenden.\" \/>\n<meta name=\"robots\" content=\"index, follow, max-snippet:-1, max-image-preview:large, max-video-preview:-1\" \/>\n<link rel=\"canonical\" href=\"https:\/\/exceladvisor.org\/de\/wochenende\/\" \/>\n<meta property=\"og:locale\" content=\"de_DE\" \/>\n<meta property=\"og:type\" content=\"article\" \/>\n<meta property=\"og:title\" content=\"Wie verwende ich die VBA-WEEKDAY-Funktion? (Syntax + Beispiel)\" \/>\n<meta property=\"og:description\" content=\"Erfahren Sie, wie Sie die VBA-WEEKDAY-Funktion mit Syntax, Argumenten und Beispielen mit Beispielcode verwenden.\" \/>\n<meta property=\"og:url\" content=\"https:\/\/exceladvisor.org\/de\/wochenende\/\" \/>\n<meta property=\"og:site_name\" content=\"Excel Advisor\" \/>\n<meta property=\"article:modified_time\" content=\"2023-12-03T13:04:44+00:00\" \/>\n<meta property=\"og:image\" content=\"https:\/\/exceladvisor.org\/wp-content\/uploads\/2023\/08\/exemple-de-fonction-jour-de-la-semaine-vba.png\" \/>\n<meta name=\"twitter:card\" content=\"summary_large_image\" \/>\n<meta name=\"twitter:label1\" content=\"Gesch\u00e4tzte Lesezeit\" \/>\n\t<meta name=\"twitter:data1\" content=\"1\u00a0Minute\" \/>\n<script type=\"application\/ld+json\" class=\"yoast-schema-graph\">{\"@context\":\"https:\/\/schema.org\",\"@graph\":[{\"@type\":\"WebPage\",\"@id\":\"https:\/\/exceladvisor.org\/de\/wochenende\/\",\"url\":\"https:\/\/exceladvisor.org\/de\/wochenende\/\",\"name\":\"Wie verwende ich die VBA-WEEKDAY-Funktion? (Syntax + Beispiel)\",\"isPartOf\":{\"@id\":\"https:\/\/exceladvisor.org\/de\/#website\"},\"primaryImageOfPage\":{\"@id\":\"https:\/\/exceladvisor.org\/de\/wochenende\/#primaryimage\"},\"image\":{\"@id\":\"https:\/\/exceladvisor.org\/de\/wochenende\/#primaryimage\"},\"thumbnailUrl\":\"https:\/\/exceladvisor.org\/wp-content\/uploads\/2023\/08\/exemple-de-fonction-jour-de-la-semaine-vba.png\",\"datePublished\":\"2023-10-23T19:54:53+00:00\",\"dateModified\":\"2023-12-03T13:04:44+00:00\",\"description\":\"Erfahren Sie, wie Sie die VBA-WEEKDAY-Funktion mit Syntax, Argumenten und Beispielen mit Beispielcode verwenden.\",\"breadcrumb\":{\"@id\":\"https:\/\/exceladvisor.org\/de\/wochenende\/#breadcrumb\"},\"inLanguage\":\"de\",\"potentialAction\":[{\"@type\":\"ReadAction\",\"target\":[\"https:\/\/exceladvisor.org\/de\/wochenende\/\"]}]},{\"@type\":\"ImageObject\",\"inLanguage\":\"de\",\"@id\":\"https:\/\/exceladvisor.org\/de\/wochenende\/#primaryimage\",\"url\":\"https:\/\/exceladvisor.org\/wp-content\/uploads\/2023\/08\/exemple-de-fonction-jour-de-la-semaine-vba.png\",\"contentUrl\":\"https:\/\/exceladvisor.org\/wp-content\/uploads\/2023\/08\/exemple-de-fonction-jour-de-la-semaine-vba.png\"},{\"@type\":\"BreadcrumbList\",\"@id\":\"https:\/\/exceladvisor.org\/de\/wochenende\/#breadcrumb\",\"itemListElement\":[{\"@type\":\"ListItem\",\"position\":1,\"name\":\"Accueil\",\"item\":\"https:\/\/exceladvisor.org\/de\/\"},{\"@type\":\"ListItem\",\"position\":2,\"name\":\"Wie verwende ich die vba-weekday-funktion?\"}]},{\"@type\":\"WebSite\",\"@id\":\"https:\/\/exceladvisor.org\/de\/#website\",\"url\":\"https:\/\/exceladvisor.org\/de\/\",\"name\":\"Excel Advisor\",\"description\":\"Ihr Leitfaden zur Datendominanz\",\"publisher\":{\"@id\":\"https:\/\/exceladvisor.org\/de\/#organization\"},\"potentialAction\":[{\"@type\":\"SearchAction\",\"target\":{\"@type\":\"EntryPoint\",\"urlTemplate\":\"https:\/\/exceladvisor.org\/de\/?s={search_term_string}\"},\"query-input\":{\"@type\":\"PropertyValueSpecification\",\"valueRequired\":true,\"valueName\":\"search_term_string\"}}],\"inLanguage\":\"de\"},{\"@type\":\"Organization\",\"@id\":\"https:\/\/exceladvisor.org\/de\/#organization\",\"name\":\"Excel Advisor\",\"url\":\"https:\/\/exceladvisor.org\/de\/\",\"logo\":{\"@type\":\"ImageObject\",\"inLanguage\":\"de\",\"@id\":\"https:\/\/exceladvisor.org\/de\/#\/schema\/logo\/image\/\",\"url\":\"https:\/\/exceladvisor.org\/de\/wp-content\/uploads\/2023\/11\/exceladvisor.org_.png\",\"contentUrl\":\"https:\/\/exceladvisor.org\/de\/wp-content\/uploads\/2023\/11\/exceladvisor.org_.png\",\"width\":105,\"height\":36,\"caption\":\"Excel Advisor\"},\"image\":{\"@id\":\"https:\/\/exceladvisor.org\/de\/#\/schema\/logo\/image\/\"}}]}<\/script>\n<!-- \/ Yoast SEO plugin. -->","yoast_head_json":{"title":"Wie verwende ich die VBA-WEEKDAY-Funktion? (Syntax + Beispiel)","description":"Erfahren Sie, wie Sie die VBA-WEEKDAY-Funktion mit Syntax, Argumenten und Beispielen mit Beispielcode verwenden.","robots":{"index":"index","follow":"follow","max-snippet":"max-snippet:-1","max-image-preview":"max-image-preview:large","max-video-preview":"max-video-preview:-1"},"canonical":"https:\/\/exceladvisor.org\/de\/wochenende\/","og_locale":"de_DE","og_type":"article","og_title":"Wie verwende ich die VBA-WEEKDAY-Funktion? (Syntax + Beispiel)","og_description":"Erfahren Sie, wie Sie die VBA-WEEKDAY-Funktion mit Syntax, Argumenten und Beispielen mit Beispielcode verwenden.","og_url":"https:\/\/exceladvisor.org\/de\/wochenende\/","og_site_name":"Excel Advisor","article_modified_time":"2023-12-03T13:04:44+00:00","og_image":[{"url":"https:\/\/exceladvisor.org\/wp-content\/uploads\/2023\/08\/exemple-de-fonction-jour-de-la-semaine-vba.png","type":"","width":"","height":""}],"twitter_card":"summary_large_image","twitter_misc":{"Gesch\u00e4tzte Lesezeit":"1\u00a0Minute"},"schema":{"@context":"https:\/\/schema.org","@graph":[{"@type":"WebPage","@id":"https:\/\/exceladvisor.org\/de\/wochenende\/","url":"https:\/\/exceladvisor.org\/de\/wochenende\/","name":"Wie verwende ich die VBA-WEEKDAY-Funktion? (Syntax + Beispiel)","isPartOf":{"@id":"https:\/\/exceladvisor.org\/de\/#website"},"primaryImageOfPage":{"@id":"https:\/\/exceladvisor.org\/de\/wochenende\/#primaryimage"},"image":{"@id":"https:\/\/exceladvisor.org\/de\/wochenende\/#primaryimage"},"thumbnailUrl":"https:\/\/exceladvisor.org\/wp-content\/uploads\/2023\/08\/exemple-de-fonction-jour-de-la-semaine-vba.png","datePublished":"2023-10-23T19:54:53+00:00","dateModified":"2023-12-03T13:04:44+00:00","description":"Erfahren Sie, wie Sie die VBA-WEEKDAY-Funktion mit Syntax, Argumenten und Beispielen mit Beispielcode verwenden.","breadcrumb":{"@id":"https:\/\/exceladvisor.org\/de\/wochenende\/#breadcrumb"},"inLanguage":"de","potentialAction":[{"@type":"ReadAction","target":["https:\/\/exceladvisor.org\/de\/wochenende\/"]}]},{"@type":"ImageObject","inLanguage":"de","@id":"https:\/\/exceladvisor.org\/de\/wochenende\/#primaryimage","url":"https:\/\/exceladvisor.org\/wp-content\/uploads\/2023\/08\/exemple-de-fonction-jour-de-la-semaine-vba.png","contentUrl":"https:\/\/exceladvisor.org\/wp-content\/uploads\/2023\/08\/exemple-de-fonction-jour-de-la-semaine-vba.png"},{"@type":"BreadcrumbList","@id":"https:\/\/exceladvisor.org\/de\/wochenende\/#breadcrumb","itemListElement":[{"@type":"ListItem","position":1,"name":"Accueil","item":"https:\/\/exceladvisor.org\/de\/"},{"@type":"ListItem","position":2,"name":"Wie verwende ich die vba-weekday-funktion?"}]},{"@type":"WebSite","@id":"https:\/\/exceladvisor.org\/de\/#website","url":"https:\/\/exceladvisor.org\/de\/","name":"Excel Advisor","description":"Ihr Leitfaden zur Datendominanz","publisher":{"@id":"https:\/\/exceladvisor.org\/de\/#organization"},"potentialAction":[{"@type":"SearchAction","target":{"@type":"EntryPoint","urlTemplate":"https:\/\/exceladvisor.org\/de\/?s={search_term_string}"},"query-input":{"@type":"PropertyValueSpecification","valueRequired":true,"valueName":"search_term_string"}}],"inLanguage":"de"},{"@type":"Organization","@id":"https:\/\/exceladvisor.org\/de\/#organization","name":"Excel Advisor","url":"https:\/\/exceladvisor.org\/de\/","logo":{"@type":"ImageObject","inLanguage":"de","@id":"https:\/\/exceladvisor.org\/de\/#\/schema\/logo\/image\/","url":"https:\/\/exceladvisor.org\/de\/wp-content\/uploads\/2023\/11\/exceladvisor.org_.png","contentUrl":"https:\/\/exceladvisor.org\/de\/wp-content\/uploads\/2023\/11\/exceladvisor.org_.png","width":105,"height":36,"caption":"Excel Advisor"},"image":{"@id":"https:\/\/exceladvisor.org\/de\/#\/schema\/logo\/image\/"}}]}},"yoast_meta":{"yoast_wpseo_title":"","yoast_wpseo_metadesc":"","yoast_wpseo_canonical":""},"_links":{"self":[{"href":"https:\/\/exceladvisor.org\/de\/wp-json\/wp\/v2\/pages\/3526","targetHints":{"allow":["GET"]}}],"collection":[{"href":"https:\/\/exceladvisor.org\/de\/wp-json\/wp\/v2\/pages"}],"about":[{"href":"https:\/\/exceladvisor.org\/de\/wp-json\/wp\/v2\/types\/page"}],"author":[{"embeddable":true,"href":"https:\/\/exceladvisor.org\/de\/wp-json\/wp\/v2\/users\/1"}],"replies":[{"embeddable":true,"href":"https:\/\/exceladvisor.org\/de\/wp-json\/wp\/v2\/comments?post=3526"}],"version-history":[{"count":1,"href":"https:\/\/exceladvisor.org\/de\/wp-json\/wp\/v2\/pages\/3526\/revisions"}],"predecessor-version":[{"id":4352,"href":"https:\/\/exceladvisor.org\/de\/wp-json\/wp\/v2\/pages\/3526\/revisions\/4352"}],"wp:attachment":[{"href":"https:\/\/exceladvisor.org\/de\/wp-json\/wp\/v2\/media?parent=3526"}],"curies":[{"name":"wp","href":"https:\/\/api.w.org\/{rel}","templated":true}]}}