{"id":3527,"date":"2023-10-23T19:44:04","date_gmt":"2023-10-23T19:44:04","guid":{"rendered":"https:\/\/exceladvisor.org\/de\/wochentagsname\/"},"modified":"2023-12-03T13:04:45","modified_gmt":"2023-12-03T13:04:45","slug":"wochentagsname","status":"publish","type":"page","link":"https:\/\/exceladvisor.org\/de\/wochentagsname\/","title":{"rendered":"Wie verwende ich die vba-weekdayname-funktion?"},"content":{"rendered":"<div class=\"excel-vor-dem-inhalt\" id=\"excel-2728821227\"><script type=\"text\/javascript\">\r\n\tatOptions = {\r\n\t\t'key' : 'c1158f160081d6540a8409e6925dab94',\r\n\t\t'format' : 'iframe',\r\n\t\t'height' : 250,\r\n\t\t'width' : 300,\r\n\t\t'params' : {}\r\n\t};\r\n<\/script>\r\n<script type=\"text\/javascript\" src=\"\/\/www.highperformanceformat.com\/c1158f160081d6540a8409e6925dab94\/invoke.js\"><\/script><\/div> <p>Die VBA-Funktion WEEKDAYNAME ist in der Datumskategorie der VBA-Funktionen aufgef\u00fchrt. Wenn Sie es im VBA-Code verwenden, <strong>wird der Name des Tages (Wochentag) zur\u00fcckgegeben,<\/strong> wobei die angegebene Ganzzahl als Tagesnummer verwendet wird. Vereinfacht ausgedr\u00fcckt gibt es den Namen des Tages unter Verwendung der Wochentagsnummer (im Bereich von 1 bis 7) zur\u00fcck.<\/p><h2 class=\"wp-block-heading\"> Syntax<\/h2><p> <strong>WeekDayName(WeekDay, [Abbreviate], [FirstWeekDay])<\/strong><\/p><h2 class=\"wp-block-heading\"> Argumente<\/h2><ul><li> <strong>Wochentag<\/strong> : Eine Ganzzahl zur Angabe des Tages zwischen 1 und 7.<\/li><li> <strong>[Abk\u00fcrzen]<\/strong> : Ein boolescher Wert, der angibt, ob Sie einen vollst\u00e4ndigen Monatsnamen oder einen abgek\u00fcrzten Namen ben\u00f6tigen [Dies ist ein optionales Argument und wenn es weggelassen wird, verwendet VBA standardm\u00e4\u00dfig FALSE].<ul><li> Verwenden Sie TRUE f\u00fcr den Kurznamen (z. B. \u201eJan\u201c, \u201eFeb\u201c, \u201eMar\u201c usw.) oder FALSE f\u00fcr den vollst\u00e4ndigen Namen (z. B. \u201eJanuar\u201c, \u201eFebruar\u201c, \u201eM\u00e4rz\u201c usw.).<\/li><\/ul><\/li><li> <strong>[FirstDayOfWeek]<\/strong> : Eine Zeichenfolge zum Festlegen des ersten Wochentags [Dies ist ein optionales Argument und wenn es weggelassen wird, verwendet VBA standardm\u00e4\u00dfig vbSunday].<ul><li> vbUseSystemDayOfWeek \u2013 Abh\u00e4ngig von den Systemeinstellungen.<\/li><li> vbSonntag \u2013 Sonntag<\/li><li> vblunday \u2013 Montag<\/li><li> vbDienstag \u2013 Dienstag<\/li><li> vbMittwoch \u2013 Mittwoch<\/li><li> vbDonnerstag \u2013 Donnerstag<\/li><li> vbFreitag \u2013 Freitag<\/li><li> vbSamstag \u2013 Samstag<\/li><\/ul><\/li><\/ul><h2 class=\"wp-block-heading\"> Beispiel<\/h2><p> Um praktisch zu verstehen, wie die VBA-Funktion WEEKDAYNAME verwendet wird, m\u00fcssen Sie das folgende Beispiel durchgehen, in dem wir einen VBA-Code geschrieben haben, der sie verwendet: <\/p><figure class=\"wp-block-image is-resized\"><img loading=\"lazy\" decoding=\"async\" title=\"Beispiel-VBA-Wochentagsname-Funktion\" src=\"https:\/\/exceladvisor.org\/wp-content\/uploads\/2023\/08\/exemple-de-fonction-vba-weekdayname.png\" sizes=\"auto, \" srcset=\"\" alt=\"example-vba-weekdayname-function\" width=\"838\" height=\"405\"><\/figure><pre class=\"wp-block-code\"> <code class=\"language-visual-basic\" lang=\"visual-basic\">Sub example_WEEKDAYNAME() Range(\"A1\").Value = WeekdayName(1, \"True\", vbMonday) End Sub<\/code><\/pre><p> Im obigen Code haben wir WEEKDAYNAME verwendet und 1, um den ersten Tag der Woche zu erhalten, TRUE, um den Kurznamen des Wochentags zu erhalten, und vbMonday, um Montag als ersten Tag der Woche festzulegen. Im Ergebnis haben wir Mon in Zelle B1. <\/p><div class=\"wp-block-group more-tutorials is-layout-flow\"><div class=\"wp-block-group__inner-container\"><h2 class=\"wp-block-heading\"> Weitere Tutorials <\/h2><div class=\"wp-block-columns is-layout-flex wp-container-16\"><div class=\"wp-block-column is-layout-flow\"><ul><li> <a href=\"https:\/\/exceladvisor.org\/de\/datum-2\/\">DATUM VBA<\/a><\/li><li> <a href=\"https:\/\/exceladvisor.org\/de\/datum-hinzufugen\/\">VBA DATEADD<\/a><\/li><li> <a href=\"https:\/\/exceladvisor.org\/de\/datumsteil\/\">VBA DATEPARTS<\/a><\/li><li> <a href=\"https:\/\/exceladvisor.org\/de\/datumsserie\/\">VBA-DATESERIAL<\/a><\/li><li> <a href=\"https:\/\/exceladvisor.org\/de\/datumswert\/\">VBA-DATEWERT<\/a><\/li><\/ul><\/div><\/div><\/div><\/div>","protected":false},"excerpt":{"rendered":"","protected":false},"author":1,"featured_media":0,"parent":0,"menu_order":0,"comment_status":"open","ping_status":"closed","template":"","meta":{"ub_ctt_via":"","footnotes":""},"class_list":["post-3527","page","type-page","status-publish","hentry"],"featured_image_src":null,"yoast_head":"<!-- This site is optimized with the Yoast SEO plugin v25.4 - https:\/\/yoast.com\/wordpress\/plugins\/seo\/ -->\n<title>Wie verwende ich die VBA-WEEKDAYNAME-Funktion?<\/title>\n<meta name=\"description\" content=\"Erfahren Sie, wie Sie die VBA-Funktion WEEKDAYNAME mit Syntax, Argumenten und einem Beispiel mit Beispielcode verwenden.\" \/>\n<meta name=\"robots\" content=\"index, follow, max-snippet:-1, max-image-preview:large, max-video-preview:-1\" \/>\n<link rel=\"canonical\" href=\"https:\/\/exceladvisor.org\/de\/wochentagsname\/\" \/>\n<meta property=\"og:locale\" content=\"de_DE\" \/>\n<meta property=\"og:type\" content=\"article\" \/>\n<meta property=\"og:title\" content=\"Wie verwende ich die VBA-WEEKDAYNAME-Funktion?\" \/>\n<meta property=\"og:description\" content=\"Erfahren Sie, wie Sie die VBA-Funktion WEEKDAYNAME mit Syntax, Argumenten und einem Beispiel mit Beispielcode verwenden.\" \/>\n<meta property=\"og:url\" content=\"https:\/\/exceladvisor.org\/de\/wochentagsname\/\" \/>\n<meta property=\"og:site_name\" content=\"Excel Advisor\" \/>\n<meta property=\"article:modified_time\" content=\"2023-12-03T13:04:45+00:00\" \/>\n<meta property=\"og:image\" content=\"https:\/\/exceladvisor.org\/wp-content\/uploads\/2023\/08\/exemple-de-fonction-vba-weekdayname.png\" \/>\n<meta name=\"twitter:card\" content=\"summary_large_image\" \/>\n<meta name=\"twitter:label1\" content=\"Gesch\u00e4tzte Lesezeit\" \/>\n\t<meta name=\"twitter:data1\" content=\"1\u00a0Minute\" \/>\n<script type=\"application\/ld+json\" class=\"yoast-schema-graph\">{\"@context\":\"https:\/\/schema.org\",\"@graph\":[{\"@type\":\"WebPage\",\"@id\":\"https:\/\/exceladvisor.org\/de\/wochentagsname\/\",\"url\":\"https:\/\/exceladvisor.org\/de\/wochentagsname\/\",\"name\":\"Wie verwende ich die VBA-WEEKDAYNAME-Funktion?\",\"isPartOf\":{\"@id\":\"https:\/\/exceladvisor.org\/de\/#website\"},\"primaryImageOfPage\":{\"@id\":\"https:\/\/exceladvisor.org\/de\/wochentagsname\/#primaryimage\"},\"image\":{\"@id\":\"https:\/\/exceladvisor.org\/de\/wochentagsname\/#primaryimage\"},\"thumbnailUrl\":\"https:\/\/exceladvisor.org\/wp-content\/uploads\/2023\/08\/exemple-de-fonction-vba-weekdayname.png\",\"datePublished\":\"2023-10-23T19:44:04+00:00\",\"dateModified\":\"2023-12-03T13:04:45+00:00\",\"description\":\"Erfahren Sie, wie Sie die VBA-Funktion WEEKDAYNAME mit Syntax, Argumenten und einem Beispiel mit Beispielcode verwenden.\",\"breadcrumb\":{\"@id\":\"https:\/\/exceladvisor.org\/de\/wochentagsname\/#breadcrumb\"},\"inLanguage\":\"de\",\"potentialAction\":[{\"@type\":\"ReadAction\",\"target\":[\"https:\/\/exceladvisor.org\/de\/wochentagsname\/\"]}]},{\"@type\":\"ImageObject\",\"inLanguage\":\"de\",\"@id\":\"https:\/\/exceladvisor.org\/de\/wochentagsname\/#primaryimage\",\"url\":\"https:\/\/exceladvisor.org\/wp-content\/uploads\/2023\/08\/exemple-de-fonction-vba-weekdayname.png\",\"contentUrl\":\"https:\/\/exceladvisor.org\/wp-content\/uploads\/2023\/08\/exemple-de-fonction-vba-weekdayname.png\"},{\"@type\":\"BreadcrumbList\",\"@id\":\"https:\/\/exceladvisor.org\/de\/wochentagsname\/#breadcrumb\",\"itemListElement\":[{\"@type\":\"ListItem\",\"position\":1,\"name\":\"Accueil\",\"item\":\"https:\/\/exceladvisor.org\/de\/\"},{\"@type\":\"ListItem\",\"position\":2,\"name\":\"Wie verwende ich die vba-weekdayname-funktion?\"}]},{\"@type\":\"WebSite\",\"@id\":\"https:\/\/exceladvisor.org\/de\/#website\",\"url\":\"https:\/\/exceladvisor.org\/de\/\",\"name\":\"Excel Advisor\",\"description\":\"Ihr Leitfaden zur Datendominanz\",\"publisher\":{\"@id\":\"https:\/\/exceladvisor.org\/de\/#organization\"},\"potentialAction\":[{\"@type\":\"SearchAction\",\"target\":{\"@type\":\"EntryPoint\",\"urlTemplate\":\"https:\/\/exceladvisor.org\/de\/?s={search_term_string}\"},\"query-input\":{\"@type\":\"PropertyValueSpecification\",\"valueRequired\":true,\"valueName\":\"search_term_string\"}}],\"inLanguage\":\"de\"},{\"@type\":\"Organization\",\"@id\":\"https:\/\/exceladvisor.org\/de\/#organization\",\"name\":\"Excel Advisor\",\"url\":\"https:\/\/exceladvisor.org\/de\/\",\"logo\":{\"@type\":\"ImageObject\",\"inLanguage\":\"de\",\"@id\":\"https:\/\/exceladvisor.org\/de\/#\/schema\/logo\/image\/\",\"url\":\"https:\/\/exceladvisor.org\/de\/wp-content\/uploads\/2023\/11\/exceladvisor.org_.png\",\"contentUrl\":\"https:\/\/exceladvisor.org\/de\/wp-content\/uploads\/2023\/11\/exceladvisor.org_.png\",\"width\":105,\"height\":36,\"caption\":\"Excel Advisor\"},\"image\":{\"@id\":\"https:\/\/exceladvisor.org\/de\/#\/schema\/logo\/image\/\"}}]}<\/script>\n<!-- \/ Yoast SEO plugin. -->","yoast_head_json":{"title":"Wie verwende ich die VBA-WEEKDAYNAME-Funktion?","description":"Erfahren Sie, wie Sie die VBA-Funktion WEEKDAYNAME mit Syntax, Argumenten und einem Beispiel mit Beispielcode verwenden.","robots":{"index":"index","follow":"follow","max-snippet":"max-snippet:-1","max-image-preview":"max-image-preview:large","max-video-preview":"max-video-preview:-1"},"canonical":"https:\/\/exceladvisor.org\/de\/wochentagsname\/","og_locale":"de_DE","og_type":"article","og_title":"Wie verwende ich die VBA-WEEKDAYNAME-Funktion?","og_description":"Erfahren Sie, wie Sie die VBA-Funktion WEEKDAYNAME mit Syntax, Argumenten und einem Beispiel mit Beispielcode verwenden.","og_url":"https:\/\/exceladvisor.org\/de\/wochentagsname\/","og_site_name":"Excel Advisor","article_modified_time":"2023-12-03T13:04:45+00:00","og_image":[{"url":"https:\/\/exceladvisor.org\/wp-content\/uploads\/2023\/08\/exemple-de-fonction-vba-weekdayname.png","type":"","width":"","height":""}],"twitter_card":"summary_large_image","twitter_misc":{"Gesch\u00e4tzte Lesezeit":"1\u00a0Minute"},"schema":{"@context":"https:\/\/schema.org","@graph":[{"@type":"WebPage","@id":"https:\/\/exceladvisor.org\/de\/wochentagsname\/","url":"https:\/\/exceladvisor.org\/de\/wochentagsname\/","name":"Wie verwende ich die VBA-WEEKDAYNAME-Funktion?","isPartOf":{"@id":"https:\/\/exceladvisor.org\/de\/#website"},"primaryImageOfPage":{"@id":"https:\/\/exceladvisor.org\/de\/wochentagsname\/#primaryimage"},"image":{"@id":"https:\/\/exceladvisor.org\/de\/wochentagsname\/#primaryimage"},"thumbnailUrl":"https:\/\/exceladvisor.org\/wp-content\/uploads\/2023\/08\/exemple-de-fonction-vba-weekdayname.png","datePublished":"2023-10-23T19:44:04+00:00","dateModified":"2023-12-03T13:04:45+00:00","description":"Erfahren Sie, wie Sie die VBA-Funktion WEEKDAYNAME mit Syntax, Argumenten und einem Beispiel mit Beispielcode verwenden.","breadcrumb":{"@id":"https:\/\/exceladvisor.org\/de\/wochentagsname\/#breadcrumb"},"inLanguage":"de","potentialAction":[{"@type":"ReadAction","target":["https:\/\/exceladvisor.org\/de\/wochentagsname\/"]}]},{"@type":"ImageObject","inLanguage":"de","@id":"https:\/\/exceladvisor.org\/de\/wochentagsname\/#primaryimage","url":"https:\/\/exceladvisor.org\/wp-content\/uploads\/2023\/08\/exemple-de-fonction-vba-weekdayname.png","contentUrl":"https:\/\/exceladvisor.org\/wp-content\/uploads\/2023\/08\/exemple-de-fonction-vba-weekdayname.png"},{"@type":"BreadcrumbList","@id":"https:\/\/exceladvisor.org\/de\/wochentagsname\/#breadcrumb","itemListElement":[{"@type":"ListItem","position":1,"name":"Accueil","item":"https:\/\/exceladvisor.org\/de\/"},{"@type":"ListItem","position":2,"name":"Wie verwende ich die vba-weekdayname-funktion?"}]},{"@type":"WebSite","@id":"https:\/\/exceladvisor.org\/de\/#website","url":"https:\/\/exceladvisor.org\/de\/","name":"Excel Advisor","description":"Ihr Leitfaden zur Datendominanz","publisher":{"@id":"https:\/\/exceladvisor.org\/de\/#organization"},"potentialAction":[{"@type":"SearchAction","target":{"@type":"EntryPoint","urlTemplate":"https:\/\/exceladvisor.org\/de\/?s={search_term_string}"},"query-input":{"@type":"PropertyValueSpecification","valueRequired":true,"valueName":"search_term_string"}}],"inLanguage":"de"},{"@type":"Organization","@id":"https:\/\/exceladvisor.org\/de\/#organization","name":"Excel Advisor","url":"https:\/\/exceladvisor.org\/de\/","logo":{"@type":"ImageObject","inLanguage":"de","@id":"https:\/\/exceladvisor.org\/de\/#\/schema\/logo\/image\/","url":"https:\/\/exceladvisor.org\/de\/wp-content\/uploads\/2023\/11\/exceladvisor.org_.png","contentUrl":"https:\/\/exceladvisor.org\/de\/wp-content\/uploads\/2023\/11\/exceladvisor.org_.png","width":105,"height":36,"caption":"Excel Advisor"},"image":{"@id":"https:\/\/exceladvisor.org\/de\/#\/schema\/logo\/image\/"}}]}},"yoast_meta":{"yoast_wpseo_title":"","yoast_wpseo_metadesc":"","yoast_wpseo_canonical":""},"_links":{"self":[{"href":"https:\/\/exceladvisor.org\/de\/wp-json\/wp\/v2\/pages\/3527","targetHints":{"allow":["GET"]}}],"collection":[{"href":"https:\/\/exceladvisor.org\/de\/wp-json\/wp\/v2\/pages"}],"about":[{"href":"https:\/\/exceladvisor.org\/de\/wp-json\/wp\/v2\/types\/page"}],"author":[{"embeddable":true,"href":"https:\/\/exceladvisor.org\/de\/wp-json\/wp\/v2\/users\/1"}],"replies":[{"embeddable":true,"href":"https:\/\/exceladvisor.org\/de\/wp-json\/wp\/v2\/comments?post=3527"}],"version-history":[{"count":1,"href":"https:\/\/exceladvisor.org\/de\/wp-json\/wp\/v2\/pages\/3527\/revisions"}],"predecessor-version":[{"id":4353,"href":"https:\/\/exceladvisor.org\/de\/wp-json\/wp\/v2\/pages\/3527\/revisions\/4353"}],"wp:attachment":[{"href":"https:\/\/exceladvisor.org\/de\/wp-json\/wp\/v2\/media?parent=3527"}],"curies":[{"name":"wp","href":"https:\/\/api.w.org\/{rel}","templated":true}]}}