{"id":3531,"date":"2023-10-23T18:56:08","date_gmt":"2023-10-23T18:56:08","guid":{"rendered":"https:\/\/exceladvisor.org\/de\/arbeitsblatt-1\/"},"modified":"2023-12-03T13:04:51","modified_gmt":"2023-12-03T13:04:51","slug":"arbeitsblatt-1","status":"publish","type":"page","link":"https:\/\/exceladvisor.org\/de\/arbeitsblatt-1\/","title":{"rendered":"Wie verwende ich eine excel-tabelle in vba?"},"content":{"rendered":"<div class=\"excel-vor-dem-inhalt\" id=\"excel-1927110516\"><script type=\"text\/javascript\">\r\n\tatOptions = {\r\n\t\t'key' : 'c1158f160081d6540a8409e6925dab94',\r\n\t\t'format' : 'iframe',\r\n\t\t'height' : 250,\r\n\t\t'width' : 300,\r\n\t\t'params' : {}\r\n\t};\r\n<\/script>\r\n<script type=\"text\/javascript\" src=\"\/\/www.highperformanceformat.com\/c1158f160081d6540a8409e6925dab94\/invoke.js\"><\/script><\/div> <p>In VBA stellt das Arbeitsblattobjekt ein einzelnes Arbeitsblatt dar, das Teil der Sammlung von Arbeitsbl\u00e4ttern (oder Bl\u00e4ttern) der Arbeitsmappe ist. Mithilfe des Arbeitsblattobjekts k\u00f6nnen Sie im VBA-Code auf das Arbeitsblatt verweisen und auf ein Arbeitsblatt verweisen. Au\u00dferdem k\u00f6nnen Sie auf die damit verbundenen Eigenschaften, Methoden und Ereignisse zugreifen.<\/p><p> Hier erhalten Sie einen kurzen \u00dcberblick \u00fcber die Position eines Arbeitsblatts in der Excel-Objekthierarchie.<\/p><p> <strong>Anwendung<\/strong> <strong>\u27aa<\/strong> <strong>Arbeitsmappe<\/strong> <strong>\u27aa<\/strong> <strong>Arbeitsbl\u00e4tter<\/strong> <strong>\u27aa<\/strong> <strong>Arbeitsblatt<\/strong><\/p><p> In diesem Tutorial erfahren Sie, wie Sie mithilfe von VBA-Code ein Arbeitsblatt in Excel verwenden und referenzieren.<\/p><p class=\"content-box-grey\"> <em>N\u00fctzliche Links: <a href=\"https:\/\/exceladvisor.org\/de\/ein-makro-ausfuhren-2\/\">Ausf\u00fchren eines Makros<\/a> \u2013 <a href=\"https:\/\/exceladvisor.org\/de\/ein-makro-aufzeichnen\/\">Makrorecorder<\/a> \u2013 <a href=\"https:\/\/exceladvisor.org\/de\/einfacher-visueller-editor\/\">Visual Basic Editor<\/a> \u2013 <a href=\"https:\/\/exceladvisor.org\/de\/personliches-makro-notizbuch\/\">Handbuch zu pers\u00f6nlichen Makros<\/a><\/em><\/p><h2 class=\"wp-block-heading\"> Bl\u00e4tter vs. Tabellenkalkulationen<\/h2><p> Fangen wir mit dem Anfang an. Dies ist wichtig, um den Unterschied zwischen einer Tabellenkalkulation und einem Tabellenblatt zu verstehen. In Excel gibt es Blatttypen, die Sie in eine Arbeitsmappe einf\u00fcgen k\u00f6nnen, und ein Arbeitsblatt ist einer dieser Typen. Wie Sie im Schnappschuss unten sehen k\u00f6nnen, werden Sie beim Einf\u00fcgen eines neuen Blatts von Excel aufgefordert, den Blatttyp auszuw\u00e4hlen.<\/p><p> Hier ist Folgendes zu verstehen: Wenn Sie das Wort \u201eBl\u00e4tter\u201c verwenden, beziehen Sie sich auf alle Bl\u00e4tter (Tabellenkalkulationen, Makrobl\u00e4tter und Diagrammbl\u00e4tter), aber wenn Sie das Wort \u201eArbeitsblatt\u201c verwenden, beziehen Sie sich nur auf Tabellenkalkulationen ( <a href=\"https:\/\/docs.microsoft.com\/en-us\/office\/vba\/api\/excel.xlsheettype\" target=\"_blank\" rel=\"noreferrer noopener\" aria-label=\"undefined (opens in a new tab)\">siehe Auch<\/a> ). <\/p><div class=\"wp-block-image\"><figure class=\"aligncenter size-large is-resized\"><img loading=\"lazy\" decoding=\"async\" class=\"wp-image-52465\" src=\"https:\/\/exceladvisor.org\/wp-content\/uploads\/2023\/08\/1-feuille-vs-feuilles-de-travail.png\" sizes=\"auto, \" srcset=\"\" alt=\"Blatt vs. Arbeitsbl\u00e4tter\" width=\"528\" height=\"327\"><\/figure><\/div><h2 class=\"wp-block-heading\"> Greifen Sie mit VBA auf ein Arbeitsblatt zu<\/h2><p> VBA bietet Ihnen verschiedene M\u00f6glichkeiten, aus einer Arbeitsmappe auf ein Arbeitsblatt zuzugreifen. Wir werden uns sp\u00e4ter mit verschiedenen M\u00f6glichkeiten daf\u00fcr befassen.<\/p><h3 class=\"wp-block-heading\"> 1. Verweisen Sie auf ein Blatt mit dem Namen<\/h3><p> Jedes Blatt hat seinen Namen, um es zu identifizieren, und Sie k\u00f6nnen ihn auch verwenden, um auf dieses Blatt zu verweisen. Angenommen, Sie m\u00f6chten auf \u201eBlatt1\u201c verweisen, der Code w\u00e4re: <\/p><div class=\"wp-block-image\"><figure class=\"aligncenter size-large is-resized\"><img loading=\"lazy\" decoding=\"async\" class=\"wp-image-52466\" src=\"https:\/\/exceladvisor.org\/wp-content\/uploads\/2023\/08\/2-se-referer-a-une-feuille-en-utilisant-le-nom.png\" sizes=\"auto, \" srcset=\"\" alt=\"Verweisen Sie auf ein Blatt mit dem Namen\" width=\"561\" height=\"329\"><\/figure><\/div><pre class=\"wp-block-code\"> <code class=\"language-visual-basic\" lang=\"visual-basic\">Sheets(\u201cSheet1\u201d) Worksheets(\u201cSheet1\u201d)<\/code><\/pre><p> Die beiden Codes oben beziehen sich auf \u201eSheet1\u201c.<\/p><h3 class=\"wp-block-heading\"> 2. Beziehen Sie sich anhand der Nummer auf das Blatt<\/h3><p> Sie k\u00f6nnen auch eine Blattnummer verwenden, um darauf zu verweisen. Angenommen, ein Blatt befindet sich an f\u00fcnfter Position in der Arbeitsmappe, dann k\u00f6nnen Sie diese Nummer verwenden, um darauf zu verweisen.<\/p><pre class=\"wp-block-code\"> <code class=\"language-visual-basic\" lang=\"visual-basic\">Sheets (5) Worksheets (5)<\/code><\/pre><p> Oben sind nun zwei Codezeilen, die auf zwei verschiedene Arten funktionieren. Die erste Zeile bezieht sich auf das 5. Blatt und die zweite auf das 5. Arbeitsblatt im Arbeitsbuch. <\/p><div class=\"wp-block-image\"><figure class=\"aligncenter size-large is-resized\"><img loading=\"lazy\" decoding=\"async\" class=\"wp-image-52467\" src=\"https:\/\/exceladvisor.org\/wp-content\/uploads\/2023\/08\/3-se-referer-a-une-feuille-en-utilisant-le-numero.png\" sizes=\"auto, \" srcset=\"\" alt=\"sich mit einer Nummer auf ein Blatt beziehen\" width=\"551\" height=\"199\"><\/figure><\/div><h3 class=\"wp-block-heading\"> 3. Sehen Sie sich das ActiveSheet an<\/h3><p> Wenn ein Blatt bereits aktiv ist, k\u00f6nnen Sie darauf verweisen, indem Sie anstelle seines Namens das Schl\u00fcsselwort \u201eActivesheet\u201c verwenden.<\/p><pre class=\"wp-block-code\"> <code class=\"language-visual-basic\" lang=\"visual-basic\">ActiveSheet<\/code><\/pre><p> Wenn Sie eine Aktivit\u00e4t in ActiveSheet ausf\u00fchren m\u00f6chten, k\u00f6nnen Sie das Objekt \u201eActivesheet\u201c verwenden. Wenn Sie es jedoch nicht verwenden, f\u00fchrt VBA die Aktivit\u00e4t trotzdem im aktiven Blatt aus.<\/p><p> <strong>Lesen Sie:<\/strong> W\u00e4hlen Sie einen Bereich mit VBA aus<\/p><h3 class=\"wp-block-heading\"> 4. Verweisen Sie auf ein Blatt mit dem Namen des Codefensters<\/h3><p> Jedes Blatt hat sein Codefenster und es gibt einen Namen f\u00fcr dieses Codefenster. Normalerweise kann ein Benutzer den Blattnamen auf der Registerkarte \u00e4ndern, aber der Name im Codefenster kann nur ge\u00e4ndert werden, wenn Sie dies \u00fcber die Eigenschaften tun.<\/p><p> \u00d6ffnen Sie den Visual Basic-Editor \u00fcber die Registerkarte \u201eEntwickler\u201c. Im Abschnitt \u201eEigenschaften\u201c k\u00f6nnen Sie den Namen des von Ihnen ausgew\u00e4hlten Blatts sehen. <\/p><div class=\"wp-block-image\"><figure class=\"aligncenter size-large is-resized\"><img loading=\"lazy\" decoding=\"async\" class=\"wp-image-52468\" src=\"https:\/\/exceladvisor.org\/wp-content\/uploads\/2023\/08\/4-se-referer-a-une-feuille-en-utilisant-le-code.png\" sizes=\"auto, \" srcset=\"\" alt=\"Verweisen Sie mithilfe von Code auf ein Blatt\" width=\"309\" height=\"322\"><\/figure><\/div><p> Sie k\u00f6nnen diesen Namen auch im Abschnitt \u201eEigenschaften\u201c \u00e4ndern. <\/p><div class=\"wp-block-image\"><figure class=\"aligncenter size-large is-resized\"><img loading=\"lazy\" decoding=\"async\" class=\"wp-image-52469\" src=\"https:\/\/exceladvisor.org\/wp-content\/uploads\/2023\/08\/5-en-utilisant-le-nom-de-la-fenetre-de-code.png\" sizes=\"auto, \" srcset=\"\" alt=\"using-code-window-name\" width=\"365\" height=\"152\"><\/figure><\/div><p> Sie k\u00f6nnen nun mithilfe des Codefensternamens darauf verweisen.<\/p><pre class=\"wp-block-code\"> <code class=\"language-visual-basic\" lang=\"visual-basic\">mySheet<\/code><\/pre><h3 class=\"wp-block-heading\"> 5. Siehe \u201eMehrere Bl\u00e4tter\u201c.<\/h3><p> Sie k\u00f6nnen mit einer einzigen Codezeile auch mehrere Bl\u00e4tter gleichzeitig referenzieren. Hierzu k\u00f6nnen Sie ein Array verwenden, genau wie im folgenden Code.<\/p><pre class=\"wp-block-code\"> <code class=\"language-visual-basic\" lang=\"visual-basic\">Sheets(Array(\"Sheet1\", \"Sheet2\"))<\/code><\/pre><p> Dieser Code bezieht sich auf \u201eBlatt1\u201c und \u201eBlatt2\u201c. Wenn Sie jedoch auf mehrere Bl\u00e4tter verweisen, m\u00fcssen Sie eines beachten: Es gibt einige Methoden und Eigenschaften, die Sie nicht verwenden k\u00f6nnen.<\/p><h3 class=\"wp-block-heading\"> 6. Sehen Sie sich das Blatt in einer anderen Arbeitsmappe an<\/h3><p> Ein Arbeitsblatt oder Blatt ist Teil der Sammlung von Arbeitsbl\u00e4ttern in einer Arbeitsmappe. Wenn Sie auf ein bestimmtes Blatt au\u00dfer der aktiven Arbeitsmappe verweisen m\u00f6chten, m\u00fcssen Sie zuerst auf diese Arbeitsmappe verweisen.<\/p><pre class=\"wp-block-code\"> <code class=\"language-visual-basic\" lang=\"visual-basic\">Workbooks(\"Book1\").Sheets(\"Sheet1\")<\/code><\/pre><p> Um <a href=\"https:\/\/exceladvisor.org\/de\/ein-makro-ausfuhren-2\/\">diesen Code auszuf\u00fchren,<\/a> muss \u201eBook1\u201c ge\u00f6ffnet sein.<\/p><h2 class=\"wp-block-heading\"> Eigenschaften, Methoden und Ereignisse im Zusammenhang mit einem Blatt oder Arbeitsblatt<\/h2><p> In VBA verf\u00fcgt jedes Excel-Objekt \u00fcber Eigenschaften, Methoden und Ereignisse, die Sie verwenden k\u00f6nnen, und auf die gleiche Weise k\u00f6nnen Sie auf die zugeh\u00f6rigen Eigenschaften und Methoden zugreifen. Sobald Sie ein Arbeitsblatt angegeben haben, geben Sie einen Punkt (.) ein und Sie erhalten die Liste. <\/p><div class=\"wp-block-image\"><figure class=\"aligncenter size-large is-resized\"><img loading=\"lazy\" decoding=\"async\" class=\"wp-image-52470\" src=\"https:\/\/exceladvisor.org\/wp-content\/uploads\/2023\/08\/6-evenements-lies-a-une-feuille.png\" sizes=\"auto, \" srcset=\"\" alt=\"Verkn\u00fcpfte-Ereignisse-mit-einem-Blatt\" width=\"494\" height=\"365\"><\/figure><\/div><p> In dieser Liste sind alle Symbole, bei denen eine Hand zu sehen ist, Eigenschaften und bei denen ein gr\u00fcner Ziegelstein Methoden ist.<\/p><h3 class=\"wp-block-heading\"> Immobilienbeispiel<\/h3><p> Angenommen, Sie m\u00f6chten die Farbe der Arbeitsblattregisterkarte \u00e4ndern. In diesem Fall k\u00f6nnen Sie die TAB-Eigenschaft des Arbeitsblatts verwenden.<\/p><pre class=\"wp-block-code\"> <code class=\"language-visual-basic\" lang=\"visual-basic\">mySheet.Tab.ThemeColor = xlThemeColorAccent2<\/code><\/pre><p> In der obigen Codezeile verf\u00fcgen Sie \u00fcber die Tab-Eigenschaft und eine weitere Design-Farbeigenschaft, um die Farbe der Arbeitsblatt-Registerkarte zu \u00e4ndern.<\/p><h3 class=\"wp-block-heading\"> Beispielmethode<\/h3><p> Ebenso k\u00f6nnen Sie die mit den Tabellenkalkulationen bereitgestellten Methoden verwenden. Eine der gebr\u00e4uchlichsten Methoden ist die \u201eAusw\u00e4hlen\u201c-Methode, mit der Sie ein Blatt ausw\u00e4hlen k\u00f6nnen.<\/p><pre class=\"wp-block-code\"> <code class=\"language-visual-basic\" lang=\"visual-basic\">mySheet.Select<\/code><\/pre><p> Sobald Sie diesen Code ausf\u00fchren, w\u00e4hlt er \u201emySheet\u201c in der aktiven Arbeitsmappe aus.<\/p><h3 class=\"wp-block-heading\"> Beispielveranstaltung<\/h3><p> Einige Ereignisse sind mit einem Arbeitsblatt verkn\u00fcpft. Wenn Sie beispielsweise ein Blatt aktivieren, handelt es sich um ein Ereignis, und dasselbe gilt auch, wenn Sie etwas im Blatt \u00e4ndern. Sehen Sie sich den folgenden Code an, in dem Sie Code zum Ausf\u00fchren haben, wenn ein Ereignis (\u00c4nderung im Arbeitsblatt) auftritt. <\/p><div class=\"wp-block-image\"><figure class=\"aligncenter size-large is-resized\"><img loading=\"lazy\" decoding=\"async\" class=\"wp-image-52471\" src=\"https:\/\/exceladvisor.org\/wp-content\/uploads\/2023\/08\/7-exemple-devenement.png\" sizes=\"auto, \" srcset=\"\" alt=\"Ereignisbeispiel\" width=\"668\" height=\"211\"><\/figure><\/div><pre class=\"wp-block-code\"> <code class=\"language-visual-basic\" lang=\"visual-basic\">Private Sub Worksheet_SelectionChange(ByVal Target As Range) Range(\"A1\").Value = Range(\"A1\").Value + 1 End Sub<\/code><\/pre><p> Dieser Code gibt jedes Mal, wenn Sie eine \u00c4nderung im Arbeitsblatt vornehmen, einen Wert in Zelle A1 des Blattes ein.<\/p><h2 class=\"wp-block-heading\"> Deklarieren Sie ein Arbeitsblattobjekt<\/h2><p> Sie k\u00f6nnen eine Variable auch als Arbeitsblatt deklarieren, was die Verwendung dieses Arbeitsblatts im VBA-Code erleichtert. Verwenden Sie zuerst das Schl\u00fcsselwort DIM und dann den Variablennamen. Geben Sie anschlie\u00dfend den Objekttyp als Arbeitsblatt an. <\/p><div class=\"wp-block-image\"><figure class=\"aligncenter size-large is-resized\"><img loading=\"lazy\" decoding=\"async\" class=\"wp-image-52472\" src=\"https:\/\/exceladvisor.org\/wp-content\/uploads\/2023\/08\/8-declarer-un-objet-feuille-de-calcul.png\" sizes=\"auto, \" srcset=\"\" alt=\"Deklarieren Sie ein Tabellenkalkulationsobjekt\" width=\"365\" height=\"250\"><\/figure><\/div><div class=\"gb-container gb-container-4db6181c gb-container-mt\"> <a class=\"gb-button gb-button-c5897111 gb-button-text gb-button-mt-button\" href=\"https:\/\/exceladvisor.org\/de\/vba\/\">Was ist VBA<\/a><h2 class=\"gb-headline gb-headline-665e5f6b gb-headline-text gb-headline-mt-heading\"> Verwandte Tutorials <\/h2><div class=\"gb-grid-wrapper gb-grid-wrapper-a20baf7c gb-grid-wrapper-mt-grid\"><div class=\"gb-grid-column gb-grid-column-65ddf67e\"><div class=\"gb-container gb-container-65ddf67e\"><ul><li> <a href=\"https:\/\/exceladvisor.org\/de\/klares-blatt\/\">L\u00d6SCHEN Sie ein ganzes Blatt mit VBA in Excel<\/a><\/li><li> <a href=\"https:\/\/exceladvisor.org\/de\/kopierblatt\/\">Kopieren und verschieben Sie ein Blatt in Excel mit VBA<\/a><\/li><li> <a href=\"https:\/\/exceladvisor.org\/de\/zahle-die-blatter\/\">COUNT Sheets mit VBA in Excel<\/a><\/li><li> <a href=\"https:\/\/exceladvisor.org\/de\/ein-blatt-loschen-1\/\">L\u00d6SCHEN Sie ein BLATT mit VBA in Excel<\/a><\/li><li> <a href=\"https:\/\/exceladvisor.org\/de\/blatt-ausblenden\/\">Blenden Sie ein Blatt mit VBA in Excel ein und aus<\/a> <\/li><\/ul><\/div><\/div><div class=\"gb-grid-column gb-grid-column-50067b57\"><div class=\"gb-container gb-container-50067b57\"><\/div><\/div><\/div><\/div>","protected":false},"excerpt":{"rendered":"","protected":false},"author":1,"featured_media":0,"parent":0,"menu_order":0,"comment_status":"open","ping_status":"closed","template":"","meta":{"ub_ctt_via":"","footnotes":""},"class_list":["post-3531","page","type-page","status-publish","hentry"],"featured_image_src":null,"yoast_head":"<!-- This site is optimized with the Yoast SEO plugin v25.4 - https:\/\/yoast.com\/wordpress\/plugins\/seo\/ -->\n<title>Wie verwende ich eine Excel-Tabelle in VBA?<\/title>\n<meta name=\"description\" content=\"In diesem Tutorial erfahren Sie, wie Sie im VBA-Code auf ein Arbeitsblatt oder Blatt verweisen.\" \/>\n<meta name=\"robots\" content=\"index, follow, max-snippet:-1, max-image-preview:large, max-video-preview:-1\" \/>\n<link rel=\"canonical\" href=\"https:\/\/exceladvisor.org\/de\/arbeitsblatt-1\/\" \/>\n<meta property=\"og:locale\" content=\"de_DE\" \/>\n<meta property=\"og:type\" content=\"article\" \/>\n<meta property=\"og:title\" content=\"Wie verwende ich eine Excel-Tabelle in VBA?\" \/>\n<meta property=\"og:description\" content=\"In diesem Tutorial erfahren Sie, wie Sie im VBA-Code auf ein Arbeitsblatt oder Blatt verweisen.\" \/>\n<meta property=\"og:url\" content=\"https:\/\/exceladvisor.org\/de\/arbeitsblatt-1\/\" \/>\n<meta property=\"og:site_name\" content=\"Excel Advisor\" \/>\n<meta property=\"article:modified_time\" content=\"2023-12-03T13:04:51+00:00\" \/>\n<meta property=\"og:image\" content=\"https:\/\/exceladvisor.org\/wp-content\/uploads\/2023\/08\/1-feuille-vs-feuilles-de-travail.png\" \/>\n<meta name=\"twitter:card\" content=\"summary_large_image\" \/>\n<meta name=\"twitter:label1\" content=\"Gesch\u00e4tzte Lesezeit\" \/>\n\t<meta name=\"twitter:data1\" content=\"5\u00a0Minuten\" \/>\n<script type=\"application\/ld+json\" class=\"yoast-schema-graph\">{\"@context\":\"https:\/\/schema.org\",\"@graph\":[{\"@type\":\"WebPage\",\"@id\":\"https:\/\/exceladvisor.org\/de\/arbeitsblatt-1\/\",\"url\":\"https:\/\/exceladvisor.org\/de\/arbeitsblatt-1\/\",\"name\":\"Wie verwende ich eine Excel-Tabelle in VBA?\",\"isPartOf\":{\"@id\":\"https:\/\/exceladvisor.org\/de\/#website\"},\"primaryImageOfPage\":{\"@id\":\"https:\/\/exceladvisor.org\/de\/arbeitsblatt-1\/#primaryimage\"},\"image\":{\"@id\":\"https:\/\/exceladvisor.org\/de\/arbeitsblatt-1\/#primaryimage\"},\"thumbnailUrl\":\"https:\/\/exceladvisor.org\/wp-content\/uploads\/2023\/08\/1-feuille-vs-feuilles-de-travail.png\",\"datePublished\":\"2023-10-23T18:56:08+00:00\",\"dateModified\":\"2023-12-03T13:04:51+00:00\",\"description\":\"In diesem Tutorial erfahren Sie, wie Sie im VBA-Code auf ein Arbeitsblatt oder Blatt verweisen.\",\"breadcrumb\":{\"@id\":\"https:\/\/exceladvisor.org\/de\/arbeitsblatt-1\/#breadcrumb\"},\"inLanguage\":\"de\",\"potentialAction\":[{\"@type\":\"ReadAction\",\"target\":[\"https:\/\/exceladvisor.org\/de\/arbeitsblatt-1\/\"]}]},{\"@type\":\"ImageObject\",\"inLanguage\":\"de\",\"@id\":\"https:\/\/exceladvisor.org\/de\/arbeitsblatt-1\/#primaryimage\",\"url\":\"https:\/\/exceladvisor.org\/wp-content\/uploads\/2023\/08\/1-feuille-vs-feuilles-de-travail.png\",\"contentUrl\":\"https:\/\/exceladvisor.org\/wp-content\/uploads\/2023\/08\/1-feuille-vs-feuilles-de-travail.png\"},{\"@type\":\"BreadcrumbList\",\"@id\":\"https:\/\/exceladvisor.org\/de\/arbeitsblatt-1\/#breadcrumb\",\"itemListElement\":[{\"@type\":\"ListItem\",\"position\":1,\"name\":\"Accueil\",\"item\":\"https:\/\/exceladvisor.org\/de\/\"},{\"@type\":\"ListItem\",\"position\":2,\"name\":\"Wie verwende ich eine excel-tabelle in vba?\"}]},{\"@type\":\"WebSite\",\"@id\":\"https:\/\/exceladvisor.org\/de\/#website\",\"url\":\"https:\/\/exceladvisor.org\/de\/\",\"name\":\"Excel Advisor\",\"description\":\"Ihr Leitfaden zur Datendominanz\",\"publisher\":{\"@id\":\"https:\/\/exceladvisor.org\/de\/#organization\"},\"potentialAction\":[{\"@type\":\"SearchAction\",\"target\":{\"@type\":\"EntryPoint\",\"urlTemplate\":\"https:\/\/exceladvisor.org\/de\/?s={search_term_string}\"},\"query-input\":{\"@type\":\"PropertyValueSpecification\",\"valueRequired\":true,\"valueName\":\"search_term_string\"}}],\"inLanguage\":\"de\"},{\"@type\":\"Organization\",\"@id\":\"https:\/\/exceladvisor.org\/de\/#organization\",\"name\":\"Excel Advisor\",\"url\":\"https:\/\/exceladvisor.org\/de\/\",\"logo\":{\"@type\":\"ImageObject\",\"inLanguage\":\"de\",\"@id\":\"https:\/\/exceladvisor.org\/de\/#\/schema\/logo\/image\/\",\"url\":\"https:\/\/exceladvisor.org\/de\/wp-content\/uploads\/2023\/11\/exceladvisor.org_.png\",\"contentUrl\":\"https:\/\/exceladvisor.org\/de\/wp-content\/uploads\/2023\/11\/exceladvisor.org_.png\",\"width\":105,\"height\":36,\"caption\":\"Excel Advisor\"},\"image\":{\"@id\":\"https:\/\/exceladvisor.org\/de\/#\/schema\/logo\/image\/\"}}]}<\/script>\n<!-- \/ Yoast SEO plugin. -->","yoast_head_json":{"title":"Wie verwende ich eine Excel-Tabelle in VBA?","description":"In diesem Tutorial erfahren Sie, wie Sie im VBA-Code auf ein Arbeitsblatt oder Blatt verweisen.","robots":{"index":"index","follow":"follow","max-snippet":"max-snippet:-1","max-image-preview":"max-image-preview:large","max-video-preview":"max-video-preview:-1"},"canonical":"https:\/\/exceladvisor.org\/de\/arbeitsblatt-1\/","og_locale":"de_DE","og_type":"article","og_title":"Wie verwende ich eine Excel-Tabelle in VBA?","og_description":"In diesem Tutorial erfahren Sie, wie Sie im VBA-Code auf ein Arbeitsblatt oder Blatt verweisen.","og_url":"https:\/\/exceladvisor.org\/de\/arbeitsblatt-1\/","og_site_name":"Excel Advisor","article_modified_time":"2023-12-03T13:04:51+00:00","og_image":[{"url":"https:\/\/exceladvisor.org\/wp-content\/uploads\/2023\/08\/1-feuille-vs-feuilles-de-travail.png","type":"","width":"","height":""}],"twitter_card":"summary_large_image","twitter_misc":{"Gesch\u00e4tzte Lesezeit":"5\u00a0Minuten"},"schema":{"@context":"https:\/\/schema.org","@graph":[{"@type":"WebPage","@id":"https:\/\/exceladvisor.org\/de\/arbeitsblatt-1\/","url":"https:\/\/exceladvisor.org\/de\/arbeitsblatt-1\/","name":"Wie verwende ich eine Excel-Tabelle in VBA?","isPartOf":{"@id":"https:\/\/exceladvisor.org\/de\/#website"},"primaryImageOfPage":{"@id":"https:\/\/exceladvisor.org\/de\/arbeitsblatt-1\/#primaryimage"},"image":{"@id":"https:\/\/exceladvisor.org\/de\/arbeitsblatt-1\/#primaryimage"},"thumbnailUrl":"https:\/\/exceladvisor.org\/wp-content\/uploads\/2023\/08\/1-feuille-vs-feuilles-de-travail.png","datePublished":"2023-10-23T18:56:08+00:00","dateModified":"2023-12-03T13:04:51+00:00","description":"In diesem Tutorial erfahren Sie, wie Sie im VBA-Code auf ein Arbeitsblatt oder Blatt verweisen.","breadcrumb":{"@id":"https:\/\/exceladvisor.org\/de\/arbeitsblatt-1\/#breadcrumb"},"inLanguage":"de","potentialAction":[{"@type":"ReadAction","target":["https:\/\/exceladvisor.org\/de\/arbeitsblatt-1\/"]}]},{"@type":"ImageObject","inLanguage":"de","@id":"https:\/\/exceladvisor.org\/de\/arbeitsblatt-1\/#primaryimage","url":"https:\/\/exceladvisor.org\/wp-content\/uploads\/2023\/08\/1-feuille-vs-feuilles-de-travail.png","contentUrl":"https:\/\/exceladvisor.org\/wp-content\/uploads\/2023\/08\/1-feuille-vs-feuilles-de-travail.png"},{"@type":"BreadcrumbList","@id":"https:\/\/exceladvisor.org\/de\/arbeitsblatt-1\/#breadcrumb","itemListElement":[{"@type":"ListItem","position":1,"name":"Accueil","item":"https:\/\/exceladvisor.org\/de\/"},{"@type":"ListItem","position":2,"name":"Wie verwende ich eine excel-tabelle in vba?"}]},{"@type":"WebSite","@id":"https:\/\/exceladvisor.org\/de\/#website","url":"https:\/\/exceladvisor.org\/de\/","name":"Excel Advisor","description":"Ihr Leitfaden zur Datendominanz","publisher":{"@id":"https:\/\/exceladvisor.org\/de\/#organization"},"potentialAction":[{"@type":"SearchAction","target":{"@type":"EntryPoint","urlTemplate":"https:\/\/exceladvisor.org\/de\/?s={search_term_string}"},"query-input":{"@type":"PropertyValueSpecification","valueRequired":true,"valueName":"search_term_string"}}],"inLanguage":"de"},{"@type":"Organization","@id":"https:\/\/exceladvisor.org\/de\/#organization","name":"Excel Advisor","url":"https:\/\/exceladvisor.org\/de\/","logo":{"@type":"ImageObject","inLanguage":"de","@id":"https:\/\/exceladvisor.org\/de\/#\/schema\/logo\/image\/","url":"https:\/\/exceladvisor.org\/de\/wp-content\/uploads\/2023\/11\/exceladvisor.org_.png","contentUrl":"https:\/\/exceladvisor.org\/de\/wp-content\/uploads\/2023\/11\/exceladvisor.org_.png","width":105,"height":36,"caption":"Excel Advisor"},"image":{"@id":"https:\/\/exceladvisor.org\/de\/#\/schema\/logo\/image\/"}}]}},"yoast_meta":{"yoast_wpseo_title":"","yoast_wpseo_metadesc":"","yoast_wpseo_canonical":""},"_links":{"self":[{"href":"https:\/\/exceladvisor.org\/de\/wp-json\/wp\/v2\/pages\/3531","targetHints":{"allow":["GET"]}}],"collection":[{"href":"https:\/\/exceladvisor.org\/de\/wp-json\/wp\/v2\/pages"}],"about":[{"href":"https:\/\/exceladvisor.org\/de\/wp-json\/wp\/v2\/types\/page"}],"author":[{"embeddable":true,"href":"https:\/\/exceladvisor.org\/de\/wp-json\/wp\/v2\/users\/1"}],"replies":[{"embeddable":true,"href":"https:\/\/exceladvisor.org\/de\/wp-json\/wp\/v2\/comments?post=3531"}],"version-history":[{"count":1,"href":"https:\/\/exceladvisor.org\/de\/wp-json\/wp\/v2\/pages\/3531\/revisions"}],"predecessor-version":[{"id":4359,"href":"https:\/\/exceladvisor.org\/de\/wp-json\/wp\/v2\/pages\/3531\/revisions\/4359"}],"wp:attachment":[{"href":"https:\/\/exceladvisor.org\/de\/wp-json\/wp\/v2\/media?parent=3531"}],"curies":[{"name":"wp","href":"https:\/\/api.w.org\/{rel}","templated":true}]}}