{"id":3532,"date":"2023-10-23T16:38:56","date_gmt":"2023-10-23T16:38:56","guid":{"rendered":"https:\/\/exceladvisor.org\/de\/eine-reihe-von-zellen-verketten\/"},"modified":"2023-12-03T13:05:26","modified_gmt":"2023-12-03T13:05:26","slug":"eine-reihe-von-zellen-verketten","status":"publish","type":"page","link":"https:\/\/exceladvisor.org\/de\/eine-reihe-von-zellen-verketten\/","title":{"rendered":"Wie verkette ich einen zellbereich in excel?"},"content":{"rendered":"<div class=\"excel-vor-dem-inhalt\" id=\"excel-24753264\"><script type=\"text\/javascript\">\r\n\tatOptions = {\r\n\t\t'key' : 'c1158f160081d6540a8409e6925dab94',\r\n\t\t'format' : 'iframe',\r\n\t\t'height' : 250,\r\n\t\t'width' : 300,\r\n\t\t'params' : {}\r\n\t};\r\n<\/script>\r\n<script type=\"text\/javascript\" src=\"\/\/www.highperformanceformat.com\/c1158f160081d6540a8409e6925dab94\/invoke.js\"><\/script><\/div> <p>Das Kombinieren von Werten mit CONCATENATE ist der beste Weg, aber mit dieser Funktion ist es nicht m\u00f6glich, auf einen gesamten Bereich zu verweisen. Sie m\u00fcssen alle Zellen in einem Bereich einzeln ausw\u00e4hlen. Wenn Sie versuchen, auf einen gesamten Bereich zu verweisen, wird der Text aus der ersten Zelle zur\u00fcckgegeben.<\/p><p> In dieser Situation ben\u00f6tigen Sie eine Methode zum Referenzieren eines gesamten Zellbereichs, um diese zu einer einzigen Zelle zusammenzufassen. Heute m\u00f6chte ich Ihnen in diesem Artikel f\u00fcnf verschiedene M\u00f6glichkeiten vorstellen, Bereichstext in einer einzigen Zelle zu kombinieren.<\/p><h2 id=\"tab-con-9\" class=\"wp-block-heading\"> [CONCATENATE + TRANSPOSE] zum Kombinieren von Werten<\/h2><p> Der beste Weg, Text aus verschiedenen Zellen in einer einzigen Zelle zu kombinieren, ist die <strong><span style=\"color: #000000;\">Verwendung der Transponierungsfunktion zusammen mit der Verkettungsfunktion<\/span><\/strong> .<\/p><p> Schauen Sie sich den Zellbereich unten an, in dem Sie Text haben, sich aber jedes Wort in einer anderen Zelle befindet und Sie alles in eine Zelle einf\u00fcgen m\u00f6chten. Nachfolgend finden Sie die Schritte zum Kombinieren der Werte aus diesem Zellbereich in einer einzigen Zelle.<\/p><ol><li> F\u00fcgen Sie in B8 ( <a href=\"https:\/\/exceladvisor.org\/de\/zelle-bearbeiten\/\">Zelle mit F2 bearbeiten<\/a> ) die folgende Formel ein und dr\u00fccken Sie nicht die Eingabetaste.<ul><li> =CONCATENATE(TRANSPOSE(A1:A5)&amp; \u00bb \u00ab )<\/li><\/ul><\/li><li> W\u00e4hlen Sie nun den gesamten inneren Teil der Verkettungsfunktion aus und dr\u00fccken Sie F9. Es wird es in ein Array konvertieren.<\/li><li> Entfernen Sie anschlie\u00dfend die Klammern am Anfang und Ende des Tisches.<\/li><li> Dr\u00fccken Sie am Ende die Eingabetaste. <\/li><\/ol><div class=\"wp-block-image\"><figure class=\"aligncenter\"><img decoding=\"async\" src=\"https:\/\/exceladvisor.org\/wp-content\/uploads\/2023\/08\/1.gif\" sizes=\"\" srcset=\"\" alt=\"Verketten Sie einen Bereich von Zellen mit einer verketteten Transponierung\"><\/figure><\/div><p> Das ist alles.<\/p><h3 class=\"wp-block-heading\"> Wie funktioniert diese Formel?<\/h3><p> In dieser Formel haben Sie TRANSPOSE und Leerzeichen in CONCATENATE verwendet. Wenn Sie <a href=\"https:\/\/exceladvisor.org\/de\/formel-zum-wert\/\" data-wpil=\"url\">diese Referenz in harte Werte konvertieren,<\/a> wird ein Array zur\u00fcckgegeben. In dieser Tabelle haben Sie den Text jeder Zelle und ein Leerzeichen dazwischen. Wenn Sie die Eingabetaste dr\u00fccken, werden alle zusammengef\u00fcgt.<\/p><h2 id=\"tab-con-1\" class=\"wp-block-heading\"> Kombinieren Sie Text mit der Option \u201eBlocksatzf\u00fcllung\u201c.<\/h2><p> <a href=\"https:\/\/exceladvisor.org\/de\/wasserzeichen-hinzufugen\/\">\u201eAusf\u00fcllen der Begr\u00fcndung\u201c<\/a> ist eines der ungenutzten, aber leistungsst\u00e4rksten Werkzeuge in Excel. Und wann immer Sie Text aus verschiedenen Zellen kombinieren m\u00fcssen, k\u00f6nnen Sie es verwenden. Das Beste daran ist, dass <strong><span style=\"color: #000000;\">Sie zum Zusammenf\u00fchren von Text nur einen Klick ben\u00f6tigen<\/span><\/strong> . Schauen Sie sich die Daten unten an und befolgen Sie die Schritte. <\/p><div class=\"wp-block-image\"><figure class=\"aligncenter\"><img decoding=\"async\" src=\"https:\/\/exceladvisor.org\/wp-content\/uploads\/2023\/08\/2-concatener-une-plage-de-cellules-avec-justification-de-remplissage-1.gif\" sizes=\"\" srcset=\"\" alt=\"2 Verketten Sie eine Reihe von Zellen mit Auff\u00fcllbegr\u00fcndung\"><\/figure><\/div><ol><li> Stellen Sie zun\u00e4chst sicher, dass Sie die Breite der Spalte erh\u00f6hen, in der sich der Text befindet.<\/li><li> W\u00e4hlen Sie anschlie\u00dfend alle Zellen aus.<\/li><li> Gehen Sie am Ende zur Registerkarte \u201eStartseite\u201c \u279c Bearbeiten \u279c F\u00fcllen \u279c Blocksatz.<\/li><\/ol><p> Dadurch wird der Text aus allen Zellen in der ersten Zelle der Auswahl zusammengef\u00fchrt.<\/p><h2 id=\"tab-con-10\" class=\"wp-block-heading\"> TEXTJOIN-Funktion f\u00fcr CONCATENATE-Werte<\/h2><p> Wenn Sie <a href=\"https:\/\/support.office.com\/en-us\/article\/Download-and-install-or-reinstall-Office-365-or-Office-2016-on-a-PC-or-Mac-4414EAAF-0478-48BE-9C42-23ADC4716658?ui=en-US&amp;rs=en-US&amp;ad=US&amp;fromAR=1\" target=\"_blank\" rel=\"noreferrer noopener nofollow\">Excel 2016 (Office 365)<\/a> verwenden, gibt es eine Funktion namens \u201eTextJoin\u201c. Auf diese Weise k\u00f6nnen Sie problemlos Text aus verschiedenen Zellen in einer einzigen Zelle kombinieren.<\/p><h3 id=\"tab-con-6\" class=\"wp-block-heading\"> Syntax:<\/h3><p> <span style=\"font-family: Courier New,Courier,monospace;\">TEXTJOIN(Trennzeichen,ignore_empty, text1, [text2], \u2026)<\/span><\/p><ol><li> <strong>Begrenzen Sie<\/strong> eine Textzeichenfolge, die als Trennzeichen verwendet werden soll.<\/li><li> <strong>ignore_empty<\/strong> true, um die leere Zelle zu ignorieren, false, um dies nicht zu tun.<\/li><li> <strong>text1<\/strong> Text zum Kombinieren.<\/li><li> <strong>[text2]<\/strong> Text zum Kombinieren optional.<\/li><\/ol><h3 id=\"tab-con-8\" class=\"wp-block-heading\"> wie man es benutzt<\/h3><p> Um die Werteliste unten zu kombinieren, k\u00f6nnen Sie die Formel verwenden: <\/p><pre class=\"wp-block-code\"> <code class=\"language-excel-formula\" lang=\"excel-formula\">=TEXTJOIN(\" \",TRUE,A1:A5)<\/code><\/pre><div class=\"wp-block-image\"><figure class=\"aligncenter\"><img decoding=\"async\" src=\"https:\/\/exceladvisor.org\/wp-content\/uploads\/2023\/08\/3-concatener-une-plage-de-cellules-avec-une-jointure-de-texte-min-1.png\" sizes=\"\" srcset=\"\" alt=\"3 Verketten Sie einen Zellbereich mit einer Mindesttextverbindung\"><\/figure><\/div><p> Hier haben Sie Leerzeichen als Trennzeichen verwendet, TRUE, um leere Zellen und den gesamten Bereich in einem einzigen Argument zu ignorieren. Dr\u00fccken Sie am Ende die Eingabetaste und Sie erhalten den gesamten Text in einer einzigen Zelle.<\/p><h2 id=\"tab-con-3\" class=\"wp-block-heading\"> Kombinieren Sie Text mit Power Query<\/h2><p> Power Query ist ein fantastisches Tool und ich liebe es. Schauen Sie sich das unbedingt an ( <strong><a style=\"outline: none;\" href=\"https:\/\/exceladvisor.org\/de\/leistungsanforderung\/\">Excel Power Query-Tutorial<\/a><\/strong> ). Sie k\u00f6nnen damit auch Text aus einer Liste in einer einzelnen Zelle zusammenfassen. Nachfolgend finden Sie die Schritte.<\/p><ol><li> W\u00e4hlen Sie den Zellbereich aus und klicken Sie auf der Registerkarte \u201eDaten\u201c auf \u201eAus Tabelle\u201c. <br><img decoding=\"async\" title=\"4-verketten-einen-Bereich-von-Zellen-mit-Power-Abfrage-aus-der-Tabelle-min\" src=\"https:\/\/exceladvisor.org\/wp-content\/uploads\/2023\/08\/4-concatener-une-plage-de-cellules-avec-une-requete-de-puissance-a-partir-de-la-table-min-1.png\" sizes=\"\" srcset=\"\" alt=\"4 concatenate a range of cells with power query from table min\"><\/li><li> Wenn Sie Ihre Daten im Power Query-Editor bearbeiten. <br><img decoding=\"async\" title=\"5-verketten-einen-Bereich-von-Zellen-mit-Power-Query-Editor-min\" src=\"https:\/\/exceladvisor.org\/wp-content\/uploads\/2023\/08\/5-concatener-une-plage-de-cellules-avec-un-editeur-de-requete-puissant-min-1.png\" sizes=\"\" srcset=\"\" alt=\"5 concatenate a range of cells with power query editor min\"><\/li><li> W\u00e4hlen Sie nun von hier aus die Spalte aus und gehen Sie zur Registerkarte \u201eTransformieren\u201c.<\/li><li> Gehen Sie auf der Registerkarte \u201eTransformieren\u201c zu \u201eTabelle\u201c und klicken Sie auf \u201eTransponieren\u201c. <br><img decoding=\"async\" title=\"6-verketten-einen-Bereich-von-Zellen-mit-power-query-transpose-min\" src=\"https:\/\/exceladvisor.org\/wp-content\/uploads\/2023\/08\/6-concatener-une-plage-de-cellules-avec-power-query-transpose-min-1.png\" sizes=\"\" srcset=\"\" alt=\"7-concatenate-a-range-of-cells-with-power-query-horizontal-min\"><\/li><li> W\u00e4hlen Sie dazu alle Spalten aus (w\u00e4hlen Sie die erste Spalte aus, halten Sie die Umschalttaste gedr\u00fcckt, klicken Sie auf die letzte Spalte), dr\u00fccken Sie die rechte Maustaste und w\u00e4hlen Sie dann \u201eZusammenf\u00fchren\u201c. <br><img decoding=\"async\" title=\"8-verketten-eine-reihe-von-zellen-mit-power-abfrage-zusammenf\u00fchren-zellen-min\" src=\"https:\/\/exceladvisor.org\/wp-content\/uploads\/2023\/08\/8-concatener-une-plage-de-cellules-avec-power-query-fusionner-des-cellules-min-1.png\" sizes=\"\" srcset=\"\" alt=\"8 concatenate a range of cells with power query merge cells min\"><\/li><li> W\u00e4hlen Sie anschlie\u00dfend im Zusammenf\u00fchrungsfenster das Leerzeichen als Trennzeichen aus und benennen Sie die Spalte. <br><img decoding=\"async\" title=\"9-verketten Sie einen Zellbereich mit Power-Query-New-Column-Name-Min\" src=\"https:\/\/exceladvisor.org\/wp-content\/uploads\/2023\/08\/9-concatener-une-plage-de-cellules-avec-power-query-nouveau-nom-de-colonne-min-1.png\" sizes=\"\" srcset=\"\" alt=\"9 concatenate a range of cells with power query new column name min\"><\/li><li> Klicken Sie abschlie\u00dfend auf \u201eOK\u201c und dann auf \u201eSchlie\u00dfen und laden\u201c.<\/li><\/ol><p> Sie haben jetzt ein neues Arbeitsblatt in Ihrer Arbeitsmappe mit dem gesamten Text in einer einzigen Zelle. Das Beste an der Verwendung von Power Query ist, dass Sie diese Einrichtung nicht immer wieder durchf\u00fchren m\u00fcssen.<\/p><p> Wenn Sie die alte Liste mit einem neuen Wert aktualisieren, m\u00fcssen Sie Ihre Abfrage aktualisieren und dieser neue Wert wird der Zelle hinzugef\u00fcgt.<\/p><h2 id=\"tab-con-7\" class=\"wp-block-heading\"> VBA-Code zum Kombinieren von Werten<\/h2><p> Wenn Sie Makrocode verwenden m\u00f6chten, um Text aus verschiedenen Zellen zu kombinieren, habe ich etwas f\u00fcr Sie. Mit diesem Code k\u00f6nnen Sie Texte im Handumdrehen kombinieren. Sie m\u00fcssen lediglich den Zellbereich ausw\u00e4hlen, in dem Sie den Text haben, und diesen Code ausf\u00fchren.<\/p><pre class=\"wp-block-code\"><code class=\"language-visual-basic line-numbers\" lang=\"visual-basic\"> Sub combineText() Dim rng As Range Dim i As String For Each rng In Selection i = i &amp; rng &amp; \" \" Next rng Range(\"B1\").Value = Trim(i) End Sub<\/code><\/pre><p> Stellen Sie sicher, dass Sie die gew\u00fcnschte Stelle im Code angeben, an der Sie den Text kombinieren m\u00f6chten.<\/p><h2 class=\"wp-block-heading\"> Am Ende,<\/h2><p> Es kann f\u00fcr Sie verschiedene Situationen geben, in denen Sie eine Reihe von Zellen zu einer einzigen Zelle verketten m\u00fcssen. Und deshalb haben wir diese verschiedenen Methoden.<\/p><p> Alle Methoden sind schnell und einfach. Sie m\u00fcssen die richtige Methode entsprechend Ihren Anforderungen ausw\u00e4hlen. Ich muss sagen, probieren Sie alle Methoden einmal aus und sagen Sie mir:<\/p><p> <strong>Welches ist Ihr Favorit und hat bei Ihnen funktioniert?<\/strong><\/p><p> Bitte teilen Sie mir Ihre Meinung im Kommentarbereich mit. Ich w\u00fcrde gerne von Ihnen h\u00f6ren und vergessen Sie bitte nicht, diesen Beitrag mit Ihren Freunden zu teilen. Ich bin sicher, sie werden es zu sch\u00e4tzen wissen.<\/p><div class=\"gb-container gb-container-0df56012 gb-container-mt\"> <a class=\"gb-button gb-button-f9f432f4 gb-button-text gb-button-mt-button\" href=\"https:\/\/exceladvisor.org\/de\/formeln\/\">Liste der Excel-Formeln<\/a><h2 class=\"gb-headline gb-headline-233444e8 gb-headline-text gb-headline-mt-heading\"> Verwandte Formeln <\/h2><div class=\"gb-grid-wrapper gb-grid-wrapper-a16fa65c gb-grid-wrapper-mt-grid\"><div class=\"gb-grid-column gb-grid-column-50d07e0d\"><div class=\"gb-container gb-container-50d07e0d\"><ul><li> <a href=\"https:\/\/exceladvisor.org\/de\/neue-zeile-in-der-zelle\/\">Eine neue Zeile zu einer Zelle in Excel hinzuf\u00fcgen (Zeilenumbruch)<\/a><\/li><li> <a href=\"https:\/\/exceladvisor.org\/de\/fuhrende-nullen\/\">F\u00fcgen Sie f\u00fchrende Nullen in Excel hinzu<\/a><\/li><li> <a href=\"https:\/\/exceladvisor.org\/de\/verketten-sie-zellen-mit-einem-komma\/\">Verketten (kombinieren) Sie Zellen in Excel mit einem Komma<\/a><\/li><li> <a href=\"https:\/\/exceladvisor.org\/de\/einen-zeilenumbruch-verketten\/\">Mit Zeilenumbruch in Excel verketten<\/a><\/li><\/ul><\/div><\/div><\/div><\/div>","protected":false},"excerpt":{"rendered":"","protected":false},"author":1,"featured_media":0,"parent":0,"menu_order":0,"comment_status":"open","ping_status":"closed","template":"","meta":{"ub_ctt_via":"","footnotes":""},"class_list":["post-3532","page","type-page","status-publish","hentry"],"featured_image_src":null,"yoast_head":"<!-- This site is optimized with the Yoast SEO plugin v25.4 - https:\/\/yoast.com\/wordpress\/plugins\/seo\/ -->\n<title>Wie verkette ich einen Zellbereich in Excel?<\/title>\n<meta name=\"description\" content=\"Hier sind die 5 Methoden zum Verketten eines Zellbereichs zu einer einzigen Zelle, die Sie in verschiedenen Situationen verwenden k\u00f6nnen.\" \/>\n<meta name=\"robots\" content=\"index, follow, max-snippet:-1, max-image-preview:large, max-video-preview:-1\" \/>\n<link rel=\"canonical\" href=\"https:\/\/exceladvisor.org\/de\/eine-reihe-von-zellen-verketten\/\" \/>\n<meta property=\"og:locale\" content=\"de_DE\" \/>\n<meta property=\"og:type\" content=\"article\" \/>\n<meta property=\"og:title\" content=\"Wie verkette ich einen Zellbereich in Excel?\" \/>\n<meta property=\"og:description\" content=\"Hier sind die 5 Methoden zum Verketten eines Zellbereichs zu einer einzigen Zelle, die Sie in verschiedenen Situationen verwenden k\u00f6nnen.\" \/>\n<meta property=\"og:url\" content=\"https:\/\/exceladvisor.org\/de\/eine-reihe-von-zellen-verketten\/\" \/>\n<meta property=\"og:site_name\" content=\"Excel Advisor\" \/>\n<meta property=\"article:modified_time\" content=\"2023-12-03T13:05:26+00:00\" \/>\n<meta property=\"og:image\" content=\"https:\/\/exceladvisor.org\/wp-content\/uploads\/2023\/08\/1.gif\" \/>\n<meta name=\"twitter:card\" content=\"summary_large_image\" \/>\n<meta name=\"twitter:label1\" content=\"Gesch\u00e4tzte Lesezeit\" \/>\n\t<meta name=\"twitter:data1\" content=\"5\u00a0Minuten\" \/>\n<script type=\"application\/ld+json\" class=\"yoast-schema-graph\">{\"@context\":\"https:\/\/schema.org\",\"@graph\":[{\"@type\":\"WebPage\",\"@id\":\"https:\/\/exceladvisor.org\/de\/eine-reihe-von-zellen-verketten\/\",\"url\":\"https:\/\/exceladvisor.org\/de\/eine-reihe-von-zellen-verketten\/\",\"name\":\"Wie verkette ich einen Zellbereich in Excel?\",\"isPartOf\":{\"@id\":\"https:\/\/exceladvisor.org\/de\/#website\"},\"primaryImageOfPage\":{\"@id\":\"https:\/\/exceladvisor.org\/de\/eine-reihe-von-zellen-verketten\/#primaryimage\"},\"image\":{\"@id\":\"https:\/\/exceladvisor.org\/de\/eine-reihe-von-zellen-verketten\/#primaryimage\"},\"thumbnailUrl\":\"https:\/\/exceladvisor.org\/wp-content\/uploads\/2023\/08\/1.gif\",\"datePublished\":\"2023-10-23T16:38:56+00:00\",\"dateModified\":\"2023-12-03T13:05:26+00:00\",\"description\":\"Hier sind die 5 Methoden zum Verketten eines Zellbereichs zu einer einzigen Zelle, die Sie in verschiedenen Situationen verwenden k\u00f6nnen.\",\"breadcrumb\":{\"@id\":\"https:\/\/exceladvisor.org\/de\/eine-reihe-von-zellen-verketten\/#breadcrumb\"},\"inLanguage\":\"de\",\"potentialAction\":[{\"@type\":\"ReadAction\",\"target\":[\"https:\/\/exceladvisor.org\/de\/eine-reihe-von-zellen-verketten\/\"]}]},{\"@type\":\"ImageObject\",\"inLanguage\":\"de\",\"@id\":\"https:\/\/exceladvisor.org\/de\/eine-reihe-von-zellen-verketten\/#primaryimage\",\"url\":\"https:\/\/exceladvisor.org\/wp-content\/uploads\/2023\/08\/1.gif\",\"contentUrl\":\"https:\/\/exceladvisor.org\/wp-content\/uploads\/2023\/08\/1.gif\"},{\"@type\":\"BreadcrumbList\",\"@id\":\"https:\/\/exceladvisor.org\/de\/eine-reihe-von-zellen-verketten\/#breadcrumb\",\"itemListElement\":[{\"@type\":\"ListItem\",\"position\":1,\"name\":\"Accueil\",\"item\":\"https:\/\/exceladvisor.org\/de\/\"},{\"@type\":\"ListItem\",\"position\":2,\"name\":\"Wie verkette ich einen zellbereich in excel?\"}]},{\"@type\":\"WebSite\",\"@id\":\"https:\/\/exceladvisor.org\/de\/#website\",\"url\":\"https:\/\/exceladvisor.org\/de\/\",\"name\":\"Excel Advisor\",\"description\":\"Ihr Leitfaden zur Datendominanz\",\"publisher\":{\"@id\":\"https:\/\/exceladvisor.org\/de\/#organization\"},\"potentialAction\":[{\"@type\":\"SearchAction\",\"target\":{\"@type\":\"EntryPoint\",\"urlTemplate\":\"https:\/\/exceladvisor.org\/de\/?s={search_term_string}\"},\"query-input\":{\"@type\":\"PropertyValueSpecification\",\"valueRequired\":true,\"valueName\":\"search_term_string\"}}],\"inLanguage\":\"de\"},{\"@type\":\"Organization\",\"@id\":\"https:\/\/exceladvisor.org\/de\/#organization\",\"name\":\"Excel Advisor\",\"url\":\"https:\/\/exceladvisor.org\/de\/\",\"logo\":{\"@type\":\"ImageObject\",\"inLanguage\":\"de\",\"@id\":\"https:\/\/exceladvisor.org\/de\/#\/schema\/logo\/image\/\",\"url\":\"https:\/\/exceladvisor.org\/de\/wp-content\/uploads\/2023\/11\/exceladvisor.org_.png\",\"contentUrl\":\"https:\/\/exceladvisor.org\/de\/wp-content\/uploads\/2023\/11\/exceladvisor.org_.png\",\"width\":105,\"height\":36,\"caption\":\"Excel Advisor\"},\"image\":{\"@id\":\"https:\/\/exceladvisor.org\/de\/#\/schema\/logo\/image\/\"}}]}<\/script>\n<!-- \/ Yoast SEO plugin. -->","yoast_head_json":{"title":"Wie verkette ich einen Zellbereich in Excel?","description":"Hier sind die 5 Methoden zum Verketten eines Zellbereichs zu einer einzigen Zelle, die Sie in verschiedenen Situationen verwenden k\u00f6nnen.","robots":{"index":"index","follow":"follow","max-snippet":"max-snippet:-1","max-image-preview":"max-image-preview:large","max-video-preview":"max-video-preview:-1"},"canonical":"https:\/\/exceladvisor.org\/de\/eine-reihe-von-zellen-verketten\/","og_locale":"de_DE","og_type":"article","og_title":"Wie verkette ich einen Zellbereich in Excel?","og_description":"Hier sind die 5 Methoden zum Verketten eines Zellbereichs zu einer einzigen Zelle, die Sie in verschiedenen Situationen verwenden k\u00f6nnen.","og_url":"https:\/\/exceladvisor.org\/de\/eine-reihe-von-zellen-verketten\/","og_site_name":"Excel Advisor","article_modified_time":"2023-12-03T13:05:26+00:00","og_image":[{"url":"https:\/\/exceladvisor.org\/wp-content\/uploads\/2023\/08\/1.gif","type":"","width":"","height":""}],"twitter_card":"summary_large_image","twitter_misc":{"Gesch\u00e4tzte Lesezeit":"5\u00a0Minuten"},"schema":{"@context":"https:\/\/schema.org","@graph":[{"@type":"WebPage","@id":"https:\/\/exceladvisor.org\/de\/eine-reihe-von-zellen-verketten\/","url":"https:\/\/exceladvisor.org\/de\/eine-reihe-von-zellen-verketten\/","name":"Wie verkette ich einen Zellbereich in Excel?","isPartOf":{"@id":"https:\/\/exceladvisor.org\/de\/#website"},"primaryImageOfPage":{"@id":"https:\/\/exceladvisor.org\/de\/eine-reihe-von-zellen-verketten\/#primaryimage"},"image":{"@id":"https:\/\/exceladvisor.org\/de\/eine-reihe-von-zellen-verketten\/#primaryimage"},"thumbnailUrl":"https:\/\/exceladvisor.org\/wp-content\/uploads\/2023\/08\/1.gif","datePublished":"2023-10-23T16:38:56+00:00","dateModified":"2023-12-03T13:05:26+00:00","description":"Hier sind die 5 Methoden zum Verketten eines Zellbereichs zu einer einzigen Zelle, die Sie in verschiedenen Situationen verwenden k\u00f6nnen.","breadcrumb":{"@id":"https:\/\/exceladvisor.org\/de\/eine-reihe-von-zellen-verketten\/#breadcrumb"},"inLanguage":"de","potentialAction":[{"@type":"ReadAction","target":["https:\/\/exceladvisor.org\/de\/eine-reihe-von-zellen-verketten\/"]}]},{"@type":"ImageObject","inLanguage":"de","@id":"https:\/\/exceladvisor.org\/de\/eine-reihe-von-zellen-verketten\/#primaryimage","url":"https:\/\/exceladvisor.org\/wp-content\/uploads\/2023\/08\/1.gif","contentUrl":"https:\/\/exceladvisor.org\/wp-content\/uploads\/2023\/08\/1.gif"},{"@type":"BreadcrumbList","@id":"https:\/\/exceladvisor.org\/de\/eine-reihe-von-zellen-verketten\/#breadcrumb","itemListElement":[{"@type":"ListItem","position":1,"name":"Accueil","item":"https:\/\/exceladvisor.org\/de\/"},{"@type":"ListItem","position":2,"name":"Wie verkette ich einen zellbereich in excel?"}]},{"@type":"WebSite","@id":"https:\/\/exceladvisor.org\/de\/#website","url":"https:\/\/exceladvisor.org\/de\/","name":"Excel Advisor","description":"Ihr Leitfaden zur Datendominanz","publisher":{"@id":"https:\/\/exceladvisor.org\/de\/#organization"},"potentialAction":[{"@type":"SearchAction","target":{"@type":"EntryPoint","urlTemplate":"https:\/\/exceladvisor.org\/de\/?s={search_term_string}"},"query-input":{"@type":"PropertyValueSpecification","valueRequired":true,"valueName":"search_term_string"}}],"inLanguage":"de"},{"@type":"Organization","@id":"https:\/\/exceladvisor.org\/de\/#organization","name":"Excel Advisor","url":"https:\/\/exceladvisor.org\/de\/","logo":{"@type":"ImageObject","inLanguage":"de","@id":"https:\/\/exceladvisor.org\/de\/#\/schema\/logo\/image\/","url":"https:\/\/exceladvisor.org\/de\/wp-content\/uploads\/2023\/11\/exceladvisor.org_.png","contentUrl":"https:\/\/exceladvisor.org\/de\/wp-content\/uploads\/2023\/11\/exceladvisor.org_.png","width":105,"height":36,"caption":"Excel Advisor"},"image":{"@id":"https:\/\/exceladvisor.org\/de\/#\/schema\/logo\/image\/"}}]}},"yoast_meta":{"yoast_wpseo_title":"","yoast_wpseo_metadesc":"","yoast_wpseo_canonical":""},"_links":{"self":[{"href":"https:\/\/exceladvisor.org\/de\/wp-json\/wp\/v2\/pages\/3532","targetHints":{"allow":["GET"]}}],"collection":[{"href":"https:\/\/exceladvisor.org\/de\/wp-json\/wp\/v2\/pages"}],"about":[{"href":"https:\/\/exceladvisor.org\/de\/wp-json\/wp\/v2\/types\/page"}],"author":[{"embeddable":true,"href":"https:\/\/exceladvisor.org\/de\/wp-json\/wp\/v2\/users\/1"}],"replies":[{"embeddable":true,"href":"https:\/\/exceladvisor.org\/de\/wp-json\/wp\/v2\/comments?post=3532"}],"version-history":[{"count":1,"href":"https:\/\/exceladvisor.org\/de\/wp-json\/wp\/v2\/pages\/3532\/revisions"}],"predecessor-version":[{"id":4216,"href":"https:\/\/exceladvisor.org\/de\/wp-json\/wp\/v2\/pages\/3532\/revisions\/4216"}],"wp:attachment":[{"href":"https:\/\/exceladvisor.org\/de\/wp-json\/wp\/v2\/media?parent=3532"}],"curies":[{"name":"wp","href":"https:\/\/api.w.org\/{rel}","templated":true}]}}