{"id":3533,"date":"2023-10-23T06:08:32","date_gmt":"2023-10-23T06:08:32","guid":{"rendered":"https:\/\/exceladvisor.org\/de\/iferror-vlookup\/"},"modified":"2023-12-03T13:05:02","modified_gmt":"2023-12-03T13:05:02","slug":"iferror-vlookup","status":"publish","type":"page","link":"https:\/\/exceladvisor.org\/de\/iferror-vlookup\/","title":{"rendered":"Wie verwende ich iferror mit vlookup in excel?"},"content":{"rendered":"<div class=\"excel-vor-dem-inhalt\" id=\"excel-998368013\"><script type=\"text\/javascript\">\r\n\tatOptions = {\r\n\t\t'key' : 'c1158f160081d6540a8409e6925dab94',\r\n\t\t'format' : 'iframe',\r\n\t\t'height' : 250,\r\n\t\t'width' : 300,\r\n\t\t'params' : {}\r\n\t};\r\n<\/script>\r\n<script type=\"text\/javascript\" src=\"\/\/www.highperformanceformat.com\/c1158f160081d6540a8409e6925dab94\/invoke.js\"><\/script><\/div> <p>Wenn Sie SVERWEIS verwenden und der gesuchte Wert nicht in den Daten vorhanden ist, erhalten Sie die Fehlermeldung #N\/A. Einfach ausgedr\u00fcckt: Wenn VLOOKUP den Wert nicht finden kann, wird #N\/A zur\u00fcckgegeben.<\/p><p> Sie haben <b>beispielsweise<\/b> eine Liste mit Mitarbeiternamen und m\u00f6chten nach dem Namen \u201eJohn\u201c suchen. Aber leider ist dieser Name nicht auf der Liste. <\/p><div class=\"wp-block-image\"><figure class=\"aligncenter\"><img decoding=\"async\" src=\"https:\/\/exceladvisor.org\/wp-content\/uploads\/2023\/08\/iferror-avec-vlookup-pour-eviter-une-erreur-1.png\" sizes=\"\" srcset=\"\" alt=\"\"><\/figure><\/div><p> In dieser Situation gibt VLOOKUP nun #N\/A zur\u00fcck. Sie kennen den Grund f\u00fcr diesen Fehler, aber vielleicht wei\u00df es nicht jeder. Daher ist es am besten, #N\/A durch einen Zollwert zu ersetzen, damit jeder verstehen kann, warum dieser Fehler vorliegt.<\/p><p> Und um den #N\/A-Fehler zu ersetzen, verwenden Sie am besten IFERROR mit VLOOKUP. IFERROR ist eine Funktion, die Ihnen bei der Auswertung eines Werts helfen kann. Wenn dieser Wert ein Fehler ist, wird anstelle dieses Fehlers ein benutzerdefinierter Wert zur\u00fcckgegeben.<\/p><p> Heute erfahren Sie in diesem Artikel, wie Sie VLOOKUP ohne #N\/A-Fehler verwenden, indem Sie es mit IFERROR kombinieren. Bevor Sie diese beiden Funktionen kombinieren, m\u00fcssen Sie jedoch verstehen, wie IFERROR funktioniert.<\/p><h2 class=\"wp-block-heading\"> Wie IFERROR funktioniert<\/h2><p> In der IFERROR-Funktion m\u00fcssen Sie zwei Dinge angeben. Erstens der Wert, den Sie auswerten m\u00f6chten, und <b>zweitens<\/b> ein benutzerdefinierter Wert, den Sie jedes Mal haben m\u00f6chten, wenn ein Fehler auftritt. Hier ist die Syntax f\u00fcr IFERROR:<\/p><p class=\"formula\"> IFERROR(value, value_if_error)<\/p><ul><li> Wert: ein auszuwertender Wert.<\/li><li> value_if_error: Wert, den Sie zur\u00fcckerhalten m\u00f6chten, wenn ein Fehler auftritt. <\/li><\/ul><div class=\"wp-block-image\"><figure class=\"aligncenter\"><img decoding=\"async\" src=\"https:\/\/exceladvisor.org\/wp-content\/uploads\/2023\/08\/comment-utiliser-iferror-avec-vlookup-1.png\" sizes=\"\" srcset=\"\" alt=\"\"><\/figure><\/div><ol><li> <b><strong>Zuerst<\/strong><\/b> wertet IFERROR den Wert aus.<\/li><li> Wenn der Wert <b>danach<\/b> ein Fehler ist, wird der von Ihnen f\u00fcr den Fehler angegebene Wert zur\u00fcckgegeben, andernfalls der Wert selbst.<\/li><\/ol><h2 class=\"wp-block-heading\"> Kombinieren Sie IFERROR mit VLOOKUP<\/h2><p> Jetzt ist es an der Zeit, VLOOKUP und IFERROR zu kombinieren. Dazu m\u00fcssen Sie in IFERROR lediglich den Wert durch VLOOKUP ersetzen.<\/p><p> Und geben Sie f\u00fcr das <b>Argument value_if_error<\/b> einen Wert an, den Sie zur\u00fcckgeben m\u00f6chten, wenn VLOOKUP #N\/A zur\u00fcckgibt.<\/p><p> Hier im Beispiel unten haben Sie \u201eNot Found\u201c f\u00fcr das Argument value_if_error verwendet. In allen Zellen, in denen ein Fehler aufgetreten ist, wurde \u201eNicht gefunden\u201c zur\u00fcckgegeben. <\/p><div class=\"wp-block-image\"><figure class=\"aligncenter\"><img decoding=\"async\" src=\"https:\/\/exceladvisor.org\/wp-content\/uploads\/2023\/08\/combiner-iferror-avec-vlookup-1.png\" sizes=\"\" srcset=\"\" alt=\"\"><\/figure><\/div><h2 class=\"wp-block-heading\"> Wie die beiden Funktionen funktionieren<\/h2><p> In dieser Kombination arbeiten die beiden Funktionen nacheinander. Zun\u00e4chst einmal funktioniert VLOOKUP immer auf die gleiche Weise. Es sucht nach einem Wert und gibt den Ergebniswert zur\u00fcck, wenn er gefunden wird, andernfalls wird ein Fehler ausgegeben. <\/p><div class=\"wp-block-image\"><figure class=\"aligncenter\"><img decoding=\"async\" src=\"https:\/\/exceladvisor.org\/wp-content\/uploads\/2023\/08\/comment-iferror-avec-vlookup-fonctionne-1.png\" sizes=\"\" srcset=\"\" alt=\"\"><\/figure><\/div><p> <b>Zweitens<\/b> wertet IFERROR das Ergebnis von VLOOKUP aus. Und wenn es sich bei diesem Ergebnis um einen Fehler handelt, wird dieser Fehler durch den von Ihnen angegebenen benutzerdefinierten Wert ersetzt. Andernfalls wird nichts unternommen und Sie erhalten das gleiche Ergebnis, das VLOOKUP zur\u00fcckgegeben hat. <\/p><div class=\"wp-block-image\"><figure class=\"aligncenter\"><img decoding=\"async\" src=\"https:\/\/exceladvisor.org\/wp-content\/uploads\/2023\/08\/comment-iferror-avec-vlookup-fonctionne-2-1.png\" sizes=\"\" srcset=\"\" alt=\"\"><\/figure><\/div><h2 class=\"wp-block-heading\"> Wegbringen<\/h2><p> Sie m\u00fcssen eines verstehen: IFERROR \u00fcberschreibt den Wert f\u00fcr alle Arten von Fehlern. Sie erhalten also f\u00fcr alle Fehler denselben benutzerdefinierten Wert.<\/p><p> Und wenn die M\u00f6glichkeit besteht, dass Sie einen anderen Fehler als #N\/A erhalten, k\u00f6nnen Sie IFERROR durch IFNA ersetzen, das nur #N\/A ergibt.<\/p><h2 class=\"wp-block-heading\"> Problem mit alter Version<\/h2><p> In der alten Excel-Version ist IFERROR nicht vorhanden. Sie k\u00f6nnen #N\/A jedoch jederzeit durch einen Zollwert ersetzen. Dazu m\u00fcssen Sie IF und ISNA mit VLOOKUP kombinieren. Und die Formel wird sein:<\/p><pre class=\"wp-block-code\"> <code class=\"language-excel-formula\" lang=\"excel-formula\">=IF(ISNA(VLOOKUP(A1,table,2,FALSE)),\"Not Found\",VLOOKUP(A1,table,2,FALSE))<\/code><\/pre><p> In dieser Formel werten Sie VLOOKUP mit ISNA aus (was nur #N\/A ergibt und TRUE zur\u00fcckgibt). Wenn VLOOKUP also einen Fehler zur\u00fcckgibt, wandelt IFNA ihn in TRUE um.<\/p><p> Und danach gibt IF den Wert zur\u00fcck, den Sie f\u00fcr TRUE angegeben haben. Andernfalls ist der Wert von FALSE dieselbe SVERWEIS-Formel. <\/p><div class=\"gb-container gb-container-52dfcee1 gb-container-sample-file\"><h2 class=\"gb-headline gb-headline-e289c143 gb-headline-text gb-headline-4f7959c2\"> Holen Sie sich die Excel-Datei<\/h2> <a class=\"gb-button gb-button-e88d6bee gb-button-text gb-button-button1\" href=\"https:\/\/exceladvisor.org\/de\/a\/\" rel=\"nofollow\">Herunterladen<\/a><\/div><h2 class=\"wp-block-heading\"> Abschluss<\/h2><p> Ich bin der festen \u00dcberzeugung, dass Sie IFERROR immer mit VLOOKUP verwenden sollten, um #N\/A zu ersetzen. Der Hauptgrund ist, dass es nicht m\u00f6glich ist, fehlerhafte Werte zu verwenden, wenn Ihre Daten numerische Werte enthalten.<\/p><p> Wenn <a href=\"https:\/\/exceladvisor.org\/de\/pivot-tabelle-1\/\" data-wpil=\"url\">Sie beispielsweise eine Pivot-Tabelle haben<\/a> und in den Quelldaten ein #N\/A-Fehler vorliegt, wird derselbe Fehler in der Pivot-Tabelle widergespiegelt. Am besten ersetzen Sie diesen Fehler durch eine \u201e0\u201c.<\/p><p> Ich hoffe, Sie fanden diesen Formeltipp hilfreich. Und es w\u00e4re toll, wenn Sie diesen Tipp mit Ihren Freunden teilen w\u00fcrden.<\/p><div class=\"gb-container gb-container-0df56012 gb-container-mt\"> <a class=\"gb-button gb-button-f9f432f4 gb-button-text gb-button-mt-button\" href=\"https:\/\/exceladvisor.org\/de\/formeln\/\">Liste der Excel-Formeln<\/a><h2 class=\"gb-headline gb-headline-233444e8 gb-headline-text gb-headline-mt-heading\"> Verwandte Formeln <\/h2><div class=\"gb-grid-wrapper gb-grid-wrapper-a16fa65c gb-grid-wrapper-mt-grid\"><div class=\"gb-grid-column gb-grid-column-50d07e0d\"><div class=\"gb-container gb-container-50d07e0d\"><ul><li> <a href=\"https:\/\/exceladvisor.org\/de\/bidirektionale-suche\/\">F\u00fchren Sie eine bidirektionale Suche in Excel durch<\/a><\/li><li> <a href=\"https:\/\/exceladvisor.org\/de\/ruckwartssuche\/\">Reverse SVERWEIS (r\u00fcckw\u00e4rts: von rechts nach links) in Excel<\/a><\/li><li> <a href=\"https:\/\/exceladvisor.org\/de\/vsearch-ubereinstimmung\/\">Kombinieren von VLOOKUP MATCH in Excel<\/a><\/li><li> <a href=\"https:\/\/exceladvisor.org\/de\/suchen-sie-nach-mehreren-kriterien\/\">SVERWEIS mit mehreren Kriterien in Excel<\/a><\/li><li> <a href=\"https:\/\/exceladvisor.org\/de\/platzhalter-mit-vlookup\/\">Platzhalter mit VLOOKUP in Excel<\/a> <\/li><\/ul><\/div><\/div><div class=\"gb-grid-column gb-grid-column-5b4a0cf9\"><div class=\"gb-container gb-container-5b4a0cf9\"><\/div><\/div><\/div><\/div>","protected":false},"excerpt":{"rendered":"","protected":false},"author":1,"featured_media":0,"parent":0,"menu_order":0,"comment_status":"open","ping_status":"closed","template":"","meta":{"ub_ctt_via":"","footnotes":""},"class_list":["post-3533","page","type-page","status-publish","hentry"],"featured_image_src":null,"yoast_head":"<!-- This site is optimized with the Yoast SEO plugin v25.4 - https:\/\/yoast.com\/wordpress\/plugins\/seo\/ -->\n<title>Wie verwende ich IFERROR mit VLOOKUP, um #N\/A zu ersetzen?<\/title>\n<meta name=\"description\" content=\"Wenn Sie SVERWEIS verwenden und der gesuchte Wert nicht in den Daten vorhanden ist, erhalten Sie ein #N\/A.\" \/>\n<meta name=\"robots\" content=\"index, follow, max-snippet:-1, max-image-preview:large, max-video-preview:-1\" \/>\n<link rel=\"canonical\" href=\"https:\/\/exceladvisor.org\/de\/iferror-vlookup\/\" \/>\n<meta property=\"og:locale\" content=\"de_DE\" \/>\n<meta property=\"og:type\" content=\"article\" \/>\n<meta property=\"og:title\" content=\"Wie verwende ich IFERROR mit VLOOKUP, um #N\/A zu ersetzen?\" \/>\n<meta property=\"og:description\" content=\"Wenn Sie SVERWEIS verwenden und der gesuchte Wert nicht in den Daten vorhanden ist, erhalten Sie ein #N\/A.\" \/>\n<meta property=\"og:url\" content=\"https:\/\/exceladvisor.org\/de\/iferror-vlookup\/\" \/>\n<meta property=\"og:site_name\" content=\"Excel Advisor\" \/>\n<meta property=\"article:modified_time\" content=\"2023-12-03T13:05:02+00:00\" \/>\n<meta property=\"og:image\" content=\"https:\/\/exceladvisor.org\/wp-content\/uploads\/2023\/08\/iferror-avec-vlookup-pour-eviter-une-erreur-1.png\" \/>\n<meta name=\"twitter:card\" content=\"summary_large_image\" \/>\n<meta name=\"twitter:label1\" content=\"Gesch\u00e4tzte Lesezeit\" \/>\n\t<meta name=\"twitter:data1\" content=\"4\u00a0Minuten\" \/>\n<script type=\"application\/ld+json\" class=\"yoast-schema-graph\">{\"@context\":\"https:\/\/schema.org\",\"@graph\":[{\"@type\":\"WebPage\",\"@id\":\"https:\/\/exceladvisor.org\/de\/iferror-vlookup\/\",\"url\":\"https:\/\/exceladvisor.org\/de\/iferror-vlookup\/\",\"name\":\"Wie verwende ich IFERROR mit VLOOKUP, um #N\/A zu ersetzen?\",\"isPartOf\":{\"@id\":\"https:\/\/exceladvisor.org\/de\/#website\"},\"primaryImageOfPage\":{\"@id\":\"https:\/\/exceladvisor.org\/de\/iferror-vlookup\/#primaryimage\"},\"image\":{\"@id\":\"https:\/\/exceladvisor.org\/de\/iferror-vlookup\/#primaryimage\"},\"thumbnailUrl\":\"https:\/\/exceladvisor.org\/wp-content\/uploads\/2023\/08\/iferror-avec-vlookup-pour-eviter-une-erreur-1.png\",\"datePublished\":\"2023-10-23T06:08:32+00:00\",\"dateModified\":\"2023-12-03T13:05:02+00:00\",\"description\":\"Wenn Sie SVERWEIS verwenden und der gesuchte Wert nicht in den Daten vorhanden ist, erhalten Sie ein #N\/A.\",\"breadcrumb\":{\"@id\":\"https:\/\/exceladvisor.org\/de\/iferror-vlookup\/#breadcrumb\"},\"inLanguage\":\"de\",\"potentialAction\":[{\"@type\":\"ReadAction\",\"target\":[\"https:\/\/exceladvisor.org\/de\/iferror-vlookup\/\"]}]},{\"@type\":\"ImageObject\",\"inLanguage\":\"de\",\"@id\":\"https:\/\/exceladvisor.org\/de\/iferror-vlookup\/#primaryimage\",\"url\":\"https:\/\/exceladvisor.org\/wp-content\/uploads\/2023\/08\/iferror-avec-vlookup-pour-eviter-une-erreur-1.png\",\"contentUrl\":\"https:\/\/exceladvisor.org\/wp-content\/uploads\/2023\/08\/iferror-avec-vlookup-pour-eviter-une-erreur-1.png\"},{\"@type\":\"BreadcrumbList\",\"@id\":\"https:\/\/exceladvisor.org\/de\/iferror-vlookup\/#breadcrumb\",\"itemListElement\":[{\"@type\":\"ListItem\",\"position\":1,\"name\":\"Accueil\",\"item\":\"https:\/\/exceladvisor.org\/de\/\"},{\"@type\":\"ListItem\",\"position\":2,\"name\":\"Wie verwende ich iferror mit vlookup in excel?\"}]},{\"@type\":\"WebSite\",\"@id\":\"https:\/\/exceladvisor.org\/de\/#website\",\"url\":\"https:\/\/exceladvisor.org\/de\/\",\"name\":\"Excel Advisor\",\"description\":\"Ihr Leitfaden zur Datendominanz\",\"publisher\":{\"@id\":\"https:\/\/exceladvisor.org\/de\/#organization\"},\"potentialAction\":[{\"@type\":\"SearchAction\",\"target\":{\"@type\":\"EntryPoint\",\"urlTemplate\":\"https:\/\/exceladvisor.org\/de\/?s={search_term_string}\"},\"query-input\":{\"@type\":\"PropertyValueSpecification\",\"valueRequired\":true,\"valueName\":\"search_term_string\"}}],\"inLanguage\":\"de\"},{\"@type\":\"Organization\",\"@id\":\"https:\/\/exceladvisor.org\/de\/#organization\",\"name\":\"Excel Advisor\",\"url\":\"https:\/\/exceladvisor.org\/de\/\",\"logo\":{\"@type\":\"ImageObject\",\"inLanguage\":\"de\",\"@id\":\"https:\/\/exceladvisor.org\/de\/#\/schema\/logo\/image\/\",\"url\":\"https:\/\/exceladvisor.org\/de\/wp-content\/uploads\/2023\/11\/exceladvisor.org_.png\",\"contentUrl\":\"https:\/\/exceladvisor.org\/de\/wp-content\/uploads\/2023\/11\/exceladvisor.org_.png\",\"width\":105,\"height\":36,\"caption\":\"Excel Advisor\"},\"image\":{\"@id\":\"https:\/\/exceladvisor.org\/de\/#\/schema\/logo\/image\/\"}}]}<\/script>\n<!-- \/ Yoast SEO plugin. -->","yoast_head_json":{"title":"Wie verwende ich IFERROR mit VLOOKUP, um #N\/A zu ersetzen?","description":"Wenn Sie SVERWEIS verwenden und der gesuchte Wert nicht in den Daten vorhanden ist, erhalten Sie ein #N\/A.","robots":{"index":"index","follow":"follow","max-snippet":"max-snippet:-1","max-image-preview":"max-image-preview:large","max-video-preview":"max-video-preview:-1"},"canonical":"https:\/\/exceladvisor.org\/de\/iferror-vlookup\/","og_locale":"de_DE","og_type":"article","og_title":"Wie verwende ich IFERROR mit VLOOKUP, um #N\/A zu ersetzen?","og_description":"Wenn Sie SVERWEIS verwenden und der gesuchte Wert nicht in den Daten vorhanden ist, erhalten Sie ein #N\/A.","og_url":"https:\/\/exceladvisor.org\/de\/iferror-vlookup\/","og_site_name":"Excel Advisor","article_modified_time":"2023-12-03T13:05:02+00:00","og_image":[{"url":"https:\/\/exceladvisor.org\/wp-content\/uploads\/2023\/08\/iferror-avec-vlookup-pour-eviter-une-erreur-1.png","type":"","width":"","height":""}],"twitter_card":"summary_large_image","twitter_misc":{"Gesch\u00e4tzte Lesezeit":"4\u00a0Minuten"},"schema":{"@context":"https:\/\/schema.org","@graph":[{"@type":"WebPage","@id":"https:\/\/exceladvisor.org\/de\/iferror-vlookup\/","url":"https:\/\/exceladvisor.org\/de\/iferror-vlookup\/","name":"Wie verwende ich IFERROR mit VLOOKUP, um #N\/A zu ersetzen?","isPartOf":{"@id":"https:\/\/exceladvisor.org\/de\/#website"},"primaryImageOfPage":{"@id":"https:\/\/exceladvisor.org\/de\/iferror-vlookup\/#primaryimage"},"image":{"@id":"https:\/\/exceladvisor.org\/de\/iferror-vlookup\/#primaryimage"},"thumbnailUrl":"https:\/\/exceladvisor.org\/wp-content\/uploads\/2023\/08\/iferror-avec-vlookup-pour-eviter-une-erreur-1.png","datePublished":"2023-10-23T06:08:32+00:00","dateModified":"2023-12-03T13:05:02+00:00","description":"Wenn Sie SVERWEIS verwenden und der gesuchte Wert nicht in den Daten vorhanden ist, erhalten Sie ein #N\/A.","breadcrumb":{"@id":"https:\/\/exceladvisor.org\/de\/iferror-vlookup\/#breadcrumb"},"inLanguage":"de","potentialAction":[{"@type":"ReadAction","target":["https:\/\/exceladvisor.org\/de\/iferror-vlookup\/"]}]},{"@type":"ImageObject","inLanguage":"de","@id":"https:\/\/exceladvisor.org\/de\/iferror-vlookup\/#primaryimage","url":"https:\/\/exceladvisor.org\/wp-content\/uploads\/2023\/08\/iferror-avec-vlookup-pour-eviter-une-erreur-1.png","contentUrl":"https:\/\/exceladvisor.org\/wp-content\/uploads\/2023\/08\/iferror-avec-vlookup-pour-eviter-une-erreur-1.png"},{"@type":"BreadcrumbList","@id":"https:\/\/exceladvisor.org\/de\/iferror-vlookup\/#breadcrumb","itemListElement":[{"@type":"ListItem","position":1,"name":"Accueil","item":"https:\/\/exceladvisor.org\/de\/"},{"@type":"ListItem","position":2,"name":"Wie verwende ich iferror mit vlookup in excel?"}]},{"@type":"WebSite","@id":"https:\/\/exceladvisor.org\/de\/#website","url":"https:\/\/exceladvisor.org\/de\/","name":"Excel Advisor","description":"Ihr Leitfaden zur Datendominanz","publisher":{"@id":"https:\/\/exceladvisor.org\/de\/#organization"},"potentialAction":[{"@type":"SearchAction","target":{"@type":"EntryPoint","urlTemplate":"https:\/\/exceladvisor.org\/de\/?s={search_term_string}"},"query-input":{"@type":"PropertyValueSpecification","valueRequired":true,"valueName":"search_term_string"}}],"inLanguage":"de"},{"@type":"Organization","@id":"https:\/\/exceladvisor.org\/de\/#organization","name":"Excel Advisor","url":"https:\/\/exceladvisor.org\/de\/","logo":{"@type":"ImageObject","inLanguage":"de","@id":"https:\/\/exceladvisor.org\/de\/#\/schema\/logo\/image\/","url":"https:\/\/exceladvisor.org\/de\/wp-content\/uploads\/2023\/11\/exceladvisor.org_.png","contentUrl":"https:\/\/exceladvisor.org\/de\/wp-content\/uploads\/2023\/11\/exceladvisor.org_.png","width":105,"height":36,"caption":"Excel Advisor"},"image":{"@id":"https:\/\/exceladvisor.org\/de\/#\/schema\/logo\/image\/"}}]}},"yoast_meta":{"yoast_wpseo_title":"","yoast_wpseo_metadesc":"","yoast_wpseo_canonical":""},"_links":{"self":[{"href":"https:\/\/exceladvisor.org\/de\/wp-json\/wp\/v2\/pages\/3533","targetHints":{"allow":["GET"]}}],"collection":[{"href":"https:\/\/exceladvisor.org\/de\/wp-json\/wp\/v2\/pages"}],"about":[{"href":"https:\/\/exceladvisor.org\/de\/wp-json\/wp\/v2\/types\/page"}],"author":[{"embeddable":true,"href":"https:\/\/exceladvisor.org\/de\/wp-json\/wp\/v2\/users\/1"}],"replies":[{"embeddable":true,"href":"https:\/\/exceladvisor.org\/de\/wp-json\/wp\/v2\/comments?post=3533"}],"version-history":[{"count":1,"href":"https:\/\/exceladvisor.org\/de\/wp-json\/wp\/v2\/pages\/3533\/revisions"}],"predecessor-version":[{"id":4370,"href":"https:\/\/exceladvisor.org\/de\/wp-json\/wp\/v2\/pages\/3533\/revisions\/4370"}],"wp:attachment":[{"href":"https:\/\/exceladvisor.org\/de\/wp-json\/wp\/v2\/media?parent=3533"}],"curies":[{"name":"wp","href":"https:\/\/api.w.org\/{rel}","templated":true}]}}