{"id":3534,"date":"2023-10-23T06:04:06","date_gmt":"2023-10-23T06:04:06","guid":{"rendered":"https:\/\/exceladvisor.org\/de\/mehrere-werte-ersetzen\/"},"modified":"2023-12-03T11:19:26","modified_gmt":"2023-12-03T11:19:26","slug":"mehrere-werte-ersetzen","status":"publish","type":"page","link":"https:\/\/exceladvisor.org\/de\/mehrere-werte-ersetzen\/","title":{"rendered":"Wie ersetze ich mehrere (verschachtelte) werte in excel?"},"content":{"rendered":"<div class=\"excel-vor-dem-inhalt\" id=\"excel-3457174312\"><script type=\"text\/javascript\">\r\n\tatOptions = {\r\n\t\t'key' : 'c1158f160081d6540a8409e6925dab94',\r\n\t\t'format' : 'iframe',\r\n\t\t'height' : 250,\r\n\t\t'width' : 300,\r\n\t\t'params' : {}\r\n\t};\r\n<\/script>\r\n<script type=\"text\/javascript\" src=\"\/\/www.highperformanceformat.com\/c1158f160081d6540a8409e6925dab94\/invoke.js\"><\/script><\/div> <p>Wenn Sie in Excel mehrere Werte aus einer einzelnen Zelle ersetzen m\u00f6chten, m\u00fcssen Sie in diesem Fall eine verschachtelte Formel mit der SUBSTITUTE-Funktion erstellen. Und in diesem Tutorial lernen wir, wie man diese Formel schreibt.<\/p><h2 class=\"wp-block-heading\"> Schreiben Sie eine verschachtelte Substitutionsformel, um mehrere Werte zu ersetzen<\/h2><p> Unten finden Sie die Formel, in der wir f\u00fcnfmal die SUBSTITUTE-Funktionen verwendet haben, um f\u00fcnf Werte in Zelle A1 zu ersetzen. <\/p><div class=\"wp-block-image\"><figure class=\"aligncenter size-full is-resized\"><img loading=\"lazy\" decoding=\"async\" class=\"wp-image-83064\" src=\"https:\/\/exceladvisor.org\/wp-content\/uploads\/2023\/08\/1-remplacer-plusieurs-valeurs.png\" sizes=\"auto, \" srcset=\"\" alt=\"mehrere Werte ersetzen\" width=\"707\" height=\"233\"><\/figure><\/div><pre class=\"wp-block-preformatted\"> =SUBSTITUTE(SUBSTITUTE(SUBSTITUTE(SUBSTITUTE(SUBSTITUTE(A1,\"One\",\"1\"),\"Two\",\"2\"),\"Three\",\"3\"),\"Four\",\"4\"),\" Five\",\"5\")<\/pre><p> Bei dieser Formel handelt es sich um eine verschachtelte Formel, bei der die REPLACE-Funktion f\u00fcnfmal verwendet wird, um f\u00fcnf Werte in der Zelle zu ersetzen. Und um Ihnen das Verst\u00e4ndnis dieser Formel zu erleichtern, habe ich sie wie folgt strukturiert: <\/p><div class=\"wp-block-image\"><figure class=\"aligncenter size-full is-resized\"><img loading=\"lazy\" decoding=\"async\" class=\"wp-image-83065\" src=\"https:\/\/exceladvisor.org\/wp-content\/uploads\/2023\/08\/2-formules-imbriquees-avec-fonction-de-substitution.png\" sizes=\"auto, \" srcset=\"\" alt=\"verschachtelte-formel-mit-substitutionsfunktion\" width=\"691\" height=\"211\"><\/figure><\/div><p> Diese Formel ersetzt:<\/p><ul><li> Eins \u21e2 1<\/li><li> Zwei \u21e2 2<\/li><li> Drei \u21e2 3<\/li><li> Ofen \u21e2 4<\/li><li> F\u00fcnf \u21e2 5<\/li><\/ul><p> Da es sich um eine verschachtelte Formel handelt, verwendet die zweite Funktion den von der ersten zur\u00fcckgegebenen Wert, die dritte Funktion die von der zweiten zur\u00fcckgegebenen Werte und so weiter. <\/p><div class=\"wp-block-image\"><figure class=\"aligncenter size-full is-resized\"><img loading=\"lazy\" decoding=\"async\" class=\"wp-image-83066\" src=\"https:\/\/exceladvisor.org\/wp-content\/uploads\/2023\/08\/3-deuxieme-fonction-utilise-la-valeur-renvoyee-par-first1.png\" sizes=\"auto, \" srcset=\"\" alt=\"Die zweite Funktion verwendet den von der ersten zur\u00fcckgegebenen Wert\" width=\"700\" height=\"213\"><\/figure><\/div><h2 class=\"wp-block-heading\"> Verschachtelter Ersatz mit Zellbezug<\/h2><p> In der obigen Formel haben wir die Werte einzeln direkt in die Formel eingegeben. Sie k\u00f6nnen aber auch f\u00fcr alle Werte einen Zellbezug erstellen. <\/p><div class=\"wp-block-image\"><figure class=\"aligncenter size-full is-resized\"><img loading=\"lazy\" decoding=\"async\" class=\"wp-image-83067\" src=\"https:\/\/exceladvisor.org\/wp-content\/uploads\/2023\/08\/4-substituts-imbriques-avec-reference-de-cellule.png\" sizes=\"auto, \" srcset=\"\" alt=\"verschachtelter Ersatz mit Zellreferenz\" width=\"648\" height=\"338\"><\/figure><\/div><pre class=\"wp-block-preformatted\"> =SUBSTITUTE(SUBSTITUTE(SUBSTITUTE(SUBSTITUTE(SUBSTITUTE(A1,INDEX(D1:D5,1),INDEX(E1:E5,1)),INDEX(D1:D5,2),INDEX(E1:E5,2)) ,INDEX(D1:D5,3),INDEX(E1:E5,3)),INDEX(D1:D5,4),INDEX(E1:E5,4)),INDEX(D1:D5,5),INDEX( E1:E5,5)) <\/pre><div class=\"wp-block-image\"><figure class=\"aligncenter size-full is-resized\"><img loading=\"lazy\" decoding=\"async\" class=\"wp-image-83069\" src=\"https:\/\/exceladvisor.org\/wp-content\/uploads\/2023\/08\/5-deux-fonctions-dindex-imbriquees-dans-la-formule.png\" sizes=\"auto, \" srcset=\"\" alt=\"Zwei-Index-verschachtelte-Funktionen-in-der-Formel\" width=\"678\" height=\"219\"><\/figure><\/div><p> In jeder Funktion in der Formel gibt es zwei INDEX-Funktionen. Die erste INDEX-Funktion gibt den Wert zur\u00fcck, den Sie im Bereich E1:E5 ersetzen m\u00f6chten, und die zweite INDEX-Funktion ruft den neuen zu ersetzenden Wert im Bereich F1:F5 ab. <\/p><div class=\"gb-container gb-container-52dfcee1 gb-container-sample-file\"><h2 class=\"gb-headline gb-headline-e289c143 gb-headline-text gb-headline-4f7959c2\"> Holen Sie sich die Excel-Datei<\/h2> <a class=\"gb-button gb-button-e88d6bee gb-button-text gb-button-button1\" href=\"https:\/\/exceladvisor.org\/de\/a\/\" rel=\"nofollow\">Herunterladen<\/a><\/div><div class=\"gb-container gb-container-0df56012 gb-container-mt\"> <a class=\"gb-button gb-button-f9f432f4 gb-button-text gb-button-mt-button\" href=\"https:\/\/exceladvisor.org\/de\/formeln\/\">Liste der Excel-Formeln<\/a><h2 class=\"gb-headline gb-headline-233444e8 gb-headline-text gb-headline-mt-heading\"> Verwandte Formeln <\/h2><div class=\"gb-grid-wrapper gb-grid-wrapper-a16fa65c gb-grid-wrapper-mt-grid\"><div class=\"gb-grid-column gb-grid-column-50d07e0d\"><div class=\"gb-container gb-container-50d07e0d\"><ul><li> <a href=\"https:\/\/exceladvisor.org\/de\/neue-zeile-in-der-zelle\/\">Eine neue Zeile zu einer Zelle in Excel hinzuf\u00fcgen (Zeilenumbruch)<\/a><\/li><li> <a href=\"https:\/\/exceladvisor.org\/de\/fuhrende-nullen\/\">F\u00fcgen Sie f\u00fchrende Nullen in Excel hinzu<\/a><\/li><li> <a href=\"https:\/\/exceladvisor.org\/de\/verketten-sie-zellen-mit-einem-komma\/\">Verketten (kombinieren) Sie Zellen in Excel mit einem Komma<\/a><\/li><li> <a href=\"https:\/\/exceladvisor.org\/de\/eine-reihe-von-zellen-verketten\/\">Verketten (kombinieren) Sie einen Bereich von Zellen in Excel<\/a><\/li><li> <a href=\"https:\/\/exceladvisor.org\/de\/einen-zeilenumbruch-verketten\/\">Mit Zeilenumbruch in Excel verketten<\/a><\/li><\/ul><\/div><\/div><\/div><\/div>","protected":false},"excerpt":{"rendered":"","protected":false},"author":1,"featured_media":0,"parent":0,"menu_order":0,"comment_status":"open","ping_status":"closed","template":"","meta":{"ub_ctt_via":"","footnotes":""},"class_list":["post-3534","page","type-page","status-publish","hentry"],"featured_image_src":null,"yoast_head":"<!-- This site is optimized with the Yoast SEO plugin v25.4 - https:\/\/yoast.com\/wordpress\/plugins\/seo\/ -->\n<title>Wie ersetze ich mehrere (verschachtelte) Werte in Excel?<\/title>\n<meta name=\"description\" content=\"In diesem Tutorial erfahren Sie, wie Sie eine Excel-Formel schreiben, um mehrere Werte aus einer Zeichenfolge zu ersetzen. Lassen Sie uns das \u00fcberpr\u00fcfen ...\" \/>\n<meta name=\"robots\" content=\"index, follow, max-snippet:-1, max-image-preview:large, max-video-preview:-1\" \/>\n<link rel=\"canonical\" href=\"https:\/\/exceladvisor.org\/de\/mehrere-werte-ersetzen\/\" \/>\n<meta property=\"og:locale\" content=\"de_DE\" \/>\n<meta property=\"og:type\" content=\"article\" \/>\n<meta property=\"og:title\" content=\"Wie ersetze ich mehrere (verschachtelte) Werte in Excel?\" \/>\n<meta property=\"og:description\" content=\"In diesem Tutorial erfahren Sie, wie Sie eine Excel-Formel schreiben, um mehrere Werte aus einer Zeichenfolge zu ersetzen. Lassen Sie uns das \u00fcberpr\u00fcfen ...\" \/>\n<meta property=\"og:url\" content=\"https:\/\/exceladvisor.org\/de\/mehrere-werte-ersetzen\/\" \/>\n<meta property=\"og:site_name\" content=\"Excel Advisor\" \/>\n<meta property=\"article:modified_time\" content=\"2023-12-03T11:19:26+00:00\" \/>\n<meta property=\"og:image\" content=\"https:\/\/exceladvisor.org\/wp-content\/uploads\/2023\/08\/1-remplacer-plusieurs-valeurs.png\" \/>\n<meta name=\"twitter:card\" content=\"summary_large_image\" \/>\n<meta name=\"twitter:label1\" content=\"Gesch\u00e4tzte Lesezeit\" \/>\n\t<meta name=\"twitter:data1\" content=\"2\u00a0Minuten\" \/>\n<script type=\"application\/ld+json\" class=\"yoast-schema-graph\">{\"@context\":\"https:\/\/schema.org\",\"@graph\":[{\"@type\":\"WebPage\",\"@id\":\"https:\/\/exceladvisor.org\/de\/mehrere-werte-ersetzen\/\",\"url\":\"https:\/\/exceladvisor.org\/de\/mehrere-werte-ersetzen\/\",\"name\":\"Wie ersetze ich mehrere (verschachtelte) Werte in Excel?\",\"isPartOf\":{\"@id\":\"https:\/\/exceladvisor.org\/de\/#website\"},\"primaryImageOfPage\":{\"@id\":\"https:\/\/exceladvisor.org\/de\/mehrere-werte-ersetzen\/#primaryimage\"},\"image\":{\"@id\":\"https:\/\/exceladvisor.org\/de\/mehrere-werte-ersetzen\/#primaryimage\"},\"thumbnailUrl\":\"https:\/\/exceladvisor.org\/wp-content\/uploads\/2023\/08\/1-remplacer-plusieurs-valeurs.png\",\"datePublished\":\"2023-10-23T06:04:06+00:00\",\"dateModified\":\"2023-12-03T11:19:26+00:00\",\"description\":\"In diesem Tutorial erfahren Sie, wie Sie eine Excel-Formel schreiben, um mehrere Werte aus einer Zeichenfolge zu ersetzen. Lassen Sie uns das \u00fcberpr\u00fcfen ...\",\"breadcrumb\":{\"@id\":\"https:\/\/exceladvisor.org\/de\/mehrere-werte-ersetzen\/#breadcrumb\"},\"inLanguage\":\"de\",\"potentialAction\":[{\"@type\":\"ReadAction\",\"target\":[\"https:\/\/exceladvisor.org\/de\/mehrere-werte-ersetzen\/\"]}]},{\"@type\":\"ImageObject\",\"inLanguage\":\"de\",\"@id\":\"https:\/\/exceladvisor.org\/de\/mehrere-werte-ersetzen\/#primaryimage\",\"url\":\"https:\/\/exceladvisor.org\/wp-content\/uploads\/2023\/08\/1-remplacer-plusieurs-valeurs.png\",\"contentUrl\":\"https:\/\/exceladvisor.org\/wp-content\/uploads\/2023\/08\/1-remplacer-plusieurs-valeurs.png\"},{\"@type\":\"BreadcrumbList\",\"@id\":\"https:\/\/exceladvisor.org\/de\/mehrere-werte-ersetzen\/#breadcrumb\",\"itemListElement\":[{\"@type\":\"ListItem\",\"position\":1,\"name\":\"Accueil\",\"item\":\"https:\/\/exceladvisor.org\/de\/\"},{\"@type\":\"ListItem\",\"position\":2,\"name\":\"Wie ersetze ich mehrere (verschachtelte) werte in excel?\"}]},{\"@type\":\"WebSite\",\"@id\":\"https:\/\/exceladvisor.org\/de\/#website\",\"url\":\"https:\/\/exceladvisor.org\/de\/\",\"name\":\"Excel Advisor\",\"description\":\"Ihr Leitfaden zur Datendominanz\",\"publisher\":{\"@id\":\"https:\/\/exceladvisor.org\/de\/#organization\"},\"potentialAction\":[{\"@type\":\"SearchAction\",\"target\":{\"@type\":\"EntryPoint\",\"urlTemplate\":\"https:\/\/exceladvisor.org\/de\/?s={search_term_string}\"},\"query-input\":{\"@type\":\"PropertyValueSpecification\",\"valueRequired\":true,\"valueName\":\"search_term_string\"}}],\"inLanguage\":\"de\"},{\"@type\":\"Organization\",\"@id\":\"https:\/\/exceladvisor.org\/de\/#organization\",\"name\":\"Excel Advisor\",\"url\":\"https:\/\/exceladvisor.org\/de\/\",\"logo\":{\"@type\":\"ImageObject\",\"inLanguage\":\"de\",\"@id\":\"https:\/\/exceladvisor.org\/de\/#\/schema\/logo\/image\/\",\"url\":\"https:\/\/exceladvisor.org\/de\/wp-content\/uploads\/2023\/11\/exceladvisor.org_.png\",\"contentUrl\":\"https:\/\/exceladvisor.org\/de\/wp-content\/uploads\/2023\/11\/exceladvisor.org_.png\",\"width\":105,\"height\":36,\"caption\":\"Excel Advisor\"},\"image\":{\"@id\":\"https:\/\/exceladvisor.org\/de\/#\/schema\/logo\/image\/\"}}]}<\/script>\n<!-- \/ Yoast SEO plugin. -->","yoast_head_json":{"title":"Wie ersetze ich mehrere (verschachtelte) Werte in Excel?","description":"In diesem Tutorial erfahren Sie, wie Sie eine Excel-Formel schreiben, um mehrere Werte aus einer Zeichenfolge zu ersetzen. Lassen Sie uns das \u00fcberpr\u00fcfen ...","robots":{"index":"index","follow":"follow","max-snippet":"max-snippet:-1","max-image-preview":"max-image-preview:large","max-video-preview":"max-video-preview:-1"},"canonical":"https:\/\/exceladvisor.org\/de\/mehrere-werte-ersetzen\/","og_locale":"de_DE","og_type":"article","og_title":"Wie ersetze ich mehrere (verschachtelte) Werte in Excel?","og_description":"In diesem Tutorial erfahren Sie, wie Sie eine Excel-Formel schreiben, um mehrere Werte aus einer Zeichenfolge zu ersetzen. Lassen Sie uns das \u00fcberpr\u00fcfen ...","og_url":"https:\/\/exceladvisor.org\/de\/mehrere-werte-ersetzen\/","og_site_name":"Excel Advisor","article_modified_time":"2023-12-03T11:19:26+00:00","og_image":[{"url":"https:\/\/exceladvisor.org\/wp-content\/uploads\/2023\/08\/1-remplacer-plusieurs-valeurs.png","type":"","width":"","height":""}],"twitter_card":"summary_large_image","twitter_misc":{"Gesch\u00e4tzte Lesezeit":"2\u00a0Minuten"},"schema":{"@context":"https:\/\/schema.org","@graph":[{"@type":"WebPage","@id":"https:\/\/exceladvisor.org\/de\/mehrere-werte-ersetzen\/","url":"https:\/\/exceladvisor.org\/de\/mehrere-werte-ersetzen\/","name":"Wie ersetze ich mehrere (verschachtelte) Werte in Excel?","isPartOf":{"@id":"https:\/\/exceladvisor.org\/de\/#website"},"primaryImageOfPage":{"@id":"https:\/\/exceladvisor.org\/de\/mehrere-werte-ersetzen\/#primaryimage"},"image":{"@id":"https:\/\/exceladvisor.org\/de\/mehrere-werte-ersetzen\/#primaryimage"},"thumbnailUrl":"https:\/\/exceladvisor.org\/wp-content\/uploads\/2023\/08\/1-remplacer-plusieurs-valeurs.png","datePublished":"2023-10-23T06:04:06+00:00","dateModified":"2023-12-03T11:19:26+00:00","description":"In diesem Tutorial erfahren Sie, wie Sie eine Excel-Formel schreiben, um mehrere Werte aus einer Zeichenfolge zu ersetzen. Lassen Sie uns das \u00fcberpr\u00fcfen ...","breadcrumb":{"@id":"https:\/\/exceladvisor.org\/de\/mehrere-werte-ersetzen\/#breadcrumb"},"inLanguage":"de","potentialAction":[{"@type":"ReadAction","target":["https:\/\/exceladvisor.org\/de\/mehrere-werte-ersetzen\/"]}]},{"@type":"ImageObject","inLanguage":"de","@id":"https:\/\/exceladvisor.org\/de\/mehrere-werte-ersetzen\/#primaryimage","url":"https:\/\/exceladvisor.org\/wp-content\/uploads\/2023\/08\/1-remplacer-plusieurs-valeurs.png","contentUrl":"https:\/\/exceladvisor.org\/wp-content\/uploads\/2023\/08\/1-remplacer-plusieurs-valeurs.png"},{"@type":"BreadcrumbList","@id":"https:\/\/exceladvisor.org\/de\/mehrere-werte-ersetzen\/#breadcrumb","itemListElement":[{"@type":"ListItem","position":1,"name":"Accueil","item":"https:\/\/exceladvisor.org\/de\/"},{"@type":"ListItem","position":2,"name":"Wie ersetze ich mehrere (verschachtelte) werte in excel?"}]},{"@type":"WebSite","@id":"https:\/\/exceladvisor.org\/de\/#website","url":"https:\/\/exceladvisor.org\/de\/","name":"Excel Advisor","description":"Ihr Leitfaden zur Datendominanz","publisher":{"@id":"https:\/\/exceladvisor.org\/de\/#organization"},"potentialAction":[{"@type":"SearchAction","target":{"@type":"EntryPoint","urlTemplate":"https:\/\/exceladvisor.org\/de\/?s={search_term_string}"},"query-input":{"@type":"PropertyValueSpecification","valueRequired":true,"valueName":"search_term_string"}}],"inLanguage":"de"},{"@type":"Organization","@id":"https:\/\/exceladvisor.org\/de\/#organization","name":"Excel Advisor","url":"https:\/\/exceladvisor.org\/de\/","logo":{"@type":"ImageObject","inLanguage":"de","@id":"https:\/\/exceladvisor.org\/de\/#\/schema\/logo\/image\/","url":"https:\/\/exceladvisor.org\/de\/wp-content\/uploads\/2023\/11\/exceladvisor.org_.png","contentUrl":"https:\/\/exceladvisor.org\/de\/wp-content\/uploads\/2023\/11\/exceladvisor.org_.png","width":105,"height":36,"caption":"Excel Advisor"},"image":{"@id":"https:\/\/exceladvisor.org\/de\/#\/schema\/logo\/image\/"}}]}},"yoast_meta":{"yoast_wpseo_title":"","yoast_wpseo_metadesc":"","yoast_wpseo_canonical":""},"_links":{"self":[{"href":"https:\/\/exceladvisor.org\/de\/wp-json\/wp\/v2\/pages\/3534","targetHints":{"allow":["GET"]}}],"collection":[{"href":"https:\/\/exceladvisor.org\/de\/wp-json\/wp\/v2\/pages"}],"about":[{"href":"https:\/\/exceladvisor.org\/de\/wp-json\/wp\/v2\/types\/page"}],"author":[{"embeddable":true,"href":"https:\/\/exceladvisor.org\/de\/wp-json\/wp\/v2\/users\/1"}],"replies":[{"embeddable":true,"href":"https:\/\/exceladvisor.org\/de\/wp-json\/wp\/v2\/comments?post=3534"}],"version-history":[{"count":1,"href":"https:\/\/exceladvisor.org\/de\/wp-json\/wp\/v2\/pages\/3534\/revisions"}],"predecessor-version":[{"id":3934,"href":"https:\/\/exceladvisor.org\/de\/wp-json\/wp\/v2\/pages\/3534\/revisions\/3934"}],"wp:attachment":[{"href":"https:\/\/exceladvisor.org\/de\/wp-json\/wp\/v2\/media?parent=3534"}],"curies":[{"name":"wp","href":"https:\/\/api.w.org\/{rel}","templated":true}]}}