{"id":3535,"date":"2023-10-23T05:34:31","date_gmt":"2023-10-23T05:34:31","guid":{"rendered":"https:\/\/exceladvisor.org\/de\/text-bis-heute\/"},"modified":"2023-12-03T13:03:50","modified_gmt":"2023-12-03T13:03:50","slug":"text-bis-heute","status":"publish","type":"page","link":"https:\/\/exceladvisor.org\/de\/text-bis-heute\/","title":{"rendered":"Wie konvertiere ich text in excel in ein datum?"},"content":{"rendered":"<div class=\"excel-vor-dem-inhalt\" id=\"excel-2433714437\"><script type=\"text\/javascript\">\r\n\tatOptions = {\r\n\t\t'key' : 'c1158f160081d6540a8409e6925dab94',\r\n\t\t'format' : 'iframe',\r\n\t\t'height' : 250,\r\n\t\t'width' : 300,\r\n\t\t'params' : {}\r\n\t};\r\n<\/script>\r\n<script type=\"text\/javascript\" src=\"\/\/www.highperformanceformat.com\/c1158f160081d6540a8409e6925dab94\/invoke.js\"><\/script><\/div> <p class=\"has-text-align-left\">Daten spielen eine wichtige Rolle, wenn wir Trends analysieren m\u00fcssen. Dies ist eines der wichtigsten Dinge, die Sie richtig erfassen m\u00fcssen. das grundlegende Datumsformat, das Excel zum Speichern von Daten verwendet. Es gibt andere akzeptable Datenformate.<\/p><p> Das Problem ist nun: Wenn wir ein Datum im falschen Format erfassen, behandelt Excel dieses Datum als Text und wir k\u00f6nnen dieses Datum in keiner Berechnung mehr verwenden.<\/p><p> Wenn es um Textdatenformate geht, gibt es keine Besonderheiten. Es kommt darauf an, wer diese Daten eingibt. Das Fazit lautet: Wir ben\u00f6tigen einige Methoden, mit denen wir Text in ein tats\u00e4chliches Datum mit dem richtigen Format umwandeln k\u00f6nnen.<\/p><p> Deshalb m\u00f6chte ich Ihnen heute in diesem Artikel 10 Methoden vorstellen, mit denen wir Text in Excel in das Datumsformat konvertieren k\u00f6nnen. Um einen beliebigen Text in ein aktuelles Format umzuwandeln, m\u00fcssen wir eine Kombination verschiedener Funktionen verwenden.<\/p><p> Also lasst uns anfangen.<\/p><h2 id=\"tab-con-1\" class=\"wp-block-heading\"> 1. Text in Datum umwandeln<\/h2><p> Die Verwendung der Funktion DATEVALUE ist eine grundlegende Methode zum Konvertieren eines Datums in ein tats\u00e4chliches Datum, das als Text gespeichert wird.<\/p><p> Nehmen wir an, Sie haben eine Liste mit Datumsangaben in Ihrer Tabelle und alle Zellen, in die die Datumsangaben eingegeben werden, haben ein Textformat, aber alle diese Datumsangaben haben das richtige Datumsformat.<\/p><p> Im Beispiel unten haben wir ein Datum in einer Zelle, aber wenn ich versuche, diesem Datum eine Zahl hinzuzuf\u00fcgen, erhalte ich eine Fehlermeldung, obwohl das Datenformat korrekt ist. <\/p><div class=\"wp-block-image\"><figure class=\"aligncenter\"><img decoding=\"async\" src=\"https:\/\/exceladvisor.org\/wp-content\/uploads\/2023\/08\/Fonction-Excel-DateValue-pour-convertir-une-date-textuelle-en-date-valide-1.png\" sizes=\"\" srcset=\"\" alt=\"Excel-Datumswertfunktion zum Konvertieren von Text in Datum\"><\/figure><\/div><p> Aber wenn Sie sich das Zellenformat ansehen, handelt es sich um Text. Hier ist also die beste M\u00f6glichkeit, die DATEVALUE-Funktion zu verwenden. Sie m\u00fcssen nur auf diese Zelle in der Funktion verweisen und diese Daten werden in das tats\u00e4chliche Datum umgewandelt. <\/p><div class=\"wp-block-image\"><figure class=\"aligncenter\"><img decoding=\"async\" src=\"https:\/\/exceladvisor.org\/wp-content\/uploads\/2023\/08\/convertir-le-texte-en-liste-de-dates-avec-la-fonction-datevalue-1.png\" sizes=\"\" srcset=\"\" alt=\"Konvertieren Sie Text mit der Datumswertfunktion in eine Datumsliste\"><\/figure><\/div><p> Und dann k\u00f6nnen Sie das Format auf das aktuelle Datum \u00e4ndern.<\/p><p class=\"qt-tip\"> Hinweis: Es gibt Situationen, in denen DATEVALUE uns nicht dabei helfen kann, ein Datum aus dem Text zu ermitteln. Es gibt eine Reihe unregelm\u00e4\u00dfiger Datumsformate und um alle ben\u00f6tigten Formate zu verarbeiten, m\u00fcssen wir eine benutzerdefinierte Formel mit verschiedenen Funktionen erstellen.<\/p><p> In den folgenden 10 Beispielen werde ich Ihnen zeigen, wie Sie diese verschiedenen Funktionen nutzen. <\/p><div class=\"wp-block-image\"><figure class=\"aligncenter\"><img decoding=\"async\" src=\"https:\/\/exceladvisor.org\/wp-content\/uploads\/2023\/08\/liste-texte-a-date-1.png\" sizes=\"\" srcset=\"\" alt=\"Listentext bis heute\"><\/figure><\/div><h2 id=\"tab-con-2\" class=\"wp-block-heading\"> 2. Datum mit Backslashes<\/h2><p> Das Excel-Datumssystem unterst\u00fctzt Datumsangaben mit Schr\u00e4gstrichen. Und wenn wir ein Datum haben, an dem wir Backslashes haben, wird es als Text behandelt. <\/p><div class=\"wp-block-image\"><figure class=\"aligncenter\"><img decoding=\"async\" src=\"https:\/\/exceladvisor.org\/wp-content\/uploads\/2023\/08\/convertir-le-texte-a-ce-jour-avec-des-barres-noires-invalides-1.png\" sizes=\"\" srcset=\"\" alt=\"Konvertieren Sie Text in den aktuellen Text mit ung\u00fcltigen schwarzen Balken\"><\/figure><\/div><p> Um dieses Problem zu l\u00f6sen, k\u00f6nnen wir die folgende Formel verwenden. <\/p><pre class=\"wp-block-code\"> <code class=\"language-excel-formula\" lang=\"excel-formula\">=DATE(RIGHT(A2,4),MID(A2,4,2),LEFT(A2,2))<\/code><\/pre><div class=\"wp-block-image\"><figure class=\"aligncenter\"><img decoding=\"async\" src=\"https:\/\/exceladvisor.org\/wp-content\/uploads\/2023\/08\/convertir-le-texte-a-jour-avec-des-barres-noires.png\" sizes=\"\" srcset=\"\" alt=\"Konvertieren Sie aktualisierten Text mit schwarzen Balken\"><\/figure><\/div><h2 id=\"tab-con-3\" class=\"wp-block-heading\"> 3. Datum mit Monatsnamen<\/h2><p> Jetzt haben wir ein Datumsformat, in das der Monat zusammen mit seinem Namen eingegeben wird. F\u00fcr Excel ist es kein Datum mehr, obwohl es eindeutig ein Datum darstellt. <\/p><div class=\"wp-block-image\"><figure class=\"aligncenter\"><img decoding=\"async\" src=\"https:\/\/exceladvisor.org\/wp-content\/uploads\/2023\/08\/convertir-le-texte-en-date-avec-le-nom-du-mois-complet-1.png\" sizes=\"\" srcset=\"\" alt=\"Konvertieren Sie den Text in ein Datum mit vollst\u00e4ndigem Monatsnamen\"><\/figure><\/div><p> Die folgende Formel kann uns dabei helfen. <\/p><pre class=\"wp-block-code\"> <code class=\"language-excel-formula\" lang=\"excel-formula\">=DATEVALUE(RIGHT(A3,2)&amp;\"-\"&amp;TEXT(MID(A3,6,3),\"MMM\")&amp;\"-\"&amp;LEFT(A3,4))<\/code><\/pre><div class=\"wp-block-image\"><figure class=\"aligncenter\"><img decoding=\"async\" src=\"https:\/\/exceladvisor.org\/wp-content\/uploads\/2023\/08\/convertir-le-texte-en-date-avec-le-nom-du-mois-complet-1.png\" sizes=\"\" srcset=\"\" alt=\"Konvertieren Sie den Text mit der Formel f\u00fcr den vollst\u00e4ndigen Monatsnamen in ein Datum\"><\/figure><\/div><h2 id=\"tab-con-4\" class=\"wp-block-heading\"> 4. Datum mit Punkten<\/h2><p> Dies ist eine h\u00e4ufige Art von Problem, bei dem wir Punkte innerhalb eines Datums erhalten. Dies ist ein Formattyp, der von Leuten verwendet wird, die nicht wissen, dass es sich nicht um ein richtiges Datumsformat handelt. <\/p><div class=\"wp-block-image\"><figure class=\"aligncenter\"><img decoding=\"async\" src=\"https:\/\/exceladvisor.org\/wp-content\/uploads\/2023\/08\/4-convertir-le-texte-a-ce-jour-avec-des-points-min-1.png\" sizes=\"\" srcset=\"\" alt=\"\"><\/figure><\/div><p> Und das ist die Formel, um es zu korrigieren. <\/p><pre class=\"wp-block-code\"> <code class=\"language-excel-formula\" lang=\"excel-formula\">=DATE(RIGHT(A4,4),MID(A4,4,2),LEFT(A4,2))<\/code><\/pre><div class=\"wp-block-image\"><figure class=\"aligncenter\"><img decoding=\"async\" src=\"https:\/\/exceladvisor.org\/wp-content\/uploads\/2023\/08\/4-convertir-le-texte-a-ce-jour-avec-la-formule-de-points-min-1.png\" sizes=\"\" srcset=\"\" alt=\"\"><\/figure><\/div><h2 id=\"tab-con-5\" class=\"wp-block-heading\"> 5. Datum mit Monatsnamen und Komma<\/h2><p> Dieses Format ist fast das gleiche wie das Format, \u00fcber das wir in Punkt 3 gesprochen haben. <\/p><div class=\"wp-block-image\"><figure class=\"aligncenter\"><img decoding=\"async\" src=\"https:\/\/exceladvisor.org\/wp-content\/uploads\/2023\/08\/5-convertir-le-texte-a-ce-jour-avec-le-nom-du-mois-long-min.png\" sizes=\"\" srcset=\"\" alt=\"\"><\/figure><\/div><p> Und wir k\u00f6nnen es mit der folgenden Formel korrigieren. <\/p><pre class=\"wp-block-code\"> <code class=\"language-excel-formula\" lang=\"excel-formula\">=DATEVALUE(LEFT(A5,2)&amp;\"-\"&amp;TEXT(MID(A5,4,3),\"MMM\")&amp;\"-\"&amp;RIGHT(A5,4))<\/code><\/pre><div class=\"wp-block-image\"><figure class=\"aligncenter\"><img decoding=\"async\" src=\"https:\/\/exceladvisor.org\/wp-content\/uploads\/2023\/08\/5-convertir-le-texte-a-ce-jour-avec-la-formule-de-nom-de-mois-long-min-1.png\" sizes=\"\" srcset=\"\" alt=\"\"><\/figure><\/div><h2 id=\"tab-con-6\" class=\"wp-block-heading\"> 6. Datum mit Tagesnamen<\/h2><p> Manchmal speichern Leute ein Datum mit dem Namen des Tages. Und wenn dieses Datum nicht das richtige Format hat, behandelt Excel es als Text. <\/p><div class=\"wp-block-image\"><figure class=\"aligncenter\"><img decoding=\"async\" src=\"https:\/\/exceladvisor.org\/wp-content\/uploads\/2023\/08\/6-convertir-le-texte-a-ce-jour-avec-un-long-nom-de-jour-min-1.png\" sizes=\"\" srcset=\"\" alt=\"\"><\/figure><\/div><p> Verwenden Sie diese Formel f\u00fcr diese Art von Textdatum. <\/p><pre class=\"wp-block-code\"> <code class=\"language-excel-formula\" lang=\"excel-formula\">=DATEVALUE(MID(A6,FIND(\",\",A6)+6,2)&amp;\"-\"&amp;MID(A6,FIND(\",\",A6)+2,3)&amp;\"-\"&amp;RIGHT(A6,4))<\/code><\/pre><div class=\"wp-block-image\"><figure class=\"aligncenter\"><img decoding=\"async\" src=\"https:\/\/exceladvisor.org\/wp-content\/uploads\/2023\/08\/6-convertir-le-texte-a-ce-jour-avec-la-formule-de-nom-de-jour-long-min-1.png\" sizes=\"\" srcset=\"\" alt=\"\"><\/figure><\/div><h2 id=\"tab-con-7\" class=\"wp-block-heading\"> 7. Datum mit einem Tagesnamen am Ende<\/h2><p> Hier haben wir ein Datum mit dem Tagesnamen am Ende. Das Problem bei diesem Format besteht nun darin, dass zwischen dem Datum und dem Tagesnamen ein Komma steht. <\/p><div class=\"wp-block-image\"><figure class=\"aligncenter\"><img decoding=\"async\" src=\"https:\/\/exceladvisor.org\/wp-content\/uploads\/2023\/08\/7-convertir-le-texte-en-date-avec-le-nom-du-jour-court-min-1.png\" sizes=\"\" srcset=\"\" alt=\"\"><\/figure><\/div><p> Wir k\u00f6nnen das g\u00fcltige Datum jedoch mithilfe der folgenden Formel ermitteln. <\/p><pre class=\"wp-block-code\"> <code class=\"language-excel-formula\" lang=\"excel-formula\">=DATEVALUE(MID(A7,10,2)&amp;\"-\"&amp;MID(A7,6,3)&amp;\"-\"&amp;LEFT(A7,4))<\/code><\/pre><div class=\"wp-block-image\"><figure class=\"aligncenter\"><img decoding=\"async\" src=\"https:\/\/exceladvisor.org\/wp-content\/uploads\/2023\/08\/7-convertir-le-texte-a-ce-jour-avec-la-formule-de-nom-de-jour-court-min-1.png\" sizes=\"\" srcset=\"\" alt=\"\"><\/figure><\/div><h2 id=\"tab-con-8\" class=\"wp-block-heading\"> 8. Datum mit einem Suffix mit Tag<\/h2><p> Wir haben ein \u201eth\u201c-Suffix mit der Tageszahl und das macht es zu Text statt zu einem Datum, weil Excel es nicht erkennen kann. <\/p><div class=\"wp-block-image\"><figure class=\"aligncenter\"><img decoding=\"async\" src=\"https:\/\/exceladvisor.org\/wp-content\/uploads\/2023\/08\/8-convertir-le-texte-a-ce-jour-avec-le-suffixe-min-1.png\" sizes=\"\" srcset=\"\" alt=\"\"><\/figure><\/div><p> Die folgende Formel hilft Ihnen, das aktuelle Datum zu ermitteln. <\/p><pre class=\"wp-block-code\"> <code class=\"language-excel-formula\" lang=\"excel-formula\">=DATEVALUE(LEFT(A8,FIND(\"th\",A8)-1)&amp;\"-\"&amp;MID(A8,FIND(\" \",A8)+1,3)&amp;\"-\"&amp;RIGHT(A8,4))<\/code><\/pre><div class=\"wp-block-image\"><figure class=\"aligncenter\"><img decoding=\"async\" src=\"https:\/\/exceladvisor.org\/wp-content\/uploads\/2023\/08\/8-convertir-le-texte-a-ce-jour-avec-la-formule-de-suffixe-min-1.png\" sizes=\"\" srcset=\"\" alt=\"\"><\/figure><\/div><h2 id=\"tab-con-9\" class=\"wp-block-heading\"> 9. Datum mit Leerzeichen zwischen Tag, Monat und Jahr<\/h2><p> Wenn wir ein Datumsformat mit einem Leerzeichen zwischen Tag, Monat und Jahr haben, k\u00f6nnen wir die folgende Formel verwenden, um das Datumsformat zu korrigieren. <\/p><div class=\"wp-block-image\"><figure class=\"aligncenter\"><img decoding=\"async\" src=\"https:\/\/exceladvisor.org\/wp-content\/uploads\/2023\/08\/9-convertir-le-texte-en-date-avec-espace-min-1.png\" sizes=\"\" srcset=\"\" alt=\"\"><\/figure><\/div><pre class=\"wp-block-code\"> <code class=\"language-excel-formula\" lang=\"excel-formula\">=DATE(RIGHT(A9,4),MID(A9,4,2),LEFT(A9,2))<\/code><\/pre><div class=\"wp-block-image\"><figure class=\"aligncenter\"><img decoding=\"async\" src=\"https:\/\/exceladvisor.org\/wp-content\/uploads\/2023\/08\/9-convertir-le-texte-en-date-avec-la-formule-despace-min-1.png\" sizes=\"\" srcset=\"\" alt=\"\"><\/figure><\/div><h2 id=\"tab-con-10\" class=\"wp-block-heading\"> 10. Datum mit Kurzbezeichnung des Monats<\/h2><p> Mit einem Datumsformat, bei dem am Anfang des Datums ein kurzer Monatsname steht. <\/p><div class=\"wp-block-image\"><figure class=\"aligncenter\"><img decoding=\"async\" src=\"https:\/\/exceladvisor.org\/wp-content\/uploads\/2023\/08\/10-convertir-le-texte-en-date-avec-lespace-de-nom-du-mois-min-1.png\" sizes=\"\" srcset=\"\" alt=\"\"><\/figure><\/div><p> Mit der folgenden Formel k\u00f6nnen wir es in ein g\u00fcltiges Datumsformat konvertieren. <\/p><pre class=\"wp-block-code\"> <code class=\"language-excel-formula\" lang=\"excel-formula\">=DATEVALUE(MID(A10,5,2)&amp;\"-\"&amp;LEFT(A10,3)&amp;\"-\"&amp;RIGHT(A10,4))<\/code><\/pre><div class=\"wp-block-image\"><figure class=\"aligncenter\"><img decoding=\"async\" src=\"https:\/\/exceladvisor.org\/wp-content\/uploads\/2023\/08\/10-convertir-le-texte-en-date-avec-la-formule-despace-de-nom-de-mois-min-1.png\" sizes=\"\" srcset=\"\" alt=\"\"><\/figure><\/div><h2 id=\"tab-con-11\" class=\"wp-block-heading\"> 11. Datum ohne Leerzeichen zwischen Tag, Monat und Jahr<\/h2><p> Und f\u00fcr ein Datum, bei dem zwischen Tag, Monat und Jahr kein Leerzeichen steht. <\/p><div class=\"wp-block-image\"><figure class=\"aligncenter\"><img decoding=\"async\" src=\"https:\/\/exceladvisor.org\/wp-content\/uploads\/2023\/08\/11-convertir-le-texte-a-ce-jour-sans-espace-min-1.png\" sizes=\"\" srcset=\"\" alt=\"\"><\/figure><\/div><p> Die folgende Formel hilft uns, das richtige Datumsformat zu ermitteln. <\/p><pre class=\"wp-block-code\"> <code class=\"language-excel-formula\" lang=\"excel-formula\">=DATE(RIGHT(A11,2),MID(A11,3,2),LEFT(A11,2))<\/code><\/pre><div class=\"wp-block-image\"><figure class=\"aligncenter\"><img decoding=\"async\" src=\"https:\/\/exceladvisor.org\/wp-content\/uploads\/2023\/08\/11-convertir-le-texte-a-ce-jour-sans-formule-despace-min-1.png\" sizes=\"\" srcset=\"\" alt=\"\"><\/figure><\/div><div class=\"gb-container gb-container-0df56012 gb-container-mt\"> <a class=\"gb-button gb-button-f9f432f4 gb-button-text gb-button-mt-button\" href=\"https:\/\/exceladvisor.org\/de\/formeln\/\">Liste der Excel-Formeln<\/a><h2 class=\"gb-headline gb-headline-233444e8 gb-headline-text gb-headline-mt-heading\"> Verwandte Formeln <\/h2><div class=\"gb-grid-wrapper gb-grid-wrapper-a16fa65c gb-grid-wrapper-mt-grid\"><div class=\"gb-grid-column gb-grid-column-5b4a0cf9\"><div class=\"gb-container gb-container-5b4a0cf9\"><ul><li> <a href=\"https:\/\/exceladvisor.org\/de\/hervorhebung-zwischen-zwei-daten\/\">Markieren Sie Daten zwischen zwei Daten in Excel<\/a><\/li><li> <a href=\"https:\/\/exceladvisor.org\/de\/zwei-daten-verketten\/\">Verketten Sie schnell zwei Daten in Excel<\/a><\/li><li> <a href=\"https:\/\/exceladvisor.org\/de\/zufallsdatengenerator\/\">Zufallsdatumsgenerator (Excel-Formel) in Excel<\/a><\/li><li> <a href=\"https:\/\/exceladvisor.org\/de\/kombinieren-sie-datum-und-uhrzeit\/\">Kombinieren Sie Datum und Uhrzeit in Excel<\/a><\/li><\/ul><\/div><\/div><\/div><\/div>","protected":false},"excerpt":{"rendered":"","protected":false},"author":1,"featured_media":0,"parent":0,"menu_order":0,"comment_status":"open","ping_status":"closed","template":"","meta":{"ub_ctt_via":"","footnotes":""},"class_list":["post-3535","page","type-page","status-publish","hentry"],"featured_image_src":null,"yoast_head":"<!-- This site is optimized with the Yoast SEO plugin v25.4 - https:\/\/yoast.com\/wordpress\/plugins\/seo\/ -->\n<title>Wie konvertiere ich Text in Excel in ein Datum? (7 Beispiele)<\/title>\n<meta name=\"description\" content=\"Es ist wichtig, dass die Daten im richtigen Format vorliegen. Erfahren Sie also, wie Sie Text in Excel in ein aktuelles Datum konvertieren.\" \/>\n<meta name=\"robots\" content=\"index, follow, max-snippet:-1, max-image-preview:large, max-video-preview:-1\" \/>\n<link rel=\"canonical\" href=\"https:\/\/exceladvisor.org\/de\/text-bis-heute\/\" \/>\n<meta property=\"og:locale\" content=\"de_DE\" \/>\n<meta property=\"og:type\" content=\"article\" \/>\n<meta property=\"og:title\" content=\"Wie konvertiere ich Text in Excel in ein Datum? (7 Beispiele)\" \/>\n<meta property=\"og:description\" content=\"Es ist wichtig, dass die Daten im richtigen Format vorliegen. Erfahren Sie also, wie Sie Text in Excel in ein aktuelles Datum konvertieren.\" \/>\n<meta property=\"og:url\" content=\"https:\/\/exceladvisor.org\/de\/text-bis-heute\/\" \/>\n<meta property=\"og:site_name\" content=\"Excel Advisor\" \/>\n<meta property=\"article:modified_time\" content=\"2023-12-03T13:03:50+00:00\" \/>\n<meta property=\"og:image\" content=\"https:\/\/exceladvisor.org\/wp-content\/uploads\/2023\/08\/Fonction-Excel-DateValue-pour-convertir-une-date-textuelle-en-date-valide-1.png\" \/>\n<meta name=\"twitter:card\" content=\"summary_large_image\" \/>\n<meta name=\"twitter:label1\" content=\"Gesch\u00e4tzte Lesezeit\" \/>\n\t<meta name=\"twitter:data1\" content=\"4\u00a0Minuten\" \/>\n<script type=\"application\/ld+json\" class=\"yoast-schema-graph\">{\"@context\":\"https:\/\/schema.org\",\"@graph\":[{\"@type\":\"WebPage\",\"@id\":\"https:\/\/exceladvisor.org\/de\/text-bis-heute\/\",\"url\":\"https:\/\/exceladvisor.org\/de\/text-bis-heute\/\",\"name\":\"Wie konvertiere ich Text in Excel in ein Datum? (7 Beispiele)\",\"isPartOf\":{\"@id\":\"https:\/\/exceladvisor.org\/de\/#website\"},\"primaryImageOfPage\":{\"@id\":\"https:\/\/exceladvisor.org\/de\/text-bis-heute\/#primaryimage\"},\"image\":{\"@id\":\"https:\/\/exceladvisor.org\/de\/text-bis-heute\/#primaryimage\"},\"thumbnailUrl\":\"https:\/\/exceladvisor.org\/wp-content\/uploads\/2023\/08\/Fonction-Excel-DateValue-pour-convertir-une-date-textuelle-en-date-valide-1.png\",\"datePublished\":\"2023-10-23T05:34:31+00:00\",\"dateModified\":\"2023-12-03T13:03:50+00:00\",\"description\":\"Es ist wichtig, dass die Daten im richtigen Format vorliegen. Erfahren Sie also, wie Sie Text in Excel in ein aktuelles Datum konvertieren.\",\"breadcrumb\":{\"@id\":\"https:\/\/exceladvisor.org\/de\/text-bis-heute\/#breadcrumb\"},\"inLanguage\":\"de\",\"potentialAction\":[{\"@type\":\"ReadAction\",\"target\":[\"https:\/\/exceladvisor.org\/de\/text-bis-heute\/\"]}]},{\"@type\":\"ImageObject\",\"inLanguage\":\"de\",\"@id\":\"https:\/\/exceladvisor.org\/de\/text-bis-heute\/#primaryimage\",\"url\":\"https:\/\/exceladvisor.org\/wp-content\/uploads\/2023\/08\/Fonction-Excel-DateValue-pour-convertir-une-date-textuelle-en-date-valide-1.png\",\"contentUrl\":\"https:\/\/exceladvisor.org\/wp-content\/uploads\/2023\/08\/Fonction-Excel-DateValue-pour-convertir-une-date-textuelle-en-date-valide-1.png\"},{\"@type\":\"BreadcrumbList\",\"@id\":\"https:\/\/exceladvisor.org\/de\/text-bis-heute\/#breadcrumb\",\"itemListElement\":[{\"@type\":\"ListItem\",\"position\":1,\"name\":\"Accueil\",\"item\":\"https:\/\/exceladvisor.org\/de\/\"},{\"@type\":\"ListItem\",\"position\":2,\"name\":\"Wie konvertiere ich text in excel in ein datum?\"}]},{\"@type\":\"WebSite\",\"@id\":\"https:\/\/exceladvisor.org\/de\/#website\",\"url\":\"https:\/\/exceladvisor.org\/de\/\",\"name\":\"Excel Advisor\",\"description\":\"Ihr Leitfaden zur Datendominanz\",\"publisher\":{\"@id\":\"https:\/\/exceladvisor.org\/de\/#organization\"},\"potentialAction\":[{\"@type\":\"SearchAction\",\"target\":{\"@type\":\"EntryPoint\",\"urlTemplate\":\"https:\/\/exceladvisor.org\/de\/?s={search_term_string}\"},\"query-input\":{\"@type\":\"PropertyValueSpecification\",\"valueRequired\":true,\"valueName\":\"search_term_string\"}}],\"inLanguage\":\"de\"},{\"@type\":\"Organization\",\"@id\":\"https:\/\/exceladvisor.org\/de\/#organization\",\"name\":\"Excel Advisor\",\"url\":\"https:\/\/exceladvisor.org\/de\/\",\"logo\":{\"@type\":\"ImageObject\",\"inLanguage\":\"de\",\"@id\":\"https:\/\/exceladvisor.org\/de\/#\/schema\/logo\/image\/\",\"url\":\"https:\/\/exceladvisor.org\/de\/wp-content\/uploads\/2023\/11\/exceladvisor.org_.png\",\"contentUrl\":\"https:\/\/exceladvisor.org\/de\/wp-content\/uploads\/2023\/11\/exceladvisor.org_.png\",\"width\":105,\"height\":36,\"caption\":\"Excel Advisor\"},\"image\":{\"@id\":\"https:\/\/exceladvisor.org\/de\/#\/schema\/logo\/image\/\"}}]}<\/script>\n<!-- \/ Yoast SEO plugin. -->","yoast_head_json":{"title":"Wie konvertiere ich Text in Excel in ein Datum? (7 Beispiele)","description":"Es ist wichtig, dass die Daten im richtigen Format vorliegen. Erfahren Sie also, wie Sie Text in Excel in ein aktuelles Datum konvertieren.","robots":{"index":"index","follow":"follow","max-snippet":"max-snippet:-1","max-image-preview":"max-image-preview:large","max-video-preview":"max-video-preview:-1"},"canonical":"https:\/\/exceladvisor.org\/de\/text-bis-heute\/","og_locale":"de_DE","og_type":"article","og_title":"Wie konvertiere ich Text in Excel in ein Datum? (7 Beispiele)","og_description":"Es ist wichtig, dass die Daten im richtigen Format vorliegen. Erfahren Sie also, wie Sie Text in Excel in ein aktuelles Datum konvertieren.","og_url":"https:\/\/exceladvisor.org\/de\/text-bis-heute\/","og_site_name":"Excel Advisor","article_modified_time":"2023-12-03T13:03:50+00:00","og_image":[{"url":"https:\/\/exceladvisor.org\/wp-content\/uploads\/2023\/08\/Fonction-Excel-DateValue-pour-convertir-une-date-textuelle-en-date-valide-1.png","type":"","width":"","height":""}],"twitter_card":"summary_large_image","twitter_misc":{"Gesch\u00e4tzte Lesezeit":"4\u00a0Minuten"},"schema":{"@context":"https:\/\/schema.org","@graph":[{"@type":"WebPage","@id":"https:\/\/exceladvisor.org\/de\/text-bis-heute\/","url":"https:\/\/exceladvisor.org\/de\/text-bis-heute\/","name":"Wie konvertiere ich Text in Excel in ein Datum? (7 Beispiele)","isPartOf":{"@id":"https:\/\/exceladvisor.org\/de\/#website"},"primaryImageOfPage":{"@id":"https:\/\/exceladvisor.org\/de\/text-bis-heute\/#primaryimage"},"image":{"@id":"https:\/\/exceladvisor.org\/de\/text-bis-heute\/#primaryimage"},"thumbnailUrl":"https:\/\/exceladvisor.org\/wp-content\/uploads\/2023\/08\/Fonction-Excel-DateValue-pour-convertir-une-date-textuelle-en-date-valide-1.png","datePublished":"2023-10-23T05:34:31+00:00","dateModified":"2023-12-03T13:03:50+00:00","description":"Es ist wichtig, dass die Daten im richtigen Format vorliegen. Erfahren Sie also, wie Sie Text in Excel in ein aktuelles Datum konvertieren.","breadcrumb":{"@id":"https:\/\/exceladvisor.org\/de\/text-bis-heute\/#breadcrumb"},"inLanguage":"de","potentialAction":[{"@type":"ReadAction","target":["https:\/\/exceladvisor.org\/de\/text-bis-heute\/"]}]},{"@type":"ImageObject","inLanguage":"de","@id":"https:\/\/exceladvisor.org\/de\/text-bis-heute\/#primaryimage","url":"https:\/\/exceladvisor.org\/wp-content\/uploads\/2023\/08\/Fonction-Excel-DateValue-pour-convertir-une-date-textuelle-en-date-valide-1.png","contentUrl":"https:\/\/exceladvisor.org\/wp-content\/uploads\/2023\/08\/Fonction-Excel-DateValue-pour-convertir-une-date-textuelle-en-date-valide-1.png"},{"@type":"BreadcrumbList","@id":"https:\/\/exceladvisor.org\/de\/text-bis-heute\/#breadcrumb","itemListElement":[{"@type":"ListItem","position":1,"name":"Accueil","item":"https:\/\/exceladvisor.org\/de\/"},{"@type":"ListItem","position":2,"name":"Wie konvertiere ich text in excel in ein datum?"}]},{"@type":"WebSite","@id":"https:\/\/exceladvisor.org\/de\/#website","url":"https:\/\/exceladvisor.org\/de\/","name":"Excel Advisor","description":"Ihr Leitfaden zur Datendominanz","publisher":{"@id":"https:\/\/exceladvisor.org\/de\/#organization"},"potentialAction":[{"@type":"SearchAction","target":{"@type":"EntryPoint","urlTemplate":"https:\/\/exceladvisor.org\/de\/?s={search_term_string}"},"query-input":{"@type":"PropertyValueSpecification","valueRequired":true,"valueName":"search_term_string"}}],"inLanguage":"de"},{"@type":"Organization","@id":"https:\/\/exceladvisor.org\/de\/#organization","name":"Excel Advisor","url":"https:\/\/exceladvisor.org\/de\/","logo":{"@type":"ImageObject","inLanguage":"de","@id":"https:\/\/exceladvisor.org\/de\/#\/schema\/logo\/image\/","url":"https:\/\/exceladvisor.org\/de\/wp-content\/uploads\/2023\/11\/exceladvisor.org_.png","contentUrl":"https:\/\/exceladvisor.org\/de\/wp-content\/uploads\/2023\/11\/exceladvisor.org_.png","width":105,"height":36,"caption":"Excel Advisor"},"image":{"@id":"https:\/\/exceladvisor.org\/de\/#\/schema\/logo\/image\/"}}]}},"yoast_meta":{"yoast_wpseo_title":"","yoast_wpseo_metadesc":"","yoast_wpseo_canonical":""},"_links":{"self":[{"href":"https:\/\/exceladvisor.org\/de\/wp-json\/wp\/v2\/pages\/3535","targetHints":{"allow":["GET"]}}],"collection":[{"href":"https:\/\/exceladvisor.org\/de\/wp-json\/wp\/v2\/pages"}],"about":[{"href":"https:\/\/exceladvisor.org\/de\/wp-json\/wp\/v2\/types\/page"}],"author":[{"embeddable":true,"href":"https:\/\/exceladvisor.org\/de\/wp-json\/wp\/v2\/users\/1"}],"replies":[{"embeddable":true,"href":"https:\/\/exceladvisor.org\/de\/wp-json\/wp\/v2\/comments?post=3535"}],"version-history":[{"count":1,"href":"https:\/\/exceladvisor.org\/de\/wp-json\/wp\/v2\/pages\/3535\/revisions"}],"predecessor-version":[{"id":4122,"href":"https:\/\/exceladvisor.org\/de\/wp-json\/wp\/v2\/pages\/3535\/revisions\/4122"}],"wp:attachment":[{"href":"https:\/\/exceladvisor.org\/de\/wp-json\/wp\/v2\/media?parent=3535"}],"curies":[{"name":"wp","href":"https:\/\/api.w.org\/{rel}","templated":true}]}}