{"id":3536,"date":"2023-10-23T03:12:53","date_gmt":"2023-10-23T03:12:53","guid":{"rendered":"https:\/\/exceladvisor.org\/de\/wenn-null-dann-leer\/"},"modified":"2023-12-03T13:05:15","modified_gmt":"2023-12-03T13:05:15","slug":"wenn-null-dann-leer","status":"publish","type":"page","link":"https:\/\/exceladvisor.org\/de\/wenn-null-dann-leer\/","title":{"rendered":"Wie \u00fcberpr\u00fcfe ich, ob 0 (null) dann leer in excel ist?"},"content":{"rendered":"<div class=\"excel-vor-dem-inhalt\" id=\"excel-2597751521\"><script type=\"text\/javascript\">\r\n\tatOptions = {\r\n\t\t'key' : 'c1158f160081d6540a8409e6925dab94',\r\n\t\t'format' : 'iframe',\r\n\t\t'height' : 250,\r\n\t\t'width' : 300,\r\n\t\t'params' : {}\r\n\t};\r\n<\/script>\r\n<script type=\"text\/javascript\" src=\"\/\/www.highperformanceformat.com\/c1158f160081d6540a8409e6925dab94\/invoke.js\"><\/script><\/div> <p>Wenn Sie in Excel eine Zelle \u00fcberpr\u00fcfen m\u00f6chten, ob der darin enthaltene Wert 0 (Null) ist und Sie m\u00f6chten, dass eine Formel im Ergebnis ein Leerzeichen zur\u00fcckgibt, k\u00f6nnen Sie daf\u00fcr die IF-Funktion verwenden. In IF m\u00fcssen Sie die Zelle angeben, die Sie auf 0 pr\u00fcfen m\u00f6chten, und dann die leeren Werte angeben, die Sie im Ergebnis erhalten m\u00f6chten, sobald die Bedingung TRUE ist.<\/p><p> Im folgenden Beispiel haben wir eine Liste mit Zahlen in Spalte A und jetzt m\u00fcssen Sie eine Bedingung schreiben. <\/p><div class=\"wp-block-image\"><figure class=\"aligncenter size-full is-resized\"><img loading=\"lazy\" decoding=\"async\" class=\"wp-image-69515\" src=\"https:\/\/exceladvisor.org\/wp-content\/uploads\/2023\/08\/1-liste-de-numeros-1.png\" sizes=\"auto, \" srcset=\"\" alt=\"Liste mit Zahlen\" width=\"342\" height=\"487\"><\/figure><\/div><h2 class=\"wp-block-heading\"> Formel zur Pr\u00fcfung, ob 0 (Null) und dann leer ist<\/h2><ol type=\"1\"><li> Geben Sie zun\u00e4chst in Zelle B2 die IF-Funktion ein.<\/li><li> Geben Sie anschlie\u00dfend im ersten Argument die Bedingung an, um die Werte der Zelle A2 zu \u00fcberpr\u00fcfen (A2=0).<\/li><li> Geben Sie nun im zweiten Argument eine Null an.<\/li><li> Und beziehen Sie sich im dritten Argument auf Zelle A2.<\/li><li> Geben Sie am Ende die schlie\u00dfenden Klammern ein. <\/li><\/ol><div class=\"wp-block-image\"><figure class=\"aligncenter size-full is-resized\"><img loading=\"lazy\" decoding=\"async\" class=\"wp-image-69516\" src=\"https:\/\/exceladvisor.org\/wp-content\/uploads\/2023\/08\/2-si-formule-pour-trouver-zero.png\" sizes=\"auto, \" srcset=\"\" alt=\"Wenn-Formel-um-Null zu finden\" width=\"365\" height=\"480\"><\/figure><\/div><p> Hier ist die Formel, die Sie verwenden sollten, um zu \u00fcberpr\u00fcfen, ob eine Zelle einen Nullwert hat, und um ihn in Null zu \u00e4ndern.<\/p><pre class=\"wp-block-preformatted\"> =IF(A2=0,\"\",A2)<\/pre><p> Versuchen wir nun zu verstehen, wie diese Formel funktioniert. Diese Formel besteht aus drei Teilen. Im ersten Teil haben wir eine Bedingung, die pr\u00fcft, ob die Zelle einen Wert hat oder nicht. <\/p><div class=\"wp-block-image\"><figure class=\"aligncenter size-full is-resized\"><img loading=\"lazy\" decoding=\"async\" class=\"wp-image-69517\" src=\"https:\/\/exceladvisor.org\/wp-content\/uploads\/2023\/08\/3-si-formule-avec-faux.png\" sizes=\"auto, \" srcset=\"\" alt=\"if-Formel-mit-false\" width=\"488\" height=\"223\"><\/figure><\/div><p> Jetzt sind die n\u00e4chsten beiden Teile optional und funktionieren je nach Bedingungsergebnis.<\/p><p> Wenn die Bedingung TRUE ist (das bedeutet, dass der Wert in der Zelle 0 ist), erhalten Sie den leeren Wert, und wenn die Bedingung FALSE ist, erhalten Sie den Wert aus der Originalzelle. <\/p><div class=\"wp-block-image\"><figure class=\"aligncenter size-full is-resized\"><img loading=\"lazy\" decoding=\"async\" class=\"wp-image-69518\" src=\"https:\/\/exceladvisor.org\/wp-content\/uploads\/2023\/08\/4-parties-facultatives-de-la-formule-if.png\" sizes=\"auto, \" srcset=\"\" alt=\"optionale-Teile-der-IF-Formel\" width=\"459\" height=\"102\"><\/figure><\/div><div class=\"gb-container gb-container-0df56012 gb-container-mt\"> <a class=\"gb-button gb-button-f9f432f4 gb-button-text gb-button-mt-button\" href=\"https:\/\/exceladvisor.org\/de\/formeln\/\">Liste der Excel-Formeln<\/a><h2 class=\"gb-headline gb-headline-233444e8 gb-headline-text gb-headline-mt-heading\"> Verwandte Formeln <\/h2><div class=\"gb-grid-wrapper gb-grid-wrapper-a16fa65c gb-grid-wrapper-mt-grid\"><div class=\"gb-grid-column gb-grid-column-50d07e0d\"><div class=\"gb-container gb-container-50d07e0d\"><ul><li> <a href=\"https:\/\/exceladvisor.org\/de\/uberprufen-sie-ob-ein-wert-in-einem-bereich-vorhanden-ist\/\">\u00dcberpr\u00fcfen Sie, ob in einem Bereich in Excel ein Wert vorhanden ist<\/a><\/li><li> <a href=\"https:\/\/exceladvisor.org\/de\/wenn-und-1\/\">Kombinieren Sie WENN- und UND-Funktionen in Excel<\/a><\/li><li> <a href=\"https:\/\/exceladvisor.org\/de\/wenn-oder-1\/\">Kombinieren Sie WENN- und ODER-Funktionen in Excel<\/a><\/li><li> <a href=\"https:\/\/exceladvisor.org\/de\/wenn-die-zelle-leer-ist\/\">IF Zelle ist leer (leer) mit IF + ISBLANK in Excel<\/a><\/li><li> <a href=\"https:\/\/exceladvisor.org\/de\/wenn-negativ-dann-null\/\">WENN negativ, dann Null (0) in Excel<\/a><\/li><\/ul><\/div><\/div><\/div><\/div>","protected":false},"excerpt":{"rendered":"","protected":false},"author":1,"featured_media":0,"parent":0,"menu_order":0,"comment_status":"open","ping_status":"closed","template":"","meta":{"ub_ctt_via":"","footnotes":""},"class_list":["post-3536","page","type-page","status-publish","hentry"],"featured_image_src":null,"yoast_head":"<!-- This site is optimized with the Yoast SEO plugin v25.4 - https:\/\/yoast.com\/wordpress\/plugins\/seo\/ -->\n<title>Wie \u00fcberpr\u00fcfe ich, ob 0 (Null) dann leer in Excel ist?<\/title>\n<meta name=\"description\" content=\"In diesem Tutorial pr\u00fcfen wir, ob in einer Zelle eine 0 (Null) steht und geben dann im Formelergebnis ein Leerzeichen zur\u00fcck.\" \/>\n<meta name=\"robots\" content=\"index, follow, max-snippet:-1, max-image-preview:large, max-video-preview:-1\" \/>\n<link rel=\"canonical\" href=\"https:\/\/exceladvisor.org\/de\/wenn-null-dann-leer\/\" \/>\n<meta property=\"og:locale\" content=\"de_DE\" \/>\n<meta property=\"og:type\" content=\"article\" \/>\n<meta property=\"og:title\" content=\"Wie \u00fcberpr\u00fcfe ich, ob 0 (Null) dann leer in Excel ist?\" \/>\n<meta property=\"og:description\" content=\"In diesem Tutorial pr\u00fcfen wir, ob in einer Zelle eine 0 (Null) steht und geben dann im Formelergebnis ein Leerzeichen zur\u00fcck.\" \/>\n<meta property=\"og:url\" content=\"https:\/\/exceladvisor.org\/de\/wenn-null-dann-leer\/\" \/>\n<meta property=\"og:site_name\" content=\"Excel Advisor\" \/>\n<meta property=\"article:modified_time\" content=\"2023-12-03T13:05:15+00:00\" \/>\n<meta property=\"og:image\" content=\"https:\/\/exceladvisor.org\/wp-content\/uploads\/2023\/08\/1-liste-de-numeros-1.png\" \/>\n<meta name=\"twitter:card\" content=\"summary_large_image\" \/>\n<meta name=\"twitter:label1\" content=\"Gesch\u00e4tzte Lesezeit\" \/>\n\t<meta name=\"twitter:data1\" content=\"2\u00a0Minuten\" \/>\n<script type=\"application\/ld+json\" class=\"yoast-schema-graph\">{\"@context\":\"https:\/\/schema.org\",\"@graph\":[{\"@type\":\"WebPage\",\"@id\":\"https:\/\/exceladvisor.org\/de\/wenn-null-dann-leer\/\",\"url\":\"https:\/\/exceladvisor.org\/de\/wenn-null-dann-leer\/\",\"name\":\"Wie \u00fcberpr\u00fcfe ich, ob 0 (Null) dann leer in Excel ist?\",\"isPartOf\":{\"@id\":\"https:\/\/exceladvisor.org\/de\/#website\"},\"primaryImageOfPage\":{\"@id\":\"https:\/\/exceladvisor.org\/de\/wenn-null-dann-leer\/#primaryimage\"},\"image\":{\"@id\":\"https:\/\/exceladvisor.org\/de\/wenn-null-dann-leer\/#primaryimage\"},\"thumbnailUrl\":\"https:\/\/exceladvisor.org\/wp-content\/uploads\/2023\/08\/1-liste-de-numeros-1.png\",\"datePublished\":\"2023-10-23T03:12:53+00:00\",\"dateModified\":\"2023-12-03T13:05:15+00:00\",\"description\":\"In diesem Tutorial pr\u00fcfen wir, ob in einer Zelle eine 0 (Null) steht und geben dann im Formelergebnis ein Leerzeichen zur\u00fcck.\",\"breadcrumb\":{\"@id\":\"https:\/\/exceladvisor.org\/de\/wenn-null-dann-leer\/#breadcrumb\"},\"inLanguage\":\"de\",\"potentialAction\":[{\"@type\":\"ReadAction\",\"target\":[\"https:\/\/exceladvisor.org\/de\/wenn-null-dann-leer\/\"]}]},{\"@type\":\"ImageObject\",\"inLanguage\":\"de\",\"@id\":\"https:\/\/exceladvisor.org\/de\/wenn-null-dann-leer\/#primaryimage\",\"url\":\"https:\/\/exceladvisor.org\/wp-content\/uploads\/2023\/08\/1-liste-de-numeros-1.png\",\"contentUrl\":\"https:\/\/exceladvisor.org\/wp-content\/uploads\/2023\/08\/1-liste-de-numeros-1.png\"},{\"@type\":\"BreadcrumbList\",\"@id\":\"https:\/\/exceladvisor.org\/de\/wenn-null-dann-leer\/#breadcrumb\",\"itemListElement\":[{\"@type\":\"ListItem\",\"position\":1,\"name\":\"Accueil\",\"item\":\"https:\/\/exceladvisor.org\/de\/\"},{\"@type\":\"ListItem\",\"position\":2,\"name\":\"Wie \u00fcberpr\u00fcfe ich, ob 0 (null) dann leer in excel ist?\"}]},{\"@type\":\"WebSite\",\"@id\":\"https:\/\/exceladvisor.org\/de\/#website\",\"url\":\"https:\/\/exceladvisor.org\/de\/\",\"name\":\"Excel Advisor\",\"description\":\"Ihr Leitfaden zur Datendominanz\",\"publisher\":{\"@id\":\"https:\/\/exceladvisor.org\/de\/#organization\"},\"potentialAction\":[{\"@type\":\"SearchAction\",\"target\":{\"@type\":\"EntryPoint\",\"urlTemplate\":\"https:\/\/exceladvisor.org\/de\/?s={search_term_string}\"},\"query-input\":{\"@type\":\"PropertyValueSpecification\",\"valueRequired\":true,\"valueName\":\"search_term_string\"}}],\"inLanguage\":\"de\"},{\"@type\":\"Organization\",\"@id\":\"https:\/\/exceladvisor.org\/de\/#organization\",\"name\":\"Excel Advisor\",\"url\":\"https:\/\/exceladvisor.org\/de\/\",\"logo\":{\"@type\":\"ImageObject\",\"inLanguage\":\"de\",\"@id\":\"https:\/\/exceladvisor.org\/de\/#\/schema\/logo\/image\/\",\"url\":\"https:\/\/exceladvisor.org\/de\/wp-content\/uploads\/2023\/11\/exceladvisor.org_.png\",\"contentUrl\":\"https:\/\/exceladvisor.org\/de\/wp-content\/uploads\/2023\/11\/exceladvisor.org_.png\",\"width\":105,\"height\":36,\"caption\":\"Excel Advisor\"},\"image\":{\"@id\":\"https:\/\/exceladvisor.org\/de\/#\/schema\/logo\/image\/\"}}]}<\/script>\n<!-- \/ Yoast SEO plugin. -->","yoast_head_json":{"title":"Wie \u00fcberpr\u00fcfe ich, ob 0 (Null) dann leer in Excel ist?","description":"In diesem Tutorial pr\u00fcfen wir, ob in einer Zelle eine 0 (Null) steht und geben dann im Formelergebnis ein Leerzeichen zur\u00fcck.","robots":{"index":"index","follow":"follow","max-snippet":"max-snippet:-1","max-image-preview":"max-image-preview:large","max-video-preview":"max-video-preview:-1"},"canonical":"https:\/\/exceladvisor.org\/de\/wenn-null-dann-leer\/","og_locale":"de_DE","og_type":"article","og_title":"Wie \u00fcberpr\u00fcfe ich, ob 0 (Null) dann leer in Excel ist?","og_description":"In diesem Tutorial pr\u00fcfen wir, ob in einer Zelle eine 0 (Null) steht und geben dann im Formelergebnis ein Leerzeichen zur\u00fcck.","og_url":"https:\/\/exceladvisor.org\/de\/wenn-null-dann-leer\/","og_site_name":"Excel Advisor","article_modified_time":"2023-12-03T13:05:15+00:00","og_image":[{"url":"https:\/\/exceladvisor.org\/wp-content\/uploads\/2023\/08\/1-liste-de-numeros-1.png","type":"","width":"","height":""}],"twitter_card":"summary_large_image","twitter_misc":{"Gesch\u00e4tzte Lesezeit":"2\u00a0Minuten"},"schema":{"@context":"https:\/\/schema.org","@graph":[{"@type":"WebPage","@id":"https:\/\/exceladvisor.org\/de\/wenn-null-dann-leer\/","url":"https:\/\/exceladvisor.org\/de\/wenn-null-dann-leer\/","name":"Wie \u00fcberpr\u00fcfe ich, ob 0 (Null) dann leer in Excel ist?","isPartOf":{"@id":"https:\/\/exceladvisor.org\/de\/#website"},"primaryImageOfPage":{"@id":"https:\/\/exceladvisor.org\/de\/wenn-null-dann-leer\/#primaryimage"},"image":{"@id":"https:\/\/exceladvisor.org\/de\/wenn-null-dann-leer\/#primaryimage"},"thumbnailUrl":"https:\/\/exceladvisor.org\/wp-content\/uploads\/2023\/08\/1-liste-de-numeros-1.png","datePublished":"2023-10-23T03:12:53+00:00","dateModified":"2023-12-03T13:05:15+00:00","description":"In diesem Tutorial pr\u00fcfen wir, ob in einer Zelle eine 0 (Null) steht und geben dann im Formelergebnis ein Leerzeichen zur\u00fcck.","breadcrumb":{"@id":"https:\/\/exceladvisor.org\/de\/wenn-null-dann-leer\/#breadcrumb"},"inLanguage":"de","potentialAction":[{"@type":"ReadAction","target":["https:\/\/exceladvisor.org\/de\/wenn-null-dann-leer\/"]}]},{"@type":"ImageObject","inLanguage":"de","@id":"https:\/\/exceladvisor.org\/de\/wenn-null-dann-leer\/#primaryimage","url":"https:\/\/exceladvisor.org\/wp-content\/uploads\/2023\/08\/1-liste-de-numeros-1.png","contentUrl":"https:\/\/exceladvisor.org\/wp-content\/uploads\/2023\/08\/1-liste-de-numeros-1.png"},{"@type":"BreadcrumbList","@id":"https:\/\/exceladvisor.org\/de\/wenn-null-dann-leer\/#breadcrumb","itemListElement":[{"@type":"ListItem","position":1,"name":"Accueil","item":"https:\/\/exceladvisor.org\/de\/"},{"@type":"ListItem","position":2,"name":"Wie \u00fcberpr\u00fcfe ich, ob 0 (null) dann leer in excel ist?"}]},{"@type":"WebSite","@id":"https:\/\/exceladvisor.org\/de\/#website","url":"https:\/\/exceladvisor.org\/de\/","name":"Excel Advisor","description":"Ihr Leitfaden zur Datendominanz","publisher":{"@id":"https:\/\/exceladvisor.org\/de\/#organization"},"potentialAction":[{"@type":"SearchAction","target":{"@type":"EntryPoint","urlTemplate":"https:\/\/exceladvisor.org\/de\/?s={search_term_string}"},"query-input":{"@type":"PropertyValueSpecification","valueRequired":true,"valueName":"search_term_string"}}],"inLanguage":"de"},{"@type":"Organization","@id":"https:\/\/exceladvisor.org\/de\/#organization","name":"Excel Advisor","url":"https:\/\/exceladvisor.org\/de\/","logo":{"@type":"ImageObject","inLanguage":"de","@id":"https:\/\/exceladvisor.org\/de\/#\/schema\/logo\/image\/","url":"https:\/\/exceladvisor.org\/de\/wp-content\/uploads\/2023\/11\/exceladvisor.org_.png","contentUrl":"https:\/\/exceladvisor.org\/de\/wp-content\/uploads\/2023\/11\/exceladvisor.org_.png","width":105,"height":36,"caption":"Excel Advisor"},"image":{"@id":"https:\/\/exceladvisor.org\/de\/#\/schema\/logo\/image\/"}}]}},"yoast_meta":{"yoast_wpseo_title":"","yoast_wpseo_metadesc":"","yoast_wpseo_canonical":""},"_links":{"self":[{"href":"https:\/\/exceladvisor.org\/de\/wp-json\/wp\/v2\/pages\/3536","targetHints":{"allow":["GET"]}}],"collection":[{"href":"https:\/\/exceladvisor.org\/de\/wp-json\/wp\/v2\/pages"}],"about":[{"href":"https:\/\/exceladvisor.org\/de\/wp-json\/wp\/v2\/types\/page"}],"author":[{"embeddable":true,"href":"https:\/\/exceladvisor.org\/de\/wp-json\/wp\/v2\/users\/1"}],"replies":[{"embeddable":true,"href":"https:\/\/exceladvisor.org\/de\/wp-json\/wp\/v2\/comments?post=3536"}],"version-history":[{"count":1,"href":"https:\/\/exceladvisor.org\/de\/wp-json\/wp\/v2\/pages\/3536\/revisions"}],"predecessor-version":[{"id":4205,"href":"https:\/\/exceladvisor.org\/de\/wp-json\/wp\/v2\/pages\/3536\/revisions\/4205"}],"wp:attachment":[{"href":"https:\/\/exceladvisor.org\/de\/wp-json\/wp\/v2\/media?parent=3536"}],"curies":[{"name":"wp","href":"https:\/\/api.w.org\/{rel}","templated":true}]}}