{"id":3537,"date":"2023-10-23T00:54:26","date_gmt":"2023-10-23T00:54:26","guid":{"rendered":"https:\/\/exceladvisor.org\/de\/summen-nicht-gleich\/"},"modified":"2023-12-03T13:05:09","modified_gmt":"2023-12-03T13:05:09","slug":"summen-nicht-gleich","status":"publish","type":"page","link":"https:\/\/exceladvisor.org\/de\/summen-nicht-gleich\/","title":{"rendered":"Wie summiere ich ungleiche werte in excel? (summewenn)"},"content":{"rendered":"<div class=\"excel-vor-dem-inhalt\" id=\"excel-685328113\"><script type=\"text\/javascript\">\r\n\tatOptions = {\r\n\t\t'key' : 'c1158f160081d6540a8409e6925dab94',\r\n\t\t'format' : 'iframe',\r\n\t\t'height' : 250,\r\n\t\t'width' : 300,\r\n\t\t'params' : {}\r\n\t};\r\n<\/script>\r\n<script type=\"text\/javascript\" src=\"\/\/www.highperformanceformat.com\/c1158f160081d6540a8409e6925dab94\/invoke.js\"><\/script><\/div> <p>Wenn Sie in Excel Werte hinzuf\u00fcgen m\u00fcssen, die nicht bestimmten Kriterien entsprechen, k\u00f6nnen Sie SUMIF oder SUMIFS verwenden. Abh\u00e4ngig von Ihren Daten k\u00f6nnen beide Funktionen genutzt werden. In diesem Tutorial betrachten wir beide Situationen.<\/p><h2 class=\"wp-block-heading\"> SUMIF ist nicht gleich<\/h2><p> Im folgenden Beispiel haben wir eine Werteliste, in der wir drei Werte haben, die 2000 sind, aber wir m\u00fcssen alle anderen Werte addieren. <\/p><div class=\"wp-block-image\"><figure class=\"aligncenter size-full is-resized\"><img loading=\"lazy\" decoding=\"async\" class=\"wp-image-66848\" src=\"https:\/\/exceladvisor.org\/wp-content\/uploads\/2023\/08\/1-somme-si-pas-egal-a.png\" sizes=\"auto, \" srcset=\"\" alt=\"Summe-ungleich\" width=\"251\" height=\"278\"><\/figure><\/div><p> Hier verwenden wir SUMIF, um das Ergebnis zu erhalten.<\/p><pre class=\"wp-block-code\"> <code class=\"language-excel-formula\" lang=\"excel-formula\">=SUMIF(A2:A14,\"&lt;&gt;2000\",A2:A14)<\/code><\/pre><ol><li> Geben Sie zun\u00e4chst in C1 \u201e=SUMIF\u201c und dann die Anfangsklammern ein. <br><img loading=\"lazy\" decoding=\"async\" title=\"2-Summen-Formel\" src=\"https:\/\/exceladvisor.org\/wp-content\/uploads\/2023\/08\/formule-2-sumif.png\" sizes=\"auto, \" srcset=\"\" alt=\"sumif-formula\" width=\"380\" height=\"299\"><\/li><li> W\u00e4hlen Sie als N\u00e4chstes den Bereich aus, in dem wir die Kriterien \u00fcberpr\u00fcfen m\u00fcssen (ungleich 2000). <br><img loading=\"lazy\" decoding=\"async\" title=\"3-Bereich-innerhalb-Summenformel\" src=\"https:\/\/exceladvisor.org\/wp-content\/uploads\/2023\/08\/3-plage-dans-la-formule-sumif.png\" sizes=\"auto, \" srcset=\"\" alt=\"range-within-sumif-formula\" width=\"392\" height=\"293\"><\/li><li> Geben Sie danach die Werte ein, die wir als Kriterium verwenden m\u00f6chten, also ungleich 2000, und daf\u00fcr m\u00fcssen wir den Ungleichheitsoperator (Vorzeichen) verwenden und ihn in doppelte Anf\u00fchrungszeichen setzen. <br><img loading=\"lazy\" decoding=\"async\" title=\"4-geben Sie Werte ein, die als Kriterien verwendet werden sollen\" src=\"https:\/\/exceladvisor.org\/wp-content\/uploads\/2023\/08\/4-entrez-les-valeurs-a-utiliser-comme-criteres.png\" sizes=\"auto, \" srcset=\"\" alt=\"enter-values-to-use-as-criteria\" width=\"397\" height=\"295\"><\/li><li> Von hier aus m\u00fcssen Sie den Bereich angeben, aus dem wir die Werte summieren m\u00fcssen. Da wir nun nur einen Bereich und denselben Bereich verwendet haben, m\u00fcssen wir diesen verwenden, um die Summe der Werte zu erhalten. <br><img loading=\"lazy\" decoding=\"async\" title=\"5 Bereiche zum Addieren von Werten\" src=\"https:\/\/exceladvisor.org\/wp-content\/uploads\/2023\/08\/5-plage-pour-additionner-les-valeurs.png\" sizes=\"auto, \" srcset=\"\" alt=\"range-to-sum-the-values\" width=\"430\" height=\"315\"><\/li><li> Geben Sie am Ende schlie\u00dfende Klammern ein und dr\u00fccken Sie die Eingabetaste. <br><img loading=\"lazy\" decoding=\"async\" title=\"6-schlie\u00dfende-Klammern eingeben\" src=\"https:\/\/exceladvisor.org\/wp-content\/uploads\/2023\/08\/6-entrez-les-parentheses-fermantes.png\" sizes=\"auto, \" srcset=\"\" alt=\"enter-closing-parentheses\" width=\"428\" height=\"316\"><\/li><\/ol><p> Wie Sie sehen, haben wir im Ergebnis 16046, was die Summe aller Werte ist, die ungleich 2000 sind.<\/p><p class=\"qt-tip\"> <strong>Hinweis:<\/strong> [sum_range] ist optional. Sie k\u00f6nnen die Angabe ignorieren und es wird immer die Gesamtsumme im Ergebnis zur\u00fcckgegeben. <\/p><div class=\"wp-block-image\"><figure class=\"aligncenter size-full is-resized\"><img loading=\"lazy\" decoding=\"async\" class=\"wp-image-66854\" src=\"https:\/\/exceladvisor.org\/wp-content\/uploads\/2023\/08\/Plage-de-saut-de-la-formule-7-sumif.png\" sizes=\"auto, \" srcset=\"\" alt=\"sumif-formel-skip-range\" width=\"423\" height=\"363\"><\/figure><\/div><pre class=\"wp-block-code\"> <code class=\"language-excel-formula\" lang=\"excel-formula\">=SUMIF(A2:A14,\"&lt;&gt;2000\")<\/code><\/pre><h2 class=\"wp-block-heading\"> SUMIFS entspricht nicht mehreren Werten (Text)<\/h2><p> Nehmen wir an, Sie m\u00fcssen Werte mithilfe mehrerer ungleicher Werte hinzuf\u00fcgen. Im folgenden Beispiel haben wir die Liste der Produkte mit Menge, und Sie m\u00fcssen die Produkte addieren, die nicht gleich A und C sind. <\/p><div class=\"wp-block-image\"><figure class=\"aligncenter size-full is-resized\"><img loading=\"lazy\" decoding=\"async\" class=\"wp-image-66855\" src=\"https:\/\/exceladvisor.org\/wp-content\/uploads\/2023\/08\/8-sumifs-non-egaux-a-plusieurs-valeurs.png\" sizes=\"auto, \" srcset=\"\" alt=\"ungleiche mehrwertige Summen\" width=\"351\" height=\"337\"><\/figure><\/div><p> Sie k\u00f6nnen die folgende Formel verwenden. <\/p><pre class=\"wp-block-code\"> <code class=\"language-excel-formula\" lang=\"excel-formula\">=SUMIFS(B2:B13,A2:A13,\"&lt;&gt;A\",A2:A13,\"&lt;&gt;C\")<\/code><\/pre><div class=\"wp-block-image\"><figure class=\"aligncenter size-full is-resized\"><img loading=\"lazy\" decoding=\"async\" class=\"wp-image-66856\" src=\"https:\/\/exceladvisor.org\/wp-content\/uploads\/2023\/08\/9-sumifs-multiples-non-egaux-aux-criteres.png\" sizes=\"auto, \" srcset=\"\" alt=\"Mehrfachsummen-nicht-gleich-den-Kriterien\" width=\"492\" height=\"402\"><\/figure><\/div><p> In den obigen Formeln haben wir das Kriterium \u201eUngleiches Vielfaches\u201c verwendet, um die Summe der restlichen Werte zu ermitteln.<\/p><div class=\"gb-container gb-container-0df56012 gb-container-mt\"> <a class=\"gb-button gb-button-f9f432f4 gb-button-text gb-button-mt-button\" href=\"https:\/\/exceladvisor.org\/de\/formeln\/\">Liste der Excel-Formeln<\/a><h2 class=\"gb-headline gb-headline-233444e8 gb-headline-text gb-headline-mt-heading\"> Verwandte Formeln <\/h2><div class=\"gb-grid-wrapper gb-grid-wrapper-a16fa65c gb-grid-wrapper-mt-grid\"><div class=\"gb-grid-column gb-grid-column-50d07e0d\"><div class=\"gb-container gb-container-50d07e0d\"><ul><li> <a href=\"https:\/\/exceladvisor.org\/de\/summe-der-werte-zwischen-zwei-daten\/\">SUMIFS-Datumsbereich (Summe der Werte zwischen zwei Datumsfeldern)<\/a><\/li><li> <a href=\"https:\/\/exceladvisor.org\/de\/sumif-suche\/\">Kombinieren Sie VLOOKUP mit SUMIF<\/a><\/li><li> <a href=\"https:\/\/exceladvisor.org\/de\/summe-falls-enthalten\/\">Summe, WENN die Zelle einen bestimmten Text enth\u00e4lt (SUMIF-Teiltext)<\/a><\/li><li> <a href=\"https:\/\/exceladvisor.org\/de\/sumif-jahr-2\/\">Summe der Werte nach Jahr (SUMIF Year)<\/a><\/li><li> <a href=\"https:\/\/exceladvisor.org\/de\/summe-nach-datum\/\">SUMIF nach Datum (Summe der Werte basierend auf einem Datum)<\/a><\/li><\/ul><\/div><\/div><\/div><\/div>","protected":false},"excerpt":{"rendered":"","protected":false},"author":1,"featured_media":0,"parent":0,"menu_order":0,"comment_status":"open","ping_status":"closed","template":"","meta":{"ub_ctt_via":"","footnotes":""},"class_list":["post-3537","page","type-page","status-publish","hentry"],"featured_image_src":null,"yoast_head":"<!-- This site is optimized with the Yoast SEO plugin v25.4 - https:\/\/yoast.com\/wordpress\/plugins\/seo\/ -->\n<title>Wie addiere ich ungleiche Werte? (SUMMEWENN)<\/title>\n<meta name=\"description\" content=\"Lernen Sie verschiedene M\u00f6glichkeiten kennen, mithilfe einfach zu befolgender Formeln unterschiedliche Werte in Excel hinzuzuf\u00fcgen.\" \/>\n<meta name=\"robots\" content=\"index, follow, max-snippet:-1, max-image-preview:large, max-video-preview:-1\" \/>\n<link rel=\"canonical\" href=\"https:\/\/exceladvisor.org\/de\/summen-nicht-gleich\/\" \/>\n<meta property=\"og:locale\" content=\"de_DE\" \/>\n<meta property=\"og:type\" content=\"article\" \/>\n<meta property=\"og:title\" content=\"Wie addiere ich ungleiche Werte? (SUMMEWENN)\" \/>\n<meta property=\"og:description\" content=\"Lernen Sie verschiedene M\u00f6glichkeiten kennen, mithilfe einfach zu befolgender Formeln unterschiedliche Werte in Excel hinzuzuf\u00fcgen.\" \/>\n<meta property=\"og:url\" content=\"https:\/\/exceladvisor.org\/de\/summen-nicht-gleich\/\" \/>\n<meta property=\"og:site_name\" content=\"Excel Advisor\" \/>\n<meta property=\"article:modified_time\" content=\"2023-12-03T13:05:09+00:00\" \/>\n<meta property=\"og:image\" content=\"https:\/\/exceladvisor.org\/wp-content\/uploads\/2023\/08\/1-somme-si-pas-egal-a.png\" \/>\n<meta name=\"twitter:card\" content=\"summary_large_image\" \/>\n<meta name=\"twitter:label1\" content=\"Gesch\u00e4tzte Lesezeit\" \/>\n\t<meta name=\"twitter:data1\" content=\"2\u00a0Minuten\" \/>\n<script type=\"application\/ld+json\" class=\"yoast-schema-graph\">{\"@context\":\"https:\/\/schema.org\",\"@graph\":[{\"@type\":\"WebPage\",\"@id\":\"https:\/\/exceladvisor.org\/de\/summen-nicht-gleich\/\",\"url\":\"https:\/\/exceladvisor.org\/de\/summen-nicht-gleich\/\",\"name\":\"Wie addiere ich ungleiche Werte? (SUMMEWENN)\",\"isPartOf\":{\"@id\":\"https:\/\/exceladvisor.org\/de\/#website\"},\"primaryImageOfPage\":{\"@id\":\"https:\/\/exceladvisor.org\/de\/summen-nicht-gleich\/#primaryimage\"},\"image\":{\"@id\":\"https:\/\/exceladvisor.org\/de\/summen-nicht-gleich\/#primaryimage\"},\"thumbnailUrl\":\"https:\/\/exceladvisor.org\/wp-content\/uploads\/2023\/08\/1-somme-si-pas-egal-a.png\",\"datePublished\":\"2023-10-23T00:54:26+00:00\",\"dateModified\":\"2023-12-03T13:05:09+00:00\",\"description\":\"Lernen Sie verschiedene M\u00f6glichkeiten kennen, mithilfe einfach zu befolgender Formeln unterschiedliche Werte in Excel hinzuzuf\u00fcgen.\",\"breadcrumb\":{\"@id\":\"https:\/\/exceladvisor.org\/de\/summen-nicht-gleich\/#breadcrumb\"},\"inLanguage\":\"de\",\"potentialAction\":[{\"@type\":\"ReadAction\",\"target\":[\"https:\/\/exceladvisor.org\/de\/summen-nicht-gleich\/\"]}]},{\"@type\":\"ImageObject\",\"inLanguage\":\"de\",\"@id\":\"https:\/\/exceladvisor.org\/de\/summen-nicht-gleich\/#primaryimage\",\"url\":\"https:\/\/exceladvisor.org\/wp-content\/uploads\/2023\/08\/1-somme-si-pas-egal-a.png\",\"contentUrl\":\"https:\/\/exceladvisor.org\/wp-content\/uploads\/2023\/08\/1-somme-si-pas-egal-a.png\"},{\"@type\":\"BreadcrumbList\",\"@id\":\"https:\/\/exceladvisor.org\/de\/summen-nicht-gleich\/#breadcrumb\",\"itemListElement\":[{\"@type\":\"ListItem\",\"position\":1,\"name\":\"Accueil\",\"item\":\"https:\/\/exceladvisor.org\/de\/\"},{\"@type\":\"ListItem\",\"position\":2,\"name\":\"Wie summiere ich ungleiche werte in excel? (summewenn)\"}]},{\"@type\":\"WebSite\",\"@id\":\"https:\/\/exceladvisor.org\/de\/#website\",\"url\":\"https:\/\/exceladvisor.org\/de\/\",\"name\":\"Excel Advisor\",\"description\":\"Ihr Leitfaden zur Datendominanz\",\"publisher\":{\"@id\":\"https:\/\/exceladvisor.org\/de\/#organization\"},\"potentialAction\":[{\"@type\":\"SearchAction\",\"target\":{\"@type\":\"EntryPoint\",\"urlTemplate\":\"https:\/\/exceladvisor.org\/de\/?s={search_term_string}\"},\"query-input\":{\"@type\":\"PropertyValueSpecification\",\"valueRequired\":true,\"valueName\":\"search_term_string\"}}],\"inLanguage\":\"de\"},{\"@type\":\"Organization\",\"@id\":\"https:\/\/exceladvisor.org\/de\/#organization\",\"name\":\"Excel Advisor\",\"url\":\"https:\/\/exceladvisor.org\/de\/\",\"logo\":{\"@type\":\"ImageObject\",\"inLanguage\":\"de\",\"@id\":\"https:\/\/exceladvisor.org\/de\/#\/schema\/logo\/image\/\",\"url\":\"https:\/\/exceladvisor.org\/de\/wp-content\/uploads\/2023\/11\/exceladvisor.org_.png\",\"contentUrl\":\"https:\/\/exceladvisor.org\/de\/wp-content\/uploads\/2023\/11\/exceladvisor.org_.png\",\"width\":105,\"height\":36,\"caption\":\"Excel Advisor\"},\"image\":{\"@id\":\"https:\/\/exceladvisor.org\/de\/#\/schema\/logo\/image\/\"}}]}<\/script>\n<!-- \/ Yoast SEO plugin. -->","yoast_head_json":{"title":"Wie addiere ich ungleiche Werte? (SUMMEWENN)","description":"Lernen Sie verschiedene M\u00f6glichkeiten kennen, mithilfe einfach zu befolgender Formeln unterschiedliche Werte in Excel hinzuzuf\u00fcgen.","robots":{"index":"index","follow":"follow","max-snippet":"max-snippet:-1","max-image-preview":"max-image-preview:large","max-video-preview":"max-video-preview:-1"},"canonical":"https:\/\/exceladvisor.org\/de\/summen-nicht-gleich\/","og_locale":"de_DE","og_type":"article","og_title":"Wie addiere ich ungleiche Werte? (SUMMEWENN)","og_description":"Lernen Sie verschiedene M\u00f6glichkeiten kennen, mithilfe einfach zu befolgender Formeln unterschiedliche Werte in Excel hinzuzuf\u00fcgen.","og_url":"https:\/\/exceladvisor.org\/de\/summen-nicht-gleich\/","og_site_name":"Excel Advisor","article_modified_time":"2023-12-03T13:05:09+00:00","og_image":[{"url":"https:\/\/exceladvisor.org\/wp-content\/uploads\/2023\/08\/1-somme-si-pas-egal-a.png","type":"","width":"","height":""}],"twitter_card":"summary_large_image","twitter_misc":{"Gesch\u00e4tzte Lesezeit":"2\u00a0Minuten"},"schema":{"@context":"https:\/\/schema.org","@graph":[{"@type":"WebPage","@id":"https:\/\/exceladvisor.org\/de\/summen-nicht-gleich\/","url":"https:\/\/exceladvisor.org\/de\/summen-nicht-gleich\/","name":"Wie addiere ich ungleiche Werte? (SUMMEWENN)","isPartOf":{"@id":"https:\/\/exceladvisor.org\/de\/#website"},"primaryImageOfPage":{"@id":"https:\/\/exceladvisor.org\/de\/summen-nicht-gleich\/#primaryimage"},"image":{"@id":"https:\/\/exceladvisor.org\/de\/summen-nicht-gleich\/#primaryimage"},"thumbnailUrl":"https:\/\/exceladvisor.org\/wp-content\/uploads\/2023\/08\/1-somme-si-pas-egal-a.png","datePublished":"2023-10-23T00:54:26+00:00","dateModified":"2023-12-03T13:05:09+00:00","description":"Lernen Sie verschiedene M\u00f6glichkeiten kennen, mithilfe einfach zu befolgender Formeln unterschiedliche Werte in Excel hinzuzuf\u00fcgen.","breadcrumb":{"@id":"https:\/\/exceladvisor.org\/de\/summen-nicht-gleich\/#breadcrumb"},"inLanguage":"de","potentialAction":[{"@type":"ReadAction","target":["https:\/\/exceladvisor.org\/de\/summen-nicht-gleich\/"]}]},{"@type":"ImageObject","inLanguage":"de","@id":"https:\/\/exceladvisor.org\/de\/summen-nicht-gleich\/#primaryimage","url":"https:\/\/exceladvisor.org\/wp-content\/uploads\/2023\/08\/1-somme-si-pas-egal-a.png","contentUrl":"https:\/\/exceladvisor.org\/wp-content\/uploads\/2023\/08\/1-somme-si-pas-egal-a.png"},{"@type":"BreadcrumbList","@id":"https:\/\/exceladvisor.org\/de\/summen-nicht-gleich\/#breadcrumb","itemListElement":[{"@type":"ListItem","position":1,"name":"Accueil","item":"https:\/\/exceladvisor.org\/de\/"},{"@type":"ListItem","position":2,"name":"Wie summiere ich ungleiche werte in excel? (summewenn)"}]},{"@type":"WebSite","@id":"https:\/\/exceladvisor.org\/de\/#website","url":"https:\/\/exceladvisor.org\/de\/","name":"Excel Advisor","description":"Ihr Leitfaden zur Datendominanz","publisher":{"@id":"https:\/\/exceladvisor.org\/de\/#organization"},"potentialAction":[{"@type":"SearchAction","target":{"@type":"EntryPoint","urlTemplate":"https:\/\/exceladvisor.org\/de\/?s={search_term_string}"},"query-input":{"@type":"PropertyValueSpecification","valueRequired":true,"valueName":"search_term_string"}}],"inLanguage":"de"},{"@type":"Organization","@id":"https:\/\/exceladvisor.org\/de\/#organization","name":"Excel Advisor","url":"https:\/\/exceladvisor.org\/de\/","logo":{"@type":"ImageObject","inLanguage":"de","@id":"https:\/\/exceladvisor.org\/de\/#\/schema\/logo\/image\/","url":"https:\/\/exceladvisor.org\/de\/wp-content\/uploads\/2023\/11\/exceladvisor.org_.png","contentUrl":"https:\/\/exceladvisor.org\/de\/wp-content\/uploads\/2023\/11\/exceladvisor.org_.png","width":105,"height":36,"caption":"Excel Advisor"},"image":{"@id":"https:\/\/exceladvisor.org\/de\/#\/schema\/logo\/image\/"}}]}},"yoast_meta":{"yoast_wpseo_title":"","yoast_wpseo_metadesc":"","yoast_wpseo_canonical":""},"_links":{"self":[{"href":"https:\/\/exceladvisor.org\/de\/wp-json\/wp\/v2\/pages\/3537","targetHints":{"allow":["GET"]}}],"collection":[{"href":"https:\/\/exceladvisor.org\/de\/wp-json\/wp\/v2\/pages"}],"about":[{"href":"https:\/\/exceladvisor.org\/de\/wp-json\/wp\/v2\/types\/page"}],"author":[{"embeddable":true,"href":"https:\/\/exceladvisor.org\/de\/wp-json\/wp\/v2\/users\/1"}],"replies":[{"embeddable":true,"href":"https:\/\/exceladvisor.org\/de\/wp-json\/wp\/v2\/comments?post=3537"}],"version-history":[{"count":1,"href":"https:\/\/exceladvisor.org\/de\/wp-json\/wp\/v2\/pages\/3537\/revisions"}],"predecessor-version":[{"id":4199,"href":"https:\/\/exceladvisor.org\/de\/wp-json\/wp\/v2\/pages\/3537\/revisions\/4199"}],"wp:attachment":[{"href":"https:\/\/exceladvisor.org\/de\/wp-json\/wp\/v2\/media?parent=3537"}],"curies":[{"name":"wp","href":"https:\/\/api.w.org\/{rel}","templated":true}]}}