{"id":3538,"date":"2023-10-23T00:01:03","date_gmt":"2023-10-23T00:01:03","guid":{"rendered":"https:\/\/exceladvisor.org\/de\/zahle-gegen-zahlung\/"},"modified":"2023-12-03T11:13:09","modified_gmt":"2023-12-03T11:13:09","slug":"zahle-gegen-zahlung","status":"publish","type":"page","link":"https:\/\/exceladvisor.org\/de\/zahle-gegen-zahlung\/","title":{"rendered":"Was ist der unterschied zwischen count und counta?"},"content":{"rendered":"<div class=\"excel-vor-dem-inhalt\" id=\"excel-3041767219\"><script type=\"text\/javascript\">\r\n\tatOptions = {\r\n\t\t'key' : 'c1158f160081d6540a8409e6925dab94',\r\n\t\t'format' : 'iframe',\r\n\t\t'height' : 250,\r\n\t\t'width' : 300,\r\n\t\t'params' : {}\r\n\t};\r\n<\/script>\r\n<script type=\"text\/javascript\" src=\"\/\/www.highperformanceformat.com\/c1158f160081d6540a8409e6925dab94\/invoke.js\"><\/script><\/div> <p>In Excel gibt es zwei h\u00e4ufig verwendete Funktionen COUNT und COUNTA. Beide Funktionen funktionieren gleich, der gro\u00dfe Unterschied besteht jedoch darin, dass man wissen muss, wie man sie optimal nutzt.<\/p><ul><li> <strong>COUNT<\/strong> : Diese Funktion z\u00e4hlt die Zellen, in denen Sie eine Zahl als Wert in der Zelle haben. Wenn Sie beispielsweise 5 Zellen im Bereich A1:A10 mit numerischen Werten haben, gibt COUNT im Ergebnis 5 zur\u00fcck.<\/li><li> <strong>COUNTA<\/strong> : Diese Funktion z\u00e4hlt Zellen, in denen Sie Werte haben, d. h. Zellen, die nicht leer oder leer sind. Wenn Sie beispielsweise 7 Zellen im Bereich A1:A10 mit Werten haben, wird im Ergebnis 7 zur\u00fcckgegeben. <\/li><\/ul><div class=\"wp-block-image\"><figure class=\"aligncenter size-full is-resized\"><img loading=\"lazy\" decoding=\"async\" class=\"wp-image-70604\" src=\"https:\/\/exceladvisor.org\/wp-content\/uploads\/2023\/08\/1-compte-contre-comptea.png\" sizes=\"auto, \" srcset=\"\" alt=\"Z\u00e4hlen-gegen-Z\u00e4hlen\" width=\"480\" height=\"331\"><\/figure><\/div><h2 class=\"wp-block-heading\"> Beispiel zum Verst\u00e4ndnis des Unterschieds (COUNT vs. COUNTA)<\/h2><p> Im folgenden Beispiel haben wir eine Werteliste in Spalte A, in der wir verschiedene Arten von Werten haben, darunter Zahlen, Text, Symbole und leere Werte. <\/p><div class=\"wp-block-image\"><figure class=\"aligncenter size-full is-resized\"><img loading=\"lazy\" decoding=\"async\" class=\"wp-image-70605\" src=\"https:\/\/exceladvisor.org\/wp-content\/uploads\/2023\/08\/2-cellules-avec-des-valeurs-differentes.png\" sizes=\"auto, \" srcset=\"\" alt=\"Zellen mit unterschiedlichen Werten\" width=\"330\" height=\"427\"><\/figure><\/div><p> Wenn Sie nun die COUNT-Funktion verwenden, wird im Ergebnis 3 zur\u00fcckgegeben, da nur drei von 9 Werten Zahlen sind. <\/p><div class=\"wp-block-image\"><figure class=\"aligncenter size-full is-resized\"><img loading=\"lazy\" decoding=\"async\" class=\"wp-image-70606\" src=\"https:\/\/exceladvisor.org\/wp-content\/uploads\/2023\/08\/3-utiliser-la-formule-de-comptage.png\" sizes=\"auto, \" srcset=\"\" alt=\"Verwenden Sie die Z\u00e4hlformel\" width=\"417\" height=\"403\"><\/figure><\/div><p> Wenn Sie jedoch die COUNTA-Funktion f\u00fcr denselben Bereich verwenden, wird im Ergebnis 9 zur\u00fcckgegeben, da wir 9 Zellen mit dem Wert im Bereich haben. <\/p><div class=\"wp-block-image\"><figure class=\"aligncenter size-full is-resized\"><img loading=\"lazy\" decoding=\"async\" class=\"wp-image-70607\" src=\"https:\/\/exceladvisor.org\/wp-content\/uploads\/2023\/08\/4-utiliser-la-formule-counta.png\" sizes=\"auto, \" srcset=\"\" alt=\"Verwenden Sie die Counta-Formel\" width=\"381\" height=\"390\"><\/figure><\/div><h2 class=\"wp-block-heading\"> Welche Funktion ist zwischen diesen beiden besser?<\/h2><p> Beide Funktionen sind n\u00fctzlich und einfach zu verwenden, aber im realen Szenario ist COUNTA sinnvoller, da es Ihnen beim Z\u00e4hlen von Zellen mit h\u00e4ufigeren Werten helfen kann als beim Z\u00e4hlen von Zellen mit Zahlen. Aber das macht die COUNT-Funktion nicht weniger n\u00fctzlich, Menschen, die Daten analysieren, verwenden die COUNT-Funktion h\u00e4ufig.<\/p><div class=\"gb-container gb-container-0df56012 gb-container-mt\"> <a class=\"gb-button gb-button-f9f432f4 gb-button-text gb-button-mt-button\" href=\"https:\/\/exceladvisor.org\/de\/formeln\/\">Liste der Excel-Formeln<\/a><h2 class=\"gb-headline gb-headline-233444e8 gb-headline-text gb-headline-mt-heading\"> Verwandte Formeln <\/h2><div class=\"gb-grid-wrapper gb-grid-wrapper-a16fa65c gb-grid-wrapper-mt-grid\"><div class=\"gb-grid-column gb-grid-column-50d07e0d\"><div class=\"gb-container gb-container-50d07e0d\"><ul><li> <a href=\"https:\/\/exceladvisor.org\/de\/zellen-mit-text-zahlen\/\">Z\u00e4hlen Sie Zellen mit Text in Excel<\/a><\/li><li> <a href=\"https:\/\/exceladvisor.org\/de\/zahlen-sie-bestimmte-zeichen\/\">Z\u00e4hlen Sie bestimmte Zeichen in Excel<\/a><\/li><li> <a href=\"https:\/\/exceladvisor.org\/de\/zahlen-sie-die-gesamtzahl-der-zellen\/\">Z\u00e4hlen Sie die Gesamtzahl der Zellen in einem Bereich in Excel<\/a><\/li><li> <a href=\"https:\/\/exceladvisor.org\/de\/eindeutige-werte-zahlen-1\/\">Z\u00e4hlen Sie eindeutige Werte in Excel<\/a><\/li><\/ul><\/div><\/div><\/div><\/div>","protected":false},"excerpt":{"rendered":"","protected":false},"author":1,"featured_media":0,"parent":0,"menu_order":0,"comment_status":"open","ping_status":"closed","template":"","meta":{"ub_ctt_via":"","footnotes":""},"class_list":["post-3538","page","type-page","status-publish","hentry"],"featured_image_src":null,"yoast_head":"<!-- This site is optimized with the Yoast SEO plugin v25.4 - https:\/\/yoast.com\/wordpress\/plugins\/seo\/ -->\n<title>Was ist der Unterschied zwischen COUNT und COUNTA in Excel?<\/title>\n<meta name=\"description\" content=\"In diesem Formel-Tutorial lernen wir den Unterschied zwischen der COUNT-Funktion und der COUNTA-Funktion in Excel kennen.\" \/>\n<meta name=\"robots\" content=\"index, follow, max-snippet:-1, max-image-preview:large, max-video-preview:-1\" \/>\n<link rel=\"canonical\" href=\"https:\/\/exceladvisor.org\/de\/zahle-gegen-zahlung\/\" \/>\n<meta property=\"og:locale\" content=\"de_DE\" \/>\n<meta property=\"og:type\" content=\"article\" \/>\n<meta property=\"og:title\" content=\"Was ist der Unterschied zwischen COUNT und COUNTA in Excel?\" \/>\n<meta property=\"og:description\" content=\"In diesem Formel-Tutorial lernen wir den Unterschied zwischen der COUNT-Funktion und der COUNTA-Funktion in Excel kennen.\" \/>\n<meta property=\"og:url\" content=\"https:\/\/exceladvisor.org\/de\/zahle-gegen-zahlung\/\" \/>\n<meta property=\"og:site_name\" content=\"Excel Advisor\" \/>\n<meta property=\"article:modified_time\" content=\"2023-12-03T11:13:09+00:00\" \/>\n<meta property=\"og:image\" content=\"https:\/\/exceladvisor.org\/wp-content\/uploads\/2023\/08\/1-compte-contre-comptea.png\" \/>\n<meta name=\"twitter:card\" content=\"summary_large_image\" \/>\n<meta name=\"twitter:label1\" content=\"Gesch\u00e4tzte Lesezeit\" \/>\n\t<meta name=\"twitter:data1\" content=\"1\u00a0Minute\" \/>\n<script type=\"application\/ld+json\" class=\"yoast-schema-graph\">{\"@context\":\"https:\/\/schema.org\",\"@graph\":[{\"@type\":\"WebPage\",\"@id\":\"https:\/\/exceladvisor.org\/de\/zahle-gegen-zahlung\/\",\"url\":\"https:\/\/exceladvisor.org\/de\/zahle-gegen-zahlung\/\",\"name\":\"Was ist der Unterschied zwischen COUNT und COUNTA in Excel?\",\"isPartOf\":{\"@id\":\"https:\/\/exceladvisor.org\/de\/#website\"},\"primaryImageOfPage\":{\"@id\":\"https:\/\/exceladvisor.org\/de\/zahle-gegen-zahlung\/#primaryimage\"},\"image\":{\"@id\":\"https:\/\/exceladvisor.org\/de\/zahle-gegen-zahlung\/#primaryimage\"},\"thumbnailUrl\":\"https:\/\/exceladvisor.org\/wp-content\/uploads\/2023\/08\/1-compte-contre-comptea.png\",\"datePublished\":\"2023-10-23T00:01:03+00:00\",\"dateModified\":\"2023-12-03T11:13:09+00:00\",\"description\":\"In diesem Formel-Tutorial lernen wir den Unterschied zwischen der COUNT-Funktion und der COUNTA-Funktion in Excel kennen.\",\"breadcrumb\":{\"@id\":\"https:\/\/exceladvisor.org\/de\/zahle-gegen-zahlung\/#breadcrumb\"},\"inLanguage\":\"de\",\"potentialAction\":[{\"@type\":\"ReadAction\",\"target\":[\"https:\/\/exceladvisor.org\/de\/zahle-gegen-zahlung\/\"]}]},{\"@type\":\"ImageObject\",\"inLanguage\":\"de\",\"@id\":\"https:\/\/exceladvisor.org\/de\/zahle-gegen-zahlung\/#primaryimage\",\"url\":\"https:\/\/exceladvisor.org\/wp-content\/uploads\/2023\/08\/1-compte-contre-comptea.png\",\"contentUrl\":\"https:\/\/exceladvisor.org\/wp-content\/uploads\/2023\/08\/1-compte-contre-comptea.png\"},{\"@type\":\"BreadcrumbList\",\"@id\":\"https:\/\/exceladvisor.org\/de\/zahle-gegen-zahlung\/#breadcrumb\",\"itemListElement\":[{\"@type\":\"ListItem\",\"position\":1,\"name\":\"Accueil\",\"item\":\"https:\/\/exceladvisor.org\/de\/\"},{\"@type\":\"ListItem\",\"position\":2,\"name\":\"Was ist der unterschied zwischen count und counta?\"}]},{\"@type\":\"WebSite\",\"@id\":\"https:\/\/exceladvisor.org\/de\/#website\",\"url\":\"https:\/\/exceladvisor.org\/de\/\",\"name\":\"Excel Advisor\",\"description\":\"Ihr Leitfaden zur Datendominanz\",\"publisher\":{\"@id\":\"https:\/\/exceladvisor.org\/de\/#organization\"},\"potentialAction\":[{\"@type\":\"SearchAction\",\"target\":{\"@type\":\"EntryPoint\",\"urlTemplate\":\"https:\/\/exceladvisor.org\/de\/?s={search_term_string}\"},\"query-input\":{\"@type\":\"PropertyValueSpecification\",\"valueRequired\":true,\"valueName\":\"search_term_string\"}}],\"inLanguage\":\"de\"},{\"@type\":\"Organization\",\"@id\":\"https:\/\/exceladvisor.org\/de\/#organization\",\"name\":\"Excel Advisor\",\"url\":\"https:\/\/exceladvisor.org\/de\/\",\"logo\":{\"@type\":\"ImageObject\",\"inLanguage\":\"de\",\"@id\":\"https:\/\/exceladvisor.org\/de\/#\/schema\/logo\/image\/\",\"url\":\"https:\/\/exceladvisor.org\/de\/wp-content\/uploads\/2023\/11\/exceladvisor.org_.png\",\"contentUrl\":\"https:\/\/exceladvisor.org\/de\/wp-content\/uploads\/2023\/11\/exceladvisor.org_.png\",\"width\":105,\"height\":36,\"caption\":\"Excel Advisor\"},\"image\":{\"@id\":\"https:\/\/exceladvisor.org\/de\/#\/schema\/logo\/image\/\"}}]}<\/script>\n<!-- \/ Yoast SEO plugin. -->","yoast_head_json":{"title":"Was ist der Unterschied zwischen COUNT und COUNTA in Excel?","description":"In diesem Formel-Tutorial lernen wir den Unterschied zwischen der COUNT-Funktion und der COUNTA-Funktion in Excel kennen.","robots":{"index":"index","follow":"follow","max-snippet":"max-snippet:-1","max-image-preview":"max-image-preview:large","max-video-preview":"max-video-preview:-1"},"canonical":"https:\/\/exceladvisor.org\/de\/zahle-gegen-zahlung\/","og_locale":"de_DE","og_type":"article","og_title":"Was ist der Unterschied zwischen COUNT und COUNTA in Excel?","og_description":"In diesem Formel-Tutorial lernen wir den Unterschied zwischen der COUNT-Funktion und der COUNTA-Funktion in Excel kennen.","og_url":"https:\/\/exceladvisor.org\/de\/zahle-gegen-zahlung\/","og_site_name":"Excel Advisor","article_modified_time":"2023-12-03T11:13:09+00:00","og_image":[{"url":"https:\/\/exceladvisor.org\/wp-content\/uploads\/2023\/08\/1-compte-contre-comptea.png","type":"","width":"","height":""}],"twitter_card":"summary_large_image","twitter_misc":{"Gesch\u00e4tzte Lesezeit":"1\u00a0Minute"},"schema":{"@context":"https:\/\/schema.org","@graph":[{"@type":"WebPage","@id":"https:\/\/exceladvisor.org\/de\/zahle-gegen-zahlung\/","url":"https:\/\/exceladvisor.org\/de\/zahle-gegen-zahlung\/","name":"Was ist der Unterschied zwischen COUNT und COUNTA in Excel?","isPartOf":{"@id":"https:\/\/exceladvisor.org\/de\/#website"},"primaryImageOfPage":{"@id":"https:\/\/exceladvisor.org\/de\/zahle-gegen-zahlung\/#primaryimage"},"image":{"@id":"https:\/\/exceladvisor.org\/de\/zahle-gegen-zahlung\/#primaryimage"},"thumbnailUrl":"https:\/\/exceladvisor.org\/wp-content\/uploads\/2023\/08\/1-compte-contre-comptea.png","datePublished":"2023-10-23T00:01:03+00:00","dateModified":"2023-12-03T11:13:09+00:00","description":"In diesem Formel-Tutorial lernen wir den Unterschied zwischen der COUNT-Funktion und der COUNTA-Funktion in Excel kennen.","breadcrumb":{"@id":"https:\/\/exceladvisor.org\/de\/zahle-gegen-zahlung\/#breadcrumb"},"inLanguage":"de","potentialAction":[{"@type":"ReadAction","target":["https:\/\/exceladvisor.org\/de\/zahle-gegen-zahlung\/"]}]},{"@type":"ImageObject","inLanguage":"de","@id":"https:\/\/exceladvisor.org\/de\/zahle-gegen-zahlung\/#primaryimage","url":"https:\/\/exceladvisor.org\/wp-content\/uploads\/2023\/08\/1-compte-contre-comptea.png","contentUrl":"https:\/\/exceladvisor.org\/wp-content\/uploads\/2023\/08\/1-compte-contre-comptea.png"},{"@type":"BreadcrumbList","@id":"https:\/\/exceladvisor.org\/de\/zahle-gegen-zahlung\/#breadcrumb","itemListElement":[{"@type":"ListItem","position":1,"name":"Accueil","item":"https:\/\/exceladvisor.org\/de\/"},{"@type":"ListItem","position":2,"name":"Was ist der unterschied zwischen count und counta?"}]},{"@type":"WebSite","@id":"https:\/\/exceladvisor.org\/de\/#website","url":"https:\/\/exceladvisor.org\/de\/","name":"Excel Advisor","description":"Ihr Leitfaden zur Datendominanz","publisher":{"@id":"https:\/\/exceladvisor.org\/de\/#organization"},"potentialAction":[{"@type":"SearchAction","target":{"@type":"EntryPoint","urlTemplate":"https:\/\/exceladvisor.org\/de\/?s={search_term_string}"},"query-input":{"@type":"PropertyValueSpecification","valueRequired":true,"valueName":"search_term_string"}}],"inLanguage":"de"},{"@type":"Organization","@id":"https:\/\/exceladvisor.org\/de\/#organization","name":"Excel Advisor","url":"https:\/\/exceladvisor.org\/de\/","logo":{"@type":"ImageObject","inLanguage":"de","@id":"https:\/\/exceladvisor.org\/de\/#\/schema\/logo\/image\/","url":"https:\/\/exceladvisor.org\/de\/wp-content\/uploads\/2023\/11\/exceladvisor.org_.png","contentUrl":"https:\/\/exceladvisor.org\/de\/wp-content\/uploads\/2023\/11\/exceladvisor.org_.png","width":105,"height":36,"caption":"Excel Advisor"},"image":{"@id":"https:\/\/exceladvisor.org\/de\/#\/schema\/logo\/image\/"}}]}},"yoast_meta":{"yoast_wpseo_title":"","yoast_wpseo_metadesc":"","yoast_wpseo_canonical":""},"_links":{"self":[{"href":"https:\/\/exceladvisor.org\/de\/wp-json\/wp\/v2\/pages\/3538","targetHints":{"allow":["GET"]}}],"collection":[{"href":"https:\/\/exceladvisor.org\/de\/wp-json\/wp\/v2\/pages"}],"about":[{"href":"https:\/\/exceladvisor.org\/de\/wp-json\/wp\/v2\/types\/page"}],"author":[{"embeddable":true,"href":"https:\/\/exceladvisor.org\/de\/wp-json\/wp\/v2\/users\/1"}],"replies":[{"embeddable":true,"href":"https:\/\/exceladvisor.org\/de\/wp-json\/wp\/v2\/comments?post=3538"}],"version-history":[{"count":1,"href":"https:\/\/exceladvisor.org\/de\/wp-json\/wp\/v2\/pages\/3538\/revisions"}],"predecessor-version":[{"id":3813,"href":"https:\/\/exceladvisor.org\/de\/wp-json\/wp\/v2\/pages\/3538\/revisions\/3813"}],"wp:attachment":[{"href":"https:\/\/exceladvisor.org\/de\/wp-json\/wp\/v2\/media?parent=3538"}],"curies":[{"name":"wp","href":"https:\/\/api.w.org\/{rel}","templated":true}]}}