{"id":3539,"date":"2023-10-22T23:58:21","date_gmt":"2023-10-22T23:58:21","guid":{"rendered":"https:\/\/exceladvisor.org\/de\/grosser-als-gleich\/"},"modified":"2023-12-03T13:05:47","modified_gmt":"2023-12-03T13:05:47","slug":"grosser-als-gleich","status":"publish","type":"page","link":"https:\/\/exceladvisor.org\/de\/grosser-als-gleich\/","title":{"rendered":"Wie verwende ich den operator \u201egr\u00f6\u00dfer als\u201c (&gt;) und \u201egleich\u201c (=)?"},"content":{"rendered":"<div class=\"excel-vor-dem-inhalt\" id=\"excel-1408438345\"><script type=\"text\/javascript\">\r\n\tatOptions = {\r\n\t\t'key' : 'c1158f160081d6540a8409e6925dab94',\r\n\t\t'format' : 'iframe',\r\n\t\t'height' : 250,\r\n\t\t'width' : 300,\r\n\t\t'params' : {}\r\n\t};\r\n<\/script>\r\n<script type=\"text\/javascript\" src=\"\/\/www.highperformanceformat.com\/c1158f160081d6540a8409e6925dab94\/invoke.js\"><\/script><\/div> <p>Sie k\u00f6nnen den Gr\u00f6\u00dfer-als-gleich-Operator in Excel verwenden, um eine logische Bedingung zu testen.<\/p><ul><li> Gr\u00f6\u00dfer als: &gt;<\/li><li> Gleich: =<\/li><li> Gr\u00f6\u00dfer oder gleich: ( <strong>&gt;=<\/strong> ) <\/li><\/ul><div class=\"wp-block-image\"><figure class=\"aligncenter size-full is-resized\"><img loading=\"lazy\" decoding=\"async\" class=\"wp-image-84427\" src=\"https:\/\/exceladvisor.org\/wp-content\/uploads\/2023\/08\/1-superieur-a-egal-aux-symboles.png\" sizes=\"auto, \" srcset=\"\" alt=\"Symbole gr\u00f6\u00dfer als gleich\" width=\"515\" height=\"272\"><\/figure><\/div><p> Und in diesem Tutorial werden wir uns Beispiele ansehen, um dies zu verstehen.<\/p><h2 class=\"wp-block-heading\"> Schreiben Sie eine Formel mit \u201eGr\u00f6\u00dfer als oder gleich\u201c.<\/h2><ol type=\"1\"><li> Geben Sie = in eine Zelle ein, um mit der Formel zu beginnen.<\/li><li> Geben Sie den ersten Wert ein oder beziehen Sie sich auf die Zelle.<\/li><li> Geben Sie (&gt;=) ein.<\/li><li> Geben Sie den zweiten Wert ein oder beziehen Sie sich auf die Zelle.<\/li><li> Dr\u00fccken Sie die Eingabetaste, um das Ergebnis zu erhalten. <\/li><\/ol><div class=\"wp-block-image\"><figure class=\"aligncenter size-full is-resized\"><img loading=\"lazy\" decoding=\"async\" class=\"wp-image-84428\" src=\"https:\/\/exceladvisor.org\/wp-content\/uploads\/2023\/08\/2-formule-utilisant-superieur-et-egal-a.png\" sizes=\"auto, \" srcset=\"\" alt=\"Formel-mit-gr\u00f6\u00dfer-und-gleich\" width=\"550\" height=\"231\"><\/figure><\/div><p> Wenn Sie den Operator \u201eGr\u00f6\u00dfer als oder gleich\u201c verwenden, m\u00fcssen Sie zun\u00e4chst auf den Wert verweisen, den Sie testen m\u00f6chten. Im obigen Beispiel haben wir 4 getestet, daher haben wir uns zuerst darauf bezogen.<\/p><h2 class=\"wp-block-heading\"> Nur gr\u00f6\u00dfer als (&gt;)<\/h2><p> Der Gr\u00f6\u00dfer-als-Operator in Excel wird in Ihren mathematischen Berechnungen verwendet. Sie k\u00f6nnen diesen Operator \u00fcber Ihre Tastatur eingeben. Im Beispiel unten sehen Sie, dass wir eine Bedingung haben, um zu testen, ob 4 gr\u00f6\u00dfer als 3 ist, und im Ergebnis haben wir TRUE. <\/p><div class=\"wp-block-image\"><figure class=\"aligncenter size-full is-resized\"><img loading=\"lazy\" decoding=\"async\" class=\"wp-image-84429\" src=\"https:\/\/exceladvisor.org\/wp-content\/uploads\/2023\/08\/3-conditions-a-tester.png\" sizes=\"auto, \" srcset=\"\" alt=\"Bedingung zum Testen\" width=\"447\" height=\"253\"><\/figure><\/div><p> Und im Ergebnis haben wir TRUE, was bedeutet, dass die Bedingung TRUE ist, also 4 gr\u00f6\u00dfer als 3 ist.<\/p><h2 class=\"wp-block-heading\"> Nur gleich (=)<\/h2><p> Sie k\u00f6nnen eine Bedingung auch nur mit dem Gleichheitszeichen (=) testen. Im folgenden Beispiel haben wir also (=4=3), wobei wir testen, ob 4 gleich 3 ist. <\/p><div class=\"wp-block-image\"><figure class=\"aligncenter size-full\"><img loading=\"lazy\" decoding=\"async\" class=\"wp-image-84430\" src=\"https:\/\/exceladvisor.org\/wp-content\/uploads\/2023\/08\/4-conditions-a-tester-avec-seulement-egal-a.png\" sizes=\"auto, \" srcset=\"\" alt=\"Bedingung, die nur mit Gleichheit getestet werden soll\" width=\"529\" height=\"267\"><\/figure><\/div><p> Im Ergebnis haben wir FALSCH, weil 4 nicht gleich 3 ist.<\/p>","protected":false},"excerpt":{"rendered":"","protected":false},"author":1,"featured_media":0,"parent":0,"menu_order":0,"comment_status":"open","ping_status":"closed","template":"","meta":{"ub_ctt_via":"","footnotes":""},"class_list":["post-3539","page","type-page","status-publish","hentry"],"featured_image_src":null,"yoast_head":"<!-- This site is optimized with the Yoast SEO plugin v25.4 - https:\/\/yoast.com\/wordpress\/plugins\/seo\/ -->\n<title>Wie verwende ich den Operator \u201eGr\u00f6\u00dfer als\u201c (&gt;) und \u201eGleich\u201c (=)?<\/title>\n<meta name=\"description\" content=\"In diesem Tutorial erfahren Sie, wie Sie eine Excel-Formel schreiben, um die Operatoren \u201eGr\u00f6\u00dfer als\u201c (&gt;) und \u201eGleich\u201c (=) in Excel zu verwenden. Lassen Sie uns das \u00fcberpr\u00fcfen ...\" \/>\n<meta name=\"robots\" content=\"index, follow, max-snippet:-1, max-image-preview:large, max-video-preview:-1\" \/>\n<link rel=\"canonical\" href=\"https:\/\/exceladvisor.org\/de\/grosser-als-gleich\/\" \/>\n<meta property=\"og:locale\" content=\"de_DE\" \/>\n<meta property=\"og:type\" content=\"article\" \/>\n<meta property=\"og:title\" content=\"Wie verwende ich den Operator \u201eGr\u00f6\u00dfer als\u201c (&gt;) und \u201eGleich\u201c (=)?\" \/>\n<meta property=\"og:description\" content=\"In diesem Tutorial erfahren Sie, wie Sie eine Excel-Formel schreiben, um die Operatoren \u201eGr\u00f6\u00dfer als\u201c (&gt;) und \u201eGleich\u201c (=) in Excel zu verwenden. Lassen Sie uns das \u00fcberpr\u00fcfen ...\" \/>\n<meta property=\"og:url\" content=\"https:\/\/exceladvisor.org\/de\/grosser-als-gleich\/\" \/>\n<meta property=\"og:site_name\" content=\"Excel Advisor\" \/>\n<meta property=\"article:modified_time\" content=\"2023-12-03T13:05:47+00:00\" \/>\n<meta property=\"og:image\" content=\"https:\/\/exceladvisor.org\/wp-content\/uploads\/2023\/08\/1-superieur-a-egal-aux-symboles.png\" \/>\n<meta name=\"twitter:card\" content=\"summary_large_image\" \/>\n<meta name=\"twitter:label1\" content=\"Gesch\u00e4tzte Lesezeit\" \/>\n\t<meta name=\"twitter:data1\" content=\"1\u00a0Minute\" \/>\n<script type=\"application\/ld+json\" class=\"yoast-schema-graph\">{\"@context\":\"https:\/\/schema.org\",\"@graph\":[{\"@type\":\"WebPage\",\"@id\":\"https:\/\/exceladvisor.org\/de\/grosser-als-gleich\/\",\"url\":\"https:\/\/exceladvisor.org\/de\/grosser-als-gleich\/\",\"name\":\"Wie verwende ich den Operator \u201eGr\u00f6\u00dfer als\u201c (&gt;) und \u201eGleich\u201c (=)?\",\"isPartOf\":{\"@id\":\"https:\/\/exceladvisor.org\/de\/#website\"},\"primaryImageOfPage\":{\"@id\":\"https:\/\/exceladvisor.org\/de\/grosser-als-gleich\/#primaryimage\"},\"image\":{\"@id\":\"https:\/\/exceladvisor.org\/de\/grosser-als-gleich\/#primaryimage\"},\"thumbnailUrl\":\"https:\/\/exceladvisor.org\/wp-content\/uploads\/2023\/08\/1-superieur-a-egal-aux-symboles.png\",\"datePublished\":\"2023-10-22T23:58:21+00:00\",\"dateModified\":\"2023-12-03T13:05:47+00:00\",\"description\":\"In diesem Tutorial erfahren Sie, wie Sie eine Excel-Formel schreiben, um die Operatoren \u201eGr\u00f6\u00dfer als\u201c (&gt;) und \u201eGleich\u201c (=) in Excel zu verwenden. Lassen Sie uns das \u00fcberpr\u00fcfen ...\",\"breadcrumb\":{\"@id\":\"https:\/\/exceladvisor.org\/de\/grosser-als-gleich\/#breadcrumb\"},\"inLanguage\":\"de\",\"potentialAction\":[{\"@type\":\"ReadAction\",\"target\":[\"https:\/\/exceladvisor.org\/de\/grosser-als-gleich\/\"]}]},{\"@type\":\"ImageObject\",\"inLanguage\":\"de\",\"@id\":\"https:\/\/exceladvisor.org\/de\/grosser-als-gleich\/#primaryimage\",\"url\":\"https:\/\/exceladvisor.org\/wp-content\/uploads\/2023\/08\/1-superieur-a-egal-aux-symboles.png\",\"contentUrl\":\"https:\/\/exceladvisor.org\/wp-content\/uploads\/2023\/08\/1-superieur-a-egal-aux-symboles.png\"},{\"@type\":\"BreadcrumbList\",\"@id\":\"https:\/\/exceladvisor.org\/de\/grosser-als-gleich\/#breadcrumb\",\"itemListElement\":[{\"@type\":\"ListItem\",\"position\":1,\"name\":\"Accueil\",\"item\":\"https:\/\/exceladvisor.org\/de\/\"},{\"@type\":\"ListItem\",\"position\":2,\"name\":\"Wie verwende ich den operator \u201egr\u00f6\u00dfer als\u201c (&gt;) und \u201egleich\u201c (=)?\"}]},{\"@type\":\"WebSite\",\"@id\":\"https:\/\/exceladvisor.org\/de\/#website\",\"url\":\"https:\/\/exceladvisor.org\/de\/\",\"name\":\"Excel Advisor\",\"description\":\"Ihr Leitfaden zur Datendominanz\",\"publisher\":{\"@id\":\"https:\/\/exceladvisor.org\/de\/#organization\"},\"potentialAction\":[{\"@type\":\"SearchAction\",\"target\":{\"@type\":\"EntryPoint\",\"urlTemplate\":\"https:\/\/exceladvisor.org\/de\/?s={search_term_string}\"},\"query-input\":{\"@type\":\"PropertyValueSpecification\",\"valueRequired\":true,\"valueName\":\"search_term_string\"}}],\"inLanguage\":\"de\"},{\"@type\":\"Organization\",\"@id\":\"https:\/\/exceladvisor.org\/de\/#organization\",\"name\":\"Excel Advisor\",\"url\":\"https:\/\/exceladvisor.org\/de\/\",\"logo\":{\"@type\":\"ImageObject\",\"inLanguage\":\"de\",\"@id\":\"https:\/\/exceladvisor.org\/de\/#\/schema\/logo\/image\/\",\"url\":\"https:\/\/exceladvisor.org\/de\/wp-content\/uploads\/2023\/11\/exceladvisor.org_.png\",\"contentUrl\":\"https:\/\/exceladvisor.org\/de\/wp-content\/uploads\/2023\/11\/exceladvisor.org_.png\",\"width\":105,\"height\":36,\"caption\":\"Excel Advisor\"},\"image\":{\"@id\":\"https:\/\/exceladvisor.org\/de\/#\/schema\/logo\/image\/\"}}]}<\/script>\n<!-- \/ Yoast SEO plugin. -->","yoast_head_json":{"title":"Wie verwende ich den Operator \u201eGr\u00f6\u00dfer als\u201c (&gt;) und \u201eGleich\u201c (=)?","description":"In diesem Tutorial erfahren Sie, wie Sie eine Excel-Formel schreiben, um die Operatoren \u201eGr\u00f6\u00dfer als\u201c (&gt;) und \u201eGleich\u201c (=) in Excel zu verwenden. Lassen Sie uns das \u00fcberpr\u00fcfen ...","robots":{"index":"index","follow":"follow","max-snippet":"max-snippet:-1","max-image-preview":"max-image-preview:large","max-video-preview":"max-video-preview:-1"},"canonical":"https:\/\/exceladvisor.org\/de\/grosser-als-gleich\/","og_locale":"de_DE","og_type":"article","og_title":"Wie verwende ich den Operator \u201eGr\u00f6\u00dfer als\u201c (&gt;) und \u201eGleich\u201c (=)?","og_description":"In diesem Tutorial erfahren Sie, wie Sie eine Excel-Formel schreiben, um die Operatoren \u201eGr\u00f6\u00dfer als\u201c (&gt;) und \u201eGleich\u201c (=) in Excel zu verwenden. Lassen Sie uns das \u00fcberpr\u00fcfen ...","og_url":"https:\/\/exceladvisor.org\/de\/grosser-als-gleich\/","og_site_name":"Excel Advisor","article_modified_time":"2023-12-03T13:05:47+00:00","og_image":[{"url":"https:\/\/exceladvisor.org\/wp-content\/uploads\/2023\/08\/1-superieur-a-egal-aux-symboles.png","type":"","width":"","height":""}],"twitter_card":"summary_large_image","twitter_misc":{"Gesch\u00e4tzte Lesezeit":"1\u00a0Minute"},"schema":{"@context":"https:\/\/schema.org","@graph":[{"@type":"WebPage","@id":"https:\/\/exceladvisor.org\/de\/grosser-als-gleich\/","url":"https:\/\/exceladvisor.org\/de\/grosser-als-gleich\/","name":"Wie verwende ich den Operator \u201eGr\u00f6\u00dfer als\u201c (&gt;) und \u201eGleich\u201c (=)?","isPartOf":{"@id":"https:\/\/exceladvisor.org\/de\/#website"},"primaryImageOfPage":{"@id":"https:\/\/exceladvisor.org\/de\/grosser-als-gleich\/#primaryimage"},"image":{"@id":"https:\/\/exceladvisor.org\/de\/grosser-als-gleich\/#primaryimage"},"thumbnailUrl":"https:\/\/exceladvisor.org\/wp-content\/uploads\/2023\/08\/1-superieur-a-egal-aux-symboles.png","datePublished":"2023-10-22T23:58:21+00:00","dateModified":"2023-12-03T13:05:47+00:00","description":"In diesem Tutorial erfahren Sie, wie Sie eine Excel-Formel schreiben, um die Operatoren \u201eGr\u00f6\u00dfer als\u201c (&gt;) und \u201eGleich\u201c (=) in Excel zu verwenden. Lassen Sie uns das \u00fcberpr\u00fcfen ...","breadcrumb":{"@id":"https:\/\/exceladvisor.org\/de\/grosser-als-gleich\/#breadcrumb"},"inLanguage":"de","potentialAction":[{"@type":"ReadAction","target":["https:\/\/exceladvisor.org\/de\/grosser-als-gleich\/"]}]},{"@type":"ImageObject","inLanguage":"de","@id":"https:\/\/exceladvisor.org\/de\/grosser-als-gleich\/#primaryimage","url":"https:\/\/exceladvisor.org\/wp-content\/uploads\/2023\/08\/1-superieur-a-egal-aux-symboles.png","contentUrl":"https:\/\/exceladvisor.org\/wp-content\/uploads\/2023\/08\/1-superieur-a-egal-aux-symboles.png"},{"@type":"BreadcrumbList","@id":"https:\/\/exceladvisor.org\/de\/grosser-als-gleich\/#breadcrumb","itemListElement":[{"@type":"ListItem","position":1,"name":"Accueil","item":"https:\/\/exceladvisor.org\/de\/"},{"@type":"ListItem","position":2,"name":"Wie verwende ich den operator \u201egr\u00f6\u00dfer als\u201c (&gt;) und \u201egleich\u201c (=)?"}]},{"@type":"WebSite","@id":"https:\/\/exceladvisor.org\/de\/#website","url":"https:\/\/exceladvisor.org\/de\/","name":"Excel Advisor","description":"Ihr Leitfaden zur Datendominanz","publisher":{"@id":"https:\/\/exceladvisor.org\/de\/#organization"},"potentialAction":[{"@type":"SearchAction","target":{"@type":"EntryPoint","urlTemplate":"https:\/\/exceladvisor.org\/de\/?s={search_term_string}"},"query-input":{"@type":"PropertyValueSpecification","valueRequired":true,"valueName":"search_term_string"}}],"inLanguage":"de"},{"@type":"Organization","@id":"https:\/\/exceladvisor.org\/de\/#organization","name":"Excel Advisor","url":"https:\/\/exceladvisor.org\/de\/","logo":{"@type":"ImageObject","inLanguage":"de","@id":"https:\/\/exceladvisor.org\/de\/#\/schema\/logo\/image\/","url":"https:\/\/exceladvisor.org\/de\/wp-content\/uploads\/2023\/11\/exceladvisor.org_.png","contentUrl":"https:\/\/exceladvisor.org\/de\/wp-content\/uploads\/2023\/11\/exceladvisor.org_.png","width":105,"height":36,"caption":"Excel Advisor"},"image":{"@id":"https:\/\/exceladvisor.org\/de\/#\/schema\/logo\/image\/"}}]}},"yoast_meta":{"yoast_wpseo_title":"","yoast_wpseo_metadesc":"","yoast_wpseo_canonical":""},"_links":{"self":[{"href":"https:\/\/exceladvisor.org\/de\/wp-json\/wp\/v2\/pages\/3539","targetHints":{"allow":["GET"]}}],"collection":[{"href":"https:\/\/exceladvisor.org\/de\/wp-json\/wp\/v2\/pages"}],"about":[{"href":"https:\/\/exceladvisor.org\/de\/wp-json\/wp\/v2\/types\/page"}],"author":[{"embeddable":true,"href":"https:\/\/exceladvisor.org\/de\/wp-json\/wp\/v2\/users\/1"}],"replies":[{"embeddable":true,"href":"https:\/\/exceladvisor.org\/de\/wp-json\/wp\/v2\/comments?post=3539"}],"version-history":[{"count":1,"href":"https:\/\/exceladvisor.org\/de\/wp-json\/wp\/v2\/pages\/3539\/revisions"}],"predecessor-version":[{"id":4237,"href":"https:\/\/exceladvisor.org\/de\/wp-json\/wp\/v2\/pages\/3539\/revisions\/4237"}],"wp:attachment":[{"href":"https:\/\/exceladvisor.org\/de\/wp-json\/wp\/v2\/media?parent=3539"}],"curies":[{"name":"wp","href":"https:\/\/api.w.org\/{rel}","templated":true}]}}