{"id":3546,"date":"2023-10-22T14:25:42","date_gmt":"2023-10-22T14:25:42","guid":{"rendered":"https:\/\/exceladvisor.org\/de\/arbeitsmappe-speichern\/"},"modified":"2023-12-03T11:11:57","modified_gmt":"2023-12-03T11:11:57","slug":"arbeitsmappe-speichern","status":"publish","type":"page","link":"https:\/\/exceladvisor.org\/de\/arbeitsmappe-speichern\/","title":{"rendered":"5 m\u00f6glichkeiten zum speichern einer arbeitsmappe in excel"},"content":{"rendered":"<div class=\"excel-vor-dem-inhalt\" id=\"excel-1191295937\"><script type=\"text\/javascript\">\r\n\tatOptions = {\r\n\t\t'key' : 'c1158f160081d6540a8409e6925dab94',\r\n\t\t'format' : 'iframe',\r\n\t\t'height' : 250,\r\n\t\t'width' : 300,\r\n\t\t'params' : {}\r\n\t};\r\n<\/script>\r\n<script type=\"text\/javascript\" src=\"\/\/www.highperformanceformat.com\/c1158f160081d6540a8409e6925dab94\/invoke.js\"><\/script><\/div> <p>Um eine Excel-Arbeitsmappe mit VBA zu speichern, m\u00fcssen Sie die SAVE-Methode verwenden, um ein Makro zu schreiben. Und in diesem Makro m\u00fcssen Sie die Arbeitsmappe angeben, die Sie speichern m\u00f6chten, und dann die SAVE-Methode verwenden. Wenn Sie diesen Code ausf\u00fchren, funktioniert er wie die Tastenkombination (Strg + S). <\/p><div class=\"wp-block-image\"><figure class=\"aligncenter size-large is-resized\"><img loading=\"lazy\" decoding=\"async\" class=\"wp-image-53053\" src=\"https:\/\/exceladvisor.org\/wp-content\/uploads\/2023\/08\/1-specifiez-le-classeur-que-vous-souhaitez-enregistrer.png\" sizes=\"auto, \" srcset=\"\" alt=\"Geben Sie die Arbeitsmappe an, die Sie speichern m\u00f6chten\" width=\"468\" height=\"315\"><\/figure><\/div><ol type=\"1\"><li> Geben Sie die Arbeitsmappe an, die Sie speichern m\u00f6chten.<\/li><li> Geben Sie einen Punkt ein, um eine Liste aller Eigenschaften und Methoden zu erhalten.<\/li><li> W\u00e4hlen Sie hier die Methode \u201eSpeichern\u201c aus oder tippen Sie auf \u201eSpeichern\u201c.<\/li><li> F\u00fchren Sie am Ende den Code aus, um die Arbeitsmappe zu speichern.<\/li><\/ol><p> In diesem Tutorial sehen wir uns verschiedene M\u00f6glichkeiten zum Speichern einer Arbeitsmappe an. Stellen Sie daher sicher, dass Sie den VBA-Editor \u00fcber die Registerkarte \u201eEntwickler\u201c \u00f6ffnen, um den Code aus diesem Tutorial zu verwenden.<\/p><h2 class=\"wp-block-heading\"> Aktive Arbeitsmappe speichern<\/h2><p> Wenn Sie in diesem Fall die aktive Arbeitsmappe speichern m\u00f6chten, k\u00f6nnen Sie einen Code wie den folgenden Code verwenden, anstatt die Arbeitsmappe nach Namen anzugeben.<\/p><pre class=\"wp-block-code\"> <code class=\"language-visual-basic\" lang=\"visual-basic\">ActiveWorkbook.Save<\/code><\/pre><p> Wenn Sie ActiveWorkbook als Arbeitsmappe verwenden, verweist VBA immer auf die aktive Arbeitsmappe, unabh\u00e4ngig von der Datei, in die Sie den Code schreiben.<\/p><h2 class=\"wp-block-heading\"> Speichern Sie die Arbeitsmappe, in die Sie Code schreiben<\/h2><p> Wenn Sie die Datei, in die Sie den Code schreiben, speichern m\u00f6chten, sollten Sie \u201eThisWorkbook\u201c anstelle des Arbeitsmappennamens verwenden.<\/p><pre class=\"wp-block-code\"> <code class=\"language-visual-basic\" lang=\"visual-basic\">ThisWorkbook.Save<\/code><\/pre><h2 class=\"wp-block-heading\"> Speichern Sie alle ge\u00f6ffneten Arbeitsmappen<\/h2><p> Hier k\u00f6nnen wir eine Schleife nutzen, um alle ge\u00f6ffneten Arbeitsmappen durchzugehen und sie einzeln zu speichern. Schauen Sie sich den Code unten an.<\/p><pre class=\"wp-block-code\"> <code class=\"language-visual-basic\" lang=\"visual-basic\">Sub vba_save_workbook() 'variable to use as a workbook Dim wb As Workbook 'For each to loop through each open workbook and save it For Each wb In Workbooks wb.Save Next wb End Sub<\/code><\/pre><p> Der obige Code verwendet die FOR EACH-Schleife in jeder Arbeitsmappe und die SAVE-Methode f\u00fcr jede Datei nacheinander.<\/p><p class=\"qt-tip\"> <strong>Hinweis:<\/strong> Wenn Sie versuchen, eine Arbeitsmappe mit der SAVE-Methode zu speichern, die noch nicht gespeichert ist, zeigt Excel ein Dialogfeld an, in dem Sie um Ihre Erlaubnis zum Speichern dieser Datei gebeten werden. Anschlie\u00dfend m\u00fcssen Sie ausw\u00e4hlen, ob Sie diese Datei am Standardspeicherort speichern m\u00f6chten im Standardformat.<\/p><p> <strong>Jetzt kommt es darauf an:<\/strong> Da Sie ein Makro zum Speichern der Arbeitsmappe verwenden, muss diese Datei im makrokompatiblen Format gespeichert werden. Der beste Weg, mit dieser Situation umzugehen, ist die Verwendung der SAVE AS-Methode (wir werden im folgenden Abschnitt sehen). dieses Tutorials).<\/p><h2 class=\"wp-block-heading\"> Als Excel-Datei speichern<\/h2><p> Um eine noch nicht gespeicherte Datei mit VBA zu SPEICHERN, m\u00fcssen Sie die Methode SAVE AS verwenden. Bei dieser Methode k\u00f6nnen Sie den Dateinamen und den Pfad festlegen, in dem Sie die Datei speichern m\u00f6chten. Dar\u00fcber hinaus k\u00f6nnen Sie zehn weitere Argumente festlegen.<\/p><pre class=\"wp-block-code\"> <code class=\"language-visual-basic\" lang=\"visual-basic\">expression.SaveAs (FileName, FileFormat, Password, WriteResPassword, ReadOnlyRecommended, CreateBackup, AccessMode, ConflictResolution, AddToMru, TextCodepage, TextVisualLayout, Local)<\/code><\/pre><p> Im folgenden Code haben Sie keine Argumente mit der Methode \u201eSAVE AS\u201c. <\/p><div class=\"wp-block-image\"><figure class=\"aligncenter size-large is-resized\"><img loading=\"lazy\" decoding=\"async\" class=\"wp-image-53054\" src=\"https:\/\/exceladvisor.org\/wp-content\/uploads\/2023\/08\/2-enregistrer-en-tant-que-fichier-excel.png\" sizes=\"auto, \" srcset=\"\" alt=\"als Excel-Datei speichern\" width=\"404\" height=\"223\"><\/figure><\/div><p> Wenn Sie diesen Code ausf\u00fchren, werden Sie nach einigen Dingen gefragt, z. B. welches Format Sie zum Speichern der Datei verwenden m\u00f6chten oder ob Sie die bereits unter demselben Namen gespeicherte vorhandene Datei \u00fcberschreiben m\u00f6chten. Daher ist es besser, die Verwendung einiger Argumente zu definieren.<\/p><h2 class=\"wp-block-heading\"> Als Datei am aktuellen Speicherort speichern<\/h2><p> Standardm\u00e4\u00dfig verwendet VBA den aktuellen Speicherort zum Speichern der Datei. Wenn Sie Code mit der SAVE AS-Methode schreiben und nur den Namen angeben, wird diese Datei direkt in den aktuellen Ordner verschoben. Im folgenden Code k\u00f6nnen Sie sehen, wo sich die Datei befindet, die die aktive Arbeitsmappe speichert. <\/p><div class=\"wp-block-image\"><figure class=\"aligncenter size-large is-resized\"><img loading=\"lazy\" decoding=\"async\" class=\"wp-image-53055\" src=\"https:\/\/exceladvisor.org\/wp-content\/uploads\/2023\/08\/3-enregistrer-en-tant-que-fichier-a-lemplacement-actuel.png\" sizes=\"auto, \" srcset=\"\" alt=\"Als Datei am aktuellen Speicherort speichern\" width=\"603\" height=\"138\"><\/figure><\/div><pre class=\"wp-block-code\"> <code class=\"language-visual-basic\" lang=\"visual-basic\">Sub save_as_file() ActiveWorkbook.SaveAs Filename:=\"myNewWorkbook\" End Sub<\/code><\/pre><h2 class=\"wp-block-heading\"> Als Datei an einem bestimmten Ort speichern<\/h2><p> Mit dem Dateinamenargument k\u00f6nnen Sie auch den Pfad verwenden, falls Sie die Datei an einem anderen Ort speichern m\u00f6chten. <\/p><div class=\"wp-block-image\"><figure class=\"aligncenter size-large is-resized\"><img loading=\"lazy\" decoding=\"async\" class=\"wp-image-53056\" src=\"https:\/\/exceladvisor.org\/wp-content\/uploads\/2023\/08\/4-enregistrer-en-tant-que-fichier-a-un-emplacement-specifique.png\" sizes=\"auto, \" srcset=\"\" alt=\"als Datei an einem bestimmten Ort speichern\" width=\"639\" height=\"316\"><\/figure><\/div><pre class=\"wp-block-code\"> <code class=\"language-visual-basic\" lang=\"visual-basic\">Sub save_as_file() ActiveWorkbook.SaveAs _ Filename:=\"C:UsersDellDesktopmyNewBook\" End Sub<\/code><\/pre><p> Im obigen Code haben Sie den Pfad im FileName-Argument und VBA verwendet diesen Pfad zur Datei.<\/p><p class=\"qt-tip\"> <strong>Hinweis:<\/strong> Sie k\u00f6nnen diese Methode auch verwenden, um zu pr\u00fcfen, ob eine Arbeitsmappe in einem Ordner vorhanden ist oder nicht, bevor Sie sie mit der SAVE AS-Methode an einem bestimmten Ort speichern. Weitere Informationen zur SAVE AS-Methode finden Sie hier.<\/p><div class=\"gb-container gb-container-4db6181c gb-container-mt\"> <a class=\"gb-button gb-button-c5897111 gb-button-text gb-button-mt-button\" href=\"https:\/\/exceladvisor.org\/de\/vba\/\">Was ist VBA<\/a><h2 class=\"gb-headline gb-headline-665e5f6b gb-headline-text gb-headline-mt-heading\"> Verwandte Tutorials <\/h2><div class=\"gb-grid-wrapper gb-grid-wrapper-a20baf7c gb-grid-wrapper-mt-grid\"><div class=\"gb-grid-column gb-grid-column-50067b57\"><div class=\"gb-container gb-container-50067b57\"><ul><li> <a href=\"https:\/\/exceladvisor.org\/de\/dieses-notizbuch\/\">VBA ThisWorkbook (aktuelle Excel-Datei)<\/a><\/li><li> <a href=\"https:\/\/exceladvisor.org\/de\/bindemittel\/\">VBA-Arbeitsmappe \u2013 Eine Anleitung zum Arbeiten mit Arbeitsmappen in VBA<\/a><\/li><li> <a href=\"https:\/\/exceladvisor.org\/de\/uberprufen-sie-ob-die-arbeitsmappe-vorhanden-ist\/\">VBA Pr\u00fcfen, ob eine Arbeitsmappe in einem Ordner vorhanden ist (Excel-Datei)<\/a><\/li><li> <a href=\"https:\/\/exceladvisor.org\/de\/uberprufen-sie-die-geoffnete-arbeitsmappe\/\">VBA \u00dcberpr\u00fcfen Sie, ob eine Arbeitsmappe ge\u00f6ffnet ist (Excel-Datei)<\/a><\/li><li> <a href=\"https:\/\/exceladvisor.org\/de\/aktive-arbeitsmappe-per-makro\/\">Speichern Sie eine makrof\u00e4hige Excel-Arbeitsmappe (.xlsm-Dateityp)<\/a><\/li><\/ul><\/div><\/div><\/div><\/div>","protected":false},"excerpt":{"rendered":"","protected":false},"author":1,"featured_media":0,"parent":0,"menu_order":0,"comment_status":"open","ping_status":"closed","template":"","meta":{"ub_ctt_via":"","footnotes":""},"class_list":["post-3546","page","type-page","status-publish","hentry"],"featured_image_src":null,"yoast_head":"<!-- This site is optimized with the Yoast SEO plugin v25.4 - https:\/\/yoast.com\/wordpress\/plugins\/seo\/ -->\n<title>\u25b7 5 M\u00f6glichkeiten zum Speichern einer Arbeitsmappe in Excel (Tutorial 2023)<\/title>\n<meta name=\"description\" content=\"Lernen Sie verschiedene M\u00f6glichkeiten zum Speichern einer Arbeitsmappe kennen. So verwenden Sie auch die Methodenargumente \u201eSpeichern\u201c und \u201eSpeichern als\u201c, die Sie ben\u00f6tigen\" \/>\n<meta name=\"robots\" content=\"index, follow, max-snippet:-1, max-image-preview:large, max-video-preview:-1\" \/>\n<link rel=\"canonical\" href=\"https:\/\/exceladvisor.org\/de\/arbeitsmappe-speichern\/\" \/>\n<meta property=\"og:locale\" content=\"de_DE\" \/>\n<meta property=\"og:type\" content=\"article\" \/>\n<meta property=\"og:title\" content=\"\u25b7 5 M\u00f6glichkeiten zum Speichern einer Arbeitsmappe in Excel (Tutorial 2023)\" \/>\n<meta property=\"og:description\" content=\"Lernen Sie verschiedene M\u00f6glichkeiten zum Speichern einer Arbeitsmappe kennen. So verwenden Sie auch die Methodenargumente \u201eSpeichern\u201c und \u201eSpeichern als\u201c, die Sie ben\u00f6tigen\" \/>\n<meta property=\"og:url\" content=\"https:\/\/exceladvisor.org\/de\/arbeitsmappe-speichern\/\" \/>\n<meta property=\"og:site_name\" content=\"Excel Advisor\" \/>\n<meta property=\"article:modified_time\" content=\"2023-12-03T11:11:57+00:00\" \/>\n<meta property=\"og:image\" content=\"https:\/\/exceladvisor.org\/wp-content\/uploads\/2023\/08\/1-specifiez-le-classeur-que-vous-souhaitez-enregistrer.png\" \/>\n<meta name=\"twitter:card\" content=\"summary_large_image\" \/>\n<meta name=\"twitter:label1\" content=\"Gesch\u00e4tzte Lesezeit\" \/>\n\t<meta name=\"twitter:data1\" content=\"4\u00a0Minuten\" \/>\n<script type=\"application\/ld+json\" class=\"yoast-schema-graph\">{\"@context\":\"https:\/\/schema.org\",\"@graph\":[{\"@type\":\"WebPage\",\"@id\":\"https:\/\/exceladvisor.org\/de\/arbeitsmappe-speichern\/\",\"url\":\"https:\/\/exceladvisor.org\/de\/arbeitsmappe-speichern\/\",\"name\":\"\u25b7 5 M\u00f6glichkeiten zum Speichern einer Arbeitsmappe in Excel (Tutorial 2023)\",\"isPartOf\":{\"@id\":\"https:\/\/exceladvisor.org\/de\/#website\"},\"primaryImageOfPage\":{\"@id\":\"https:\/\/exceladvisor.org\/de\/arbeitsmappe-speichern\/#primaryimage\"},\"image\":{\"@id\":\"https:\/\/exceladvisor.org\/de\/arbeitsmappe-speichern\/#primaryimage\"},\"thumbnailUrl\":\"https:\/\/exceladvisor.org\/wp-content\/uploads\/2023\/08\/1-specifiez-le-classeur-que-vous-souhaitez-enregistrer.png\",\"datePublished\":\"2023-10-22T14:25:42+00:00\",\"dateModified\":\"2023-12-03T11:11:57+00:00\",\"description\":\"Lernen Sie verschiedene M\u00f6glichkeiten zum Speichern einer Arbeitsmappe kennen. So verwenden Sie auch die Methodenargumente \u201eSpeichern\u201c und \u201eSpeichern als\u201c, die Sie ben\u00f6tigen\",\"breadcrumb\":{\"@id\":\"https:\/\/exceladvisor.org\/de\/arbeitsmappe-speichern\/#breadcrumb\"},\"inLanguage\":\"de\",\"potentialAction\":[{\"@type\":\"ReadAction\",\"target\":[\"https:\/\/exceladvisor.org\/de\/arbeitsmappe-speichern\/\"]}]},{\"@type\":\"ImageObject\",\"inLanguage\":\"de\",\"@id\":\"https:\/\/exceladvisor.org\/de\/arbeitsmappe-speichern\/#primaryimage\",\"url\":\"https:\/\/exceladvisor.org\/wp-content\/uploads\/2023\/08\/1-specifiez-le-classeur-que-vous-souhaitez-enregistrer.png\",\"contentUrl\":\"https:\/\/exceladvisor.org\/wp-content\/uploads\/2023\/08\/1-specifiez-le-classeur-que-vous-souhaitez-enregistrer.png\"},{\"@type\":\"BreadcrumbList\",\"@id\":\"https:\/\/exceladvisor.org\/de\/arbeitsmappe-speichern\/#breadcrumb\",\"itemListElement\":[{\"@type\":\"ListItem\",\"position\":1,\"name\":\"Accueil\",\"item\":\"https:\/\/exceladvisor.org\/de\/\"},{\"@type\":\"ListItem\",\"position\":2,\"name\":\"5 m\u00f6glichkeiten zum speichern einer arbeitsmappe in excel\"}]},{\"@type\":\"WebSite\",\"@id\":\"https:\/\/exceladvisor.org\/de\/#website\",\"url\":\"https:\/\/exceladvisor.org\/de\/\",\"name\":\"Excel Advisor\",\"description\":\"Ihr Leitfaden zur Datendominanz\",\"publisher\":{\"@id\":\"https:\/\/exceladvisor.org\/de\/#organization\"},\"potentialAction\":[{\"@type\":\"SearchAction\",\"target\":{\"@type\":\"EntryPoint\",\"urlTemplate\":\"https:\/\/exceladvisor.org\/de\/?s={search_term_string}\"},\"query-input\":{\"@type\":\"PropertyValueSpecification\",\"valueRequired\":true,\"valueName\":\"search_term_string\"}}],\"inLanguage\":\"de\"},{\"@type\":\"Organization\",\"@id\":\"https:\/\/exceladvisor.org\/de\/#organization\",\"name\":\"Excel Advisor\",\"url\":\"https:\/\/exceladvisor.org\/de\/\",\"logo\":{\"@type\":\"ImageObject\",\"inLanguage\":\"de\",\"@id\":\"https:\/\/exceladvisor.org\/de\/#\/schema\/logo\/image\/\",\"url\":\"https:\/\/exceladvisor.org\/de\/wp-content\/uploads\/2023\/11\/exceladvisor.org_.png\",\"contentUrl\":\"https:\/\/exceladvisor.org\/de\/wp-content\/uploads\/2023\/11\/exceladvisor.org_.png\",\"width\":105,\"height\":36,\"caption\":\"Excel Advisor\"},\"image\":{\"@id\":\"https:\/\/exceladvisor.org\/de\/#\/schema\/logo\/image\/\"}}]}<\/script>\n<!-- \/ Yoast SEO plugin. -->","yoast_head_json":{"title":"\u25b7 5 M\u00f6glichkeiten zum Speichern einer Arbeitsmappe in Excel (Tutorial 2023)","description":"Lernen Sie verschiedene M\u00f6glichkeiten zum Speichern einer Arbeitsmappe kennen. So verwenden Sie auch die Methodenargumente \u201eSpeichern\u201c und \u201eSpeichern als\u201c, die Sie ben\u00f6tigen","robots":{"index":"index","follow":"follow","max-snippet":"max-snippet:-1","max-image-preview":"max-image-preview:large","max-video-preview":"max-video-preview:-1"},"canonical":"https:\/\/exceladvisor.org\/de\/arbeitsmappe-speichern\/","og_locale":"de_DE","og_type":"article","og_title":"\u25b7 5 M\u00f6glichkeiten zum Speichern einer Arbeitsmappe in Excel (Tutorial 2023)","og_description":"Lernen Sie verschiedene M\u00f6glichkeiten zum Speichern einer Arbeitsmappe kennen. So verwenden Sie auch die Methodenargumente \u201eSpeichern\u201c und \u201eSpeichern als\u201c, die Sie ben\u00f6tigen","og_url":"https:\/\/exceladvisor.org\/de\/arbeitsmappe-speichern\/","og_site_name":"Excel Advisor","article_modified_time":"2023-12-03T11:11:57+00:00","og_image":[{"url":"https:\/\/exceladvisor.org\/wp-content\/uploads\/2023\/08\/1-specifiez-le-classeur-que-vous-souhaitez-enregistrer.png","type":"","width":"","height":""}],"twitter_card":"summary_large_image","twitter_misc":{"Gesch\u00e4tzte Lesezeit":"4\u00a0Minuten"},"schema":{"@context":"https:\/\/schema.org","@graph":[{"@type":"WebPage","@id":"https:\/\/exceladvisor.org\/de\/arbeitsmappe-speichern\/","url":"https:\/\/exceladvisor.org\/de\/arbeitsmappe-speichern\/","name":"\u25b7 5 M\u00f6glichkeiten zum Speichern einer Arbeitsmappe in Excel (Tutorial 2023)","isPartOf":{"@id":"https:\/\/exceladvisor.org\/de\/#website"},"primaryImageOfPage":{"@id":"https:\/\/exceladvisor.org\/de\/arbeitsmappe-speichern\/#primaryimage"},"image":{"@id":"https:\/\/exceladvisor.org\/de\/arbeitsmappe-speichern\/#primaryimage"},"thumbnailUrl":"https:\/\/exceladvisor.org\/wp-content\/uploads\/2023\/08\/1-specifiez-le-classeur-que-vous-souhaitez-enregistrer.png","datePublished":"2023-10-22T14:25:42+00:00","dateModified":"2023-12-03T11:11:57+00:00","description":"Lernen Sie verschiedene M\u00f6glichkeiten zum Speichern einer Arbeitsmappe kennen. So verwenden Sie auch die Methodenargumente \u201eSpeichern\u201c und \u201eSpeichern als\u201c, die Sie ben\u00f6tigen","breadcrumb":{"@id":"https:\/\/exceladvisor.org\/de\/arbeitsmappe-speichern\/#breadcrumb"},"inLanguage":"de","potentialAction":[{"@type":"ReadAction","target":["https:\/\/exceladvisor.org\/de\/arbeitsmappe-speichern\/"]}]},{"@type":"ImageObject","inLanguage":"de","@id":"https:\/\/exceladvisor.org\/de\/arbeitsmappe-speichern\/#primaryimage","url":"https:\/\/exceladvisor.org\/wp-content\/uploads\/2023\/08\/1-specifiez-le-classeur-que-vous-souhaitez-enregistrer.png","contentUrl":"https:\/\/exceladvisor.org\/wp-content\/uploads\/2023\/08\/1-specifiez-le-classeur-que-vous-souhaitez-enregistrer.png"},{"@type":"BreadcrumbList","@id":"https:\/\/exceladvisor.org\/de\/arbeitsmappe-speichern\/#breadcrumb","itemListElement":[{"@type":"ListItem","position":1,"name":"Accueil","item":"https:\/\/exceladvisor.org\/de\/"},{"@type":"ListItem","position":2,"name":"5 m\u00f6glichkeiten zum speichern einer arbeitsmappe in excel"}]},{"@type":"WebSite","@id":"https:\/\/exceladvisor.org\/de\/#website","url":"https:\/\/exceladvisor.org\/de\/","name":"Excel Advisor","description":"Ihr Leitfaden zur Datendominanz","publisher":{"@id":"https:\/\/exceladvisor.org\/de\/#organization"},"potentialAction":[{"@type":"SearchAction","target":{"@type":"EntryPoint","urlTemplate":"https:\/\/exceladvisor.org\/de\/?s={search_term_string}"},"query-input":{"@type":"PropertyValueSpecification","valueRequired":true,"valueName":"search_term_string"}}],"inLanguage":"de"},{"@type":"Organization","@id":"https:\/\/exceladvisor.org\/de\/#organization","name":"Excel Advisor","url":"https:\/\/exceladvisor.org\/de\/","logo":{"@type":"ImageObject","inLanguage":"de","@id":"https:\/\/exceladvisor.org\/de\/#\/schema\/logo\/image\/","url":"https:\/\/exceladvisor.org\/de\/wp-content\/uploads\/2023\/11\/exceladvisor.org_.png","contentUrl":"https:\/\/exceladvisor.org\/de\/wp-content\/uploads\/2023\/11\/exceladvisor.org_.png","width":105,"height":36,"caption":"Excel Advisor"},"image":{"@id":"https:\/\/exceladvisor.org\/de\/#\/schema\/logo\/image\/"}}]}},"yoast_meta":{"yoast_wpseo_title":"","yoast_wpseo_metadesc":"","yoast_wpseo_canonical":""},"_links":{"self":[{"href":"https:\/\/exceladvisor.org\/de\/wp-json\/wp\/v2\/pages\/3546","targetHints":{"allow":["GET"]}}],"collection":[{"href":"https:\/\/exceladvisor.org\/de\/wp-json\/wp\/v2\/pages"}],"about":[{"href":"https:\/\/exceladvisor.org\/de\/wp-json\/wp\/v2\/types\/page"}],"author":[{"embeddable":true,"href":"https:\/\/exceladvisor.org\/de\/wp-json\/wp\/v2\/users\/1"}],"replies":[{"embeddable":true,"href":"https:\/\/exceladvisor.org\/de\/wp-json\/wp\/v2\/comments?post=3546"}],"version-history":[{"count":1,"href":"https:\/\/exceladvisor.org\/de\/wp-json\/wp\/v2\/pages\/3546\/revisions"}],"predecessor-version":[{"id":3720,"href":"https:\/\/exceladvisor.org\/de\/wp-json\/wp\/v2\/pages\/3546\/revisions\/3720"}],"wp:attachment":[{"href":"https:\/\/exceladvisor.org\/de\/wp-json\/wp\/v2\/media?parent=3546"}],"curies":[{"name":"wp","href":"https:\/\/api.w.org\/{rel}","templated":true}]}}