{"id":3549,"date":"2023-10-22T04:56:33","date_gmt":"2023-10-22T04:56:33","guid":{"rendered":"https:\/\/exceladvisor.org\/de\/vlookup-von-einem-anderen-blatt\/"},"modified":"2023-12-03T13:05:17","modified_gmt":"2023-12-03T13:05:17","slug":"vlookup-von-einem-anderen-blatt","status":"publish","type":"page","link":"https:\/\/exceladvisor.org\/de\/vlookup-von-einem-anderen-blatt\/","title":{"rendered":"Wie verwende ich sverweis von einem anderen blatt aus?"},"content":{"rendered":"<div class=\"excel-vor-dem-inhalt\" id=\"excel-1887691796\"><script type=\"text\/javascript\">\r\n\tatOptions = {\r\n\t\t'key' : 'c1158f160081d6540a8409e6925dab94',\r\n\t\t'format' : 'iframe',\r\n\t\t'height' : 250,\r\n\t\t'width' : 300,\r\n\t\t'params' : {}\r\n\t};\r\n<\/script>\r\n<script type=\"text\/javascript\" src=\"\/\/www.highperformanceformat.com\/c1158f160081d6540a8409e6925dab94\/invoke.js\"><\/script><\/div> <p>Wenn Sie einen Wert aus den Daten eines anderen Blatts nachschlagen m\u00f6chten, k\u00f6nnen Sie SVERWEIS verwenden. Und dieses Tutorial erkl\u00e4rt es anhand eines leicht verst\u00e4ndlichen Beispiels. <\/p><div class=\"wp-block-image\"><figure class=\"aligncenter size-full is-resized\"><img loading=\"lazy\" decoding=\"async\" class=\"wp-image-83718\" src=\"https:\/\/exceladvisor.org\/wp-content\/uploads\/2023\/08\/1-vlookup-depuis-une-autre-feuille.png\" sizes=\"auto, \" srcset=\"\" alt=\"vLookup-von-einem-anderen-Blatt\" width=\"785\" height=\"406\"><\/figure><\/div><p> Sie k\u00f6nnen die folgenden Schritte verwenden, um diese Formel zu schreiben:<\/p><ol><li> Geben Sie zun\u00e4chst VLOOKUP in eine Zelle ein, und das Argument \u201elookup_value\u201c bezieht sich auf die Zelle, in der Sie den Suchwert haben. <br><img loading=\"lazy\" decoding=\"async\" title=\"2-Geben Sie \u201evlookup-in-cell\u201c ein\" src=\"https:\/\/exceladvisor.org\/wp-content\/uploads\/2023\/08\/2-entrez-vlookup-dans-la-cellule.png\" sizes=\"auto, \" srcset=\"\" alt=\"enter-vlookup-in-cell\" width=\"523\" height=\"260\"><\/li><li> Geben Sie anschlie\u00dfend einen Befehl ein und klicken Sie auf \u201eBlatt 2\u201c, um es zu \u00f6ffnen. <br><img loading=\"lazy\" decoding=\"async\" title=\"3-Geben Sie ein Komma ein und klicken Sie auf ein anderes Blatt\" src=\"https:\/\/exceladvisor.org\/wp-content\/uploads\/2023\/08\/3-entrez-une-virgule-et-cliquez-sur-une-autre-feuille.png\" sizes=\"auto, \" srcset=\"\" alt=\"enter-comma-and-click-another-sheet\" width=\"513\" height=\"197\"><\/li><li> W\u00e4hlen Sie nun in \u201eBlatt 2\u201c die Tabelle aus, in der Sie die Produkt-ID und die Menge haben. <br><img loading=\"lazy\" decoding=\"async\" title=\"4-W\u00e4hlen Sie die Tabelle aus, in der Sie nach Daten suchen m\u00f6chten\" src=\"https:\/\/exceladvisor.org\/wp-content\/uploads\/2023\/08\/4-selectionnez-la-table-dans-laquelle-vous-avez-des-donnees-a-rechercher.png\" sizes=\"auto, \" srcset=\"\" alt=\"select-the-table-where-you-have-data-to-lookup\" width=\"475\" height=\"389\"><\/li><li> Geben Sie dann erneut ein Komma ein und geben Sie 2 im Argument col_index_num an. <br><img loading=\"lazy\" decoding=\"async\" title=\"5-ein-Komma-eingeben-und-ein-Zahlen-Argument angeben\" src=\"https:\/\/exceladvisor.org\/wp-content\/uploads\/2023\/08\/5-entrez-une-virgule-et-specifiez-un-argument-numerique.png\" sizes=\"auto, \" srcset=\"\" alt=\"enter-comma-and-specify-number-argument\" width=\"463\" height=\"109\"><\/li><li> Geben Sie von dort aus in [range_lookup] 0 oder FALSE ein, um eine exakte \u00dcbereinstimmungssuche zu erhalten. <br><img loading=\"lazy\" decoding=\"async\" title=\"6-Geben Sie \u201eNull\u201c oder \u201eFalsch\u201c ein, um eine genaue \u00dcbereinstimmung zu erhalten\" src=\"https:\/\/exceladvisor.org\/wp-content\/uploads\/2023\/08\/6-entrez-zero-ou-faux-pour-une-correspondance-exacte.png\" sizes=\"auto, \" srcset=\"\" alt=\"enter-zero-or-false-for-exact-match\" width=\"464\" height=\"107\"><\/li><li> Schlie\u00dfen Sie am Ende die Funktion und dr\u00fccken Sie die Eingabetaste, um das Ergebnis in der Blattzelle \u201e1\u201c zu erhalten. <br><img loading=\"lazy\" decoding=\"async\" title=\"7-Endlich-Schlie\u00dfen-Funktion\" src=\"https:\/\/exceladvisor.org\/wp-content\/uploads\/2023\/08\/7-a-la-fin-fermer-la-fonction.png\" sizes=\"auto, \" srcset=\"\" alt=\"in-the-end-close-the-function\" width=\"451\" height=\"227\"><\/li><\/ol><h2 class=\"wp-block-heading\"> Wichtige Notizen<\/h2><p> Wenn Sie den Namen des Blatts \u00e4ndern, in dem Sie die Daten haben, ist Excel auch intelligent genug, um ihn in Ihrer Formel zu \u00e4ndern. Sie m\u00fcssen sich also keine Sorgen machen, bevor Sie den Namen der Bl\u00e4tter \u00e4ndern. <\/p><div class=\"wp-block-image\"><figure class=\"aligncenter size-full is-resized\"><img loading=\"lazy\" decoding=\"async\" class=\"wp-image-83726\" src=\"https:\/\/exceladvisor.org\/wp-content\/uploads\/2023\/08\/8-changement-de-nom-de-feuille-est-mis-a-jour-dans-la-formule.png\" sizes=\"auto, \" srcset=\"\" alt=\"Die \u00c4nderung des Blattnamens wird in der Formel aktualisiert\" width=\"519\" height=\"262\"><\/figure><\/div><p> Sie m\u00fcssen jedoch sicherstellen, dass nach dem L\u00f6schen des Datenblatts in Ihrer Formel das #REF! angezeigt wird. Fehler im Ergebnis. Und es gibt keine M\u00f6glichkeit, ein Blatt wiederherzustellen. <\/p><div class=\"wp-block-image\"><figure class=\"aligncenter size-full is-resized\"><img loading=\"lazy\" decoding=\"async\" class=\"wp-image-83727\" src=\"https:\/\/exceladvisor.org\/wp-content\/uploads\/2023\/08\/9-supprimer-la-feuille-donne-une-erreur-de-reference.png\" sizes=\"auto, \" srcset=\"\" alt=\"delete-sheet-gives-ref-error\" width=\"516\" height=\"298\"><\/figure><\/div><p> Sie k\u00f6nnen auch Daten aus einem anderen Blatt in einen benannten Bereich umwandeln und in VLOOKUP darauf verweisen. Dadurch m\u00fcssen Sie beim Schreiben der Formel nicht das zweite Blatt \u00f6ffnen. Stattdessen k\u00f6nnen Sie den benannten Bereich eingeben und Excel verweist auf die Daten. <\/p><div class=\"wp-block-image\"><figure class=\"aligncenter size-full is-resized\"><img loading=\"lazy\" decoding=\"async\" class=\"wp-image-83729\" src=\"https:\/\/exceladvisor.org\/wp-content\/uploads\/2023\/08\/10-donnees-de-la-plage-de-noms.png\" sizes=\"auto, \" srcset=\"\" alt=\"Daten aus Namensbereich\" width=\"511\" height=\"295\"><\/figure><\/div><div class=\"gb-container gb-container-52dfcee1 gb-container-sample-file\"><h2 class=\"gb-headline gb-headline-e289c143 gb-headline-text gb-headline-4f7959c2\"> Holen Sie sich die Excel-Datei<\/h2> <a class=\"gb-button gb-button-e88d6bee gb-button-text gb-button-button1\" href=\"https:\/\/exceladvisor.org\/de\/a\/\" rel=\"nofollow\">Herunterladen<\/a><\/div><div class=\"gb-container gb-container-0df56012 gb-container-mt\"> <a class=\"gb-button gb-button-f9f432f4 gb-button-text gb-button-mt-button\" href=\"https:\/\/exceladvisor.org\/de\/formeln\/\">Liste der Excel-Formeln<\/a><h2 class=\"gb-headline gb-headline-233444e8 gb-headline-text gb-headline-mt-heading\"> Verwandte Formeln <\/h2><div class=\"gb-grid-wrapper gb-grid-wrapper-a16fa65c gb-grid-wrapper-mt-grid\"><div class=\"gb-grid-column gb-grid-column-50d07e0d\"><div class=\"gb-container gb-container-50d07e0d\"><ul><li> <a href=\"https:\/\/exceladvisor.org\/de\/iferror-vlookup\/\">IFERROR mit VLOOKUP in Excel, um #N\/A in Excel zu ersetzen<\/a><\/li><li> <a href=\"https:\/\/exceladvisor.org\/de\/bidirektionale-suche\/\">F\u00fchren Sie eine bidirektionale Suche in Excel durch<\/a><\/li><li> <a href=\"https:\/\/exceladvisor.org\/de\/ruckwartssuche\/\">Reverse VLOOKUP (r\u00fcckw\u00e4rts: von rechts nach links) in Excel<\/a><\/li><li> <a href=\"https:\/\/exceladvisor.org\/de\/vsearch-ubereinstimmung\/\">Kombinieren von VLOOKUP MATCH in Excel<\/a><\/li><li> <a href=\"https:\/\/exceladvisor.org\/de\/suchen-sie-nach-mehreren-kriterien\/\">SVERWEIS mit mehreren Kriterien in Excel<\/a><\/li><\/ul><\/div><\/div><\/div><\/div>","protected":false},"excerpt":{"rendered":"","protected":false},"author":1,"featured_media":0,"parent":0,"menu_order":0,"comment_status":"open","ping_status":"closed","template":"","meta":{"ub_ctt_via":"","footnotes":""},"class_list":["post-3549","page","type-page","status-publish","hentry"],"featured_image_src":null,"yoast_head":"<!-- This site is optimized with the Yoast SEO plugin v25.4 - https:\/\/yoast.com\/wordpress\/plugins\/seo\/ -->\n<title>Wie verwende ich SVERWEIS von einem anderen Blatt aus?<\/title>\n<meta name=\"description\" content=\"In diesem Tutorial erfahren Sie, wie Sie eine Excel-Formel schreiben, um einen SVERWEIS von einem anderen Blatt aus durchzuf\u00fchren. Lassen Sie uns das \u00fcberpr\u00fcfen ...\" \/>\n<meta name=\"robots\" content=\"index, follow, max-snippet:-1, max-image-preview:large, max-video-preview:-1\" \/>\n<link rel=\"canonical\" href=\"https:\/\/exceladvisor.org\/de\/vlookup-von-einem-anderen-blatt\/\" \/>\n<meta property=\"og:locale\" content=\"de_DE\" \/>\n<meta property=\"og:type\" content=\"article\" \/>\n<meta property=\"og:title\" content=\"Wie verwende ich SVERWEIS von einem anderen Blatt aus?\" \/>\n<meta property=\"og:description\" content=\"In diesem Tutorial erfahren Sie, wie Sie eine Excel-Formel schreiben, um einen SVERWEIS von einem anderen Blatt aus durchzuf\u00fchren. Lassen Sie uns das \u00fcberpr\u00fcfen ...\" \/>\n<meta property=\"og:url\" content=\"https:\/\/exceladvisor.org\/de\/vlookup-von-einem-anderen-blatt\/\" \/>\n<meta property=\"og:site_name\" content=\"Excel Advisor\" \/>\n<meta property=\"article:modified_time\" content=\"2023-12-03T13:05:17+00:00\" \/>\n<meta property=\"og:image\" content=\"https:\/\/exceladvisor.org\/wp-content\/uploads\/2023\/08\/1-vlookup-depuis-une-autre-feuille.png\" \/>\n<meta name=\"twitter:card\" content=\"summary_large_image\" \/>\n<meta name=\"twitter:label1\" content=\"Gesch\u00e4tzte Lesezeit\" \/>\n\t<meta name=\"twitter:data1\" content=\"2\u00a0Minuten\" \/>\n<script type=\"application\/ld+json\" class=\"yoast-schema-graph\">{\"@context\":\"https:\/\/schema.org\",\"@graph\":[{\"@type\":\"WebPage\",\"@id\":\"https:\/\/exceladvisor.org\/de\/vlookup-von-einem-anderen-blatt\/\",\"url\":\"https:\/\/exceladvisor.org\/de\/vlookup-von-einem-anderen-blatt\/\",\"name\":\"Wie verwende ich SVERWEIS von einem anderen Blatt aus?\",\"isPartOf\":{\"@id\":\"https:\/\/exceladvisor.org\/de\/#website\"},\"primaryImageOfPage\":{\"@id\":\"https:\/\/exceladvisor.org\/de\/vlookup-von-einem-anderen-blatt\/#primaryimage\"},\"image\":{\"@id\":\"https:\/\/exceladvisor.org\/de\/vlookup-von-einem-anderen-blatt\/#primaryimage\"},\"thumbnailUrl\":\"https:\/\/exceladvisor.org\/wp-content\/uploads\/2023\/08\/1-vlookup-depuis-une-autre-feuille.png\",\"datePublished\":\"2023-10-22T04:56:33+00:00\",\"dateModified\":\"2023-12-03T13:05:17+00:00\",\"description\":\"In diesem Tutorial erfahren Sie, wie Sie eine Excel-Formel schreiben, um einen SVERWEIS von einem anderen Blatt aus durchzuf\u00fchren. Lassen Sie uns das \u00fcberpr\u00fcfen ...\",\"breadcrumb\":{\"@id\":\"https:\/\/exceladvisor.org\/de\/vlookup-von-einem-anderen-blatt\/#breadcrumb\"},\"inLanguage\":\"de\",\"potentialAction\":[{\"@type\":\"ReadAction\",\"target\":[\"https:\/\/exceladvisor.org\/de\/vlookup-von-einem-anderen-blatt\/\"]}]},{\"@type\":\"ImageObject\",\"inLanguage\":\"de\",\"@id\":\"https:\/\/exceladvisor.org\/de\/vlookup-von-einem-anderen-blatt\/#primaryimage\",\"url\":\"https:\/\/exceladvisor.org\/wp-content\/uploads\/2023\/08\/1-vlookup-depuis-une-autre-feuille.png\",\"contentUrl\":\"https:\/\/exceladvisor.org\/wp-content\/uploads\/2023\/08\/1-vlookup-depuis-une-autre-feuille.png\"},{\"@type\":\"BreadcrumbList\",\"@id\":\"https:\/\/exceladvisor.org\/de\/vlookup-von-einem-anderen-blatt\/#breadcrumb\",\"itemListElement\":[{\"@type\":\"ListItem\",\"position\":1,\"name\":\"Accueil\",\"item\":\"https:\/\/exceladvisor.org\/de\/\"},{\"@type\":\"ListItem\",\"position\":2,\"name\":\"Wie verwende ich sverweis von einem anderen blatt aus?\"}]},{\"@type\":\"WebSite\",\"@id\":\"https:\/\/exceladvisor.org\/de\/#website\",\"url\":\"https:\/\/exceladvisor.org\/de\/\",\"name\":\"Excel Advisor\",\"description\":\"Ihr Leitfaden zur Datendominanz\",\"publisher\":{\"@id\":\"https:\/\/exceladvisor.org\/de\/#organization\"},\"potentialAction\":[{\"@type\":\"SearchAction\",\"target\":{\"@type\":\"EntryPoint\",\"urlTemplate\":\"https:\/\/exceladvisor.org\/de\/?s={search_term_string}\"},\"query-input\":{\"@type\":\"PropertyValueSpecification\",\"valueRequired\":true,\"valueName\":\"search_term_string\"}}],\"inLanguage\":\"de\"},{\"@type\":\"Organization\",\"@id\":\"https:\/\/exceladvisor.org\/de\/#organization\",\"name\":\"Excel Advisor\",\"url\":\"https:\/\/exceladvisor.org\/de\/\",\"logo\":{\"@type\":\"ImageObject\",\"inLanguage\":\"de\",\"@id\":\"https:\/\/exceladvisor.org\/de\/#\/schema\/logo\/image\/\",\"url\":\"https:\/\/exceladvisor.org\/de\/wp-content\/uploads\/2023\/11\/exceladvisor.org_.png\",\"contentUrl\":\"https:\/\/exceladvisor.org\/de\/wp-content\/uploads\/2023\/11\/exceladvisor.org_.png\",\"width\":105,\"height\":36,\"caption\":\"Excel Advisor\"},\"image\":{\"@id\":\"https:\/\/exceladvisor.org\/de\/#\/schema\/logo\/image\/\"}}]}<\/script>\n<!-- \/ Yoast SEO plugin. -->","yoast_head_json":{"title":"Wie verwende ich SVERWEIS von einem anderen Blatt aus?","description":"In diesem Tutorial erfahren Sie, wie Sie eine Excel-Formel schreiben, um einen SVERWEIS von einem anderen Blatt aus durchzuf\u00fchren. Lassen Sie uns das \u00fcberpr\u00fcfen ...","robots":{"index":"index","follow":"follow","max-snippet":"max-snippet:-1","max-image-preview":"max-image-preview:large","max-video-preview":"max-video-preview:-1"},"canonical":"https:\/\/exceladvisor.org\/de\/vlookup-von-einem-anderen-blatt\/","og_locale":"de_DE","og_type":"article","og_title":"Wie verwende ich SVERWEIS von einem anderen Blatt aus?","og_description":"In diesem Tutorial erfahren Sie, wie Sie eine Excel-Formel schreiben, um einen SVERWEIS von einem anderen Blatt aus durchzuf\u00fchren. Lassen Sie uns das \u00fcberpr\u00fcfen ...","og_url":"https:\/\/exceladvisor.org\/de\/vlookup-von-einem-anderen-blatt\/","og_site_name":"Excel Advisor","article_modified_time":"2023-12-03T13:05:17+00:00","og_image":[{"url":"https:\/\/exceladvisor.org\/wp-content\/uploads\/2023\/08\/1-vlookup-depuis-une-autre-feuille.png","type":"","width":"","height":""}],"twitter_card":"summary_large_image","twitter_misc":{"Gesch\u00e4tzte Lesezeit":"2\u00a0Minuten"},"schema":{"@context":"https:\/\/schema.org","@graph":[{"@type":"WebPage","@id":"https:\/\/exceladvisor.org\/de\/vlookup-von-einem-anderen-blatt\/","url":"https:\/\/exceladvisor.org\/de\/vlookup-von-einem-anderen-blatt\/","name":"Wie verwende ich SVERWEIS von einem anderen Blatt aus?","isPartOf":{"@id":"https:\/\/exceladvisor.org\/de\/#website"},"primaryImageOfPage":{"@id":"https:\/\/exceladvisor.org\/de\/vlookup-von-einem-anderen-blatt\/#primaryimage"},"image":{"@id":"https:\/\/exceladvisor.org\/de\/vlookup-von-einem-anderen-blatt\/#primaryimage"},"thumbnailUrl":"https:\/\/exceladvisor.org\/wp-content\/uploads\/2023\/08\/1-vlookup-depuis-une-autre-feuille.png","datePublished":"2023-10-22T04:56:33+00:00","dateModified":"2023-12-03T13:05:17+00:00","description":"In diesem Tutorial erfahren Sie, wie Sie eine Excel-Formel schreiben, um einen SVERWEIS von einem anderen Blatt aus durchzuf\u00fchren. Lassen Sie uns das \u00fcberpr\u00fcfen ...","breadcrumb":{"@id":"https:\/\/exceladvisor.org\/de\/vlookup-von-einem-anderen-blatt\/#breadcrumb"},"inLanguage":"de","potentialAction":[{"@type":"ReadAction","target":["https:\/\/exceladvisor.org\/de\/vlookup-von-einem-anderen-blatt\/"]}]},{"@type":"ImageObject","inLanguage":"de","@id":"https:\/\/exceladvisor.org\/de\/vlookup-von-einem-anderen-blatt\/#primaryimage","url":"https:\/\/exceladvisor.org\/wp-content\/uploads\/2023\/08\/1-vlookup-depuis-une-autre-feuille.png","contentUrl":"https:\/\/exceladvisor.org\/wp-content\/uploads\/2023\/08\/1-vlookup-depuis-une-autre-feuille.png"},{"@type":"BreadcrumbList","@id":"https:\/\/exceladvisor.org\/de\/vlookup-von-einem-anderen-blatt\/#breadcrumb","itemListElement":[{"@type":"ListItem","position":1,"name":"Accueil","item":"https:\/\/exceladvisor.org\/de\/"},{"@type":"ListItem","position":2,"name":"Wie verwende ich sverweis von einem anderen blatt aus?"}]},{"@type":"WebSite","@id":"https:\/\/exceladvisor.org\/de\/#website","url":"https:\/\/exceladvisor.org\/de\/","name":"Excel Advisor","description":"Ihr Leitfaden zur Datendominanz","publisher":{"@id":"https:\/\/exceladvisor.org\/de\/#organization"},"potentialAction":[{"@type":"SearchAction","target":{"@type":"EntryPoint","urlTemplate":"https:\/\/exceladvisor.org\/de\/?s={search_term_string}"},"query-input":{"@type":"PropertyValueSpecification","valueRequired":true,"valueName":"search_term_string"}}],"inLanguage":"de"},{"@type":"Organization","@id":"https:\/\/exceladvisor.org\/de\/#organization","name":"Excel Advisor","url":"https:\/\/exceladvisor.org\/de\/","logo":{"@type":"ImageObject","inLanguage":"de","@id":"https:\/\/exceladvisor.org\/de\/#\/schema\/logo\/image\/","url":"https:\/\/exceladvisor.org\/de\/wp-content\/uploads\/2023\/11\/exceladvisor.org_.png","contentUrl":"https:\/\/exceladvisor.org\/de\/wp-content\/uploads\/2023\/11\/exceladvisor.org_.png","width":105,"height":36,"caption":"Excel Advisor"},"image":{"@id":"https:\/\/exceladvisor.org\/de\/#\/schema\/logo\/image\/"}}]}},"yoast_meta":{"yoast_wpseo_title":"","yoast_wpseo_metadesc":"","yoast_wpseo_canonical":""},"_links":{"self":[{"href":"https:\/\/exceladvisor.org\/de\/wp-json\/wp\/v2\/pages\/3549","targetHints":{"allow":["GET"]}}],"collection":[{"href":"https:\/\/exceladvisor.org\/de\/wp-json\/wp\/v2\/pages"}],"about":[{"href":"https:\/\/exceladvisor.org\/de\/wp-json\/wp\/v2\/types\/page"}],"author":[{"embeddable":true,"href":"https:\/\/exceladvisor.org\/de\/wp-json\/wp\/v2\/users\/1"}],"replies":[{"embeddable":true,"href":"https:\/\/exceladvisor.org\/de\/wp-json\/wp\/v2\/comments?post=3549"}],"version-history":[{"count":1,"href":"https:\/\/exceladvisor.org\/de\/wp-json\/wp\/v2\/pages\/3549\/revisions"}],"predecessor-version":[{"id":4385,"href":"https:\/\/exceladvisor.org\/de\/wp-json\/wp\/v2\/pages\/3549\/revisions\/4385"}],"wp:attachment":[{"href":"https:\/\/exceladvisor.org\/de\/wp-json\/wp\/v2\/media?parent=3549"}],"curies":[{"name":"wp","href":"https:\/\/api.w.org\/{rel}","templated":true}]}}