{"id":3550,"date":"2023-10-22T04:39:17","date_gmt":"2023-10-22T04:39:17","guid":{"rendered":"https:\/\/exceladvisor.org\/de\/vergangenen-sonntag-2\/"},"modified":"2023-12-03T11:19:14","modified_gmt":"2023-12-03T11:19:14","slug":"vergangenen-sonntag-2","status":"publish","type":"page","link":"https:\/\/exceladvisor.org\/de\/vergangenen-sonntag-2\/","title":{"rendered":"Wie erhalte ich das datum des vorherigen sonntags in excel?"},"content":{"rendered":"<div class=\"excel-vor-dem-inhalt\" id=\"excel-3223318319\"><script type=\"text\/javascript\">\r\n\tatOptions = {\r\n\t\t'key' : 'c1158f160081d6540a8409e6925dab94',\r\n\t\t'format' : 'iframe',\r\n\t\t'height' : 250,\r\n\t\t'width' : 300,\r\n\t\t'params' : {}\r\n\t};\r\n<\/script>\r\n<script type=\"text\/javascript\" src=\"\/\/www.highperformanceformat.com\/c1158f160081d6540a8409e6925dab94\/invoke.js\"><\/script><\/div> <p>Wenn Sie das vorherige Sonntagsdatum f\u00fcr ein bestimmtes Datum in Excel abrufen m\u00f6chten, m\u00fcssen Sie eine Formel mit der Funktion WEEKDAY von Excel schreiben. <\/p><div class=\"wp-block-image\"><figure class=\"aligncenter size-full is-resized\"><img loading=\"lazy\" decoding=\"async\" class=\"wp-image-83667\" src=\"https:\/\/exceladvisor.org\/wp-content\/uploads\/2023\/08\/1-obtenir-le-dimanche-precedent.png\" sizes=\"auto, \" srcset=\"\" alt=\"Get-Sunday-Previous\" width=\"472\" height=\"320\"><\/figure><\/div><h2 class=\"wp-block-heading\"> Formel, um den letzten Sonntag zu bekommen<\/h2><p> Im Folgenden finden Sie die folgenden Schritte:<\/p><ol type=\"1\"><li> Sehen Sie sich Zelle A1 an, in der sich das aktuelle Datum befindet.<\/li><li> Geben Sie den Minusoperator (-) ein.<\/li><li> F\u00fcgen Sie die WEEKDAY-Funktion ein; Beziehen Sie sich im ersten Argument () auf Zelle A1.<\/li><li> Geben Sie im zweiten Argument (11) ein und dr\u00fccken Sie die Eingabetaste, um das Ergebnis zu erhalten. <\/li><\/ol><div class=\"wp-block-image\"><figure class=\"aligncenter size-full is-resized\"><img loading=\"lazy\" decoding=\"async\" class=\"wp-image-83668\" src=\"https:\/\/exceladvisor.org\/wp-content\/uploads\/2023\/08\/2-formules-a-obtenir-dimanche-dernier.png\" sizes=\"auto, \" srcset=\"\" alt=\"Formel, die man letzten Sonntag einnehmen sollte\" width=\"527\" height=\"351\"><\/figure><\/div><p> Sobald Sie die Eingabetaste dr\u00fccken, wird das Datum des letzten Sonntags Ihres urspr\u00fcnglichen Datums in Zelle A1 zur\u00fcckgegeben. <\/p><div class=\"wp-block-image\"><figure class=\"aligncenter size-full is-resized\"><img loading=\"lazy\" decoding=\"async\" class=\"wp-image-83669\" src=\"https:\/\/exceladvisor.org\/wp-content\/uploads\/2023\/08\/3-renvoie-la-date-du-dernier-dimanche.png\" sizes=\"auto, \" srcset=\"\" alt=\"Geben Sie das Datum des letzten Sonntags zur\u00fcck\" width=\"538\" height=\"363\"><\/figure><\/div><h3 class=\"wp-block-heading\"> Wie funktioniert diese Formel?<\/h3><p> Um diese Formel zu verstehen, m\u00fcssen Sie zun\u00e4chst die WEEKDAY-Funktion verstehen. Wenn Sie in der Funktion WEEKDAY auf ein Datum verweisen, wird abh\u00e4ngig vom Tag des Datums und der von Ihnen gew\u00e4hlten Wochenstruktur eine Zahl zwischen 1 und 7 zur\u00fcckgegeben. <\/p><div class=\"wp-block-image\"><figure class=\"aligncenter size-full is-resized\"><img loading=\"lazy\" decoding=\"async\" class=\"wp-image-83670\" src=\"https:\/\/exceladvisor.org\/wp-content\/uploads\/2023\/08\/4-comprendre-la-fonction-des-jours-de-la-semaine.png\" sizes=\"auto, \" srcset=\"\" alt=\"Wochentagsfunktion verstehen\" width=\"584\" height=\"119\"><\/figure><\/div><p> Im zweiten Argument (return_type) m\u00fcssen Sie eine Zahl angeben, die die Funktion anweist, den ersten Tag der Woche zu ber\u00fccksichtigen. Und wenn Sie (2 oder 11) ausw\u00e4hlen, beginnt die Woche ab Montag.<\/p><p> Beispiel: <strong>Wenn der Tag Mittwoch ist und die Woche am Montag beginnt, ist die Tagesnummer f\u00fcr das Datum 3.<\/strong> Unten sehen Sie also, dass das Ergebnis 3 ist. <\/p><div class=\"wp-block-image\"><figure class=\"aligncenter size-full is-resized\"><img loading=\"lazy\" decoding=\"async\" class=\"wp-image-83671\" src=\"https:\/\/exceladvisor.org\/wp-content\/uploads\/2023\/08\/5-resultats-du-jour-de-la-semaine.png\" sizes=\"auto, \" srcset=\"\" alt=\"Ergebnis des Wochentags\" width=\"470\" height=\"203\"><\/figure><\/div><p> Und am Ende, wenn Sie 3 von WEEKDAY haben und diese vom urspr\u00fcnglichen Datum abziehen, erhalten Sie im Ergebnis das Datum des vorherigen Sonntags. <\/p><div class=\"wp-block-image\"><figure class=\"aligncenter size-full is-resized\"><img loading=\"lazy\" decoding=\"async\" class=\"wp-image-83672\" src=\"https:\/\/exceladvisor.org\/wp-content\/uploads\/2023\/08\/6-date-du-dimanche-precedent.png\" sizes=\"auto, \" srcset=\"\" alt=\"vorheriges-Sonntag-Datum\" width=\"599\" height=\"195\"><\/figure><\/div><h3 class=\"wp-block-heading\"> Holen Sie sich andere vorherige Tage<\/h3><p> Wenn Sie m\u00f6chten, k\u00f6nnen Sie auch andere Vortage buchen. <\/p><div class=\"wp-block-image\"><figure class=\"aligncenter size-full is-resized\"><img loading=\"lazy\" decoding=\"async\" class=\"wp-image-83674\" src=\"https:\/\/exceladvisor.org\/wp-content\/uploads\/2023\/08\/7-obtenir-dautres-jours-precedents.png\" sizes=\"auto, \" srcset=\"\" alt=\"Holen Sie sich andere fr\u00fchere Tage\" width=\"587\" height=\"320\"><\/figure><\/div><pre class=\"wp-block-code\"> <code class=\"language-excel-formula\" lang=\"excel-formula\">=date-WEEKDAY(date,11) =date-WEEKDAY(date,12) =date-WEEKDAY(date,13) =date -WEEKDAY(date,14) =date -WEEKDAY(date,15) =date -WEEKDAY(date,16) =date-WEEKDAY(date,17)<\/code><\/pre><p> Sie m\u00fcssen das Argument [return_type] in der Funktion anpassen, um den Starttag der Woche zu \u00e4ndern.<\/p><h3 class=\"wp-block-heading\"> Wenden Sie die Tagesformatierung mit Datum an<\/h3><p> Sie erhalten nicht den Namen des Tages in einer Zelle, wenn Sie ein Datum in einer Zelle eingeben. Sie k\u00f6nnen die Formatierung jedoch \u00e4ndern, um die Arbeit schneller zu erledigen.<\/p><ol type=\"1\"><li> W\u00e4hlen Sie die Zelle aus und \u00f6ffnen Sie die Option \u201eZellen formatieren\u201c (Strg+1).<\/li><li> Klicken Sie auf die Kategorie \u201eBenutzerdefiniert\u201c und klicken Sie mit der Eingabeleiste auf \u201eTyp\u201c.<\/li><li> Geben Sie (TT-MMM-JJ, TT) ein und klicken Sie zum \u00dcbernehmen auf \u201eOK\u201c. <\/li><\/ol><div class=\"wp-block-image\"><figure class=\"aligncenter size-full is-resized\"><img loading=\"lazy\" decoding=\"async\" class=\"wp-image-83675\" src=\"https:\/\/exceladvisor.org\/wp-content\/uploads\/2023\/08\/Formatage-8-jours-avec-date.png\" sizes=\"auto, \" srcset=\"\" alt=\"Tagesformatierung mit Datum\" width=\"589\" height=\"584\"><\/figure><\/div><h2 class=\"wp-block-heading\"> Zweite Methode<\/h2><p> Sie k\u00f6nnen SELECT auch mit DAY OF WEEK verwenden, um den vorherigen Sonntag abzurufen. <\/p><div class=\"wp-block-image\"><figure class=\"aligncenter size-full is-resized\"><img loading=\"lazy\" decoding=\"async\" class=\"wp-image-83676\" src=\"https:\/\/exceladvisor.org\/wp-content\/uploads\/2023\/08\/Methode-en-9-secondes-pour-obtenir-le-dimanche-precedent.png\" sizes=\"auto, \" srcset=\"\" alt=\"Zweite Methode, um den vorherigen Sonntag zu erhalten\" width=\"569\" height=\"332\"><\/figure><\/div><pre class=\"wp-block-code\"> <code class=\"language-excel-formula\" lang=\"excel-formula\">=A1-CHOOSE(WEEKDAY(A1),0,1,2,3,4,5,6)<\/code><\/pre><p> In dieser Formel haben wir WEEKDAY ohne Angabe des Arguments [return_type] verwendet. Sie nimmt den Standardwert an und verwendet Sonntag als ersten Tag der Woche.<\/p><p> Wenn Sie Mittwoch haben, gibt WEEKNUM 4 im Ergebnis zur\u00fcck und CHOOSE gibt 3 in der Zahlenliste zur\u00fcck. Und am Ende erhalten Sie das Sonntagsdatum, indem Sie 3 Tage vom urspr\u00fcnglichen Datum abziehen.<\/p><p> Hinweis: Verwenden Sie am besten die erste Methode, um den vorherigen Sonntag oder einen beliebigen Tag abzurufen. <\/p><div class=\"gb-container gb-container-52dfcee1 gb-container-sample-file\"><h2 class=\"gb-headline gb-headline-e289c143 gb-headline-text gb-headline-4f7959c2\"> Holen Sie sich die Excel-Datei<\/h2><p> <a class=\"gb-button gb-button-e88d6bee gb-button-text gb-button-button1\" href=\"https:\/\/exceladvisor.org\/de\/a\/\" rel=\"nofollow\">Herunterladen<\/a><\/p><\/div><div class=\"gb-container gb-container-0df56012 gb-container-mt\"> <a class=\"gb-button gb-button-f9f432f4 gb-button-text gb-button-mt-button\" href=\"https:\/\/exceladvisor.org\/de\/formeln\/\">Liste der Excel-Formeln<\/a><h2 class=\"gb-headline gb-headline-233444e8 gb-headline-text gb-headline-mt-heading\"> Verwandte Formeln <\/h2><div class=\"gb-grid-wrapper gb-grid-wrapper-a16fa65c gb-grid-wrapper-mt-grid\"><div class=\"gb-grid-column gb-grid-column-50d07e0d\"><div class=\"gb-container gb-container-50d07e0d\"><ul><li> <a href=\"https:\/\/exceladvisor.org\/de\/fugen-sie-das-wochendatum-hinzu\/\">Addiere\/subtrahiere eine Woche von einem Datum in Excel<\/a><\/li><li> <a href=\"https:\/\/exceladvisor.org\/de\/holen-sie-sich-den-namen-des-tages\/\">Erhalten Sie den Tagesnamen aus einem Datum in Excel<\/a><\/li><li> <a href=\"https:\/\/exceladvisor.org\/de\/tage-des-monats\/\">Ermitteln Sie die Gesamtzahl der Tage oder Monate in Excel<\/a><\/li><li> <a href=\"https:\/\/exceladvisor.org\/de\/monate-arbeitstage\/\">Arbeitstage im Monat<\/a><\/li><li> <a href=\"https:\/\/exceladvisor.org\/de\/datum-zu-text-2\/\">Datum in Text umwandeln<\/a><\/li><\/ul><\/div><\/div><\/div><\/div>","protected":false},"excerpt":{"rendered":"","protected":false},"author":1,"featured_media":0,"parent":0,"menu_order":0,"comment_status":"open","ping_status":"closed","template":"","meta":{"ub_ctt_via":"","footnotes":""},"class_list":["post-3550","page","type-page","status-publish","hentry"],"featured_image_src":null,"yoast_head":"<!-- This site is optimized with the Yoast SEO plugin v25.4 - https:\/\/yoast.com\/wordpress\/plugins\/seo\/ -->\n<title>Wie erhalte ich das Datum des vorherigen Sonntags in Excel?<\/title>\n<meta name=\"description\" content=\"In diesem Tutorial erfahren Sie, wie Sie eine Excel-Formel schreiben, um das Datum des vorherigen Sonntags zu ermitteln. Lassen Sie uns das \u00fcberpr\u00fcfen ...\" \/>\n<meta name=\"robots\" content=\"index, follow, max-snippet:-1, max-image-preview:large, max-video-preview:-1\" \/>\n<link rel=\"canonical\" href=\"https:\/\/exceladvisor.org\/de\/vergangenen-sonntag-2\/\" \/>\n<meta property=\"og:locale\" content=\"de_DE\" \/>\n<meta property=\"og:type\" content=\"article\" \/>\n<meta property=\"og:title\" content=\"Wie erhalte ich das Datum des vorherigen Sonntags in Excel?\" \/>\n<meta property=\"og:description\" content=\"In diesem Tutorial erfahren Sie, wie Sie eine Excel-Formel schreiben, um das Datum des vorherigen Sonntags zu ermitteln. Lassen Sie uns das \u00fcberpr\u00fcfen ...\" \/>\n<meta property=\"og:url\" content=\"https:\/\/exceladvisor.org\/de\/vergangenen-sonntag-2\/\" \/>\n<meta property=\"og:site_name\" content=\"Excel Advisor\" \/>\n<meta property=\"article:modified_time\" content=\"2023-12-03T11:19:14+00:00\" \/>\n<meta property=\"og:image\" content=\"https:\/\/exceladvisor.org\/wp-content\/uploads\/2023\/08\/1-obtenir-le-dimanche-precedent.png\" \/>\n<meta name=\"twitter:card\" content=\"summary_large_image\" \/>\n<meta name=\"twitter:label1\" content=\"Gesch\u00e4tzte Lesezeit\" \/>\n\t<meta name=\"twitter:data1\" content=\"3\u00a0Minuten\" \/>\n<script type=\"application\/ld+json\" class=\"yoast-schema-graph\">{\"@context\":\"https:\/\/schema.org\",\"@graph\":[{\"@type\":\"WebPage\",\"@id\":\"https:\/\/exceladvisor.org\/de\/vergangenen-sonntag-2\/\",\"url\":\"https:\/\/exceladvisor.org\/de\/vergangenen-sonntag-2\/\",\"name\":\"Wie erhalte ich das Datum des vorherigen Sonntags in Excel?\",\"isPartOf\":{\"@id\":\"https:\/\/exceladvisor.org\/de\/#website\"},\"primaryImageOfPage\":{\"@id\":\"https:\/\/exceladvisor.org\/de\/vergangenen-sonntag-2\/#primaryimage\"},\"image\":{\"@id\":\"https:\/\/exceladvisor.org\/de\/vergangenen-sonntag-2\/#primaryimage\"},\"thumbnailUrl\":\"https:\/\/exceladvisor.org\/wp-content\/uploads\/2023\/08\/1-obtenir-le-dimanche-precedent.png\",\"datePublished\":\"2023-10-22T04:39:17+00:00\",\"dateModified\":\"2023-12-03T11:19:14+00:00\",\"description\":\"In diesem Tutorial erfahren Sie, wie Sie eine Excel-Formel schreiben, um das Datum des vorherigen Sonntags zu ermitteln. Lassen Sie uns das \u00fcberpr\u00fcfen ...\",\"breadcrumb\":{\"@id\":\"https:\/\/exceladvisor.org\/de\/vergangenen-sonntag-2\/#breadcrumb\"},\"inLanguage\":\"de\",\"potentialAction\":[{\"@type\":\"ReadAction\",\"target\":[\"https:\/\/exceladvisor.org\/de\/vergangenen-sonntag-2\/\"]}]},{\"@type\":\"ImageObject\",\"inLanguage\":\"de\",\"@id\":\"https:\/\/exceladvisor.org\/de\/vergangenen-sonntag-2\/#primaryimage\",\"url\":\"https:\/\/exceladvisor.org\/wp-content\/uploads\/2023\/08\/1-obtenir-le-dimanche-precedent.png\",\"contentUrl\":\"https:\/\/exceladvisor.org\/wp-content\/uploads\/2023\/08\/1-obtenir-le-dimanche-precedent.png\"},{\"@type\":\"BreadcrumbList\",\"@id\":\"https:\/\/exceladvisor.org\/de\/vergangenen-sonntag-2\/#breadcrumb\",\"itemListElement\":[{\"@type\":\"ListItem\",\"position\":1,\"name\":\"Accueil\",\"item\":\"https:\/\/exceladvisor.org\/de\/\"},{\"@type\":\"ListItem\",\"position\":2,\"name\":\"Wie erhalte ich das datum des vorherigen sonntags in excel?\"}]},{\"@type\":\"WebSite\",\"@id\":\"https:\/\/exceladvisor.org\/de\/#website\",\"url\":\"https:\/\/exceladvisor.org\/de\/\",\"name\":\"Excel Advisor\",\"description\":\"Ihr Leitfaden zur Datendominanz\",\"publisher\":{\"@id\":\"https:\/\/exceladvisor.org\/de\/#organization\"},\"potentialAction\":[{\"@type\":\"SearchAction\",\"target\":{\"@type\":\"EntryPoint\",\"urlTemplate\":\"https:\/\/exceladvisor.org\/de\/?s={search_term_string}\"},\"query-input\":{\"@type\":\"PropertyValueSpecification\",\"valueRequired\":true,\"valueName\":\"search_term_string\"}}],\"inLanguage\":\"de\"},{\"@type\":\"Organization\",\"@id\":\"https:\/\/exceladvisor.org\/de\/#organization\",\"name\":\"Excel Advisor\",\"url\":\"https:\/\/exceladvisor.org\/de\/\",\"logo\":{\"@type\":\"ImageObject\",\"inLanguage\":\"de\",\"@id\":\"https:\/\/exceladvisor.org\/de\/#\/schema\/logo\/image\/\",\"url\":\"https:\/\/exceladvisor.org\/de\/wp-content\/uploads\/2023\/11\/exceladvisor.org_.png\",\"contentUrl\":\"https:\/\/exceladvisor.org\/de\/wp-content\/uploads\/2023\/11\/exceladvisor.org_.png\",\"width\":105,\"height\":36,\"caption\":\"Excel Advisor\"},\"image\":{\"@id\":\"https:\/\/exceladvisor.org\/de\/#\/schema\/logo\/image\/\"}}]}<\/script>\n<!-- \/ Yoast SEO plugin. -->","yoast_head_json":{"title":"Wie erhalte ich das Datum des vorherigen Sonntags in Excel?","description":"In diesem Tutorial erfahren Sie, wie Sie eine Excel-Formel schreiben, um das Datum des vorherigen Sonntags zu ermitteln. Lassen Sie uns das \u00fcberpr\u00fcfen ...","robots":{"index":"index","follow":"follow","max-snippet":"max-snippet:-1","max-image-preview":"max-image-preview:large","max-video-preview":"max-video-preview:-1"},"canonical":"https:\/\/exceladvisor.org\/de\/vergangenen-sonntag-2\/","og_locale":"de_DE","og_type":"article","og_title":"Wie erhalte ich das Datum des vorherigen Sonntags in Excel?","og_description":"In diesem Tutorial erfahren Sie, wie Sie eine Excel-Formel schreiben, um das Datum des vorherigen Sonntags zu ermitteln. Lassen Sie uns das \u00fcberpr\u00fcfen ...","og_url":"https:\/\/exceladvisor.org\/de\/vergangenen-sonntag-2\/","og_site_name":"Excel Advisor","article_modified_time":"2023-12-03T11:19:14+00:00","og_image":[{"url":"https:\/\/exceladvisor.org\/wp-content\/uploads\/2023\/08\/1-obtenir-le-dimanche-precedent.png","type":"","width":"","height":""}],"twitter_card":"summary_large_image","twitter_misc":{"Gesch\u00e4tzte Lesezeit":"3\u00a0Minuten"},"schema":{"@context":"https:\/\/schema.org","@graph":[{"@type":"WebPage","@id":"https:\/\/exceladvisor.org\/de\/vergangenen-sonntag-2\/","url":"https:\/\/exceladvisor.org\/de\/vergangenen-sonntag-2\/","name":"Wie erhalte ich das Datum des vorherigen Sonntags in Excel?","isPartOf":{"@id":"https:\/\/exceladvisor.org\/de\/#website"},"primaryImageOfPage":{"@id":"https:\/\/exceladvisor.org\/de\/vergangenen-sonntag-2\/#primaryimage"},"image":{"@id":"https:\/\/exceladvisor.org\/de\/vergangenen-sonntag-2\/#primaryimage"},"thumbnailUrl":"https:\/\/exceladvisor.org\/wp-content\/uploads\/2023\/08\/1-obtenir-le-dimanche-precedent.png","datePublished":"2023-10-22T04:39:17+00:00","dateModified":"2023-12-03T11:19:14+00:00","description":"In diesem Tutorial erfahren Sie, wie Sie eine Excel-Formel schreiben, um das Datum des vorherigen Sonntags zu ermitteln. Lassen Sie uns das \u00fcberpr\u00fcfen ...","breadcrumb":{"@id":"https:\/\/exceladvisor.org\/de\/vergangenen-sonntag-2\/#breadcrumb"},"inLanguage":"de","potentialAction":[{"@type":"ReadAction","target":["https:\/\/exceladvisor.org\/de\/vergangenen-sonntag-2\/"]}]},{"@type":"ImageObject","inLanguage":"de","@id":"https:\/\/exceladvisor.org\/de\/vergangenen-sonntag-2\/#primaryimage","url":"https:\/\/exceladvisor.org\/wp-content\/uploads\/2023\/08\/1-obtenir-le-dimanche-precedent.png","contentUrl":"https:\/\/exceladvisor.org\/wp-content\/uploads\/2023\/08\/1-obtenir-le-dimanche-precedent.png"},{"@type":"BreadcrumbList","@id":"https:\/\/exceladvisor.org\/de\/vergangenen-sonntag-2\/#breadcrumb","itemListElement":[{"@type":"ListItem","position":1,"name":"Accueil","item":"https:\/\/exceladvisor.org\/de\/"},{"@type":"ListItem","position":2,"name":"Wie erhalte ich das datum des vorherigen sonntags in excel?"}]},{"@type":"WebSite","@id":"https:\/\/exceladvisor.org\/de\/#website","url":"https:\/\/exceladvisor.org\/de\/","name":"Excel Advisor","description":"Ihr Leitfaden zur Datendominanz","publisher":{"@id":"https:\/\/exceladvisor.org\/de\/#organization"},"potentialAction":[{"@type":"SearchAction","target":{"@type":"EntryPoint","urlTemplate":"https:\/\/exceladvisor.org\/de\/?s={search_term_string}"},"query-input":{"@type":"PropertyValueSpecification","valueRequired":true,"valueName":"search_term_string"}}],"inLanguage":"de"},{"@type":"Organization","@id":"https:\/\/exceladvisor.org\/de\/#organization","name":"Excel Advisor","url":"https:\/\/exceladvisor.org\/de\/","logo":{"@type":"ImageObject","inLanguage":"de","@id":"https:\/\/exceladvisor.org\/de\/#\/schema\/logo\/image\/","url":"https:\/\/exceladvisor.org\/de\/wp-content\/uploads\/2023\/11\/exceladvisor.org_.png","contentUrl":"https:\/\/exceladvisor.org\/de\/wp-content\/uploads\/2023\/11\/exceladvisor.org_.png","width":105,"height":36,"caption":"Excel Advisor"},"image":{"@id":"https:\/\/exceladvisor.org\/de\/#\/schema\/logo\/image\/"}}]}},"yoast_meta":{"yoast_wpseo_title":"","yoast_wpseo_metadesc":"","yoast_wpseo_canonical":""},"_links":{"self":[{"href":"https:\/\/exceladvisor.org\/de\/wp-json\/wp\/v2\/pages\/3550","targetHints":{"allow":["GET"]}}],"collection":[{"href":"https:\/\/exceladvisor.org\/de\/wp-json\/wp\/v2\/pages"}],"about":[{"href":"https:\/\/exceladvisor.org\/de\/wp-json\/wp\/v2\/types\/page"}],"author":[{"embeddable":true,"href":"https:\/\/exceladvisor.org\/de\/wp-json\/wp\/v2\/users\/1"}],"replies":[{"embeddable":true,"href":"https:\/\/exceladvisor.org\/de\/wp-json\/wp\/v2\/comments?post=3550"}],"version-history":[{"count":1,"href":"https:\/\/exceladvisor.org\/de\/wp-json\/wp\/v2\/pages\/3550\/revisions"}],"predecessor-version":[{"id":3921,"href":"https:\/\/exceladvisor.org\/de\/wp-json\/wp\/v2\/pages\/3550\/revisions\/3921"}],"wp:attachment":[{"href":"https:\/\/exceladvisor.org\/de\/wp-json\/wp\/v2\/media?parent=3550"}],"curies":[{"name":"wp","href":"https:\/\/api.w.org\/{rel}","templated":true}]}}