{"id":3551,"date":"2023-10-22T04:31:54","date_gmt":"2023-10-22T04:31:54","guid":{"rendered":"https:\/\/exceladvisor.org\/de\/letztes-zeichen-loschen-2\/"},"modified":"2023-12-03T11:14:25","modified_gmt":"2023-12-03T11:14:25","slug":"letztes-zeichen-loschen-2","status":"publish","type":"page","link":"https:\/\/exceladvisor.org\/de\/letztes-zeichen-loschen-2\/","title":{"rendered":"Wie entferne ich das letzte zeichen aus einer zeichenfolge?"},"content":{"rendered":"<div class=\"excel-vor-dem-inhalt\" id=\"excel-913887069\"><script type=\"text\/javascript\">\r\n\tatOptions = {\r\n\t\t'key' : 'c1158f160081d6540a8409e6925dab94',\r\n\t\t'format' : 'iframe',\r\n\t\t'height' : 250,\r\n\t\t'width' : 300,\r\n\t\t'params' : {}\r\n\t};\r\n<\/script>\r\n<script type=\"text\/javascript\" src=\"\/\/www.highperformanceformat.com\/c1158f160081d6540a8409e6925dab94\/invoke.js\"><\/script><\/div> <p>Um in Excel das letzte Zeichen einer Zeichenfolge in einer Zelle zu entfernen, m\u00fcssen Sie eine Formel erstellen, indem Sie die Funktionen LEFT und LEN kombinieren. Mit diesen Funktionen k\u00f6nnen Sie das letzte Zeichen (rechte Seite) entfernen, indem Sie es beim Extrahieren der Zeichenfolge abschneiden. <\/p><div class=\"wp-block-image\"><figure class=\"aligncenter size-full is-resized\"><img loading=\"lazy\" decoding=\"async\" class=\"wp-image-83682\" src=\"https:\/\/exceladvisor.org\/wp-content\/uploads\/2023\/08\/1-supprimer-le-dernier-caractere-dune-chaine.png\" sizes=\"auto, \" srcset=\"\" alt=\"Entfernen Sie das letzte Zeichen aus einer Zeichenfolge\" width=\"688\" height=\"358\"><\/figure><\/div><p> F\u00fchren Sie die folgenden Schritte aus, um diese Formel zu schreiben:<\/p><ol type=\"1\"><li> Geben Sie zun\u00e4chst die LEFT-Funktion in eine Zelle ein und verweisen Sie im ersten Argument auf die Zelle, die den Originaltext enth\u00e4lt.<\/li><li> Geben Sie dann im zweiten Argument von LEFT die LEN-Funktion ein.<\/li><li> Beziehen Sie sich anschlie\u00dfend in der LEN-Funktion auf Zelle A2 und schlie\u00dfen Sie die LEN-Funktion mit den schlie\u00dfenden Klammern.<\/li><li> Am Ende minus 1 der LEN-Funktion in [num_chars] und die LEFT-Funktion schlie\u00dfen. <\/li><\/ol><div class=\"wp-block-image\"><figure class=\"aligncenter size-full is-resized\"><img loading=\"lazy\" decoding=\"async\" class=\"wp-image-83684\" src=\"https:\/\/exceladvisor.org\/wp-content\/uploads\/2023\/08\/2-a-gauche-et-len-pour-supprimer-le-dernier-caractere.png\" sizes=\"auto, \" srcset=\"\" alt=\"links und len, um das letzte Zeichen zu entfernen\" width=\"597\" height=\"190\"><\/figure><\/div><p> Wenn Sie die Eingabetaste dr\u00fccken, erhalten Sie eine neue Zeichenfolge aus der urspr\u00fcnglichen Zeichenfolge, nachdem das letzte Zeichen entfernt wurde.<\/p><pre class=\"wp-block-code\"> <code class=\"language-excel-formula\" lang=\"excel-formula\">=LEFT(A1,LEN(A1)-1)<\/code><\/pre><p> Sie k\u00f6nnen auch die TRIM-Funktion verwenden, um unerw\u00fcnschte Leerzeichen nach und vor der Zeichenfolge zu entfernen. In unserem Beispiel steht zwischen den \u201eFeldern\u201c und der \u201e1\u201c ein Leerzeichen. <\/p><div class=\"wp-block-image\"><figure class=\"aligncenter size-full is-resized\"><img loading=\"lazy\" decoding=\"async\" class=\"wp-image-83685\" src=\"https:\/\/exceladvisor.org\/wp-content\/uploads\/2023\/08\/3-garnitures-pour-supprimer-lespace-indesirable.png\" sizes=\"auto, \" srcset=\"\" alt=\"Ausschneiden, um M\u00fcll zu entfernen\" width=\"697\" height=\"340\"><\/figure><\/div><p> Und wenn Sie das letzte Zeichen entfernen, bleibt das Leerzeichen bei der Zeichenfolge. Siehe den Schnappschuss unten. <\/p><div class=\"wp-block-image\"><figure class=\"aligncenter size-full is-resized\"><img loading=\"lazy\" decoding=\"async\" class=\"wp-image-83686\" src=\"https:\/\/exceladvisor.org\/wp-content\/uploads\/2023\/08\/4-trim-avec-gauche-et-len.png\" sizes=\"auto, \" srcset=\"\" alt=\"Crop-with-left-and-length\" width=\"651\" height=\"333\"><\/figure><\/div><p> Aus diesem Grund ist es am besten, TRIM mit LEFT und LEN zu verwenden. <\/p><div class=\"gb-container gb-container-52dfcee1 gb-container-sample-file\"><h2 class=\"gb-headline gb-headline-e289c143 gb-headline-text gb-headline-4f7959c2\"> Holen Sie sich die Excel-Datei<\/h2><p> <a class=\"gb-button gb-button-e88d6bee gb-button-text gb-button-button1\" href=\"https:\/\/exceladvisor.org\/de\/a\/\" rel=\"nofollow\">Herunterladen<\/a><\/p><\/div><div class=\"gb-container gb-container-4db6181c gb-container-mt\"> <a class=\"gb-button gb-button-c5897111 gb-button-text gb-button-mt-button\" href=\"https:\/\/exceladvisor.org\/de\/vba\/\">Was ist VBA<\/a><h2 class=\"gb-headline gb-headline-665e5f6b gb-headline-text gb-headline-mt-heading\"> Verwandte Tutorials <\/h2><div class=\"gb-grid-wrapper gb-grid-wrapper-a20baf7c gb-grid-wrapper-mt-grid\"><div class=\"gb-grid-column gb-grid-column-65ddf67e\"><div class=\"gb-container gb-container-65ddf67e\"><ul><li> Entfernen Sie das erste Zeichen aus einer Zelle in Excel<\/li><li> <a href=\"https:\/\/exceladvisor.org\/de\/entfernen-sie-zusatzliche-leerzeichen\/\">Entfernen Sie zus\u00e4tzliche Leerzeichen in Excel<\/a><\/li><li> <a href=\"https:\/\/exceladvisor.org\/de\/das-erste-letzte-wort-bekommen\/\">Separate Namen in Excel \u2013 (Vor- und Nachname)<\/a><\/li><li> <a href=\"https:\/\/exceladvisor.org\/de\/extrahiere-das-letzte-wort-2\/\">Extrahieren Sie das letzte Wort aus einer Zelle<\/a><\/li><li> <a href=\"https:\/\/exceladvisor.org\/de\/zeilenumbruch-2-entfernen\/\">Zeilenumbruch aus einer Zelle entfernen<\/a><\/li><\/ul><\/div><\/div><\/div><\/div>","protected":false},"excerpt":{"rendered":"","protected":false},"author":1,"featured_media":0,"parent":0,"menu_order":0,"comment_status":"open","ping_status":"closed","template":"","meta":{"ub_ctt_via":"","footnotes":""},"class_list":["post-3551","page","type-page","status-publish","hentry"],"featured_image_src":null,"yoast_head":"<!-- This site is optimized with the Yoast SEO plugin v25.4 - https:\/\/yoast.com\/wordpress\/plugins\/seo\/ -->\n<title>Wie entferne ich das letzte Zeichen aus einer Zeichenfolge in Excel?<\/title>\n<meta name=\"description\" content=\"In diesem Tutorial erfahren Sie, wie Sie eine Excel-Formel schreiben, um das letzte Zeichen aus einer Zeichenfolge zu entfernen. Lassen Sie uns das \u00fcberpr\u00fcfen ...\" \/>\n<meta name=\"robots\" content=\"index, follow, max-snippet:-1, max-image-preview:large, max-video-preview:-1\" \/>\n<link rel=\"canonical\" href=\"https:\/\/exceladvisor.org\/de\/letztes-zeichen-loschen-2\/\" \/>\n<meta property=\"og:locale\" content=\"de_DE\" \/>\n<meta property=\"og:type\" content=\"article\" \/>\n<meta property=\"og:title\" content=\"Wie entferne ich das letzte Zeichen aus einer Zeichenfolge in Excel?\" \/>\n<meta property=\"og:description\" content=\"In diesem Tutorial erfahren Sie, wie Sie eine Excel-Formel schreiben, um das letzte Zeichen aus einer Zeichenfolge zu entfernen. Lassen Sie uns das \u00fcberpr\u00fcfen ...\" \/>\n<meta property=\"og:url\" content=\"https:\/\/exceladvisor.org\/de\/letztes-zeichen-loschen-2\/\" \/>\n<meta property=\"og:site_name\" content=\"Excel Advisor\" \/>\n<meta property=\"article:modified_time\" content=\"2023-12-03T11:14:25+00:00\" \/>\n<meta property=\"og:image\" content=\"https:\/\/exceladvisor.org\/wp-content\/uploads\/2023\/08\/1-supprimer-le-dernier-caractere-dune-chaine.png\" \/>\n<meta name=\"twitter:card\" content=\"summary_large_image\" \/>\n<meta name=\"twitter:label1\" content=\"Gesch\u00e4tzte Lesezeit\" \/>\n\t<meta name=\"twitter:data1\" content=\"1\u00a0Minute\" \/>\n<script type=\"application\/ld+json\" class=\"yoast-schema-graph\">{\"@context\":\"https:\/\/schema.org\",\"@graph\":[{\"@type\":\"WebPage\",\"@id\":\"https:\/\/exceladvisor.org\/de\/letztes-zeichen-loschen-2\/\",\"url\":\"https:\/\/exceladvisor.org\/de\/letztes-zeichen-loschen-2\/\",\"name\":\"Wie entferne ich das letzte Zeichen aus einer Zeichenfolge in Excel?\",\"isPartOf\":{\"@id\":\"https:\/\/exceladvisor.org\/de\/#website\"},\"primaryImageOfPage\":{\"@id\":\"https:\/\/exceladvisor.org\/de\/letztes-zeichen-loschen-2\/#primaryimage\"},\"image\":{\"@id\":\"https:\/\/exceladvisor.org\/de\/letztes-zeichen-loschen-2\/#primaryimage\"},\"thumbnailUrl\":\"https:\/\/exceladvisor.org\/wp-content\/uploads\/2023\/08\/1-supprimer-le-dernier-caractere-dune-chaine.png\",\"datePublished\":\"2023-10-22T04:31:54+00:00\",\"dateModified\":\"2023-12-03T11:14:25+00:00\",\"description\":\"In diesem Tutorial erfahren Sie, wie Sie eine Excel-Formel schreiben, um das letzte Zeichen aus einer Zeichenfolge zu entfernen. Lassen Sie uns das \u00fcberpr\u00fcfen ...\",\"breadcrumb\":{\"@id\":\"https:\/\/exceladvisor.org\/de\/letztes-zeichen-loschen-2\/#breadcrumb\"},\"inLanguage\":\"de\",\"potentialAction\":[{\"@type\":\"ReadAction\",\"target\":[\"https:\/\/exceladvisor.org\/de\/letztes-zeichen-loschen-2\/\"]}]},{\"@type\":\"ImageObject\",\"inLanguage\":\"de\",\"@id\":\"https:\/\/exceladvisor.org\/de\/letztes-zeichen-loschen-2\/#primaryimage\",\"url\":\"https:\/\/exceladvisor.org\/wp-content\/uploads\/2023\/08\/1-supprimer-le-dernier-caractere-dune-chaine.png\",\"contentUrl\":\"https:\/\/exceladvisor.org\/wp-content\/uploads\/2023\/08\/1-supprimer-le-dernier-caractere-dune-chaine.png\"},{\"@type\":\"BreadcrumbList\",\"@id\":\"https:\/\/exceladvisor.org\/de\/letztes-zeichen-loschen-2\/#breadcrumb\",\"itemListElement\":[{\"@type\":\"ListItem\",\"position\":1,\"name\":\"Accueil\",\"item\":\"https:\/\/exceladvisor.org\/de\/\"},{\"@type\":\"ListItem\",\"position\":2,\"name\":\"Wie entferne ich das letzte zeichen aus einer zeichenfolge?\"}]},{\"@type\":\"WebSite\",\"@id\":\"https:\/\/exceladvisor.org\/de\/#website\",\"url\":\"https:\/\/exceladvisor.org\/de\/\",\"name\":\"Excel Advisor\",\"description\":\"Ihr Leitfaden zur Datendominanz\",\"publisher\":{\"@id\":\"https:\/\/exceladvisor.org\/de\/#organization\"},\"potentialAction\":[{\"@type\":\"SearchAction\",\"target\":{\"@type\":\"EntryPoint\",\"urlTemplate\":\"https:\/\/exceladvisor.org\/de\/?s={search_term_string}\"},\"query-input\":{\"@type\":\"PropertyValueSpecification\",\"valueRequired\":true,\"valueName\":\"search_term_string\"}}],\"inLanguage\":\"de\"},{\"@type\":\"Organization\",\"@id\":\"https:\/\/exceladvisor.org\/de\/#organization\",\"name\":\"Excel Advisor\",\"url\":\"https:\/\/exceladvisor.org\/de\/\",\"logo\":{\"@type\":\"ImageObject\",\"inLanguage\":\"de\",\"@id\":\"https:\/\/exceladvisor.org\/de\/#\/schema\/logo\/image\/\",\"url\":\"https:\/\/exceladvisor.org\/de\/wp-content\/uploads\/2023\/11\/exceladvisor.org_.png\",\"contentUrl\":\"https:\/\/exceladvisor.org\/de\/wp-content\/uploads\/2023\/11\/exceladvisor.org_.png\",\"width\":105,\"height\":36,\"caption\":\"Excel Advisor\"},\"image\":{\"@id\":\"https:\/\/exceladvisor.org\/de\/#\/schema\/logo\/image\/\"}}]}<\/script>\n<!-- \/ Yoast SEO plugin. -->","yoast_head_json":{"title":"Wie entferne ich das letzte Zeichen aus einer Zeichenfolge in Excel?","description":"In diesem Tutorial erfahren Sie, wie Sie eine Excel-Formel schreiben, um das letzte Zeichen aus einer Zeichenfolge zu entfernen. Lassen Sie uns das \u00fcberpr\u00fcfen ...","robots":{"index":"index","follow":"follow","max-snippet":"max-snippet:-1","max-image-preview":"max-image-preview:large","max-video-preview":"max-video-preview:-1"},"canonical":"https:\/\/exceladvisor.org\/de\/letztes-zeichen-loschen-2\/","og_locale":"de_DE","og_type":"article","og_title":"Wie entferne ich das letzte Zeichen aus einer Zeichenfolge in Excel?","og_description":"In diesem Tutorial erfahren Sie, wie Sie eine Excel-Formel schreiben, um das letzte Zeichen aus einer Zeichenfolge zu entfernen. Lassen Sie uns das \u00fcberpr\u00fcfen ...","og_url":"https:\/\/exceladvisor.org\/de\/letztes-zeichen-loschen-2\/","og_site_name":"Excel Advisor","article_modified_time":"2023-12-03T11:14:25+00:00","og_image":[{"url":"https:\/\/exceladvisor.org\/wp-content\/uploads\/2023\/08\/1-supprimer-le-dernier-caractere-dune-chaine.png","type":"","width":"","height":""}],"twitter_card":"summary_large_image","twitter_misc":{"Gesch\u00e4tzte Lesezeit":"1\u00a0Minute"},"schema":{"@context":"https:\/\/schema.org","@graph":[{"@type":"WebPage","@id":"https:\/\/exceladvisor.org\/de\/letztes-zeichen-loschen-2\/","url":"https:\/\/exceladvisor.org\/de\/letztes-zeichen-loschen-2\/","name":"Wie entferne ich das letzte Zeichen aus einer Zeichenfolge in Excel?","isPartOf":{"@id":"https:\/\/exceladvisor.org\/de\/#website"},"primaryImageOfPage":{"@id":"https:\/\/exceladvisor.org\/de\/letztes-zeichen-loschen-2\/#primaryimage"},"image":{"@id":"https:\/\/exceladvisor.org\/de\/letztes-zeichen-loschen-2\/#primaryimage"},"thumbnailUrl":"https:\/\/exceladvisor.org\/wp-content\/uploads\/2023\/08\/1-supprimer-le-dernier-caractere-dune-chaine.png","datePublished":"2023-10-22T04:31:54+00:00","dateModified":"2023-12-03T11:14:25+00:00","description":"In diesem Tutorial erfahren Sie, wie Sie eine Excel-Formel schreiben, um das letzte Zeichen aus einer Zeichenfolge zu entfernen. Lassen Sie uns das \u00fcberpr\u00fcfen ...","breadcrumb":{"@id":"https:\/\/exceladvisor.org\/de\/letztes-zeichen-loschen-2\/#breadcrumb"},"inLanguage":"de","potentialAction":[{"@type":"ReadAction","target":["https:\/\/exceladvisor.org\/de\/letztes-zeichen-loschen-2\/"]}]},{"@type":"ImageObject","inLanguage":"de","@id":"https:\/\/exceladvisor.org\/de\/letztes-zeichen-loschen-2\/#primaryimage","url":"https:\/\/exceladvisor.org\/wp-content\/uploads\/2023\/08\/1-supprimer-le-dernier-caractere-dune-chaine.png","contentUrl":"https:\/\/exceladvisor.org\/wp-content\/uploads\/2023\/08\/1-supprimer-le-dernier-caractere-dune-chaine.png"},{"@type":"BreadcrumbList","@id":"https:\/\/exceladvisor.org\/de\/letztes-zeichen-loschen-2\/#breadcrumb","itemListElement":[{"@type":"ListItem","position":1,"name":"Accueil","item":"https:\/\/exceladvisor.org\/de\/"},{"@type":"ListItem","position":2,"name":"Wie entferne ich das letzte zeichen aus einer zeichenfolge?"}]},{"@type":"WebSite","@id":"https:\/\/exceladvisor.org\/de\/#website","url":"https:\/\/exceladvisor.org\/de\/","name":"Excel Advisor","description":"Ihr Leitfaden zur Datendominanz","publisher":{"@id":"https:\/\/exceladvisor.org\/de\/#organization"},"potentialAction":[{"@type":"SearchAction","target":{"@type":"EntryPoint","urlTemplate":"https:\/\/exceladvisor.org\/de\/?s={search_term_string}"},"query-input":{"@type":"PropertyValueSpecification","valueRequired":true,"valueName":"search_term_string"}}],"inLanguage":"de"},{"@type":"Organization","@id":"https:\/\/exceladvisor.org\/de\/#organization","name":"Excel Advisor","url":"https:\/\/exceladvisor.org\/de\/","logo":{"@type":"ImageObject","inLanguage":"de","@id":"https:\/\/exceladvisor.org\/de\/#\/schema\/logo\/image\/","url":"https:\/\/exceladvisor.org\/de\/wp-content\/uploads\/2023\/11\/exceladvisor.org_.png","contentUrl":"https:\/\/exceladvisor.org\/de\/wp-content\/uploads\/2023\/11\/exceladvisor.org_.png","width":105,"height":36,"caption":"Excel Advisor"},"image":{"@id":"https:\/\/exceladvisor.org\/de\/#\/schema\/logo\/image\/"}}]}},"yoast_meta":{"yoast_wpseo_title":"","yoast_wpseo_metadesc":"","yoast_wpseo_canonical":""},"_links":{"self":[{"href":"https:\/\/exceladvisor.org\/de\/wp-json\/wp\/v2\/pages\/3551","targetHints":{"allow":["GET"]}}],"collection":[{"href":"https:\/\/exceladvisor.org\/de\/wp-json\/wp\/v2\/pages"}],"about":[{"href":"https:\/\/exceladvisor.org\/de\/wp-json\/wp\/v2\/types\/page"}],"author":[{"embeddable":true,"href":"https:\/\/exceladvisor.org\/de\/wp-json\/wp\/v2\/users\/1"}],"replies":[{"embeddable":true,"href":"https:\/\/exceladvisor.org\/de\/wp-json\/wp\/v2\/comments?post=3551"}],"version-history":[{"count":1,"href":"https:\/\/exceladvisor.org\/de\/wp-json\/wp\/v2\/pages\/3551\/revisions"}],"predecessor-version":[{"id":3908,"href":"https:\/\/exceladvisor.org\/de\/wp-json\/wp\/v2\/pages\/3551\/revisions\/3908"}],"wp:attachment":[{"href":"https:\/\/exceladvisor.org\/de\/wp-json\/wp\/v2\/media?parent=3551"}],"curies":[{"name":"wp","href":"https:\/\/api.w.org\/{rel}","templated":true}]}}