{"id":3553,"date":"2023-10-21T13:57:49","date_gmt":"2023-10-21T13:57:49","guid":{"rendered":"https:\/\/exceladvisor.org\/de\/zeichenschrift\/"},"modified":"2023-12-03T11:22:01","modified_gmt":"2023-12-03T11:22:01","slug":"zeichenschrift","status":"publish","type":"page","link":"https:\/\/exceladvisor.org\/de\/zeichenschrift\/","title":{"rendered":"Wie kann ich mit vba \u00e4nderungen an der schriftart vornehmen?"},"content":{"rendered":"<div class=\"excel-vor-dem-inhalt\" id=\"excel-2412594739\"><script type=\"text\/javascript\">\r\n\tatOptions = {\r\n\t\t'key' : 'c1158f160081d6540a8409e6925dab94',\r\n\t\t'format' : 'iframe',\r\n\t\t'height' : 250,\r\n\t\t'width' : 300,\r\n\t\t'params' : {}\r\n\t};\r\n<\/script>\r\n<script type=\"text\/javascript\" src=\"\/\/www.highperformanceformat.com\/c1158f160081d6540a8409e6925dab94\/invoke.js\"><\/script><\/div> <h2 class=\"wp-block-heading\">Wichtige Anmerkungen<\/h2><ul><li> Um \u00c4nderungen an einer Schriftart vorzunehmen, m\u00fcssen Sie das VBA-Schriftartobjekt verwenden.<\/li><li> Es gibt insgesamt 18 Eigenschaften mit dem Schriftartobjekt, auf die Sie zugreifen und \u00c4nderungen daran vornehmen k\u00f6nnen.<\/li><\/ul><h2 class=\"wp-block-heading\"> VBA-Schriftartobjekt<\/h2><p> In VBA gibt es ein Schriftartobjekt, mit dem Sie Schriftarteigenschaften einer Zelle \u00e4ndern k\u00f6nnen, z. B. Schriftfarbe, Schriftgr\u00f6\u00dfe, Schriftart, und Sie k\u00f6nnen der Schriftart auch Fett- und Kursivschrift zuweisen.<\/p><h3 class=\"wp-block-heading\"> Syntax<\/h3><pre class=\"wp-block-code\"> <code class=\"language-visual-basic\" lang=\"visual-basic\">expression.font<\/code><\/pre><p> Um es zu verwenden, m\u00fcssen Sie zun\u00e4chst die Zellenadresse festlegen, die Sie auf folgende Weise angeben k\u00f6nnen.<\/p><pre class=\"wp-block-code\"> <code class=\"language-visual-basic\" lang=\"visual-basic\">Selection.Font Range(\"A1\").Font Cells(1, 1).Font Range(\"A1:A5\").Font<\/code><\/pre><h2 class=\"wp-block-heading\"> VBA-Schriftfarbe<\/h2><p> Um die Schriftfarbe zu \u00e4ndern, haben Sie zwei verschiedene M\u00f6glichkeiten:<\/p><h3 class=\"wp-block-heading\"> 1. Verwendung von Farbkonstanten<\/h3><p> Excel verf\u00fcgt \u00fcber einige Farbkonstanten, mit denen Sie der Schriftart eine Farbe zuweisen k\u00f6nnen. Wenn Sie beispielsweise die Farbe Rot auf die Schriftart in Zelle A1 anwenden m\u00f6chten, sieht der Code wie folgt aus: <\/p><pre class=\"wp-block-code\"> <code class=\"language-visual-basic\" lang=\"visual-basic\">Range(\"A1\").Font.Color = vbRed<\/code><\/pre><div class=\"wp-block-image\"><figure class=\"aligncenter size-large is-resized\"><img loading=\"lazy\" decoding=\"async\" class=\"wp-image-50948\" src=\"https:\/\/exceladvisor.org\/wp-content\/uploads\/2023\/08\/1-en-utilisant-des-constantes-de-couleur.png\" sizes=\"auto, \" srcset=\"\" alt=\"Verwenden Sie Farbkonstanten\" width=\"317\" height=\"157\"><\/figure><\/div><p> Im obigen Code ist nach dem Schriftartobjekt die Eigenschaft \u201eFarbe\u201c und Sie haben die Konstante \u201evbRed\u201c verwendet, die VBA anweist, der Zelle A1 rote Farbe zuzuweisen. Es gibt insgesamt acht Konstanten, die Sie verwenden k\u00f6nnen:<\/p><ol type=\"1\"><li> vbBlack: Schwarz<\/li><li> vbRed: Rot<\/li><li> vbGreen: Gr\u00fcn<\/li><li> vbYellow: Gelb<\/li><li> vbBlue: Blau<\/li><li> vbMagenta: Magenta<\/li><li> vbCyan: Cyan<\/li><li> vbWhite: Wei\u00df<\/li><\/ol><h3 class=\"wp-block-heading\"> 2. RGB verwenden<\/h3><p> Sie k\u00f6nnen auch die RGB-Farbcodierung verwenden, um der Schriftart eine Farbe zuzuweisen. RGB ist die Farbkombination aus Rot, Gr\u00fcn und Blau, wobei Sie mithilfe von Code eine benutzerdefinierte Farbe erstellen k\u00f6nnen. Nehmen wir an, Sie m\u00f6chten der Zelle A1 eine Farbkombination aus Gr\u00fcn und Blau zuweisen, der Code w\u00e4re: <\/p><pre class=\"wp-block-code\"> <code class=\"language-visual-basic\" lang=\"visual-basic\">Range(\"A1\").Font.Color = RGB(0, 255, 255)<\/code><\/pre><div class=\"wp-block-image\"><figure class=\"aligncenter size-large is-resized\"><img loading=\"lazy\" decoding=\"async\" class=\"wp-image-50949\" src=\"https:\/\/exceladvisor.org\/wp-content\/uploads\/2023\/08\/2-en-utilisant-RVB.png\" sizes=\"auto, \" srcset=\"\" alt=\"using-rgb\" width=\"462\" height=\"174\"><\/figure><\/div><h2 class=\"wp-block-heading\"> VBA-Schriftgr\u00f6\u00dfe<\/h2><p> Das Font-Objekt erm\u00f6glicht Ihnen auch Zugriff auf die Gr\u00f6\u00dfeneigenschaft der Schriftart. Nehmen wir an, Sie m\u00f6chten die Schriftgr\u00f6\u00dfe 16 auf die Schriftart in Zelle A1 anwenden. Der Code w\u00e4re: <\/p><pre class=\"wp-block-code\"> <code class=\"language-visual-basic\" lang=\"visual-basic\">Range(\"A1\").Font.Size = 16<\/code><\/pre><div class=\"wp-block-image\"><figure class=\"aligncenter size-large is-resized\"><img loading=\"lazy\" decoding=\"async\" class=\"wp-image-50950\" src=\"https:\/\/exceladvisor.org\/wp-content\/uploads\/2023\/08\/3-taille-de-police-vba.png\" sizes=\"auto, \" srcset=\"\" alt=\"VBA-Schriftgr\u00f6\u00dfe\" width=\"363\" height=\"161\"><\/figure><\/div><p> Wenn Sie die Schriftgr\u00f6\u00dfe auf alle Zellen in einem Arbeitsblatt anwenden m\u00f6chten, k\u00f6nnen Sie den folgenden Code verwenden:<\/p><pre class=\"wp-block-code\"> <code class=\"language-visual-basic\" lang=\"visual-basic\">Cells.Font.Size = 16<\/code><\/pre><p> Und wenn Sie die Schriftgr\u00f6\u00dfe nur auf die Zellen anwenden m\u00f6chten, in denen Sie Daten haben, w\u00e4re der Code:<\/p><pre class=\"wp-block-code\"> <code class=\"language-visual-basic\" lang=\"visual-basic\">ActiveSheet.UsedRange.Font.Size = 16<\/code><\/pre><p> Oder zur ausgew\u00e4hlten Zelle.<\/p><pre class=\"wp-block-code\"> <code class=\"language-visual-basic\" lang=\"visual-basic\">Selection.Font.Size = 16<\/code><\/pre><h2 class=\"wp-block-heading\"> VBA-Schriftartname<\/h2><p> Ebenso k\u00f6nnen Sie den Schriftartnamen auch mithilfe der Namenseigenschaft des Schriftartobjekts \u00e4ndern. Nehmen wir an <a href=\"https:\/\/exceladvisor.org\/de\/beste-schriftarten\/\">, Sie m\u00f6chten die Schriftart \u201eConsolas\u201c auf Zelle A1 anwenden<\/a> . Der Code w\u00e4re: <\/p><pre class=\"wp-block-code\"> <code class=\"language-visual-basic\" lang=\"visual-basic\">Range(\"A1\").Font.Name = \"Consolas\"<\/code><\/pre><div class=\"wp-block-image\"><figure class=\"aligncenter size-large is-resized\"><img loading=\"lazy\" decoding=\"async\" class=\"wp-image-50951\" src=\"https:\/\/exceladvisor.org\/wp-content\/uploads\/2023\/08\/4-nom-de-police-vba.png\" sizes=\"auto, \" srcset=\"\" alt=\"vba-Schriftartname\" width=\"344\" height=\"144\"><\/figure><\/div><p> Wenn Sie diese Eigenschaft verwenden, m\u00fcssen Sie den korrekten Namen der Schriftart eingeben, die Sie anwenden m\u00f6chten. Wenn der Name falsch ist, wird keine Fehlermeldung angezeigt.<\/p><h2 class=\"wp-block-heading\"> Fett, kursiv und unterstrichene VBA-Schriftart<\/h2><p> Es gibt auch Eigenschaften, mit denen Sie die Schriftart fett, kursiv und unterstrichen gestalten k\u00f6nnen. Nachfolgend finden Sie die Codes, die Sie hierf\u00fcr schreiben m\u00fcssen. <\/p><pre class=\"wp-block-code\"> <code class=\"language-visual-basic\" lang=\"visual-basic\">Range(\"A1\").Font.Bold = True Range(\"A1\").Font.Italic = True Range(\"A1\").Font.Underline = True<\/code><\/pre><div class=\"wp-block-image\"><figure class=\"aligncenter size-large is-resized\"><img loading=\"lazy\" decoding=\"async\" class=\"wp-image-50952\" src=\"https:\/\/exceladvisor.org\/wp-content\/uploads\/2023\/08\/5-police-vba-gras-italique-souligne.png\" sizes=\"auto, \" srcset=\"\" alt=\"vba-bold-font-italic-underline\" width=\"327\" height=\"163\"><\/figure><\/div><p> Bei diesen Eigenschaften m\u00fcssen Sie TRUE oder FALSE festlegen. Wenn die Schriftart also bereits fett oder kursiv ist und Sie sie entfernen m\u00f6chten, m\u00fcssen Sie sie mit FALSE entfernen.<\/p><h2 class=\"wp-block-heading\"> Weitere n\u00fctzliche Schriftarteigenschaften<\/h2><p> F\u00fcgen Sie hier einige zus\u00e4tzliche Eigenschaften hinzu, die f\u00fcr Sie n\u00fctzlich sein k\u00f6nnten ( <a href=\"https:\/\/exceladvisor.org\/de\/stange\/\">Strikethrough<\/a> , <a href=\"https:\/\/exceladvisor.org\/de\/index-2\/\">Subscript<\/a> und <a href=\"https:\/\/exceladvisor.org\/de\/exponent\/\">Superscript<\/a> ).<\/p><pre class=\"wp-block-code\"> <code class=\"language-visual-basic\" lang=\"visual-basic\">Range(\"A1\").Font.Strikethrough = True Range(\"A1\").Font.Subscript = True Range(\"A1\").Font.Superscript = True<\/code><\/pre><div class=\"gb-container gb-container-4db6181c gb-container-mt\"> <a class=\"gb-button gb-button-c5897111 gb-button-text gb-button-mt-button\" href=\"https:\/\/exceladvisor.org\/de\/vba\/\">Was ist VBA<\/a><h2 class=\"gb-headline gb-headline-665e5f6b gb-headline-text gb-headline-mt-heading\"> Verwandte Tutorials <\/h2><div class=\"gb-grid-wrapper gb-grid-wrapper-a20baf7c gb-grid-wrapper-mt-grid\"><div class=\"gb-grid-column gb-grid-column-65ddf67e\"><div class=\"gb-container gb-container-65ddf67e\"><ul><li> <a href=\"https:\/\/exceladvisor.org\/de\/anzahl-der-zeilen\/\">Z\u00e4hlen Sie Zeilen mit VBA in Excel<\/a><\/li><li> <a href=\"https:\/\/exceladvisor.org\/de\/spaltenzeile-ausblenden-und-anzeigen\/\">Excel VBA Eine Spalte oder Zeile ein- und ausblenden<\/a><\/li><li> <a href=\"https:\/\/exceladvisor.org\/de\/bereich-1\/\">Excel VBA-Bereich \u2013 Arbeiten mit Bereichen und Zellen<\/a><\/li><li> <a href=\"https:\/\/exceladvisor.org\/de\/grenzen\/\">Wenden Sie mit VBA in Excel Rahmen auf eine Zelle an<\/a><\/li><li> <a href=\"https:\/\/exceladvisor.org\/de\/finden-sie-die-zelle-der-spalte-der-letzten-zeile\/\">Finden Sie die letzte Zeile, Spalte und Zelle mit VBA in Excel<\/a><\/li><\/ul><\/div><\/div><\/div><\/div>","protected":false},"excerpt":{"rendered":"","protected":false},"author":1,"featured_media":0,"parent":0,"menu_order":0,"comment_status":"open","ping_status":"closed","template":"","meta":{"ub_ctt_via":"","footnotes":""},"class_list":["post-3553","page","type-page","status-publish","hentry"],"featured_image_src":null,"yoast_head":"<!-- This site is optimized with the Yoast SEO plugin v25.4 - https:\/\/yoast.com\/wordpress\/plugins\/seo\/ -->\n<title>Wie kann ich mit VBA \u00c4nderungen an der Schriftart vornehmen?<\/title>\n<meta name=\"description\" content=\"Um \u00c4nderungen an der Schriftart in einer Zelle vorzunehmen, m\u00fcssen Sie das VBA-Schriftartobjekt verwenden.\" \/>\n<meta name=\"robots\" content=\"index, follow, max-snippet:-1, max-image-preview:large, max-video-preview:-1\" \/>\n<link rel=\"canonical\" href=\"https:\/\/exceladvisor.org\/de\/zeichenschrift\/\" \/>\n<meta property=\"og:locale\" content=\"de_DE\" \/>\n<meta property=\"og:type\" content=\"article\" \/>\n<meta property=\"og:title\" content=\"Wie kann ich mit VBA \u00c4nderungen an der Schriftart vornehmen?\" \/>\n<meta property=\"og:description\" content=\"Um \u00c4nderungen an der Schriftart in einer Zelle vorzunehmen, m\u00fcssen Sie das VBA-Schriftartobjekt verwenden.\" \/>\n<meta property=\"og:url\" content=\"https:\/\/exceladvisor.org\/de\/zeichenschrift\/\" \/>\n<meta property=\"og:site_name\" content=\"Excel Advisor\" \/>\n<meta property=\"article:modified_time\" content=\"2023-12-03T11:22:01+00:00\" \/>\n<meta property=\"og:image\" content=\"https:\/\/exceladvisor.org\/wp-content\/uploads\/2023\/08\/1-en-utilisant-des-constantes-de-couleur.png\" \/>\n<meta name=\"twitter:card\" content=\"summary_large_image\" \/>\n<meta name=\"twitter:label1\" content=\"Gesch\u00e4tzte Lesezeit\" \/>\n\t<meta name=\"twitter:data1\" content=\"3\u00a0Minuten\" \/>\n<script type=\"application\/ld+json\" class=\"yoast-schema-graph\">{\"@context\":\"https:\/\/schema.org\",\"@graph\":[{\"@type\":\"WebPage\",\"@id\":\"https:\/\/exceladvisor.org\/de\/zeichenschrift\/\",\"url\":\"https:\/\/exceladvisor.org\/de\/zeichenschrift\/\",\"name\":\"Wie kann ich mit VBA \u00c4nderungen an der Schriftart vornehmen?\",\"isPartOf\":{\"@id\":\"https:\/\/exceladvisor.org\/de\/#website\"},\"primaryImageOfPage\":{\"@id\":\"https:\/\/exceladvisor.org\/de\/zeichenschrift\/#primaryimage\"},\"image\":{\"@id\":\"https:\/\/exceladvisor.org\/de\/zeichenschrift\/#primaryimage\"},\"thumbnailUrl\":\"https:\/\/exceladvisor.org\/wp-content\/uploads\/2023\/08\/1-en-utilisant-des-constantes-de-couleur.png\",\"datePublished\":\"2023-10-21T13:57:49+00:00\",\"dateModified\":\"2023-12-03T11:22:01+00:00\",\"description\":\"Um \u00c4nderungen an der Schriftart in einer Zelle vorzunehmen, m\u00fcssen Sie das VBA-Schriftartobjekt verwenden.\",\"breadcrumb\":{\"@id\":\"https:\/\/exceladvisor.org\/de\/zeichenschrift\/#breadcrumb\"},\"inLanguage\":\"de\",\"potentialAction\":[{\"@type\":\"ReadAction\",\"target\":[\"https:\/\/exceladvisor.org\/de\/zeichenschrift\/\"]}]},{\"@type\":\"ImageObject\",\"inLanguage\":\"de\",\"@id\":\"https:\/\/exceladvisor.org\/de\/zeichenschrift\/#primaryimage\",\"url\":\"https:\/\/exceladvisor.org\/wp-content\/uploads\/2023\/08\/1-en-utilisant-des-constantes-de-couleur.png\",\"contentUrl\":\"https:\/\/exceladvisor.org\/wp-content\/uploads\/2023\/08\/1-en-utilisant-des-constantes-de-couleur.png\"},{\"@type\":\"BreadcrumbList\",\"@id\":\"https:\/\/exceladvisor.org\/de\/zeichenschrift\/#breadcrumb\",\"itemListElement\":[{\"@type\":\"ListItem\",\"position\":1,\"name\":\"Accueil\",\"item\":\"https:\/\/exceladvisor.org\/de\/\"},{\"@type\":\"ListItem\",\"position\":2,\"name\":\"Wie kann ich mit vba \u00e4nderungen an der schriftart vornehmen?\"}]},{\"@type\":\"WebSite\",\"@id\":\"https:\/\/exceladvisor.org\/de\/#website\",\"url\":\"https:\/\/exceladvisor.org\/de\/\",\"name\":\"Excel Advisor\",\"description\":\"Ihr Leitfaden zur Datendominanz\",\"publisher\":{\"@id\":\"https:\/\/exceladvisor.org\/de\/#organization\"},\"potentialAction\":[{\"@type\":\"SearchAction\",\"target\":{\"@type\":\"EntryPoint\",\"urlTemplate\":\"https:\/\/exceladvisor.org\/de\/?s={search_term_string}\"},\"query-input\":{\"@type\":\"PropertyValueSpecification\",\"valueRequired\":true,\"valueName\":\"search_term_string\"}}],\"inLanguage\":\"de\"},{\"@type\":\"Organization\",\"@id\":\"https:\/\/exceladvisor.org\/de\/#organization\",\"name\":\"Excel Advisor\",\"url\":\"https:\/\/exceladvisor.org\/de\/\",\"logo\":{\"@type\":\"ImageObject\",\"inLanguage\":\"de\",\"@id\":\"https:\/\/exceladvisor.org\/de\/#\/schema\/logo\/image\/\",\"url\":\"https:\/\/exceladvisor.org\/de\/wp-content\/uploads\/2023\/11\/exceladvisor.org_.png\",\"contentUrl\":\"https:\/\/exceladvisor.org\/de\/wp-content\/uploads\/2023\/11\/exceladvisor.org_.png\",\"width\":105,\"height\":36,\"caption\":\"Excel Advisor\"},\"image\":{\"@id\":\"https:\/\/exceladvisor.org\/de\/#\/schema\/logo\/image\/\"}}]}<\/script>\n<!-- \/ Yoast SEO plugin. -->","yoast_head_json":{"title":"Wie kann ich mit VBA \u00c4nderungen an der Schriftart vornehmen?","description":"Um \u00c4nderungen an der Schriftart in einer Zelle vorzunehmen, m\u00fcssen Sie das VBA-Schriftartobjekt verwenden.","robots":{"index":"index","follow":"follow","max-snippet":"max-snippet:-1","max-image-preview":"max-image-preview:large","max-video-preview":"max-video-preview:-1"},"canonical":"https:\/\/exceladvisor.org\/de\/zeichenschrift\/","og_locale":"de_DE","og_type":"article","og_title":"Wie kann ich mit VBA \u00c4nderungen an der Schriftart vornehmen?","og_description":"Um \u00c4nderungen an der Schriftart in einer Zelle vorzunehmen, m\u00fcssen Sie das VBA-Schriftartobjekt verwenden.","og_url":"https:\/\/exceladvisor.org\/de\/zeichenschrift\/","og_site_name":"Excel Advisor","article_modified_time":"2023-12-03T11:22:01+00:00","og_image":[{"url":"https:\/\/exceladvisor.org\/wp-content\/uploads\/2023\/08\/1-en-utilisant-des-constantes-de-couleur.png","type":"","width":"","height":""}],"twitter_card":"summary_large_image","twitter_misc":{"Gesch\u00e4tzte Lesezeit":"3\u00a0Minuten"},"schema":{"@context":"https:\/\/schema.org","@graph":[{"@type":"WebPage","@id":"https:\/\/exceladvisor.org\/de\/zeichenschrift\/","url":"https:\/\/exceladvisor.org\/de\/zeichenschrift\/","name":"Wie kann ich mit VBA \u00c4nderungen an der Schriftart vornehmen?","isPartOf":{"@id":"https:\/\/exceladvisor.org\/de\/#website"},"primaryImageOfPage":{"@id":"https:\/\/exceladvisor.org\/de\/zeichenschrift\/#primaryimage"},"image":{"@id":"https:\/\/exceladvisor.org\/de\/zeichenschrift\/#primaryimage"},"thumbnailUrl":"https:\/\/exceladvisor.org\/wp-content\/uploads\/2023\/08\/1-en-utilisant-des-constantes-de-couleur.png","datePublished":"2023-10-21T13:57:49+00:00","dateModified":"2023-12-03T11:22:01+00:00","description":"Um \u00c4nderungen an der Schriftart in einer Zelle vorzunehmen, m\u00fcssen Sie das VBA-Schriftartobjekt verwenden.","breadcrumb":{"@id":"https:\/\/exceladvisor.org\/de\/zeichenschrift\/#breadcrumb"},"inLanguage":"de","potentialAction":[{"@type":"ReadAction","target":["https:\/\/exceladvisor.org\/de\/zeichenschrift\/"]}]},{"@type":"ImageObject","inLanguage":"de","@id":"https:\/\/exceladvisor.org\/de\/zeichenschrift\/#primaryimage","url":"https:\/\/exceladvisor.org\/wp-content\/uploads\/2023\/08\/1-en-utilisant-des-constantes-de-couleur.png","contentUrl":"https:\/\/exceladvisor.org\/wp-content\/uploads\/2023\/08\/1-en-utilisant-des-constantes-de-couleur.png"},{"@type":"BreadcrumbList","@id":"https:\/\/exceladvisor.org\/de\/zeichenschrift\/#breadcrumb","itemListElement":[{"@type":"ListItem","position":1,"name":"Accueil","item":"https:\/\/exceladvisor.org\/de\/"},{"@type":"ListItem","position":2,"name":"Wie kann ich mit vba \u00e4nderungen an der schriftart vornehmen?"}]},{"@type":"WebSite","@id":"https:\/\/exceladvisor.org\/de\/#website","url":"https:\/\/exceladvisor.org\/de\/","name":"Excel Advisor","description":"Ihr Leitfaden zur Datendominanz","publisher":{"@id":"https:\/\/exceladvisor.org\/de\/#organization"},"potentialAction":[{"@type":"SearchAction","target":{"@type":"EntryPoint","urlTemplate":"https:\/\/exceladvisor.org\/de\/?s={search_term_string}"},"query-input":{"@type":"PropertyValueSpecification","valueRequired":true,"valueName":"search_term_string"}}],"inLanguage":"de"},{"@type":"Organization","@id":"https:\/\/exceladvisor.org\/de\/#organization","name":"Excel Advisor","url":"https:\/\/exceladvisor.org\/de\/","logo":{"@type":"ImageObject","inLanguage":"de","@id":"https:\/\/exceladvisor.org\/de\/#\/schema\/logo\/image\/","url":"https:\/\/exceladvisor.org\/de\/wp-content\/uploads\/2023\/11\/exceladvisor.org_.png","contentUrl":"https:\/\/exceladvisor.org\/de\/wp-content\/uploads\/2023\/11\/exceladvisor.org_.png","width":105,"height":36,"caption":"Excel Advisor"},"image":{"@id":"https:\/\/exceladvisor.org\/de\/#\/schema\/logo\/image\/"}}]}},"yoast_meta":{"yoast_wpseo_title":"","yoast_wpseo_metadesc":"","yoast_wpseo_canonical":""},"_links":{"self":[{"href":"https:\/\/exceladvisor.org\/de\/wp-json\/wp\/v2\/pages\/3553","targetHints":{"allow":["GET"]}}],"collection":[{"href":"https:\/\/exceladvisor.org\/de\/wp-json\/wp\/v2\/pages"}],"about":[{"href":"https:\/\/exceladvisor.org\/de\/wp-json\/wp\/v2\/types\/page"}],"author":[{"embeddable":true,"href":"https:\/\/exceladvisor.org\/de\/wp-json\/wp\/v2\/users\/1"}],"replies":[{"embeddable":true,"href":"https:\/\/exceladvisor.org\/de\/wp-json\/wp\/v2\/comments?post=3553"}],"version-history":[{"count":1,"href":"https:\/\/exceladvisor.org\/de\/wp-json\/wp\/v2\/pages\/3553\/revisions"}],"predecessor-version":[{"id":4096,"href":"https:\/\/exceladvisor.org\/de\/wp-json\/wp\/v2\/pages\/3553\/revisions\/4096"}],"wp:attachment":[{"href":"https:\/\/exceladvisor.org\/de\/wp-json\/wp\/v2\/media?parent=3553"}],"curies":[{"name":"wp","href":"https:\/\/api.w.org\/{rel}","templated":true}]}}