{"id":3554,"date":"2023-10-21T13:45:37","date_gmt":"2023-10-21T13:45:37","guid":{"rendered":"https:\/\/exceladvisor.org\/de\/wahrend-tun\/"},"modified":"2023-12-03T13:05:51","modified_gmt":"2023-12-03T13:05:51","slug":"wahrend-tun","status":"publish","type":"page","link":"https:\/\/exceladvisor.org\/de\/wahrend-tun\/","title":{"rendered":"Wie verwende ich die do while-schleife in vba?"},"content":{"rendered":"<div class=\"excel-vor-dem-inhalt\" id=\"excel-3184304410\"><script type=\"text\/javascript\">\r\n\tatOptions = {\r\n\t\t'key' : 'c1158f160081d6540a8409e6925dab94',\r\n\t\t'format' : 'iframe',\r\n\t\t'height' : 250,\r\n\t\t'width' : 300,\r\n\t\t'params' : {}\r\n\t};\r\n<\/script>\r\n<script type=\"text\/javascript\" src=\"\/\/www.highperformanceformat.com\/c1158f160081d6540a8409e6925dab94\/invoke.js\"><\/script><\/div> <p>VBA Do while ist eine Schleife, in der Sie eine Bedingung angeben m\u00fcssen und diese Bedingung wahr bleiben muss, damit die Schleife ausgef\u00fchrt wird. Vereinfacht gesagt wird zun\u00e4chst gepr\u00fcft, ob die von Ihnen angegebene Bedingung wahr ist oder nicht. Wenn diese Bedingung wahr ist, wird die Schleife ausgef\u00fchrt, andernfalls nichts.<\/p><p> In jeder Iteration testet es die Bedingung und f\u00fchrt erst dann die Anweisung aus. Stellen Sie sich vor, Sie m\u00f6chten <a href=\"https:\/\/exceladvisor.org\/de\/fugen-sie-ein-neues-blatt-hinzu-1\/\">Arbeitsbl\u00e4tter in Excel hinzuf\u00fcgen<\/a> , aber die Gesamtzahl der Arbeitsbl\u00e4tter betr\u00e4gt 12 oder weniger. In diesem Fall k\u00f6nnen Sie diesen Code mit der do-while-Schleife schreiben.<\/p><h3 class=\"wp-block-heading\"> Syntax<\/h3><p> Hier ist die VBA-Syntax f\u00fcr jede nachfolgende Schleife. <\/p><pre class=\"wp-block-code\"> <code class=\"language-visual-basic\" lang=\"visual-basic\">Do While Condition [statements] Loop<\/code><\/pre><div class=\"wp-block-image\"><figure class=\"aligncenter size-large is-resized\"><img loading=\"lazy\" decoding=\"async\" class=\"wp-image-51937\" src=\"https:\/\/exceladvisor.org\/wp-content\/uploads\/2023\/08\/1-vba-do-while-declaration-de-condition-de-boucle.png\" sizes=\"auto, \" srcset=\"\" alt=\"vba-do-while-loop-condition-Anweisung\" width=\"465\" height=\"283\"><\/figure><\/div><ol type=\"1\"><li> <strong>Bedingung:<\/strong> Dies ist die von Ihnen angegebene Bedingung. Diese Bedingung muss wahr sein, um die Schleife auszuf\u00fchren.<\/li><li> <strong>Anweisung<\/strong> : Die Codezeile(n), in der\/denen die Do While-Schleife die Bedingung ausf\u00fchren soll, ist wahr.<\/li><li> <strong>Schleife<\/strong> : Dies ist die Endanweisung einer Iteration der Schleife und weist VBA an, zur\u00fcckzugehen und die Bedingung erneut zu testen.<\/li><\/ol><h3 class=\"wp-block-heading\"> Beispiel zum Verst\u00e4ndnis der DO While-Schleife<\/h3><p> Um die Do-While-Schleife zu verstehen, schreiben wir einen Code zum Hinzuf\u00fcgen von Arbeitsbl\u00e4ttern zu einer Arbeitsmappe, wenn die Gesamtzahl der Arbeitsbl\u00e4tter weniger als zw\u00f6lf betr\u00e4gt. Sie m\u00fcssen VBA nicht mitteilen, wie viele Bl\u00e4tter hinzugef\u00fcgt werden sollen, und bei jeder Ausf\u00fchrung dieses Codes stehen Ihnen immer insgesamt 12 Bl\u00e4tter zur Verf\u00fcgung.<\/p><p> F\u00fchren Sie die folgenden Schritte aus:<\/p><ol><li> Zun\u00e4chst m\u00fcssen Sie \u201eDo While\u201c auf der Tastatur eingeben. <br><img loading=\"lazy\" decoding=\"async\" title=\"2-type-the-keyword-do-while\" src=\"https:\/\/exceladvisor.org\/wp-content\/uploads\/2023\/08\/2-tapez-le-mot-cle-do-while.png\" sizes=\"auto, \" srcset=\"\" alt=\"type-the-keyword-do-while\" width=\"470\" height=\"235\"><\/li><li> Als N\u00e4chstes m\u00fcssen Sie eine Bedingung schreiben, die pr\u00fcfen kann, ob die Gesamtzahl der Arbeitsbl\u00e4tter in der Arbeitsmappe weniger als zw\u00f6lf betr\u00e4gt.<\/li><li> Dazu m\u00fcssen Sie den folgenden Code verwenden, der die Gesamtzahl der Arbeitsbl\u00e4tter z\u00e4hlt und diese dann mit der Zahl zw\u00f6lf vergleicht. <br><img loading=\"lazy\" decoding=\"async\" title=\"\u00dcberpr\u00fcfen Sie die 3 Arbeitsbl\u00e4tter zu Bedingungen\" src=\"https:\/\/exceladvisor.org\/wp-content\/uploads\/2023\/08\/3-conditions-pour-verifier-les-feuilles-de-travail.png\" sizes=\"auto, \" srcset=\"\" alt=\"condition-to-check-worksheets\" width=\"534\" height=\"179\"><\/li><li> Als N\u00e4chstes m\u00fcssen Sie den Code schreiben, um ein Arbeitsblatt hinzuzuf\u00fcgen. Dieser Code wird ausgef\u00fchrt, wenn die von Ihnen angegebene Bedingung wahr ist. <br><img loading=\"lazy\" decoding=\"async\" title=\"4-Code-zum-Hinzuf\u00fcgen-Arbeitsblatt\" src=\"https:\/\/exceladvisor.org\/wp-content\/uploads\/2023\/08\/4-code-pour-ajouter-une-feuille-de-calcul.png\" sizes=\"auto, \" srcset=\"\" alt=\"code-to-add-worksheet\" width=\"591\" height=\"217\"><\/li><li> Geben Sie am Ende das Schl\u00fcsselwort \u201eLoop\u201c ein, um den Code zu vervollst\u00e4ndigen. <br><img loading=\"lazy\" decoding=\"async\" title=\"5-Typ-Loop-to-Finish-Code\" src=\"https:\/\/exceladvisor.org\/wp-content\/uploads\/2023\/08\/Boucle-de-type-5-pour-terminer-le-code.png\" sizes=\"auto, \" srcset=\"\" alt=\"type-loop-to-end-the-code\" width=\"565\" height=\"235\"><\/li><\/ol><p> Hier ist der vollst\u00e4ndige Code, den Sie gerade geschrieben haben:<\/p><pre class=\"wp-block-code\"> <code class=\"language-visual-basic\" lang=\"visual-basic\">Sub vba_do_while_loop() Do While ActiveWorkbook.Worksheets.Count &lt; 12 Sheets.Add Loop End Sub<\/code><\/pre><p> Lassen Sie mich nun erkl\u00e4ren, wie dieser Code funktioniert: Die <strong>von Ihnen angegebene Bedingung \u00fcberpr\u00fcft die Gesamtzahl der Arbeitsbl\u00e4tter<\/strong> in der Arbeitsmappe, und dann haben Sie einen Kleiner-als-Operator, der die Anzahl der Arbeitsbl\u00e4tter mit zw\u00f6lf vergleicht.<\/p><p> Wenn die <strong>Anzahl der Arbeitsbl\u00e4tter weniger als zw\u00f6lf betr\u00e4gt, l\u00e4uft die Schleife weiter<\/strong> und f\u00fcgt weiterhin neue Arbeitsbl\u00e4tter hinzu. Sobald die Anzahl der Arbeitsbl\u00e4tter jedoch zw\u00f6lf erreicht, wird die Schleife gestoppt.<\/p><p> Vereinfacht ausgedr\u00fcckt bedeutet dies, dass die Schleife so lange weiterl\u00e4uft, wie die Anzahl der Arbeitsbl\u00e4tter weniger als zw\u00f6lf betr\u00e4gt. <\/p><div class=\"wp-block-image\"><figure class=\"aligncenter size-full is-resized\"><img loading=\"lazy\" decoding=\"async\" class=\"wp-image-62277\" src=\"https:\/\/exceladvisor.org\/wp-content\/uploads\/2023\/08\/exemple-de-boucle-do-while.gif\" sizes=\"auto, \" srcset=\"\" alt=\"Beispiel f\u00fcr eine Do-While-Schleife\" width=\"597\" height=\"395\"><\/figure><\/div><p> Hier ist die Sache: Mit dem Code, den Sie gerade geschrieben haben, m\u00fcssen Sie nicht die Anzahl der Arbeitsbl\u00e4tter angeben, die Sie hinzuf\u00fcgen m\u00f6chten. Wenn Sie jedoch mit der n\u00e4chsten Schleife fortfahren, m\u00fcssen Sie die Anzahl der Arbeitsbl\u00e4tter angeben, die Sie hinzuf\u00fcgen m\u00f6chten.<\/p><h2 class=\"wp-block-heading\"> Machen Sie eine Schleife f\u00fcr<\/h2><p> Do Loop While ist eine erweiterte Version von Do While Loop, da es genauso funktioniert, es jedoch einen kleinen Unterschied beim Testen der Bedingung gibt.<\/p><p> In \u201eDo Loop While\u201c wird eine Iteration der Schleife ausgef\u00fchrt, bevor die von Ihnen angegebene Bedingung getestet wird. Wenn die Bedingung wahr ist, wird die Schleife fortgesetzt.<\/p><p> Nehmen wir an, Sie m\u00f6chten Code schreiben, um ein Passwort zu \u00fcberpr\u00fcfen, Code auszuf\u00fchren und die Schleife fortzusetzen, w\u00e4hrend das Passwort falsch ist (wir sehen dies im Beispiel).<\/p><h3 class=\"wp-block-heading\"> Syntax<\/h3><p> Hier ist die Syntax von VBA Do Loop While. <\/p><div class=\"wp-block-image\"><figure class=\"aligncenter size-large is-resized\"><img loading=\"lazy\" decoding=\"async\" class=\"wp-image-51942\" src=\"https:\/\/exceladvisor.org\/wp-content\/uploads\/2023\/08\/6-syntaxe-pour-la-boucle-vba-do-while.png\" sizes=\"auto, \" srcset=\"\" alt=\"Syntax-f\u00fcr-vba-do-loop-while\" width=\"457\" height=\"327\"><\/figure><\/div><ol type=\"1\"><li> Do: Dies ist das Startschl\u00fcsselwort der Do While-Schleife.<\/li><li> Anweisung: Dies sind die Codezeilen, die Sie in der Schleife ausf\u00fchren m\u00f6chten.<\/li><li> Loop While: Dies ist das Schl\u00fcsselwort, um die Schleife fortzusetzen und die von Ihnen angegebene Bedingung zu testen.<\/li><li> Bedingung: Dies ist die Bedingung, die Sie testen m\u00f6chten, bevor die Schleife ihre zweite Iteration beginnt und die Schleife fortsetzt.<\/li><\/ol><p> Wie Sie in der Syntax von Do Loop While sehen k\u00f6nnen, wird die Anweisung zun\u00e4chst einmal ausgef\u00fchrt, dann wird die Bedingung aufgerufen und getestet. Wenn diese Bedingung wahr ist, wird die Schleife gestartet und fortgesetzt, solange die Bedingung erf\u00fcllt ist WAHR.<\/p><h3 class=\"wp-block-heading\"> Beispiel zum Verst\u00e4ndnis der DO-Schleife while<\/h3><p> Um die do while-Schleife zu verstehen, schreiben wir Code, um ein Eingabefeld anzuzeigen und den Benutzer zur Eingabe des Kennworts aufzufordern.<\/p><p> In diesem Eingabefeld wird noch bis zu f\u00fcnf Versuche lang deutlich angezeigt, dass das vom Benutzer eingegebene Passwort falsch ist. Danach verschwindet das Eingabefeld, ohne dass der Vorgang ausgef\u00fchrt wird.<\/p><ol><li> Deklarieren Sie zun\u00e4chst zwei Variablen, die Sie zum Speichern des Passworts und des Versuchsz\u00e4hlers ben\u00f6tigen. <br><img loading=\"lazy\" decoding=\"async\" title=\"7-deklarieren Sie zwei Variablen, die Sie zur Speicherung ben\u00f6tigen\" src=\"https:\/\/exceladvisor.org\/wp-content\/uploads\/2023\/08\/7-declarer-deux-variables-dont-vous-avez-besoin-pour-le-stockage.png\" sizes=\"auto, \" srcset=\"\" alt=\"declare-two-variables-you-need-for-storing\" width=\"468\" height=\"181\"><\/li><li> Geben Sie anschlie\u00dfend das Schl\u00fcsselwort \u201eDo\u201c ein. Hier m\u00fcssen Sie nicht zuerst die Bedingung definieren, wie Sie in der Syntax gesehen haben. <br><img loading=\"lazy\" decoding=\"async\" title=\"8-type-the-do-keyword\" src=\"https:\/\/exceladvisor.org\/wp-content\/uploads\/2023\/08\/8-tapez-le-mot-cle-do.png\" sizes=\"auto, \" srcset=\"\" alt=\"type-the-do-keyword\" width=\"462\" height=\"174\"><\/li><li> Als N\u00e4chstes m\u00fcssen Sie eine Codezeile schreiben, um das Eingabefeld anzuzeigen, in dem der Benutzer zur Eingabe des Passworts aufgefordert wird. <br><img loading=\"lazy\" decoding=\"async\" title=\"9-schreibe-eine-Zeile-von-Code\" src=\"https:\/\/exceladvisor.org\/wp-content\/uploads\/2023\/08\/9-ecrire-une-ligne-de-code.png\" sizes=\"auto, \" srcset=\"\" alt=\"write-a-line-of-code\" width=\"478\" height=\"213\"><\/li><li> Von hier aus m\u00fcssen Sie einen Z\u00e4hler festlegen, der bis zu f\u00fcnf z\u00e4hlen kann (summiert sich bei jeder Schleifeniteration). <br><img loading=\"lazy\" decoding=\"async\" title=\"10 St\u00fcck pro Z\u00e4hler\" src=\"https:\/\/exceladvisor.org\/wp-content\/uploads\/2023\/08\/10-definir-un-compteur.png\" sizes=\"auto, \" srcset=\"\" alt=\"define-a-counter\" width=\"508\" height=\"233\"><\/li><li> Geben Sie nun das Schl\u00fcsselwort \u201eLoop While\u201c ein und legen Sie zwei Bedingungen fest, die den vom Benutzer und im Eingabefeld eingegebenen Wert \u00fcberpr\u00fcfen und den Z\u00e4hlerwert testen k\u00f6nnen, wenn er kleiner als 5 ist. <br><img loading=\"lazy\" decoding=\"async\" title=\"11-type-keyword-loop-while-and-define-two-condition\" src=\"https:\/\/exceladvisor.org\/wp-content\/uploads\/2023\/08\/11-tapez-une-boucle-de-mots-cles-tandis-que-et-definissez-deux-conditions.png\" sizes=\"auto, \" srcset=\"\" alt=\"type-keyword-loop-while-and-define-two-condition\" width=\"519\" height=\"256\"><\/li><li> Schreiben Sie am Ende den Code, den Sie ausf\u00fchren m\u00f6chten. Hier verwende ich die IF-Anweisung, die ein Meldungsfeld anzeigt, wenn das vom Benutzer eingegebene Passwort korrekt ist. <br><img loading=\"lazy\" decoding=\"async\" title=\"12-Schreiben Sie den Code, den Sie ausf\u00fchren m\u00f6chten\" src=\"https:\/\/exceladvisor.org\/wp-content\/uploads\/2023\/08\/12-ecrivez-le-code-que-vous-voulez-executer.png\" sizes=\"auto, \" srcset=\"\" alt=\"write-the-code-you-want-to-run\" width=\"503\" height=\"306\"><\/li><\/ol><pre class=\"wp-block-code\"> <code class=\"language-visual-basic\" lang=\"visual-basic\">Sub vba_do_loop_while() Dim varPassword As Variant, i As Double Do varPassword = InputBox _ (\"Enter the password to start the procedure:\", _ \"Check Password 1.0\") i = i + 1 Loop While varPassword &lt;&gt; \"CorrectPassword\" And i &lt; 5 If varPassword = \"CorrectPassword\" Then MsgBox \"Your Password is Correct\" End If End Sub<\/code><\/pre><p> Lassen Sie mich Ihnen diesen Code erkl\u00e4ren.<\/p><ul><li> Im ersten Teil dieses Codes befindet sich die do while-Schleife, die dem Benutzer ein Eingabefeld anzeigt und <strong>ihn nach einem Passwort fragt<\/strong> .<\/li><li> Und <strong>wenn das Passwort falsch ist, wird die Schleife so lange ausgef\u00fchrt,<\/strong> bis der Benutzer das richtige Passwort eingibt.<\/li><li> Da Sie jedoch einen Z\u00e4hler verwenden, um die Iterationen der Schleife zu z\u00e4hlen, und <strong>sobald dieser Z\u00e4hler 5 erreicht, stoppt die Schleife<\/strong> .<\/li><\/ul><div class=\"gb-container gb-container-4db6181c gb-container-mt\"> <a class=\"gb-button gb-button-c5897111 gb-button-text gb-button-mt-button\" href=\"https:\/\/exceladvisor.org\/de\/vba\/\">Was ist VBA<\/a><h2 class=\"gb-headline gb-headline-665e5f6b gb-headline-text gb-headline-mt-heading\"> Verwandte Tutorials <\/h2><div class=\"gb-grid-wrapper gb-grid-wrapper-a20baf7c gb-grid-wrapper-mt-grid\"><div class=\"gb-grid-column gb-grid-column-65ddf67e\"><div class=\"gb-container gb-container-65ddf67e\"><ul><li> <a href=\"https:\/\/exceladvisor.org\/de\/schleifen\/\">VBA-Schleifen (Anf\u00e4nger bis Fortgeschrittene)<\/a><\/li><li> <a href=\"https:\/\/exceladvisor.org\/de\/wahlen-sie-den-fall-aus\/\">VBA-Fall ausw\u00e4hlen<\/a><\/li><li> <a href=\"https:\/\/exceladvisor.org\/de\/schleifenblatter\/\">Durchlaufen Sie alle Bl\u00e4tter mit VBA in Excel<\/a> <\/li><\/ul><\/div><\/div><div class=\"gb-grid-column gb-grid-column-50067b57\"><div class=\"gb-container gb-container-50067b57\"><ul><li> <a href=\"https:\/\/exceladvisor.org\/de\/schleife-durch-den-bereich\/\">Mit VBA einen Bereich durchlaufen (Spalten, Zeilen und UsedRange)<\/a><\/li><li> <a href=\"https:\/\/exceladvisor.org\/de\/fur-die-schleife\/\">VBA FOR LOOP (F\u00fcr Next, For Each)<\/a><\/li><li> <a href=\"https:\/\/exceladvisor.org\/de\/gehe-zu-1\/\">GoTo VBA-Deklaration<\/a><\/li><\/ul><\/div><\/div><\/div><\/div>","protected":false},"excerpt":{"rendered":"","protected":false},"author":1,"featured_media":0,"parent":0,"menu_order":0,"comment_status":"open","ping_status":"closed","template":"","meta":{"ub_ctt_via":"","footnotes":""},"class_list":["post-3554","page","type-page","status-publish","hentry"],"featured_image_src":null,"yoast_head":"<!-- This site is optimized with the Yoast SEO plugin v25.4 - https:\/\/yoast.com\/wordpress\/plugins\/seo\/ -->\n<title>Wie verwende ich die Do While-Schleife in VBA? (und Do Loop While)<\/title>\n<meta name=\"description\" content=\"In diesem Tutorial erfahren Sie, wie Sie \u201eDo While Loop\u201c und \u201eDo Loop While\u201c im VBA-Code in Excel verwenden.\" \/>\n<meta name=\"robots\" content=\"index, follow, max-snippet:-1, max-image-preview:large, max-video-preview:-1\" \/>\n<link rel=\"canonical\" href=\"https:\/\/exceladvisor.org\/de\/wahrend-tun\/\" \/>\n<meta property=\"og:locale\" content=\"de_DE\" \/>\n<meta property=\"og:type\" content=\"article\" \/>\n<meta property=\"og:title\" content=\"Wie verwende ich die Do While-Schleife in VBA? (und Do Loop While)\" \/>\n<meta property=\"og:description\" content=\"In diesem Tutorial erfahren Sie, wie Sie \u201eDo While Loop\u201c und \u201eDo Loop While\u201c im VBA-Code in Excel verwenden.\" \/>\n<meta property=\"og:url\" content=\"https:\/\/exceladvisor.org\/de\/wahrend-tun\/\" \/>\n<meta property=\"og:site_name\" content=\"Excel Advisor\" \/>\n<meta property=\"article:modified_time\" content=\"2023-12-03T13:05:51+00:00\" \/>\n<meta property=\"og:image\" content=\"https:\/\/exceladvisor.org\/wp-content\/uploads\/2023\/08\/1-vba-do-while-declaration-de-condition-de-boucle.png\" \/>\n<meta name=\"twitter:card\" content=\"summary_large_image\" \/>\n<meta name=\"twitter:label1\" content=\"Gesch\u00e4tzte Lesezeit\" \/>\n\t<meta name=\"twitter:data1\" content=\"6\u00a0Minuten\" \/>\n<script type=\"application\/ld+json\" class=\"yoast-schema-graph\">{\"@context\":\"https:\/\/schema.org\",\"@graph\":[{\"@type\":\"WebPage\",\"@id\":\"https:\/\/exceladvisor.org\/de\/wahrend-tun\/\",\"url\":\"https:\/\/exceladvisor.org\/de\/wahrend-tun\/\",\"name\":\"Wie verwende ich die Do While-Schleife in VBA? (und Do Loop While)\",\"isPartOf\":{\"@id\":\"https:\/\/exceladvisor.org\/de\/#website\"},\"primaryImageOfPage\":{\"@id\":\"https:\/\/exceladvisor.org\/de\/wahrend-tun\/#primaryimage\"},\"image\":{\"@id\":\"https:\/\/exceladvisor.org\/de\/wahrend-tun\/#primaryimage\"},\"thumbnailUrl\":\"https:\/\/exceladvisor.org\/wp-content\/uploads\/2023\/08\/1-vba-do-while-declaration-de-condition-de-boucle.png\",\"datePublished\":\"2023-10-21T13:45:37+00:00\",\"dateModified\":\"2023-12-03T13:05:51+00:00\",\"description\":\"In diesem Tutorial erfahren Sie, wie Sie \u201eDo While Loop\u201c und \u201eDo Loop While\u201c im VBA-Code in Excel verwenden.\",\"breadcrumb\":{\"@id\":\"https:\/\/exceladvisor.org\/de\/wahrend-tun\/#breadcrumb\"},\"inLanguage\":\"de\",\"potentialAction\":[{\"@type\":\"ReadAction\",\"target\":[\"https:\/\/exceladvisor.org\/de\/wahrend-tun\/\"]}]},{\"@type\":\"ImageObject\",\"inLanguage\":\"de\",\"@id\":\"https:\/\/exceladvisor.org\/de\/wahrend-tun\/#primaryimage\",\"url\":\"https:\/\/exceladvisor.org\/wp-content\/uploads\/2023\/08\/1-vba-do-while-declaration-de-condition-de-boucle.png\",\"contentUrl\":\"https:\/\/exceladvisor.org\/wp-content\/uploads\/2023\/08\/1-vba-do-while-declaration-de-condition-de-boucle.png\"},{\"@type\":\"BreadcrumbList\",\"@id\":\"https:\/\/exceladvisor.org\/de\/wahrend-tun\/#breadcrumb\",\"itemListElement\":[{\"@type\":\"ListItem\",\"position\":1,\"name\":\"Accueil\",\"item\":\"https:\/\/exceladvisor.org\/de\/\"},{\"@type\":\"ListItem\",\"position\":2,\"name\":\"Wie verwende ich die do while-schleife in vba?\"}]},{\"@type\":\"WebSite\",\"@id\":\"https:\/\/exceladvisor.org\/de\/#website\",\"url\":\"https:\/\/exceladvisor.org\/de\/\",\"name\":\"Excel Advisor\",\"description\":\"Ihr Leitfaden zur Datendominanz\",\"publisher\":{\"@id\":\"https:\/\/exceladvisor.org\/de\/#organization\"},\"potentialAction\":[{\"@type\":\"SearchAction\",\"target\":{\"@type\":\"EntryPoint\",\"urlTemplate\":\"https:\/\/exceladvisor.org\/de\/?s={search_term_string}\"},\"query-input\":{\"@type\":\"PropertyValueSpecification\",\"valueRequired\":true,\"valueName\":\"search_term_string\"}}],\"inLanguage\":\"de\"},{\"@type\":\"Organization\",\"@id\":\"https:\/\/exceladvisor.org\/de\/#organization\",\"name\":\"Excel Advisor\",\"url\":\"https:\/\/exceladvisor.org\/de\/\",\"logo\":{\"@type\":\"ImageObject\",\"inLanguage\":\"de\",\"@id\":\"https:\/\/exceladvisor.org\/de\/#\/schema\/logo\/image\/\",\"url\":\"https:\/\/exceladvisor.org\/de\/wp-content\/uploads\/2023\/11\/exceladvisor.org_.png\",\"contentUrl\":\"https:\/\/exceladvisor.org\/de\/wp-content\/uploads\/2023\/11\/exceladvisor.org_.png\",\"width\":105,\"height\":36,\"caption\":\"Excel Advisor\"},\"image\":{\"@id\":\"https:\/\/exceladvisor.org\/de\/#\/schema\/logo\/image\/\"}}]}<\/script>\n<!-- \/ Yoast SEO plugin. -->","yoast_head_json":{"title":"Wie verwende ich die Do While-Schleife in VBA? (und Do Loop While)","description":"In diesem Tutorial erfahren Sie, wie Sie \u201eDo While Loop\u201c und \u201eDo Loop While\u201c im VBA-Code in Excel verwenden.","robots":{"index":"index","follow":"follow","max-snippet":"max-snippet:-1","max-image-preview":"max-image-preview:large","max-video-preview":"max-video-preview:-1"},"canonical":"https:\/\/exceladvisor.org\/de\/wahrend-tun\/","og_locale":"de_DE","og_type":"article","og_title":"Wie verwende ich die Do While-Schleife in VBA? (und Do Loop While)","og_description":"In diesem Tutorial erfahren Sie, wie Sie \u201eDo While Loop\u201c und \u201eDo Loop While\u201c im VBA-Code in Excel verwenden.","og_url":"https:\/\/exceladvisor.org\/de\/wahrend-tun\/","og_site_name":"Excel Advisor","article_modified_time":"2023-12-03T13:05:51+00:00","og_image":[{"url":"https:\/\/exceladvisor.org\/wp-content\/uploads\/2023\/08\/1-vba-do-while-declaration-de-condition-de-boucle.png","type":"","width":"","height":""}],"twitter_card":"summary_large_image","twitter_misc":{"Gesch\u00e4tzte Lesezeit":"6\u00a0Minuten"},"schema":{"@context":"https:\/\/schema.org","@graph":[{"@type":"WebPage","@id":"https:\/\/exceladvisor.org\/de\/wahrend-tun\/","url":"https:\/\/exceladvisor.org\/de\/wahrend-tun\/","name":"Wie verwende ich die Do While-Schleife in VBA? (und Do Loop While)","isPartOf":{"@id":"https:\/\/exceladvisor.org\/de\/#website"},"primaryImageOfPage":{"@id":"https:\/\/exceladvisor.org\/de\/wahrend-tun\/#primaryimage"},"image":{"@id":"https:\/\/exceladvisor.org\/de\/wahrend-tun\/#primaryimage"},"thumbnailUrl":"https:\/\/exceladvisor.org\/wp-content\/uploads\/2023\/08\/1-vba-do-while-declaration-de-condition-de-boucle.png","datePublished":"2023-10-21T13:45:37+00:00","dateModified":"2023-12-03T13:05:51+00:00","description":"In diesem Tutorial erfahren Sie, wie Sie \u201eDo While Loop\u201c und \u201eDo Loop While\u201c im VBA-Code in Excel verwenden.","breadcrumb":{"@id":"https:\/\/exceladvisor.org\/de\/wahrend-tun\/#breadcrumb"},"inLanguage":"de","potentialAction":[{"@type":"ReadAction","target":["https:\/\/exceladvisor.org\/de\/wahrend-tun\/"]}]},{"@type":"ImageObject","inLanguage":"de","@id":"https:\/\/exceladvisor.org\/de\/wahrend-tun\/#primaryimage","url":"https:\/\/exceladvisor.org\/wp-content\/uploads\/2023\/08\/1-vba-do-while-declaration-de-condition-de-boucle.png","contentUrl":"https:\/\/exceladvisor.org\/wp-content\/uploads\/2023\/08\/1-vba-do-while-declaration-de-condition-de-boucle.png"},{"@type":"BreadcrumbList","@id":"https:\/\/exceladvisor.org\/de\/wahrend-tun\/#breadcrumb","itemListElement":[{"@type":"ListItem","position":1,"name":"Accueil","item":"https:\/\/exceladvisor.org\/de\/"},{"@type":"ListItem","position":2,"name":"Wie verwende ich die do while-schleife in vba?"}]},{"@type":"WebSite","@id":"https:\/\/exceladvisor.org\/de\/#website","url":"https:\/\/exceladvisor.org\/de\/","name":"Excel Advisor","description":"Ihr Leitfaden zur Datendominanz","publisher":{"@id":"https:\/\/exceladvisor.org\/de\/#organization"},"potentialAction":[{"@type":"SearchAction","target":{"@type":"EntryPoint","urlTemplate":"https:\/\/exceladvisor.org\/de\/?s={search_term_string}"},"query-input":{"@type":"PropertyValueSpecification","valueRequired":true,"valueName":"search_term_string"}}],"inLanguage":"de"},{"@type":"Organization","@id":"https:\/\/exceladvisor.org\/de\/#organization","name":"Excel Advisor","url":"https:\/\/exceladvisor.org\/de\/","logo":{"@type":"ImageObject","inLanguage":"de","@id":"https:\/\/exceladvisor.org\/de\/#\/schema\/logo\/image\/","url":"https:\/\/exceladvisor.org\/de\/wp-content\/uploads\/2023\/11\/exceladvisor.org_.png","contentUrl":"https:\/\/exceladvisor.org\/de\/wp-content\/uploads\/2023\/11\/exceladvisor.org_.png","width":105,"height":36,"caption":"Excel Advisor"},"image":{"@id":"https:\/\/exceladvisor.org\/de\/#\/schema\/logo\/image\/"}}]}},"yoast_meta":{"yoast_wpseo_title":"","yoast_wpseo_metadesc":"","yoast_wpseo_canonical":""},"_links":{"self":[{"href":"https:\/\/exceladvisor.org\/de\/wp-json\/wp\/v2\/pages\/3554","targetHints":{"allow":["GET"]}}],"collection":[{"href":"https:\/\/exceladvisor.org\/de\/wp-json\/wp\/v2\/pages"}],"about":[{"href":"https:\/\/exceladvisor.org\/de\/wp-json\/wp\/v2\/types\/page"}],"author":[{"embeddable":true,"href":"https:\/\/exceladvisor.org\/de\/wp-json\/wp\/v2\/users\/1"}],"replies":[{"embeddable":true,"href":"https:\/\/exceladvisor.org\/de\/wp-json\/wp\/v2\/comments?post=3554"}],"version-history":[{"count":1,"href":"https:\/\/exceladvisor.org\/de\/wp-json\/wp\/v2\/pages\/3554\/revisions"}],"predecessor-version":[{"id":4241,"href":"https:\/\/exceladvisor.org\/de\/wp-json\/wp\/v2\/pages\/3554\/revisions\/4241"}],"wp:attachment":[{"href":"https:\/\/exceladvisor.org\/de\/wp-json\/wp\/v2\/media?parent=3554"}],"curies":[{"name":"wp","href":"https:\/\/api.w.org\/{rel}","templated":true}]}}