{"id":3555,"date":"2023-10-21T12:39:59","date_gmt":"2023-10-21T12:39:59","guid":{"rendered":"https:\/\/exceladvisor.org\/de\/bildschirmaktualisierung\/"},"modified":"2023-12-03T11:13:33","modified_gmt":"2023-12-03T11:13:33","slug":"bildschirmaktualisierung","status":"publish","type":"page","link":"https:\/\/exceladvisor.org\/de\/bildschirmaktualisierung\/","title":{"rendered":"Wie aktiviere und deaktiviere ich die bildschirmaktualisierung in vba?"},"content":{"rendered":"<div class=\"excel-vor-dem-inhalt\" id=\"excel-284741112\"><script type=\"text\/javascript\">\r\n\tatOptions = {\r\n\t\t'key' : 'c1158f160081d6540a8409e6925dab94',\r\n\t\t'format' : 'iframe',\r\n\t\t'height' : 250,\r\n\t\t'width' : 300,\r\n\t\t'params' : {}\r\n\t};\r\n<\/script>\r\n<script type=\"text\/javascript\" src=\"\/\/www.highperformanceformat.com\/c1158f160081d6540a8409e6925dab94\/invoke.js\"><\/script><\/div> <h2 class=\"wp-block-heading\">Was ist eine VBA-Bildschirmaktualisierung?<\/h2><p> ScreenUpdating ist eine Eigenschaft in VBA, mit der Sie die Bildschirmaktualisierung beim Ausf\u00fchren von Code ein- und ausschalten k\u00f6nnen. Sie k\u00f6nnen es deaktivieren, bevor Sie Code ausf\u00fchren, der die Ausf\u00fchrung Ihres Codes beschleunigt, und es dann wieder aktivieren, nachdem die Ausf\u00fchrung des Codes abgeschlossen ist. Sie k\u00f6nnen diese Eigenschaft lesen und schreiben. <\/p><div class=\"wp-block-image\"><figure class=\"aligncenter size-large is-resized\"><img loading=\"lazy\" decoding=\"async\" class=\"wp-image-55686\" src=\"https:\/\/exceladvisor.org\/wp-content\/uploads\/2023\/08\/1-mise-a-jour-de-lecran-vba.png\" sizes=\"auto, \" srcset=\"\" alt=\"VBA-Bildschirmaktualisierung\" width=\"512\" height=\"332\"><\/figure><\/div><p> Standardm\u00e4\u00dfig ist die Bildschirmaktualisierung in Excel \u201eEIN\u201c. Wenn Sie <a href=\"https:\/\/exceladvisor.org\/de\/ein-makro-ausfuhren-2\/\">einen Code normal ausf\u00fchren,<\/a> flackert er stark, wenn dieser Code lange dauert. Wenn Sie die Bildschirmaktualisierung jedoch deaktivieren, dauert die Ausf\u00fchrung k\u00fcrzer als normal.<\/p><h2 class=\"wp-block-heading\"> Deaktivieren Sie die Bildschirmaktualisierung in VBA<\/h2><ol type=\"1\"><li> Geben Sie zun\u00e4chst das Schl\u00fcsselwort \u201eBewerbung\u201c ein.<\/li><li> Tippen Sie anschlie\u00dfend auf \u201e. \u00bb um die Liste der Eigenschaften und Methoden zu \u00f6ffnen.<\/li><li> W\u00e4hlen Sie nun \u201eBildschirmaktualisierung\u201c.<\/li><li> Geben Sie am Ende \u201eFalse\u201c an. <\/li><\/ol><div class=\"wp-block-image\"><figure class=\"aligncenter size-large is-resized\"><img loading=\"lazy\" decoding=\"async\" class=\"wp-image-55687\" src=\"https:\/\/exceladvisor.org\/wp-content\/uploads\/2023\/08\/2-desactiver-la-mise-a-jour-de-lecran.png\" sizes=\"auto, \" srcset=\"\" alt=\"\" width=\"463\" height=\"180\"><\/figure><\/div><p> Sobald Sie die Bildschirmaktualisierung deaktivieren, wird sie von VBA nicht aktiviert, nachdem der Code ausgef\u00fchrt wurde. Daher ist es immer besser, es auf Ihrer Seite auszuschalten. Der Code w\u00fcrde wie folgt aussehen. <\/p><div class=\"wp-block-image\"><figure class=\"aligncenter size-large is-resized\"><img loading=\"lazy\" decoding=\"async\" class=\"wp-image-55688\" src=\"https:\/\/exceladvisor.org\/wp-content\/uploads\/2023\/08\/3-desactiver-la-mise-a-jour-de-lecran.png\" sizes=\"auto, \" srcset=\"\" alt=\"\" width=\"477\" height=\"363\"><\/figure><\/div><h2 class=\"wp-block-heading\"> Dinge, die man beachten muss<\/h2><ul><li> Stellen Sie sicher, dass der Bildschirm auf \u201eEIN\u201c aktualisiert ist, wenn Sie ein Benutzerformular verwenden.<\/li><li> Wenn Sie Code debuggen, ist es am besten, einen Aktualisierungsbildschirm \u201eEIN\u201c zu haben, damit Sie alle Aktivit\u00e4ten so sehen k\u00f6nnen, wie sie sind.<\/li><\/ul><div class=\"gb-container gb-container-4db6181c gb-container-mt\"> <a class=\"gb-button gb-button-c5897111 gb-button-text gb-button-mt-button\" href=\"https:\/\/exceladvisor.org\/de\/vba\/\">Was ist VBA<\/a><h2 class=\"gb-headline gb-headline-665e5f6b gb-headline-text gb-headline-mt-heading\"> Verwandte Tutorials <\/h2><div class=\"gb-grid-wrapper gb-grid-wrapper-a20baf7c gb-grid-wrapper-mt-grid\"><div class=\"gb-grid-column gb-grid-column-65ddf67e\"><div class=\"gb-container gb-container-65ddf67e\"><ul><li> <a href=\"https:\/\/exceladvisor.org\/de\/markieren-sie-doppelte-werte\/\">Markieren Sie doppelte Werte mit VBA<\/a><\/li><li> <a href=\"https:\/\/exceladvisor.org\/de\/hyperlink-extrahieren\/\">Extrahieren Sie die Hyperlink-Adresse (URL) per VBA<\/a><\/li><li> <a href=\"https:\/\/exceladvisor.org\/de\/eingabefeld\/\">Eingabefeld in VBA<\/a><\/li><li> <a href=\"https:\/\/exceladvisor.org\/de\/textdateien\/\">VBA erstellen und in eine Textdatei schreiben<\/a><\/li><\/ul><\/div><\/div><\/div><\/div>","protected":false},"excerpt":{"rendered":"","protected":false},"author":1,"featured_media":0,"parent":0,"menu_order":0,"comment_status":"open","ping_status":"closed","template":"","meta":{"ub_ctt_via":"","footnotes":""},"class_list":["post-3555","page","type-page","status-publish","hentry"],"featured_image_src":null,"yoast_head":"<!-- This site is optimized with the Yoast SEO plugin v25.4 - https:\/\/yoast.com\/wordpress\/plugins\/seo\/ -->\n<title>Wie aktiviere und deaktiviere ich die Bildschirmaktualisierung in VBA?<\/title>\n<meta name=\"description\" content=\"Was ist eine VBA-Bildschirmaktualisierung? Erfahren Sie, wie Sie die Bildschirmaktualisierung in VBA aktivieren und deaktivieren.\" \/>\n<meta name=\"robots\" content=\"index, follow, max-snippet:-1, max-image-preview:large, max-video-preview:-1\" \/>\n<link rel=\"canonical\" href=\"https:\/\/exceladvisor.org\/de\/bildschirmaktualisierung\/\" \/>\n<meta property=\"og:locale\" content=\"de_DE\" \/>\n<meta property=\"og:type\" content=\"article\" \/>\n<meta property=\"og:title\" content=\"Wie aktiviere und deaktiviere ich die Bildschirmaktualisierung in VBA?\" \/>\n<meta property=\"og:description\" content=\"Was ist eine VBA-Bildschirmaktualisierung? Erfahren Sie, wie Sie die Bildschirmaktualisierung in VBA aktivieren und deaktivieren.\" \/>\n<meta property=\"og:url\" content=\"https:\/\/exceladvisor.org\/de\/bildschirmaktualisierung\/\" \/>\n<meta property=\"og:site_name\" content=\"Excel Advisor\" \/>\n<meta property=\"article:modified_time\" content=\"2023-12-03T11:13:33+00:00\" \/>\n<meta property=\"og:image\" content=\"https:\/\/exceladvisor.org\/wp-content\/uploads\/2023\/08\/1-mise-a-jour-de-lecran-vba.png\" \/>\n<meta name=\"twitter:card\" content=\"summary_large_image\" \/>\n<meta name=\"twitter:label1\" content=\"Gesch\u00e4tzte Lesezeit\" \/>\n\t<meta name=\"twitter:data1\" content=\"1\u00a0Minute\" \/>\n<script type=\"application\/ld+json\" class=\"yoast-schema-graph\">{\"@context\":\"https:\/\/schema.org\",\"@graph\":[{\"@type\":\"WebPage\",\"@id\":\"https:\/\/exceladvisor.org\/de\/bildschirmaktualisierung\/\",\"url\":\"https:\/\/exceladvisor.org\/de\/bildschirmaktualisierung\/\",\"name\":\"Wie aktiviere und deaktiviere ich die Bildschirmaktualisierung in VBA?\",\"isPartOf\":{\"@id\":\"https:\/\/exceladvisor.org\/de\/#website\"},\"primaryImageOfPage\":{\"@id\":\"https:\/\/exceladvisor.org\/de\/bildschirmaktualisierung\/#primaryimage\"},\"image\":{\"@id\":\"https:\/\/exceladvisor.org\/de\/bildschirmaktualisierung\/#primaryimage\"},\"thumbnailUrl\":\"https:\/\/exceladvisor.org\/wp-content\/uploads\/2023\/08\/1-mise-a-jour-de-lecran-vba.png\",\"datePublished\":\"2023-10-21T12:39:59+00:00\",\"dateModified\":\"2023-12-03T11:13:33+00:00\",\"description\":\"Was ist eine VBA-Bildschirmaktualisierung? Erfahren Sie, wie Sie die Bildschirmaktualisierung in VBA aktivieren und deaktivieren.\",\"breadcrumb\":{\"@id\":\"https:\/\/exceladvisor.org\/de\/bildschirmaktualisierung\/#breadcrumb\"},\"inLanguage\":\"de\",\"potentialAction\":[{\"@type\":\"ReadAction\",\"target\":[\"https:\/\/exceladvisor.org\/de\/bildschirmaktualisierung\/\"]}]},{\"@type\":\"ImageObject\",\"inLanguage\":\"de\",\"@id\":\"https:\/\/exceladvisor.org\/de\/bildschirmaktualisierung\/#primaryimage\",\"url\":\"https:\/\/exceladvisor.org\/wp-content\/uploads\/2023\/08\/1-mise-a-jour-de-lecran-vba.png\",\"contentUrl\":\"https:\/\/exceladvisor.org\/wp-content\/uploads\/2023\/08\/1-mise-a-jour-de-lecran-vba.png\"},{\"@type\":\"BreadcrumbList\",\"@id\":\"https:\/\/exceladvisor.org\/de\/bildschirmaktualisierung\/#breadcrumb\",\"itemListElement\":[{\"@type\":\"ListItem\",\"position\":1,\"name\":\"Accueil\",\"item\":\"https:\/\/exceladvisor.org\/de\/\"},{\"@type\":\"ListItem\",\"position\":2,\"name\":\"Wie aktiviere und deaktiviere ich die bildschirmaktualisierung in vba?\"}]},{\"@type\":\"WebSite\",\"@id\":\"https:\/\/exceladvisor.org\/de\/#website\",\"url\":\"https:\/\/exceladvisor.org\/de\/\",\"name\":\"Excel Advisor\",\"description\":\"Ihr Leitfaden zur Datendominanz\",\"publisher\":{\"@id\":\"https:\/\/exceladvisor.org\/de\/#organization\"},\"potentialAction\":[{\"@type\":\"SearchAction\",\"target\":{\"@type\":\"EntryPoint\",\"urlTemplate\":\"https:\/\/exceladvisor.org\/de\/?s={search_term_string}\"},\"query-input\":{\"@type\":\"PropertyValueSpecification\",\"valueRequired\":true,\"valueName\":\"search_term_string\"}}],\"inLanguage\":\"de\"},{\"@type\":\"Organization\",\"@id\":\"https:\/\/exceladvisor.org\/de\/#organization\",\"name\":\"Excel Advisor\",\"url\":\"https:\/\/exceladvisor.org\/de\/\",\"logo\":{\"@type\":\"ImageObject\",\"inLanguage\":\"de\",\"@id\":\"https:\/\/exceladvisor.org\/de\/#\/schema\/logo\/image\/\",\"url\":\"https:\/\/exceladvisor.org\/de\/wp-content\/uploads\/2023\/11\/exceladvisor.org_.png\",\"contentUrl\":\"https:\/\/exceladvisor.org\/de\/wp-content\/uploads\/2023\/11\/exceladvisor.org_.png\",\"width\":105,\"height\":36,\"caption\":\"Excel Advisor\"},\"image\":{\"@id\":\"https:\/\/exceladvisor.org\/de\/#\/schema\/logo\/image\/\"}}]}<\/script>\n<!-- \/ Yoast SEO plugin. -->","yoast_head_json":{"title":"Wie aktiviere und deaktiviere ich die Bildschirmaktualisierung in VBA?","description":"Was ist eine VBA-Bildschirmaktualisierung? Erfahren Sie, wie Sie die Bildschirmaktualisierung in VBA aktivieren und deaktivieren.","robots":{"index":"index","follow":"follow","max-snippet":"max-snippet:-1","max-image-preview":"max-image-preview:large","max-video-preview":"max-video-preview:-1"},"canonical":"https:\/\/exceladvisor.org\/de\/bildschirmaktualisierung\/","og_locale":"de_DE","og_type":"article","og_title":"Wie aktiviere und deaktiviere ich die Bildschirmaktualisierung in VBA?","og_description":"Was ist eine VBA-Bildschirmaktualisierung? Erfahren Sie, wie Sie die Bildschirmaktualisierung in VBA aktivieren und deaktivieren.","og_url":"https:\/\/exceladvisor.org\/de\/bildschirmaktualisierung\/","og_site_name":"Excel Advisor","article_modified_time":"2023-12-03T11:13:33+00:00","og_image":[{"url":"https:\/\/exceladvisor.org\/wp-content\/uploads\/2023\/08\/1-mise-a-jour-de-lecran-vba.png","type":"","width":"","height":""}],"twitter_card":"summary_large_image","twitter_misc":{"Gesch\u00e4tzte Lesezeit":"1\u00a0Minute"},"schema":{"@context":"https:\/\/schema.org","@graph":[{"@type":"WebPage","@id":"https:\/\/exceladvisor.org\/de\/bildschirmaktualisierung\/","url":"https:\/\/exceladvisor.org\/de\/bildschirmaktualisierung\/","name":"Wie aktiviere und deaktiviere ich die Bildschirmaktualisierung in VBA?","isPartOf":{"@id":"https:\/\/exceladvisor.org\/de\/#website"},"primaryImageOfPage":{"@id":"https:\/\/exceladvisor.org\/de\/bildschirmaktualisierung\/#primaryimage"},"image":{"@id":"https:\/\/exceladvisor.org\/de\/bildschirmaktualisierung\/#primaryimage"},"thumbnailUrl":"https:\/\/exceladvisor.org\/wp-content\/uploads\/2023\/08\/1-mise-a-jour-de-lecran-vba.png","datePublished":"2023-10-21T12:39:59+00:00","dateModified":"2023-12-03T11:13:33+00:00","description":"Was ist eine VBA-Bildschirmaktualisierung? Erfahren Sie, wie Sie die Bildschirmaktualisierung in VBA aktivieren und deaktivieren.","breadcrumb":{"@id":"https:\/\/exceladvisor.org\/de\/bildschirmaktualisierung\/#breadcrumb"},"inLanguage":"de","potentialAction":[{"@type":"ReadAction","target":["https:\/\/exceladvisor.org\/de\/bildschirmaktualisierung\/"]}]},{"@type":"ImageObject","inLanguage":"de","@id":"https:\/\/exceladvisor.org\/de\/bildschirmaktualisierung\/#primaryimage","url":"https:\/\/exceladvisor.org\/wp-content\/uploads\/2023\/08\/1-mise-a-jour-de-lecran-vba.png","contentUrl":"https:\/\/exceladvisor.org\/wp-content\/uploads\/2023\/08\/1-mise-a-jour-de-lecran-vba.png"},{"@type":"BreadcrumbList","@id":"https:\/\/exceladvisor.org\/de\/bildschirmaktualisierung\/#breadcrumb","itemListElement":[{"@type":"ListItem","position":1,"name":"Accueil","item":"https:\/\/exceladvisor.org\/de\/"},{"@type":"ListItem","position":2,"name":"Wie aktiviere und deaktiviere ich die bildschirmaktualisierung in vba?"}]},{"@type":"WebSite","@id":"https:\/\/exceladvisor.org\/de\/#website","url":"https:\/\/exceladvisor.org\/de\/","name":"Excel Advisor","description":"Ihr Leitfaden zur Datendominanz","publisher":{"@id":"https:\/\/exceladvisor.org\/de\/#organization"},"potentialAction":[{"@type":"SearchAction","target":{"@type":"EntryPoint","urlTemplate":"https:\/\/exceladvisor.org\/de\/?s={search_term_string}"},"query-input":{"@type":"PropertyValueSpecification","valueRequired":true,"valueName":"search_term_string"}}],"inLanguage":"de"},{"@type":"Organization","@id":"https:\/\/exceladvisor.org\/de\/#organization","name":"Excel Advisor","url":"https:\/\/exceladvisor.org\/de\/","logo":{"@type":"ImageObject","inLanguage":"de","@id":"https:\/\/exceladvisor.org\/de\/#\/schema\/logo\/image\/","url":"https:\/\/exceladvisor.org\/de\/wp-content\/uploads\/2023\/11\/exceladvisor.org_.png","contentUrl":"https:\/\/exceladvisor.org\/de\/wp-content\/uploads\/2023\/11\/exceladvisor.org_.png","width":105,"height":36,"caption":"Excel Advisor"},"image":{"@id":"https:\/\/exceladvisor.org\/de\/#\/schema\/logo\/image\/"}}]}},"yoast_meta":{"yoast_wpseo_title":"","yoast_wpseo_metadesc":"","yoast_wpseo_canonical":""},"_links":{"self":[{"href":"https:\/\/exceladvisor.org\/de\/wp-json\/wp\/v2\/pages\/3555","targetHints":{"allow":["GET"]}}],"collection":[{"href":"https:\/\/exceladvisor.org\/de\/wp-json\/wp\/v2\/pages"}],"about":[{"href":"https:\/\/exceladvisor.org\/de\/wp-json\/wp\/v2\/types\/page"}],"author":[{"embeddable":true,"href":"https:\/\/exceladvisor.org\/de\/wp-json\/wp\/v2\/users\/1"}],"replies":[{"embeddable":true,"href":"https:\/\/exceladvisor.org\/de\/wp-json\/wp\/v2\/comments?post=3555"}],"version-history":[{"count":1,"href":"https:\/\/exceladvisor.org\/de\/wp-json\/wp\/v2\/pages\/3555\/revisions"}],"predecessor-version":[{"id":3842,"href":"https:\/\/exceladvisor.org\/de\/wp-json\/wp\/v2\/pages\/3555\/revisions\/3842"}],"wp:attachment":[{"href":"https:\/\/exceladvisor.org\/de\/wp-json\/wp\/v2\/media?parent=3555"}],"curies":[{"name":"wp","href":"https:\/\/api.w.org\/{rel}","templated":true}]}}