{"id":3556,"date":"2023-10-21T12:28:37","date_gmt":"2023-10-21T12:28:37","guid":{"rendered":"https:\/\/exceladvisor.org\/de\/wahlen-sie-den-fall-aus\/"},"modified":"2023-12-03T13:06:02","modified_gmt":"2023-12-03T13:06:02","slug":"wahlen-sie-den-fall-aus","status":"publish","type":"page","link":"https:\/\/exceladvisor.org\/de\/wahlen-sie-den-fall-aus\/","title":{"rendered":"Wie verwende ich die select case-anweisung in vba?"},"content":{"rendered":"<div class=\"excel-vor-dem-inhalt\" id=\"excel-3308336257\"><script type=\"text\/javascript\">\r\n\tatOptions = {\r\n\t\t'key' : 'c1158f160081d6540a8409e6925dab94',\r\n\t\t'format' : 'iframe',\r\n\t\t'height' : 250,\r\n\t\t'width' : 300,\r\n\t\t'params' : {}\r\n\t};\r\n<\/script>\r\n<script type=\"text\/javascript\" src=\"\/\/www.highperformanceformat.com\/c1158f160081d6540a8409e6925dab94\/invoke.js\"><\/script><\/div> <h2 class=\"wp-block-heading\">Wichtige Punkte<\/h2><ul><li> Mit SELECT CASE k\u00f6nnen Sie mehrere Bedingungen testen, insbesondere wenn Sie an mehr als zwei arbeiten.<\/li><li> Der Code, den Sie mit SELECT CASE schreiben, ist viel strukturierter als standardm\u00e4\u00dfiger bedingter Code.<\/li><li> Es ist einfacher, ihn zu \u00e4ndern, wenn Sie einen oder mehrere Werte im Code anpassen m\u00fcssen.<\/li><\/ul><h2 class=\"wp-block-heading\"> Was ist VBA Select Case?<\/h2><p> VBA SELECT CASE ist eine Anweisung zum Testen mehrerer Bedingungen. In dieser Anweisung k\u00f6nnen Sie eine Bedingung und dann Code angeben, der ausgef\u00fchrt werden soll, wenn diese Bedingung wahr ist. Anschlie\u00dfend k\u00f6nnen Sie eine zweite Bedingung und Code angeben, der ausgef\u00fchrt werden soll, wenn diese Bedingung wahr ist. Auf diese Weise k\u00f6nnen Sie mehrere Bedingungen und mehrere Anweisungen angeben.<\/p><h2 class=\"wp-block-heading\"> Die Syntax zur Auswahl des Falls<\/h2><p> Nachfolgend finden Sie die Syntax, die Sie befolgen m\u00fcssen, um eine Select-Case-Anweisung zu schreiben.<\/p><pre class=\"wp-block-code\"> <code class=\"language-visual-basic\" lang=\"visual-basic\">Select Case Test Expression Case (Condition to Test) Statement1 [Line of Code to Run if CASE 1 is TRUE] Case (Condition to Test) Statement1 [Line of Code to Run if CASE 2 is TRUE] Case Else Statement [Line of Code to Run if no CASE is TRUE] End Select<\/code><\/pre><p> Bei SELECT CASE beginnt die Syntax mit dem Schl\u00fcsselwort \u201eSelect\u201c und endet mit \u201eEnd Select\u201c. Um seine Syntax zu verstehen, m\u00fcssen wir ihn in vier Teile unterteilen: <\/p><div class=\"wp-block-image\"><figure class=\"aligncenter size-large\"><img loading=\"lazy\" decoding=\"async\" class=\"wp-image-49679\" src=\"https:\/\/exceladvisor.org\/wp-content\/uploads\/2023\/08\/selectionner-la-syntaxe-de-la-casse.png\" sizes=\"auto, \" srcset=\"\" alt=\"Select-Case-Syntax\" width=\"1139\" height=\"575\"><\/figure><\/div><ul><li> Im <strong>ERSTEN<\/strong> Teil m\u00fcssen Sie den \u201eTestausdruck\u201c angeben, anhand dessen alle Bedingungen getestet werden.<\/li><li> Danach m\u00fcssen Sie im <strong>ZWEITEN<\/strong> Teil den zu testenden Fall (also die zu testende Bedingung) angeben.<\/li><li> Nun m\u00fcssen Sie im <strong>DRITTEN<\/strong> Teil einen weiteren Fall schreiben, in dem Sie testen m\u00fcssen, ob die Bedingung im zweiten Teil nicht WAHR ist.<\/li><li> Am Ende m\u00fcssen Sie in Teil <strong>VIER<\/strong> ein Ergebnis angeben, das auftreten soll, wenn beide oben genannten F\u00e4lle nicht WAHR sind.<\/li><\/ul><h3 class=\"wp-block-heading\"> Ein einfaches Beispiel zum Verst\u00e4ndnis einer Select-Case-Anweisung<\/h3><p> Die Syntax von SELECT CASE ist selbsterkl\u00e4rend und beim Schreiben von Code recht einfach zu befolgen. Aber nehmen wir ein Beispiel und verstehen es vollst\u00e4ndig. Unten finden Sie einen einfachen Code zum Testen des Werts von Zelle A1.<\/p><pre class=\"wp-block-code\"> <code class=\"language-visual-basic\" lang=\"visual-basic\">Sub SelectCaseExample1() Select Case Range(\"A1\").Value Case \"Yes\" MsgBox \"It's a Yes.\" Case \"No\" MsgBox \"It's a No\" Case Else MsgBox \"Can't Say\" End Select End Sub<\/code><\/pre><p> Lassen Sie uns nun diesen Code mit jeder Zeile verstehen: <\/p><div class=\"wp-block-image\"><figure class=\"aligncenter size-large is-resized\"><img loading=\"lazy\" decoding=\"async\" class=\"wp-image-49686\" src=\"https:\/\/exceladvisor.org\/wp-content\/uploads\/2023\/08\/exemple-dinstruction-select-case.png\" sizes=\"auto, \" srcset=\"\" alt=\"Beispiel f\u00fcr eine Select-Case-Anweisung\" width=\"574\" height=\"431\"><\/figure><\/div><ul><li> <strong>ZUERST<\/strong> m\u00fcssen Sie das Schl\u00fcsselwort SELECT CASE und Zelle A1 als Ausdruck zum Testen der Bedingung verwenden.<\/li><li> <strong>ZWEITENS<\/strong> haben Sie das Schl\u00fcsselwort CASE und die Bedingung (\u201eYES\u201c), um in Zelle A1 zu pr\u00fcfen, sowie den Code, um ein Meldungsfeld mit der Meldung \u201eEs ist ein Ja\u201c anzuzeigen, ob die in case1 genannte Bedingung wahr ist.<\/li><li> DRITTENS haben Sie wieder das Schl\u00fcsselwort case und die Bedingung (\u201eNein\u201c), die Sie in Zelle A1 \u00fcberpr\u00fcfen m\u00fcssen, sowie den Code, um ein Meldungsfeld mit der Meldung \u201eEs ist ein Nein\u201c anzuzeigen, wenn die in Fall zwei genannte Bedingung wahr ist.<\/li><li> <strong>VIERTENS<\/strong> haben Sie das Schl\u00fcsselwort CASE ELSE und eine Codezeile, um ein Meldungsfeld mit der Meldung \u201eKann nicht sagen\u201c anzuzeigen, wenn keiner der F\u00e4lle zutrifft.<\/li><li> <strong>F\u00dcNFTENS<\/strong> verf\u00fcgen Sie \u00fcber das Schl\u00fcsselwort END SELECT, um die SELECT CASE-Anweisung zu beenden.<\/li><\/ul><p> <strong><em>Verwandt:<\/em><\/strong> <a href=\"https:\/\/exceladvisor.org\/de\/vba-nachrichtenbox\/\"><em><strong>VBA-MELDUNGSBOX<\/strong><\/em><\/a><\/p><h2 class=\"wp-block-heading\"> Wichtige Punkte<\/h2><ul><li> Es kann mehrere Bedingungen testen und basierend auf dem Ergebnis eine Codezeile ausf\u00fchren.<\/li><li> Sie k\u00f6nnen Vergleichsoperatoren (=, &gt;, &lt;, &lt;&gt;, &gt;=, &lt;=) verwenden, wenn Sie eine Bedingung mit dem Schl\u00fcsselwort Is testen.<\/li><li> Sie k\u00f6nnen ein Komma verwenden, um mehrere Bedingungen im selben Fall zu testen.<\/li><li> Sie k\u00f6nnen auch einen Zahlenbereich verwenden, wenn Sie eine Bedingung in einem einzelnen Fall testen.<\/li><li> Wenn eine Bedingung erf\u00fcllt ist, stoppt VBA, um die restlichen F\u00e4lle der Anweisung zu testen.<\/li><li> Sie k\u00f6nnen am Ende auch einen Abschnitt \u201ecase else\u201c hinzuf\u00fcgen, um eine Codezeile auszuf\u00fchren, wenn keine der Bedingungen erf\u00fcllt ist.<\/li><li> Sie k\u00f6nnen mit der CASE END-Anweisung \u00fcberspringen.<\/li><\/ul><h2 class=\"wp-block-heading\"> Weitere Beispiele zur Verwendung von Gro\u00df-\/Kleinschreibung ausw\u00e4hlen<\/h2><p> Es ist an der Zeit, SELECT CASE auf unterschiedliche Weise zu verwenden, und hier sind einige der n\u00fctzlichen und wesentlichen Beispiele, die Sie lernen k\u00f6nnen.<\/p><p> <strong>100 Beispiele f\u00fcr Excel-Makros<\/strong><\/p><h3 class=\"wp-block-heading\"> 1. W\u00e4hlen Sie den Fall mit Zahlen aus<\/h3><p> Beim Schreiben von VBA-Code f\u00fcr die SELECT CASE-Anweisung k\u00f6nnen Sie Operatoren zum Vergleichen von Werten verwenden. Jetzt haben Sie im Code unten die Operatoren &gt;, &lt; und =, um die Bedingungen zu testen. <\/p><div class=\"wp-block-image\"><figure class=\"aligncenter size-large is-resized\"><img loading=\"lazy\" decoding=\"async\" class=\"wp-image-50298\" src=\"https:\/\/exceladvisor.org\/wp-content\/uploads\/2023\/08\/3-cas-choisis-avec-des-nombres.png\" sizes=\"auto, \" srcset=\"\" alt=\"Gro\u00df-\/Kleinschreibung mit Zahlen ausw\u00e4hlen\" width=\"451\" height=\"278\"><\/figure><\/div><pre class=\"wp-block-code\"> <code class=\"language-visual-basic\" lang=\"visual-basic\">Sub SelectCaseExample1() Select Case Range(\"A1\").Value Case Is &gt;= 45 MsgBox \"Pass\" Case Is &lt; 45 MsgBox \"Fail\" End Select End Sub<\/code><\/pre><ul><li> Der erste Fall dieser Anweisung pr\u00fcft, ob der Wert der Zelle A1 gr\u00f6\u00dfer oder gleich 45 ist oder nicht und gibt ein Meldungsfeld mit der Meldung \u201eBestanden\u201c zur\u00fcck.<\/li><li> Und im zweiten Fall der Anweisung wird gepr\u00fcft, ob der Wert von Zelle A1 kleiner als 45 ist, und es wird ein Meldungsfeld mit der Meldung \u201eFehlgeschlagen\u201c zur\u00fcckgegeben.<\/li><\/ul><h3 class=\"wp-block-heading\"> 2. W\u00e4hlen Sie den Fall mit einem Zahlenbereich aus<\/h3><p> Sie k\u00f6nnen auch einen Zahlenbereich verwenden, um den Zustand zu testen. Im folgenden Code m\u00fcssen Sie jeweils eine Bedingung mit einem Zahlenbereich testen.<\/p><pre class=\"wp-block-code\"> <code class=\"language-visual-basic\" lang=\"visual-basic\">Sub SelectCaseExample2() Select Case Range(\u201cA1\u201d).Value Case 45 To 100 MsgBox \u201cPass\u201d Case 0 To 44 MsgBox \u201cFail\u201d Case Else MsgBox \u201cOut of Range\u201d End Select End Sub<\/code><\/pre><ul><li> Im ersten Fall der Anweisung wird die Zahl in Zelle A1 anhand des Zahlenbereichs 45 bis 100 \u00fcberpr\u00fcft und \u201eBestanden\u201c zur\u00fcckgegeben, wenn der Wert unter diesen Bereich f\u00e4llt.<\/li><li> Die zweite Anweisung hat einen Bereich von 0 bis 44 zum Testen mit dem Wert in Zelle A1 und gibt \u201eFehlgeschlagen\u201c zur\u00fcck, wenn der Wert unter diesen Bereich f\u00e4llt.<\/li><li> Die dritte Anweisung lautet: case else zeigt ein Meldungsfeld mit der Meldung \u201eAu\u00dferhalb des Bereichs\u201c an, wenn die F\u00e4lle eins und zwei falsch sind.<\/li><\/ul><h3 class=\"wp-block-heading\"> 3. Verwendung des Doppelpunkt-Operators<\/h3><p> Wenn Sie Code f\u00fcr SELECT CASE schreiben, k\u00f6nnen Sie die Doppelpunktoperatoren verwenden, um den gesamten Fall in einer einzigen Zeile zu schreiben.<\/p><p> Im folgenden Code beginnt die Zeile mit dem Fall, dann mit der zu testenden Bedingung, dann mit einem Doppelpunkt und dann mit der in diesem Fall auszuf\u00fchrenden Anweisung \u201etrue\u201c. <\/p><div class=\"wp-block-image\"><figure class=\"aligncenter size-large is-resized\"><img loading=\"lazy\" decoding=\"async\" class=\"wp-image-50299\" src=\"https:\/\/exceladvisor.org\/wp-content\/uploads\/2023\/08\/4-en-utilisant-loperateur-deux-points.png\" sizes=\"auto, \" srcset=\"\" alt=\"using-colon-operator\" width=\"439\" height=\"288\"><\/figure><\/div><pre class=\"wp-block-code\"> <code class=\"language-visual-basic\" lang=\"visual-basic\">Sub SelectCaseExample3() Select Case Range(\u201cA1\u201d).Value Case 45 To 100: MsgBox \u201cPass\u201d Case 0 To 44: MsgBox \u201cFail\u201d Case Else: MsgBox \u201cOut of Range\u201d End Select End Sub<\/code><\/pre><h3 class=\"wp-block-heading\"> 4. Verwenden Sie \u201eFall ausw\u00e4hlen\u201c mit mehreren Bedingungen<\/h3><p> Genau wie beim Festlegen eines Bereichs f\u00fcr einen Fall k\u00f6nnen Sie auch mehrere Werte angeben, um die Bedingung zu testen. Im folgenden Code m\u00fcssen f\u00fcr jeden Fall drei Zahlen getestet werden. <\/p><div class=\"wp-block-image\"><figure class=\"aligncenter size-large is-resized\"><img loading=\"lazy\" decoding=\"async\" class=\"wp-image-50300\" src=\"https:\/\/exceladvisor.org\/wp-content\/uploads\/2023\/08\/5-selectionner-le-cas-avec-plusieurs-valeurs.png\" sizes=\"auto, \" srcset=\"\" alt=\"W\u00e4hlen Sie einen Fall mit mehreren Werten aus\" width=\"376\" height=\"308\"><\/figure><\/div><pre class=\"wp-block-code\"> <code class=\"language-visual-basic\" lang=\"visual-basic\">Sub SelectCaseExample() Select Case Range(\"A1\").Value Case 1, 3, 5 MsgBox \"Yes\" Case 2, 4, 6 MsgBox \"No\" Case Else MsgBox \"Out of range\" End Select End Sub<\/code><\/pre><ul><li> Im ersten Fall dieses Codes wird der Zellenwert getestet, ob er 1, 3 oder 5 ist, und in einem Meldungsfeld \u201eJa\u201c zur\u00fcckgegeben.<\/li><li> Und im zweiten Fall dieses Codes wird der Wert von Zelle A1 getestet, ob er 2, 4 oder 6 ist.<\/li><\/ul><h3 class=\"wp-block-heading\"> 5. Verwenden von \u201eGro\u00df-\/Kleinschreibung ausw\u00e4hlen\u201c in einer benutzerdefinierten Funktion<\/h3><p> Sie k\u00f6nnen SELECT CASE auch verwenden, wenn Sie Code f\u00fcr eine <a href=\"https:\/\/exceladvisor.org\/de\/benutzerdefinierte-funktion-2\/\"><strong>VBA-Funktion<\/strong><\/a> schreiben. <\/p><div class=\"wp-block-image\"><figure class=\"aligncenter size-large is-resized\"><img loading=\"lazy\" decoding=\"async\" class=\"wp-image-50301\" src=\"https:\/\/exceladvisor.org\/wp-content\/uploads\/2023\/08\/6-selectionner-le-cas-dans-la-fonction-personnalisee.png\" sizes=\"auto, \" srcset=\"\" alt=\"Gro\u00df-\/Kleinschreibung in benutzerdefinierter Funktion ausw\u00e4hlen\" width=\"433\" height=\"405\"><\/figure><\/div><pre class=\"wp-block-code\"> <code class=\"language-visual-basic\" lang=\"visual-basic\">Function udfGrade(student_marks As Integer) Dim myGrade As String Select Case student_marks Case Is &lt; 40: myGrade = \u201cBad\u201d Case 41 To 50: myGrade = \u201cAverage\u201d Case 51 To 60: myGrade = \u201cGood\u201d Case 61 To 80: myGrade = \u201cVery Good\u201d Case 81 To 100: myGrade = \u201cExcellent\u201d End Select udfGrade = myGrade End Function<\/code><\/pre><p> In der obigen Funktion gibt es f\u00fcnf K\u00e4stchen, um die Punktzahl der Sch\u00fcler in einer Zelle zu \u00fcberpr\u00fcfen. Alle 5 F\u00e4lle verwenden einen Zahlenbereich und geben den in der Anweisung definierten Wert zur\u00fcck.<\/p><h3 class=\"wp-block-heading\"> 6. Verwenden Sie \u201eFall aus verschachtelten Bedingungen ausw\u00e4hlen\u201c.<\/h3><p> Sie k\u00f6nnen auch eine verschachtelte Bedingungsanweisung erstellen. Ich m\u00f6chte damit sagen, dass Sie Code schreiben k\u00f6nnen, um mehrere Bedingungen mit dem ausgew\u00e4hlten Fall zu testen.<\/p><p> Stellen Sie sich vor, Sie m\u00f6chten Code schreiben, der Bedingungen basierend auf den Werten zweier verschiedener Zellen testen kann. <\/p><pre class=\"wp-block-code\"> <code class=\"language-visual-basic\" lang=\"visual-basic\">Sub SelectCaseStatement() Select Case Range(\"A2\") Case \"Boy\" Select Case Range(\"B2\") Case \"Commerce\": MsgBox \"Boy (Commerce)\" Case \"Science\": MsgBox \"Boy (Science)\" End Select Case \"Girl\" Select Case Range(\"B2\") Case \"Commerce\": MsgBox \"Girl (Commerce)\" Case \"Science\": MsgBox \"Girl (Science)\" End Select End Select End Sub<\/code><\/pre><div class=\"wp-block-image\"><figure class=\"aligncenter size-large is-resized\"><img loading=\"lazy\" decoding=\"async\" class=\"wp-image-50302\" src=\"https:\/\/exceladvisor.org\/wp-content\/uploads\/2023\/08\/7-selectionner-le-cas-parmi-les-conditions-imbriquees.png\" sizes=\"auto, \" srcset=\"\" alt=\"W\u00e4hlen Sie einen Fall aus verschachtelten Bedingungen aus\" width=\"478\" height=\"341\"><\/figure><\/div><p> Im obigen Code gibt es drei case-select-Anweisungen. Es gibt eine Hauptanweisung, die den Wert der Zelle A2 pr\u00fcft, ob es sich um \u201eJunge\u201c oder \u201eM\u00e4dchen\u201c handelt.<\/p><p> Basierend auf dem Ergebnis werden dann zwei weitere Anweisungen ausgef\u00fchrt und der Wert der Zelle B2 \u00fcberpr\u00fcft, ob es sich um \u201eCommerce\u201c oder \u201eScience\u201c handelt.<\/p><h2 class=\"wp-block-heading\"> CHOOSE CASE vs. <a href=\"https:\/\/exceladvisor.org\/de\/wenn-2\/\">IF THEN ELSE-Anweisung<\/a><\/h2><ul><li> Wenn Sie mehrere Bedingungen testen m\u00f6chten, ist es einfach, Code mit SELECT CASE anstelle von IF-THEN zu schreiben.<\/li><li> Im Vergleich zu IF-THEN ist es sogar einfacher, eine SELECT CASE-Anweisung zu bearbeiten und \u00c4nderungen vorzunehmen.<\/li><\/ul><div class=\"gb-container gb-container-4db6181c gb-container-mt\"> <a class=\"gb-button gb-button-c5897111 gb-button-text gb-button-mt-button\" href=\"https:\/\/exceladvisor.org\/de\/vba\/\">Was ist VBA<\/a><h2 class=\"gb-headline gb-headline-665e5f6b gb-headline-text gb-headline-mt-heading\"> Verwandte Tutorials <\/h2><div class=\"gb-grid-wrapper gb-grid-wrapper-a20baf7c gb-grid-wrapper-mt-grid\"><div class=\"gb-grid-column gb-grid-column-65ddf67e\"><div class=\"gb-container gb-container-65ddf67e\"><ul><li> <a href=\"https:\/\/exceladvisor.org\/de\/schleifen\/\">VBA-Schleifen (Anf\u00e4nger bis Fortgeschrittene)<\/a><\/li><li> <a href=\"https:\/\/exceladvisor.org\/de\/wahrend-tun\/\">Excel VBA Do While Loop und (Do Loop While) \u2013 Eine Anleitung<\/a><\/li><li> <a href=\"https:\/\/exceladvisor.org\/de\/schleifenblatter\/\">Durchlaufen Sie alle Bl\u00e4tter mit VBA in Excel<\/a> <\/li><\/ul><\/div><\/div><div class=\"gb-grid-column gb-grid-column-50067b57\"><div class=\"gb-container gb-container-50067b57\"><ul><li> <a href=\"https:\/\/exceladvisor.org\/de\/schleife-durch-den-bereich\/\">Mit VBA einen Bereich durchlaufen (Spalten, Zeilen und UsedRange)<\/a><\/li><li> <a href=\"https:\/\/exceladvisor.org\/de\/fur-die-schleife\/\">VBA FOR LOOP (F\u00fcr Next, For Each)<\/a><\/li><li> <a href=\"https:\/\/exceladvisor.org\/de\/gehe-zu-1\/\">GoTo VBA-Deklaration<\/a><\/li><\/ul><\/div><\/div><\/div><\/div>","protected":false},"excerpt":{"rendered":"","protected":false},"author":1,"featured_media":0,"parent":0,"menu_order":0,"comment_status":"open","ping_status":"closed","template":"","meta":{"ub_ctt_via":"","footnotes":""},"class_list":["post-3556","page","type-page","status-publish","hentry"],"featured_image_src":null,"yoast_head":"<!-- This site is optimized with the Yoast SEO plugin v25.4 - https:\/\/yoast.com\/wordpress\/plugins\/seo\/ -->\n<title>Wie verwende ich die SELECT CASE-Anweisung in VBA?<\/title>\n<meta name=\"description\" content=\"In SELECT CASE k\u00f6nnen Sie eine Bedingung angeben, dann Code angeben, der ausgef\u00fchrt werden soll, wenn diese Bedingung wahr ist, und dann eine ... angeben.\" \/>\n<meta name=\"robots\" content=\"index, follow, max-snippet:-1, max-image-preview:large, max-video-preview:-1\" \/>\n<link rel=\"canonical\" href=\"https:\/\/exceladvisor.org\/de\/wahlen-sie-den-fall-aus\/\" \/>\n<meta property=\"og:locale\" content=\"de_DE\" \/>\n<meta property=\"og:type\" content=\"article\" \/>\n<meta property=\"og:title\" content=\"Wie verwende ich die SELECT CASE-Anweisung in VBA?\" \/>\n<meta property=\"og:description\" content=\"In SELECT CASE k\u00f6nnen Sie eine Bedingung angeben, dann Code angeben, der ausgef\u00fchrt werden soll, wenn diese Bedingung wahr ist, und dann eine ... angeben.\" \/>\n<meta property=\"og:url\" content=\"https:\/\/exceladvisor.org\/de\/wahlen-sie-den-fall-aus\/\" \/>\n<meta property=\"og:site_name\" content=\"Excel Advisor\" \/>\n<meta property=\"article:modified_time\" content=\"2023-12-03T13:06:02+00:00\" \/>\n<meta property=\"og:image\" content=\"https:\/\/exceladvisor.org\/wp-content\/uploads\/2023\/08\/selectionner-la-syntaxe-de-la-casse.png\" \/>\n<meta name=\"twitter:card\" content=\"summary_large_image\" \/>\n<meta name=\"twitter:label1\" content=\"Gesch\u00e4tzte Lesezeit\" \/>\n\t<meta name=\"twitter:data1\" content=\"7\u00a0Minuten\" \/>\n<script type=\"application\/ld+json\" class=\"yoast-schema-graph\">{\"@context\":\"https:\/\/schema.org\",\"@graph\":[{\"@type\":\"WebPage\",\"@id\":\"https:\/\/exceladvisor.org\/de\/wahlen-sie-den-fall-aus\/\",\"url\":\"https:\/\/exceladvisor.org\/de\/wahlen-sie-den-fall-aus\/\",\"name\":\"Wie verwende ich die SELECT CASE-Anweisung in VBA?\",\"isPartOf\":{\"@id\":\"https:\/\/exceladvisor.org\/de\/#website\"},\"primaryImageOfPage\":{\"@id\":\"https:\/\/exceladvisor.org\/de\/wahlen-sie-den-fall-aus\/#primaryimage\"},\"image\":{\"@id\":\"https:\/\/exceladvisor.org\/de\/wahlen-sie-den-fall-aus\/#primaryimage\"},\"thumbnailUrl\":\"https:\/\/exceladvisor.org\/wp-content\/uploads\/2023\/08\/selectionner-la-syntaxe-de-la-casse.png\",\"datePublished\":\"2023-10-21T12:28:37+00:00\",\"dateModified\":\"2023-12-03T13:06:02+00:00\",\"description\":\"In SELECT CASE k\u00f6nnen Sie eine Bedingung angeben, dann Code angeben, der ausgef\u00fchrt werden soll, wenn diese Bedingung wahr ist, und dann eine ... angeben.\",\"breadcrumb\":{\"@id\":\"https:\/\/exceladvisor.org\/de\/wahlen-sie-den-fall-aus\/#breadcrumb\"},\"inLanguage\":\"de\",\"potentialAction\":[{\"@type\":\"ReadAction\",\"target\":[\"https:\/\/exceladvisor.org\/de\/wahlen-sie-den-fall-aus\/\"]}]},{\"@type\":\"ImageObject\",\"inLanguage\":\"de\",\"@id\":\"https:\/\/exceladvisor.org\/de\/wahlen-sie-den-fall-aus\/#primaryimage\",\"url\":\"https:\/\/exceladvisor.org\/wp-content\/uploads\/2023\/08\/selectionner-la-syntaxe-de-la-casse.png\",\"contentUrl\":\"https:\/\/exceladvisor.org\/wp-content\/uploads\/2023\/08\/selectionner-la-syntaxe-de-la-casse.png\"},{\"@type\":\"BreadcrumbList\",\"@id\":\"https:\/\/exceladvisor.org\/de\/wahlen-sie-den-fall-aus\/#breadcrumb\",\"itemListElement\":[{\"@type\":\"ListItem\",\"position\":1,\"name\":\"Accueil\",\"item\":\"https:\/\/exceladvisor.org\/de\/\"},{\"@type\":\"ListItem\",\"position\":2,\"name\":\"Wie verwende ich die select case-anweisung in vba?\"}]},{\"@type\":\"WebSite\",\"@id\":\"https:\/\/exceladvisor.org\/de\/#website\",\"url\":\"https:\/\/exceladvisor.org\/de\/\",\"name\":\"Excel Advisor\",\"description\":\"Ihr Leitfaden zur Datendominanz\",\"publisher\":{\"@id\":\"https:\/\/exceladvisor.org\/de\/#organization\"},\"potentialAction\":[{\"@type\":\"SearchAction\",\"target\":{\"@type\":\"EntryPoint\",\"urlTemplate\":\"https:\/\/exceladvisor.org\/de\/?s={search_term_string}\"},\"query-input\":{\"@type\":\"PropertyValueSpecification\",\"valueRequired\":true,\"valueName\":\"search_term_string\"}}],\"inLanguage\":\"de\"},{\"@type\":\"Organization\",\"@id\":\"https:\/\/exceladvisor.org\/de\/#organization\",\"name\":\"Excel Advisor\",\"url\":\"https:\/\/exceladvisor.org\/de\/\",\"logo\":{\"@type\":\"ImageObject\",\"inLanguage\":\"de\",\"@id\":\"https:\/\/exceladvisor.org\/de\/#\/schema\/logo\/image\/\",\"url\":\"https:\/\/exceladvisor.org\/de\/wp-content\/uploads\/2023\/11\/exceladvisor.org_.png\",\"contentUrl\":\"https:\/\/exceladvisor.org\/de\/wp-content\/uploads\/2023\/11\/exceladvisor.org_.png\",\"width\":105,\"height\":36,\"caption\":\"Excel Advisor\"},\"image\":{\"@id\":\"https:\/\/exceladvisor.org\/de\/#\/schema\/logo\/image\/\"}}]}<\/script>\n<!-- \/ Yoast SEO plugin. -->","yoast_head_json":{"title":"Wie verwende ich die SELECT CASE-Anweisung in VBA?","description":"In SELECT CASE k\u00f6nnen Sie eine Bedingung angeben, dann Code angeben, der ausgef\u00fchrt werden soll, wenn diese Bedingung wahr ist, und dann eine ... angeben.","robots":{"index":"index","follow":"follow","max-snippet":"max-snippet:-1","max-image-preview":"max-image-preview:large","max-video-preview":"max-video-preview:-1"},"canonical":"https:\/\/exceladvisor.org\/de\/wahlen-sie-den-fall-aus\/","og_locale":"de_DE","og_type":"article","og_title":"Wie verwende ich die SELECT CASE-Anweisung in VBA?","og_description":"In SELECT CASE k\u00f6nnen Sie eine Bedingung angeben, dann Code angeben, der ausgef\u00fchrt werden soll, wenn diese Bedingung wahr ist, und dann eine ... angeben.","og_url":"https:\/\/exceladvisor.org\/de\/wahlen-sie-den-fall-aus\/","og_site_name":"Excel Advisor","article_modified_time":"2023-12-03T13:06:02+00:00","og_image":[{"url":"https:\/\/exceladvisor.org\/wp-content\/uploads\/2023\/08\/selectionner-la-syntaxe-de-la-casse.png","type":"","width":"","height":""}],"twitter_card":"summary_large_image","twitter_misc":{"Gesch\u00e4tzte Lesezeit":"7\u00a0Minuten"},"schema":{"@context":"https:\/\/schema.org","@graph":[{"@type":"WebPage","@id":"https:\/\/exceladvisor.org\/de\/wahlen-sie-den-fall-aus\/","url":"https:\/\/exceladvisor.org\/de\/wahlen-sie-den-fall-aus\/","name":"Wie verwende ich die SELECT CASE-Anweisung in VBA?","isPartOf":{"@id":"https:\/\/exceladvisor.org\/de\/#website"},"primaryImageOfPage":{"@id":"https:\/\/exceladvisor.org\/de\/wahlen-sie-den-fall-aus\/#primaryimage"},"image":{"@id":"https:\/\/exceladvisor.org\/de\/wahlen-sie-den-fall-aus\/#primaryimage"},"thumbnailUrl":"https:\/\/exceladvisor.org\/wp-content\/uploads\/2023\/08\/selectionner-la-syntaxe-de-la-casse.png","datePublished":"2023-10-21T12:28:37+00:00","dateModified":"2023-12-03T13:06:02+00:00","description":"In SELECT CASE k\u00f6nnen Sie eine Bedingung angeben, dann Code angeben, der ausgef\u00fchrt werden soll, wenn diese Bedingung wahr ist, und dann eine ... angeben.","breadcrumb":{"@id":"https:\/\/exceladvisor.org\/de\/wahlen-sie-den-fall-aus\/#breadcrumb"},"inLanguage":"de","potentialAction":[{"@type":"ReadAction","target":["https:\/\/exceladvisor.org\/de\/wahlen-sie-den-fall-aus\/"]}]},{"@type":"ImageObject","inLanguage":"de","@id":"https:\/\/exceladvisor.org\/de\/wahlen-sie-den-fall-aus\/#primaryimage","url":"https:\/\/exceladvisor.org\/wp-content\/uploads\/2023\/08\/selectionner-la-syntaxe-de-la-casse.png","contentUrl":"https:\/\/exceladvisor.org\/wp-content\/uploads\/2023\/08\/selectionner-la-syntaxe-de-la-casse.png"},{"@type":"BreadcrumbList","@id":"https:\/\/exceladvisor.org\/de\/wahlen-sie-den-fall-aus\/#breadcrumb","itemListElement":[{"@type":"ListItem","position":1,"name":"Accueil","item":"https:\/\/exceladvisor.org\/de\/"},{"@type":"ListItem","position":2,"name":"Wie verwende ich die select case-anweisung in vba?"}]},{"@type":"WebSite","@id":"https:\/\/exceladvisor.org\/de\/#website","url":"https:\/\/exceladvisor.org\/de\/","name":"Excel Advisor","description":"Ihr Leitfaden zur Datendominanz","publisher":{"@id":"https:\/\/exceladvisor.org\/de\/#organization"},"potentialAction":[{"@type":"SearchAction","target":{"@type":"EntryPoint","urlTemplate":"https:\/\/exceladvisor.org\/de\/?s={search_term_string}"},"query-input":{"@type":"PropertyValueSpecification","valueRequired":true,"valueName":"search_term_string"}}],"inLanguage":"de"},{"@type":"Organization","@id":"https:\/\/exceladvisor.org\/de\/#organization","name":"Excel Advisor","url":"https:\/\/exceladvisor.org\/de\/","logo":{"@type":"ImageObject","inLanguage":"de","@id":"https:\/\/exceladvisor.org\/de\/#\/schema\/logo\/image\/","url":"https:\/\/exceladvisor.org\/de\/wp-content\/uploads\/2023\/11\/exceladvisor.org_.png","contentUrl":"https:\/\/exceladvisor.org\/de\/wp-content\/uploads\/2023\/11\/exceladvisor.org_.png","width":105,"height":36,"caption":"Excel Advisor"},"image":{"@id":"https:\/\/exceladvisor.org\/de\/#\/schema\/logo\/image\/"}}]}},"yoast_meta":{"yoast_wpseo_title":"","yoast_wpseo_metadesc":"","yoast_wpseo_canonical":""},"_links":{"self":[{"href":"https:\/\/exceladvisor.org\/de\/wp-json\/wp\/v2\/pages\/3556","targetHints":{"allow":["GET"]}}],"collection":[{"href":"https:\/\/exceladvisor.org\/de\/wp-json\/wp\/v2\/pages"}],"about":[{"href":"https:\/\/exceladvisor.org\/de\/wp-json\/wp\/v2\/types\/page"}],"author":[{"embeddable":true,"href":"https:\/\/exceladvisor.org\/de\/wp-json\/wp\/v2\/users\/1"}],"replies":[{"embeddable":true,"href":"https:\/\/exceladvisor.org\/de\/wp-json\/wp\/v2\/comments?post=3556"}],"version-history":[{"count":1,"href":"https:\/\/exceladvisor.org\/de\/wp-json\/wp\/v2\/pages\/3556\/revisions"}],"predecessor-version":[{"id":4252,"href":"https:\/\/exceladvisor.org\/de\/wp-json\/wp\/v2\/pages\/3556\/revisions\/4252"}],"wp:attachment":[{"href":"https:\/\/exceladvisor.org\/de\/wp-json\/wp\/v2\/media?parent=3556"}],"curies":[{"name":"wp","href":"https:\/\/api.w.org\/{rel}","templated":true}]}}