{"id":3557,"date":"2023-10-21T10:50:35","date_gmt":"2023-10-21T10:50:35","guid":{"rendered":"https:\/\/exceladvisor.org\/de\/sortieren-sie-den-bereich\/"},"modified":"2023-12-03T13:04:56","modified_gmt":"2023-12-03T13:04:56","slug":"sortieren-sie-den-bereich","status":"publish","type":"page","link":"https:\/\/exceladvisor.org\/de\/sortieren-sie-den-bereich\/","title":{"rendered":"Wie sortiere ich den bereich in vba?"},"content":{"rendered":"<div class=\"excel-vor-dem-inhalt\" id=\"excel-1891735189\"><script type=\"text\/javascript\">\r\n\tatOptions = {\r\n\t\t'key' : 'c1158f160081d6540a8409e6925dab94',\r\n\t\t'format' : 'iframe',\r\n\t\t'height' : 250,\r\n\t\t'width' : 300,\r\n\t\t'params' : {}\r\n\t};\r\n<\/script>\r\n<script type=\"text\/javascript\" src=\"\/\/www.highperformanceformat.com\/c1158f160081d6540a8409e6925dab94\/invoke.js\"><\/script><\/div> <p>Um einen Zellbereich mit VBA zu sortieren, m\u00fcssen Sie die Methode \u201eSORT\u201c verwenden, mit der Sie einen einzelnen Schl\u00fcssel (Spalte) oder mehrere Schl\u00fcssel (f\u00fcr mehrere Spalten) zum Sortieren festlegen k\u00f6nnen. Sie k\u00f6nnen auch die Sortierreihenfolge (aufsteigend oder absteigend) festlegen und angeben, ob Sie eine Kopfzeile haben oder nicht.<\/p><h2 class=\"wp-block-heading\"> Sortieren Sie einen Bereich mit VBA<\/h2><ol type=\"1\"><li> Verwenden Sie das Bereichsobjekt, um den Bereich anzugeben, den Sie sortieren m\u00f6chten.<\/li><li> Geben Sie einen Punkt und die Sortiermethode ein.<\/li><li> Geben Sie den Schl\u00fcssel an, den Sie zum Sortieren verwenden m\u00f6chten.<\/li><li> Legen Sie die Sortierreihenfolge fest.<\/li><li> Erw\u00e4hnen Sie, ob Sie eine Kopfzeile haben oder nicht. <\/li><\/ol><div class=\"wp-block-image\"><figure class=\"aligncenter size-large is-resized\"><img loading=\"lazy\" decoding=\"async\" class=\"wp-image-54924\" src=\"https:\/\/exceladvisor.org\/wp-content\/uploads\/2023\/08\/1-trier-une-plage-par-vba.png\" sizes=\"auto, \" srcset=\"\" alt=\"Sortieren Sie einen Bereich nach VBA\" width=\"690\" height=\"296\"><\/figure><\/div><pre class=\"wp-block-code\"> <code class=\"language-visual-basic\" lang=\"visual-basic\">Range(\"A1:A11\").Sort Key1:=Range(\"A1\"), _ Order1:=xlAscending, _ Header:=xlYes<\/code><\/pre><p> Im obigen Code haben Sie den Bereich A1:A11 verwendet und in der Sortiermethode die aufsteigende Reihenfolge verwendet und erw\u00e4hnt, dass Sie einen Header im Bereich haben.<\/p><h2 class=\"wp-block-heading\"> Die Sortiermethode von VBA verstehen<\/h2><p> Bevor Sie ein Makro zum Sortieren eines Bereichs schreiben, sollten Sie sich am besten mit der Sortiermethode befassen und ihre Argumente verstehen.<\/p><pre class=\"wp-block-code\"> <code class=\"language-visual-basic\" lang=\"visual-basic\">Sort (Key1, Order1, Key2, Type, Order2, Key3, Order3, _ Header, OrderCustom, MatchCase, Orientation, SortMethod, _ DataOption1, DataOption2, DataOption3)<\/code><\/pre><p> Hier sind die wichtigsten Argumente, die Sie im wirklichen Leben verwenden werden.<\/p><ul><li> <strong>Schl\u00fcssel<\/strong> : Hier m\u00fcssen Sie eine Zelle definieren, deren Spalte Sie als Sortierbasis verwenden m\u00f6chten.<\/li><li> <strong>Reihenfolge<\/strong> : Reihenfolge, in der Sie die Spalte sortieren m\u00f6chten (aufsteigend\/absteigend).<\/li><li> <strong>Header<\/strong> : Eine Konstante, die angibt, ob Sie einen Header haben oder ob VBA dies erraten soll.<\/li><\/ul><h2 class=\"wp-block-heading\"> In absteigender Reihenfolge sortieren<\/h2><p> Im folgenden Code habe ich \u201exlDescending\u201c verwendet, um die Betragsspalte in absteigender Reihenfolge zu sortieren. <\/p><div class=\"wp-block-image\"><figure class=\"aligncenter size-large is-resized\"><img loading=\"lazy\" decoding=\"async\" class=\"wp-image-54925\" src=\"https:\/\/exceladvisor.org\/wp-content\/uploads\/2023\/08\/2-tri-decroissant.png\" sizes=\"auto, \" srcset=\"\" alt=\"In absteigender Reihenfolge sortieren\" width=\"498\" height=\"216\"><\/figure><\/div><pre class=\"wp-block-code\"> <code class=\"language-visual-basic\" lang=\"visual-basic\">Range(\"A1:A13\").Sort Key1:=Range(\"A1\"), _ Order1:=xlDescending, _ Orientation:=xlSortColumns<\/code><\/pre><h2 class=\"wp-block-heading\"> Verwenden mehrerer Spalten (Schl\u00fcssel) zum Sortieren<\/h2><p> Sie k\u00f6nnen einen Bereich auch nach mehreren Spalten sortieren. Nehmen wir ein Beispiel aus der folgenden Tabelle, in der Sie mehrere Eintr\u00e4ge mit Mitarbeiternamen und St\u00e4dten haben und nach Name und Stadt sortieren m\u00fcssen. <\/p><div class=\"wp-block-image\"><figure class=\"aligncenter size-large is-resized\"><img loading=\"lazy\" decoding=\"async\" class=\"wp-image-54926\" src=\"https:\/\/exceladvisor.org\/wp-content\/uploads\/2023\/08\/3-utiliser-plusieurs-colonnes-pour-trier.png\" sizes=\"auto, \" srcset=\"\" alt=\"Verwenden Sie zum Sortieren mehrere Spalten\" width=\"371\" height=\"410\"><\/figure><\/div><p> Hier ist der Code, den Sie verwenden m\u00fcssen: <\/p><div class=\"wp-block-image\"><figure class=\"aligncenter size-large is-resized\"><img loading=\"lazy\" decoding=\"async\" class=\"wp-image-54927\" src=\"https:\/\/exceladvisor.org\/wp-content\/uploads\/2023\/08\/4-codes-pour-plusieurs-colonnes.png\" sizes=\"auto, \" srcset=\"\" alt=\"Codes f\u00fcr mehrere Spalten\" width=\"538\" height=\"276\"><\/figure><\/div><pre class=\"wp-block-code\"> <code class=\"language-visual-basic\" lang=\"visual-basic\">Range(\"A1:C13\").Sort Key1:=Range(\"A1\"), _ Order1:=xlAscending, _ Key2:=Range(\"B1\"), _ Order1:=xlAscending, _ Header:=xlYes<\/code><\/pre><p> Wie Sie im Code sehen k\u00f6nnen, haben Sie Schl\u00fcssel1 und Schl\u00fcssel2. In Schl\u00fcssel1 haben Sie die Spalte mit dem Mitarbeiternamen und in Schl\u00fcssel2 haben Sie die Spalte Stadt. F\u00fcr beide Spalten ist die Sortierreihenfolge aufsteigend und die \u00dcberschriften sind vorhanden.<\/p><p class=\"qt-tip\"> <strong>Hinweis:<\/strong> Sie k\u00f6nnen diese Spalte als Grundlage f\u00fcr die Sortierung nach Schl\u00fcsseln und Reihenfolge verwenden.<\/p><h2 class=\"wp-block-heading\"> \u00c4nderung der Schicksalsorientierung<\/h2><p> Wenn Sie Daten normalerweise in Excel sortieren, k\u00f6nnen Sie standardm\u00e4\u00dfig nach Spalten sortieren. \u00dcber die Sortieroptionen k\u00f6nnen Sie jedoch die Sortierausrichtung von links nach rechts statt von oben nach unten \u00e4ndern. <\/p><div class=\"wp-block-image\"><figure class=\"aligncenter size-large is-resized\"><img loading=\"lazy\" decoding=\"async\" class=\"wp-image-54928\" src=\"https:\/\/exceladvisor.org\/wp-content\/uploads\/2023\/08\/5-trier-lorientation.png\" sizes=\"auto, \" srcset=\"\" alt=\"Schicksalsorientierung\" width=\"494\" height=\"230\"><\/figure><\/div><p> Ebenso haben Sie in der Sortiermethode ein Argument zum \u00c4ndern der Ausrichtung ( <a href=\"https:\/\/docs.microsoft.com\/en-us\/office\/vba\/api\/excel.xlsortorientation\" target=\"_blank\" rel=\"noreferrer noopener\">Link<\/a> ). <\/p><div class=\"wp-block-image\"><figure class=\"aligncenter size-large is-resized\"><img loading=\"lazy\" decoding=\"async\" class=\"wp-image-54929\" src=\"https:\/\/exceladvisor.org\/wp-content\/uploads\/2023\/08\/6-methodes-pour-trier-lorientation.png\" sizes=\"auto, \" srcset=\"\" alt=\"Methode zum Sortieren der Ausrichtung\" width=\"642\" height=\"275\"><\/figure><\/div><pre class=\"wp-block-code\"> <code class=\"language-visual-basic\" lang=\"visual-basic\">Range(\"A1:C13\").Sort Key1:=Range(\"A1\"), _ Order1:=xlAscending, _ Orientation:=xlSortRows<\/code><\/pre><div class=\"gb-container gb-container-4db6181c gb-container-mt\"> <a class=\"gb-button gb-button-c5897111 gb-button-text gb-button-mt-button\" href=\"https:\/\/exceladvisor.org\/de\/vba\/\">Was ist VBA<\/a><h2 class=\"gb-headline gb-headline-665e5f6b gb-headline-text gb-headline-mt-heading\"> Verwandte Tutorials <\/h2><div class=\"gb-grid-wrapper gb-grid-wrapper-a20baf7c gb-grid-wrapper-mt-grid\"><div class=\"gb-grid-column gb-grid-column-50067b57\"><div class=\"gb-container gb-container-50067b57\"><ul><li> <a href=\"https:\/\/exceladvisor.org\/de\/eine-spalte-einfugen\/\">VBA-Spalte einf\u00fcgen (einzeln und mehrfach)<\/a><\/li><li> <a href=\"https:\/\/exceladvisor.org\/de\/benannter-strand\/\">Bereich mit dem Namen VBA | (Statisch + Auswahl + Dynamisch)<\/a><\/li><li> <a href=\"https:\/\/exceladvisor.org\/de\/bereichsverschiebung\/\">VBA-Bereichsoffset<\/a><\/li><li> <a href=\"https:\/\/exceladvisor.org\/de\/text-umbrechen-1\/\">VBA-Umbruchtext (Zelle, Bereich und gesamtes Arbeitsblatt)<\/a><\/li><li> <a href=\"https:\/\/exceladvisor.org\/de\/uberprufen-sie-die-leere-zelle\/\">VBA \u00dcberpr\u00fcfen Sie, ob eine Zelle leer ist + mehrere Zellen<\/a><\/li><\/ul><\/div><\/div><\/div><\/div>","protected":false},"excerpt":{"rendered":"","protected":false},"author":1,"featured_media":0,"parent":0,"menu_order":0,"comment_status":"open","ping_status":"closed","template":"","meta":{"ub_ctt_via":"","footnotes":""},"class_list":["post-3557","page","type-page","status-publish","hentry"],"featured_image_src":null,"yoast_head":"<!-- This site is optimized with the Yoast SEO plugin v25.4 - https:\/\/yoast.com\/wordpress\/plugins\/seo\/ -->\n<title>\u25b7 Wie sortiere ich den Bereich in VBA? (Absteigend, Sortierausrichtung)<\/title>\n<meta name=\"description\" content=\"In diesem Tutorial erfahren Sie, wie Sie mit VBA einzelne oder mehrere Spalten sortieren und auch die Sortierausrichtung \u00e4ndern.\" \/>\n<meta name=\"robots\" content=\"index, follow, max-snippet:-1, max-image-preview:large, max-video-preview:-1\" \/>\n<link rel=\"canonical\" href=\"https:\/\/exceladvisor.org\/de\/sortieren-sie-den-bereich\/\" \/>\n<meta property=\"og:locale\" content=\"de_DE\" \/>\n<meta property=\"og:type\" content=\"article\" \/>\n<meta property=\"og:title\" content=\"\u25b7 Wie sortiere ich den Bereich in VBA? (Absteigend, Sortierausrichtung)\" \/>\n<meta property=\"og:description\" content=\"In diesem Tutorial erfahren Sie, wie Sie mit VBA einzelne oder mehrere Spalten sortieren und auch die Sortierausrichtung \u00e4ndern.\" \/>\n<meta property=\"og:url\" content=\"https:\/\/exceladvisor.org\/de\/sortieren-sie-den-bereich\/\" \/>\n<meta property=\"og:site_name\" content=\"Excel Advisor\" \/>\n<meta property=\"article:modified_time\" content=\"2023-12-03T13:04:56+00:00\" \/>\n<meta property=\"og:image\" content=\"https:\/\/exceladvisor.org\/wp-content\/uploads\/2023\/08\/1-trier-une-plage-par-vba.png\" \/>\n<meta name=\"twitter:card\" content=\"summary_large_image\" \/>\n<meta name=\"twitter:label1\" content=\"Gesch\u00e4tzte Lesezeit\" \/>\n\t<meta name=\"twitter:data1\" content=\"3\u00a0Minuten\" \/>\n<script type=\"application\/ld+json\" class=\"yoast-schema-graph\">{\"@context\":\"https:\/\/schema.org\",\"@graph\":[{\"@type\":\"WebPage\",\"@id\":\"https:\/\/exceladvisor.org\/de\/sortieren-sie-den-bereich\/\",\"url\":\"https:\/\/exceladvisor.org\/de\/sortieren-sie-den-bereich\/\",\"name\":\"\u25b7 Wie sortiere ich den Bereich in VBA? (Absteigend, Sortierausrichtung)\",\"isPartOf\":{\"@id\":\"https:\/\/exceladvisor.org\/de\/#website\"},\"primaryImageOfPage\":{\"@id\":\"https:\/\/exceladvisor.org\/de\/sortieren-sie-den-bereich\/#primaryimage\"},\"image\":{\"@id\":\"https:\/\/exceladvisor.org\/de\/sortieren-sie-den-bereich\/#primaryimage\"},\"thumbnailUrl\":\"https:\/\/exceladvisor.org\/wp-content\/uploads\/2023\/08\/1-trier-une-plage-par-vba.png\",\"datePublished\":\"2023-10-21T10:50:35+00:00\",\"dateModified\":\"2023-12-03T13:04:56+00:00\",\"description\":\"In diesem Tutorial erfahren Sie, wie Sie mit VBA einzelne oder mehrere Spalten sortieren und auch die Sortierausrichtung \u00e4ndern.\",\"breadcrumb\":{\"@id\":\"https:\/\/exceladvisor.org\/de\/sortieren-sie-den-bereich\/#breadcrumb\"},\"inLanguage\":\"de\",\"potentialAction\":[{\"@type\":\"ReadAction\",\"target\":[\"https:\/\/exceladvisor.org\/de\/sortieren-sie-den-bereich\/\"]}]},{\"@type\":\"ImageObject\",\"inLanguage\":\"de\",\"@id\":\"https:\/\/exceladvisor.org\/de\/sortieren-sie-den-bereich\/#primaryimage\",\"url\":\"https:\/\/exceladvisor.org\/wp-content\/uploads\/2023\/08\/1-trier-une-plage-par-vba.png\",\"contentUrl\":\"https:\/\/exceladvisor.org\/wp-content\/uploads\/2023\/08\/1-trier-une-plage-par-vba.png\"},{\"@type\":\"BreadcrumbList\",\"@id\":\"https:\/\/exceladvisor.org\/de\/sortieren-sie-den-bereich\/#breadcrumb\",\"itemListElement\":[{\"@type\":\"ListItem\",\"position\":1,\"name\":\"Accueil\",\"item\":\"https:\/\/exceladvisor.org\/de\/\"},{\"@type\":\"ListItem\",\"position\":2,\"name\":\"Wie sortiere ich den bereich in vba?\"}]},{\"@type\":\"WebSite\",\"@id\":\"https:\/\/exceladvisor.org\/de\/#website\",\"url\":\"https:\/\/exceladvisor.org\/de\/\",\"name\":\"Excel Advisor\",\"description\":\"Ihr Leitfaden zur Datendominanz\",\"publisher\":{\"@id\":\"https:\/\/exceladvisor.org\/de\/#organization\"},\"potentialAction\":[{\"@type\":\"SearchAction\",\"target\":{\"@type\":\"EntryPoint\",\"urlTemplate\":\"https:\/\/exceladvisor.org\/de\/?s={search_term_string}\"},\"query-input\":{\"@type\":\"PropertyValueSpecification\",\"valueRequired\":true,\"valueName\":\"search_term_string\"}}],\"inLanguage\":\"de\"},{\"@type\":\"Organization\",\"@id\":\"https:\/\/exceladvisor.org\/de\/#organization\",\"name\":\"Excel Advisor\",\"url\":\"https:\/\/exceladvisor.org\/de\/\",\"logo\":{\"@type\":\"ImageObject\",\"inLanguage\":\"de\",\"@id\":\"https:\/\/exceladvisor.org\/de\/#\/schema\/logo\/image\/\",\"url\":\"https:\/\/exceladvisor.org\/de\/wp-content\/uploads\/2023\/11\/exceladvisor.org_.png\",\"contentUrl\":\"https:\/\/exceladvisor.org\/de\/wp-content\/uploads\/2023\/11\/exceladvisor.org_.png\",\"width\":105,\"height\":36,\"caption\":\"Excel Advisor\"},\"image\":{\"@id\":\"https:\/\/exceladvisor.org\/de\/#\/schema\/logo\/image\/\"}}]}<\/script>\n<!-- \/ Yoast SEO plugin. -->","yoast_head_json":{"title":"\u25b7 Wie sortiere ich den Bereich in VBA? (Absteigend, Sortierausrichtung)","description":"In diesem Tutorial erfahren Sie, wie Sie mit VBA einzelne oder mehrere Spalten sortieren und auch die Sortierausrichtung \u00e4ndern.","robots":{"index":"index","follow":"follow","max-snippet":"max-snippet:-1","max-image-preview":"max-image-preview:large","max-video-preview":"max-video-preview:-1"},"canonical":"https:\/\/exceladvisor.org\/de\/sortieren-sie-den-bereich\/","og_locale":"de_DE","og_type":"article","og_title":"\u25b7 Wie sortiere ich den Bereich in VBA? (Absteigend, Sortierausrichtung)","og_description":"In diesem Tutorial erfahren Sie, wie Sie mit VBA einzelne oder mehrere Spalten sortieren und auch die Sortierausrichtung \u00e4ndern.","og_url":"https:\/\/exceladvisor.org\/de\/sortieren-sie-den-bereich\/","og_site_name":"Excel Advisor","article_modified_time":"2023-12-03T13:04:56+00:00","og_image":[{"url":"https:\/\/exceladvisor.org\/wp-content\/uploads\/2023\/08\/1-trier-une-plage-par-vba.png","type":"","width":"","height":""}],"twitter_card":"summary_large_image","twitter_misc":{"Gesch\u00e4tzte Lesezeit":"3\u00a0Minuten"},"schema":{"@context":"https:\/\/schema.org","@graph":[{"@type":"WebPage","@id":"https:\/\/exceladvisor.org\/de\/sortieren-sie-den-bereich\/","url":"https:\/\/exceladvisor.org\/de\/sortieren-sie-den-bereich\/","name":"\u25b7 Wie sortiere ich den Bereich in VBA? (Absteigend, Sortierausrichtung)","isPartOf":{"@id":"https:\/\/exceladvisor.org\/de\/#website"},"primaryImageOfPage":{"@id":"https:\/\/exceladvisor.org\/de\/sortieren-sie-den-bereich\/#primaryimage"},"image":{"@id":"https:\/\/exceladvisor.org\/de\/sortieren-sie-den-bereich\/#primaryimage"},"thumbnailUrl":"https:\/\/exceladvisor.org\/wp-content\/uploads\/2023\/08\/1-trier-une-plage-par-vba.png","datePublished":"2023-10-21T10:50:35+00:00","dateModified":"2023-12-03T13:04:56+00:00","description":"In diesem Tutorial erfahren Sie, wie Sie mit VBA einzelne oder mehrere Spalten sortieren und auch die Sortierausrichtung \u00e4ndern.","breadcrumb":{"@id":"https:\/\/exceladvisor.org\/de\/sortieren-sie-den-bereich\/#breadcrumb"},"inLanguage":"de","potentialAction":[{"@type":"ReadAction","target":["https:\/\/exceladvisor.org\/de\/sortieren-sie-den-bereich\/"]}]},{"@type":"ImageObject","inLanguage":"de","@id":"https:\/\/exceladvisor.org\/de\/sortieren-sie-den-bereich\/#primaryimage","url":"https:\/\/exceladvisor.org\/wp-content\/uploads\/2023\/08\/1-trier-une-plage-par-vba.png","contentUrl":"https:\/\/exceladvisor.org\/wp-content\/uploads\/2023\/08\/1-trier-une-plage-par-vba.png"},{"@type":"BreadcrumbList","@id":"https:\/\/exceladvisor.org\/de\/sortieren-sie-den-bereich\/#breadcrumb","itemListElement":[{"@type":"ListItem","position":1,"name":"Accueil","item":"https:\/\/exceladvisor.org\/de\/"},{"@type":"ListItem","position":2,"name":"Wie sortiere ich den bereich in vba?"}]},{"@type":"WebSite","@id":"https:\/\/exceladvisor.org\/de\/#website","url":"https:\/\/exceladvisor.org\/de\/","name":"Excel Advisor","description":"Ihr Leitfaden zur Datendominanz","publisher":{"@id":"https:\/\/exceladvisor.org\/de\/#organization"},"potentialAction":[{"@type":"SearchAction","target":{"@type":"EntryPoint","urlTemplate":"https:\/\/exceladvisor.org\/de\/?s={search_term_string}"},"query-input":{"@type":"PropertyValueSpecification","valueRequired":true,"valueName":"search_term_string"}}],"inLanguage":"de"},{"@type":"Organization","@id":"https:\/\/exceladvisor.org\/de\/#organization","name":"Excel Advisor","url":"https:\/\/exceladvisor.org\/de\/","logo":{"@type":"ImageObject","inLanguage":"de","@id":"https:\/\/exceladvisor.org\/de\/#\/schema\/logo\/image\/","url":"https:\/\/exceladvisor.org\/de\/wp-content\/uploads\/2023\/11\/exceladvisor.org_.png","contentUrl":"https:\/\/exceladvisor.org\/de\/wp-content\/uploads\/2023\/11\/exceladvisor.org_.png","width":105,"height":36,"caption":"Excel Advisor"},"image":{"@id":"https:\/\/exceladvisor.org\/de\/#\/schema\/logo\/image\/"}}]}},"yoast_meta":{"yoast_wpseo_title":"","yoast_wpseo_metadesc":"","yoast_wpseo_canonical":""},"_links":{"self":[{"href":"https:\/\/exceladvisor.org\/de\/wp-json\/wp\/v2\/pages\/3557","targetHints":{"allow":["GET"]}}],"collection":[{"href":"https:\/\/exceladvisor.org\/de\/wp-json\/wp\/v2\/pages"}],"about":[{"href":"https:\/\/exceladvisor.org\/de\/wp-json\/wp\/v2\/types\/page"}],"author":[{"embeddable":true,"href":"https:\/\/exceladvisor.org\/de\/wp-json\/wp\/v2\/users\/1"}],"replies":[{"embeddable":true,"href":"https:\/\/exceladvisor.org\/de\/wp-json\/wp\/v2\/comments?post=3557"}],"version-history":[{"count":1,"href":"https:\/\/exceladvisor.org\/de\/wp-json\/wp\/v2\/pages\/3557\/revisions"}],"predecessor-version":[{"id":4186,"href":"https:\/\/exceladvisor.org\/de\/wp-json\/wp\/v2\/pages\/3557\/revisions\/4186"}],"wp:attachment":[{"href":"https:\/\/exceladvisor.org\/de\/wp-json\/wp\/v2\/media?parent=3557"}],"curies":[{"name":"wp","href":"https:\/\/api.w.org\/{rel}","templated":true}]}}