{"id":3559,"date":"2023-10-21T10:16:02","date_gmt":"2023-10-21T10:16:02","guid":{"rendered":"https:\/\/exceladvisor.org\/de\/zellen-verschmelzen-dissoziieren-1\/"},"modified":"2023-12-03T11:21:25","modified_gmt":"2023-12-03T11:21:25","slug":"zellen-verschmelzen-dissoziieren-1","status":"publish","type":"page","link":"https:\/\/exceladvisor.org\/de\/zellen-verschmelzen-dissoziieren-1\/","title":{"rendered":"Wie f\u00fcge ich zellen in excel zusammen bzw. entbinde sie?"},"content":{"rendered":"<div class=\"excel-vor-dem-inhalt\" id=\"excel-54790401\"><script type=\"text\/javascript\">\r\n\tatOptions = {\r\n\t\t'key' : 'c1158f160081d6540a8409e6925dab94',\r\n\t\t'format' : 'iframe',\r\n\t\t'height' : 250,\r\n\t\t'width' : 300,\r\n\t\t'params' : {}\r\n\t};\r\n<\/script>\r\n<script type=\"text\/javascript\" src=\"\/\/www.highperformanceformat.com\/c1158f160081d6540a8409e6925dab94\/invoke.js\"><\/script><\/div> <p>Um mehrere Zellen zu einer einzigen Zelle zusammenzuf\u00fchren, k\u00f6nnen Sie die Tastenkombinationen <kbd>Alt \u279c H \u279c M \u279c A<\/kbd> verwenden. Wenn Sie diese Tastenkombination dr\u00fccken, werden alle Zellen zusammengef\u00fchrt, es wird jedoch nur der Wert oben links \u00fcbernommen (der Wert, den Sie in der ersten Zelle haben). Es wird die Meldung angezeigt, dass beim Zusammenf\u00fchren von Zellen nur der Wert oben links erhalten bleibt und andere Werte entfernt werden. <\/p><div class=\"wp-block-image\"><figure class=\"aligncenter size-full is-resized\"><img loading=\"lazy\" decoding=\"async\" class=\"wp-image-62309\" src=\"https:\/\/exceladvisor.org\/wp-content\/uploads\/2023\/08\/1-fusion-de-cellules.png\" sizes=\"auto, \" srcset=\"\" alt=\"Zellfusion\" width=\"448\" height=\"340\"><\/figure><\/div><p> Und wenn Sie auf OK klicken, werden alle Zellen zusammengef\u00fchrt <\/p><div class=\"wp-block-image\"><figure class=\"aligncenter size-full is-resized\"><img loading=\"lazy\" decoding=\"async\" class=\"wp-image-62317\" src=\"https:\/\/exceladvisor.org\/wp-content\/uploads\/2023\/08\/2-cellules-fusionnees.png\" sizes=\"auto, \" srcset=\"\" alt=\"zusammengef\u00fchrte Zellen\" width=\"462\" height=\"256\"><\/figure><\/div><p> <kbd>Alt \u279c H \u279c M \u279c A<\/kbd> <\/p><div class=\"wp-block-image\"><figure class=\"aligncenter size-full is-resized\"><img loading=\"lazy\" decoding=\"async\" class=\"wp-image-62321\" src=\"https:\/\/exceladvisor.org\/wp-content\/uploads\/2023\/08\/Raccourci-de-fusion-de-3-cellules.png\" sizes=\"auto, \" srcset=\"\" alt=\"Verkn\u00fcpfung zum Zusammenf\u00fchren von Zellen\" width=\"843\" height=\"194\"><\/figure><\/div><p> Wenn Sie die Gruppierung von Zellen aufheben m\u00f6chten, m\u00fcssen Sie daf\u00fcr dieselben Tastenkombinationen verwenden. Und hier sind einige weitere wichtige Tastenkombinationen im Zusammenhang mit der Zellzusammenf\u00fchrung.<\/p><ul><li> <kbd>Alt \u279c H \u279c M \u279c A<\/kbd> : Um ausgew\u00e4hlte Zellen zu Zeilen zusammenzuf\u00fchren.<\/li><li> <kbd>Alt \u279c H \u279c M \u279c C<\/kbd> : Zum Zusammenf\u00fchren von Zellen und Zentrieren des Werts. <\/li><\/ul><div class=\"wp-block-group more-tutorials is-layout-flow\"><div class=\"wp-block-group__inner-container\"><h2 class=\"wp-block-heading\"> Weitere Tutorials <\/h2><div class=\"wp-block-columns is-layout-flex wp-container-45\"><div class=\"wp-block-column is-layout-flow\"><ul><li> <a href=\"https:\/\/exceladvisor.org\/de\/spalte-1-hinzufugen\/\">F\u00fcgen Sie eine Spalte hinzu<\/a><\/li><li> <a href=\"https:\/\/exceladvisor.org\/de\/zelle-loschen\/\">Zelle l\u00f6schen<\/a><\/li><li> <a href=\"https:\/\/exceladvisor.org\/de\/zeile-loschen\/\">Zeilen l\u00f6schen<\/a><\/li><li> <a href=\"https:\/\/exceladvisor.org\/de\/zelle-bearbeiten\/\">Zelle bearbeiten<\/a><\/li><\/ul><\/div><\/div><\/div><\/div>","protected":false},"excerpt":{"rendered":"","protected":false},"author":1,"featured_media":0,"parent":0,"menu_order":0,"comment_status":"open","ping_status":"closed","template":"","meta":{"ub_ctt_via":"","footnotes":""},"class_list":["post-3559","page","type-page","status-publish","hentry"],"featured_image_src":null,"yoast_head":"<!-- This site is optimized with the Yoast SEO plugin v25.4 - https:\/\/yoast.com\/wordpress\/plugins\/seo\/ -->\n<title>\u25b7 Wie kann ich Zellen in Excel zusammenf\u00fchren bzw. trennen?<\/title>\n<meta name=\"description\" content=\"Erfahren Sie, wie Sie Zellen in Excel zusammenf\u00fchren bzw. ihre Verbindung aufheben. Tastenkombination zum Zusammenf\u00fchren und Aufheben der Gruppierung in Excel.\" \/>\n<meta name=\"robots\" content=\"index, follow, max-snippet:-1, max-image-preview:large, max-video-preview:-1\" \/>\n<link rel=\"canonical\" href=\"https:\/\/exceladvisor.org\/de\/zellen-verschmelzen-dissoziieren-1\/\" \/>\n<meta property=\"og:locale\" content=\"de_DE\" \/>\n<meta property=\"og:type\" content=\"article\" \/>\n<meta property=\"og:title\" content=\"\u25b7 Wie kann ich Zellen in Excel zusammenf\u00fchren bzw. trennen?\" \/>\n<meta property=\"og:description\" content=\"Erfahren Sie, wie Sie Zellen in Excel zusammenf\u00fchren bzw. ihre Verbindung aufheben. Tastenkombination zum Zusammenf\u00fchren und Aufheben der Gruppierung in Excel.\" \/>\n<meta property=\"og:url\" content=\"https:\/\/exceladvisor.org\/de\/zellen-verschmelzen-dissoziieren-1\/\" \/>\n<meta property=\"og:site_name\" content=\"Excel Advisor\" \/>\n<meta property=\"article:modified_time\" content=\"2023-12-03T11:21:25+00:00\" \/>\n<meta property=\"og:image\" content=\"https:\/\/exceladvisor.org\/wp-content\/uploads\/2023\/08\/1-fusion-de-cellules.png\" \/>\n<meta name=\"twitter:card\" content=\"summary_large_image\" \/>\n<meta name=\"twitter:label1\" content=\"Gesch\u00e4tzte Lesezeit\" \/>\n\t<meta name=\"twitter:data1\" content=\"1\u00a0Minute\" \/>\n<script type=\"application\/ld+json\" class=\"yoast-schema-graph\">{\"@context\":\"https:\/\/schema.org\",\"@graph\":[{\"@type\":\"WebPage\",\"@id\":\"https:\/\/exceladvisor.org\/de\/zellen-verschmelzen-dissoziieren-1\/\",\"url\":\"https:\/\/exceladvisor.org\/de\/zellen-verschmelzen-dissoziieren-1\/\",\"name\":\"\u25b7 Wie kann ich Zellen in Excel zusammenf\u00fchren bzw. trennen?\",\"isPartOf\":{\"@id\":\"https:\/\/exceladvisor.org\/de\/#website\"},\"primaryImageOfPage\":{\"@id\":\"https:\/\/exceladvisor.org\/de\/zellen-verschmelzen-dissoziieren-1\/#primaryimage\"},\"image\":{\"@id\":\"https:\/\/exceladvisor.org\/de\/zellen-verschmelzen-dissoziieren-1\/#primaryimage\"},\"thumbnailUrl\":\"https:\/\/exceladvisor.org\/wp-content\/uploads\/2023\/08\/1-fusion-de-cellules.png\",\"datePublished\":\"2023-10-21T10:16:02+00:00\",\"dateModified\":\"2023-12-03T11:21:25+00:00\",\"description\":\"Erfahren Sie, wie Sie Zellen in Excel zusammenf\u00fchren bzw. ihre Verbindung aufheben. Tastenkombination zum Zusammenf\u00fchren und Aufheben der Gruppierung in Excel.\",\"breadcrumb\":{\"@id\":\"https:\/\/exceladvisor.org\/de\/zellen-verschmelzen-dissoziieren-1\/#breadcrumb\"},\"inLanguage\":\"de\",\"potentialAction\":[{\"@type\":\"ReadAction\",\"target\":[\"https:\/\/exceladvisor.org\/de\/zellen-verschmelzen-dissoziieren-1\/\"]}]},{\"@type\":\"ImageObject\",\"inLanguage\":\"de\",\"@id\":\"https:\/\/exceladvisor.org\/de\/zellen-verschmelzen-dissoziieren-1\/#primaryimage\",\"url\":\"https:\/\/exceladvisor.org\/wp-content\/uploads\/2023\/08\/1-fusion-de-cellules.png\",\"contentUrl\":\"https:\/\/exceladvisor.org\/wp-content\/uploads\/2023\/08\/1-fusion-de-cellules.png\"},{\"@type\":\"BreadcrumbList\",\"@id\":\"https:\/\/exceladvisor.org\/de\/zellen-verschmelzen-dissoziieren-1\/#breadcrumb\",\"itemListElement\":[{\"@type\":\"ListItem\",\"position\":1,\"name\":\"Accueil\",\"item\":\"https:\/\/exceladvisor.org\/de\/\"},{\"@type\":\"ListItem\",\"position\":2,\"name\":\"Wie f\u00fcge ich zellen in excel zusammen bzw. entbinde sie?\"}]},{\"@type\":\"WebSite\",\"@id\":\"https:\/\/exceladvisor.org\/de\/#website\",\"url\":\"https:\/\/exceladvisor.org\/de\/\",\"name\":\"Excel Advisor\",\"description\":\"Ihr Leitfaden zur Datendominanz\",\"publisher\":{\"@id\":\"https:\/\/exceladvisor.org\/de\/#organization\"},\"potentialAction\":[{\"@type\":\"SearchAction\",\"target\":{\"@type\":\"EntryPoint\",\"urlTemplate\":\"https:\/\/exceladvisor.org\/de\/?s={search_term_string}\"},\"query-input\":{\"@type\":\"PropertyValueSpecification\",\"valueRequired\":true,\"valueName\":\"search_term_string\"}}],\"inLanguage\":\"de\"},{\"@type\":\"Organization\",\"@id\":\"https:\/\/exceladvisor.org\/de\/#organization\",\"name\":\"Excel Advisor\",\"url\":\"https:\/\/exceladvisor.org\/de\/\",\"logo\":{\"@type\":\"ImageObject\",\"inLanguage\":\"de\",\"@id\":\"https:\/\/exceladvisor.org\/de\/#\/schema\/logo\/image\/\",\"url\":\"https:\/\/exceladvisor.org\/de\/wp-content\/uploads\/2023\/11\/exceladvisor.org_.png\",\"contentUrl\":\"https:\/\/exceladvisor.org\/de\/wp-content\/uploads\/2023\/11\/exceladvisor.org_.png\",\"width\":105,\"height\":36,\"caption\":\"Excel Advisor\"},\"image\":{\"@id\":\"https:\/\/exceladvisor.org\/de\/#\/schema\/logo\/image\/\"}}]}<\/script>\n<!-- \/ Yoast SEO plugin. -->","yoast_head_json":{"title":"\u25b7 Wie kann ich Zellen in Excel zusammenf\u00fchren bzw. trennen?","description":"Erfahren Sie, wie Sie Zellen in Excel zusammenf\u00fchren bzw. ihre Verbindung aufheben. Tastenkombination zum Zusammenf\u00fchren und Aufheben der Gruppierung in Excel.","robots":{"index":"index","follow":"follow","max-snippet":"max-snippet:-1","max-image-preview":"max-image-preview:large","max-video-preview":"max-video-preview:-1"},"canonical":"https:\/\/exceladvisor.org\/de\/zellen-verschmelzen-dissoziieren-1\/","og_locale":"de_DE","og_type":"article","og_title":"\u25b7 Wie kann ich Zellen in Excel zusammenf\u00fchren bzw. trennen?","og_description":"Erfahren Sie, wie Sie Zellen in Excel zusammenf\u00fchren bzw. ihre Verbindung aufheben. Tastenkombination zum Zusammenf\u00fchren und Aufheben der Gruppierung in Excel.","og_url":"https:\/\/exceladvisor.org\/de\/zellen-verschmelzen-dissoziieren-1\/","og_site_name":"Excel Advisor","article_modified_time":"2023-12-03T11:21:25+00:00","og_image":[{"url":"https:\/\/exceladvisor.org\/wp-content\/uploads\/2023\/08\/1-fusion-de-cellules.png","type":"","width":"","height":""}],"twitter_card":"summary_large_image","twitter_misc":{"Gesch\u00e4tzte Lesezeit":"1\u00a0Minute"},"schema":{"@context":"https:\/\/schema.org","@graph":[{"@type":"WebPage","@id":"https:\/\/exceladvisor.org\/de\/zellen-verschmelzen-dissoziieren-1\/","url":"https:\/\/exceladvisor.org\/de\/zellen-verschmelzen-dissoziieren-1\/","name":"\u25b7 Wie kann ich Zellen in Excel zusammenf\u00fchren bzw. trennen?","isPartOf":{"@id":"https:\/\/exceladvisor.org\/de\/#website"},"primaryImageOfPage":{"@id":"https:\/\/exceladvisor.org\/de\/zellen-verschmelzen-dissoziieren-1\/#primaryimage"},"image":{"@id":"https:\/\/exceladvisor.org\/de\/zellen-verschmelzen-dissoziieren-1\/#primaryimage"},"thumbnailUrl":"https:\/\/exceladvisor.org\/wp-content\/uploads\/2023\/08\/1-fusion-de-cellules.png","datePublished":"2023-10-21T10:16:02+00:00","dateModified":"2023-12-03T11:21:25+00:00","description":"Erfahren Sie, wie Sie Zellen in Excel zusammenf\u00fchren bzw. ihre Verbindung aufheben. Tastenkombination zum Zusammenf\u00fchren und Aufheben der Gruppierung in Excel.","breadcrumb":{"@id":"https:\/\/exceladvisor.org\/de\/zellen-verschmelzen-dissoziieren-1\/#breadcrumb"},"inLanguage":"de","potentialAction":[{"@type":"ReadAction","target":["https:\/\/exceladvisor.org\/de\/zellen-verschmelzen-dissoziieren-1\/"]}]},{"@type":"ImageObject","inLanguage":"de","@id":"https:\/\/exceladvisor.org\/de\/zellen-verschmelzen-dissoziieren-1\/#primaryimage","url":"https:\/\/exceladvisor.org\/wp-content\/uploads\/2023\/08\/1-fusion-de-cellules.png","contentUrl":"https:\/\/exceladvisor.org\/wp-content\/uploads\/2023\/08\/1-fusion-de-cellules.png"},{"@type":"BreadcrumbList","@id":"https:\/\/exceladvisor.org\/de\/zellen-verschmelzen-dissoziieren-1\/#breadcrumb","itemListElement":[{"@type":"ListItem","position":1,"name":"Accueil","item":"https:\/\/exceladvisor.org\/de\/"},{"@type":"ListItem","position":2,"name":"Wie f\u00fcge ich zellen in excel zusammen bzw. entbinde sie?"}]},{"@type":"WebSite","@id":"https:\/\/exceladvisor.org\/de\/#website","url":"https:\/\/exceladvisor.org\/de\/","name":"Excel Advisor","description":"Ihr Leitfaden zur Datendominanz","publisher":{"@id":"https:\/\/exceladvisor.org\/de\/#organization"},"potentialAction":[{"@type":"SearchAction","target":{"@type":"EntryPoint","urlTemplate":"https:\/\/exceladvisor.org\/de\/?s={search_term_string}"},"query-input":{"@type":"PropertyValueSpecification","valueRequired":true,"valueName":"search_term_string"}}],"inLanguage":"de"},{"@type":"Organization","@id":"https:\/\/exceladvisor.org\/de\/#organization","name":"Excel Advisor","url":"https:\/\/exceladvisor.org\/de\/","logo":{"@type":"ImageObject","inLanguage":"de","@id":"https:\/\/exceladvisor.org\/de\/#\/schema\/logo\/image\/","url":"https:\/\/exceladvisor.org\/de\/wp-content\/uploads\/2023\/11\/exceladvisor.org_.png","contentUrl":"https:\/\/exceladvisor.org\/de\/wp-content\/uploads\/2023\/11\/exceladvisor.org_.png","width":105,"height":36,"caption":"Excel Advisor"},"image":{"@id":"https:\/\/exceladvisor.org\/de\/#\/schema\/logo\/image\/"}}]}},"yoast_meta":{"yoast_wpseo_title":"","yoast_wpseo_metadesc":"","yoast_wpseo_canonical":""},"_links":{"self":[{"href":"https:\/\/exceladvisor.org\/de\/wp-json\/wp\/v2\/pages\/3559","targetHints":{"allow":["GET"]}}],"collection":[{"href":"https:\/\/exceladvisor.org\/de\/wp-json\/wp\/v2\/pages"}],"about":[{"href":"https:\/\/exceladvisor.org\/de\/wp-json\/wp\/v2\/types\/page"}],"author":[{"embeddable":true,"href":"https:\/\/exceladvisor.org\/de\/wp-json\/wp\/v2\/users\/1"}],"replies":[{"embeddable":true,"href":"https:\/\/exceladvisor.org\/de\/wp-json\/wp\/v2\/comments?post=3559"}],"version-history":[{"count":1,"href":"https:\/\/exceladvisor.org\/de\/wp-json\/wp\/v2\/pages\/3559\/revisions"}],"predecessor-version":[{"id":4063,"href":"https:\/\/exceladvisor.org\/de\/wp-json\/wp\/v2\/pages\/3559\/revisions\/4063"}],"wp:attachment":[{"href":"https:\/\/exceladvisor.org\/de\/wp-json\/wp\/v2\/media?parent=3559"}],"curies":[{"name":"wp","href":"https:\/\/api.w.org\/{rel}","templated":true}]}}