{"id":3560,"date":"2023-10-21T10:03:24","date_gmt":"2023-10-21T10:03:24","guid":{"rendered":"https:\/\/exceladvisor.org\/de\/finde-ersetzen-1\/"},"modified":"2023-12-03T11:20:17","modified_gmt":"2023-12-03T11:20:17","slug":"finde-ersetzen-1","status":"publish","type":"page","link":"https:\/\/exceladvisor.org\/de\/finde-ersetzen-1\/","title":{"rendered":"Wie finde und ersetze ich in excel? (excel-verkn\u00fcpfung)"},"content":{"rendered":"<div class=\"excel-vor-dem-inhalt\" id=\"excel-1647701596\"><script type=\"text\/javascript\">\r\n\tatOptions = {\r\n\t\t'key' : 'c1158f160081d6540a8409e6925dab94',\r\n\t\t'format' : 'iframe',\r\n\t\t'height' : 250,\r\n\t\t'width' : 300,\r\n\t\t'params' : {}\r\n\t};\r\n<\/script>\r\n<script type=\"text\/javascript\" src=\"\/\/www.highperformanceformat.com\/c1158f160081d6540a8409e6925dab94\/invoke.js\"><\/script><\/div> <p>Um die Option \u201eSuchen und Ersetzen\u201c zu \u00f6ffnen, k\u00f6nnen Sie die Tastenkombination <kbd>Strg<\/kbd> + <kbd>H<\/kbd> verwenden. Es zeigt Ihnen das Dialogfeld zur Eingabe des zu suchenden und des zu ersetzenden Werts. Da es mehrere Schaltfl\u00e4chen f\u00fcr Optionen gibt, k\u00f6nnen Sie die Tabulatortaste verwenden Navigieren Sie zu all diesen Schaltfl\u00e4chen. <\/p><div class=\"wp-block-image\"><figure class=\"aligncenter size-full is-resized\"><img loading=\"lazy\" decoding=\"async\" class=\"wp-image-62312\" src=\"https:\/\/exceladvisor.org\/wp-content\/uploads\/2023\/08\/1-rechercher-et-remplacer.png\" sizes=\"auto, \" srcset=\"\" alt=\"suchen und Ersetzen\" width=\"629\" height=\"267\"><\/figure><\/div><p> <kbd>Strg<\/kbd> + <kbd>H<\/kbd> <\/p><div class=\"wp-block-image\"><figure class=\"aligncenter size-full is-resized\"><img loading=\"lazy\" decoding=\"async\" class=\"wp-image-62316\" src=\"https:\/\/exceladvisor.org\/wp-content\/uploads\/2023\/08\/2-rechercher-et-remplacer-le-raccourci.png\" sizes=\"auto, \" srcset=\"\" alt=\"Verkn\u00fcpfung zum Suchen und Ersetzen\" width=\"825\" height=\"190\"><\/figure><\/div><p> Und wenn Sie nur das Suchdialogfeld \u00f6ffnen m\u00f6chten, k\u00f6nnen Sie die Tastenkombination Strg + F verwenden. Beide Registerkarten ( <a href=\"https:\/\/exceladvisor.org\/de\/ersatz-finden\/\">Suchen und Ersetzen<\/a> ) sind miteinander verbunden und Sie k\u00f6nnen mit der Strg-Taste + Funktionstaste + Auf- und Ab-Navigation zwischen ihnen wechseln Tasten. <\/p><div class=\"wp-block-group more-tutorials is-layout-flow\"><div class=\"wp-block-group__inner-container\"><h2 class=\"wp-block-heading\"> Weitere Tutorials <\/h2><div class=\"wp-block-columns is-layout-flex wp-container-41\"><div class=\"wp-block-column is-layout-flow\"><ul><li> <a href=\"https:\/\/exceladvisor.org\/de\/ein-neues-blatt-hinzufugen\/\">F\u00fcgen Sie ein neues Blatt hinzu<\/a><\/li><li> <a href=\"https:\/\/exceladvisor.org\/de\/ein-blatt-loschen\/\">Blatt l\u00f6schen<\/a><\/li><li> <a href=\"https:\/\/exceladvisor.org\/de\/hineinzoomen-herauszoomen\/\">Hineinzoomen herauszoomen<\/a><\/li><\/ul><\/div><\/div><\/div><\/div>","protected":false},"excerpt":{"rendered":"","protected":false},"author":1,"featured_media":0,"parent":0,"menu_order":0,"comment_status":"open","ping_status":"closed","template":"","meta":{"ub_ctt_via":"","footnotes":""},"class_list":["post-3560","page","type-page","status-publish","hentry"],"featured_image_src":null,"yoast_head":"<!-- This site is optimized with the Yoast SEO plugin v25.4 - https:\/\/yoast.com\/wordpress\/plugins\/seo\/ -->\n<title>Wie finde und ersetze ich in Excel? (Excel-Verkn\u00fcpfung)<\/title>\n<meta name=\"description\" content=\"Erfahren Sie, wie Sie in Excel suchen und ersetzen. Tastenkombination zum Suchen und Ersetzen in Excel.\" \/>\n<meta name=\"robots\" content=\"index, follow, max-snippet:-1, max-image-preview:large, max-video-preview:-1\" \/>\n<link rel=\"canonical\" href=\"https:\/\/exceladvisor.org\/de\/finde-ersetzen-1\/\" \/>\n<meta property=\"og:locale\" content=\"de_DE\" \/>\n<meta property=\"og:type\" content=\"article\" \/>\n<meta property=\"og:title\" content=\"Wie finde und ersetze ich in Excel? (Excel-Verkn\u00fcpfung)\" \/>\n<meta property=\"og:description\" content=\"Erfahren Sie, wie Sie in Excel suchen und ersetzen. Tastenkombination zum Suchen und Ersetzen in Excel.\" \/>\n<meta property=\"og:url\" content=\"https:\/\/exceladvisor.org\/de\/finde-ersetzen-1\/\" \/>\n<meta property=\"og:site_name\" content=\"Excel Advisor\" \/>\n<meta property=\"article:modified_time\" content=\"2023-12-03T11:20:17+00:00\" \/>\n<meta property=\"og:image\" content=\"https:\/\/exceladvisor.org\/wp-content\/uploads\/2023\/08\/1-rechercher-et-remplacer.png\" \/>\n<meta name=\"twitter:card\" content=\"summary_large_image\" \/>\n<meta name=\"twitter:label1\" content=\"Gesch\u00e4tzte Lesezeit\" \/>\n\t<meta name=\"twitter:data1\" content=\"1\u00a0Minute\" \/>\n<script type=\"application\/ld+json\" class=\"yoast-schema-graph\">{\"@context\":\"https:\/\/schema.org\",\"@graph\":[{\"@type\":\"WebPage\",\"@id\":\"https:\/\/exceladvisor.org\/de\/finde-ersetzen-1\/\",\"url\":\"https:\/\/exceladvisor.org\/de\/finde-ersetzen-1\/\",\"name\":\"Wie finde und ersetze ich in Excel? (Excel-Verkn\u00fcpfung)\",\"isPartOf\":{\"@id\":\"https:\/\/exceladvisor.org\/de\/#website\"},\"primaryImageOfPage\":{\"@id\":\"https:\/\/exceladvisor.org\/de\/finde-ersetzen-1\/#primaryimage\"},\"image\":{\"@id\":\"https:\/\/exceladvisor.org\/de\/finde-ersetzen-1\/#primaryimage\"},\"thumbnailUrl\":\"https:\/\/exceladvisor.org\/wp-content\/uploads\/2023\/08\/1-rechercher-et-remplacer.png\",\"datePublished\":\"2023-10-21T10:03:24+00:00\",\"dateModified\":\"2023-12-03T11:20:17+00:00\",\"description\":\"Erfahren Sie, wie Sie in Excel suchen und ersetzen. Tastenkombination zum Suchen und Ersetzen in Excel.\",\"breadcrumb\":{\"@id\":\"https:\/\/exceladvisor.org\/de\/finde-ersetzen-1\/#breadcrumb\"},\"inLanguage\":\"de\",\"potentialAction\":[{\"@type\":\"ReadAction\",\"target\":[\"https:\/\/exceladvisor.org\/de\/finde-ersetzen-1\/\"]}]},{\"@type\":\"ImageObject\",\"inLanguage\":\"de\",\"@id\":\"https:\/\/exceladvisor.org\/de\/finde-ersetzen-1\/#primaryimage\",\"url\":\"https:\/\/exceladvisor.org\/wp-content\/uploads\/2023\/08\/1-rechercher-et-remplacer.png\",\"contentUrl\":\"https:\/\/exceladvisor.org\/wp-content\/uploads\/2023\/08\/1-rechercher-et-remplacer.png\"},{\"@type\":\"BreadcrumbList\",\"@id\":\"https:\/\/exceladvisor.org\/de\/finde-ersetzen-1\/#breadcrumb\",\"itemListElement\":[{\"@type\":\"ListItem\",\"position\":1,\"name\":\"Accueil\",\"item\":\"https:\/\/exceladvisor.org\/de\/\"},{\"@type\":\"ListItem\",\"position\":2,\"name\":\"Wie finde und ersetze ich in excel? (excel-verkn\u00fcpfung)\"}]},{\"@type\":\"WebSite\",\"@id\":\"https:\/\/exceladvisor.org\/de\/#website\",\"url\":\"https:\/\/exceladvisor.org\/de\/\",\"name\":\"Excel Advisor\",\"description\":\"Ihr Leitfaden zur Datendominanz\",\"publisher\":{\"@id\":\"https:\/\/exceladvisor.org\/de\/#organization\"},\"potentialAction\":[{\"@type\":\"SearchAction\",\"target\":{\"@type\":\"EntryPoint\",\"urlTemplate\":\"https:\/\/exceladvisor.org\/de\/?s={search_term_string}\"},\"query-input\":{\"@type\":\"PropertyValueSpecification\",\"valueRequired\":true,\"valueName\":\"search_term_string\"}}],\"inLanguage\":\"de\"},{\"@type\":\"Organization\",\"@id\":\"https:\/\/exceladvisor.org\/de\/#organization\",\"name\":\"Excel Advisor\",\"url\":\"https:\/\/exceladvisor.org\/de\/\",\"logo\":{\"@type\":\"ImageObject\",\"inLanguage\":\"de\",\"@id\":\"https:\/\/exceladvisor.org\/de\/#\/schema\/logo\/image\/\",\"url\":\"https:\/\/exceladvisor.org\/de\/wp-content\/uploads\/2023\/11\/exceladvisor.org_.png\",\"contentUrl\":\"https:\/\/exceladvisor.org\/de\/wp-content\/uploads\/2023\/11\/exceladvisor.org_.png\",\"width\":105,\"height\":36,\"caption\":\"Excel Advisor\"},\"image\":{\"@id\":\"https:\/\/exceladvisor.org\/de\/#\/schema\/logo\/image\/\"}}]}<\/script>\n<!-- \/ Yoast SEO plugin. -->","yoast_head_json":{"title":"Wie finde und ersetze ich in Excel? (Excel-Verkn\u00fcpfung)","description":"Erfahren Sie, wie Sie in Excel suchen und ersetzen. Tastenkombination zum Suchen und Ersetzen in Excel.","robots":{"index":"index","follow":"follow","max-snippet":"max-snippet:-1","max-image-preview":"max-image-preview:large","max-video-preview":"max-video-preview:-1"},"canonical":"https:\/\/exceladvisor.org\/de\/finde-ersetzen-1\/","og_locale":"de_DE","og_type":"article","og_title":"Wie finde und ersetze ich in Excel? (Excel-Verkn\u00fcpfung)","og_description":"Erfahren Sie, wie Sie in Excel suchen und ersetzen. Tastenkombination zum Suchen und Ersetzen in Excel.","og_url":"https:\/\/exceladvisor.org\/de\/finde-ersetzen-1\/","og_site_name":"Excel Advisor","article_modified_time":"2023-12-03T11:20:17+00:00","og_image":[{"url":"https:\/\/exceladvisor.org\/wp-content\/uploads\/2023\/08\/1-rechercher-et-remplacer.png","type":"","width":"","height":""}],"twitter_card":"summary_large_image","twitter_misc":{"Gesch\u00e4tzte Lesezeit":"1\u00a0Minute"},"schema":{"@context":"https:\/\/schema.org","@graph":[{"@type":"WebPage","@id":"https:\/\/exceladvisor.org\/de\/finde-ersetzen-1\/","url":"https:\/\/exceladvisor.org\/de\/finde-ersetzen-1\/","name":"Wie finde und ersetze ich in Excel? (Excel-Verkn\u00fcpfung)","isPartOf":{"@id":"https:\/\/exceladvisor.org\/de\/#website"},"primaryImageOfPage":{"@id":"https:\/\/exceladvisor.org\/de\/finde-ersetzen-1\/#primaryimage"},"image":{"@id":"https:\/\/exceladvisor.org\/de\/finde-ersetzen-1\/#primaryimage"},"thumbnailUrl":"https:\/\/exceladvisor.org\/wp-content\/uploads\/2023\/08\/1-rechercher-et-remplacer.png","datePublished":"2023-10-21T10:03:24+00:00","dateModified":"2023-12-03T11:20:17+00:00","description":"Erfahren Sie, wie Sie in Excel suchen und ersetzen. Tastenkombination zum Suchen und Ersetzen in Excel.","breadcrumb":{"@id":"https:\/\/exceladvisor.org\/de\/finde-ersetzen-1\/#breadcrumb"},"inLanguage":"de","potentialAction":[{"@type":"ReadAction","target":["https:\/\/exceladvisor.org\/de\/finde-ersetzen-1\/"]}]},{"@type":"ImageObject","inLanguage":"de","@id":"https:\/\/exceladvisor.org\/de\/finde-ersetzen-1\/#primaryimage","url":"https:\/\/exceladvisor.org\/wp-content\/uploads\/2023\/08\/1-rechercher-et-remplacer.png","contentUrl":"https:\/\/exceladvisor.org\/wp-content\/uploads\/2023\/08\/1-rechercher-et-remplacer.png"},{"@type":"BreadcrumbList","@id":"https:\/\/exceladvisor.org\/de\/finde-ersetzen-1\/#breadcrumb","itemListElement":[{"@type":"ListItem","position":1,"name":"Accueil","item":"https:\/\/exceladvisor.org\/de\/"},{"@type":"ListItem","position":2,"name":"Wie finde und ersetze ich in excel? (excel-verkn\u00fcpfung)"}]},{"@type":"WebSite","@id":"https:\/\/exceladvisor.org\/de\/#website","url":"https:\/\/exceladvisor.org\/de\/","name":"Excel Advisor","description":"Ihr Leitfaden zur Datendominanz","publisher":{"@id":"https:\/\/exceladvisor.org\/de\/#organization"},"potentialAction":[{"@type":"SearchAction","target":{"@type":"EntryPoint","urlTemplate":"https:\/\/exceladvisor.org\/de\/?s={search_term_string}"},"query-input":{"@type":"PropertyValueSpecification","valueRequired":true,"valueName":"search_term_string"}}],"inLanguage":"de"},{"@type":"Organization","@id":"https:\/\/exceladvisor.org\/de\/#organization","name":"Excel Advisor","url":"https:\/\/exceladvisor.org\/de\/","logo":{"@type":"ImageObject","inLanguage":"de","@id":"https:\/\/exceladvisor.org\/de\/#\/schema\/logo\/image\/","url":"https:\/\/exceladvisor.org\/de\/wp-content\/uploads\/2023\/11\/exceladvisor.org_.png","contentUrl":"https:\/\/exceladvisor.org\/de\/wp-content\/uploads\/2023\/11\/exceladvisor.org_.png","width":105,"height":36,"caption":"Excel Advisor"},"image":{"@id":"https:\/\/exceladvisor.org\/de\/#\/schema\/logo\/image\/"}}]}},"yoast_meta":{"yoast_wpseo_title":"","yoast_wpseo_metadesc":"","yoast_wpseo_canonical":""},"_links":{"self":[{"href":"https:\/\/exceladvisor.org\/de\/wp-json\/wp\/v2\/pages\/3560","targetHints":{"allow":["GET"]}}],"collection":[{"href":"https:\/\/exceladvisor.org\/de\/wp-json\/wp\/v2\/pages"}],"about":[{"href":"https:\/\/exceladvisor.org\/de\/wp-json\/wp\/v2\/types\/page"}],"author":[{"embeddable":true,"href":"https:\/\/exceladvisor.org\/de\/wp-json\/wp\/v2\/users\/1"}],"replies":[{"embeddable":true,"href":"https:\/\/exceladvisor.org\/de\/wp-json\/wp\/v2\/comments?post=3560"}],"version-history":[{"count":1,"href":"https:\/\/exceladvisor.org\/de\/wp-json\/wp\/v2\/pages\/3560\/revisions"}],"predecessor-version":[{"id":3997,"href":"https:\/\/exceladvisor.org\/de\/wp-json\/wp\/v2\/pages\/3560\/revisions\/3997"}],"wp:attachment":[{"href":"https:\/\/exceladvisor.org\/de\/wp-json\/wp\/v2\/media?parent=3560"}],"curies":[{"name":"wp","href":"https:\/\/api.w.org\/{rel}","templated":true}]}}