{"id":3562,"date":"2023-10-21T07:50:53","date_gmt":"2023-10-21T07:50:53","guid":{"rendered":"https:\/\/exceladvisor.org\/de\/exponent\/"},"modified":"2023-12-03T11:21:59","modified_gmt":"2023-12-03T11:21:59","slug":"exponent","status":"publish","type":"page","link":"https:\/\/exceladvisor.org\/de\/exponent\/","title":{"rendered":"Wie kann ich mit der excel-verkn\u00fcpfung hochstellen?"},"content":{"rendered":"<div class=\"excel-vor-dem-inhalt\" id=\"excel-3416778770\"><script type=\"text\/javascript\">\r\n\tatOptions = {\r\n\t\t'key' : 'c1158f160081d6540a8409e6925dab94',\r\n\t\t'format' : 'iframe',\r\n\t\t'height' : 250,\r\n\t\t'width' : 300,\r\n\t\t'params' : {}\r\n\t};\r\n<\/script>\r\n<script type=\"text\/javascript\" src=\"\/\/www.highperformanceformat.com\/c1158f160081d6540a8409e6925dab94\/invoke.js\"><\/script><\/div> <p>Hochgestellt ist eine Textformatierung, mit der Text oder numerische Werte leicht \u00fcber den Rest des Textes in der Zelle verschoben werden.<\/p><p> Hochgestellt in Excel kann zur Darstellung von Urheberrechten und Marken sowie anderen Symbolen wie <sup>@<\/sup> <sub>,<\/sub> <sup>RM<\/sup> , <sup>*<\/sup> , mathematischen Gleichungen Sqm <sup>2<\/sup> , cm <sup>2<\/sup> und Bestellfolgen wie 1 <sup>st<\/sup> und 2 <sup>e<\/sup> verwendet werden.<\/p><h2 class=\"wp-block-heading\"> Tastenkombination f\u00fcr Hochstellung in Excel<\/h2><p> Um in Excel den Exponenten zu verwenden, muss der Benutzer die folgende Tastenkombination befolgen, da Excel daf\u00fcr keine Standardverkn\u00fcpfung hat.<\/p><p> <kbd>Strg<\/kbd> + <kbd>1<\/kbd> , dann <kbd>Alt<\/kbd> + <kbd>E<\/kbd> \u2192 <kbd>Eingabetaste<\/kbd> <\/p><div class=\"wp-block-image\"><figure class=\"aligncenter size-full is-resized\"><img loading=\"lazy\" decoding=\"async\" class=\"wp-image-67557\" src=\"https:\/\/exceladvisor.org\/wp-content\/uploads\/2023\/08\/1-raccourci-vers-lexposant.png\" sizes=\"auto, \" srcset=\"\" alt=\"Verkn\u00fcpfung zum Exponenten\" width=\"826\" height=\"323\"><\/figure><\/div><h2 class=\"wp-block-heading\"> Schritte zur Verwendung des Exponenten mithilfe einer Tastenkombination<\/h2><ol><li> Doppelklicken Sie zun\u00e4chst auf die Zelle und w\u00e4hlen Sie nur den Text aus, den Sie hochgestellt verwenden m\u00f6chten. <br><img decoding=\"async\" title=\"2-text-f\u00fcr-hochstellung ausw\u00e4hlen\" src=\"https:\/\/exceladvisor.org\/wp-content\/uploads\/2023\/08\/2-selectionner-le-texte-pour-lexposant.png\" sizes=\"\" srcset=\"\" alt=\"select-text-for-superscript\"><\/li><li> Dr\u00fccken Sie anschlie\u00dfend die Tasten \u201eStrg + 1\u201c und Sie \u00f6ffnen das Dialogfeld \u201eZellen formatieren\u201c.<\/li><li> Dr\u00fccken Sie nun die Tasten \u201eAlt + E\u201c, um die Auswahl zu verschieben und die Option \u201eExponent\u201c zu aktivieren. <br><img loading=\"lazy\" decoding=\"async\" title=\"3-Format-Zellen-\u00d6ffnen-Dialogfeld\" src=\"https:\/\/exceladvisor.org\/wp-content\/uploads\/2023\/08\/3-boite-de-dialogue-de-mise-en-forme-des-cellules-ouverte.png\" sizes=\"auto, \" srcset=\"\" alt=\"format-cells-dialog-box-opened\" width=\"509\" height=\"431\"><\/li><li> Dr\u00fccken Sie am Ende die \u201eEnter\u201c-Taste und Ihr ausgew\u00e4hlter Text wird leicht \u00fcber die restlichen Zeichen in der Zelle verschoben. <br><img decoding=\"async\" title=\"Text mit 4 hochgestellten Zeichen\" src=\"https:\/\/exceladvisor.org\/wp-content\/uploads\/2023\/08\/4-texte-en-exposant.png\" sizes=\"\" srcset=\"\" alt=\"superscript-text\"><\/li><\/ol><div class=\"gb-container gb-container-2116538e gb-container-mt\"> <a class=\"gb-button gb-button-f7d2c131 gb-button-text gb-button-mt-button\" href=\"https:\/\/exceladvisor.org\/de\/tastaturkurzel\/\">Tastenkombinationen f\u00fcr Excel-PDFs<\/a><h2 class=\"gb-headline gb-headline-7ed68554 gb-headline-text gb-headline-mt-heading\"> Weitere Verkn\u00fcpfungen <\/h2><div class=\"gb-grid-wrapper gb-grid-wrapper-edeef538 gb-grid-wrapper-mt-grid\"><div class=\"gb-grid-column gb-grid-column-766d598b\"><div class=\"gb-container gb-container-766d598b\"><ul><li> <a href=\"https:\/\/exceladvisor.org\/de\/wahrungsformat\/\">Applu-W\u00e4hrungsformat<\/a><\/li><li> <a href=\"https:\/\/exceladvisor.org\/de\/prozentformat\/\">Formatprozentsatz<\/a><\/li><li> <a href=\"https:\/\/exceladvisor.org\/de\/datumsformat\/\">Datumsformat anwenden<\/a><\/li><li> <a href=\"https:\/\/exceladvisor.org\/de\/zeitformat\/\">Zeitformat anwenden<\/a><\/li><\/ul><\/div><\/div><\/div><\/div>","protected":false},"excerpt":{"rendered":"","protected":false},"author":1,"featured_media":0,"parent":0,"menu_order":0,"comment_status":"open","ping_status":"closed","template":"","meta":{"ub_ctt_via":"","footnotes":""},"class_list":["post-3562","page","type-page","status-publish","hentry"],"featured_image_src":null,"yoast_head":"<!-- This site is optimized with the Yoast SEO plugin v25.4 - https:\/\/yoast.com\/wordpress\/plugins\/seo\/ -->\n<title>\u25b7 Wie kann ich mit der Excel-Verkn\u00fcpfung hochstellen?<\/title>\n<meta name=\"description\" content=\"Erfahren Sie, wie Sie mithilfe einer Tastenkombination einen Exponenten in einem Arbeitsblatt in Excel anwenden. Lassen Sie uns das \u00fcberpr\u00fcfen ...\" \/>\n<meta name=\"robots\" content=\"index, follow, max-snippet:-1, max-image-preview:large, max-video-preview:-1\" \/>\n<link rel=\"canonical\" href=\"https:\/\/exceladvisor.org\/de\/exponent\/\" \/>\n<meta property=\"og:locale\" content=\"de_DE\" \/>\n<meta property=\"og:type\" content=\"article\" \/>\n<meta property=\"og:title\" content=\"\u25b7 Wie kann ich mit der Excel-Verkn\u00fcpfung hochstellen?\" \/>\n<meta property=\"og:description\" content=\"Erfahren Sie, wie Sie mithilfe einer Tastenkombination einen Exponenten in einem Arbeitsblatt in Excel anwenden. Lassen Sie uns das \u00fcberpr\u00fcfen ...\" \/>\n<meta property=\"og:url\" content=\"https:\/\/exceladvisor.org\/de\/exponent\/\" \/>\n<meta property=\"og:site_name\" content=\"Excel Advisor\" \/>\n<meta property=\"article:modified_time\" content=\"2023-12-03T11:21:59+00:00\" \/>\n<meta property=\"og:image\" content=\"https:\/\/exceladvisor.org\/wp-content\/uploads\/2023\/08\/1-raccourci-vers-lexposant.png\" \/>\n<meta name=\"twitter:card\" content=\"summary_large_image\" \/>\n<meta name=\"twitter:label1\" content=\"Gesch\u00e4tzte Lesezeit\" \/>\n\t<meta name=\"twitter:data1\" content=\"1\u00a0Minute\" \/>\n<script type=\"application\/ld+json\" class=\"yoast-schema-graph\">{\"@context\":\"https:\/\/schema.org\",\"@graph\":[{\"@type\":\"WebPage\",\"@id\":\"https:\/\/exceladvisor.org\/de\/exponent\/\",\"url\":\"https:\/\/exceladvisor.org\/de\/exponent\/\",\"name\":\"\u25b7 Wie kann ich mit der Excel-Verkn\u00fcpfung hochstellen?\",\"isPartOf\":{\"@id\":\"https:\/\/exceladvisor.org\/de\/#website\"},\"primaryImageOfPage\":{\"@id\":\"https:\/\/exceladvisor.org\/de\/exponent\/#primaryimage\"},\"image\":{\"@id\":\"https:\/\/exceladvisor.org\/de\/exponent\/#primaryimage\"},\"thumbnailUrl\":\"https:\/\/exceladvisor.org\/wp-content\/uploads\/2023\/08\/1-raccourci-vers-lexposant.png\",\"datePublished\":\"2023-10-21T07:50:53+00:00\",\"dateModified\":\"2023-12-03T11:21:59+00:00\",\"description\":\"Erfahren Sie, wie Sie mithilfe einer Tastenkombination einen Exponenten in einem Arbeitsblatt in Excel anwenden. Lassen Sie uns das \u00fcberpr\u00fcfen ...\",\"breadcrumb\":{\"@id\":\"https:\/\/exceladvisor.org\/de\/exponent\/#breadcrumb\"},\"inLanguage\":\"de\",\"potentialAction\":[{\"@type\":\"ReadAction\",\"target\":[\"https:\/\/exceladvisor.org\/de\/exponent\/\"]}]},{\"@type\":\"ImageObject\",\"inLanguage\":\"de\",\"@id\":\"https:\/\/exceladvisor.org\/de\/exponent\/#primaryimage\",\"url\":\"https:\/\/exceladvisor.org\/wp-content\/uploads\/2023\/08\/1-raccourci-vers-lexposant.png\",\"contentUrl\":\"https:\/\/exceladvisor.org\/wp-content\/uploads\/2023\/08\/1-raccourci-vers-lexposant.png\"},{\"@type\":\"BreadcrumbList\",\"@id\":\"https:\/\/exceladvisor.org\/de\/exponent\/#breadcrumb\",\"itemListElement\":[{\"@type\":\"ListItem\",\"position\":1,\"name\":\"Accueil\",\"item\":\"https:\/\/exceladvisor.org\/de\/\"},{\"@type\":\"ListItem\",\"position\":2,\"name\":\"Wie kann ich mit der excel-verkn\u00fcpfung hochstellen?\"}]},{\"@type\":\"WebSite\",\"@id\":\"https:\/\/exceladvisor.org\/de\/#website\",\"url\":\"https:\/\/exceladvisor.org\/de\/\",\"name\":\"Excel Advisor\",\"description\":\"Ihr Leitfaden zur Datendominanz\",\"publisher\":{\"@id\":\"https:\/\/exceladvisor.org\/de\/#organization\"},\"potentialAction\":[{\"@type\":\"SearchAction\",\"target\":{\"@type\":\"EntryPoint\",\"urlTemplate\":\"https:\/\/exceladvisor.org\/de\/?s={search_term_string}\"},\"query-input\":{\"@type\":\"PropertyValueSpecification\",\"valueRequired\":true,\"valueName\":\"search_term_string\"}}],\"inLanguage\":\"de\"},{\"@type\":\"Organization\",\"@id\":\"https:\/\/exceladvisor.org\/de\/#organization\",\"name\":\"Excel Advisor\",\"url\":\"https:\/\/exceladvisor.org\/de\/\",\"logo\":{\"@type\":\"ImageObject\",\"inLanguage\":\"de\",\"@id\":\"https:\/\/exceladvisor.org\/de\/#\/schema\/logo\/image\/\",\"url\":\"https:\/\/exceladvisor.org\/de\/wp-content\/uploads\/2023\/11\/exceladvisor.org_.png\",\"contentUrl\":\"https:\/\/exceladvisor.org\/de\/wp-content\/uploads\/2023\/11\/exceladvisor.org_.png\",\"width\":105,\"height\":36,\"caption\":\"Excel Advisor\"},\"image\":{\"@id\":\"https:\/\/exceladvisor.org\/de\/#\/schema\/logo\/image\/\"}}]}<\/script>\n<!-- \/ Yoast SEO plugin. -->","yoast_head_json":{"title":"\u25b7 Wie kann ich mit der Excel-Verkn\u00fcpfung hochstellen?","description":"Erfahren Sie, wie Sie mithilfe einer Tastenkombination einen Exponenten in einem Arbeitsblatt in Excel anwenden. Lassen Sie uns das \u00fcberpr\u00fcfen ...","robots":{"index":"index","follow":"follow","max-snippet":"max-snippet:-1","max-image-preview":"max-image-preview:large","max-video-preview":"max-video-preview:-1"},"canonical":"https:\/\/exceladvisor.org\/de\/exponent\/","og_locale":"de_DE","og_type":"article","og_title":"\u25b7 Wie kann ich mit der Excel-Verkn\u00fcpfung hochstellen?","og_description":"Erfahren Sie, wie Sie mithilfe einer Tastenkombination einen Exponenten in einem Arbeitsblatt in Excel anwenden. Lassen Sie uns das \u00fcberpr\u00fcfen ...","og_url":"https:\/\/exceladvisor.org\/de\/exponent\/","og_site_name":"Excel Advisor","article_modified_time":"2023-12-03T11:21:59+00:00","og_image":[{"url":"https:\/\/exceladvisor.org\/wp-content\/uploads\/2023\/08\/1-raccourci-vers-lexposant.png","type":"","width":"","height":""}],"twitter_card":"summary_large_image","twitter_misc":{"Gesch\u00e4tzte Lesezeit":"1\u00a0Minute"},"schema":{"@context":"https:\/\/schema.org","@graph":[{"@type":"WebPage","@id":"https:\/\/exceladvisor.org\/de\/exponent\/","url":"https:\/\/exceladvisor.org\/de\/exponent\/","name":"\u25b7 Wie kann ich mit der Excel-Verkn\u00fcpfung hochstellen?","isPartOf":{"@id":"https:\/\/exceladvisor.org\/de\/#website"},"primaryImageOfPage":{"@id":"https:\/\/exceladvisor.org\/de\/exponent\/#primaryimage"},"image":{"@id":"https:\/\/exceladvisor.org\/de\/exponent\/#primaryimage"},"thumbnailUrl":"https:\/\/exceladvisor.org\/wp-content\/uploads\/2023\/08\/1-raccourci-vers-lexposant.png","datePublished":"2023-10-21T07:50:53+00:00","dateModified":"2023-12-03T11:21:59+00:00","description":"Erfahren Sie, wie Sie mithilfe einer Tastenkombination einen Exponenten in einem Arbeitsblatt in Excel anwenden. Lassen Sie uns das \u00fcberpr\u00fcfen ...","breadcrumb":{"@id":"https:\/\/exceladvisor.org\/de\/exponent\/#breadcrumb"},"inLanguage":"de","potentialAction":[{"@type":"ReadAction","target":["https:\/\/exceladvisor.org\/de\/exponent\/"]}]},{"@type":"ImageObject","inLanguage":"de","@id":"https:\/\/exceladvisor.org\/de\/exponent\/#primaryimage","url":"https:\/\/exceladvisor.org\/wp-content\/uploads\/2023\/08\/1-raccourci-vers-lexposant.png","contentUrl":"https:\/\/exceladvisor.org\/wp-content\/uploads\/2023\/08\/1-raccourci-vers-lexposant.png"},{"@type":"BreadcrumbList","@id":"https:\/\/exceladvisor.org\/de\/exponent\/#breadcrumb","itemListElement":[{"@type":"ListItem","position":1,"name":"Accueil","item":"https:\/\/exceladvisor.org\/de\/"},{"@type":"ListItem","position":2,"name":"Wie kann ich mit der excel-verkn\u00fcpfung hochstellen?"}]},{"@type":"WebSite","@id":"https:\/\/exceladvisor.org\/de\/#website","url":"https:\/\/exceladvisor.org\/de\/","name":"Excel Advisor","description":"Ihr Leitfaden zur Datendominanz","publisher":{"@id":"https:\/\/exceladvisor.org\/de\/#organization"},"potentialAction":[{"@type":"SearchAction","target":{"@type":"EntryPoint","urlTemplate":"https:\/\/exceladvisor.org\/de\/?s={search_term_string}"},"query-input":{"@type":"PropertyValueSpecification","valueRequired":true,"valueName":"search_term_string"}}],"inLanguage":"de"},{"@type":"Organization","@id":"https:\/\/exceladvisor.org\/de\/#organization","name":"Excel Advisor","url":"https:\/\/exceladvisor.org\/de\/","logo":{"@type":"ImageObject","inLanguage":"de","@id":"https:\/\/exceladvisor.org\/de\/#\/schema\/logo\/image\/","url":"https:\/\/exceladvisor.org\/de\/wp-content\/uploads\/2023\/11\/exceladvisor.org_.png","contentUrl":"https:\/\/exceladvisor.org\/de\/wp-content\/uploads\/2023\/11\/exceladvisor.org_.png","width":105,"height":36,"caption":"Excel Advisor"},"image":{"@id":"https:\/\/exceladvisor.org\/de\/#\/schema\/logo\/image\/"}}]}},"yoast_meta":{"yoast_wpseo_title":"","yoast_wpseo_metadesc":"","yoast_wpseo_canonical":""},"_links":{"self":[{"href":"https:\/\/exceladvisor.org\/de\/wp-json\/wp\/v2\/pages\/3562","targetHints":{"allow":["GET"]}}],"collection":[{"href":"https:\/\/exceladvisor.org\/de\/wp-json\/wp\/v2\/pages"}],"about":[{"href":"https:\/\/exceladvisor.org\/de\/wp-json\/wp\/v2\/types\/page"}],"author":[{"embeddable":true,"href":"https:\/\/exceladvisor.org\/de\/wp-json\/wp\/v2\/users\/1"}],"replies":[{"embeddable":true,"href":"https:\/\/exceladvisor.org\/de\/wp-json\/wp\/v2\/comments?post=3562"}],"version-history":[{"count":1,"href":"https:\/\/exceladvisor.org\/de\/wp-json\/wp\/v2\/pages\/3562\/revisions"}],"predecessor-version":[{"id":4094,"href":"https:\/\/exceladvisor.org\/de\/wp-json\/wp\/v2\/pages\/3562\/revisions\/4094"}],"wp:attachment":[{"href":"https:\/\/exceladvisor.org\/de\/wp-json\/wp\/v2\/media?parent=3562"}],"curies":[{"name":"wp","href":"https:\/\/api.w.org\/{rel}","templated":true}]}}