{"id":3563,"date":"2023-10-20T23:41:23","date_gmt":"2023-10-20T23:41:23","guid":{"rendered":"https:\/\/exceladvisor.org\/de\/vollbild\/"},"modified":"2023-12-03T11:12:26","modified_gmt":"2023-12-03T11:12:26","slug":"vollbild","status":"publish","type":"page","link":"https:\/\/exceladvisor.org\/de\/vollbild\/","title":{"rendered":"Excel-tastenkombination f\u00fcr den vollbildmodus"},"content":{"rendered":"<div class=\"excel-vor-dem-inhalt\" id=\"excel-3883715165\"><script type=\"text\/javascript\">\r\n\tatOptions = {\r\n\t\t'key' : 'c1158f160081d6540a8409e6925dab94',\r\n\t\t'format' : 'iframe',\r\n\t\t'height' : 250,\r\n\t\t'width' : 300,\r\n\t\t'params' : {}\r\n\t};\r\n<\/script>\r\n<script type=\"text\/javascript\" src=\"\/\/www.highperformanceformat.com\/c1158f160081d6540a8409e6925dab94\/invoke.js\"><\/script><\/div> <p>Beim Vollbildmodus in Excel werden die Symbolleiste, das Men\u00fcband und die Statusleiste ausgeblendet und nur das Arbeitsblatt auf dem Bildschirm angezeigt, was mehr Platz f\u00fcr das Arbeitsblatt und damit mehr sichtbare Zeilen bedeutet.<\/p><p> In Excel sind auf dem Arbeitsblatt immer eine Symbolleiste, ein Men\u00fcband, eine Formelleiste und eine Statusleiste sichtbar, die Platz auf dem Bildschirm enthalten. Bei Bedarf k\u00f6nnen Sie die Arbeitsblattansicht von der Normalansicht in die Vollbildansicht \u00e4ndern, indem Sie diese Symbolleiste ausblenden. Multifunktionsleiste und Statusleiste, um mehr Platz auf dem Bildschirm zu schaffen und mehr Zeilen sichtbar zu machen.<\/p><p> In Excel 2016 und h\u00f6heren Versionen k\u00f6nnen Sie die Tastenkombination verwenden, um die Symbolleiste, das Men\u00fcband und die Statusleiste auszublenden, um das Arbeitsblatt in eine Vollbildansicht umzuwandeln. <\/p><div class=\"wp-block-image\"><figure class=\"aligncenter size-full is-resized\"><img loading=\"lazy\" decoding=\"async\" class=\"wp-image-70436\" src=\"https:\/\/exceladvisor.org\/wp-content\/uploads\/2023\/08\/1-feuille-de-calcul-vue-normale.png\" sizes=\"auto, \" srcset=\"\" alt=\"Tabellenkalkulation-Normalansicht\" width=\"774\" height=\"235\"><\/figure><\/div><h2 class=\"wp-block-heading\"> Tastenkombination zum Vollbildmodus in Excel<\/h2><p> <kbd>Strg<\/kbd> + <kbd>Umschalt<\/kbd> + <kbd>F1<\/kbd> <\/p><div class=\"wp-block-image\"><figure class=\"aligncenter size-full is-resized\"><img loading=\"lazy\" decoding=\"async\" class=\"wp-image-70437\" src=\"https:\/\/exceladvisor.org\/wp-content\/uploads\/2023\/08\/2-raccourcis-pour-faire-une-vue-complete-de-la-feuille.png\" sizes=\"auto, \" srcset=\"\" alt=\"Shortcut-to-create-sheet-full-view\" width=\"781\" height=\"306\"><\/figure><\/div><h2 class=\"wp-block-heading\"> Schritte zum Erstellen einer Vollbildansicht mithilfe einer Tastenkombination<\/h2><ul><li> Navigieren Sie zu der Tabelle, die Sie im Vollbildmodus anzeigen m\u00f6chten.<\/li><li> Dr\u00fccken Sie nun die Tasten \u201eStrg + Umschalt + F1\u201c, um die Symbolleiste, das Men\u00fcband und die Statusleiste auszublenden und die Tabelle im Vollbildmodus anzuzeigen.<\/li><li> Um zur Normalansicht zur\u00fcckzukehren, dr\u00fccken Sie erneut die Tasten \u201eStrg + Umschalt + F1\u201c. Ihr Arbeitsblatt wird durch die Normalansicht ersetzt, in der die Symbolleiste, das Men\u00fcband und die Statusleiste sichtbar sind. <\/li><\/ul><div class=\"wp-block-image\"><figure class=\"aligncenter size-full is-resized\"><img loading=\"lazy\" decoding=\"async\" class=\"wp-image-70438\" src=\"https:\/\/exceladvisor.org\/wp-content\/uploads\/2023\/08\/3-feuilles-de-calcul-en-plein-ecran.png\" sizes=\"auto, \" srcset=\"\" alt=\"Tabellenkalkulations-Vollansicht\" width=\"808\" height=\"181\"><\/figure><\/div><div class=\"wp-block-group more-tutorials is-layout-flow\"><div class=\"wp-block-group__inner-container\"><h2 class=\"wp-block-heading\"> Weitere Tutorials <\/h2><div class=\"wp-block-columns is-layout-flex wp-container-11\"><div class=\"wp-block-column is-layout-flow\"><ul><li> <a href=\"https:\/\/exceladvisor.org\/de\/schliessen\/\">Schlie\u00dfen<\/a><\/li><li> <a href=\"https:\/\/exceladvisor.org\/de\/band\/\">Band<\/a><\/li><li> <a href=\"https:\/\/exceladvisor.org\/de\/druckvorschau-1\/\">Vorschau vor dem Drucken<\/a><\/li><\/ul><\/div><div class=\"wp-block-column is-layout-flow\"><ul><li> <a href=\"https:\/\/exceladvisor.org\/de\/speichern-als\/\">Speichern als<\/a><\/li><li> <a href=\"https:\/\/exceladvisor.org\/de\/tab-wechseln\/\">Tab wechseln<\/a><\/li><li> <a href=\"https:\/\/exceladvisor.org\/de\/ruckgangig-wiederholen\/\">R\u00fcckg\u00e4ngig machen und wiederholen<\/a><\/li><\/ul><\/div><\/div><\/div><\/div>","protected":false},"excerpt":{"rendered":"","protected":false},"author":1,"featured_media":0,"parent":0,"menu_order":0,"comment_status":"open","ping_status":"closed","template":"","meta":{"ub_ctt_via":"","footnotes":""},"class_list":["post-3563","page","type-page","status-publish","hentry"],"featured_image_src":null,"yoast_head":"<!-- This site is optimized with the Yoast SEO plugin v25.4 - https:\/\/yoast.com\/wordpress\/plugins\/seo\/ -->\n<title>Was ist eine Tastenkombination zum Vollbildmodus in Excel?<\/title>\n<meta name=\"description\" content=\"In diesem Tutorial erfahren Sie, wie Sie eine Tastenkombination verwenden, um in Excel den Vollbildmodus anzuzeigen.\" \/>\n<meta name=\"robots\" content=\"index, follow, max-snippet:-1, max-image-preview:large, max-video-preview:-1\" \/>\n<link rel=\"canonical\" href=\"https:\/\/exceladvisor.org\/de\/vollbild\/\" \/>\n<meta property=\"og:locale\" content=\"de_DE\" \/>\n<meta property=\"og:type\" content=\"article\" \/>\n<meta property=\"og:title\" content=\"Was ist eine Tastenkombination zum Vollbildmodus in Excel?\" \/>\n<meta property=\"og:description\" content=\"In diesem Tutorial erfahren Sie, wie Sie eine Tastenkombination verwenden, um in Excel den Vollbildmodus anzuzeigen.\" \/>\n<meta property=\"og:url\" content=\"https:\/\/exceladvisor.org\/de\/vollbild\/\" \/>\n<meta property=\"og:site_name\" content=\"Excel Advisor\" \/>\n<meta property=\"article:modified_time\" content=\"2023-12-03T11:12:26+00:00\" \/>\n<meta property=\"og:image\" content=\"https:\/\/exceladvisor.org\/wp-content\/uploads\/2023\/08\/1-feuille-de-calcul-vue-normale.png\" \/>\n<meta name=\"twitter:card\" content=\"summary_large_image\" \/>\n<meta name=\"twitter:label1\" content=\"Gesch\u00e4tzte Lesezeit\" \/>\n\t<meta name=\"twitter:data1\" content=\"1\u00a0Minute\" \/>\n<script type=\"application\/ld+json\" class=\"yoast-schema-graph\">{\"@context\":\"https:\/\/schema.org\",\"@graph\":[{\"@type\":\"WebPage\",\"@id\":\"https:\/\/exceladvisor.org\/de\/vollbild\/\",\"url\":\"https:\/\/exceladvisor.org\/de\/vollbild\/\",\"name\":\"Was ist eine Tastenkombination zum Vollbildmodus in Excel?\",\"isPartOf\":{\"@id\":\"https:\/\/exceladvisor.org\/de\/#website\"},\"primaryImageOfPage\":{\"@id\":\"https:\/\/exceladvisor.org\/de\/vollbild\/#primaryimage\"},\"image\":{\"@id\":\"https:\/\/exceladvisor.org\/de\/vollbild\/#primaryimage\"},\"thumbnailUrl\":\"https:\/\/exceladvisor.org\/wp-content\/uploads\/2023\/08\/1-feuille-de-calcul-vue-normale.png\",\"datePublished\":\"2023-10-20T23:41:23+00:00\",\"dateModified\":\"2023-12-03T11:12:26+00:00\",\"description\":\"In diesem Tutorial erfahren Sie, wie Sie eine Tastenkombination verwenden, um in Excel den Vollbildmodus anzuzeigen.\",\"breadcrumb\":{\"@id\":\"https:\/\/exceladvisor.org\/de\/vollbild\/#breadcrumb\"},\"inLanguage\":\"de\",\"potentialAction\":[{\"@type\":\"ReadAction\",\"target\":[\"https:\/\/exceladvisor.org\/de\/vollbild\/\"]}]},{\"@type\":\"ImageObject\",\"inLanguage\":\"de\",\"@id\":\"https:\/\/exceladvisor.org\/de\/vollbild\/#primaryimage\",\"url\":\"https:\/\/exceladvisor.org\/wp-content\/uploads\/2023\/08\/1-feuille-de-calcul-vue-normale.png\",\"contentUrl\":\"https:\/\/exceladvisor.org\/wp-content\/uploads\/2023\/08\/1-feuille-de-calcul-vue-normale.png\"},{\"@type\":\"BreadcrumbList\",\"@id\":\"https:\/\/exceladvisor.org\/de\/vollbild\/#breadcrumb\",\"itemListElement\":[{\"@type\":\"ListItem\",\"position\":1,\"name\":\"Accueil\",\"item\":\"https:\/\/exceladvisor.org\/de\/\"},{\"@type\":\"ListItem\",\"position\":2,\"name\":\"Excel-tastenkombination f\u00fcr den vollbildmodus\"}]},{\"@type\":\"WebSite\",\"@id\":\"https:\/\/exceladvisor.org\/de\/#website\",\"url\":\"https:\/\/exceladvisor.org\/de\/\",\"name\":\"Excel Advisor\",\"description\":\"Ihr Leitfaden zur Datendominanz\",\"publisher\":{\"@id\":\"https:\/\/exceladvisor.org\/de\/#organization\"},\"potentialAction\":[{\"@type\":\"SearchAction\",\"target\":{\"@type\":\"EntryPoint\",\"urlTemplate\":\"https:\/\/exceladvisor.org\/de\/?s={search_term_string}\"},\"query-input\":{\"@type\":\"PropertyValueSpecification\",\"valueRequired\":true,\"valueName\":\"search_term_string\"}}],\"inLanguage\":\"de\"},{\"@type\":\"Organization\",\"@id\":\"https:\/\/exceladvisor.org\/de\/#organization\",\"name\":\"Excel Advisor\",\"url\":\"https:\/\/exceladvisor.org\/de\/\",\"logo\":{\"@type\":\"ImageObject\",\"inLanguage\":\"de\",\"@id\":\"https:\/\/exceladvisor.org\/de\/#\/schema\/logo\/image\/\",\"url\":\"https:\/\/exceladvisor.org\/de\/wp-content\/uploads\/2023\/11\/exceladvisor.org_.png\",\"contentUrl\":\"https:\/\/exceladvisor.org\/de\/wp-content\/uploads\/2023\/11\/exceladvisor.org_.png\",\"width\":105,\"height\":36,\"caption\":\"Excel Advisor\"},\"image\":{\"@id\":\"https:\/\/exceladvisor.org\/de\/#\/schema\/logo\/image\/\"}}]}<\/script>\n<!-- \/ Yoast SEO plugin. -->","yoast_head_json":{"title":"Was ist eine Tastenkombination zum Vollbildmodus in Excel?","description":"In diesem Tutorial erfahren Sie, wie Sie eine Tastenkombination verwenden, um in Excel den Vollbildmodus anzuzeigen.","robots":{"index":"index","follow":"follow","max-snippet":"max-snippet:-1","max-image-preview":"max-image-preview:large","max-video-preview":"max-video-preview:-1"},"canonical":"https:\/\/exceladvisor.org\/de\/vollbild\/","og_locale":"de_DE","og_type":"article","og_title":"Was ist eine Tastenkombination zum Vollbildmodus in Excel?","og_description":"In diesem Tutorial erfahren Sie, wie Sie eine Tastenkombination verwenden, um in Excel den Vollbildmodus anzuzeigen.","og_url":"https:\/\/exceladvisor.org\/de\/vollbild\/","og_site_name":"Excel Advisor","article_modified_time":"2023-12-03T11:12:26+00:00","og_image":[{"url":"https:\/\/exceladvisor.org\/wp-content\/uploads\/2023\/08\/1-feuille-de-calcul-vue-normale.png","type":"","width":"","height":""}],"twitter_card":"summary_large_image","twitter_misc":{"Gesch\u00e4tzte Lesezeit":"1\u00a0Minute"},"schema":{"@context":"https:\/\/schema.org","@graph":[{"@type":"WebPage","@id":"https:\/\/exceladvisor.org\/de\/vollbild\/","url":"https:\/\/exceladvisor.org\/de\/vollbild\/","name":"Was ist eine Tastenkombination zum Vollbildmodus in Excel?","isPartOf":{"@id":"https:\/\/exceladvisor.org\/de\/#website"},"primaryImageOfPage":{"@id":"https:\/\/exceladvisor.org\/de\/vollbild\/#primaryimage"},"image":{"@id":"https:\/\/exceladvisor.org\/de\/vollbild\/#primaryimage"},"thumbnailUrl":"https:\/\/exceladvisor.org\/wp-content\/uploads\/2023\/08\/1-feuille-de-calcul-vue-normale.png","datePublished":"2023-10-20T23:41:23+00:00","dateModified":"2023-12-03T11:12:26+00:00","description":"In diesem Tutorial erfahren Sie, wie Sie eine Tastenkombination verwenden, um in Excel den Vollbildmodus anzuzeigen.","breadcrumb":{"@id":"https:\/\/exceladvisor.org\/de\/vollbild\/#breadcrumb"},"inLanguage":"de","potentialAction":[{"@type":"ReadAction","target":["https:\/\/exceladvisor.org\/de\/vollbild\/"]}]},{"@type":"ImageObject","inLanguage":"de","@id":"https:\/\/exceladvisor.org\/de\/vollbild\/#primaryimage","url":"https:\/\/exceladvisor.org\/wp-content\/uploads\/2023\/08\/1-feuille-de-calcul-vue-normale.png","contentUrl":"https:\/\/exceladvisor.org\/wp-content\/uploads\/2023\/08\/1-feuille-de-calcul-vue-normale.png"},{"@type":"BreadcrumbList","@id":"https:\/\/exceladvisor.org\/de\/vollbild\/#breadcrumb","itemListElement":[{"@type":"ListItem","position":1,"name":"Accueil","item":"https:\/\/exceladvisor.org\/de\/"},{"@type":"ListItem","position":2,"name":"Excel-tastenkombination f\u00fcr den vollbildmodus"}]},{"@type":"WebSite","@id":"https:\/\/exceladvisor.org\/de\/#website","url":"https:\/\/exceladvisor.org\/de\/","name":"Excel Advisor","description":"Ihr Leitfaden zur Datendominanz","publisher":{"@id":"https:\/\/exceladvisor.org\/de\/#organization"},"potentialAction":[{"@type":"SearchAction","target":{"@type":"EntryPoint","urlTemplate":"https:\/\/exceladvisor.org\/de\/?s={search_term_string}"},"query-input":{"@type":"PropertyValueSpecification","valueRequired":true,"valueName":"search_term_string"}}],"inLanguage":"de"},{"@type":"Organization","@id":"https:\/\/exceladvisor.org\/de\/#organization","name":"Excel Advisor","url":"https:\/\/exceladvisor.org\/de\/","logo":{"@type":"ImageObject","inLanguage":"de","@id":"https:\/\/exceladvisor.org\/de\/#\/schema\/logo\/image\/","url":"https:\/\/exceladvisor.org\/de\/wp-content\/uploads\/2023\/11\/exceladvisor.org_.png","contentUrl":"https:\/\/exceladvisor.org\/de\/wp-content\/uploads\/2023\/11\/exceladvisor.org_.png","width":105,"height":36,"caption":"Excel Advisor"},"image":{"@id":"https:\/\/exceladvisor.org\/de\/#\/schema\/logo\/image\/"}}]}},"yoast_meta":{"yoast_wpseo_title":"","yoast_wpseo_metadesc":"","yoast_wpseo_canonical":""},"_links":{"self":[{"href":"https:\/\/exceladvisor.org\/de\/wp-json\/wp\/v2\/pages\/3563","targetHints":{"allow":["GET"]}}],"collection":[{"href":"https:\/\/exceladvisor.org\/de\/wp-json\/wp\/v2\/pages"}],"about":[{"href":"https:\/\/exceladvisor.org\/de\/wp-json\/wp\/v2\/types\/page"}],"author":[{"embeddable":true,"href":"https:\/\/exceladvisor.org\/de\/wp-json\/wp\/v2\/users\/1"}],"replies":[{"embeddable":true,"href":"https:\/\/exceladvisor.org\/de\/wp-json\/wp\/v2\/comments?post=3563"}],"version-history":[{"count":1,"href":"https:\/\/exceladvisor.org\/de\/wp-json\/wp\/v2\/pages\/3563\/revisions"}],"predecessor-version":[{"id":3758,"href":"https:\/\/exceladvisor.org\/de\/wp-json\/wp\/v2\/pages\/3563\/revisions\/3758"}],"wp:attachment":[{"href":"https:\/\/exceladvisor.org\/de\/wp-json\/wp\/v2\/media?parent=3563"}],"curies":[{"name":"wp","href":"https:\/\/api.w.org\/{rel}","templated":true}]}}