{"id":3564,"date":"2023-10-20T22:21:51","date_gmt":"2023-10-20T22:21:51","guid":{"rendered":"https:\/\/exceladvisor.org\/de\/eine-zelle-einfugen\/"},"modified":"2023-12-03T11:20:44","modified_gmt":"2023-12-03T11:20:44","slug":"eine-zelle-einfugen","status":"publish","type":"page","link":"https:\/\/exceladvisor.org\/de\/eine-zelle-einfugen\/","title":{"rendered":"Wie f\u00fcge ich eine zelle mit einer excel-verkn\u00fcpfung ein?"},"content":{"rendered":"<div class=\"excel-vor-dem-inhalt\" id=\"excel-198964604\"><script type=\"text\/javascript\">\r\n\tatOptions = {\r\n\t\t'key' : 'c1158f160081d6540a8409e6925dab94',\r\n\t\t'format' : 'iframe',\r\n\t\t'height' : 250,\r\n\t\t'width' : 300,\r\n\t\t'params' : {}\r\n\t};\r\n<\/script>\r\n<script type=\"text\/javascript\" src=\"\/\/www.highperformanceformat.com\/c1158f160081d6540a8409e6925dab94\/invoke.js\"><\/script><\/div> <p>Beim Arbeiten mit den Daten m\u00fcssen Benutzer manchmal nur die Zelle einf\u00fcgen, anstatt die neue Zeile oder Spalte hinzuzuf\u00fcgen, und Benutzer k\u00f6nnen dasselbe mit der Einf\u00fcgeoption tun.<\/p><p> Wie andere Excel-Optionen und -Funktionen k\u00f6nnen Benutzer Zellen manuell mit der Maus oder \u00fcber die Tastenkombination einf\u00fcgen.<\/p><h2 class=\"wp-block-heading\"> Tastenkombination zum Einf\u00fcgen einer Zelle in Excel<\/h2><p> Die Tastenkombination zum Einf\u00fcgen einer bestimmten Zelle oder eines bestimmten Zellbereichs lautet wie folgt:<\/p><p> <kbd>Strg<\/kbd> + <kbd>Umschalt<\/kbd> <kbd>++<\/kbd> <\/p><div class=\"wp-block-image\"><figure class=\"aligncenter size-full is-resized\"><img loading=\"lazy\" decoding=\"async\" class=\"wp-image-72797\" src=\"https:\/\/exceladvisor.org\/wp-content\/uploads\/2023\/08\/1-touche-de-raccourci-dinsertion-de-cellule.png\" sizes=\"auto, \" srcset=\"\" alt=\"Geben Sie die Tastenkombination f\u00fcr die Zelle ein\" width=\"746\" height=\"292\"><\/figure><\/div><h2 class=\"wp-block-heading\"> Schritte zum Einf\u00fcgen einer Zelle mithilfe einer Tastenkombination<\/h2><ol><li> Gehen Sie zun\u00e4chst zu der Zelle \u00fcber oder links von der Sie die neue leere Zelle einf\u00fcgen m\u00f6chten.<\/li><li> Danach dr\u00fccken Sie einfach die Tasten \u201eStrg + Umschalt + + (Plus)\u201c gleichzeitig und das Dialogfeld \u201eEinf\u00fcgen\u201c wird ge\u00f6ffnet.<\/li><li> W\u00e4hlen Sie nun die Option aus, an die Sie die Daten verschieben m\u00f6chten, um die neue Zelle einzuf\u00fcgen.<\/li><li> Dr\u00fccken Sie nach der Auswahl die Eingabetaste und die neue Zelle wird eingef\u00fcgt. <\/li><\/ol><div class=\"wp-block-image\"><figure class=\"aligncenter size-full\"><img loading=\"lazy\" decoding=\"async\" class=\"wp-image-72798\" src=\"https:\/\/exceladvisor.org\/wp-content\/uploads\/2023\/08\/2-boite-de-dialogue-dinsertion.png\" sizes=\"auto, \" srcset=\"\" alt=\"Dialog einf\u00fcgen\" width=\"220\" height=\"231\"><\/figure><\/div><p class=\"qt-tip\"> Hinweis: Wenn sich Ihre Daten im Tabellenbereich befinden, funktioniert die Option \u201eNur Zelle einf\u00fcgen\u201c nicht und es wird eine Zeile oder Spalte hinzugef\u00fcgt. <\/p><div class=\"wp-block-group more-tutorials is-layout-flow\"><div class=\"wp-block-group__inner-container\"><h2 class=\"wp-block-heading\"> Weitere Tutorials <\/h2><div class=\"wp-block-columns is-layout-flex wp-container-143\"><div class=\"wp-block-column is-layout-flow\"><ul><li> <a href=\"https:\/\/exceladvisor.org\/de\/spalte-1-hinzufugen\/\">F\u00fcgen Sie eine Spalte hinzu<\/a><\/li><li> <a href=\"https:\/\/exceladvisor.org\/de\/zelle-loschen\/\">Zelle l\u00f6schen<\/a><\/li><li> <a href=\"https:\/\/exceladvisor.org\/de\/zeile-loschen\/\">Zeilen l\u00f6schen<\/a><\/li><li> <a href=\"https:\/\/exceladvisor.org\/de\/zelle-bearbeiten\/\">Zelle bearbeiten<\/a><\/li><\/ul><\/div><\/div><\/div><\/div>","protected":false},"excerpt":{"rendered":"","protected":false},"author":1,"featured_media":0,"parent":0,"menu_order":0,"comment_status":"open","ping_status":"closed","template":"","meta":{"ub_ctt_via":"","footnotes":""},"class_list":["post-3564","page","type-page","status-publish","hentry"],"featured_image_src":null,"yoast_head":"<!-- This site is optimized with the Yoast SEO plugin v25.4 - https:\/\/yoast.com\/wordpress\/plugins\/seo\/ -->\n<title>\u25b7 Wie f\u00fcge ich eine Zelle mithilfe einer Excel-Verkn\u00fcpfung ein?<\/title>\n<meta name=\"description\" content=\"In diesem Tutorial erfahren Sie, wie Sie eine Tastenkombination verwenden, die Sie in Excel zum Einf\u00fcgen einer Zelle verwenden k\u00f6nnen.\" \/>\n<meta name=\"robots\" content=\"index, follow, max-snippet:-1, max-image-preview:large, max-video-preview:-1\" \/>\n<link rel=\"canonical\" href=\"https:\/\/exceladvisor.org\/de\/eine-zelle-einfugen\/\" \/>\n<meta property=\"og:locale\" content=\"de_DE\" \/>\n<meta property=\"og:type\" content=\"article\" \/>\n<meta property=\"og:title\" content=\"\u25b7 Wie f\u00fcge ich eine Zelle mithilfe einer Excel-Verkn\u00fcpfung ein?\" \/>\n<meta property=\"og:description\" content=\"In diesem Tutorial erfahren Sie, wie Sie eine Tastenkombination verwenden, die Sie in Excel zum Einf\u00fcgen einer Zelle verwenden k\u00f6nnen.\" \/>\n<meta property=\"og:url\" content=\"https:\/\/exceladvisor.org\/de\/eine-zelle-einfugen\/\" \/>\n<meta property=\"og:site_name\" content=\"Excel Advisor\" \/>\n<meta property=\"article:modified_time\" content=\"2023-12-03T11:20:44+00:00\" \/>\n<meta property=\"og:image\" content=\"https:\/\/exceladvisor.org\/wp-content\/uploads\/2023\/08\/1-touche-de-raccourci-dinsertion-de-cellule.png\" \/>\n<meta name=\"twitter:card\" content=\"summary_large_image\" \/>\n<meta name=\"twitter:label1\" content=\"Gesch\u00e4tzte Lesezeit\" \/>\n\t<meta name=\"twitter:data1\" content=\"1\u00a0Minute\" \/>\n<script type=\"application\/ld+json\" class=\"yoast-schema-graph\">{\"@context\":\"https:\/\/schema.org\",\"@graph\":[{\"@type\":\"WebPage\",\"@id\":\"https:\/\/exceladvisor.org\/de\/eine-zelle-einfugen\/\",\"url\":\"https:\/\/exceladvisor.org\/de\/eine-zelle-einfugen\/\",\"name\":\"\u25b7 Wie f\u00fcge ich eine Zelle mithilfe einer Excel-Verkn\u00fcpfung ein?\",\"isPartOf\":{\"@id\":\"https:\/\/exceladvisor.org\/de\/#website\"},\"primaryImageOfPage\":{\"@id\":\"https:\/\/exceladvisor.org\/de\/eine-zelle-einfugen\/#primaryimage\"},\"image\":{\"@id\":\"https:\/\/exceladvisor.org\/de\/eine-zelle-einfugen\/#primaryimage\"},\"thumbnailUrl\":\"https:\/\/exceladvisor.org\/wp-content\/uploads\/2023\/08\/1-touche-de-raccourci-dinsertion-de-cellule.png\",\"datePublished\":\"2023-10-20T22:21:51+00:00\",\"dateModified\":\"2023-12-03T11:20:44+00:00\",\"description\":\"In diesem Tutorial erfahren Sie, wie Sie eine Tastenkombination verwenden, die Sie in Excel zum Einf\u00fcgen einer Zelle verwenden k\u00f6nnen.\",\"breadcrumb\":{\"@id\":\"https:\/\/exceladvisor.org\/de\/eine-zelle-einfugen\/#breadcrumb\"},\"inLanguage\":\"de\",\"potentialAction\":[{\"@type\":\"ReadAction\",\"target\":[\"https:\/\/exceladvisor.org\/de\/eine-zelle-einfugen\/\"]}]},{\"@type\":\"ImageObject\",\"inLanguage\":\"de\",\"@id\":\"https:\/\/exceladvisor.org\/de\/eine-zelle-einfugen\/#primaryimage\",\"url\":\"https:\/\/exceladvisor.org\/wp-content\/uploads\/2023\/08\/1-touche-de-raccourci-dinsertion-de-cellule.png\",\"contentUrl\":\"https:\/\/exceladvisor.org\/wp-content\/uploads\/2023\/08\/1-touche-de-raccourci-dinsertion-de-cellule.png\"},{\"@type\":\"BreadcrumbList\",\"@id\":\"https:\/\/exceladvisor.org\/de\/eine-zelle-einfugen\/#breadcrumb\",\"itemListElement\":[{\"@type\":\"ListItem\",\"position\":1,\"name\":\"Accueil\",\"item\":\"https:\/\/exceladvisor.org\/de\/\"},{\"@type\":\"ListItem\",\"position\":2,\"name\":\"Wie f\u00fcge ich eine zelle mit einer excel-verkn\u00fcpfung ein?\"}]},{\"@type\":\"WebSite\",\"@id\":\"https:\/\/exceladvisor.org\/de\/#website\",\"url\":\"https:\/\/exceladvisor.org\/de\/\",\"name\":\"Excel Advisor\",\"description\":\"Ihr Leitfaden zur Datendominanz\",\"publisher\":{\"@id\":\"https:\/\/exceladvisor.org\/de\/#organization\"},\"potentialAction\":[{\"@type\":\"SearchAction\",\"target\":{\"@type\":\"EntryPoint\",\"urlTemplate\":\"https:\/\/exceladvisor.org\/de\/?s={search_term_string}\"},\"query-input\":{\"@type\":\"PropertyValueSpecification\",\"valueRequired\":true,\"valueName\":\"search_term_string\"}}],\"inLanguage\":\"de\"},{\"@type\":\"Organization\",\"@id\":\"https:\/\/exceladvisor.org\/de\/#organization\",\"name\":\"Excel Advisor\",\"url\":\"https:\/\/exceladvisor.org\/de\/\",\"logo\":{\"@type\":\"ImageObject\",\"inLanguage\":\"de\",\"@id\":\"https:\/\/exceladvisor.org\/de\/#\/schema\/logo\/image\/\",\"url\":\"https:\/\/exceladvisor.org\/de\/wp-content\/uploads\/2023\/11\/exceladvisor.org_.png\",\"contentUrl\":\"https:\/\/exceladvisor.org\/de\/wp-content\/uploads\/2023\/11\/exceladvisor.org_.png\",\"width\":105,\"height\":36,\"caption\":\"Excel Advisor\"},\"image\":{\"@id\":\"https:\/\/exceladvisor.org\/de\/#\/schema\/logo\/image\/\"}}]}<\/script>\n<!-- \/ Yoast SEO plugin. -->","yoast_head_json":{"title":"\u25b7 Wie f\u00fcge ich eine Zelle mithilfe einer Excel-Verkn\u00fcpfung ein?","description":"In diesem Tutorial erfahren Sie, wie Sie eine Tastenkombination verwenden, die Sie in Excel zum Einf\u00fcgen einer Zelle verwenden k\u00f6nnen.","robots":{"index":"index","follow":"follow","max-snippet":"max-snippet:-1","max-image-preview":"max-image-preview:large","max-video-preview":"max-video-preview:-1"},"canonical":"https:\/\/exceladvisor.org\/de\/eine-zelle-einfugen\/","og_locale":"de_DE","og_type":"article","og_title":"\u25b7 Wie f\u00fcge ich eine Zelle mithilfe einer Excel-Verkn\u00fcpfung ein?","og_description":"In diesem Tutorial erfahren Sie, wie Sie eine Tastenkombination verwenden, die Sie in Excel zum Einf\u00fcgen einer Zelle verwenden k\u00f6nnen.","og_url":"https:\/\/exceladvisor.org\/de\/eine-zelle-einfugen\/","og_site_name":"Excel Advisor","article_modified_time":"2023-12-03T11:20:44+00:00","og_image":[{"url":"https:\/\/exceladvisor.org\/wp-content\/uploads\/2023\/08\/1-touche-de-raccourci-dinsertion-de-cellule.png","type":"","width":"","height":""}],"twitter_card":"summary_large_image","twitter_misc":{"Gesch\u00e4tzte Lesezeit":"1\u00a0Minute"},"schema":{"@context":"https:\/\/schema.org","@graph":[{"@type":"WebPage","@id":"https:\/\/exceladvisor.org\/de\/eine-zelle-einfugen\/","url":"https:\/\/exceladvisor.org\/de\/eine-zelle-einfugen\/","name":"\u25b7 Wie f\u00fcge ich eine Zelle mithilfe einer Excel-Verkn\u00fcpfung ein?","isPartOf":{"@id":"https:\/\/exceladvisor.org\/de\/#website"},"primaryImageOfPage":{"@id":"https:\/\/exceladvisor.org\/de\/eine-zelle-einfugen\/#primaryimage"},"image":{"@id":"https:\/\/exceladvisor.org\/de\/eine-zelle-einfugen\/#primaryimage"},"thumbnailUrl":"https:\/\/exceladvisor.org\/wp-content\/uploads\/2023\/08\/1-touche-de-raccourci-dinsertion-de-cellule.png","datePublished":"2023-10-20T22:21:51+00:00","dateModified":"2023-12-03T11:20:44+00:00","description":"In diesem Tutorial erfahren Sie, wie Sie eine Tastenkombination verwenden, die Sie in Excel zum Einf\u00fcgen einer Zelle verwenden k\u00f6nnen.","breadcrumb":{"@id":"https:\/\/exceladvisor.org\/de\/eine-zelle-einfugen\/#breadcrumb"},"inLanguage":"de","potentialAction":[{"@type":"ReadAction","target":["https:\/\/exceladvisor.org\/de\/eine-zelle-einfugen\/"]}]},{"@type":"ImageObject","inLanguage":"de","@id":"https:\/\/exceladvisor.org\/de\/eine-zelle-einfugen\/#primaryimage","url":"https:\/\/exceladvisor.org\/wp-content\/uploads\/2023\/08\/1-touche-de-raccourci-dinsertion-de-cellule.png","contentUrl":"https:\/\/exceladvisor.org\/wp-content\/uploads\/2023\/08\/1-touche-de-raccourci-dinsertion-de-cellule.png"},{"@type":"BreadcrumbList","@id":"https:\/\/exceladvisor.org\/de\/eine-zelle-einfugen\/#breadcrumb","itemListElement":[{"@type":"ListItem","position":1,"name":"Accueil","item":"https:\/\/exceladvisor.org\/de\/"},{"@type":"ListItem","position":2,"name":"Wie f\u00fcge ich eine zelle mit einer excel-verkn\u00fcpfung ein?"}]},{"@type":"WebSite","@id":"https:\/\/exceladvisor.org\/de\/#website","url":"https:\/\/exceladvisor.org\/de\/","name":"Excel Advisor","description":"Ihr Leitfaden zur Datendominanz","publisher":{"@id":"https:\/\/exceladvisor.org\/de\/#organization"},"potentialAction":[{"@type":"SearchAction","target":{"@type":"EntryPoint","urlTemplate":"https:\/\/exceladvisor.org\/de\/?s={search_term_string}"},"query-input":{"@type":"PropertyValueSpecification","valueRequired":true,"valueName":"search_term_string"}}],"inLanguage":"de"},{"@type":"Organization","@id":"https:\/\/exceladvisor.org\/de\/#organization","name":"Excel Advisor","url":"https:\/\/exceladvisor.org\/de\/","logo":{"@type":"ImageObject","inLanguage":"de","@id":"https:\/\/exceladvisor.org\/de\/#\/schema\/logo\/image\/","url":"https:\/\/exceladvisor.org\/de\/wp-content\/uploads\/2023\/11\/exceladvisor.org_.png","contentUrl":"https:\/\/exceladvisor.org\/de\/wp-content\/uploads\/2023\/11\/exceladvisor.org_.png","width":105,"height":36,"caption":"Excel Advisor"},"image":{"@id":"https:\/\/exceladvisor.org\/de\/#\/schema\/logo\/image\/"}}]}},"yoast_meta":{"yoast_wpseo_title":"","yoast_wpseo_metadesc":"","yoast_wpseo_canonical":""},"_links":{"self":[{"href":"https:\/\/exceladvisor.org\/de\/wp-json\/wp\/v2\/pages\/3564","targetHints":{"allow":["GET"]}}],"collection":[{"href":"https:\/\/exceladvisor.org\/de\/wp-json\/wp\/v2\/pages"}],"about":[{"href":"https:\/\/exceladvisor.org\/de\/wp-json\/wp\/v2\/types\/page"}],"author":[{"embeddable":true,"href":"https:\/\/exceladvisor.org\/de\/wp-json\/wp\/v2\/users\/1"}],"replies":[{"embeddable":true,"href":"https:\/\/exceladvisor.org\/de\/wp-json\/wp\/v2\/comments?post=3564"}],"version-history":[{"count":1,"href":"https:\/\/exceladvisor.org\/de\/wp-json\/wp\/v2\/pages\/3564\/revisions"}],"predecessor-version":[{"id":4024,"href":"https:\/\/exceladvisor.org\/de\/wp-json\/wp\/v2\/pages\/3564\/revisions\/4024"}],"wp:attachment":[{"href":"https:\/\/exceladvisor.org\/de\/wp-json\/wp\/v2\/media?parent=3564"}],"curies":[{"name":"wp","href":"https:\/\/api.w.org\/{rel}","templated":true}]}}