{"id":3565,"date":"2023-10-20T19:36:46","date_gmt":"2023-10-20T19:36:46","guid":{"rendered":"https:\/\/exceladvisor.org\/de\/gehe-zu\/"},"modified":"2023-12-03T13:04:29","modified_gmt":"2023-12-03T13:04:29","slug":"gehe-zu","status":"publish","type":"page","link":"https:\/\/exceladvisor.org\/de\/gehe-zu\/","title":{"rendered":"Wie \u00f6ffne ich \u201egehe zu\u201c mit der excel-verkn\u00fcpfung?"},"content":{"rendered":"<div class=\"excel-vor-dem-inhalt\" id=\"excel-3323250560\"><script type=\"text\/javascript\">\r\n\tatOptions = {\r\n\t\t'key' : 'c1158f160081d6540a8409e6925dab94',\r\n\t\t'format' : 'iframe',\r\n\t\t'height' : 250,\r\n\t\t'width' : 300,\r\n\t\t'params' : {}\r\n\t};\r\n<\/script>\r\n<script type=\"text\/javascript\" src=\"\/\/www.highperformanceformat.com\/c1158f160081d6540a8409e6925dab94\/invoke.js\"><\/script><\/div> <p>In Excel wird die Option \u201eGehe zu\u201c verwendet, um direkt zu einem beliebigen vorhandenen Namensbereich in der Arbeitsmappe zu springen.<\/p><p> Mit der Option \u201eGehe zu\u201c k\u00f6nnen Benutzer sehr schnell und ohne Wechseln der Registerkarten zu jedem Namensbereich springen, den sie in einem der Bl\u00e4tter der aktuellen Arbeitsmappe haben.<\/p><p> F\u00fcr Benutzer, die an gro\u00dfen Datens\u00e4tzen mit mehreren Namensbereichen und Daten in mehreren Bl\u00e4ttern arbeiten, eignet sich die Option \u201eGehe zu\u201c am besten, um sehr schnell zwischen Namensbereichen zu wechseln.<\/p><h2 class=\"wp-block-heading\"> Tastenkombination zum \u00d6ffnen der Option \u201eGehe zu\u201c in Excel<\/h2><p> <kbd>Strg<\/kbd> + <kbd>G<\/kbd> <\/p><div class=\"wp-block-image\"><figure class=\"aligncenter size-full is-resized\"><img loading=\"lazy\" decoding=\"async\" class=\"wp-image-74585\" src=\"https:\/\/exceladvisor.org\/wp-content\/uploads\/2023\/08\/1-raccourci-pour-ouvrir-aller-a-loption.png\" sizes=\"auto, \" srcset=\"\" alt=\"Verkn\u00fcpfung zum \u00d6ffnen der Gehe-zu-Option\" width=\"749\" height=\"295\"><\/figure><\/div><h2 class=\"wp-block-heading\"> Schritte zum \u00d6ffnen der Option \u201eGehe zu\u201c \u00fcber die Tastenkombination<\/h2><ol><li> Navigieren Sie zun\u00e4chst zur aktuellen Arbeitsmappe und dr\u00fccken Sie einfach gleichzeitig die Tasten \u201eStrg + G\u201c, um das Dialogfeld \u201eGehe zu\u201c zu \u00f6ffnen.<\/li><li> W\u00e4hlen Sie nun den Namensbereich aus den in der aktuellen Arbeitsmappe definierten Namen aus, in den Sie gehen m\u00f6chten, dr\u00fccken Sie dann die Eingabetaste und Sie gelangen direkt zu diesem Namensbereich. <\/li><\/ol><div class=\"wp-block-image\"><figure class=\"aligncenter size-full is-resized\"><img loading=\"lazy\" decoding=\"async\" class=\"wp-image-74586\" src=\"https:\/\/exceladvisor.org\/wp-content\/uploads\/2023\/08\/2-aller-a-la-boite-de-dialogue.png\" sizes=\"auto, \" srcset=\"\" alt=\"Gehe zum Dialog\" width=\"366\" height=\"305\"><\/figure><\/div><div class=\"wp-block-group more-tutorials is-layout-flow\"><div class=\"wp-block-group__inner-container\"><h2 class=\"wp-block-heading\"> Weitere Tutorials <\/h2><div class=\"wp-block-columns is-layout-flex wp-container-118\"><div class=\"wp-block-column is-layout-flow\"><ul><li> <a href=\"https:\/\/exceladvisor.org\/de\/absolute-referenz\/\">Absolute Referenz<\/a><\/li><li> <a href=\"https:\/\/exceladvisor.org\/de\/kopieren-einfugen\/\">Kopieren und Einf\u00fcgen<\/a><\/li><li> <a href=\"https:\/\/exceladvisor.org\/de\/ausschneiden-und-einfugen\/\">Ausschneiden und Einf\u00fcgen<\/a><\/li><li> Zellen sperren<\/li><\/ul><\/div><\/div><\/div><\/div>","protected":false},"excerpt":{"rendered":"","protected":false},"author":1,"featured_media":0,"parent":0,"menu_order":0,"comment_status":"open","ping_status":"closed","template":"","meta":{"ub_ctt_via":"","footnotes":""},"class_list":["post-3565","page","type-page","status-publish","hentry"],"featured_image_src":null,"yoast_head":"<!-- This site is optimized with the Yoast SEO plugin v25.4 - https:\/\/yoast.com\/wordpress\/plugins\/seo\/ -->\n<title>\u25b7 Wie \u00f6ffne ich \u201eGehe zu\u201c mit der Excel-Verkn\u00fcpfung?<\/title>\n<meta name=\"description\" content=\"Lernen Sie die Tastenkombination zum \u00d6ffnen der Option \u201eGehe zu\u201c. Sie werden auch einige der wichtigen Punkte im Zusammenhang mit ... behandeln.\" \/>\n<meta name=\"robots\" content=\"index, follow, max-snippet:-1, max-image-preview:large, max-video-preview:-1\" \/>\n<link rel=\"canonical\" href=\"https:\/\/exceladvisor.org\/de\/gehe-zu\/\" \/>\n<meta property=\"og:locale\" content=\"de_DE\" \/>\n<meta property=\"og:type\" content=\"article\" \/>\n<meta property=\"og:title\" content=\"\u25b7 Wie \u00f6ffne ich \u201eGehe zu\u201c mit der Excel-Verkn\u00fcpfung?\" \/>\n<meta property=\"og:description\" content=\"Lernen Sie die Tastenkombination zum \u00d6ffnen der Option \u201eGehe zu\u201c. Sie werden auch einige der wichtigen Punkte im Zusammenhang mit ... behandeln.\" \/>\n<meta property=\"og:url\" content=\"https:\/\/exceladvisor.org\/de\/gehe-zu\/\" \/>\n<meta property=\"og:site_name\" content=\"Excel Advisor\" \/>\n<meta property=\"article:modified_time\" content=\"2023-12-03T13:04:29+00:00\" \/>\n<meta property=\"og:image\" content=\"https:\/\/exceladvisor.org\/wp-content\/uploads\/2023\/08\/1-raccourci-pour-ouvrir-aller-a-loption.png\" \/>\n<meta name=\"twitter:card\" content=\"summary_large_image\" \/>\n<meta name=\"twitter:label1\" content=\"Gesch\u00e4tzte Lesezeit\" \/>\n\t<meta name=\"twitter:data1\" content=\"1\u00a0Minute\" \/>\n<script type=\"application\/ld+json\" class=\"yoast-schema-graph\">{\"@context\":\"https:\/\/schema.org\",\"@graph\":[{\"@type\":\"WebPage\",\"@id\":\"https:\/\/exceladvisor.org\/de\/gehe-zu\/\",\"url\":\"https:\/\/exceladvisor.org\/de\/gehe-zu\/\",\"name\":\"\u25b7 Wie \u00f6ffne ich \u201eGehe zu\u201c mit der Excel-Verkn\u00fcpfung?\",\"isPartOf\":{\"@id\":\"https:\/\/exceladvisor.org\/de\/#website\"},\"primaryImageOfPage\":{\"@id\":\"https:\/\/exceladvisor.org\/de\/gehe-zu\/#primaryimage\"},\"image\":{\"@id\":\"https:\/\/exceladvisor.org\/de\/gehe-zu\/#primaryimage\"},\"thumbnailUrl\":\"https:\/\/exceladvisor.org\/wp-content\/uploads\/2023\/08\/1-raccourci-pour-ouvrir-aller-a-loption.png\",\"datePublished\":\"2023-10-20T19:36:46+00:00\",\"dateModified\":\"2023-12-03T13:04:29+00:00\",\"description\":\"Lernen Sie die Tastenkombination zum \u00d6ffnen der Option \u201eGehe zu\u201c. Sie werden auch einige der wichtigen Punkte im Zusammenhang mit ... behandeln.\",\"breadcrumb\":{\"@id\":\"https:\/\/exceladvisor.org\/de\/gehe-zu\/#breadcrumb\"},\"inLanguage\":\"de\",\"potentialAction\":[{\"@type\":\"ReadAction\",\"target\":[\"https:\/\/exceladvisor.org\/de\/gehe-zu\/\"]}]},{\"@type\":\"ImageObject\",\"inLanguage\":\"de\",\"@id\":\"https:\/\/exceladvisor.org\/de\/gehe-zu\/#primaryimage\",\"url\":\"https:\/\/exceladvisor.org\/wp-content\/uploads\/2023\/08\/1-raccourci-pour-ouvrir-aller-a-loption.png\",\"contentUrl\":\"https:\/\/exceladvisor.org\/wp-content\/uploads\/2023\/08\/1-raccourci-pour-ouvrir-aller-a-loption.png\"},{\"@type\":\"BreadcrumbList\",\"@id\":\"https:\/\/exceladvisor.org\/de\/gehe-zu\/#breadcrumb\",\"itemListElement\":[{\"@type\":\"ListItem\",\"position\":1,\"name\":\"Accueil\",\"item\":\"https:\/\/exceladvisor.org\/de\/\"},{\"@type\":\"ListItem\",\"position\":2,\"name\":\"Wie \u00f6ffne ich \u201egehe zu\u201c mit der excel-verkn\u00fcpfung?\"}]},{\"@type\":\"WebSite\",\"@id\":\"https:\/\/exceladvisor.org\/de\/#website\",\"url\":\"https:\/\/exceladvisor.org\/de\/\",\"name\":\"Excel Advisor\",\"description\":\"Ihr Leitfaden zur Datendominanz\",\"publisher\":{\"@id\":\"https:\/\/exceladvisor.org\/de\/#organization\"},\"potentialAction\":[{\"@type\":\"SearchAction\",\"target\":{\"@type\":\"EntryPoint\",\"urlTemplate\":\"https:\/\/exceladvisor.org\/de\/?s={search_term_string}\"},\"query-input\":{\"@type\":\"PropertyValueSpecification\",\"valueRequired\":true,\"valueName\":\"search_term_string\"}}],\"inLanguage\":\"de\"},{\"@type\":\"Organization\",\"@id\":\"https:\/\/exceladvisor.org\/de\/#organization\",\"name\":\"Excel Advisor\",\"url\":\"https:\/\/exceladvisor.org\/de\/\",\"logo\":{\"@type\":\"ImageObject\",\"inLanguage\":\"de\",\"@id\":\"https:\/\/exceladvisor.org\/de\/#\/schema\/logo\/image\/\",\"url\":\"https:\/\/exceladvisor.org\/de\/wp-content\/uploads\/2023\/11\/exceladvisor.org_.png\",\"contentUrl\":\"https:\/\/exceladvisor.org\/de\/wp-content\/uploads\/2023\/11\/exceladvisor.org_.png\",\"width\":105,\"height\":36,\"caption\":\"Excel Advisor\"},\"image\":{\"@id\":\"https:\/\/exceladvisor.org\/de\/#\/schema\/logo\/image\/\"}}]}<\/script>\n<!-- \/ Yoast SEO plugin. -->","yoast_head_json":{"title":"\u25b7 Wie \u00f6ffne ich \u201eGehe zu\u201c mit der Excel-Verkn\u00fcpfung?","description":"Lernen Sie die Tastenkombination zum \u00d6ffnen der Option \u201eGehe zu\u201c. Sie werden auch einige der wichtigen Punkte im Zusammenhang mit ... behandeln.","robots":{"index":"index","follow":"follow","max-snippet":"max-snippet:-1","max-image-preview":"max-image-preview:large","max-video-preview":"max-video-preview:-1"},"canonical":"https:\/\/exceladvisor.org\/de\/gehe-zu\/","og_locale":"de_DE","og_type":"article","og_title":"\u25b7 Wie \u00f6ffne ich \u201eGehe zu\u201c mit der Excel-Verkn\u00fcpfung?","og_description":"Lernen Sie die Tastenkombination zum \u00d6ffnen der Option \u201eGehe zu\u201c. Sie werden auch einige der wichtigen Punkte im Zusammenhang mit ... behandeln.","og_url":"https:\/\/exceladvisor.org\/de\/gehe-zu\/","og_site_name":"Excel Advisor","article_modified_time":"2023-12-03T13:04:29+00:00","og_image":[{"url":"https:\/\/exceladvisor.org\/wp-content\/uploads\/2023\/08\/1-raccourci-pour-ouvrir-aller-a-loption.png","type":"","width":"","height":""}],"twitter_card":"summary_large_image","twitter_misc":{"Gesch\u00e4tzte Lesezeit":"1\u00a0Minute"},"schema":{"@context":"https:\/\/schema.org","@graph":[{"@type":"WebPage","@id":"https:\/\/exceladvisor.org\/de\/gehe-zu\/","url":"https:\/\/exceladvisor.org\/de\/gehe-zu\/","name":"\u25b7 Wie \u00f6ffne ich \u201eGehe zu\u201c mit der Excel-Verkn\u00fcpfung?","isPartOf":{"@id":"https:\/\/exceladvisor.org\/de\/#website"},"primaryImageOfPage":{"@id":"https:\/\/exceladvisor.org\/de\/gehe-zu\/#primaryimage"},"image":{"@id":"https:\/\/exceladvisor.org\/de\/gehe-zu\/#primaryimage"},"thumbnailUrl":"https:\/\/exceladvisor.org\/wp-content\/uploads\/2023\/08\/1-raccourci-pour-ouvrir-aller-a-loption.png","datePublished":"2023-10-20T19:36:46+00:00","dateModified":"2023-12-03T13:04:29+00:00","description":"Lernen Sie die Tastenkombination zum \u00d6ffnen der Option \u201eGehe zu\u201c. Sie werden auch einige der wichtigen Punkte im Zusammenhang mit ... behandeln.","breadcrumb":{"@id":"https:\/\/exceladvisor.org\/de\/gehe-zu\/#breadcrumb"},"inLanguage":"de","potentialAction":[{"@type":"ReadAction","target":["https:\/\/exceladvisor.org\/de\/gehe-zu\/"]}]},{"@type":"ImageObject","inLanguage":"de","@id":"https:\/\/exceladvisor.org\/de\/gehe-zu\/#primaryimage","url":"https:\/\/exceladvisor.org\/wp-content\/uploads\/2023\/08\/1-raccourci-pour-ouvrir-aller-a-loption.png","contentUrl":"https:\/\/exceladvisor.org\/wp-content\/uploads\/2023\/08\/1-raccourci-pour-ouvrir-aller-a-loption.png"},{"@type":"BreadcrumbList","@id":"https:\/\/exceladvisor.org\/de\/gehe-zu\/#breadcrumb","itemListElement":[{"@type":"ListItem","position":1,"name":"Accueil","item":"https:\/\/exceladvisor.org\/de\/"},{"@type":"ListItem","position":2,"name":"Wie \u00f6ffne ich \u201egehe zu\u201c mit der excel-verkn\u00fcpfung?"}]},{"@type":"WebSite","@id":"https:\/\/exceladvisor.org\/de\/#website","url":"https:\/\/exceladvisor.org\/de\/","name":"Excel Advisor","description":"Ihr Leitfaden zur Datendominanz","publisher":{"@id":"https:\/\/exceladvisor.org\/de\/#organization"},"potentialAction":[{"@type":"SearchAction","target":{"@type":"EntryPoint","urlTemplate":"https:\/\/exceladvisor.org\/de\/?s={search_term_string}"},"query-input":{"@type":"PropertyValueSpecification","valueRequired":true,"valueName":"search_term_string"}}],"inLanguage":"de"},{"@type":"Organization","@id":"https:\/\/exceladvisor.org\/de\/#organization","name":"Excel Advisor","url":"https:\/\/exceladvisor.org\/de\/","logo":{"@type":"ImageObject","inLanguage":"de","@id":"https:\/\/exceladvisor.org\/de\/#\/schema\/logo\/image\/","url":"https:\/\/exceladvisor.org\/de\/wp-content\/uploads\/2023\/11\/exceladvisor.org_.png","contentUrl":"https:\/\/exceladvisor.org\/de\/wp-content\/uploads\/2023\/11\/exceladvisor.org_.png","width":105,"height":36,"caption":"Excel Advisor"},"image":{"@id":"https:\/\/exceladvisor.org\/de\/#\/schema\/logo\/image\/"}}]}},"yoast_meta":{"yoast_wpseo_title":"","yoast_wpseo_metadesc":"","yoast_wpseo_canonical":""},"_links":{"self":[{"href":"https:\/\/exceladvisor.org\/de\/wp-json\/wp\/v2\/pages\/3565","targetHints":{"allow":["GET"]}}],"collection":[{"href":"https:\/\/exceladvisor.org\/de\/wp-json\/wp\/v2\/pages"}],"about":[{"href":"https:\/\/exceladvisor.org\/de\/wp-json\/wp\/v2\/types\/page"}],"author":[{"embeddable":true,"href":"https:\/\/exceladvisor.org\/de\/wp-json\/wp\/v2\/users\/1"}],"replies":[{"embeddable":true,"href":"https:\/\/exceladvisor.org\/de\/wp-json\/wp\/v2\/comments?post=3565"}],"version-history":[{"count":1,"href":"https:\/\/exceladvisor.org\/de\/wp-json\/wp\/v2\/pages\/3565\/revisions"}],"predecessor-version":[{"id":4159,"href":"https:\/\/exceladvisor.org\/de\/wp-json\/wp\/v2\/pages\/3565\/revisions\/4159"}],"wp:attachment":[{"href":"https:\/\/exceladvisor.org\/de\/wp-json\/wp\/v2\/media?parent=3565"}],"curies":[{"name":"wp","href":"https:\/\/api.w.org\/{rel}","templated":true}]}}