{"id":3566,"date":"2023-10-20T19:10:00","date_gmt":"2023-10-20T19:10:00","guid":{"rendered":"https:\/\/exceladvisor.org\/de\/schliessen\/"},"modified":"2023-12-03T13:04:50","modified_gmt":"2023-12-03T13:04:50","slug":"schliessen","status":"publish","type":"page","link":"https:\/\/exceladvisor.org\/de\/schliessen\/","title":{"rendered":"Wie schlie\u00dfe ich arbeitsmappen mit einer excel-verkn\u00fcpfung?"},"content":{"rendered":"<div class=\"excel-vor-dem-inhalt\" id=\"excel-1141413717\"><script type=\"text\/javascript\">\r\n\tatOptions = {\r\n\t\t'key' : 'c1158f160081d6540a8409e6925dab94',\r\n\t\t'format' : 'iframe',\r\n\t\t'height' : 250,\r\n\t\t'width' : 300,\r\n\t\t'params' : {}\r\n\t};\r\n<\/script>\r\n<script type=\"text\/javascript\" src=\"\/\/www.highperformanceformat.com\/c1158f160081d6540a8409e6925dab94\/invoke.js\"><\/script><\/div> <p>MS-Excel verf\u00fcgt sowohl \u00fcber die Tastenkombinationen zum Schlie\u00dfen nur der aktuellen Arbeitsmappe als auch zum Schlie\u00dfen der gesamten Excel-Anwendung, wodurch alle ge\u00f6ffneten Arbeitsmappen auf einmal geschlossen werden.<\/p><p> So kann der Benutzer w\u00e4hlen, ob er \u00fcber die Tastenkombination nur die aktuelle Arbeitsmappe oder alle ge\u00f6ffneten Arbeitsmappen auf einmal schlie\u00dfen m\u00f6chte.<\/p><h2 class=\"wp-block-heading\"> Tastenkombination zum Schlie\u00dfen von Arbeitsmappen in Excel<\/h2><p> Die Tastenkombinationen zum Schlie\u00dfen der aktuellen Arbeitsmappe oder aller ge\u00f6ffneten Arbeitsmappen sind unten aufgef\u00fchrt:<\/p><p> <strong>So schlie\u00dfen Sie die Arbeitsmappe:<\/strong><\/p><p> <kbd>Strg<\/kbd> + <kbd>W<\/kbd> oder <kbd>Alt<\/kbd> + <kbd>F4<\/kbd> <\/p><div class=\"wp-block-image\"><figure class=\"aligncenter size-full is-resized\"><img loading=\"lazy\" decoding=\"async\" class=\"wp-image-72777\" src=\"https:\/\/exceladvisor.org\/wp-content\/uploads\/2023\/08\/1-raccourci-clavier-pour-fermer-le-classeur-en-cours1.png\" sizes=\"auto, \" srcset=\"\" alt=\"Tastenkombination zum Schlie\u00dfen der aktuellen Arbeitsmappe\" width=\"725\" height=\"284\"><\/figure><\/div><p> <strong>So schlie\u00dfen Sie die Excel-Anwendung:<\/strong><\/p><p> <kbd>Alt<\/kbd> \u2192 <kbd>F<\/kbd> <kbd>\u2192<\/kbd> <\/p><div class=\"wp-block-image\"><figure class=\"aligncenter size-full is-resized\"><img loading=\"lazy\" decoding=\"async\" class=\"wp-image-72778\" src=\"https:\/\/exceladvisor.org\/wp-content\/uploads\/2023\/08\/2-raccourci-pour-fermer-tous-les-fichiers-excel.png\" sizes=\"auto, \" srcset=\"\" alt=\"Verkn\u00fcpfung zum Schlie\u00dfen aller Excel-Dateien\" width=\"730\" height=\"286\"><\/figure><\/div><h2 class=\"wp-block-heading\"> Schritte zum Schlie\u00dfen von Arbeitsmappen mithilfe einer Tastenkombination<\/h2><ol><li> Navigieren Sie zun\u00e4chst unter den ge\u00f6ffneten Arbeitsmappen zu der Arbeitsmappe, die Sie schlie\u00dfen m\u00f6chten.<\/li><li> Danach dr\u00fccken Sie einfach die Tasten \u201eStrg + W\u201c oder \u201eAlt + F4\u201c und Ihre aktuelle Arbeitsmappe wird geschlossen.<\/li><li> Oder gehen Sie zu einer beliebigen ge\u00f6ffneten Arbeitsmappe und dr\u00fccken Sie einfach die Tasten \u201eAlt \u2192 F \u2192 X\u201c, um alle ge\u00f6ffneten Arbeitsmappen auf einmal zu schlie\u00dfen.<\/li><\/ol><p> Wenn Sie in Excel \u00c4nderungen vornehmen, z. B. den Wert eingeben, eine Zelle bearbeiten oder aktualisieren, und es Ihnen nicht gelingt, die Arbeitsmappe vor dem Schlie\u00dfen zu speichern, werden Sie aufgefordert, die Arbeitsmappe zu schlie\u00dfen, indem Sie die \u00c4nderungen speichern oder nicht. <\/p><div class=\"wp-block-image\"><figure class=\"aligncenter size-full\"><img loading=\"lazy\" decoding=\"async\" class=\"wp-image-72779\" src=\"https:\/\/exceladvisor.org\/wp-content\/uploads\/2023\/08\/3-options-denregistrement-des-modifications.png\" sizes=\"auto, \" srcset=\"\" alt=\"Option zum Speichern von \u00c4nderungen\" width=\"428\" height=\"144\"><\/figure><\/div><div class=\"wp-block-group more-tutorials is-layout-flow\"><div class=\"wp-block-group__inner-container\"><h2 class=\"wp-block-heading\"> Weitere Tutorials <\/h2><div class=\"wp-block-columns is-layout-flex wp-container-19\"><div class=\"wp-block-column is-layout-flow\"><ul><li> <a href=\"https:\/\/exceladvisor.org\/de\/vollbild\/\">Ganzer Bildschirm<\/a><\/li><li> <a href=\"https:\/\/exceladvisor.org\/de\/band\/\">Band<\/a><\/li><li> <a href=\"https:\/\/exceladvisor.org\/de\/druckvorschau-1\/\">Vorschau vor dem Drucken<\/a><\/li><\/ul><\/div><div class=\"wp-block-column is-layout-flow\"><ul><li> <a href=\"https:\/\/exceladvisor.org\/de\/speichern-als\/\">Speichern als<\/a><\/li><li> <a href=\"https:\/\/exceladvisor.org\/de\/tab-wechseln\/\">Tab wechseln<\/a><\/li><li> <a href=\"https:\/\/exceladvisor.org\/de\/ruckgangig-wiederholen\/\">R\u00fcckg\u00e4ngig machen und wiederholen<\/a><\/li><\/ul><\/div><\/div><\/div><\/div>","protected":false},"excerpt":{"rendered":"","protected":false},"author":1,"featured_media":0,"parent":0,"menu_order":0,"comment_status":"open","ping_status":"closed","template":"","meta":{"ub_ctt_via":"","footnotes":""},"class_list":["post-3566","page","type-page","status-publish","hentry"],"featured_image_src":null,"yoast_head":"<!-- This site is optimized with the Yoast SEO plugin v25.4 - https:\/\/yoast.com\/wordpress\/plugins\/seo\/ -->\n<title>\u25b7 Wie schlie\u00dfe ich Arbeitsmappen mit einer Excel-Verkn\u00fcpfung?<\/title>\n<meta name=\"description\" content=\"Erfahren Sie, wie Sie eine Tastenkombination verwenden, mit der Sie in Excel die Arbeitsmappe und die Excel-Anwendung schlie\u00dfen k\u00f6nnen.\" \/>\n<meta name=\"robots\" content=\"index, follow, max-snippet:-1, max-image-preview:large, max-video-preview:-1\" \/>\n<link rel=\"canonical\" href=\"https:\/\/exceladvisor.org\/de\/schliessen\/\" \/>\n<meta property=\"og:locale\" content=\"de_DE\" \/>\n<meta property=\"og:type\" content=\"article\" \/>\n<meta property=\"og:title\" content=\"\u25b7 Wie schlie\u00dfe ich Arbeitsmappen mit einer Excel-Verkn\u00fcpfung?\" \/>\n<meta property=\"og:description\" content=\"Erfahren Sie, wie Sie eine Tastenkombination verwenden, mit der Sie in Excel die Arbeitsmappe und die Excel-Anwendung schlie\u00dfen k\u00f6nnen.\" \/>\n<meta property=\"og:url\" content=\"https:\/\/exceladvisor.org\/de\/schliessen\/\" \/>\n<meta property=\"og:site_name\" content=\"Excel Advisor\" \/>\n<meta property=\"article:modified_time\" content=\"2023-12-03T13:04:50+00:00\" \/>\n<meta property=\"og:image\" content=\"https:\/\/exceladvisor.org\/wp-content\/uploads\/2023\/08\/1-raccourci-clavier-pour-fermer-le-classeur-en-cours1.png\" \/>\n<meta name=\"twitter:card\" content=\"summary_large_image\" \/>\n<meta name=\"twitter:label1\" content=\"Gesch\u00e4tzte Lesezeit\" \/>\n\t<meta name=\"twitter:data1\" content=\"1\u00a0Minute\" \/>\n<script type=\"application\/ld+json\" class=\"yoast-schema-graph\">{\"@context\":\"https:\/\/schema.org\",\"@graph\":[{\"@type\":\"WebPage\",\"@id\":\"https:\/\/exceladvisor.org\/de\/schliessen\/\",\"url\":\"https:\/\/exceladvisor.org\/de\/schliessen\/\",\"name\":\"\u25b7 Wie schlie\u00dfe ich Arbeitsmappen mit einer Excel-Verkn\u00fcpfung?\",\"isPartOf\":{\"@id\":\"https:\/\/exceladvisor.org\/de\/#website\"},\"primaryImageOfPage\":{\"@id\":\"https:\/\/exceladvisor.org\/de\/schliessen\/#primaryimage\"},\"image\":{\"@id\":\"https:\/\/exceladvisor.org\/de\/schliessen\/#primaryimage\"},\"thumbnailUrl\":\"https:\/\/exceladvisor.org\/wp-content\/uploads\/2023\/08\/1-raccourci-clavier-pour-fermer-le-classeur-en-cours1.png\",\"datePublished\":\"2023-10-20T19:10:00+00:00\",\"dateModified\":\"2023-12-03T13:04:50+00:00\",\"description\":\"Erfahren Sie, wie Sie eine Tastenkombination verwenden, mit der Sie in Excel die Arbeitsmappe und die Excel-Anwendung schlie\u00dfen k\u00f6nnen.\",\"breadcrumb\":{\"@id\":\"https:\/\/exceladvisor.org\/de\/schliessen\/#breadcrumb\"},\"inLanguage\":\"de\",\"potentialAction\":[{\"@type\":\"ReadAction\",\"target\":[\"https:\/\/exceladvisor.org\/de\/schliessen\/\"]}]},{\"@type\":\"ImageObject\",\"inLanguage\":\"de\",\"@id\":\"https:\/\/exceladvisor.org\/de\/schliessen\/#primaryimage\",\"url\":\"https:\/\/exceladvisor.org\/wp-content\/uploads\/2023\/08\/1-raccourci-clavier-pour-fermer-le-classeur-en-cours1.png\",\"contentUrl\":\"https:\/\/exceladvisor.org\/wp-content\/uploads\/2023\/08\/1-raccourci-clavier-pour-fermer-le-classeur-en-cours1.png\"},{\"@type\":\"BreadcrumbList\",\"@id\":\"https:\/\/exceladvisor.org\/de\/schliessen\/#breadcrumb\",\"itemListElement\":[{\"@type\":\"ListItem\",\"position\":1,\"name\":\"Accueil\",\"item\":\"https:\/\/exceladvisor.org\/de\/\"},{\"@type\":\"ListItem\",\"position\":2,\"name\":\"Wie schlie\u00dfe ich arbeitsmappen mit einer excel-verkn\u00fcpfung?\"}]},{\"@type\":\"WebSite\",\"@id\":\"https:\/\/exceladvisor.org\/de\/#website\",\"url\":\"https:\/\/exceladvisor.org\/de\/\",\"name\":\"Excel Advisor\",\"description\":\"Ihr Leitfaden zur Datendominanz\",\"publisher\":{\"@id\":\"https:\/\/exceladvisor.org\/de\/#organization\"},\"potentialAction\":[{\"@type\":\"SearchAction\",\"target\":{\"@type\":\"EntryPoint\",\"urlTemplate\":\"https:\/\/exceladvisor.org\/de\/?s={search_term_string}\"},\"query-input\":{\"@type\":\"PropertyValueSpecification\",\"valueRequired\":true,\"valueName\":\"search_term_string\"}}],\"inLanguage\":\"de\"},{\"@type\":\"Organization\",\"@id\":\"https:\/\/exceladvisor.org\/de\/#organization\",\"name\":\"Excel Advisor\",\"url\":\"https:\/\/exceladvisor.org\/de\/\",\"logo\":{\"@type\":\"ImageObject\",\"inLanguage\":\"de\",\"@id\":\"https:\/\/exceladvisor.org\/de\/#\/schema\/logo\/image\/\",\"url\":\"https:\/\/exceladvisor.org\/de\/wp-content\/uploads\/2023\/11\/exceladvisor.org_.png\",\"contentUrl\":\"https:\/\/exceladvisor.org\/de\/wp-content\/uploads\/2023\/11\/exceladvisor.org_.png\",\"width\":105,\"height\":36,\"caption\":\"Excel Advisor\"},\"image\":{\"@id\":\"https:\/\/exceladvisor.org\/de\/#\/schema\/logo\/image\/\"}}]}<\/script>\n<!-- \/ Yoast SEO plugin. -->","yoast_head_json":{"title":"\u25b7 Wie schlie\u00dfe ich Arbeitsmappen mit einer Excel-Verkn\u00fcpfung?","description":"Erfahren Sie, wie Sie eine Tastenkombination verwenden, mit der Sie in Excel die Arbeitsmappe und die Excel-Anwendung schlie\u00dfen k\u00f6nnen.","robots":{"index":"index","follow":"follow","max-snippet":"max-snippet:-1","max-image-preview":"max-image-preview:large","max-video-preview":"max-video-preview:-1"},"canonical":"https:\/\/exceladvisor.org\/de\/schliessen\/","og_locale":"de_DE","og_type":"article","og_title":"\u25b7 Wie schlie\u00dfe ich Arbeitsmappen mit einer Excel-Verkn\u00fcpfung?","og_description":"Erfahren Sie, wie Sie eine Tastenkombination verwenden, mit der Sie in Excel die Arbeitsmappe und die Excel-Anwendung schlie\u00dfen k\u00f6nnen.","og_url":"https:\/\/exceladvisor.org\/de\/schliessen\/","og_site_name":"Excel Advisor","article_modified_time":"2023-12-03T13:04:50+00:00","og_image":[{"url":"https:\/\/exceladvisor.org\/wp-content\/uploads\/2023\/08\/1-raccourci-clavier-pour-fermer-le-classeur-en-cours1.png","type":"","width":"","height":""}],"twitter_card":"summary_large_image","twitter_misc":{"Gesch\u00e4tzte Lesezeit":"1\u00a0Minute"},"schema":{"@context":"https:\/\/schema.org","@graph":[{"@type":"WebPage","@id":"https:\/\/exceladvisor.org\/de\/schliessen\/","url":"https:\/\/exceladvisor.org\/de\/schliessen\/","name":"\u25b7 Wie schlie\u00dfe ich Arbeitsmappen mit einer Excel-Verkn\u00fcpfung?","isPartOf":{"@id":"https:\/\/exceladvisor.org\/de\/#website"},"primaryImageOfPage":{"@id":"https:\/\/exceladvisor.org\/de\/schliessen\/#primaryimage"},"image":{"@id":"https:\/\/exceladvisor.org\/de\/schliessen\/#primaryimage"},"thumbnailUrl":"https:\/\/exceladvisor.org\/wp-content\/uploads\/2023\/08\/1-raccourci-clavier-pour-fermer-le-classeur-en-cours1.png","datePublished":"2023-10-20T19:10:00+00:00","dateModified":"2023-12-03T13:04:50+00:00","description":"Erfahren Sie, wie Sie eine Tastenkombination verwenden, mit der Sie in Excel die Arbeitsmappe und die Excel-Anwendung schlie\u00dfen k\u00f6nnen.","breadcrumb":{"@id":"https:\/\/exceladvisor.org\/de\/schliessen\/#breadcrumb"},"inLanguage":"de","potentialAction":[{"@type":"ReadAction","target":["https:\/\/exceladvisor.org\/de\/schliessen\/"]}]},{"@type":"ImageObject","inLanguage":"de","@id":"https:\/\/exceladvisor.org\/de\/schliessen\/#primaryimage","url":"https:\/\/exceladvisor.org\/wp-content\/uploads\/2023\/08\/1-raccourci-clavier-pour-fermer-le-classeur-en-cours1.png","contentUrl":"https:\/\/exceladvisor.org\/wp-content\/uploads\/2023\/08\/1-raccourci-clavier-pour-fermer-le-classeur-en-cours1.png"},{"@type":"BreadcrumbList","@id":"https:\/\/exceladvisor.org\/de\/schliessen\/#breadcrumb","itemListElement":[{"@type":"ListItem","position":1,"name":"Accueil","item":"https:\/\/exceladvisor.org\/de\/"},{"@type":"ListItem","position":2,"name":"Wie schlie\u00dfe ich arbeitsmappen mit einer excel-verkn\u00fcpfung?"}]},{"@type":"WebSite","@id":"https:\/\/exceladvisor.org\/de\/#website","url":"https:\/\/exceladvisor.org\/de\/","name":"Excel Advisor","description":"Ihr Leitfaden zur Datendominanz","publisher":{"@id":"https:\/\/exceladvisor.org\/de\/#organization"},"potentialAction":[{"@type":"SearchAction","target":{"@type":"EntryPoint","urlTemplate":"https:\/\/exceladvisor.org\/de\/?s={search_term_string}"},"query-input":{"@type":"PropertyValueSpecification","valueRequired":true,"valueName":"search_term_string"}}],"inLanguage":"de"},{"@type":"Organization","@id":"https:\/\/exceladvisor.org\/de\/#organization","name":"Excel Advisor","url":"https:\/\/exceladvisor.org\/de\/","logo":{"@type":"ImageObject","inLanguage":"de","@id":"https:\/\/exceladvisor.org\/de\/#\/schema\/logo\/image\/","url":"https:\/\/exceladvisor.org\/de\/wp-content\/uploads\/2023\/11\/exceladvisor.org_.png","contentUrl":"https:\/\/exceladvisor.org\/de\/wp-content\/uploads\/2023\/11\/exceladvisor.org_.png","width":105,"height":36,"caption":"Excel Advisor"},"image":{"@id":"https:\/\/exceladvisor.org\/de\/#\/schema\/logo\/image\/"}}]}},"yoast_meta":{"yoast_wpseo_title":"","yoast_wpseo_metadesc":"","yoast_wpseo_canonical":""},"_links":{"self":[{"href":"https:\/\/exceladvisor.org\/de\/wp-json\/wp\/v2\/pages\/3566","targetHints":{"allow":["GET"]}}],"collection":[{"href":"https:\/\/exceladvisor.org\/de\/wp-json\/wp\/v2\/pages"}],"about":[{"href":"https:\/\/exceladvisor.org\/de\/wp-json\/wp\/v2\/types\/page"}],"author":[{"embeddable":true,"href":"https:\/\/exceladvisor.org\/de\/wp-json\/wp\/v2\/users\/1"}],"replies":[{"embeddable":true,"href":"https:\/\/exceladvisor.org\/de\/wp-json\/wp\/v2\/comments?post=3566"}],"version-history":[{"count":1,"href":"https:\/\/exceladvisor.org\/de\/wp-json\/wp\/v2\/pages\/3566\/revisions"}],"predecessor-version":[{"id":4180,"href":"https:\/\/exceladvisor.org\/de\/wp-json\/wp\/v2\/pages\/3566\/revisions\/4180"}],"wp:attachment":[{"href":"https:\/\/exceladvisor.org\/de\/wp-json\/wp\/v2\/media?parent=3566"}],"curies":[{"name":"wp","href":"https:\/\/api.w.org\/{rel}","templated":true}]}}