{"id":3567,"date":"2023-10-20T07:42:36","date_gmt":"2023-10-20T07:42:36","guid":{"rendered":"https:\/\/exceladvisor.org\/de\/index-2\/"},"modified":"2023-12-03T11:13:14","modified_gmt":"2023-12-03T11:13:14","slug":"index-2","status":"publish","type":"page","link":"https:\/\/exceladvisor.org\/de\/index-2\/","title":{"rendered":"Was ist die tastenkombination f\u00fcr den index in excel?"},"content":{"rendered":"<div class=\"excel-vor-dem-inhalt\" id=\"excel-1353912788\"><script type=\"text\/javascript\">\r\n\tatOptions = {\r\n\t\t'key' : 'c1158f160081d6540a8409e6925dab94',\r\n\t\t'format' : 'iframe',\r\n\t\t'height' : 250,\r\n\t\t'width' : 300,\r\n\t\t'params' : {}\r\n\t};\r\n<\/script>\r\n<script type=\"text\/javascript\" src=\"\/\/www.highperformanceformat.com\/c1158f160081d6540a8409e6925dab94\/invoke.js\"><\/script><\/div> <p>Tiefgestellt ist eine Textformatierung, mit der Text, Zeichenfolgen oder numerische Werte leicht unter den Rest des Textes in der Zelle verschoben werden. Hochgestellt wird in Excel h\u00e4ufig zur Eingabe wissenschaftlicher Formeln wie H <sub>2<\/sub> O und CO <sub>2 verwendet.<\/sub><\/p><p> Der Index verkleinert den ausgew\u00e4hlten Text und verschiebt ihn leicht unter die restlichen Zeichen in der Zelle.<\/p><h2 class=\"wp-block-heading\"> Tastaturk\u00fcrzel f\u00fcr Index in Excel<\/h2><p> Um den Hinweis in Excel zu verwenden, muss der Benutzer die unten stehende Tastenkombination befolgen, da Excel hierf\u00fcr keine Standardverkn\u00fcpfung festgelegt hat.<\/p><p> <kbd>Strg<\/kbd> + <kbd>1<\/kbd> , dann <kbd>Alt<\/kbd> + <kbd>B<\/kbd> \u2192 <kbd>Eingabetaste<\/kbd> <\/p><div class=\"wp-block-image\"><figure class=\"aligncenter size-full is-resized\"><img loading=\"lazy\" decoding=\"async\" class=\"wp-image-67549\" src=\"https:\/\/exceladvisor.org\/wp-content\/uploads\/2023\/08\/1-raccourci-vers-lindice.png\" sizes=\"auto, \" srcset=\"\" alt=\"Verkn\u00fcpfung zum Index\" width=\"894\" height=\"351\"><\/figure><\/div><h2 class=\"wp-block-heading\"> Schritte zur Verwendung des Hinweises mithilfe der Tastenkombination<\/h2><ol><li> Doppelklicken Sie zun\u00e4chst auf die Zelle und w\u00e4hlen Sie nur den Text aus, den Sie hochgestellt verwenden m\u00f6chten. <br><img loading=\"lazy\" decoding=\"async\" title=\"2-Text ausw\u00e4hlen\" src=\"https:\/\/exceladvisor.org\/wp-content\/uploads\/2023\/08\/2-selectionnez-le-texte.png\" sizes=\"auto, \" srcset=\"\" alt=\"select-the-text\" width=\"261\" height=\"212\"><\/li><li> Dr\u00fccken Sie anschlie\u00dfend die Tasten \u201eStrg + 1\u201c und Sie \u00f6ffnen das Dialogfeld \u201eZellen formatieren\u201c.<\/li><li> Dr\u00fccken Sie nun die Tasten \u201eAlt + B\u201c, um die Auswahl zu verschieben und die Option \u201eHinweis\u201c zu aktivieren. <br><img loading=\"lazy\" decoding=\"async\" title=\"Dialogfeld \u201e3-Format-Zellen\u201c.\" src=\"https:\/\/exceladvisor.org\/wp-content\/uploads\/2023\/08\/3-boite-de-dialogue-de-mise-en-forme-des-cellules.png\" sizes=\"auto, \" srcset=\"\" alt=\"format-cells-dialog-box\" width=\"486\" height=\"450\"><\/li><li> Dr\u00fccken Sie am Ende die \u201eEnter\u201c-Taste und Ihr ausgew\u00e4hlter Wert (Text oder Zahl) wird zwischen den \u00fcbrigen Zeichen in der Zelle nach oben verschoben. <br><img loading=\"lazy\" decoding=\"async\" title=\"4-Index-Text\" src=\"https:\/\/exceladvisor.org\/wp-content\/uploads\/2023\/08\/4-texte-en-indice.png\" sizes=\"auto, \" srcset=\"\" alt=\"subscript-text\" width=\"268\" height=\"215\"><\/li><\/ol><div class=\"gb-container gb-container-2116538e gb-container-mt\"> <a class=\"gb-button gb-button-f7d2c131 gb-button-text gb-button-mt-button\" href=\"https:\/\/exceladvisor.org\/de\/tastaturkurzel\/\">Tastenkombinationen f\u00fcr Excel-PDFs<\/a><h2 class=\"gb-headline gb-headline-7ed68554 gb-headline-text gb-headline-mt-heading\"> Weitere Verkn\u00fcpfungen <\/h2><div class=\"gb-grid-wrapper gb-grid-wrapper-edeef538 gb-grid-wrapper-mt-grid\"><div class=\"gb-grid-column gb-grid-column-766d598b\"><div class=\"gb-container gb-container-766d598b\"><ul><li> <a href=\"https:\/\/exceladvisor.org\/de\/wahrungsformat\/\">Applu-W\u00e4hrungsformat<\/a><\/li><li> <a href=\"https:\/\/exceladvisor.org\/de\/prozentformat\/\">Prozentformat<\/a><\/li><li> <a href=\"https:\/\/exceladvisor.org\/de\/datumsformat\/\">Datumsformat anwenden<\/a><\/li><li> <a href=\"https:\/\/exceladvisor.org\/de\/zeitformat\/\">Zeitformat anwenden<\/a><\/li><\/ul><\/div><\/div><\/div><\/div>","protected":false},"excerpt":{"rendered":"","protected":false},"author":1,"featured_media":0,"parent":0,"menu_order":0,"comment_status":"open","ping_status":"closed","template":"","meta":{"ub_ctt_via":"","footnotes":""},"class_list":["post-3567","page","type-page","status-publish","hentry"],"featured_image_src":null,"yoast_head":"<!-- This site is optimized with the Yoast SEO plugin v25.4 - https:\/\/yoast.com\/wordpress\/plugins\/seo\/ -->\n<title>Was ist die Tastenkombination f\u00fcr den Index in Excel?<\/title>\n<meta name=\"description\" content=\"Erfahren Sie, wie Sie mithilfe einer Tastenkombination einen Exponenten in einem Arbeitsblatt in Excel anwenden. Lassen Sie uns das \u00fcberpr\u00fcfen ...\" \/>\n<meta name=\"robots\" content=\"index, follow, max-snippet:-1, max-image-preview:large, max-video-preview:-1\" \/>\n<link rel=\"canonical\" href=\"https:\/\/exceladvisor.org\/de\/index-2\/\" \/>\n<meta property=\"og:locale\" content=\"de_DE\" \/>\n<meta property=\"og:type\" content=\"article\" \/>\n<meta property=\"og:title\" content=\"Was ist die Tastenkombination f\u00fcr den Index in Excel?\" \/>\n<meta property=\"og:description\" content=\"Erfahren Sie, wie Sie mithilfe einer Tastenkombination einen Exponenten in einem Arbeitsblatt in Excel anwenden. Lassen Sie uns das \u00fcberpr\u00fcfen ...\" \/>\n<meta property=\"og:url\" content=\"https:\/\/exceladvisor.org\/de\/index-2\/\" \/>\n<meta property=\"og:site_name\" content=\"Excel Advisor\" \/>\n<meta property=\"article:modified_time\" content=\"2023-12-03T11:13:14+00:00\" \/>\n<meta property=\"og:image\" content=\"https:\/\/exceladvisor.org\/wp-content\/uploads\/2023\/08\/1-raccourci-vers-lindice.png\" \/>\n<meta name=\"twitter:card\" content=\"summary_large_image\" \/>\n<meta name=\"twitter:label1\" content=\"Gesch\u00e4tzte Lesezeit\" \/>\n\t<meta name=\"twitter:data1\" content=\"1\u00a0Minute\" \/>\n<script type=\"application\/ld+json\" class=\"yoast-schema-graph\">{\"@context\":\"https:\/\/schema.org\",\"@graph\":[{\"@type\":\"WebPage\",\"@id\":\"https:\/\/exceladvisor.org\/de\/index-2\/\",\"url\":\"https:\/\/exceladvisor.org\/de\/index-2\/\",\"name\":\"Was ist die Tastenkombination f\u00fcr den Index in Excel?\",\"isPartOf\":{\"@id\":\"https:\/\/exceladvisor.org\/de\/#website\"},\"primaryImageOfPage\":{\"@id\":\"https:\/\/exceladvisor.org\/de\/index-2\/#primaryimage\"},\"image\":{\"@id\":\"https:\/\/exceladvisor.org\/de\/index-2\/#primaryimage\"},\"thumbnailUrl\":\"https:\/\/exceladvisor.org\/wp-content\/uploads\/2023\/08\/1-raccourci-vers-lindice.png\",\"datePublished\":\"2023-10-20T07:42:36+00:00\",\"dateModified\":\"2023-12-03T11:13:14+00:00\",\"description\":\"Erfahren Sie, wie Sie mithilfe einer Tastenkombination einen Exponenten in einem Arbeitsblatt in Excel anwenden. Lassen Sie uns das \u00fcberpr\u00fcfen ...\",\"breadcrumb\":{\"@id\":\"https:\/\/exceladvisor.org\/de\/index-2\/#breadcrumb\"},\"inLanguage\":\"de\",\"potentialAction\":[{\"@type\":\"ReadAction\",\"target\":[\"https:\/\/exceladvisor.org\/de\/index-2\/\"]}]},{\"@type\":\"ImageObject\",\"inLanguage\":\"de\",\"@id\":\"https:\/\/exceladvisor.org\/de\/index-2\/#primaryimage\",\"url\":\"https:\/\/exceladvisor.org\/wp-content\/uploads\/2023\/08\/1-raccourci-vers-lindice.png\",\"contentUrl\":\"https:\/\/exceladvisor.org\/wp-content\/uploads\/2023\/08\/1-raccourci-vers-lindice.png\"},{\"@type\":\"BreadcrumbList\",\"@id\":\"https:\/\/exceladvisor.org\/de\/index-2\/#breadcrumb\",\"itemListElement\":[{\"@type\":\"ListItem\",\"position\":1,\"name\":\"Accueil\",\"item\":\"https:\/\/exceladvisor.org\/de\/\"},{\"@type\":\"ListItem\",\"position\":2,\"name\":\"Was ist die tastenkombination f\u00fcr den index in excel?\"}]},{\"@type\":\"WebSite\",\"@id\":\"https:\/\/exceladvisor.org\/de\/#website\",\"url\":\"https:\/\/exceladvisor.org\/de\/\",\"name\":\"Excel Advisor\",\"description\":\"Ihr Leitfaden zur Datendominanz\",\"publisher\":{\"@id\":\"https:\/\/exceladvisor.org\/de\/#organization\"},\"potentialAction\":[{\"@type\":\"SearchAction\",\"target\":{\"@type\":\"EntryPoint\",\"urlTemplate\":\"https:\/\/exceladvisor.org\/de\/?s={search_term_string}\"},\"query-input\":{\"@type\":\"PropertyValueSpecification\",\"valueRequired\":true,\"valueName\":\"search_term_string\"}}],\"inLanguage\":\"de\"},{\"@type\":\"Organization\",\"@id\":\"https:\/\/exceladvisor.org\/de\/#organization\",\"name\":\"Excel Advisor\",\"url\":\"https:\/\/exceladvisor.org\/de\/\",\"logo\":{\"@type\":\"ImageObject\",\"inLanguage\":\"de\",\"@id\":\"https:\/\/exceladvisor.org\/de\/#\/schema\/logo\/image\/\",\"url\":\"https:\/\/exceladvisor.org\/de\/wp-content\/uploads\/2023\/11\/exceladvisor.org_.png\",\"contentUrl\":\"https:\/\/exceladvisor.org\/de\/wp-content\/uploads\/2023\/11\/exceladvisor.org_.png\",\"width\":105,\"height\":36,\"caption\":\"Excel Advisor\"},\"image\":{\"@id\":\"https:\/\/exceladvisor.org\/de\/#\/schema\/logo\/image\/\"}}]}<\/script>\n<!-- \/ Yoast SEO plugin. -->","yoast_head_json":{"title":"Was ist die Tastenkombination f\u00fcr den Index in Excel?","description":"Erfahren Sie, wie Sie mithilfe einer Tastenkombination einen Exponenten in einem Arbeitsblatt in Excel anwenden. Lassen Sie uns das \u00fcberpr\u00fcfen ...","robots":{"index":"index","follow":"follow","max-snippet":"max-snippet:-1","max-image-preview":"max-image-preview:large","max-video-preview":"max-video-preview:-1"},"canonical":"https:\/\/exceladvisor.org\/de\/index-2\/","og_locale":"de_DE","og_type":"article","og_title":"Was ist die Tastenkombination f\u00fcr den Index in Excel?","og_description":"Erfahren Sie, wie Sie mithilfe einer Tastenkombination einen Exponenten in einem Arbeitsblatt in Excel anwenden. Lassen Sie uns das \u00fcberpr\u00fcfen ...","og_url":"https:\/\/exceladvisor.org\/de\/index-2\/","og_site_name":"Excel Advisor","article_modified_time":"2023-12-03T11:13:14+00:00","og_image":[{"url":"https:\/\/exceladvisor.org\/wp-content\/uploads\/2023\/08\/1-raccourci-vers-lindice.png","type":"","width":"","height":""}],"twitter_card":"summary_large_image","twitter_misc":{"Gesch\u00e4tzte Lesezeit":"1\u00a0Minute"},"schema":{"@context":"https:\/\/schema.org","@graph":[{"@type":"WebPage","@id":"https:\/\/exceladvisor.org\/de\/index-2\/","url":"https:\/\/exceladvisor.org\/de\/index-2\/","name":"Was ist die Tastenkombination f\u00fcr den Index in Excel?","isPartOf":{"@id":"https:\/\/exceladvisor.org\/de\/#website"},"primaryImageOfPage":{"@id":"https:\/\/exceladvisor.org\/de\/index-2\/#primaryimage"},"image":{"@id":"https:\/\/exceladvisor.org\/de\/index-2\/#primaryimage"},"thumbnailUrl":"https:\/\/exceladvisor.org\/wp-content\/uploads\/2023\/08\/1-raccourci-vers-lindice.png","datePublished":"2023-10-20T07:42:36+00:00","dateModified":"2023-12-03T11:13:14+00:00","description":"Erfahren Sie, wie Sie mithilfe einer Tastenkombination einen Exponenten in einem Arbeitsblatt in Excel anwenden. Lassen Sie uns das \u00fcberpr\u00fcfen ...","breadcrumb":{"@id":"https:\/\/exceladvisor.org\/de\/index-2\/#breadcrumb"},"inLanguage":"de","potentialAction":[{"@type":"ReadAction","target":["https:\/\/exceladvisor.org\/de\/index-2\/"]}]},{"@type":"ImageObject","inLanguage":"de","@id":"https:\/\/exceladvisor.org\/de\/index-2\/#primaryimage","url":"https:\/\/exceladvisor.org\/wp-content\/uploads\/2023\/08\/1-raccourci-vers-lindice.png","contentUrl":"https:\/\/exceladvisor.org\/wp-content\/uploads\/2023\/08\/1-raccourci-vers-lindice.png"},{"@type":"BreadcrumbList","@id":"https:\/\/exceladvisor.org\/de\/index-2\/#breadcrumb","itemListElement":[{"@type":"ListItem","position":1,"name":"Accueil","item":"https:\/\/exceladvisor.org\/de\/"},{"@type":"ListItem","position":2,"name":"Was ist die tastenkombination f\u00fcr den index in excel?"}]},{"@type":"WebSite","@id":"https:\/\/exceladvisor.org\/de\/#website","url":"https:\/\/exceladvisor.org\/de\/","name":"Excel Advisor","description":"Ihr Leitfaden zur Datendominanz","publisher":{"@id":"https:\/\/exceladvisor.org\/de\/#organization"},"potentialAction":[{"@type":"SearchAction","target":{"@type":"EntryPoint","urlTemplate":"https:\/\/exceladvisor.org\/de\/?s={search_term_string}"},"query-input":{"@type":"PropertyValueSpecification","valueRequired":true,"valueName":"search_term_string"}}],"inLanguage":"de"},{"@type":"Organization","@id":"https:\/\/exceladvisor.org\/de\/#organization","name":"Excel Advisor","url":"https:\/\/exceladvisor.org\/de\/","logo":{"@type":"ImageObject","inLanguage":"de","@id":"https:\/\/exceladvisor.org\/de\/#\/schema\/logo\/image\/","url":"https:\/\/exceladvisor.org\/de\/wp-content\/uploads\/2023\/11\/exceladvisor.org_.png","contentUrl":"https:\/\/exceladvisor.org\/de\/wp-content\/uploads\/2023\/11\/exceladvisor.org_.png","width":105,"height":36,"caption":"Excel Advisor"},"image":{"@id":"https:\/\/exceladvisor.org\/de\/#\/schema\/logo\/image\/"}}]}},"yoast_meta":{"yoast_wpseo_title":"","yoast_wpseo_metadesc":"","yoast_wpseo_canonical":""},"_links":{"self":[{"href":"https:\/\/exceladvisor.org\/de\/wp-json\/wp\/v2\/pages\/3567","targetHints":{"allow":["GET"]}}],"collection":[{"href":"https:\/\/exceladvisor.org\/de\/wp-json\/wp\/v2\/pages"}],"about":[{"href":"https:\/\/exceladvisor.org\/de\/wp-json\/wp\/v2\/types\/page"}],"author":[{"embeddable":true,"href":"https:\/\/exceladvisor.org\/de\/wp-json\/wp\/v2\/users\/1"}],"replies":[{"embeddable":true,"href":"https:\/\/exceladvisor.org\/de\/wp-json\/wp\/v2\/comments?post=3567"}],"version-history":[{"count":1,"href":"https:\/\/exceladvisor.org\/de\/wp-json\/wp\/v2\/pages\/3567\/revisions"}],"predecessor-version":[{"id":3819,"href":"https:\/\/exceladvisor.org\/de\/wp-json\/wp\/v2\/pages\/3567\/revisions\/3819"}],"wp:attachment":[{"href":"https:\/\/exceladvisor.org\/de\/wp-json\/wp\/v2\/media?parent=3567"}],"curies":[{"name":"wp","href":"https:\/\/api.w.org\/{rel}","templated":true}]}}