{"id":3568,"date":"2023-10-20T06:06:43","date_gmt":"2023-10-20T06:06:43","guid":{"rendered":"https:\/\/exceladvisor.org\/de\/eine-zeile-einfugen\/"},"modified":"2023-12-03T11:20:43","modified_gmt":"2023-12-03T11:20:43","slug":"eine-zeile-einfugen","status":"publish","type":"page","link":"https:\/\/exceladvisor.org\/de\/eine-zeile-einfugen\/","title":{"rendered":"Wie f\u00fcge ich eine zeile mithilfe einer excel-verkn\u00fcpfung ein?"},"content":{"rendered":"<div class=\"excel-vor-dem-inhalt\" id=\"excel-2883656007\"><script type=\"text\/javascript\">\r\n\tatOptions = {\r\n\t\t'key' : 'c1158f160081d6540a8409e6925dab94',\r\n\t\t'format' : 'iframe',\r\n\t\t'height' : 250,\r\n\t\t'width' : 300,\r\n\t\t'params' : {}\r\n\t};\r\n<\/script>\r\n<script type=\"text\/javascript\" src=\"\/\/www.highperformanceformat.com\/c1158f160081d6540a8409e6925dab94\/invoke.js\"><\/script><\/div> <p>Das Einf\u00fcgen oder Hinzuf\u00fcgen einer Zeile in Excel ist eine einfache Aufgabe, wenn Sie die Tastenkombination kennen. Wenn Benutzer in Excel arbeiten, m\u00f6chten sie oft leere Zeilen hinzuf\u00fcgen und k\u00f6nnen diese sehr schnell mithilfe von Tastaturk\u00fcrzeln hinzuf\u00fcgen, anstatt auf das Symbol \u201eEinf\u00fcgen\u201c unter der Registerkarte \u201eStartseite\u201c zu klicken.<\/p><h2 class=\"wp-block-heading\"> Tastenkombination zum Einf\u00fcgen einer neuen Zeile in Excel<\/h2><p> <kbd>Alt<\/kbd> \u2192 <kbd>I<\/kbd> \u2192 <kbd>R<\/kbd> <\/p><div class=\"wp-block-image\"><figure class=\"aligncenter size-full is-resized\"><img loading=\"lazy\" decoding=\"async\" class=\"wp-image-67505\" src=\"https:\/\/exceladvisor.org\/wp-content\/uploads\/2023\/08\/1-raccourci-pour-ajouter-une-ligne.png\" sizes=\"auto, \" srcset=\"\" alt=\"Verkn\u00fcpfung zum Hinzuf\u00fcgen einer Zeile\" width=\"790\" height=\"310\"><\/figure><\/div><p> <kbd>Strg<\/kbd> + <kbd>Umschalt<\/kbd> <kbd>++<\/kbd> <\/p><div class=\"wp-block-image\"><figure class=\"aligncenter size-full is-resized\"><img loading=\"lazy\" decoding=\"async\" class=\"wp-image-67506\" src=\"https:\/\/exceladvisor.org\/wp-content\/uploads\/2023\/08\/2-touche-de-raccourci-pour-ajouter-une-ligne.png\" sizes=\"auto, \" srcset=\"\" alt=\"Tastenkombination zum Hinzuf\u00fcgen einer Zeile\" width=\"786\" height=\"308\"><\/figure><\/div><h2 class=\"wp-block-heading\"> Schritte zum Hinzuf\u00fcgen von Zeilen mithilfe einer Tastenkombination<\/h2><h3 class=\"wp-block-heading\"> 1. Verwenden Sie die Tastenkombination Alt \u2192 I \u2192 R<\/h3><ol><li> Klicken Sie zun\u00e4chst auf eine beliebige Zelle in der Zeile dar\u00fcber, zu der Sie die neue leere Zeile hinzuf\u00fcgen m\u00f6chten. <br><img loading=\"lazy\" decoding=\"async\" title=\"3-Klick-auf-Zelle\" src=\"https:\/\/exceladvisor.org\/wp-content\/uploads\/2023\/08\/3-cliquez-sur-la-cellule.png\" sizes=\"auto, \" srcset=\"\" alt=\"click-on-the-cell\" width=\"459\" height=\"210\"><\/li><li> Danach dr\u00fccken Sie einfach \u201eAlt \u2192 I \u2192 R\u201c und die neue Zeile wird \u00fcber der ausgew\u00e4hlten Zelle eingef\u00fcgt. <br><img loading=\"lazy\" decoding=\"async\" title=\"4-neue-Zeile-hinzugef\u00fcgt\" src=\"https:\/\/exceladvisor.org\/wp-content\/uploads\/2023\/08\/4-nouvelle-ligne-ajoutee.png\" sizes=\"auto, \" srcset=\"\" alt=\"added-new-row\" width=\"465\" height=\"232\"><\/li><\/ol><h3 class=\"wp-block-heading\"> 2. Verwenden der Tastenkombination Strg + Umschalt + Pluszeichen (+)<\/h3><ol><li> W\u00e4hlen Sie zun\u00e4chst mit der Tastenkombination \u201eUmschalt + Leertaste\u201c die Zeile aus, \u00fcber der Sie die neue Leerzeile hinzuf\u00fcgen m\u00f6chten. <br><img loading=\"lazy\" decoding=\"async\" title=\"5-Auswahl-Zeile\" src=\"https:\/\/exceladvisor.org\/wp-content\/uploads\/2023\/08\/5-selectionnez-la-ligne.png\" sizes=\"auto, \" srcset=\"\" alt=\"select-the-row\" width=\"485\" height=\"220\"><\/li><li> Dr\u00fccken Sie anschlie\u00dfend die Tastenkombination \u201eStrg + Umschalt + Pluszeichen (+)\u201c und Sie erhalten die neue Leerzeile, die \u00fcber der ausgew\u00e4hlten Zeile eingef\u00fcgt wird. <br><img loading=\"lazy\" decoding=\"async\" title=\"Dr\u00fccken Sie die Tastenkombination 6, um eine Zeile hinzuzuf\u00fcgen\" src=\"https:\/\/exceladvisor.org\/wp-content\/uploads\/2023\/08\/6-appuyez-sur-le-raccourci-pour-ajouter-une-ligne.png\" sizes=\"auto, \" srcset=\"\" alt=\"press-shortcut-to-add-row\" width=\"494\" height=\"250\"><\/li><\/ol><h2 class=\"wp-block-heading\"> Imbissbuden<\/h2><ol><li> Excel f\u00fcgt die Zeile(n) immer \u00fcber der ausgew\u00e4hlten Zeile oder Zelle hinzu. Wir k\u00f6nnen diese Standardeinstellung nicht \u00e4ndern.<\/li><li> Sobald Sie eine Zeile hinzugef\u00fcgt haben, k\u00f6nnen Sie einfach die Tasten \u201eFn + F4\u201c dr\u00fccken, damit Excel die Aufgabe wiederholt, um weitere leere Zeilen hinzuzuf\u00fcgen.<\/li><li> Falls Sie mehrere Datens\u00e4tze im selben Blatt haben, konvertieren Sie den Datensatz in eine Tabelle, da Excel die Zeile von Spalte A bis zum Ende der Spalten im Blatt einf\u00fcgt, es sei denn, Sie haben die Daten in der Tabelle, was zu Unordnung f\u00fchren kann anderer Datensatz. <\/li><\/ol><div class=\"wp-block-group more-tutorials is-layout-flow\"><div class=\"wp-block-group__inner-container\"><h2 class=\"wp-block-heading\"> Weitere Tutorials <\/h2><div class=\"wp-block-columns is-layout-flex wp-container-75\"><div class=\"wp-block-column is-layout-flow\"><ul><li> <a href=\"https:\/\/exceladvisor.org\/de\/spalte-1-hinzufugen\/\">F\u00fcgen Sie eine Spalte hinzu<\/a><\/li><li> <a href=\"https:\/\/exceladvisor.org\/de\/zelle-loschen\/\">Zelle l\u00f6schen<\/a><\/li><li> <a href=\"https:\/\/exceladvisor.org\/de\/zeile-loschen\/\">Zeilen l\u00f6schen<\/a><\/li><li> <a href=\"https:\/\/exceladvisor.org\/de\/zelle-bearbeiten\/\">Zelle bearbeiten<\/a><\/li><\/ul><\/div><\/div><\/div><\/div>","protected":false},"excerpt":{"rendered":"","protected":false},"author":1,"featured_media":0,"parent":0,"menu_order":0,"comment_status":"open","ping_status":"closed","template":"","meta":{"ub_ctt_via":"","footnotes":""},"class_list":["post-3568","page","type-page","status-publish","hentry"],"featured_image_src":null,"yoast_head":"<!-- This site is optimized with the Yoast SEO plugin v25.4 - https:\/\/yoast.com\/wordpress\/plugins\/seo\/ -->\n<title>Was ist die Tastenkombination zum Einf\u00fcgen einer neuen Zeile?<\/title>\n<meta name=\"description\" content=\"Erfahren Sie, wie Sie mithilfe einer Tastenkombination eine Zeile zu einem Arbeitsblatt in Excel hinzuf\u00fcgen. Lassen Sie uns das \u00fcberpr\u00fcfen ...\" \/>\n<meta name=\"robots\" content=\"index, follow, max-snippet:-1, max-image-preview:large, max-video-preview:-1\" \/>\n<link rel=\"canonical\" href=\"https:\/\/exceladvisor.org\/de\/eine-zeile-einfugen\/\" \/>\n<meta property=\"og:locale\" content=\"de_DE\" \/>\n<meta property=\"og:type\" content=\"article\" \/>\n<meta property=\"og:title\" content=\"Was ist die Tastenkombination zum Einf\u00fcgen einer neuen Zeile?\" \/>\n<meta property=\"og:description\" content=\"Erfahren Sie, wie Sie mithilfe einer Tastenkombination eine Zeile zu einem Arbeitsblatt in Excel hinzuf\u00fcgen. Lassen Sie uns das \u00fcberpr\u00fcfen ...\" \/>\n<meta property=\"og:url\" content=\"https:\/\/exceladvisor.org\/de\/eine-zeile-einfugen\/\" \/>\n<meta property=\"og:site_name\" content=\"Excel Advisor\" \/>\n<meta property=\"article:modified_time\" content=\"2023-12-03T11:20:43+00:00\" \/>\n<meta property=\"og:image\" content=\"https:\/\/exceladvisor.org\/wp-content\/uploads\/2023\/08\/1-raccourci-pour-ajouter-une-ligne.png\" \/>\n<meta name=\"twitter:card\" content=\"summary_large_image\" \/>\n<meta name=\"twitter:label1\" content=\"Gesch\u00e4tzte Lesezeit\" \/>\n\t<meta name=\"twitter:data1\" content=\"2\u00a0Minuten\" \/>\n<script type=\"application\/ld+json\" class=\"yoast-schema-graph\">{\"@context\":\"https:\/\/schema.org\",\"@graph\":[{\"@type\":\"WebPage\",\"@id\":\"https:\/\/exceladvisor.org\/de\/eine-zeile-einfugen\/\",\"url\":\"https:\/\/exceladvisor.org\/de\/eine-zeile-einfugen\/\",\"name\":\"Was ist die Tastenkombination zum Einf\u00fcgen einer neuen Zeile?\",\"isPartOf\":{\"@id\":\"https:\/\/exceladvisor.org\/de\/#website\"},\"primaryImageOfPage\":{\"@id\":\"https:\/\/exceladvisor.org\/de\/eine-zeile-einfugen\/#primaryimage\"},\"image\":{\"@id\":\"https:\/\/exceladvisor.org\/de\/eine-zeile-einfugen\/#primaryimage\"},\"thumbnailUrl\":\"https:\/\/exceladvisor.org\/wp-content\/uploads\/2023\/08\/1-raccourci-pour-ajouter-une-ligne.png\",\"datePublished\":\"2023-10-20T06:06:43+00:00\",\"dateModified\":\"2023-12-03T11:20:43+00:00\",\"description\":\"Erfahren Sie, wie Sie mithilfe einer Tastenkombination eine Zeile zu einem Arbeitsblatt in Excel hinzuf\u00fcgen. Lassen Sie uns das \u00fcberpr\u00fcfen ...\",\"breadcrumb\":{\"@id\":\"https:\/\/exceladvisor.org\/de\/eine-zeile-einfugen\/#breadcrumb\"},\"inLanguage\":\"de\",\"potentialAction\":[{\"@type\":\"ReadAction\",\"target\":[\"https:\/\/exceladvisor.org\/de\/eine-zeile-einfugen\/\"]}]},{\"@type\":\"ImageObject\",\"inLanguage\":\"de\",\"@id\":\"https:\/\/exceladvisor.org\/de\/eine-zeile-einfugen\/#primaryimage\",\"url\":\"https:\/\/exceladvisor.org\/wp-content\/uploads\/2023\/08\/1-raccourci-pour-ajouter-une-ligne.png\",\"contentUrl\":\"https:\/\/exceladvisor.org\/wp-content\/uploads\/2023\/08\/1-raccourci-pour-ajouter-une-ligne.png\"},{\"@type\":\"BreadcrumbList\",\"@id\":\"https:\/\/exceladvisor.org\/de\/eine-zeile-einfugen\/#breadcrumb\",\"itemListElement\":[{\"@type\":\"ListItem\",\"position\":1,\"name\":\"Accueil\",\"item\":\"https:\/\/exceladvisor.org\/de\/\"},{\"@type\":\"ListItem\",\"position\":2,\"name\":\"Wie f\u00fcge ich eine zeile mithilfe einer excel-verkn\u00fcpfung ein?\"}]},{\"@type\":\"WebSite\",\"@id\":\"https:\/\/exceladvisor.org\/de\/#website\",\"url\":\"https:\/\/exceladvisor.org\/de\/\",\"name\":\"Excel Advisor\",\"description\":\"Ihr Leitfaden zur Datendominanz\",\"publisher\":{\"@id\":\"https:\/\/exceladvisor.org\/de\/#organization\"},\"potentialAction\":[{\"@type\":\"SearchAction\",\"target\":{\"@type\":\"EntryPoint\",\"urlTemplate\":\"https:\/\/exceladvisor.org\/de\/?s={search_term_string}\"},\"query-input\":{\"@type\":\"PropertyValueSpecification\",\"valueRequired\":true,\"valueName\":\"search_term_string\"}}],\"inLanguage\":\"de\"},{\"@type\":\"Organization\",\"@id\":\"https:\/\/exceladvisor.org\/de\/#organization\",\"name\":\"Excel Advisor\",\"url\":\"https:\/\/exceladvisor.org\/de\/\",\"logo\":{\"@type\":\"ImageObject\",\"inLanguage\":\"de\",\"@id\":\"https:\/\/exceladvisor.org\/de\/#\/schema\/logo\/image\/\",\"url\":\"https:\/\/exceladvisor.org\/de\/wp-content\/uploads\/2023\/11\/exceladvisor.org_.png\",\"contentUrl\":\"https:\/\/exceladvisor.org\/de\/wp-content\/uploads\/2023\/11\/exceladvisor.org_.png\",\"width\":105,\"height\":36,\"caption\":\"Excel Advisor\"},\"image\":{\"@id\":\"https:\/\/exceladvisor.org\/de\/#\/schema\/logo\/image\/\"}}]}<\/script>\n<!-- \/ Yoast SEO plugin. -->","yoast_head_json":{"title":"Was ist die Tastenkombination zum Einf\u00fcgen einer neuen Zeile?","description":"Erfahren Sie, wie Sie mithilfe einer Tastenkombination eine Zeile zu einem Arbeitsblatt in Excel hinzuf\u00fcgen. Lassen Sie uns das \u00fcberpr\u00fcfen ...","robots":{"index":"index","follow":"follow","max-snippet":"max-snippet:-1","max-image-preview":"max-image-preview:large","max-video-preview":"max-video-preview:-1"},"canonical":"https:\/\/exceladvisor.org\/de\/eine-zeile-einfugen\/","og_locale":"de_DE","og_type":"article","og_title":"Was ist die Tastenkombination zum Einf\u00fcgen einer neuen Zeile?","og_description":"Erfahren Sie, wie Sie mithilfe einer Tastenkombination eine Zeile zu einem Arbeitsblatt in Excel hinzuf\u00fcgen. Lassen Sie uns das \u00fcberpr\u00fcfen ...","og_url":"https:\/\/exceladvisor.org\/de\/eine-zeile-einfugen\/","og_site_name":"Excel Advisor","article_modified_time":"2023-12-03T11:20:43+00:00","og_image":[{"url":"https:\/\/exceladvisor.org\/wp-content\/uploads\/2023\/08\/1-raccourci-pour-ajouter-une-ligne.png","type":"","width":"","height":""}],"twitter_card":"summary_large_image","twitter_misc":{"Gesch\u00e4tzte Lesezeit":"2\u00a0Minuten"},"schema":{"@context":"https:\/\/schema.org","@graph":[{"@type":"WebPage","@id":"https:\/\/exceladvisor.org\/de\/eine-zeile-einfugen\/","url":"https:\/\/exceladvisor.org\/de\/eine-zeile-einfugen\/","name":"Was ist die Tastenkombination zum Einf\u00fcgen einer neuen Zeile?","isPartOf":{"@id":"https:\/\/exceladvisor.org\/de\/#website"},"primaryImageOfPage":{"@id":"https:\/\/exceladvisor.org\/de\/eine-zeile-einfugen\/#primaryimage"},"image":{"@id":"https:\/\/exceladvisor.org\/de\/eine-zeile-einfugen\/#primaryimage"},"thumbnailUrl":"https:\/\/exceladvisor.org\/wp-content\/uploads\/2023\/08\/1-raccourci-pour-ajouter-une-ligne.png","datePublished":"2023-10-20T06:06:43+00:00","dateModified":"2023-12-03T11:20:43+00:00","description":"Erfahren Sie, wie Sie mithilfe einer Tastenkombination eine Zeile zu einem Arbeitsblatt in Excel hinzuf\u00fcgen. Lassen Sie uns das \u00fcberpr\u00fcfen ...","breadcrumb":{"@id":"https:\/\/exceladvisor.org\/de\/eine-zeile-einfugen\/#breadcrumb"},"inLanguage":"de","potentialAction":[{"@type":"ReadAction","target":["https:\/\/exceladvisor.org\/de\/eine-zeile-einfugen\/"]}]},{"@type":"ImageObject","inLanguage":"de","@id":"https:\/\/exceladvisor.org\/de\/eine-zeile-einfugen\/#primaryimage","url":"https:\/\/exceladvisor.org\/wp-content\/uploads\/2023\/08\/1-raccourci-pour-ajouter-une-ligne.png","contentUrl":"https:\/\/exceladvisor.org\/wp-content\/uploads\/2023\/08\/1-raccourci-pour-ajouter-une-ligne.png"},{"@type":"BreadcrumbList","@id":"https:\/\/exceladvisor.org\/de\/eine-zeile-einfugen\/#breadcrumb","itemListElement":[{"@type":"ListItem","position":1,"name":"Accueil","item":"https:\/\/exceladvisor.org\/de\/"},{"@type":"ListItem","position":2,"name":"Wie f\u00fcge ich eine zeile mithilfe einer excel-verkn\u00fcpfung ein?"}]},{"@type":"WebSite","@id":"https:\/\/exceladvisor.org\/de\/#website","url":"https:\/\/exceladvisor.org\/de\/","name":"Excel Advisor","description":"Ihr Leitfaden zur Datendominanz","publisher":{"@id":"https:\/\/exceladvisor.org\/de\/#organization"},"potentialAction":[{"@type":"SearchAction","target":{"@type":"EntryPoint","urlTemplate":"https:\/\/exceladvisor.org\/de\/?s={search_term_string}"},"query-input":{"@type":"PropertyValueSpecification","valueRequired":true,"valueName":"search_term_string"}}],"inLanguage":"de"},{"@type":"Organization","@id":"https:\/\/exceladvisor.org\/de\/#organization","name":"Excel Advisor","url":"https:\/\/exceladvisor.org\/de\/","logo":{"@type":"ImageObject","inLanguage":"de","@id":"https:\/\/exceladvisor.org\/de\/#\/schema\/logo\/image\/","url":"https:\/\/exceladvisor.org\/de\/wp-content\/uploads\/2023\/11\/exceladvisor.org_.png","contentUrl":"https:\/\/exceladvisor.org\/de\/wp-content\/uploads\/2023\/11\/exceladvisor.org_.png","width":105,"height":36,"caption":"Excel Advisor"},"image":{"@id":"https:\/\/exceladvisor.org\/de\/#\/schema\/logo\/image\/"}}]}},"yoast_meta":{"yoast_wpseo_title":"","yoast_wpseo_metadesc":"","yoast_wpseo_canonical":""},"_links":{"self":[{"href":"https:\/\/exceladvisor.org\/de\/wp-json\/wp\/v2\/pages\/3568","targetHints":{"allow":["GET"]}}],"collection":[{"href":"https:\/\/exceladvisor.org\/de\/wp-json\/wp\/v2\/pages"}],"about":[{"href":"https:\/\/exceladvisor.org\/de\/wp-json\/wp\/v2\/types\/page"}],"author":[{"embeddable":true,"href":"https:\/\/exceladvisor.org\/de\/wp-json\/wp\/v2\/users\/1"}],"replies":[{"embeddable":true,"href":"https:\/\/exceladvisor.org\/de\/wp-json\/wp\/v2\/comments?post=3568"}],"version-history":[{"count":1,"href":"https:\/\/exceladvisor.org\/de\/wp-json\/wp\/v2\/pages\/3568\/revisions"}],"predecessor-version":[{"id":4023,"href":"https:\/\/exceladvisor.org\/de\/wp-json\/wp\/v2\/pages\/3568\/revisions\/4023"}],"wp:attachment":[{"href":"https:\/\/exceladvisor.org\/de\/wp-json\/wp\/v2\/media?parent=3568"}],"curies":[{"name":"wp","href":"https:\/\/api.w.org\/{rel}","templated":true}]}}