{"id":3569,"date":"2023-10-20T05:39:06","date_gmt":"2023-10-20T05:39:06","guid":{"rendered":"https:\/\/exceladvisor.org\/de\/zelle-bearbeiten\/"},"modified":"2023-12-03T11:13:49","modified_gmt":"2023-12-03T11:13:49","slug":"zelle-bearbeiten","status":"publish","type":"page","link":"https:\/\/exceladvisor.org\/de\/zelle-bearbeiten\/","title":{"rendered":"Wie bearbeite ich zellen mit einer excel-verkn\u00fcpfung?"},"content":{"rendered":"<div class=\"excel-vor-dem-inhalt\" id=\"excel-2203606138\"><script type=\"text\/javascript\">\r\n\tatOptions = {\r\n\t\t'key' : 'c1158f160081d6540a8409e6925dab94',\r\n\t\t'format' : 'iframe',\r\n\t\t'height' : 250,\r\n\t\t'width' : 300,\r\n\t\t'params' : {}\r\n\t};\r\n<\/script>\r\n<script type=\"text\/javascript\" src=\"\/\/www.highperformanceformat.com\/c1158f160081d6540a8409e6925dab94\/invoke.js\"><\/script><\/div> <p>In Excel ist das Bearbeiten einer Zelle eine sehr h\u00e4ufig verwendete Aufgabe. Wenn der Benutzer einen in die Zelle eingegebenen Wert oder eine Formel \u00e4ndern muss.<\/p><p> Er\/Sie kann die Zelle jederzeit manuell bearbeiten, indem er auf die Zelle doppelklickt oder die Tastenkombination verwendet. Wenn Sie die aktive Zelle in den Bearbeitungsmodus verschieben, werden Sie die blinkende gerade Linie in der Zelle bemerken. <\/p><div class=\"wp-block-image\"><figure class=\"aligncenter size-full is-resized\"><img loading=\"lazy\" decoding=\"async\" class=\"wp-image-69438\" src=\"https:\/\/exceladvisor.org\/wp-content\/uploads\/2023\/08\/1-cellule-en-mode-edition.png\" sizes=\"auto, \" srcset=\"\" alt=\"Zelle im Bearbeitungsmodus\" width=\"578\" height=\"243\"><\/figure><\/div><h2 class=\"wp-block-heading\"> Tastenkombination zum Bearbeiten einer Zelle in Excel<\/h2><p> <kbd>Fn<\/kbd> (Funktionstaste) + <kbd>F2<\/kbd> <\/p><div class=\"wp-block-image\"><figure class=\"aligncenter size-full is-resized\"><img loading=\"lazy\" decoding=\"async\" class=\"wp-image-69439\" src=\"https:\/\/exceladvisor.org\/wp-content\/uploads\/2023\/08\/2-raccourci-clavier-pour-modifier-la-cellule.png\" sizes=\"auto, \" srcset=\"\" alt=\"Tastenkombination zum Bearbeiten einer Zelle\" width=\"812\" height=\"318\"><\/figure><\/div><h2 class=\"wp-block-heading\"> Schritte zum Bearbeiten einer Zelle mithilfe einer Tastenkombination<\/h2><ol><li> Navigieren Sie zun\u00e4chst zu der Zelle, die Sie bearbeiten m\u00f6chten.<\/li><li> Danach dr\u00fccken Sie einfach die Tasten \u201eFn+F2\u201c und Ihre aktive Zelle wechselt in den Bearbeitungsmodus und Sie sehen die blinkende gerade Linie in der Zelle am Ende Ihres Werts oder Ihrer Formel in der Zelle.<\/li><li> Jetzt k\u00f6nnen Sie mit der linken und rechten Navigationstaste auf der Tastatur die blinkende Linie nach links und rechts verschieben, um das gew\u00fcnschte Zeichen in der Zelle zu \u00e4ndern.<\/li><li> Wenn Sie mit der Bearbeitung fertig sind, dr\u00fccken Sie einfach die Eingabetaste, um die Zelle wieder zu aktivieren.<\/li><\/ol><h2 class=\"wp-block-heading\"> Imbissbuden<\/h2><ul><li> Benutzer k\u00f6nnen jeweils eine Zelle bearbeiten.<\/li><li> Standardm\u00e4\u00dfig erfolgt die Bearbeitung in der Zelle, aber der Benutzer kann die Standardeinstellungen \u00e4ndern, indem er das Kontrollk\u00e4stchen \u201eBearbeitung direkt in Zellen zulassen\u201c unter der Option \u201eErweitert\u201c deaktiviert, um die Bearbeitung in der Zelle vorzunehmen. Leiste \u201eFormel\u201c. <\/li><\/ul><div class=\"wp-block-image\"><figure class=\"aligncenter size-full is-resized\"><img loading=\"lazy\" decoding=\"async\" class=\"wp-image-69440\" src=\"https:\/\/exceladvisor.org\/wp-content\/uploads\/2023\/08\/Boite-de-dialogue-des-3-options-Excel.png\" sizes=\"auto, \" srcset=\"\" alt=\"Dialogfeld \u201eExcel-Optionen\u201c.\" width=\"614\" height=\"504\"><\/figure><\/div><div class=\"wp-block-group more-tutorials is-layout-flow\"><div class=\"wp-block-group__inner-container\"><h2 class=\"wp-block-heading\"> Weitere Tutorials <\/h2><div class=\"wp-block-columns is-layout-flex wp-container-63\"><div class=\"wp-block-column is-layout-flow\"><ul><li> <a href=\"https:\/\/exceladvisor.org\/de\/spalte-1-hinzufugen\/\">F\u00fcgen Sie eine Spalte hinzu<\/a><\/li><li> <a href=\"https:\/\/exceladvisor.org\/de\/zelle-loschen\/\">Zelle l\u00f6schen<\/a><\/li><li> <a href=\"https:\/\/exceladvisor.org\/de\/zeile-loschen\/\">Zeilen l\u00f6schen<\/a><\/li><li> <a href=\"https:\/\/exceladvisor.org\/de\/spalten-anzeigen\/\">Spalten anzeigen<\/a><\/li><\/ul><\/div><\/div><\/div><\/div>","protected":false},"excerpt":{"rendered":"","protected":false},"author":1,"featured_media":0,"parent":0,"menu_order":0,"comment_status":"open","ping_status":"closed","template":"","meta":{"ub_ctt_via":"","footnotes":""},"class_list":["post-3569","page","type-page","status-publish","hentry"],"featured_image_src":null,"yoast_head":"<!-- This site is optimized with the Yoast SEO plugin v25.4 - https:\/\/yoast.com\/wordpress\/plugins\/seo\/ -->\n<title>\u25b7 Wie bearbeite ich Zellen mit einer Excel-Verkn\u00fcpfung?<\/title>\n<meta name=\"description\" content=\"Erfahren Sie, wie Sie mithilfe einer Tastenkombination eine Bearbeitungszelle in Excel anwenden. Jetzt enth\u00e4lt diese Tastenkombination ...\" \/>\n<meta name=\"robots\" content=\"index, follow, max-snippet:-1, max-image-preview:large, max-video-preview:-1\" \/>\n<link rel=\"canonical\" href=\"https:\/\/exceladvisor.org\/de\/zelle-bearbeiten\/\" \/>\n<meta property=\"og:locale\" content=\"de_DE\" \/>\n<meta property=\"og:type\" content=\"article\" \/>\n<meta property=\"og:title\" content=\"\u25b7 Wie bearbeite ich Zellen mit einer Excel-Verkn\u00fcpfung?\" \/>\n<meta property=\"og:description\" content=\"Erfahren Sie, wie Sie mithilfe einer Tastenkombination eine Bearbeitungszelle in Excel anwenden. Jetzt enth\u00e4lt diese Tastenkombination ...\" \/>\n<meta property=\"og:url\" content=\"https:\/\/exceladvisor.org\/de\/zelle-bearbeiten\/\" \/>\n<meta property=\"og:site_name\" content=\"Excel Advisor\" \/>\n<meta property=\"article:modified_time\" content=\"2023-12-03T11:13:49+00:00\" \/>\n<meta property=\"og:image\" content=\"https:\/\/exceladvisor.org\/wp-content\/uploads\/2023\/08\/1-cellule-en-mode-edition.png\" \/>\n<meta name=\"twitter:card\" content=\"summary_large_image\" \/>\n<meta name=\"twitter:label1\" content=\"Gesch\u00e4tzte Lesezeit\" \/>\n\t<meta name=\"twitter:data1\" content=\"1\u00a0Minute\" \/>\n<script type=\"application\/ld+json\" class=\"yoast-schema-graph\">{\"@context\":\"https:\/\/schema.org\",\"@graph\":[{\"@type\":\"WebPage\",\"@id\":\"https:\/\/exceladvisor.org\/de\/zelle-bearbeiten\/\",\"url\":\"https:\/\/exceladvisor.org\/de\/zelle-bearbeiten\/\",\"name\":\"\u25b7 Wie bearbeite ich Zellen mit einer Excel-Verkn\u00fcpfung?\",\"isPartOf\":{\"@id\":\"https:\/\/exceladvisor.org\/de\/#website\"},\"primaryImageOfPage\":{\"@id\":\"https:\/\/exceladvisor.org\/de\/zelle-bearbeiten\/#primaryimage\"},\"image\":{\"@id\":\"https:\/\/exceladvisor.org\/de\/zelle-bearbeiten\/#primaryimage\"},\"thumbnailUrl\":\"https:\/\/exceladvisor.org\/wp-content\/uploads\/2023\/08\/1-cellule-en-mode-edition.png\",\"datePublished\":\"2023-10-20T05:39:06+00:00\",\"dateModified\":\"2023-12-03T11:13:49+00:00\",\"description\":\"Erfahren Sie, wie Sie mithilfe einer Tastenkombination eine Bearbeitungszelle in Excel anwenden. Jetzt enth\u00e4lt diese Tastenkombination ...\",\"breadcrumb\":{\"@id\":\"https:\/\/exceladvisor.org\/de\/zelle-bearbeiten\/#breadcrumb\"},\"inLanguage\":\"de\",\"potentialAction\":[{\"@type\":\"ReadAction\",\"target\":[\"https:\/\/exceladvisor.org\/de\/zelle-bearbeiten\/\"]}]},{\"@type\":\"ImageObject\",\"inLanguage\":\"de\",\"@id\":\"https:\/\/exceladvisor.org\/de\/zelle-bearbeiten\/#primaryimage\",\"url\":\"https:\/\/exceladvisor.org\/wp-content\/uploads\/2023\/08\/1-cellule-en-mode-edition.png\",\"contentUrl\":\"https:\/\/exceladvisor.org\/wp-content\/uploads\/2023\/08\/1-cellule-en-mode-edition.png\"},{\"@type\":\"BreadcrumbList\",\"@id\":\"https:\/\/exceladvisor.org\/de\/zelle-bearbeiten\/#breadcrumb\",\"itemListElement\":[{\"@type\":\"ListItem\",\"position\":1,\"name\":\"Accueil\",\"item\":\"https:\/\/exceladvisor.org\/de\/\"},{\"@type\":\"ListItem\",\"position\":2,\"name\":\"Wie bearbeite ich zellen mit einer excel-verkn\u00fcpfung?\"}]},{\"@type\":\"WebSite\",\"@id\":\"https:\/\/exceladvisor.org\/de\/#website\",\"url\":\"https:\/\/exceladvisor.org\/de\/\",\"name\":\"Excel Advisor\",\"description\":\"Ihr Leitfaden zur Datendominanz\",\"publisher\":{\"@id\":\"https:\/\/exceladvisor.org\/de\/#organization\"},\"potentialAction\":[{\"@type\":\"SearchAction\",\"target\":{\"@type\":\"EntryPoint\",\"urlTemplate\":\"https:\/\/exceladvisor.org\/de\/?s={search_term_string}\"},\"query-input\":{\"@type\":\"PropertyValueSpecification\",\"valueRequired\":true,\"valueName\":\"search_term_string\"}}],\"inLanguage\":\"de\"},{\"@type\":\"Organization\",\"@id\":\"https:\/\/exceladvisor.org\/de\/#organization\",\"name\":\"Excel Advisor\",\"url\":\"https:\/\/exceladvisor.org\/de\/\",\"logo\":{\"@type\":\"ImageObject\",\"inLanguage\":\"de\",\"@id\":\"https:\/\/exceladvisor.org\/de\/#\/schema\/logo\/image\/\",\"url\":\"https:\/\/exceladvisor.org\/de\/wp-content\/uploads\/2023\/11\/exceladvisor.org_.png\",\"contentUrl\":\"https:\/\/exceladvisor.org\/de\/wp-content\/uploads\/2023\/11\/exceladvisor.org_.png\",\"width\":105,\"height\":36,\"caption\":\"Excel Advisor\"},\"image\":{\"@id\":\"https:\/\/exceladvisor.org\/de\/#\/schema\/logo\/image\/\"}}]}<\/script>\n<!-- \/ Yoast SEO plugin. -->","yoast_head_json":{"title":"\u25b7 Wie bearbeite ich Zellen mit einer Excel-Verkn\u00fcpfung?","description":"Erfahren Sie, wie Sie mithilfe einer Tastenkombination eine Bearbeitungszelle in Excel anwenden. Jetzt enth\u00e4lt diese Tastenkombination ...","robots":{"index":"index","follow":"follow","max-snippet":"max-snippet:-1","max-image-preview":"max-image-preview:large","max-video-preview":"max-video-preview:-1"},"canonical":"https:\/\/exceladvisor.org\/de\/zelle-bearbeiten\/","og_locale":"de_DE","og_type":"article","og_title":"\u25b7 Wie bearbeite ich Zellen mit einer Excel-Verkn\u00fcpfung?","og_description":"Erfahren Sie, wie Sie mithilfe einer Tastenkombination eine Bearbeitungszelle in Excel anwenden. Jetzt enth\u00e4lt diese Tastenkombination ...","og_url":"https:\/\/exceladvisor.org\/de\/zelle-bearbeiten\/","og_site_name":"Excel Advisor","article_modified_time":"2023-12-03T11:13:49+00:00","og_image":[{"url":"https:\/\/exceladvisor.org\/wp-content\/uploads\/2023\/08\/1-cellule-en-mode-edition.png","type":"","width":"","height":""}],"twitter_card":"summary_large_image","twitter_misc":{"Gesch\u00e4tzte Lesezeit":"1\u00a0Minute"},"schema":{"@context":"https:\/\/schema.org","@graph":[{"@type":"WebPage","@id":"https:\/\/exceladvisor.org\/de\/zelle-bearbeiten\/","url":"https:\/\/exceladvisor.org\/de\/zelle-bearbeiten\/","name":"\u25b7 Wie bearbeite ich Zellen mit einer Excel-Verkn\u00fcpfung?","isPartOf":{"@id":"https:\/\/exceladvisor.org\/de\/#website"},"primaryImageOfPage":{"@id":"https:\/\/exceladvisor.org\/de\/zelle-bearbeiten\/#primaryimage"},"image":{"@id":"https:\/\/exceladvisor.org\/de\/zelle-bearbeiten\/#primaryimage"},"thumbnailUrl":"https:\/\/exceladvisor.org\/wp-content\/uploads\/2023\/08\/1-cellule-en-mode-edition.png","datePublished":"2023-10-20T05:39:06+00:00","dateModified":"2023-12-03T11:13:49+00:00","description":"Erfahren Sie, wie Sie mithilfe einer Tastenkombination eine Bearbeitungszelle in Excel anwenden. Jetzt enth\u00e4lt diese Tastenkombination ...","breadcrumb":{"@id":"https:\/\/exceladvisor.org\/de\/zelle-bearbeiten\/#breadcrumb"},"inLanguage":"de","potentialAction":[{"@type":"ReadAction","target":["https:\/\/exceladvisor.org\/de\/zelle-bearbeiten\/"]}]},{"@type":"ImageObject","inLanguage":"de","@id":"https:\/\/exceladvisor.org\/de\/zelle-bearbeiten\/#primaryimage","url":"https:\/\/exceladvisor.org\/wp-content\/uploads\/2023\/08\/1-cellule-en-mode-edition.png","contentUrl":"https:\/\/exceladvisor.org\/wp-content\/uploads\/2023\/08\/1-cellule-en-mode-edition.png"},{"@type":"BreadcrumbList","@id":"https:\/\/exceladvisor.org\/de\/zelle-bearbeiten\/#breadcrumb","itemListElement":[{"@type":"ListItem","position":1,"name":"Accueil","item":"https:\/\/exceladvisor.org\/de\/"},{"@type":"ListItem","position":2,"name":"Wie bearbeite ich zellen mit einer excel-verkn\u00fcpfung?"}]},{"@type":"WebSite","@id":"https:\/\/exceladvisor.org\/de\/#website","url":"https:\/\/exceladvisor.org\/de\/","name":"Excel Advisor","description":"Ihr Leitfaden zur Datendominanz","publisher":{"@id":"https:\/\/exceladvisor.org\/de\/#organization"},"potentialAction":[{"@type":"SearchAction","target":{"@type":"EntryPoint","urlTemplate":"https:\/\/exceladvisor.org\/de\/?s={search_term_string}"},"query-input":{"@type":"PropertyValueSpecification","valueRequired":true,"valueName":"search_term_string"}}],"inLanguage":"de"},{"@type":"Organization","@id":"https:\/\/exceladvisor.org\/de\/#organization","name":"Excel Advisor","url":"https:\/\/exceladvisor.org\/de\/","logo":{"@type":"ImageObject","inLanguage":"de","@id":"https:\/\/exceladvisor.org\/de\/#\/schema\/logo\/image\/","url":"https:\/\/exceladvisor.org\/de\/wp-content\/uploads\/2023\/11\/exceladvisor.org_.png","contentUrl":"https:\/\/exceladvisor.org\/de\/wp-content\/uploads\/2023\/11\/exceladvisor.org_.png","width":105,"height":36,"caption":"Excel Advisor"},"image":{"@id":"https:\/\/exceladvisor.org\/de\/#\/schema\/logo\/image\/"}}]}},"yoast_meta":{"yoast_wpseo_title":"","yoast_wpseo_metadesc":"","yoast_wpseo_canonical":""},"_links":{"self":[{"href":"https:\/\/exceladvisor.org\/de\/wp-json\/wp\/v2\/pages\/3569","targetHints":{"allow":["GET"]}}],"collection":[{"href":"https:\/\/exceladvisor.org\/de\/wp-json\/wp\/v2\/pages"}],"about":[{"href":"https:\/\/exceladvisor.org\/de\/wp-json\/wp\/v2\/types\/page"}],"author":[{"embeddable":true,"href":"https:\/\/exceladvisor.org\/de\/wp-json\/wp\/v2\/users\/1"}],"replies":[{"embeddable":true,"href":"https:\/\/exceladvisor.org\/de\/wp-json\/wp\/v2\/comments?post=3569"}],"version-history":[{"count":1,"href":"https:\/\/exceladvisor.org\/de\/wp-json\/wp\/v2\/pages\/3569\/revisions"}],"predecessor-version":[{"id":3860,"href":"https:\/\/exceladvisor.org\/de\/wp-json\/wp\/v2\/pages\/3569\/revisions\/3860"}],"wp:attachment":[{"href":"https:\/\/exceladvisor.org\/de\/wp-json\/wp\/v2\/media?parent=3569"}],"curies":[{"name":"wp","href":"https:\/\/api.w.org\/{rel}","templated":true}]}}