{"id":3570,"date":"2023-10-20T04:51:31","date_gmt":"2023-10-20T04:51:31","guid":{"rendered":"https:\/\/exceladvisor.org\/de\/malerformat-1\/"},"modified":"2023-12-03T11:12:27","modified_gmt":"2023-12-03T11:12:27","slug":"malerformat-1","status":"publish","type":"page","link":"https:\/\/exceladvisor.org\/de\/malerformat-1\/","title":{"rendered":"Excel-tastenkombination f\u00fcr format painter"},"content":{"rendered":"<div class=\"excel-vor-dem-inhalt\" id=\"excel-1711068668\"><script type=\"text\/javascript\">\r\n\tatOptions = {\r\n\t\t'key' : 'c1158f160081d6540a8409e6925dab94',\r\n\t\t'format' : 'iframe',\r\n\t\t'height' : 250,\r\n\t\t'width' : 300,\r\n\t\t'params' : {}\r\n\t};\r\n<\/script>\r\n<script type=\"text\/javascript\" src=\"\/\/www.highperformanceformat.com\/c1158f160081d6540a8409e6925dab94\/invoke.js\"><\/script><\/div> <p>Format Painter in Excel ist eine Funktion, die nur zum Kopieren und Einf\u00fcgen von Zellformatierungen verwendet wird.<\/p><p> Es kopiert alle auf Zellen angewendeten Formatierungen wie Hintergrundfarbe, Schriftfarbe, Schriftgr\u00f6\u00dfe, Rahmen, Zahlenformat usw. und f\u00fcgt sie ein. Bei diesem Benutzer k\u00f6nnen Sie also nur die Zellenformatierung einf\u00fcgen und den Wert ausschlie\u00dfen.<\/p><p> Benutzer k\u00f6nnen Format Painter manuell oder \u00fcber Tastaturk\u00fcrzel verwenden. In diesem Tutorial haben wir eine Tastenkombination f\u00fcr die Verwendung von Format Painter erkl\u00e4rt.<\/p><h2 class=\"wp-block-heading\"> Tastenkombination zum Format Painter in Excel<\/h2><p> Sie finden mehrere Tastaturk\u00fcrzel f\u00fcr die Verwendung von Format Painter, aber wir haben die beste und schnellste Tastenkombination unten erkl\u00e4rt: <\/p><div class=\"wp-block-image\"><figure class=\"aligncenter size-full is-resized\"><img loading=\"lazy\" decoding=\"async\" class=\"wp-image-69447\" src=\"https:\/\/exceladvisor.org\/wp-content\/uploads\/2023\/08\/1-raccourci-clavier-pour-formater-le-peintre.png\" sizes=\"auto, \" srcset=\"\" alt=\"Tastaturk\u00fcrzel-zu-Format-Painter\" width=\"770\" height=\"302\"><\/figure><\/div><p> <kbd>Strg<\/kbd> + <kbd>Alt<\/kbd> + <kbd>V<\/kbd> \u2192 <kbd>T<\/kbd><\/p><h2 class=\"wp-block-heading\"> Schritte zum Formatieren von Painter mithilfe einer Tastenkombination<\/h2><ol><li> Gehen Sie zun\u00e4chst zu der Zelle oder dem Zellbereich, deren Formatierung Sie kopieren und einf\u00fcgen m\u00f6chten, und dr\u00fccken Sie die Tasten \u201eStrg + C\u201c, um die Zellen zu kopieren.<\/li><li> Gehen Sie danach zu der Zelle, in die Sie die Zellformatierung einf\u00fcgen m\u00f6chten, und halten Sie die Tasten \u201eStrg\u201c + \u201eAlt\u201c gedr\u00fcckt. Dr\u00fccken Sie dann \u201eV\u201c, um das Dialogfeld \u201eInhalte einf\u00fcgen\u201c zu \u00f6ffnen, und lassen Sie dann die Tasten los.<\/li><li> Dr\u00fccken Sie nun \u201eT\u201c, um das Optionsfeld auf die Option \u201eFormate\u201c zu verschieben, dr\u00fccken Sie dann die \u201eEnter\u201c-Taste und Ihre Formatierung wird eingef\u00fcgt. <\/li><\/ol><div class=\"wp-block-image\"><figure class=\"aligncenter size-full is-resized\"><img loading=\"lazy\" decoding=\"async\" class=\"wp-image-69448\" src=\"https:\/\/exceladvisor.org\/wp-content\/uploads\/2023\/08\/2-coller-la-boite-de-dialogue-speciale.png\" sizes=\"auto, \" srcset=\"\" alt=\"Spezialdialogfeld einf\u00fcgen\" width=\"554\" height=\"414\"><\/figure><\/div><div class=\"gb-container gb-container-2116538e gb-container-mt\"> <a class=\"gb-button gb-button-f7d2c131 gb-button-text gb-button-mt-button\" href=\"https:\/\/exceladvisor.org\/de\/tastaturkurzel\/\">Tastenkombinationen f\u00fcr Excel-PDFs<\/a><h2 class=\"gb-headline gb-headline-7ed68554 gb-headline-text gb-headline-mt-heading\"> Weitere Verkn\u00fcpfungen <\/h2><div class=\"gb-grid-wrapper gb-grid-wrapper-edeef538 gb-grid-wrapper-mt-grid\"><div class=\"gb-grid-column gb-grid-column-6ab6fbc6\"><div class=\"gb-container gb-container-6ab6fbc6\"><ul><li> <a href=\"https:\/\/exceladvisor.org\/de\/optionen-zum-offnen-von-zellenformaten\/\">Option zum \u00d6ffnen von Formatzellen<\/a><\/li><li> <a href=\"https:\/\/exceladvisor.org\/de\/automatische-anpassung\/\">Automatische Anpassung<\/a><\/li><li> Zeilenumbruch<\/li><li> <a href=\"https:\/\/exceladvisor.org\/de\/fuge-kommentare-hinzu\/\">F\u00fcge Kommentare hinzu<\/a><\/li><\/ul><\/div><\/div><\/div><\/div>","protected":false},"excerpt":{"rendered":"","protected":false},"author":1,"featured_media":0,"parent":0,"menu_order":0,"comment_status":"open","ping_status":"closed","template":"","meta":{"ub_ctt_via":"","footnotes":""},"class_list":["post-3570","page","type-page","status-publish","hentry"],"featured_image_src":null,"yoast_head":"<!-- This site is optimized with the Yoast SEO plugin v25.4 - https:\/\/yoast.com\/wordpress\/plugins\/seo\/ -->\n<title>Was ist die Tastenkombination zum Format Painter in Excel?<\/title>\n<meta name=\"description\" content=\"Erfahren Sie, wie Sie eine Tastenkombination verwenden, um Format Painter in Excel anzuwenden. Jetzt enth\u00e4lt diese Tastenkombination ...\" \/>\n<meta name=\"robots\" content=\"index, follow, max-snippet:-1, max-image-preview:large, max-video-preview:-1\" \/>\n<link rel=\"canonical\" href=\"https:\/\/exceladvisor.org\/de\/malerformat-1\/\" \/>\n<meta property=\"og:locale\" content=\"de_DE\" \/>\n<meta property=\"og:type\" content=\"article\" \/>\n<meta property=\"og:title\" content=\"Was ist die Tastenkombination zum Format Painter in Excel?\" \/>\n<meta property=\"og:description\" content=\"Erfahren Sie, wie Sie eine Tastenkombination verwenden, um Format Painter in Excel anzuwenden. Jetzt enth\u00e4lt diese Tastenkombination ...\" \/>\n<meta property=\"og:url\" content=\"https:\/\/exceladvisor.org\/de\/malerformat-1\/\" \/>\n<meta property=\"og:site_name\" content=\"Excel Advisor\" \/>\n<meta property=\"article:modified_time\" content=\"2023-12-03T11:12:27+00:00\" \/>\n<meta property=\"og:image\" content=\"https:\/\/exceladvisor.org\/wp-content\/uploads\/2023\/08\/1-raccourci-clavier-pour-formater-le-peintre.png\" \/>\n<meta name=\"twitter:card\" content=\"summary_large_image\" \/>\n<meta name=\"twitter:label1\" content=\"Gesch\u00e4tzte Lesezeit\" \/>\n\t<meta name=\"twitter:data1\" content=\"1\u00a0Minute\" \/>\n<script type=\"application\/ld+json\" class=\"yoast-schema-graph\">{\"@context\":\"https:\/\/schema.org\",\"@graph\":[{\"@type\":\"WebPage\",\"@id\":\"https:\/\/exceladvisor.org\/de\/malerformat-1\/\",\"url\":\"https:\/\/exceladvisor.org\/de\/malerformat-1\/\",\"name\":\"Was ist die Tastenkombination zum Format Painter in Excel?\",\"isPartOf\":{\"@id\":\"https:\/\/exceladvisor.org\/de\/#website\"},\"primaryImageOfPage\":{\"@id\":\"https:\/\/exceladvisor.org\/de\/malerformat-1\/#primaryimage\"},\"image\":{\"@id\":\"https:\/\/exceladvisor.org\/de\/malerformat-1\/#primaryimage\"},\"thumbnailUrl\":\"https:\/\/exceladvisor.org\/wp-content\/uploads\/2023\/08\/1-raccourci-clavier-pour-formater-le-peintre.png\",\"datePublished\":\"2023-10-20T04:51:31+00:00\",\"dateModified\":\"2023-12-03T11:12:27+00:00\",\"description\":\"Erfahren Sie, wie Sie eine Tastenkombination verwenden, um Format Painter in Excel anzuwenden. Jetzt enth\u00e4lt diese Tastenkombination ...\",\"breadcrumb\":{\"@id\":\"https:\/\/exceladvisor.org\/de\/malerformat-1\/#breadcrumb\"},\"inLanguage\":\"de\",\"potentialAction\":[{\"@type\":\"ReadAction\",\"target\":[\"https:\/\/exceladvisor.org\/de\/malerformat-1\/\"]}]},{\"@type\":\"ImageObject\",\"inLanguage\":\"de\",\"@id\":\"https:\/\/exceladvisor.org\/de\/malerformat-1\/#primaryimage\",\"url\":\"https:\/\/exceladvisor.org\/wp-content\/uploads\/2023\/08\/1-raccourci-clavier-pour-formater-le-peintre.png\",\"contentUrl\":\"https:\/\/exceladvisor.org\/wp-content\/uploads\/2023\/08\/1-raccourci-clavier-pour-formater-le-peintre.png\"},{\"@type\":\"BreadcrumbList\",\"@id\":\"https:\/\/exceladvisor.org\/de\/malerformat-1\/#breadcrumb\",\"itemListElement\":[{\"@type\":\"ListItem\",\"position\":1,\"name\":\"Accueil\",\"item\":\"https:\/\/exceladvisor.org\/de\/\"},{\"@type\":\"ListItem\",\"position\":2,\"name\":\"Excel-tastenkombination f\u00fcr format painter\"}]},{\"@type\":\"WebSite\",\"@id\":\"https:\/\/exceladvisor.org\/de\/#website\",\"url\":\"https:\/\/exceladvisor.org\/de\/\",\"name\":\"Excel Advisor\",\"description\":\"Ihr Leitfaden zur Datendominanz\",\"publisher\":{\"@id\":\"https:\/\/exceladvisor.org\/de\/#organization\"},\"potentialAction\":[{\"@type\":\"SearchAction\",\"target\":{\"@type\":\"EntryPoint\",\"urlTemplate\":\"https:\/\/exceladvisor.org\/de\/?s={search_term_string}\"},\"query-input\":{\"@type\":\"PropertyValueSpecification\",\"valueRequired\":true,\"valueName\":\"search_term_string\"}}],\"inLanguage\":\"de\"},{\"@type\":\"Organization\",\"@id\":\"https:\/\/exceladvisor.org\/de\/#organization\",\"name\":\"Excel Advisor\",\"url\":\"https:\/\/exceladvisor.org\/de\/\",\"logo\":{\"@type\":\"ImageObject\",\"inLanguage\":\"de\",\"@id\":\"https:\/\/exceladvisor.org\/de\/#\/schema\/logo\/image\/\",\"url\":\"https:\/\/exceladvisor.org\/de\/wp-content\/uploads\/2023\/11\/exceladvisor.org_.png\",\"contentUrl\":\"https:\/\/exceladvisor.org\/de\/wp-content\/uploads\/2023\/11\/exceladvisor.org_.png\",\"width\":105,\"height\":36,\"caption\":\"Excel Advisor\"},\"image\":{\"@id\":\"https:\/\/exceladvisor.org\/de\/#\/schema\/logo\/image\/\"}}]}<\/script>\n<!-- \/ Yoast SEO plugin. -->","yoast_head_json":{"title":"Was ist die Tastenkombination zum Format Painter in Excel?","description":"Erfahren Sie, wie Sie eine Tastenkombination verwenden, um Format Painter in Excel anzuwenden. Jetzt enth\u00e4lt diese Tastenkombination ...","robots":{"index":"index","follow":"follow","max-snippet":"max-snippet:-1","max-image-preview":"max-image-preview:large","max-video-preview":"max-video-preview:-1"},"canonical":"https:\/\/exceladvisor.org\/de\/malerformat-1\/","og_locale":"de_DE","og_type":"article","og_title":"Was ist die Tastenkombination zum Format Painter in Excel?","og_description":"Erfahren Sie, wie Sie eine Tastenkombination verwenden, um Format Painter in Excel anzuwenden. Jetzt enth\u00e4lt diese Tastenkombination ...","og_url":"https:\/\/exceladvisor.org\/de\/malerformat-1\/","og_site_name":"Excel Advisor","article_modified_time":"2023-12-03T11:12:27+00:00","og_image":[{"url":"https:\/\/exceladvisor.org\/wp-content\/uploads\/2023\/08\/1-raccourci-clavier-pour-formater-le-peintre.png","type":"","width":"","height":""}],"twitter_card":"summary_large_image","twitter_misc":{"Gesch\u00e4tzte Lesezeit":"1\u00a0Minute"},"schema":{"@context":"https:\/\/schema.org","@graph":[{"@type":"WebPage","@id":"https:\/\/exceladvisor.org\/de\/malerformat-1\/","url":"https:\/\/exceladvisor.org\/de\/malerformat-1\/","name":"Was ist die Tastenkombination zum Format Painter in Excel?","isPartOf":{"@id":"https:\/\/exceladvisor.org\/de\/#website"},"primaryImageOfPage":{"@id":"https:\/\/exceladvisor.org\/de\/malerformat-1\/#primaryimage"},"image":{"@id":"https:\/\/exceladvisor.org\/de\/malerformat-1\/#primaryimage"},"thumbnailUrl":"https:\/\/exceladvisor.org\/wp-content\/uploads\/2023\/08\/1-raccourci-clavier-pour-formater-le-peintre.png","datePublished":"2023-10-20T04:51:31+00:00","dateModified":"2023-12-03T11:12:27+00:00","description":"Erfahren Sie, wie Sie eine Tastenkombination verwenden, um Format Painter in Excel anzuwenden. Jetzt enth\u00e4lt diese Tastenkombination ...","breadcrumb":{"@id":"https:\/\/exceladvisor.org\/de\/malerformat-1\/#breadcrumb"},"inLanguage":"de","potentialAction":[{"@type":"ReadAction","target":["https:\/\/exceladvisor.org\/de\/malerformat-1\/"]}]},{"@type":"ImageObject","inLanguage":"de","@id":"https:\/\/exceladvisor.org\/de\/malerformat-1\/#primaryimage","url":"https:\/\/exceladvisor.org\/wp-content\/uploads\/2023\/08\/1-raccourci-clavier-pour-formater-le-peintre.png","contentUrl":"https:\/\/exceladvisor.org\/wp-content\/uploads\/2023\/08\/1-raccourci-clavier-pour-formater-le-peintre.png"},{"@type":"BreadcrumbList","@id":"https:\/\/exceladvisor.org\/de\/malerformat-1\/#breadcrumb","itemListElement":[{"@type":"ListItem","position":1,"name":"Accueil","item":"https:\/\/exceladvisor.org\/de\/"},{"@type":"ListItem","position":2,"name":"Excel-tastenkombination f\u00fcr format painter"}]},{"@type":"WebSite","@id":"https:\/\/exceladvisor.org\/de\/#website","url":"https:\/\/exceladvisor.org\/de\/","name":"Excel Advisor","description":"Ihr Leitfaden zur Datendominanz","publisher":{"@id":"https:\/\/exceladvisor.org\/de\/#organization"},"potentialAction":[{"@type":"SearchAction","target":{"@type":"EntryPoint","urlTemplate":"https:\/\/exceladvisor.org\/de\/?s={search_term_string}"},"query-input":{"@type":"PropertyValueSpecification","valueRequired":true,"valueName":"search_term_string"}}],"inLanguage":"de"},{"@type":"Organization","@id":"https:\/\/exceladvisor.org\/de\/#organization","name":"Excel Advisor","url":"https:\/\/exceladvisor.org\/de\/","logo":{"@type":"ImageObject","inLanguage":"de","@id":"https:\/\/exceladvisor.org\/de\/#\/schema\/logo\/image\/","url":"https:\/\/exceladvisor.org\/de\/wp-content\/uploads\/2023\/11\/exceladvisor.org_.png","contentUrl":"https:\/\/exceladvisor.org\/de\/wp-content\/uploads\/2023\/11\/exceladvisor.org_.png","width":105,"height":36,"caption":"Excel Advisor"},"image":{"@id":"https:\/\/exceladvisor.org\/de\/#\/schema\/logo\/image\/"}}]}},"yoast_meta":{"yoast_wpseo_title":"","yoast_wpseo_metadesc":"","yoast_wpseo_canonical":""},"_links":{"self":[{"href":"https:\/\/exceladvisor.org\/de\/wp-json\/wp\/v2\/pages\/3570","targetHints":{"allow":["GET"]}}],"collection":[{"href":"https:\/\/exceladvisor.org\/de\/wp-json\/wp\/v2\/pages"}],"about":[{"href":"https:\/\/exceladvisor.org\/de\/wp-json\/wp\/v2\/types\/page"}],"author":[{"embeddable":true,"href":"https:\/\/exceladvisor.org\/de\/wp-json\/wp\/v2\/users\/1"}],"replies":[{"embeddable":true,"href":"https:\/\/exceladvisor.org\/de\/wp-json\/wp\/v2\/comments?post=3570"}],"version-history":[{"count":1,"href":"https:\/\/exceladvisor.org\/de\/wp-json\/wp\/v2\/pages\/3570\/revisions"}],"predecessor-version":[{"id":3759,"href":"https:\/\/exceladvisor.org\/de\/wp-json\/wp\/v2\/pages\/3570\/revisions\/3759"}],"wp:attachment":[{"href":"https:\/\/exceladvisor.org\/de\/wp-json\/wp\/v2\/media?parent=3570"}],"curies":[{"name":"wp","href":"https:\/\/api.w.org\/{rel}","templated":true}]}}