{"id":3571,"date":"2023-10-20T04:08:08","date_gmt":"2023-10-20T04:08:08","guid":{"rendered":"https:\/\/exceladvisor.org\/de\/wahlen-sie-eine-zeile-aus\/"},"modified":"2023-12-03T13:05:31","modified_gmt":"2023-12-03T13:05:31","slug":"wahlen-sie-eine-zeile-aus","status":"publish","type":"page","link":"https:\/\/exceladvisor.org\/de\/wahlen-sie-eine-zeile-aus\/","title":{"rendered":"Wie w\u00e4hle ich zeilen mithilfe einer excel-verkn\u00fcpfung aus?"},"content":{"rendered":"<div class=\"excel-vor-dem-inhalt\" id=\"excel-1014226214\"><script type=\"text\/javascript\">\r\n\tatOptions = {\r\n\t\t'key' : 'c1158f160081d6540a8409e6925dab94',\r\n\t\t'format' : 'iframe',\r\n\t\t'height' : 250,\r\n\t\t'width' : 300,\r\n\t\t'params' : {}\r\n\t};\r\n<\/script>\r\n<script type=\"text\/javascript\" src=\"\/\/www.highperformanceformat.com\/c1158f160081d6540a8409e6925dab94\/invoke.js\"><\/script><\/div> <p>Eine Excel-Tabelle ist eine Kombination aus mehreren Zeilen und Spalten mit Zellen.<\/p><p> Bei der Arbeit in Excel die H\u00e4ufigkeit, mit der Benutzer aus verschiedenen Gr\u00fcnden eine Zeile ausw\u00e4hlen m\u00f6chten, z. B. um die bestimmte Zeile zu l\u00f6schen, die bestimmte Zeile zu formatieren oder eine neue Zeile \u00fcber der ausgew\u00e4hlten Zeile einzuf\u00fcgen.<\/p><p> Daher ist es f\u00fcr jeden Excel-Benutzer wichtig, mit der Verkn\u00fcpfung zum Ausw\u00e4hlen der Zeile(n) vertraut zu sein, und in diesem Tutorial haben wir Ihnen dasselbe erkl\u00e4rt.<\/p><h2 class=\"wp-block-heading\"> Tastenkombination zum Ausw\u00e4hlen einer Zeile in Excel<\/h2><p> <kbd>Umschalt<\/kbd> + <kbd>Leertaste<\/kbd> <\/p><div class=\"wp-block-image\"><figure class=\"aligncenter size-full is-resized\"><img loading=\"lazy\" decoding=\"async\" class=\"wp-image-69476\" src=\"https:\/\/exceladvisor.org\/wp-content\/uploads\/2023\/08\/1-raccourci-pour-selectionner-la-ligne.png\" sizes=\"auto, \" srcset=\"\" alt=\"Verkn\u00fcpfung zum Ausw\u00e4hlen einer Zeile\" width=\"805\" height=\"316\"><\/figure><\/div><h2 class=\"wp-block-heading\"> Schritte zum Ausw\u00e4hlen von Zeilen mithilfe einer Tastenkombination<\/h2><ul><li> Gehen Sie zun\u00e4chst zu einer beliebigen Zelle in der Zeile, die Sie ausw\u00e4hlen m\u00f6chten. <br><img decoding=\"async\" title=\"2 Zellen in Reihe\" src=\"https:\/\/exceladvisor.org\/wp-content\/uploads\/2023\/08\/2-cellules-dans-la-rangee.png\" sizes=\"\" srcset=\"\" alt=\"cell-in-the-row\"><\/li><li> Danach dr\u00fccken Sie einfach \u201eUmschalt + Leertaste\u201c und Ihre Zeile wird ausgew\u00e4hlt und hervorgehoben.<\/li><li> Wenn Sie nun die ausgew\u00e4hlte(n) Zeile(n) l\u00f6schen m\u00f6chten, dr\u00fccken Sie \u201eStrg + \u2013\u201c (Minuszeichen), oder wenn Sie die neue Zeile \u00fcber der ausgew\u00e4hlten Zeile hinzuf\u00fcgen m\u00f6chten, dr\u00fccken Sie \u201eStrg + +\u201c (Pluszeichen) oder Gehen Sie zur Formatierung, wenn Sie nur die ausgew\u00e4hlte Zeile formatieren m\u00f6chten.<\/li><li> Um mehrere Zeilen neben der ausgew\u00e4hlten Zeile auszuw\u00e4hlen, dr\u00fccken Sie die Tasten \u201eUmschalt + Abw\u00e4rtspfeil\u201c oder \u201eUmschalt + Aufw\u00e4rtspfeil\u201c, um die Zeilen nach unten oder oben auszuw\u00e4hlen. <br><img decoding=\"async\" title=\"3 Zeilen ausgew\u00e4hlt\" src=\"https:\/\/exceladvisor.org\/wp-content\/uploads\/2023\/08\/3-ligne-selectionnee.png\" sizes=\"\" srcset=\"\" alt=\"selected-row\"><\/li><\/ul><h2 class=\"wp-block-heading\"> Imbissbuden<\/h2><ul><li> Um mehrere nicht benachbarte Linien auszuw\u00e4hlen, empfiehlt es sich, die Linien mit der Maus oder \u00fcber die Filteroption auszuw\u00e4hlen.<\/li><li> Wenn Sie mehrere Datens\u00e4tze im aktuellen Blatt haben, ist es besser, die Datens\u00e4tze in Tabellen umzuwandeln, da \u201eUmschalt + Leertaste\u201c in Tabellen nur die Zeile in der Tabelle ausw\u00e4hlt und ohne Tabellen die gesamte Zeile von Ende zu Ende ausw\u00e4hlt Kalkulationstabelle. <\/li><\/ul><div class=\"wp-block-group more-tutorials is-layout-flow\"><div class=\"wp-block-group__inner-container\"><h2 class=\"wp-block-heading\"> Weitere Tutorials <\/h2><div class=\"wp-block-columns is-layout-flex wp-container-47\"><div class=\"wp-block-column is-layout-flow\"><ul><li> <a href=\"https:\/\/exceladvisor.org\/de\/absolute-referenz\/\">Absolute Referenz<\/a><\/li><li> <a href=\"https:\/\/exceladvisor.org\/de\/kopieren-einfugen\/\">Kopieren und Einf\u00fcgen<\/a><\/li><li> <a href=\"https:\/\/exceladvisor.org\/de\/ausschneiden-und-einfugen\/\">Ausschneiden und Einf\u00fcgen<\/a><\/li><li> Zellen sperren<\/li><\/ul><\/div><\/div><\/div><\/div>","protected":false},"excerpt":{"rendered":"","protected":false},"author":1,"featured_media":0,"parent":0,"menu_order":0,"comment_status":"open","ping_status":"closed","template":"","meta":{"ub_ctt_via":"","footnotes":""},"class_list":["post-3571","page","type-page","status-publish","hentry"],"featured_image_src":null,"yoast_head":"<!-- This site is optimized with the Yoast SEO plugin v25.4 - https:\/\/yoast.com\/wordpress\/plugins\/seo\/ -->\n<title>Wie w\u00e4hle ich Zeilen mithilfe einer Excel-Verkn\u00fcpfung aus?<\/title>\n<meta name=\"description\" content=\"Erfahren Sie, wie Sie eine Tastenkombination verwenden, um eine ausgew\u00e4hlte Zeile in Excel anzuwenden. Jetzt enth\u00e4lt diese Tastenkombination ...\" \/>\n<meta name=\"robots\" content=\"index, follow, max-snippet:-1, max-image-preview:large, max-video-preview:-1\" \/>\n<link rel=\"canonical\" href=\"https:\/\/exceladvisor.org\/de\/wahlen-sie-eine-zeile-aus\/\" \/>\n<meta property=\"og:locale\" content=\"de_DE\" \/>\n<meta property=\"og:type\" content=\"article\" \/>\n<meta property=\"og:title\" content=\"Wie w\u00e4hle ich Zeilen mithilfe einer Excel-Verkn\u00fcpfung aus?\" \/>\n<meta property=\"og:description\" content=\"Erfahren Sie, wie Sie eine Tastenkombination verwenden, um eine ausgew\u00e4hlte Zeile in Excel anzuwenden. Jetzt enth\u00e4lt diese Tastenkombination ...\" \/>\n<meta property=\"og:url\" content=\"https:\/\/exceladvisor.org\/de\/wahlen-sie-eine-zeile-aus\/\" \/>\n<meta property=\"og:site_name\" content=\"Excel Advisor\" \/>\n<meta property=\"article:modified_time\" content=\"2023-12-03T13:05:31+00:00\" \/>\n<meta property=\"og:image\" content=\"https:\/\/exceladvisor.org\/wp-content\/uploads\/2023\/08\/1-raccourci-pour-selectionner-la-ligne.png\" \/>\n<meta name=\"twitter:card\" content=\"summary_large_image\" \/>\n<meta name=\"twitter:label1\" content=\"Gesch\u00e4tzte Lesezeit\" \/>\n\t<meta name=\"twitter:data1\" content=\"2\u00a0Minuten\" \/>\n<script type=\"application\/ld+json\" class=\"yoast-schema-graph\">{\"@context\":\"https:\/\/schema.org\",\"@graph\":[{\"@type\":\"WebPage\",\"@id\":\"https:\/\/exceladvisor.org\/de\/wahlen-sie-eine-zeile-aus\/\",\"url\":\"https:\/\/exceladvisor.org\/de\/wahlen-sie-eine-zeile-aus\/\",\"name\":\"Wie w\u00e4hle ich Zeilen mithilfe einer Excel-Verkn\u00fcpfung aus?\",\"isPartOf\":{\"@id\":\"https:\/\/exceladvisor.org\/de\/#website\"},\"primaryImageOfPage\":{\"@id\":\"https:\/\/exceladvisor.org\/de\/wahlen-sie-eine-zeile-aus\/#primaryimage\"},\"image\":{\"@id\":\"https:\/\/exceladvisor.org\/de\/wahlen-sie-eine-zeile-aus\/#primaryimage\"},\"thumbnailUrl\":\"https:\/\/exceladvisor.org\/wp-content\/uploads\/2023\/08\/1-raccourci-pour-selectionner-la-ligne.png\",\"datePublished\":\"2023-10-20T04:08:08+00:00\",\"dateModified\":\"2023-12-03T13:05:31+00:00\",\"description\":\"Erfahren Sie, wie Sie eine Tastenkombination verwenden, um eine ausgew\u00e4hlte Zeile in Excel anzuwenden. Jetzt enth\u00e4lt diese Tastenkombination ...\",\"breadcrumb\":{\"@id\":\"https:\/\/exceladvisor.org\/de\/wahlen-sie-eine-zeile-aus\/#breadcrumb\"},\"inLanguage\":\"de\",\"potentialAction\":[{\"@type\":\"ReadAction\",\"target\":[\"https:\/\/exceladvisor.org\/de\/wahlen-sie-eine-zeile-aus\/\"]}]},{\"@type\":\"ImageObject\",\"inLanguage\":\"de\",\"@id\":\"https:\/\/exceladvisor.org\/de\/wahlen-sie-eine-zeile-aus\/#primaryimage\",\"url\":\"https:\/\/exceladvisor.org\/wp-content\/uploads\/2023\/08\/1-raccourci-pour-selectionner-la-ligne.png\",\"contentUrl\":\"https:\/\/exceladvisor.org\/wp-content\/uploads\/2023\/08\/1-raccourci-pour-selectionner-la-ligne.png\"},{\"@type\":\"BreadcrumbList\",\"@id\":\"https:\/\/exceladvisor.org\/de\/wahlen-sie-eine-zeile-aus\/#breadcrumb\",\"itemListElement\":[{\"@type\":\"ListItem\",\"position\":1,\"name\":\"Accueil\",\"item\":\"https:\/\/exceladvisor.org\/de\/\"},{\"@type\":\"ListItem\",\"position\":2,\"name\":\"Wie w\u00e4hle ich zeilen mithilfe einer excel-verkn\u00fcpfung aus?\"}]},{\"@type\":\"WebSite\",\"@id\":\"https:\/\/exceladvisor.org\/de\/#website\",\"url\":\"https:\/\/exceladvisor.org\/de\/\",\"name\":\"Excel Advisor\",\"description\":\"Ihr Leitfaden zur Datendominanz\",\"publisher\":{\"@id\":\"https:\/\/exceladvisor.org\/de\/#organization\"},\"potentialAction\":[{\"@type\":\"SearchAction\",\"target\":{\"@type\":\"EntryPoint\",\"urlTemplate\":\"https:\/\/exceladvisor.org\/de\/?s={search_term_string}\"},\"query-input\":{\"@type\":\"PropertyValueSpecification\",\"valueRequired\":true,\"valueName\":\"search_term_string\"}}],\"inLanguage\":\"de\"},{\"@type\":\"Organization\",\"@id\":\"https:\/\/exceladvisor.org\/de\/#organization\",\"name\":\"Excel Advisor\",\"url\":\"https:\/\/exceladvisor.org\/de\/\",\"logo\":{\"@type\":\"ImageObject\",\"inLanguage\":\"de\",\"@id\":\"https:\/\/exceladvisor.org\/de\/#\/schema\/logo\/image\/\",\"url\":\"https:\/\/exceladvisor.org\/de\/wp-content\/uploads\/2023\/11\/exceladvisor.org_.png\",\"contentUrl\":\"https:\/\/exceladvisor.org\/de\/wp-content\/uploads\/2023\/11\/exceladvisor.org_.png\",\"width\":105,\"height\":36,\"caption\":\"Excel Advisor\"},\"image\":{\"@id\":\"https:\/\/exceladvisor.org\/de\/#\/schema\/logo\/image\/\"}}]}<\/script>\n<!-- \/ Yoast SEO plugin. -->","yoast_head_json":{"title":"Wie w\u00e4hle ich Zeilen mithilfe einer Excel-Verkn\u00fcpfung aus?","description":"Erfahren Sie, wie Sie eine Tastenkombination verwenden, um eine ausgew\u00e4hlte Zeile in Excel anzuwenden. Jetzt enth\u00e4lt diese Tastenkombination ...","robots":{"index":"index","follow":"follow","max-snippet":"max-snippet:-1","max-image-preview":"max-image-preview:large","max-video-preview":"max-video-preview:-1"},"canonical":"https:\/\/exceladvisor.org\/de\/wahlen-sie-eine-zeile-aus\/","og_locale":"de_DE","og_type":"article","og_title":"Wie w\u00e4hle ich Zeilen mithilfe einer Excel-Verkn\u00fcpfung aus?","og_description":"Erfahren Sie, wie Sie eine Tastenkombination verwenden, um eine ausgew\u00e4hlte Zeile in Excel anzuwenden. Jetzt enth\u00e4lt diese Tastenkombination ...","og_url":"https:\/\/exceladvisor.org\/de\/wahlen-sie-eine-zeile-aus\/","og_site_name":"Excel Advisor","article_modified_time":"2023-12-03T13:05:31+00:00","og_image":[{"url":"https:\/\/exceladvisor.org\/wp-content\/uploads\/2023\/08\/1-raccourci-pour-selectionner-la-ligne.png","type":"","width":"","height":""}],"twitter_card":"summary_large_image","twitter_misc":{"Gesch\u00e4tzte Lesezeit":"2\u00a0Minuten"},"schema":{"@context":"https:\/\/schema.org","@graph":[{"@type":"WebPage","@id":"https:\/\/exceladvisor.org\/de\/wahlen-sie-eine-zeile-aus\/","url":"https:\/\/exceladvisor.org\/de\/wahlen-sie-eine-zeile-aus\/","name":"Wie w\u00e4hle ich Zeilen mithilfe einer Excel-Verkn\u00fcpfung aus?","isPartOf":{"@id":"https:\/\/exceladvisor.org\/de\/#website"},"primaryImageOfPage":{"@id":"https:\/\/exceladvisor.org\/de\/wahlen-sie-eine-zeile-aus\/#primaryimage"},"image":{"@id":"https:\/\/exceladvisor.org\/de\/wahlen-sie-eine-zeile-aus\/#primaryimage"},"thumbnailUrl":"https:\/\/exceladvisor.org\/wp-content\/uploads\/2023\/08\/1-raccourci-pour-selectionner-la-ligne.png","datePublished":"2023-10-20T04:08:08+00:00","dateModified":"2023-12-03T13:05:31+00:00","description":"Erfahren Sie, wie Sie eine Tastenkombination verwenden, um eine ausgew\u00e4hlte Zeile in Excel anzuwenden. Jetzt enth\u00e4lt diese Tastenkombination ...","breadcrumb":{"@id":"https:\/\/exceladvisor.org\/de\/wahlen-sie-eine-zeile-aus\/#breadcrumb"},"inLanguage":"de","potentialAction":[{"@type":"ReadAction","target":["https:\/\/exceladvisor.org\/de\/wahlen-sie-eine-zeile-aus\/"]}]},{"@type":"ImageObject","inLanguage":"de","@id":"https:\/\/exceladvisor.org\/de\/wahlen-sie-eine-zeile-aus\/#primaryimage","url":"https:\/\/exceladvisor.org\/wp-content\/uploads\/2023\/08\/1-raccourci-pour-selectionner-la-ligne.png","contentUrl":"https:\/\/exceladvisor.org\/wp-content\/uploads\/2023\/08\/1-raccourci-pour-selectionner-la-ligne.png"},{"@type":"BreadcrumbList","@id":"https:\/\/exceladvisor.org\/de\/wahlen-sie-eine-zeile-aus\/#breadcrumb","itemListElement":[{"@type":"ListItem","position":1,"name":"Accueil","item":"https:\/\/exceladvisor.org\/de\/"},{"@type":"ListItem","position":2,"name":"Wie w\u00e4hle ich zeilen mithilfe einer excel-verkn\u00fcpfung aus?"}]},{"@type":"WebSite","@id":"https:\/\/exceladvisor.org\/de\/#website","url":"https:\/\/exceladvisor.org\/de\/","name":"Excel Advisor","description":"Ihr Leitfaden zur Datendominanz","publisher":{"@id":"https:\/\/exceladvisor.org\/de\/#organization"},"potentialAction":[{"@type":"SearchAction","target":{"@type":"EntryPoint","urlTemplate":"https:\/\/exceladvisor.org\/de\/?s={search_term_string}"},"query-input":{"@type":"PropertyValueSpecification","valueRequired":true,"valueName":"search_term_string"}}],"inLanguage":"de"},{"@type":"Organization","@id":"https:\/\/exceladvisor.org\/de\/#organization","name":"Excel Advisor","url":"https:\/\/exceladvisor.org\/de\/","logo":{"@type":"ImageObject","inLanguage":"de","@id":"https:\/\/exceladvisor.org\/de\/#\/schema\/logo\/image\/","url":"https:\/\/exceladvisor.org\/de\/wp-content\/uploads\/2023\/11\/exceladvisor.org_.png","contentUrl":"https:\/\/exceladvisor.org\/de\/wp-content\/uploads\/2023\/11\/exceladvisor.org_.png","width":105,"height":36,"caption":"Excel Advisor"},"image":{"@id":"https:\/\/exceladvisor.org\/de\/#\/schema\/logo\/image\/"}}]}},"yoast_meta":{"yoast_wpseo_title":"","yoast_wpseo_metadesc":"","yoast_wpseo_canonical":""},"_links":{"self":[{"href":"https:\/\/exceladvisor.org\/de\/wp-json\/wp\/v2\/pages\/3571","targetHints":{"allow":["GET"]}}],"collection":[{"href":"https:\/\/exceladvisor.org\/de\/wp-json\/wp\/v2\/pages"}],"about":[{"href":"https:\/\/exceladvisor.org\/de\/wp-json\/wp\/v2\/types\/page"}],"author":[{"embeddable":true,"href":"https:\/\/exceladvisor.org\/de\/wp-json\/wp\/v2\/users\/1"}],"replies":[{"embeddable":true,"href":"https:\/\/exceladvisor.org\/de\/wp-json\/wp\/v2\/comments?post=3571"}],"version-history":[{"count":1,"href":"https:\/\/exceladvisor.org\/de\/wp-json\/wp\/v2\/pages\/3571\/revisions"}],"predecessor-version":[{"id":4399,"href":"https:\/\/exceladvisor.org\/de\/wp-json\/wp\/v2\/pages\/3571\/revisions\/4399"}],"wp:attachment":[{"href":"https:\/\/exceladvisor.org\/de\/wp-json\/wp\/v2\/media?parent=3571"}],"curies":[{"name":"wp","href":"https:\/\/api.w.org\/{rel}","templated":true}]}}