{"id":3572,"date":"2023-10-20T02:28:14","date_gmt":"2023-10-20T02:28:14","guid":{"rendered":"https:\/\/exceladvisor.org\/de\/absolute-referenz\/"},"modified":"2023-12-03T11:12:28","modified_gmt":"2023-12-03T11:12:28","slug":"absolute-referenz","status":"publish","type":"page","link":"https:\/\/exceladvisor.org\/de\/absolute-referenz\/","title":{"rendered":"Excel-tastenkombination zur absoluten referenz"},"content":{"rendered":"<div class=\"excel-vor-dem-inhalt\" id=\"excel-1340729178\"><script type=\"text\/javascript\">\r\n\tatOptions = {\r\n\t\t'key' : 'c1158f160081d6540a8409e6925dab94',\r\n\t\t'format' : 'iframe',\r\n\t\t'height' : 250,\r\n\t\t'width' : 300,\r\n\t\t'params' : {}\r\n\t};\r\n<\/script>\r\n<script type=\"text\/javascript\" src=\"\/\/www.highperformanceformat.com\/c1158f160081d6540a8409e6925dab94\/invoke.js\"><\/script><\/div> <p>Der absolute Bezug bezieht sich auf den Zellbezug, der beim Kopieren und Verschieben der Formel nicht verschoben wird.<\/p><p> Wenn Sie in Excel Zellbez\u00fcge in der Formel verwenden, verschiebt Excel die Zellbez\u00fcge durch Kopieren oder Verschieben der Formel in eine andere Zelle. Diese Bez\u00fcge werden als relative Verweise bezeichnet.<\/p><p> Aber manchmal m\u00f6chten Benutzer die in der geraden Formel verwendeten Zellbez\u00fcge korrigieren oder sperren, wenn die Formel in eine andere Zelle kopiert oder verschoben wird, und f\u00fcr diesen Benutzer kann der relative Bezug in einen absoluten Bezug ge\u00e4ndert werden.<\/p><h2 class=\"wp-block-heading\"> Tastaturk\u00fcrzel f\u00fcr absolute Referenz<\/h2><p> Die Tastenkombination, mit der Sie eine relative Zellreferenz zu einer absoluten Zellreferenz machen k\u00f6nnen, finden Sie unten:<\/p><p> <kbd>Fn<\/kbd> <strong>+<\/strong> <kbd>F4<\/kbd> <\/p><div class=\"wp-block-image\"><figure class=\"aligncenter size-full is-resized\"><img loading=\"lazy\" decoding=\"async\" class=\"wp-image-67487\" src=\"https:\/\/exceladvisor.org\/wp-content\/uploads\/2023\/08\/1-raccourci-vers-la-reference-absolue.png\" sizes=\"auto, \" srcset=\"\" alt=\"Abk\u00fcrzung zur absoluten Referenz\" width=\"870\" height=\"341\"><\/figure><\/div><h2 class=\"wp-block-heading\"> Schritte zum Konvertieren einer Referenz in eine absolute Referenz mithilfe einer Tastenkombination<\/h2><p> Als absolute Referenz k\u00f6nnen Benutzer die spezifische Zellreferenz oder nur die Spalten- oder Zeilenreferenz sperren.<\/p><ul><li> Geben Sie zuerst die Formel ein, w\u00e4hlen Sie dann den Zellbezug aus, den Sie als absolut festlegen m\u00f6chten, und dr\u00fccken Sie dann die Tastenkombinationen \u201e <kbd>Fn<\/kbd> + <kbd>F4<\/kbd> \u201c.<\/li><li> Sobald Sie \u201eFn+F4\u201c dr\u00fccken, f\u00fcgt Excel das Dollarzeichen ($) am Anfang der Spalte und Zeile ein, um den ausgew\u00e4hlten Zellbezug (Zeilen- und Spaltenkombination) absolut zu machen.<\/li><li> Selbst wenn Sie die Formel an eine beliebige Stelle im Blatt verschieben oder kopieren, \u00e4ndert sich Ihr Zellbezug \u201eE3\u201c wie im Beispiel unten \u00fcberhaupt nicht und wird auch nicht verschoben. <\/li><\/ul><div class=\"wp-block-image\"><figure class=\"aligncenter size-full is-resized\"><img loading=\"lazy\" decoding=\"async\" class=\"wp-image-67488\" src=\"https:\/\/exceladvisor.org\/wp-content\/uploads\/2023\/08\/2-reference-absolue-3.png\" sizes=\"auto, \" srcset=\"\" alt=\"absolute Referenz\" width=\"481\" height=\"193\"><\/figure><\/div><h2 class=\"wp-block-heading\"> Imbissbuden<\/h2><ul><li> Um den Zellbezug (Zeilen- und Spaltenkombination) zu sperren, bei dem sich die referenzierte Zelle nicht verschieben l\u00e4sst, dr\u00fccken Sie nur einmal <kbd>Fn<\/kbd> + <kbd>F4<\/kbd> .<\/li><li> Wenn Sie nur die Zeilenreferenz sperren, bedeutet dies, dass die Spalte verschoben wird, die in der Formel referenzierte Zeile jedoch gesperrt bleibt. Dr\u00fccken Sie zweimal \u201eFn + F4\u201c.<\/li><li> \u201eSpaltenverweis sperren\u201c bedeutet nur, dass die Zeile beim Verschieben der Formel in eine andere Zeile verschoben wird, die Spalte jedoch nicht. Dr\u00fccken Sie dreimal \u201eFn+F4\u201c.<\/li><li> Um erneut auf die relative Referenz zu verweisen, dr\u00fccken Sie viermal \u201eFn + F4\u201c. <\/li><\/ul><div class=\"wp-block-group more-tutorials is-layout-flow\"><div class=\"wp-block-group__inner-container\"><h2 class=\"wp-block-heading\"> Weitere Verkn\u00fcpfungen <\/h2><div class=\"wp-block-columns is-layout-flex wp-container-35\"><div class=\"wp-block-column is-layout-flow\"><ul><li> <a href=\"https:\/\/exceladvisor.org\/de\/kopieren-einfugen\/\">Kopieren und Einf\u00fcgen<\/a><\/li><li> <a href=\"https:\/\/exceladvisor.org\/de\/ausschneiden-und-einfugen\/\">Ausschneiden und Einf\u00fcgen<\/a><\/li><li> Zellen sperren<\/li><li> <a href=\"https:\/\/exceladvisor.org\/de\/gehe-zu\/\">\u00d6ffnen Sie die Option \u201eGehe zu\u201c.<\/a><\/li><\/ul><\/div><\/div><\/div><\/div>","protected":false},"excerpt":{"rendered":"","protected":false},"author":1,"featured_media":0,"parent":0,"menu_order":0,"comment_status":"open","ping_status":"closed","template":"","meta":{"ub_ctt_via":"","footnotes":""},"class_list":["post-3572","page","type-page","status-publish","hentry"],"featured_image_src":null,"yoast_head":"<!-- This site is optimized with the Yoast SEO plugin v25.4 - https:\/\/yoast.com\/wordpress\/plugins\/seo\/ -->\n<title>\u25b7 Was ist eine absolute Referenz-Tastenkombination?<\/title>\n<meta name=\"description\" content=\"Erfahren Sie, wie Sie mit einer Tastenkombination einen absoluten Bezug in Excel anwenden. Jetzt enth\u00e4lt diese Tastenkombination ...\" \/>\n<meta name=\"robots\" content=\"index, follow, max-snippet:-1, max-image-preview:large, max-video-preview:-1\" \/>\n<link rel=\"canonical\" href=\"https:\/\/exceladvisor.org\/de\/absolute-referenz\/\" \/>\n<meta property=\"og:locale\" content=\"de_DE\" \/>\n<meta property=\"og:type\" content=\"article\" \/>\n<meta property=\"og:title\" content=\"\u25b7 Was ist eine absolute Referenz-Tastenkombination?\" \/>\n<meta property=\"og:description\" content=\"Erfahren Sie, wie Sie mit einer Tastenkombination einen absoluten Bezug in Excel anwenden. Jetzt enth\u00e4lt diese Tastenkombination ...\" \/>\n<meta property=\"og:url\" content=\"https:\/\/exceladvisor.org\/de\/absolute-referenz\/\" \/>\n<meta property=\"og:site_name\" content=\"Excel Advisor\" \/>\n<meta property=\"article:modified_time\" content=\"2023-12-03T11:12:28+00:00\" \/>\n<meta property=\"og:image\" content=\"https:\/\/exceladvisor.org\/wp-content\/uploads\/2023\/08\/1-raccourci-vers-la-reference-absolue.png\" \/>\n<meta name=\"twitter:card\" content=\"summary_large_image\" \/>\n<meta name=\"twitter:label1\" content=\"Gesch\u00e4tzte Lesezeit\" \/>\n\t<meta name=\"twitter:data1\" content=\"2\u00a0Minuten\" \/>\n<script type=\"application\/ld+json\" class=\"yoast-schema-graph\">{\"@context\":\"https:\/\/schema.org\",\"@graph\":[{\"@type\":\"WebPage\",\"@id\":\"https:\/\/exceladvisor.org\/de\/absolute-referenz\/\",\"url\":\"https:\/\/exceladvisor.org\/de\/absolute-referenz\/\",\"name\":\"\u25b7 Was ist eine absolute Referenz-Tastenkombination?\",\"isPartOf\":{\"@id\":\"https:\/\/exceladvisor.org\/de\/#website\"},\"primaryImageOfPage\":{\"@id\":\"https:\/\/exceladvisor.org\/de\/absolute-referenz\/#primaryimage\"},\"image\":{\"@id\":\"https:\/\/exceladvisor.org\/de\/absolute-referenz\/#primaryimage\"},\"thumbnailUrl\":\"https:\/\/exceladvisor.org\/wp-content\/uploads\/2023\/08\/1-raccourci-vers-la-reference-absolue.png\",\"datePublished\":\"2023-10-20T02:28:14+00:00\",\"dateModified\":\"2023-12-03T11:12:28+00:00\",\"description\":\"Erfahren Sie, wie Sie mit einer Tastenkombination einen absoluten Bezug in Excel anwenden. Jetzt enth\u00e4lt diese Tastenkombination ...\",\"breadcrumb\":{\"@id\":\"https:\/\/exceladvisor.org\/de\/absolute-referenz\/#breadcrumb\"},\"inLanguage\":\"de\",\"potentialAction\":[{\"@type\":\"ReadAction\",\"target\":[\"https:\/\/exceladvisor.org\/de\/absolute-referenz\/\"]}]},{\"@type\":\"ImageObject\",\"inLanguage\":\"de\",\"@id\":\"https:\/\/exceladvisor.org\/de\/absolute-referenz\/#primaryimage\",\"url\":\"https:\/\/exceladvisor.org\/wp-content\/uploads\/2023\/08\/1-raccourci-vers-la-reference-absolue.png\",\"contentUrl\":\"https:\/\/exceladvisor.org\/wp-content\/uploads\/2023\/08\/1-raccourci-vers-la-reference-absolue.png\"},{\"@type\":\"BreadcrumbList\",\"@id\":\"https:\/\/exceladvisor.org\/de\/absolute-referenz\/#breadcrumb\",\"itemListElement\":[{\"@type\":\"ListItem\",\"position\":1,\"name\":\"Accueil\",\"item\":\"https:\/\/exceladvisor.org\/de\/\"},{\"@type\":\"ListItem\",\"position\":2,\"name\":\"Excel-tastenkombination zur absoluten referenz\"}]},{\"@type\":\"WebSite\",\"@id\":\"https:\/\/exceladvisor.org\/de\/#website\",\"url\":\"https:\/\/exceladvisor.org\/de\/\",\"name\":\"Excel Advisor\",\"description\":\"Ihr Leitfaden zur Datendominanz\",\"publisher\":{\"@id\":\"https:\/\/exceladvisor.org\/de\/#organization\"},\"potentialAction\":[{\"@type\":\"SearchAction\",\"target\":{\"@type\":\"EntryPoint\",\"urlTemplate\":\"https:\/\/exceladvisor.org\/de\/?s={search_term_string}\"},\"query-input\":{\"@type\":\"PropertyValueSpecification\",\"valueRequired\":true,\"valueName\":\"search_term_string\"}}],\"inLanguage\":\"de\"},{\"@type\":\"Organization\",\"@id\":\"https:\/\/exceladvisor.org\/de\/#organization\",\"name\":\"Excel Advisor\",\"url\":\"https:\/\/exceladvisor.org\/de\/\",\"logo\":{\"@type\":\"ImageObject\",\"inLanguage\":\"de\",\"@id\":\"https:\/\/exceladvisor.org\/de\/#\/schema\/logo\/image\/\",\"url\":\"https:\/\/exceladvisor.org\/de\/wp-content\/uploads\/2023\/11\/exceladvisor.org_.png\",\"contentUrl\":\"https:\/\/exceladvisor.org\/de\/wp-content\/uploads\/2023\/11\/exceladvisor.org_.png\",\"width\":105,\"height\":36,\"caption\":\"Excel Advisor\"},\"image\":{\"@id\":\"https:\/\/exceladvisor.org\/de\/#\/schema\/logo\/image\/\"}}]}<\/script>\n<!-- \/ Yoast SEO plugin. -->","yoast_head_json":{"title":"\u25b7 Was ist eine absolute Referenz-Tastenkombination?","description":"Erfahren Sie, wie Sie mit einer Tastenkombination einen absoluten Bezug in Excel anwenden. Jetzt enth\u00e4lt diese Tastenkombination ...","robots":{"index":"index","follow":"follow","max-snippet":"max-snippet:-1","max-image-preview":"max-image-preview:large","max-video-preview":"max-video-preview:-1"},"canonical":"https:\/\/exceladvisor.org\/de\/absolute-referenz\/","og_locale":"de_DE","og_type":"article","og_title":"\u25b7 Was ist eine absolute Referenz-Tastenkombination?","og_description":"Erfahren Sie, wie Sie mit einer Tastenkombination einen absoluten Bezug in Excel anwenden. Jetzt enth\u00e4lt diese Tastenkombination ...","og_url":"https:\/\/exceladvisor.org\/de\/absolute-referenz\/","og_site_name":"Excel Advisor","article_modified_time":"2023-12-03T11:12:28+00:00","og_image":[{"url":"https:\/\/exceladvisor.org\/wp-content\/uploads\/2023\/08\/1-raccourci-vers-la-reference-absolue.png","type":"","width":"","height":""}],"twitter_card":"summary_large_image","twitter_misc":{"Gesch\u00e4tzte Lesezeit":"2\u00a0Minuten"},"schema":{"@context":"https:\/\/schema.org","@graph":[{"@type":"WebPage","@id":"https:\/\/exceladvisor.org\/de\/absolute-referenz\/","url":"https:\/\/exceladvisor.org\/de\/absolute-referenz\/","name":"\u25b7 Was ist eine absolute Referenz-Tastenkombination?","isPartOf":{"@id":"https:\/\/exceladvisor.org\/de\/#website"},"primaryImageOfPage":{"@id":"https:\/\/exceladvisor.org\/de\/absolute-referenz\/#primaryimage"},"image":{"@id":"https:\/\/exceladvisor.org\/de\/absolute-referenz\/#primaryimage"},"thumbnailUrl":"https:\/\/exceladvisor.org\/wp-content\/uploads\/2023\/08\/1-raccourci-vers-la-reference-absolue.png","datePublished":"2023-10-20T02:28:14+00:00","dateModified":"2023-12-03T11:12:28+00:00","description":"Erfahren Sie, wie Sie mit einer Tastenkombination einen absoluten Bezug in Excel anwenden. Jetzt enth\u00e4lt diese Tastenkombination ...","breadcrumb":{"@id":"https:\/\/exceladvisor.org\/de\/absolute-referenz\/#breadcrumb"},"inLanguage":"de","potentialAction":[{"@type":"ReadAction","target":["https:\/\/exceladvisor.org\/de\/absolute-referenz\/"]}]},{"@type":"ImageObject","inLanguage":"de","@id":"https:\/\/exceladvisor.org\/de\/absolute-referenz\/#primaryimage","url":"https:\/\/exceladvisor.org\/wp-content\/uploads\/2023\/08\/1-raccourci-vers-la-reference-absolue.png","contentUrl":"https:\/\/exceladvisor.org\/wp-content\/uploads\/2023\/08\/1-raccourci-vers-la-reference-absolue.png"},{"@type":"BreadcrumbList","@id":"https:\/\/exceladvisor.org\/de\/absolute-referenz\/#breadcrumb","itemListElement":[{"@type":"ListItem","position":1,"name":"Accueil","item":"https:\/\/exceladvisor.org\/de\/"},{"@type":"ListItem","position":2,"name":"Excel-tastenkombination zur absoluten referenz"}]},{"@type":"WebSite","@id":"https:\/\/exceladvisor.org\/de\/#website","url":"https:\/\/exceladvisor.org\/de\/","name":"Excel Advisor","description":"Ihr Leitfaden zur Datendominanz","publisher":{"@id":"https:\/\/exceladvisor.org\/de\/#organization"},"potentialAction":[{"@type":"SearchAction","target":{"@type":"EntryPoint","urlTemplate":"https:\/\/exceladvisor.org\/de\/?s={search_term_string}"},"query-input":{"@type":"PropertyValueSpecification","valueRequired":true,"valueName":"search_term_string"}}],"inLanguage":"de"},{"@type":"Organization","@id":"https:\/\/exceladvisor.org\/de\/#organization","name":"Excel Advisor","url":"https:\/\/exceladvisor.org\/de\/","logo":{"@type":"ImageObject","inLanguage":"de","@id":"https:\/\/exceladvisor.org\/de\/#\/schema\/logo\/image\/","url":"https:\/\/exceladvisor.org\/de\/wp-content\/uploads\/2023\/11\/exceladvisor.org_.png","contentUrl":"https:\/\/exceladvisor.org\/de\/wp-content\/uploads\/2023\/11\/exceladvisor.org_.png","width":105,"height":36,"caption":"Excel Advisor"},"image":{"@id":"https:\/\/exceladvisor.org\/de\/#\/schema\/logo\/image\/"}}]}},"yoast_meta":{"yoast_wpseo_title":"","yoast_wpseo_metadesc":"","yoast_wpseo_canonical":""},"_links":{"self":[{"href":"https:\/\/exceladvisor.org\/de\/wp-json\/wp\/v2\/pages\/3572","targetHints":{"allow":["GET"]}}],"collection":[{"href":"https:\/\/exceladvisor.org\/de\/wp-json\/wp\/v2\/pages"}],"about":[{"href":"https:\/\/exceladvisor.org\/de\/wp-json\/wp\/v2\/types\/page"}],"author":[{"embeddable":true,"href":"https:\/\/exceladvisor.org\/de\/wp-json\/wp\/v2\/users\/1"}],"replies":[{"embeddable":true,"href":"https:\/\/exceladvisor.org\/de\/wp-json\/wp\/v2\/comments?post=3572"}],"version-history":[{"count":1,"href":"https:\/\/exceladvisor.org\/de\/wp-json\/wp\/v2\/pages\/3572\/revisions"}],"predecessor-version":[{"id":3760,"href":"https:\/\/exceladvisor.org\/de\/wp-json\/wp\/v2\/pages\/3572\/revisions\/3760"}],"wp:attachment":[{"href":"https:\/\/exceladvisor.org\/de\/wp-json\/wp\/v2\/media?parent=3572"}],"curies":[{"name":"wp","href":"https:\/\/api.w.org\/{rel}","templated":true}]}}