{"id":3573,"date":"2023-10-20T00:30:00","date_gmt":"2023-10-20T00:30:00","guid":{"rendered":"https:\/\/exceladvisor.org\/de\/band\/"},"modified":"2023-12-03T11:13:13","modified_gmt":"2023-12-03T11:13:13","slug":"band","status":"publish","type":"page","link":"https:\/\/exceladvisor.org\/de\/band\/","title":{"rendered":"Was ist die tastenkombination f\u00fcr \u201egruppe\u201c in excel?"},"content":{"rendered":"<div class=\"excel-vor-dem-inhalt\" id=\"excel-4271362801\"><script type=\"text\/javascript\">\r\n\tatOptions = {\r\n\t\t'key' : 'c1158f160081d6540a8409e6925dab94',\r\n\t\t'format' : 'iframe',\r\n\t\t'height' : 250,\r\n\t\t'width' : 300,\r\n\t\t'params' : {}\r\n\t};\r\n<\/script>\r\n<script type=\"text\/javascript\" src=\"\/\/www.highperformanceformat.com\/c1158f160081d6540a8409e6925dab94\/invoke.js\"><\/script><\/div> <p>Gruppieren in Excel ist eine Funktion zum Gruppieren von Zeilen und Spalten. Wenn Sie mit gro\u00dfen Datens\u00e4tzen arbeiten, hatten Sie noch nie das Bed\u00fcrfnis, Zeilen und\/oder Spalten in Gruppen zu gruppieren, um Zeilen- oder Spaltengruppen auszublenden und die Daten effizienter zu gestalten.<\/p><p> Mit dieser Gruppenfunktion k\u00f6nnen Sie mehrere Gruppen erstellen, indem Sie diesen Gruppen verschiedene ausgew\u00e4hlte Zeilen oder Spalten hinzuf\u00fcgen. Wie bei anderen Excel-Funktionen k\u00f6nnen Sie dies manuell oder \u00fcber die Tastenkombination tun.<\/p><p> Wenn Sie Tastenkombinationen lieben, erfahren Sie in diesem Tutorial, wie Sie Zeilen und Spalten mithilfe der Tastenkombination gruppieren.<\/p><h2 class=\"wp-block-heading\"> Tastenkombination zum Gruppieren in Excel<\/h2><p> <kbd>Alt<\/kbd> + <kbd>Umschalt<\/kbd> + <kbd>\u279e<\/kbd> <\/p><div class=\"wp-block-image\"><figure class=\"aligncenter size-full is-resized\"><img loading=\"lazy\" decoding=\"async\" class=\"wp-image-70444\" src=\"https:\/\/exceladvisor.org\/wp-content\/uploads\/2023\/08\/1-raccourci-clavier-pour-le-regroupement.png\" sizes=\"auto, \" srcset=\"\" alt=\"Hotkey-f\u00fcr-Gruppierung\" width=\"724\" height=\"284\"><\/figure><\/div><h2 class=\"wp-block-heading\"> Schritte zum Gruppieren von Zeilen oder Spalten mithilfe einer Tastenkombination<\/h2><ol><li> W\u00e4hlen Sie zun\u00e4chst die Zeilen oder Spalten aus, die Sie gruppieren m\u00f6chten. <br><img loading=\"lazy\" decoding=\"async\" title=\"2-Zeilen-zur-Gruppierung ausw\u00e4hlen\" src=\"https:\/\/exceladvisor.org\/wp-content\/uploads\/2023\/08\/2-lignes-de-selection-pour-le-regroupement.png\" sizes=\"auto, \" srcset=\"\" alt=\"select-rows-for-grouping\" width=\"534\" height=\"200\"><\/li><li> Dr\u00fccken Sie anschlie\u00dfend die Tasten \u201eAlt + Umschalt + \u279e (Rechtspfeil)\u201c und Sie erhalten die ausgew\u00e4hlten Zeilen oder Spalten gruppiert.<\/li><li> Um nun die gruppierten Zeilen zu reduzieren, k\u00f6nnen Sie zu einer beliebigen Zelle in den gruppierten Zeilen gehen und die Tasten \u201eAlt \u2192 A \u2192 H\u201c dr\u00fccken. Ihre Gruppe wird dann reduziert und die Zeilen ausgeblendet.<\/li><li> Oder Sie k\u00f6nnen auf die Gruppierungszeichen (-) in der linken Leiste des Arbeitsblatts klicken, um die gruppierten Zeilen auszublenden. <br><img loading=\"lazy\" decoding=\"async\" title=\"3 Reihen gruppiert\" src=\"https:\/\/exceladvisor.org\/wp-content\/uploads\/2023\/08\/3-rangees-groupees.png\" sizes=\"auto, \" srcset=\"\" alt=\"grouped-rows\" width=\"572\" height=\"199\"><\/li><li> Um gruppierte Zeilen zu erweitern, gehen Sie zur gruppierten Zeile und dr\u00fccken Sie die Tasten \u201eAlt \u2192 A \u2192 H\u201c oder dr\u00fccken Sie das (+)-Zeichen und Ihre Gruppe wird erweitert. <br><img loading=\"lazy\" decoding=\"async\" title=\"4 Linien gruppiert\" src=\"https:\/\/exceladvisor.org\/wp-content\/uploads\/2023\/08\/4-rangees-groupees-collees.png\" sizes=\"auto, \" srcset=\"\" alt=\"collaped-grouped-rows\" width=\"616\" height=\"100\"><\/li><\/ol><p> Wenn Sie nur die Zellen ausw\u00e4hlen, anstatt die gesamten Zeilen oder Spalten auszuw\u00e4hlen, wird beim Dr\u00fccken der Tasten \u201eAlt + Umschalt + \u279e\u201c ein Popup angezeigt, in dem Sie aufgefordert werden, die Zeilen- oder Spaltenoption f\u00fcr die Gruppierung auszuw\u00e4hlen. <\/p><div class=\"wp-block-image is-style-default\"><figure class=\"aligncenter size-full is-resized\"><img loading=\"lazy\" decoding=\"async\" class=\"wp-image-70448\" src=\"https:\/\/exceladvisor.org\/wp-content\/uploads\/2023\/08\/Boite-de-dialogue-a-5-groupes.png\" sizes=\"auto, \" srcset=\"\" alt=\"Gruppendialog\" width=\"200\" height=\"156\"><\/figure><\/div><div class=\"wp-block-group more-tutorials is-layout-flow\"><div class=\"wp-block-group__inner-container\"><h2 class=\"wp-block-heading\"> Weitere Tutorials <\/h2><div class=\"wp-block-columns is-layout-flex wp-container-19\"><div class=\"wp-block-column is-layout-flow\"><ul><li> <a href=\"https:\/\/exceladvisor.org\/de\/schliessen\/\">Schlie\u00dfen<\/a><\/li><li> <a href=\"https:\/\/exceladvisor.org\/de\/vollbild\/\">Ganzer Bildschirm<\/a><\/li><li> <a href=\"https:\/\/exceladvisor.org\/de\/druckvorschau-1\/\">Vorschau vor dem Drucken<\/a><\/li><\/ul><\/div><\/div><\/div><\/div>","protected":false},"excerpt":{"rendered":"","protected":false},"author":1,"featured_media":0,"parent":0,"menu_order":0,"comment_status":"open","ping_status":"closed","template":"","meta":{"ub_ctt_via":"","footnotes":""},"class_list":["post-3573","page","type-page","status-publish","hentry"],"featured_image_src":null,"yoast_head":"<!-- This site is optimized with the Yoast SEO plugin v25.4 - https:\/\/yoast.com\/wordpress\/plugins\/seo\/ -->\n<title>Was ist die Tastenkombination f\u00fcr \u201eGruppe\u201c in Excel?<\/title>\n<meta name=\"description\" content=\"In diesem Tutorial erfahren Sie, wie Sie eine Tastenkombination zum Gruppieren von Zeilen und Spalten in Excel verwenden.\" \/>\n<meta name=\"robots\" content=\"index, follow, max-snippet:-1, max-image-preview:large, max-video-preview:-1\" \/>\n<link rel=\"canonical\" href=\"https:\/\/exceladvisor.org\/de\/band\/\" \/>\n<meta property=\"og:locale\" content=\"de_DE\" \/>\n<meta property=\"og:type\" content=\"article\" \/>\n<meta property=\"og:title\" content=\"Was ist die Tastenkombination f\u00fcr \u201eGruppe\u201c in Excel?\" \/>\n<meta property=\"og:description\" content=\"In diesem Tutorial erfahren Sie, wie Sie eine Tastenkombination zum Gruppieren von Zeilen und Spalten in Excel verwenden.\" \/>\n<meta property=\"og:url\" content=\"https:\/\/exceladvisor.org\/de\/band\/\" \/>\n<meta property=\"og:site_name\" content=\"Excel Advisor\" \/>\n<meta property=\"article:modified_time\" content=\"2023-12-03T11:13:13+00:00\" \/>\n<meta property=\"og:image\" content=\"https:\/\/exceladvisor.org\/wp-content\/uploads\/2023\/08\/1-raccourci-clavier-pour-le-regroupement.png\" \/>\n<meta name=\"twitter:card\" content=\"summary_large_image\" \/>\n<meta name=\"twitter:label1\" content=\"Gesch\u00e4tzte Lesezeit\" \/>\n\t<meta name=\"twitter:data1\" content=\"1\u00a0Minute\" \/>\n<script type=\"application\/ld+json\" class=\"yoast-schema-graph\">{\"@context\":\"https:\/\/schema.org\",\"@graph\":[{\"@type\":\"WebPage\",\"@id\":\"https:\/\/exceladvisor.org\/de\/band\/\",\"url\":\"https:\/\/exceladvisor.org\/de\/band\/\",\"name\":\"Was ist die Tastenkombination f\u00fcr \u201eGruppe\u201c in Excel?\",\"isPartOf\":{\"@id\":\"https:\/\/exceladvisor.org\/de\/#website\"},\"primaryImageOfPage\":{\"@id\":\"https:\/\/exceladvisor.org\/de\/band\/#primaryimage\"},\"image\":{\"@id\":\"https:\/\/exceladvisor.org\/de\/band\/#primaryimage\"},\"thumbnailUrl\":\"https:\/\/exceladvisor.org\/wp-content\/uploads\/2023\/08\/1-raccourci-clavier-pour-le-regroupement.png\",\"datePublished\":\"2023-10-20T00:30:00+00:00\",\"dateModified\":\"2023-12-03T11:13:13+00:00\",\"description\":\"In diesem Tutorial erfahren Sie, wie Sie eine Tastenkombination zum Gruppieren von Zeilen und Spalten in Excel verwenden.\",\"breadcrumb\":{\"@id\":\"https:\/\/exceladvisor.org\/de\/band\/#breadcrumb\"},\"inLanguage\":\"de\",\"potentialAction\":[{\"@type\":\"ReadAction\",\"target\":[\"https:\/\/exceladvisor.org\/de\/band\/\"]}]},{\"@type\":\"ImageObject\",\"inLanguage\":\"de\",\"@id\":\"https:\/\/exceladvisor.org\/de\/band\/#primaryimage\",\"url\":\"https:\/\/exceladvisor.org\/wp-content\/uploads\/2023\/08\/1-raccourci-clavier-pour-le-regroupement.png\",\"contentUrl\":\"https:\/\/exceladvisor.org\/wp-content\/uploads\/2023\/08\/1-raccourci-clavier-pour-le-regroupement.png\"},{\"@type\":\"BreadcrumbList\",\"@id\":\"https:\/\/exceladvisor.org\/de\/band\/#breadcrumb\",\"itemListElement\":[{\"@type\":\"ListItem\",\"position\":1,\"name\":\"Accueil\",\"item\":\"https:\/\/exceladvisor.org\/de\/\"},{\"@type\":\"ListItem\",\"position\":2,\"name\":\"Was ist die tastenkombination f\u00fcr \u201egruppe\u201c in excel?\"}]},{\"@type\":\"WebSite\",\"@id\":\"https:\/\/exceladvisor.org\/de\/#website\",\"url\":\"https:\/\/exceladvisor.org\/de\/\",\"name\":\"Excel Advisor\",\"description\":\"Ihr Leitfaden zur Datendominanz\",\"publisher\":{\"@id\":\"https:\/\/exceladvisor.org\/de\/#organization\"},\"potentialAction\":[{\"@type\":\"SearchAction\",\"target\":{\"@type\":\"EntryPoint\",\"urlTemplate\":\"https:\/\/exceladvisor.org\/de\/?s={search_term_string}\"},\"query-input\":{\"@type\":\"PropertyValueSpecification\",\"valueRequired\":true,\"valueName\":\"search_term_string\"}}],\"inLanguage\":\"de\"},{\"@type\":\"Organization\",\"@id\":\"https:\/\/exceladvisor.org\/de\/#organization\",\"name\":\"Excel Advisor\",\"url\":\"https:\/\/exceladvisor.org\/de\/\",\"logo\":{\"@type\":\"ImageObject\",\"inLanguage\":\"de\",\"@id\":\"https:\/\/exceladvisor.org\/de\/#\/schema\/logo\/image\/\",\"url\":\"https:\/\/exceladvisor.org\/de\/wp-content\/uploads\/2023\/11\/exceladvisor.org_.png\",\"contentUrl\":\"https:\/\/exceladvisor.org\/de\/wp-content\/uploads\/2023\/11\/exceladvisor.org_.png\",\"width\":105,\"height\":36,\"caption\":\"Excel Advisor\"},\"image\":{\"@id\":\"https:\/\/exceladvisor.org\/de\/#\/schema\/logo\/image\/\"}}]}<\/script>\n<!-- \/ Yoast SEO plugin. -->","yoast_head_json":{"title":"Was ist die Tastenkombination f\u00fcr \u201eGruppe\u201c in Excel?","description":"In diesem Tutorial erfahren Sie, wie Sie eine Tastenkombination zum Gruppieren von Zeilen und Spalten in Excel verwenden.","robots":{"index":"index","follow":"follow","max-snippet":"max-snippet:-1","max-image-preview":"max-image-preview:large","max-video-preview":"max-video-preview:-1"},"canonical":"https:\/\/exceladvisor.org\/de\/band\/","og_locale":"de_DE","og_type":"article","og_title":"Was ist die Tastenkombination f\u00fcr \u201eGruppe\u201c in Excel?","og_description":"In diesem Tutorial erfahren Sie, wie Sie eine Tastenkombination zum Gruppieren von Zeilen und Spalten in Excel verwenden.","og_url":"https:\/\/exceladvisor.org\/de\/band\/","og_site_name":"Excel Advisor","article_modified_time":"2023-12-03T11:13:13+00:00","og_image":[{"url":"https:\/\/exceladvisor.org\/wp-content\/uploads\/2023\/08\/1-raccourci-clavier-pour-le-regroupement.png","type":"","width":"","height":""}],"twitter_card":"summary_large_image","twitter_misc":{"Gesch\u00e4tzte Lesezeit":"1\u00a0Minute"},"schema":{"@context":"https:\/\/schema.org","@graph":[{"@type":"WebPage","@id":"https:\/\/exceladvisor.org\/de\/band\/","url":"https:\/\/exceladvisor.org\/de\/band\/","name":"Was ist die Tastenkombination f\u00fcr \u201eGruppe\u201c in Excel?","isPartOf":{"@id":"https:\/\/exceladvisor.org\/de\/#website"},"primaryImageOfPage":{"@id":"https:\/\/exceladvisor.org\/de\/band\/#primaryimage"},"image":{"@id":"https:\/\/exceladvisor.org\/de\/band\/#primaryimage"},"thumbnailUrl":"https:\/\/exceladvisor.org\/wp-content\/uploads\/2023\/08\/1-raccourci-clavier-pour-le-regroupement.png","datePublished":"2023-10-20T00:30:00+00:00","dateModified":"2023-12-03T11:13:13+00:00","description":"In diesem Tutorial erfahren Sie, wie Sie eine Tastenkombination zum Gruppieren von Zeilen und Spalten in Excel verwenden.","breadcrumb":{"@id":"https:\/\/exceladvisor.org\/de\/band\/#breadcrumb"},"inLanguage":"de","potentialAction":[{"@type":"ReadAction","target":["https:\/\/exceladvisor.org\/de\/band\/"]}]},{"@type":"ImageObject","inLanguage":"de","@id":"https:\/\/exceladvisor.org\/de\/band\/#primaryimage","url":"https:\/\/exceladvisor.org\/wp-content\/uploads\/2023\/08\/1-raccourci-clavier-pour-le-regroupement.png","contentUrl":"https:\/\/exceladvisor.org\/wp-content\/uploads\/2023\/08\/1-raccourci-clavier-pour-le-regroupement.png"},{"@type":"BreadcrumbList","@id":"https:\/\/exceladvisor.org\/de\/band\/#breadcrumb","itemListElement":[{"@type":"ListItem","position":1,"name":"Accueil","item":"https:\/\/exceladvisor.org\/de\/"},{"@type":"ListItem","position":2,"name":"Was ist die tastenkombination f\u00fcr \u201egruppe\u201c in excel?"}]},{"@type":"WebSite","@id":"https:\/\/exceladvisor.org\/de\/#website","url":"https:\/\/exceladvisor.org\/de\/","name":"Excel Advisor","description":"Ihr Leitfaden zur Datendominanz","publisher":{"@id":"https:\/\/exceladvisor.org\/de\/#organization"},"potentialAction":[{"@type":"SearchAction","target":{"@type":"EntryPoint","urlTemplate":"https:\/\/exceladvisor.org\/de\/?s={search_term_string}"},"query-input":{"@type":"PropertyValueSpecification","valueRequired":true,"valueName":"search_term_string"}}],"inLanguage":"de"},{"@type":"Organization","@id":"https:\/\/exceladvisor.org\/de\/#organization","name":"Excel Advisor","url":"https:\/\/exceladvisor.org\/de\/","logo":{"@type":"ImageObject","inLanguage":"de","@id":"https:\/\/exceladvisor.org\/de\/#\/schema\/logo\/image\/","url":"https:\/\/exceladvisor.org\/de\/wp-content\/uploads\/2023\/11\/exceladvisor.org_.png","contentUrl":"https:\/\/exceladvisor.org\/de\/wp-content\/uploads\/2023\/11\/exceladvisor.org_.png","width":105,"height":36,"caption":"Excel Advisor"},"image":{"@id":"https:\/\/exceladvisor.org\/de\/#\/schema\/logo\/image\/"}}]}},"yoast_meta":{"yoast_wpseo_title":"","yoast_wpseo_metadesc":"","yoast_wpseo_canonical":""},"_links":{"self":[{"href":"https:\/\/exceladvisor.org\/de\/wp-json\/wp\/v2\/pages\/3573","targetHints":{"allow":["GET"]}}],"collection":[{"href":"https:\/\/exceladvisor.org\/de\/wp-json\/wp\/v2\/pages"}],"about":[{"href":"https:\/\/exceladvisor.org\/de\/wp-json\/wp\/v2\/types\/page"}],"author":[{"embeddable":true,"href":"https:\/\/exceladvisor.org\/de\/wp-json\/wp\/v2\/users\/1"}],"replies":[{"embeddable":true,"href":"https:\/\/exceladvisor.org\/de\/wp-json\/wp\/v2\/comments?post=3573"}],"version-history":[{"count":1,"href":"https:\/\/exceladvisor.org\/de\/wp-json\/wp\/v2\/pages\/3573\/revisions"}],"predecessor-version":[{"id":3818,"href":"https:\/\/exceladvisor.org\/de\/wp-json\/wp\/v2\/pages\/3573\/revisions\/3818"}],"wp:attachment":[{"href":"https:\/\/exceladvisor.org\/de\/wp-json\/wp\/v2\/media?parent=3573"}],"curies":[{"name":"wp","href":"https:\/\/api.w.org\/{rel}","templated":true}]}}