{"id":3574,"date":"2023-10-20T00:11:35","date_gmt":"2023-10-20T00:11:35","guid":{"rendered":"https:\/\/exceladvisor.org\/de\/hyperlink-2\/"},"modified":"2023-12-03T11:20:56","modified_gmt":"2023-12-03T11:20:56","slug":"hyperlink-2","status":"publish","type":"page","link":"https:\/\/exceladvisor.org\/de\/hyperlink-2\/","title":{"rendered":"Wie f\u00fcge ich hyperlinks mithilfe einer excel-verkn\u00fcpfung ein?"},"content":{"rendered":"<div class=\"excel-vor-dem-inhalt\" id=\"excel-471125423\"><script type=\"text\/javascript\">\r\n\tatOptions = {\r\n\t\t'key' : 'c1158f160081d6540a8409e6925dab94',\r\n\t\t'format' : 'iframe',\r\n\t\t'height' : 250,\r\n\t\t'width' : 300,\r\n\t\t'params' : {}\r\n\t};\r\n<\/script>\r\n<script type=\"text\/javascript\" src=\"\/\/www.highperformanceformat.com\/c1158f160081d6540a8409e6925dab94\/invoke.js\"><\/script><\/div> <p>In Excel m\u00fcssen Benutzer manchmal einen Link in die Zelle einf\u00fcgen, um auf eine zugeh\u00f6rige Informationsdatei, ein Dokument, eine Webadresse oder eine E-Mail-Adresse zu verweisen. Dies kann mithilfe der Hyperlink-Funktion erfolgen.<\/p><p> Durch Klicken auf den Hyperlink k\u00f6nnen Benutzer auf die verkn\u00fcpfte Datei, das Dokument, die Webadresse und die E-Mail-Adresse zugreifen.<\/p><p> Hyperlinks sind leicht zu erkennen, da sie blau oder lila unterstrichen sind.<\/p><p> Es gibt mehrere M\u00f6glichkeiten, Hyperlinks in Excel hinzuzuf\u00fcgen. In diesem Tutorial haben wir jedoch die Tastenkombination zum Hinzuf\u00fcgen der Hyperlinks erkl\u00e4rt.<\/p><h2 class=\"wp-block-heading\"> Tastenkombination zum Einf\u00fcgen eines Hyperlinks in Excel<\/h2><p> <kbd>Strg<\/kbd> + <kbd>K<\/kbd> <\/p><div class=\"wp-block-image\"><figure class=\"aligncenter size-full is-resized\"><img loading=\"lazy\" decoding=\"async\" class=\"wp-image-70459\" src=\"https:\/\/exceladvisor.org\/wp-content\/uploads\/2023\/08\/1-raccourci-pour-creer-un-lien-hypertexte.png\" sizes=\"auto, \" srcset=\"\" alt=\"Verkn\u00fcpfung zum Erstellen eines Hyperlinks\" width=\"784\" height=\"308\"><\/figure><\/div><h2 class=\"wp-block-heading\"> Schritte zum Einf\u00fcgen eines Hyperlinks mithilfe einer Tastenkombination<\/h2><ol><li> W\u00e4hlen Sie zun\u00e4chst die Zelle aus, in die Sie den Hyperlink einf\u00fcgen m\u00f6chten.<\/li><li> Dr\u00fccken Sie anschlie\u00dfend die Tasten \u201eStrg + K\u201c und das Dialogfeld \u201eHyperlink einf\u00fcgen\u201c wird ge\u00f6ffnet.<\/li><li> W\u00e4hlen Sie nun die Datei aus oder geben Sie den Weblink in das Adressfeld ein, zu dem Sie in der ausgew\u00e4hlten Zelle verlinken m\u00f6chten, und dr\u00fccken Sie die Eingabetaste. <\/li><\/ol><div class=\"wp-block-image\"><figure class=\"aligncenter size-full is-resized\"><img loading=\"lazy\" decoding=\"async\" class=\"wp-image-70460\" src=\"https:\/\/exceladvisor.org\/wp-content\/uploads\/2023\/08\/2-boite-de-dialogue-Inserer-un-lien-hypertexte.png\" sizes=\"auto, \" srcset=\"\" alt=\"Dialogfeld \u201eHyperlink einf\u00fcgen\u201c.\" width=\"656\" height=\"344\"><\/figure><\/div><p> Hinweis: In Excel gibt es mehrere Arten von Hyperlinks, die Sie \u00fcber das Dialogfeld \u201eHyperlink einf\u00fcgen\u201c zur Zelle hinzuf\u00fcgen k\u00f6nnen. Um alle Typen kennenzulernen, besuchen Sie bitte die Seite \u201e <a href=\"https:\/\/exceladvisor.org\/de\/hyperlinks-hinzufugen-und-entfernen\/\" target=\"_blank\" rel=\"noreferrer noopener\">Hyperlinks hinzuf\u00fcgen und entfernen\u201c<\/a> . <\/p><div class=\"wp-block-group more-tutorials is-layout-flow\"><div class=\"wp-block-group__inner-container\"><h2 class=\"wp-block-heading\"> Weitere Tutorials <\/h2><div class=\"wp-block-columns is-layout-flex wp-container-15\"><div class=\"wp-block-column is-layout-flow\"><ul><li> <a href=\"https:\/\/exceladvisor.org\/de\/ein-neues-blatt-hinzufugen\/\">F\u00fcgen Sie ein neues Blatt hinzu<\/a><\/li><li> <a href=\"https:\/\/exceladvisor.org\/de\/ein-blatt-loschen\/\">Blatt l\u00f6schen<\/a><\/li><li> <a href=\"https:\/\/exceladvisor.org\/de\/finde-ersetzen-1\/\">Suchen und Ersetzen<\/a><\/li><\/ul><\/div><div class=\"wp-block-column is-layout-flow\"><ul><li> <a href=\"https:\/\/exceladvisor.org\/de\/den-verschluss-einfrieren\/\">Die Pfanne einfrieren<\/a><\/li><li> <a href=\"https:\/\/exceladvisor.org\/de\/hineinzoomen-herauszoomen\/\">Hineinzoomen herauszoomen<\/a><\/li><\/ul><\/div><\/div><\/div><\/div>","protected":false},"excerpt":{"rendered":"","protected":false},"author":1,"featured_media":0,"parent":0,"menu_order":0,"comment_status":"open","ping_status":"closed","template":"","meta":{"ub_ctt_via":"","footnotes":""},"class_list":["post-3574","page","type-page","status-publish","hentry"],"featured_image_src":null,"yoast_head":"<!-- This site is optimized with the Yoast SEO plugin v25.4 - https:\/\/yoast.com\/wordpress\/plugins\/seo\/ -->\n<title>\u25b7 Wie f\u00fcge ich Hyperlinks mithilfe einer Excel-Verkn\u00fcpfung ein?<\/title>\n<meta name=\"description\" content=\"In diesem Tutorial erfahren Sie, wie Sie mithilfe einer Tastenkombination einen Hyperlink in Excel hinzuf\u00fcgen.\" \/>\n<meta name=\"robots\" content=\"index, follow, max-snippet:-1, max-image-preview:large, max-video-preview:-1\" \/>\n<link rel=\"canonical\" href=\"https:\/\/exceladvisor.org\/de\/hyperlink-2\/\" \/>\n<meta property=\"og:locale\" content=\"de_DE\" \/>\n<meta property=\"og:type\" content=\"article\" \/>\n<meta property=\"og:title\" content=\"\u25b7 Wie f\u00fcge ich Hyperlinks mithilfe einer Excel-Verkn\u00fcpfung ein?\" \/>\n<meta property=\"og:description\" content=\"In diesem Tutorial erfahren Sie, wie Sie mithilfe einer Tastenkombination einen Hyperlink in Excel hinzuf\u00fcgen.\" \/>\n<meta property=\"og:url\" content=\"https:\/\/exceladvisor.org\/de\/hyperlink-2\/\" \/>\n<meta property=\"og:site_name\" content=\"Excel Advisor\" \/>\n<meta property=\"article:modified_time\" content=\"2023-12-03T11:20:56+00:00\" \/>\n<meta property=\"og:image\" content=\"https:\/\/exceladvisor.org\/wp-content\/uploads\/2023\/08\/1-raccourci-pour-creer-un-lien-hypertexte.png\" \/>\n<meta name=\"twitter:card\" content=\"summary_large_image\" \/>\n<meta name=\"twitter:label1\" content=\"Gesch\u00e4tzte Lesezeit\" \/>\n\t<meta name=\"twitter:data1\" content=\"1\u00a0Minute\" \/>\n<script type=\"application\/ld+json\" class=\"yoast-schema-graph\">{\"@context\":\"https:\/\/schema.org\",\"@graph\":[{\"@type\":\"WebPage\",\"@id\":\"https:\/\/exceladvisor.org\/de\/hyperlink-2\/\",\"url\":\"https:\/\/exceladvisor.org\/de\/hyperlink-2\/\",\"name\":\"\u25b7 Wie f\u00fcge ich Hyperlinks mithilfe einer Excel-Verkn\u00fcpfung ein?\",\"isPartOf\":{\"@id\":\"https:\/\/exceladvisor.org\/de\/#website\"},\"primaryImageOfPage\":{\"@id\":\"https:\/\/exceladvisor.org\/de\/hyperlink-2\/#primaryimage\"},\"image\":{\"@id\":\"https:\/\/exceladvisor.org\/de\/hyperlink-2\/#primaryimage\"},\"thumbnailUrl\":\"https:\/\/exceladvisor.org\/wp-content\/uploads\/2023\/08\/1-raccourci-pour-creer-un-lien-hypertexte.png\",\"datePublished\":\"2023-10-20T00:11:35+00:00\",\"dateModified\":\"2023-12-03T11:20:56+00:00\",\"description\":\"In diesem Tutorial erfahren Sie, wie Sie mithilfe einer Tastenkombination einen Hyperlink in Excel hinzuf\u00fcgen.\",\"breadcrumb\":{\"@id\":\"https:\/\/exceladvisor.org\/de\/hyperlink-2\/#breadcrumb\"},\"inLanguage\":\"de\",\"potentialAction\":[{\"@type\":\"ReadAction\",\"target\":[\"https:\/\/exceladvisor.org\/de\/hyperlink-2\/\"]}]},{\"@type\":\"ImageObject\",\"inLanguage\":\"de\",\"@id\":\"https:\/\/exceladvisor.org\/de\/hyperlink-2\/#primaryimage\",\"url\":\"https:\/\/exceladvisor.org\/wp-content\/uploads\/2023\/08\/1-raccourci-pour-creer-un-lien-hypertexte.png\",\"contentUrl\":\"https:\/\/exceladvisor.org\/wp-content\/uploads\/2023\/08\/1-raccourci-pour-creer-un-lien-hypertexte.png\"},{\"@type\":\"BreadcrumbList\",\"@id\":\"https:\/\/exceladvisor.org\/de\/hyperlink-2\/#breadcrumb\",\"itemListElement\":[{\"@type\":\"ListItem\",\"position\":1,\"name\":\"Accueil\",\"item\":\"https:\/\/exceladvisor.org\/de\/\"},{\"@type\":\"ListItem\",\"position\":2,\"name\":\"Wie f\u00fcge ich hyperlinks mithilfe einer excel-verkn\u00fcpfung ein?\"}]},{\"@type\":\"WebSite\",\"@id\":\"https:\/\/exceladvisor.org\/de\/#website\",\"url\":\"https:\/\/exceladvisor.org\/de\/\",\"name\":\"Excel Advisor\",\"description\":\"Ihr Leitfaden zur Datendominanz\",\"publisher\":{\"@id\":\"https:\/\/exceladvisor.org\/de\/#organization\"},\"potentialAction\":[{\"@type\":\"SearchAction\",\"target\":{\"@type\":\"EntryPoint\",\"urlTemplate\":\"https:\/\/exceladvisor.org\/de\/?s={search_term_string}\"},\"query-input\":{\"@type\":\"PropertyValueSpecification\",\"valueRequired\":true,\"valueName\":\"search_term_string\"}}],\"inLanguage\":\"de\"},{\"@type\":\"Organization\",\"@id\":\"https:\/\/exceladvisor.org\/de\/#organization\",\"name\":\"Excel Advisor\",\"url\":\"https:\/\/exceladvisor.org\/de\/\",\"logo\":{\"@type\":\"ImageObject\",\"inLanguage\":\"de\",\"@id\":\"https:\/\/exceladvisor.org\/de\/#\/schema\/logo\/image\/\",\"url\":\"https:\/\/exceladvisor.org\/de\/wp-content\/uploads\/2023\/11\/exceladvisor.org_.png\",\"contentUrl\":\"https:\/\/exceladvisor.org\/de\/wp-content\/uploads\/2023\/11\/exceladvisor.org_.png\",\"width\":105,\"height\":36,\"caption\":\"Excel Advisor\"},\"image\":{\"@id\":\"https:\/\/exceladvisor.org\/de\/#\/schema\/logo\/image\/\"}}]}<\/script>\n<!-- \/ Yoast SEO plugin. -->","yoast_head_json":{"title":"\u25b7 Wie f\u00fcge ich Hyperlinks mithilfe einer Excel-Verkn\u00fcpfung ein?","description":"In diesem Tutorial erfahren Sie, wie Sie mithilfe einer Tastenkombination einen Hyperlink in Excel hinzuf\u00fcgen.","robots":{"index":"index","follow":"follow","max-snippet":"max-snippet:-1","max-image-preview":"max-image-preview:large","max-video-preview":"max-video-preview:-1"},"canonical":"https:\/\/exceladvisor.org\/de\/hyperlink-2\/","og_locale":"de_DE","og_type":"article","og_title":"\u25b7 Wie f\u00fcge ich Hyperlinks mithilfe einer Excel-Verkn\u00fcpfung ein?","og_description":"In diesem Tutorial erfahren Sie, wie Sie mithilfe einer Tastenkombination einen Hyperlink in Excel hinzuf\u00fcgen.","og_url":"https:\/\/exceladvisor.org\/de\/hyperlink-2\/","og_site_name":"Excel Advisor","article_modified_time":"2023-12-03T11:20:56+00:00","og_image":[{"url":"https:\/\/exceladvisor.org\/wp-content\/uploads\/2023\/08\/1-raccourci-pour-creer-un-lien-hypertexte.png","type":"","width":"","height":""}],"twitter_card":"summary_large_image","twitter_misc":{"Gesch\u00e4tzte Lesezeit":"1\u00a0Minute"},"schema":{"@context":"https:\/\/schema.org","@graph":[{"@type":"WebPage","@id":"https:\/\/exceladvisor.org\/de\/hyperlink-2\/","url":"https:\/\/exceladvisor.org\/de\/hyperlink-2\/","name":"\u25b7 Wie f\u00fcge ich Hyperlinks mithilfe einer Excel-Verkn\u00fcpfung ein?","isPartOf":{"@id":"https:\/\/exceladvisor.org\/de\/#website"},"primaryImageOfPage":{"@id":"https:\/\/exceladvisor.org\/de\/hyperlink-2\/#primaryimage"},"image":{"@id":"https:\/\/exceladvisor.org\/de\/hyperlink-2\/#primaryimage"},"thumbnailUrl":"https:\/\/exceladvisor.org\/wp-content\/uploads\/2023\/08\/1-raccourci-pour-creer-un-lien-hypertexte.png","datePublished":"2023-10-20T00:11:35+00:00","dateModified":"2023-12-03T11:20:56+00:00","description":"In diesem Tutorial erfahren Sie, wie Sie mithilfe einer Tastenkombination einen Hyperlink in Excel hinzuf\u00fcgen.","breadcrumb":{"@id":"https:\/\/exceladvisor.org\/de\/hyperlink-2\/#breadcrumb"},"inLanguage":"de","potentialAction":[{"@type":"ReadAction","target":["https:\/\/exceladvisor.org\/de\/hyperlink-2\/"]}]},{"@type":"ImageObject","inLanguage":"de","@id":"https:\/\/exceladvisor.org\/de\/hyperlink-2\/#primaryimage","url":"https:\/\/exceladvisor.org\/wp-content\/uploads\/2023\/08\/1-raccourci-pour-creer-un-lien-hypertexte.png","contentUrl":"https:\/\/exceladvisor.org\/wp-content\/uploads\/2023\/08\/1-raccourci-pour-creer-un-lien-hypertexte.png"},{"@type":"BreadcrumbList","@id":"https:\/\/exceladvisor.org\/de\/hyperlink-2\/#breadcrumb","itemListElement":[{"@type":"ListItem","position":1,"name":"Accueil","item":"https:\/\/exceladvisor.org\/de\/"},{"@type":"ListItem","position":2,"name":"Wie f\u00fcge ich hyperlinks mithilfe einer excel-verkn\u00fcpfung ein?"}]},{"@type":"WebSite","@id":"https:\/\/exceladvisor.org\/de\/#website","url":"https:\/\/exceladvisor.org\/de\/","name":"Excel Advisor","description":"Ihr Leitfaden zur Datendominanz","publisher":{"@id":"https:\/\/exceladvisor.org\/de\/#organization"},"potentialAction":[{"@type":"SearchAction","target":{"@type":"EntryPoint","urlTemplate":"https:\/\/exceladvisor.org\/de\/?s={search_term_string}"},"query-input":{"@type":"PropertyValueSpecification","valueRequired":true,"valueName":"search_term_string"}}],"inLanguage":"de"},{"@type":"Organization","@id":"https:\/\/exceladvisor.org\/de\/#organization","name":"Excel Advisor","url":"https:\/\/exceladvisor.org\/de\/","logo":{"@type":"ImageObject","inLanguage":"de","@id":"https:\/\/exceladvisor.org\/de\/#\/schema\/logo\/image\/","url":"https:\/\/exceladvisor.org\/de\/wp-content\/uploads\/2023\/11\/exceladvisor.org_.png","contentUrl":"https:\/\/exceladvisor.org\/de\/wp-content\/uploads\/2023\/11\/exceladvisor.org_.png","width":105,"height":36,"caption":"Excel Advisor"},"image":{"@id":"https:\/\/exceladvisor.org\/de\/#\/schema\/logo\/image\/"}}]}},"yoast_meta":{"yoast_wpseo_title":"","yoast_wpseo_metadesc":"","yoast_wpseo_canonical":""},"_links":{"self":[{"href":"https:\/\/exceladvisor.org\/de\/wp-json\/wp\/v2\/pages\/3574","targetHints":{"allow":["GET"]}}],"collection":[{"href":"https:\/\/exceladvisor.org\/de\/wp-json\/wp\/v2\/pages"}],"about":[{"href":"https:\/\/exceladvisor.org\/de\/wp-json\/wp\/v2\/types\/page"}],"author":[{"embeddable":true,"href":"https:\/\/exceladvisor.org\/de\/wp-json\/wp\/v2\/users\/1"}],"replies":[{"embeddable":true,"href":"https:\/\/exceladvisor.org\/de\/wp-json\/wp\/v2\/comments?post=3574"}],"version-history":[{"count":1,"href":"https:\/\/exceladvisor.org\/de\/wp-json\/wp\/v2\/pages\/3574\/revisions"}],"predecessor-version":[{"id":4036,"href":"https:\/\/exceladvisor.org\/de\/wp-json\/wp\/v2\/pages\/3574\/revisions\/4036"}],"wp:attachment":[{"href":"https:\/\/exceladvisor.org\/de\/wp-json\/wp\/v2\/media?parent=3574"}],"curies":[{"name":"wp","href":"https:\/\/api.w.org\/{rel}","templated":true}]}}