{"id":3576,"date":"2023-10-19T07:49:00","date_gmt":"2023-10-19T07:49:00","guid":{"rendered":"https:\/\/exceladvisor.org\/de\/layout\/"},"modified":"2023-12-03T11:20:19","modified_gmt":"2023-12-03T11:20:19","slug":"layout","status":"publish","type":"page","link":"https:\/\/exceladvisor.org\/de\/layout\/","title":{"rendered":"Wie formatiere ich die pivot-tabelle?"},"content":{"rendered":"<div class=\"excel-vor-dem-inhalt\" id=\"excel-973768460\"><script type=\"text\/javascript\">\r\n\tatOptions = {\r\n\t\t'key' : 'c1158f160081d6540a8409e6925dab94',\r\n\t\t'format' : 'iframe',\r\n\t\t'height' : 250,\r\n\t\t'width' : 300,\r\n\t\t'params' : {}\r\n\t};\r\n<\/script>\r\n<script type=\"text\/javascript\" src=\"\/\/www.highperformanceformat.com\/c1158f160081d6540a8409e6925dab94\/invoke.js\"><\/script><\/div> <p>Die Arbeit an einer Pivot-Tabelle ist recht interessant, aber manchmal ist es langweilig, die gleichen integrierten Farben und Layouts zu verwenden. Wenn Sie in Ihrem Bericht sehr auf \u00c4sthetik und Farbgestaltung achten, m\u00fcssen Sie hier ein paar Dinge \u00fcber eine Pivot-Tabelle wissen.<\/p><h2 class=\"wp-block-heading\"> Standardstiloptionen<\/h2><p> Sobald Sie eine Pivot-Tabelle auf Ihrem Arbeitsblatt haben, stehen Ihnen im Men\u00fcband einige Optionen zur Verf\u00fcgung. <\/p><div class=\"wp-block-image\"><figure class=\"aligncenter size-large is-resized\"><img loading=\"lazy\" decoding=\"async\" class=\"wp-image-58697\" src=\"https:\/\/exceladvisor.org\/wp-content\/uploads\/2023\/08\/01-options-de-style-par-defaut.png\" sizes=\"auto, \" srcset=\"\" alt=\"Standardstiloptionen\" width=\"838\" height=\"139\"><\/figure><\/div><p> \u00dcber den kleinen Dropdown-Pfeil k\u00f6nnen Sie zwischen vielen Farben und Themen (hell, mittel und dunkel) w\u00e4hlen. <\/p><div class=\"wp-block-image\"><figure class=\"aligncenter size-large is-resized\"><img loading=\"lazy\" decoding=\"async\" class=\"wp-image-58698\" src=\"https:\/\/exceladvisor.org\/wp-content\/uploads\/2023\/08\/02-utiliser-des-couleurs-et-des-themes.png\" sizes=\"auto, \" srcset=\"\" alt=\"Verwenden Sie Farben und Themen\" width=\"413\" height=\"418\"><\/figure><\/div><p class=\"qt-tip\"> <strong>Tipp:<\/strong> Die Layoutoptionen \u00e4ndern sich, wenn Sie die PivotTable-Stiloptionen und das Layout \u00e4ndern.<\/p><h2 class=\"wp-block-heading\"> PivotTable-Formatierung \u00e4ndern<\/h2><p> Um nun einen bestimmten Standardstil f\u00fcr Ihre Pivot-Tabellen auszuw\u00e4hlen, befolgen Sie diese Schritte.<\/p><ol><li> <strong>Klicken Sie zun\u00e4chst irgendwo auf die Pivot-Tabelle,<\/strong> um die Registerkarte \u201eDesign\u201c im Men\u00fcband zu aktivieren. <br><img loading=\"lazy\" decoding=\"async\" title=\"03-Pivot-Tabellenformat \u00e4ndern\" src=\"https:\/\/exceladvisor.org\/wp-content\/uploads\/2023\/08\/03-modifier-la-mise-en-forme-du-tableau-croise-dynamique.png\" sizes=\"auto, \" srcset=\"\" alt=\"change-pivot-table-formatting\" width=\"534\" height=\"140\"><\/li><li> <strong>Klicken Sie nun in der PivotTable-Stilgalerie mit der rechten Maustaste auf den Stil, den<\/strong> Sie als Standard festlegen m\u00f6chten. <br><img loading=\"lazy\" decoding=\"async\" title=\"04-Pivot-Table-Style-Galerie\" src=\"https:\/\/exceladvisor.org\/wp-content\/uploads\/2023\/08\/04-galerie-de-style-de-tableau-croise-dynamique.png\" sizes=\"auto, \" srcset=\"\" alt=\"pivot-table-style-gallery\" width=\"494\" height=\"266\"><\/li><li> Klicken Sie im Men\u00fc auf \u201e <strong>Als Standard festlegen\u201c <br><img loading=\"lazy\" decoding=\"async\" title=\"05-click-set-default\" src=\"https:\/\/exceladvisor.org\/wp-content\/uploads\/2023\/08\/05-clic-defini-par-defaut.png\" sizes=\"auto, \" srcset=\"\" alt=\"click-set-as-default\" width=\"535\" height=\"288\"><\/strong> \u201c.<\/li><li> Dadurch wird der <strong>ausgew\u00e4hlte Stil<\/strong> zum Standardstil.<\/li><\/ol><h2 class=\"wp-block-heading\"> Duplizieren und bearbeiten<\/h2><p> Beginnen wir damit, es von Grund auf neu zu erstellen.<\/p><ol><li> Klicken Sie irgendwo auf die Pivot-Tabelle, um die Registerkarte \u201eDesign\u201c zu aktivieren.<\/li><li> Klicken Sie nun auf den kleinen Dropdown-Pfeil in den Mustern, um bis zum Ende zu scrollen. <br><img loading=\"lazy\" decoding=\"async\" title=\"06-Duplizieren-und-Bearbeiten\" src=\"https:\/\/exceladvisor.org\/wp-content\/uploads\/2023\/08\/06-dupliquer-et-modifier.png\" sizes=\"auto, \" srcset=\"\" alt=\"duplicate-and-modify\" width=\"563\" height=\"138\"><\/li><li> Klicken Sie hier auf <strong>\u201eNeuer Pivot-Table-Stil\u201c. <br><img loading=\"lazy\" decoding=\"async\" title=\"07-new-style-pivot-board\" src=\"https:\/\/exceladvisor.org\/wp-content\/uploads\/2023\/08\/07-nouveau-style-de-tableau-croise-dynamique.png\" sizes=\"auto, \" srcset=\"\" alt=\"new-pivot-table-style\" width=\"451\" height=\"457\"><\/strong><\/li><li> Nun \u00f6ffnet sich ein Popup-Fenster <strong>\u201eNeuer Pivot-Tabellenstil\u201c.<\/strong><\/li><li> Benennen Sie die Pivot-Tabelle im \u201eNamensfeld\u201c um.<\/li><li> W\u00e4hlen Sie ein zu formatierendes Element aus und klicken Sie auf die Schaltfl\u00e4che \u201eFormatieren\u201c.<\/li><li> Klicken Sie am Ende auf OK, um Ihren Stil zu erstellen.<\/li><li> Wenn Sie den Stil f\u00fcr zuk\u00fcnftige Pivots beibehalten m\u00f6chten, aktivieren Sie einfach die Option am Ende, wie im Screenshot gezeigt. <br><img loading=\"lazy\" decoding=\"async\" title=\"08-benennen-die-Pivot-Tabelle um\" src=\"https:\/\/exceladvisor.org\/wp-content\/uploads\/2023\/08\/08-renommer-le-tableau-croise-dynamique.png\" sizes=\"auto, \" srcset=\"\" alt=\"rename-the-pivot-table\" width=\"471\" height=\"319\"><\/li><\/ol><p> Lassen Sie uns nun einen bestimmten Standardstil \u00e4ndern. Es ist fast dasselbe, als w\u00fcrde man einen neuen Stil kreieren.<\/p><ol><li> Klicken Sie zun\u00e4chst mit der rechten Maustaste auf den Stil, der Ihren Anforderungen entspricht. <br><img loading=\"lazy\" decoding=\"async\" title=\"09-Rechtsklick-auf-Stil\" src=\"https:\/\/exceladvisor.org\/wp-content\/uploads\/2023\/08\/09-clic-droit-sur-le-style.png\" sizes=\"auto, \" srcset=\"\" alt=\"right-click-on-the-style\" width=\"477\" height=\"249\"><\/li><li> Klicken Sie nun auf das Duplikat, um ein Dialogfeld \u201ePivotTable-Stile bearbeiten\u201c zu \u00f6ffnen. <br><img loading=\"lazy\" decoding=\"async\" title=\"10 Pivot-Tabellen-Bearbeitungsstile\" src=\"https:\/\/exceladvisor.org\/wp-content\/uploads\/2023\/08\/10-modifier-les-styles-de-tableau-croise-dynamique.png\" sizes=\"auto, \" srcset=\"\" alt=\"modify-pivot-table-styles\" width=\"528\" height=\"361\"><\/li><li> Jetzt wissen Sie, was zu tun ist.<\/li><\/ol><h2 class=\"wp-block-heading\"> Kopieren Sie das Layout in ein anderes Arbeitsblatt<\/h2><p> Da wir viel Zeit in die Erstellung unseres benutzerdefinierten Layouts investiert haben, kopieren wir es in eine andere Tabelle, um Energie zu sparen.<\/p><ol><li> \u00d6ffnen Sie zun\u00e4chst die Arbeitsmappe mit einem benutzerdefinierten Layout.<\/li><li> \u00d6ffnen Sie als N\u00e4chstes eine neue Arbeitsmappe, in die Sie das benutzerdefinierte Layout kopieren m\u00f6chten.<\/li><li> Platzieren Sie nun die beiden benachbarten Arbeitsmappen so, dass sie beide auf dem Bildschirm sichtbar sind ( <strong>Tipp<\/strong> : Verwenden Sie die Optionen \u201eAlle neu anordnen\u201c unter \u201eAnsicht\u201c im Men\u00fcband). <br><img loading=\"lazy\" decoding=\"async\" title=\"11-Layout-auf-ein-anderes-Arbeitsblatt kopieren\" src=\"https:\/\/exceladvisor.org\/wp-content\/uploads\/2023\/08\/11-copier-la-mise-en-page-dans-une-autre-feuille-de-calcul.png\" sizes=\"auto, \" srcset=\"\" alt=\"copy-layout-to-a-different-worksheet\" width=\"577\" height=\"368\"><\/li><li> Verwenden Sie die \u201eAlle anordnen\u201c-Optionen in der Ansicht im Men\u00fcband. <br><img loading=\"lazy\" decoding=\"async\" title=\"12 Optionen zum Verwenden und Anordnen aller\" src=\"https:\/\/exceladvisor.org\/wp-content\/uploads\/2023\/08\/12-utiliser-organiser-toutes-les-options.png\" sizes=\"auto, \" srcset=\"\" alt=\"use-arrange-all-options\" width=\"259\" height=\"139\"><\/li><li> Dr\u00fccken Sie am Ende die Strg-Taste und ziehen Sie das Layoutblatt in die neue Arbeitsmappe.<\/li><li> Boom!! Das benutzerdefinierte Layout wird in die neue Arbeitsmappe kopiert.<\/li><li> Sie k\u00f6nnen jetzt das Blatt l\u00f6schen, das Sie in die Arbeitsmappe gezogen haben.<\/li><\/ol><h2> Erfahren Sie mehr \u00fcber die Pivot-Tabelle<\/h2><p> <a href=\"https:\/\/exceladvisor.org\/de\/sortieren-sie-eine-pivot-tabelle\/\">Tabellen-Pivot-Sortierung<\/a> | <a href=\"https:\/\/exceladvisor.org\/de\/aktualisieren-sie-eine-pivot-tabelle\/\">Eine Pivot-Tabelle aktualisieren<\/a> | <a href=\"https:\/\/exceladvisor.org\/de\/tastaturkurzel-1\/\">Pivot-Tabellen-Tastaturk\u00fcrzel<\/a> | <a href=\"https:\/\/exceladvisor.org\/de\/bewegen-sie-den-pivot-tisch\/\">Eine PivotTable verschieben<\/a> | <a href=\"https:\/\/exceladvisor.org\/de\/gefiltert\/\">Filtern Sie eine Pivot-Tabelle<\/a><\/p>","protected":false},"excerpt":{"rendered":"","protected":false},"author":1,"featured_media":0,"parent":0,"menu_order":0,"comment_status":"open","ping_status":"closed","template":"","meta":{"ub_ctt_via":"","footnotes":""},"class_list":["post-3576","page","type-page","status-publish","hentry"],"featured_image_src":null,"yoast_head":"<!-- This site is optimized with the Yoast SEO plugin v25.4 - https:\/\/yoast.com\/wordpress\/plugins\/seo\/ -->\n<title>Wie formatiere ich eine Pivot-Tabelle in Excel?<\/title>\n<meta name=\"description\" content=\"In diesem Tutorial erfahren Sie, wie Sie eine Pivot-Tabelle mit verschiedenen Optionen formatieren.\" \/>\n<meta name=\"robots\" content=\"index, follow, max-snippet:-1, max-image-preview:large, max-video-preview:-1\" \/>\n<link rel=\"canonical\" href=\"https:\/\/exceladvisor.org\/de\/layout\/\" \/>\n<meta property=\"og:locale\" content=\"de_DE\" \/>\n<meta property=\"og:type\" content=\"article\" \/>\n<meta property=\"og:title\" content=\"Wie formatiere ich eine Pivot-Tabelle in Excel?\" \/>\n<meta property=\"og:description\" content=\"In diesem Tutorial erfahren Sie, wie Sie eine Pivot-Tabelle mit verschiedenen Optionen formatieren.\" \/>\n<meta property=\"og:url\" content=\"https:\/\/exceladvisor.org\/de\/layout\/\" \/>\n<meta property=\"og:site_name\" content=\"Excel Advisor\" \/>\n<meta property=\"article:modified_time\" content=\"2023-12-03T11:20:19+00:00\" \/>\n<meta property=\"og:image\" content=\"https:\/\/exceladvisor.org\/wp-content\/uploads\/2023\/08\/01-options-de-style-par-defaut.png\" \/>\n<meta name=\"twitter:card\" content=\"summary_large_image\" \/>\n<meta name=\"twitter:label1\" content=\"Gesch\u00e4tzte Lesezeit\" \/>\n\t<meta name=\"twitter:data1\" content=\"2\u00a0Minuten\" \/>\n<script type=\"application\/ld+json\" class=\"yoast-schema-graph\">{\"@context\":\"https:\/\/schema.org\",\"@graph\":[{\"@type\":\"WebPage\",\"@id\":\"https:\/\/exceladvisor.org\/de\/layout\/\",\"url\":\"https:\/\/exceladvisor.org\/de\/layout\/\",\"name\":\"Wie formatiere ich eine Pivot-Tabelle in Excel?\",\"isPartOf\":{\"@id\":\"https:\/\/exceladvisor.org\/de\/#website\"},\"primaryImageOfPage\":{\"@id\":\"https:\/\/exceladvisor.org\/de\/layout\/#primaryimage\"},\"image\":{\"@id\":\"https:\/\/exceladvisor.org\/de\/layout\/#primaryimage\"},\"thumbnailUrl\":\"https:\/\/exceladvisor.org\/wp-content\/uploads\/2023\/08\/01-options-de-style-par-defaut.png\",\"datePublished\":\"2023-10-19T07:49:00+00:00\",\"dateModified\":\"2023-12-03T11:20:19+00:00\",\"description\":\"In diesem Tutorial erfahren Sie, wie Sie eine Pivot-Tabelle mit verschiedenen Optionen formatieren.\",\"breadcrumb\":{\"@id\":\"https:\/\/exceladvisor.org\/de\/layout\/#breadcrumb\"},\"inLanguage\":\"de\",\"potentialAction\":[{\"@type\":\"ReadAction\",\"target\":[\"https:\/\/exceladvisor.org\/de\/layout\/\"]}]},{\"@type\":\"ImageObject\",\"inLanguage\":\"de\",\"@id\":\"https:\/\/exceladvisor.org\/de\/layout\/#primaryimage\",\"url\":\"https:\/\/exceladvisor.org\/wp-content\/uploads\/2023\/08\/01-options-de-style-par-defaut.png\",\"contentUrl\":\"https:\/\/exceladvisor.org\/wp-content\/uploads\/2023\/08\/01-options-de-style-par-defaut.png\"},{\"@type\":\"BreadcrumbList\",\"@id\":\"https:\/\/exceladvisor.org\/de\/layout\/#breadcrumb\",\"itemListElement\":[{\"@type\":\"ListItem\",\"position\":1,\"name\":\"Accueil\",\"item\":\"https:\/\/exceladvisor.org\/de\/\"},{\"@type\":\"ListItem\",\"position\":2,\"name\":\"Wie formatiere ich die pivot-tabelle?\"}]},{\"@type\":\"WebSite\",\"@id\":\"https:\/\/exceladvisor.org\/de\/#website\",\"url\":\"https:\/\/exceladvisor.org\/de\/\",\"name\":\"Excel Advisor\",\"description\":\"Ihr Leitfaden zur Datendominanz\",\"publisher\":{\"@id\":\"https:\/\/exceladvisor.org\/de\/#organization\"},\"potentialAction\":[{\"@type\":\"SearchAction\",\"target\":{\"@type\":\"EntryPoint\",\"urlTemplate\":\"https:\/\/exceladvisor.org\/de\/?s={search_term_string}\"},\"query-input\":{\"@type\":\"PropertyValueSpecification\",\"valueRequired\":true,\"valueName\":\"search_term_string\"}}],\"inLanguage\":\"de\"},{\"@type\":\"Organization\",\"@id\":\"https:\/\/exceladvisor.org\/de\/#organization\",\"name\":\"Excel Advisor\",\"url\":\"https:\/\/exceladvisor.org\/de\/\",\"logo\":{\"@type\":\"ImageObject\",\"inLanguage\":\"de\",\"@id\":\"https:\/\/exceladvisor.org\/de\/#\/schema\/logo\/image\/\",\"url\":\"https:\/\/exceladvisor.org\/de\/wp-content\/uploads\/2023\/11\/exceladvisor.org_.png\",\"contentUrl\":\"https:\/\/exceladvisor.org\/de\/wp-content\/uploads\/2023\/11\/exceladvisor.org_.png\",\"width\":105,\"height\":36,\"caption\":\"Excel Advisor\"},\"image\":{\"@id\":\"https:\/\/exceladvisor.org\/de\/#\/schema\/logo\/image\/\"}}]}<\/script>\n<!-- \/ Yoast SEO plugin. -->","yoast_head_json":{"title":"Wie formatiere ich eine Pivot-Tabelle in Excel?","description":"In diesem Tutorial erfahren Sie, wie Sie eine Pivot-Tabelle mit verschiedenen Optionen formatieren.","robots":{"index":"index","follow":"follow","max-snippet":"max-snippet:-1","max-image-preview":"max-image-preview:large","max-video-preview":"max-video-preview:-1"},"canonical":"https:\/\/exceladvisor.org\/de\/layout\/","og_locale":"de_DE","og_type":"article","og_title":"Wie formatiere ich eine Pivot-Tabelle in Excel?","og_description":"In diesem Tutorial erfahren Sie, wie Sie eine Pivot-Tabelle mit verschiedenen Optionen formatieren.","og_url":"https:\/\/exceladvisor.org\/de\/layout\/","og_site_name":"Excel Advisor","article_modified_time":"2023-12-03T11:20:19+00:00","og_image":[{"url":"https:\/\/exceladvisor.org\/wp-content\/uploads\/2023\/08\/01-options-de-style-par-defaut.png","type":"","width":"","height":""}],"twitter_card":"summary_large_image","twitter_misc":{"Gesch\u00e4tzte Lesezeit":"2\u00a0Minuten"},"schema":{"@context":"https:\/\/schema.org","@graph":[{"@type":"WebPage","@id":"https:\/\/exceladvisor.org\/de\/layout\/","url":"https:\/\/exceladvisor.org\/de\/layout\/","name":"Wie formatiere ich eine Pivot-Tabelle in Excel?","isPartOf":{"@id":"https:\/\/exceladvisor.org\/de\/#website"},"primaryImageOfPage":{"@id":"https:\/\/exceladvisor.org\/de\/layout\/#primaryimage"},"image":{"@id":"https:\/\/exceladvisor.org\/de\/layout\/#primaryimage"},"thumbnailUrl":"https:\/\/exceladvisor.org\/wp-content\/uploads\/2023\/08\/01-options-de-style-par-defaut.png","datePublished":"2023-10-19T07:49:00+00:00","dateModified":"2023-12-03T11:20:19+00:00","description":"In diesem Tutorial erfahren Sie, wie Sie eine Pivot-Tabelle mit verschiedenen Optionen formatieren.","breadcrumb":{"@id":"https:\/\/exceladvisor.org\/de\/layout\/#breadcrumb"},"inLanguage":"de","potentialAction":[{"@type":"ReadAction","target":["https:\/\/exceladvisor.org\/de\/layout\/"]}]},{"@type":"ImageObject","inLanguage":"de","@id":"https:\/\/exceladvisor.org\/de\/layout\/#primaryimage","url":"https:\/\/exceladvisor.org\/wp-content\/uploads\/2023\/08\/01-options-de-style-par-defaut.png","contentUrl":"https:\/\/exceladvisor.org\/wp-content\/uploads\/2023\/08\/01-options-de-style-par-defaut.png"},{"@type":"BreadcrumbList","@id":"https:\/\/exceladvisor.org\/de\/layout\/#breadcrumb","itemListElement":[{"@type":"ListItem","position":1,"name":"Accueil","item":"https:\/\/exceladvisor.org\/de\/"},{"@type":"ListItem","position":2,"name":"Wie formatiere ich die pivot-tabelle?"}]},{"@type":"WebSite","@id":"https:\/\/exceladvisor.org\/de\/#website","url":"https:\/\/exceladvisor.org\/de\/","name":"Excel Advisor","description":"Ihr Leitfaden zur Datendominanz","publisher":{"@id":"https:\/\/exceladvisor.org\/de\/#organization"},"potentialAction":[{"@type":"SearchAction","target":{"@type":"EntryPoint","urlTemplate":"https:\/\/exceladvisor.org\/de\/?s={search_term_string}"},"query-input":{"@type":"PropertyValueSpecification","valueRequired":true,"valueName":"search_term_string"}}],"inLanguage":"de"},{"@type":"Organization","@id":"https:\/\/exceladvisor.org\/de\/#organization","name":"Excel Advisor","url":"https:\/\/exceladvisor.org\/de\/","logo":{"@type":"ImageObject","inLanguage":"de","@id":"https:\/\/exceladvisor.org\/de\/#\/schema\/logo\/image\/","url":"https:\/\/exceladvisor.org\/de\/wp-content\/uploads\/2023\/11\/exceladvisor.org_.png","contentUrl":"https:\/\/exceladvisor.org\/de\/wp-content\/uploads\/2023\/11\/exceladvisor.org_.png","width":105,"height":36,"caption":"Excel Advisor"},"image":{"@id":"https:\/\/exceladvisor.org\/de\/#\/schema\/logo\/image\/"}}]}},"yoast_meta":{"yoast_wpseo_title":"","yoast_wpseo_metadesc":"","yoast_wpseo_canonical":""},"_links":{"self":[{"href":"https:\/\/exceladvisor.org\/de\/wp-json\/wp\/v2\/pages\/3576","targetHints":{"allow":["GET"]}}],"collection":[{"href":"https:\/\/exceladvisor.org\/de\/wp-json\/wp\/v2\/pages"}],"about":[{"href":"https:\/\/exceladvisor.org\/de\/wp-json\/wp\/v2\/types\/page"}],"author":[{"embeddable":true,"href":"https:\/\/exceladvisor.org\/de\/wp-json\/wp\/v2\/users\/1"}],"replies":[{"embeddable":true,"href":"https:\/\/exceladvisor.org\/de\/wp-json\/wp\/v2\/comments?post=3576"}],"version-history":[{"count":1,"href":"https:\/\/exceladvisor.org\/de\/wp-json\/wp\/v2\/pages\/3576\/revisions"}],"predecessor-version":[{"id":3999,"href":"https:\/\/exceladvisor.org\/de\/wp-json\/wp\/v2\/pages\/3576\/revisions\/3999"}],"wp:attachment":[{"href":"https:\/\/exceladvisor.org\/de\/wp-json\/wp\/v2\/media?parent=3576"}],"curies":[{"name":"wp","href":"https:\/\/api.w.org\/{rel}","templated":true}]}}